
{"id":998,"date":"2014-01-20T14:00:37","date_gmt":"2014-01-20T13:00:37","guid":{"rendered":"http:\/\/gs-cms.com\/?page_id=998"},"modified":"2016-01-28T00:10:33","modified_gmt":"2016-01-27T23:10:33","slug":"planversion-anlegen","status":"publish","type":"page","link":"https:\/\/gs-cms.com\/?page_id=998","title":{"rendered":"Planversionen"},"content":{"rendered":"<h3>Planversion hinzuf\u00fcgen<\/h3>\n<p><img loading=\"lazy\" decoding=\"async\" data-attachment-id=\"1002\" data-permalink=\"https:\/\/gs-cms.com\/?attachment_id=1002\" data-orig-file=\"https:\/\/gs-cms.com\/wp-content\/uploads\/AddDrawingVersion-e1390558802163.png\" data-orig-size=\"32,32\" data-comments-opened=\"1\" data-image-meta=\"{&quot;aperture&quot;:&quot;0&quot;,&quot;credit&quot;:&quot;&quot;,&quot;camera&quot;:&quot;&quot;,&quot;caption&quot;:&quot;&quot;,&quot;created_timestamp&quot;:&quot;0&quot;,&quot;copyright&quot;:&quot;&quot;,&quot;focal_length&quot;:&quot;0&quot;,&quot;iso&quot;:&quot;0&quot;,&quot;shutter_speed&quot;:&quot;0&quot;,&quot;title&quot;:&quot;&quot;,&quot;orientation&quot;:&quot;0&quot;}\" data-image-title=\"AddDrawingVersion\" data-image-description=\"\" data-image-caption=\"\" data-large-file=\"https:\/\/gs-cms.com\/wp-content\/uploads\/AddDrawingVersion-e1390558802163.png\" class=\"alignnone size-full wp-image-1002\" src=\"https:\/\/gs-cms.com\/wp-content\/uploads\/AddDrawingVersion.png\" alt=\"AddDrawingVersion\" width=\"32\" height=\"32\" \/><\/p>\n<p>Mit dem Button im Detailfenster eines Plans wird eine neue Version des Plans mit einem neuen Index hochgeladen und die vorherigen Versionen auf inaktiv gesetzt.<\/p>\n<h3>Planversion entfernen<\/h3>\n<p><img loading=\"lazy\" decoding=\"async\" src=\"https:\/\/gs-cms.com\/wp-content\/uploads\/DeleteDrawingVersion.png\" alt=\"DeleteDrawingVersion\" width=\"32\" height=\"32\" \/><\/p>\n<p>Mit dem Button im Detailfenster eines Plans wird die aktuelle Version des Plans gel\u00f6scht. Durch das L\u00f6schen werden auch die angeh\u00e4ngten Dateien gel\u00f6scht. Die vorherige Version wird daraufhin wieder auf aktiv gesetzt.<\/p>\n<h3>Planversion herunterladen<\/h3>\n<p><img loading=\"lazy\" decoding=\"async\" src=\"https:\/\/gs-cms.com\/wp-content\/uploads\/Download.png\" alt=\"Download\" width=\"32\" height=\"32\" \/><\/p>\n<p>Mit dem Button im Detailfenster eines Plans wird die ausgew\u00e4hlte Version des Plans heruntergeladen. Mit dem gleichen Button auf der Hauptseite der Planverwaltung wird immer nur die aktuelle Planversion eines Plans heruntergeladen.<\/p>\n<h3>Planversion ansehen<\/h3>\n<p><img loading=\"lazy\" decoding=\"async\" src=\"https:\/\/gs-cms.com\/wp-content\/uploads\/View.png\" alt=\"View\" width=\"32\" height=\"32\" \/><\/p>\n<p>Mit dem Button im Detailfenster eines Plans wird die ausgew\u00e4hlte Version des Plans heruntergeladen und zum Anzeigen ge\u00f6ffnet. Hierzu muss auf dem Rechner ein Programm zum Anzeigen des Plans installiert sein. \u00c4nderungen an dem Plan werden nicht in die Datenbank \u00fcbernommen!<\/p>\n<p>Mit dem gleichen Button auf der Hauptseite der Planverwaltung wird immer nur die aktuelle Planversion eines Plans heruntergeladen.<\/p>\n","protected":false},"excerpt":{"rendered":"<p>Planversion hinzuf\u00fcgen Mit dem Button im Detailfenster eines Plans wird eine neue Version des Plans mit einem neuen Index hochgeladen und die vorherigen Versionen auf inaktiv gesetzt. Planversion entfernen Mit dem Button im Detailfenster eines Plans wird die aktuelle Version des Plans gel\u00f6scht. Durch das L\u00f6schen werden auch die angeh\u00e4ngten Dateien gel\u00f6scht. Die vorherige Version&hellip;<\/p>\n","protected":false},"author":11,"featured_media":0,"parent":915,"menu_order":0,"comment_status":"closed","ping_status":"closed","template":"helppage.php","meta":{"_bbp_topic_count":0,"_bbp_reply_count":0,"_bbp_total_topic_count":0,"_bbp_total_reply_count":0,"_bbp_voice_count":0,"_bbp_anonymous_reply_count":0,"_bbp_topic_count_hidden":0,"_bbp_reply_count_hidden":0,"_bbp_forum_subforum_count":0,"jetpack_post_was_ever_published":false,"footnotes":""},"class_list":["post-998","page","type-page","status-publish","hentry"],"aioseo_notices":[],"jetpack_sharing_enabled":true,"jetpack-related-posts":[{"id":933,"url":"https:\/\/gs-cms.com\/?page_id=933","url_meta":{"origin":998,"position":0},"title":"Planverwaltung","author":"Patrick Schimmel","date":"Dienstag, 14. Januar 2014","format":false,"excerpt":"Plan hinzuf\u00fcgen Durch einen Mausklick auf den Plus-Button in der Toolbar der Planverwaltung wird ein neuer Plan aus einer Datei eingelesen. Plan bearbeiten Das Detailfenster zum Bearbeiten von Pl\u00e4nen wird durch einen Doppelklick auf eine Zeile der Tabelle im Hauptfenster der Planverwaltung ge\u00f6ffnet. Im oberen Bereich des Detailfenster wird die\u2026","rel":"","context":"In \"Pl\u00e4ne\"","block_context":{"text":"Pl\u00e4ne","link":"https:\/\/gs-cms.com\/?tag=plaene"},"img":{"alt_text":"Add","src":"https:\/\/i0.wp.com\/gs-cms.com\/wp-content\/uploads\/Add.png?resize=350%2C200&ssl=1","width":350,"height":200},"classes":[]},{"id":138,"url":"https:\/\/gs-cms.com\/?page_id=138","url_meta":{"origin":998,"position":1},"title":"Firmen","author":"Patrick Schimmel","date":"Dienstag, 3. Dezember 2013","format":false,"excerpt":"Firmenkontakt hinzuf\u00fcgen Das Anlegen eines neuen Firmenkontakts erfolgt \u00fcber den Plus-Schalter in der Toolbar der Adressverwaltung. Im Anschluss k\u00f6nnen im Detailfenster die Angaben zu dem Firmenkontakt bearbeitet werden. Firmenkontakt bearbeiten Das Detailfenster zum Bearbeiten von Firmenkontakten wird durch einen Doppelklick auf die entsprechende Zeile im Hauptfenster der Adressverwaltung ge\u00f6ffnet. Im\u2026","rel":"","context":"In \"Adressen\"","block_context":{"text":"Adressen","link":"https:\/\/gs-cms.com\/?tag=adressen"},"img":{"alt_text":"Add","src":"https:\/\/i0.wp.com\/gs-cms.com\/wp-content\/uploads\/Add.png?resize=350%2C200&ssl=1","width":350,"height":200},"classes":[]},{"id":564,"url":"https:\/\/gs-cms.com\/?page_id=564","url_meta":{"origin":998,"position":2},"title":"Vertr\u00e4ge","author":"Patrick Schimmel","date":"Dienstag, 17. Dezember 2013","format":false,"excerpt":"\u00dcber den entsprechenden Button in der Toolbar der Projektverwaltung werden die Vertr\u00e4ge bearbeitet. In dem Unterfenster wird ein \u00dcberblick der eingetragenen Vertr\u00e4ge angezeigt. Mit dem Plus und dem Minus-Button im Unterfenster k\u00f6nnen neue Vertr\u00e4ge hinzugef\u00fcgt, bzw. vorhandene Vertr\u00e4ge gel\u00f6scht werden. Wird ein Vertrag gel\u00f6scht, haben die ihm zugeordneten Projekte keinen\u2026","rel":"","context":"In \"Projekte\"","block_context":{"text":"Projekte","link":"https:\/\/gs-cms.com\/?tag=projekte"},"img":{"alt_text":"Contracts","src":"https:\/\/i0.wp.com\/gs-cms.com\/wp-content\/uploads\/Contracts.png?resize=350%2C200&ssl=1","width":350,"height":200},"classes":[]},{"id":555,"url":"https:\/\/gs-cms.com\/?page_id=555","url_meta":{"origin":998,"position":3},"title":"Projekte","author":"Patrick Schimmel","date":"Dienstag, 17. Dezember 2013","format":false,"excerpt":"Projekt hinzuf\u00fcgen Durch einen Mausklick auf das Plus-Symbol in der Toolbar der Projektverwaltung wird ein neues Projekt angelegt. Im Anschluss wird das Detailfenster ge\u00f6ffnet und die Daten des Projekts k\u00f6nnen eingegeben werden. Projekt bearbeiten Das Detailfenster zum Bearbeiten von Projekten wird durch einen Doppelklick auf eine Zeile der Tabelle im\u2026","rel":"","context":"In \"Projekte\"","block_context":{"text":"Projekte","link":"https:\/\/gs-cms.com\/?tag=projekte"},"img":{"alt_text":"Add","src":"https:\/\/i0.wp.com\/gs-cms.com\/wp-content\/uploads\/Add.png?resize=350%2C200&ssl=1","width":350,"height":200},"classes":[]},{"id":157,"url":"https:\/\/gs-cms.com\/?page_id=157","url_meta":{"origin":998,"position":4},"title":"Mitarbeiter","author":"Patrick Schimmel","date":"Dienstag, 3. Dezember 2013","format":false,"excerpt":"Mitarbeiter bearbeiten Grunddaten Im ersten Kartenreiter werden die Grunddaten der Person eingegeben, wie die Anrede, Telefon- und Faxnummern, Web-Adressen, Geburtsdatum und die Abteilung. Die eingegebenen Daten werden programmweit als Kontaktdaten der Person verwendet, auch in den Berichten. So wird sicher gestellt, dass \u00fcberall immer die aktuellen Daten verwendet werden. Das\u2026","rel":"","context":"In \"Adressen\"","block_context":{"text":"Adressen","link":"https:\/\/gs-cms.com\/?tag=adressen"},"img":{"alt_text":"Adressverwaltung Person Grunddaten","src":"https:\/\/i0.wp.com\/gs-cms.com\/wp-content\/uploads\/Adressverwaltung-Person-Grunddaten-300x250.png?resize=350%2C200&ssl=1","width":350,"height":200},"classes":[]},{"id":883,"url":"https:\/\/gs-cms.com\/?page_id=883","url_meta":{"origin":998,"position":5},"title":"Bilder","author":"Patrick Schimmel","date":"Montag, 13. Januar 2014","format":false,"excerpt":"Bild hinzuf\u00fcgen Mit dieser Funktion k\u00f6nnen mehrere Bilder auf einmal in die Datenbank hochgeladen werden. In dem Fenster zum Hochladen der Bilder befindet sich auf der linken Seite eine Liste mit Bilddateien, die hochzuladen sind. Mit dem Plus-Button und dem Minus-Button werden neue Dateien der Liste hinzugef\u00fcgt, bzw. vorhandene Eintr\u00e4ge\u2026","rel":"","context":"In \"Bilder\"","block_context":{"text":"Bilder","link":"https:\/\/gs-cms.com\/?tag=bilder"},"img":{"alt_text":"","src":"https:\/\/i0.wp.com\/gs-cms.com\/wp-content\/uploads\/Bilder-hinzufuegen.jpg?resize=350%2C200&ssl=1","width":350,"height":200,"srcset":"https:\/\/i0.wp.com\/gs-cms.com\/wp-content\/uploads\/Bilder-hinzufuegen.jpg?resize=350%2C200&ssl=1 1x, https:\/\/i0.wp.com\/gs-cms.com\/wp-content\/uploads\/Bilder-hinzufuegen.jpg?resize=525%2C300&ssl=1 1.5x, https:\/\/i0.wp.com\/gs-cms.com\/wp-content\/uploads\/Bilder-hinzufuegen.jpg?resize=700%2C400&ssl=1 2x"},"classes":[]}],"_links":{"self":[{"href":"https:\/\/gs-cms.com\/index.php?rest_route=\/wp\/v2\/pages\/998","targetHints":{"allow":["GET"]}}],"collection":[{"href":"https:\/\/gs-cms.com\/index.php?rest_route=\/wp\/v2\/pages"}],"about":[{"href":"https:\/\/gs-cms.com\/index.php?rest_route=\/wp\/v2\/types\/page"}],"author":[{"embeddable":true,"href":"https:\/\/gs-cms.com\/index.php?rest_route=\/wp\/v2\/users\/11"}],"replies":[{"embeddable":true,"href":"https:\/\/gs-cms.com\/index.php?rest_route=%2Fwp%2Fv2%2Fcomments&post=998"}],"version-history":[{"count":0,"href":"https:\/\/gs-cms.com\/index.php?rest_route=\/wp\/v2\/pages\/998\/revisions"}],"up":[{"embeddable":true,"href":"https:\/\/gs-cms.com\/index.php?rest_route=\/wp\/v2\/pages\/915"}],"wp:attachment":[{"href":"https:\/\/gs-cms.com\/index.php?rest_route=%2Fwp%2Fv2%2Fmedia&parent=998"}],"curies":[{"name":"wp","href":"https:\/\/api.w.org\/{rel}","templated":true}]}}