
{"id":933,"date":"2014-01-14T12:08:36","date_gmt":"2014-01-14T11:08:36","guid":{"rendered":"http:\/\/gs-cms.com\/?page_id=933"},"modified":"2016-01-28T00:11:04","modified_gmt":"2016-01-27T23:11:04","slug":"plan-hinzufuegen","status":"publish","type":"page","link":"https:\/\/gs-cms.com\/?page_id=933","title":{"rendered":"Planverwaltung"},"content":{"rendered":"<h3>Plan hinzuf\u00fcgen<\/h3>\n<p><img loading=\"lazy\" decoding=\"async\" class=\"alignnone size-full wp-image-771\" src=\"https:\/\/gs-cms.com\/wp-content\/uploads\/Add.png\" alt=\"Add\" width=\"32\" height=\"32\" \/><\/p>\n<p>Durch einen Mausklick auf den Plus-Button in der Toolbar der Planverwaltung wird ein neuer Plan aus einer Datei eingelesen.<\/p>\n<h3>Plan bearbeiten<\/h3>\n<p>Das Detailfenster zum Bearbeiten von Pl\u00e4nen wird durch einen Doppelklick auf eine Zeile der Tabelle im Hauptfenster der Planverwaltung ge\u00f6ffnet.<\/p>\n<p>Im oberen Bereich des Detailfenster wird die Plannummer eingegeben und der Planindex angezeigt, falls mehrere Planversionen existieren.<\/p>\n<p>Auf der rechten Seite des Fensters werden die Planversionen verwaltet.<\/p>\n<h4>Grunddaten<\/h4>\n<p><a href=\"https:\/\/gs-cms.com\/wp-content\/uploads\/Plan-Grunddaten.jpg\" data-rel=\"lightbox-gallery-zBVn5umz\" data-rl_title=\"\" data-rl_caption=\"\" title=\"\"><img loading=\"lazy\" decoding=\"async\" src=\"https:\/\/gs-cms.com\/wp-content\/uploads\/Plan-Grunddaten.jpg\" alt=\"Plan Grunddaten\" width=\"800\" height=\"450\" \/><\/a><\/p>\n<p>Hier werden die Grunddaten des Plans eingegeben, wie eine Beschreibung und die Plannummer des Kunden.<\/p>\n<p>Zum Plan werden au\u00dferdem die bei den Planoptionen angelegten Kategorien angegeben (Planer, Planart, Plantyp). Die Angabe der Planungsphase und des Planungsstatus kann hier ebenfalls vorgenommen werden. Diese beiden Attribute beziehen sich jedoch auf die aktuelle Planversion.<\/p>\n<h4>Details<\/h4>\n<p><a href=\"https:\/\/gs-cms.com\/wp-content\/uploads\/Plan-Details.jpg\" data-rel=\"lightbox-gallery-zBVn5umz\" data-rl_title=\"\" data-rl_caption=\"\" title=\"\"><img loading=\"lazy\" decoding=\"async\" src=\"https:\/\/gs-cms.com\/wp-content\/uploads\/Plan-Details.jpg\" alt=\"Plan Details\" width=\"800\" height=\"450\" \/><\/a><\/p>\n<p>Bei den Details werden weitere Attribute des Plans eingegeben.<\/p>\n<h4>Historie<\/h4>\n<p><a href=\"https:\/\/gs-cms.com\/wp-content\/uploads\/Plan-Historie.jpg\" data-rel=\"lightbox-gallery-zBVn5umz\" data-rl_title=\"\" data-rl_caption=\"\" title=\"\"><img loading=\"lazy\" decoding=\"async\" src=\"https:\/\/gs-cms.com\/wp-content\/uploads\/Plan-Historie.jpg\" alt=\"Plan Historie\" width=\"800\" height=\"450\" \/><\/a><\/p>\n<p>Die Planhistorie bietet eine \u00dcberwachung der Aktivit\u00e4ten, die mit einem Plan oder einer Planversion durchgef\u00fchrt werden. Zum Beispiel wird das Hochladen einer neuen Planversion, das Herunterladen oder das Ansehen eines Plans \u00fcberwacht.<\/p>\n<h3>Plan l\u00f6schen<\/h3>\n<p><img loading=\"lazy\" decoding=\"async\" src=\"https:\/\/gs-cms.com\/wp-content\/uploads\/Delete.png\" alt=\"Delete\" width=\"32\" height=\"32\" \/><\/p>\n<p>Durch einen Mausklick auf den Minus-Button in der Toolbar der Planverwaltung wird der ausgew\u00e4hlte Plan mit allen Versionen und angeh\u00e4ngten Dateien gel\u00f6scht.<\/p>\n<h3>Plan ansehen<\/h3>\n<p><img loading=\"lazy\" decoding=\"async\" src=\"https:\/\/gs-cms.com\/wp-content\/uploads\/View.png\" alt=\"View\" width=\"32\" height=\"32\" \/><\/p>\n<p>Mit einem Mausklick auf das Bildschirm-Symbol wird die aktuelle Version des ausgew\u00e4hlten Plans zur Ansicht ge\u00f6ffnet. Hierzu muss eine Anwendung zum \u00d6ffnen der Dateien mit dieser Endung auf dem Rechner installiert sein.<\/p>\n<h3>Plan herunterladen<\/h3>\n<p><img loading=\"lazy\" decoding=\"async\" src=\"https:\/\/gs-cms.com\/wp-content\/uploads\/Download.png\" alt=\"Download\" width=\"32\" height=\"32\" \/><\/p>\n<p>Mit dem Download-Button wird die aktuelle Version des ausgew\u00e4hlten Plans heruntergeladen.<\/p>\n<h3>Pl\u00e4ne archivieren<\/h3>\n<p><img loading=\"lazy\" decoding=\"async\" src=\"https:\/\/gs-cms.com\/wp-content\/uploads\/Archive.png\" alt=\"Archive\" width=\"32\" height=\"32\" \/><\/p>\n<p>Diese Funktion speichert alle in der Datenbank enthaltenen Pl\u00e4ne in einen lokalen Ordner. Danach k\u00f6nnen die Pl\u00e4ne in einem Archiv abgelegt oder auf CD gebrannt werden.<\/p>\n<p>Die Pl\u00e4ne werden gruppiert nach der ersten Projektgliederungsebene und der Planart in einer Ordnerstruktur abgelegt.<\/p>\n","protected":false},"excerpt":{"rendered":"<p>Plan hinzuf\u00fcgen Durch einen Mausklick auf den Plus-Button in der Toolbar der Planverwaltung wird ein neuer Plan aus einer Datei eingelesen. Plan bearbeiten Das Detailfenster zum Bearbeiten von Pl\u00e4nen wird durch einen Doppelklick auf eine Zeile der Tabelle im Hauptfenster der Planverwaltung ge\u00f6ffnet. Im oberen Bereich des Detailfenster wird die Plannummer eingegeben und der Planindex&hellip;<\/p>\n","protected":false},"author":11,"featured_media":0,"parent":915,"menu_order":0,"comment_status":"closed","ping_status":"closed","template":"helppage.php","meta":{"_bbp_topic_count":0,"_bbp_reply_count":0,"_bbp_total_topic_count":0,"_bbp_total_reply_count":0,"_bbp_voice_count":0,"_bbp_anonymous_reply_count":0,"_bbp_topic_count_hidden":0,"_bbp_reply_count_hidden":0,"_bbp_forum_subforum_count":0,"jetpack_post_was_ever_published":false,"footnotes":""},"class_list":["post-933","page","type-page","status-publish","hentry"],"aioseo_notices":[],"jetpack_sharing_enabled":true,"jetpack-related-posts":[{"id":998,"url":"https:\/\/gs-cms.com\/?page_id=998","url_meta":{"origin":933,"position":0},"title":"Planversionen","author":"Patrick Schimmel","date":"Montag, 20. Januar 2014","format":false,"excerpt":"Planversion hinzuf\u00fcgen Mit dem Button im Detailfenster eines Plans wird eine neue Version des Plans mit einem neuen Index hochgeladen und die vorherigen Versionen auf inaktiv gesetzt. Planversion entfernen Mit dem Button im Detailfenster eines Plans wird die aktuelle Version des Plans gel\u00f6scht. Durch das L\u00f6schen werden auch die angeh\u00e4ngten\u2026","rel":"","context":"In \"Pl\u00e4ne\"","block_context":{"text":"Pl\u00e4ne","link":"https:\/\/gs-cms.com\/?tag=plaene"},"img":{"alt_text":"AddDrawingVersion","src":"https:\/\/i0.wp.com\/gs-cms.com\/wp-content\/uploads\/AddDrawingVersion.png?resize=350%2C200&ssl=1","width":350,"height":200},"classes":[]},{"id":36,"url":"https:\/\/gs-cms.com\/?page_id=36","url_meta":{"origin":933,"position":1},"title":"Planverwaltung","author":"Patrick Schimmel","date":"Dienstag, 19. November 2013","format":false,"excerpt":"W\u00fcrden Sie gerne Ihre Pl\u00e4ne zentral verwalten, so dass alle Projektbeteiligten immer Zugriff auf die aktuelle Planversion haben? \u00dcbersicht Kooperation Auftraggeber und Nachunternehmer k\u00f6nnen einen eingeschr\u00e4nkten Zugang erhalten, um z.B. Pl\u00e4ne herunterzuladen Historie Alle eingelesenen Planversionen bleiben erhalten und k\u00f6nnen eingesehen werden Planversand Dokumentation von Planeingang und Planversand Strukturierung Einheitliche,\u2026","rel":"","context":"In \"featured\"","block_context":{"text":"featured","link":"https:\/\/gs-cms.com\/?tag=featured"},"img":{"alt_text":"Meetings","src":"https:\/\/i0.wp.com\/gs-cms.com\/wp-content\/uploads\/Meetings.png?resize=350%2C200&ssl=1","width":350,"height":200},"classes":[]},{"id":138,"url":"https:\/\/gs-cms.com\/?page_id=138","url_meta":{"origin":933,"position":2},"title":"Firmen","author":"Patrick Schimmel","date":"Dienstag, 3. Dezember 2013","format":false,"excerpt":"Firmenkontakt hinzuf\u00fcgen Das Anlegen eines neuen Firmenkontakts erfolgt \u00fcber den Plus-Schalter in der Toolbar der Adressverwaltung. Im Anschluss k\u00f6nnen im Detailfenster die Angaben zu dem Firmenkontakt bearbeitet werden. Firmenkontakt bearbeiten Das Detailfenster zum Bearbeiten von Firmenkontakten wird durch einen Doppelklick auf die entsprechende Zeile im Hauptfenster der Adressverwaltung ge\u00f6ffnet. Im\u2026","rel":"","context":"In \"Adressen\"","block_context":{"text":"Adressen","link":"https:\/\/gs-cms.com\/?tag=adressen"},"img":{"alt_text":"Add","src":"https:\/\/i0.wp.com\/gs-cms.com\/wp-content\/uploads\/Add.png?resize=350%2C200&ssl=1","width":350,"height":200},"classes":[]},{"id":555,"url":"https:\/\/gs-cms.com\/?page_id=555","url_meta":{"origin":933,"position":3},"title":"Projekte","author":"Patrick Schimmel","date":"Dienstag, 17. Dezember 2013","format":false,"excerpt":"Projekt hinzuf\u00fcgen Durch einen Mausklick auf das Plus-Symbol in der Toolbar der Projektverwaltung wird ein neues Projekt angelegt. Im Anschluss wird das Detailfenster ge\u00f6ffnet und die Daten des Projekts k\u00f6nnen eingegeben werden. Projekt bearbeiten Das Detailfenster zum Bearbeiten von Projekten wird durch einen Doppelklick auf eine Zeile der Tabelle im\u2026","rel":"","context":"In \"Projekte\"","block_context":{"text":"Projekte","link":"https:\/\/gs-cms.com\/?tag=projekte"},"img":{"alt_text":"Add","src":"https:\/\/i0.wp.com\/gs-cms.com\/wp-content\/uploads\/Add.png?resize=350%2C200&ssl=1","width":350,"height":200},"classes":[]},{"id":358,"url":"https:\/\/gs-cms.com\/?page_id=358","url_meta":{"origin":933,"position":4},"title":"Projektakquisition","author":"Patrick Schimmel","date":"Samstag, 14. Dezember 2013","format":false,"excerpt":"In der Projektakquisition werden die Daten von Gelegenheiten gesammelt und verwaltet, die zu einem Projekt werden k\u00f6nnen. \u00a0 Gelegenheit hinzuf\u00fcgen Durch einen Mausklick auf das Plus-Symbol in der Toolbar der Projektakquisition wird eine neue Gelegenheit angelegt. Danach wird das Detailfenster ge\u00f6ffnet und die Daten der Gelegenheit k\u00f6nnen eingegeben werden. \u00a0\u2026","rel":"","context":"In \"Akquisition\"","block_context":{"text":"Akquisition","link":"https:\/\/gs-cms.com\/?tag=akquisition"},"img":{"alt_text":"","src":"https:\/\/i0.wp.com\/gs-cms.com\/wp-content\/uploads\/Akquisition-Grunddaten.jpg?resize=350%2C200&ssl=1","width":350,"height":200,"srcset":"https:\/\/i0.wp.com\/gs-cms.com\/wp-content\/uploads\/Akquisition-Grunddaten.jpg?resize=350%2C200&ssl=1 1x, https:\/\/i0.wp.com\/gs-cms.com\/wp-content\/uploads\/Akquisition-Grunddaten.jpg?resize=525%2C300&ssl=1 1.5x, https:\/\/i0.wp.com\/gs-cms.com\/wp-content\/uploads\/Akquisition-Grunddaten.jpg?resize=700%2C400&ssl=1 2x"},"classes":[]},{"id":883,"url":"https:\/\/gs-cms.com\/?page_id=883","url_meta":{"origin":933,"position":5},"title":"Bilder","author":"Patrick Schimmel","date":"Montag, 13. Januar 2014","format":false,"excerpt":"Bild hinzuf\u00fcgen Mit dieser Funktion k\u00f6nnen mehrere Bilder auf einmal in die Datenbank hochgeladen werden. In dem Fenster zum Hochladen der Bilder befindet sich auf der linken Seite eine Liste mit Bilddateien, die hochzuladen sind. Mit dem Plus-Button und dem Minus-Button werden neue Dateien der Liste hinzugef\u00fcgt, bzw. vorhandene Eintr\u00e4ge\u2026","rel":"","context":"In \"Bilder\"","block_context":{"text":"Bilder","link":"https:\/\/gs-cms.com\/?tag=bilder"},"img":{"alt_text":"","src":"https:\/\/i0.wp.com\/gs-cms.com\/wp-content\/uploads\/Bilder-hinzufuegen.jpg?resize=350%2C200&ssl=1","width":350,"height":200,"srcset":"https:\/\/i0.wp.com\/gs-cms.com\/wp-content\/uploads\/Bilder-hinzufuegen.jpg?resize=350%2C200&ssl=1 1x, https:\/\/i0.wp.com\/gs-cms.com\/wp-content\/uploads\/Bilder-hinzufuegen.jpg?resize=525%2C300&ssl=1 1.5x, https:\/\/i0.wp.com\/gs-cms.com\/wp-content\/uploads\/Bilder-hinzufuegen.jpg?resize=700%2C400&ssl=1 2x"},"classes":[]}],"_links":{"self":[{"href":"https:\/\/gs-cms.com\/index.php?rest_route=\/wp\/v2\/pages\/933","targetHints":{"allow":["GET"]}}],"collection":[{"href":"https:\/\/gs-cms.com\/index.php?rest_route=\/wp\/v2\/pages"}],"about":[{"href":"https:\/\/gs-cms.com\/index.php?rest_route=\/wp\/v2\/types\/page"}],"author":[{"embeddable":true,"href":"https:\/\/gs-cms.com\/index.php?rest_route=\/wp\/v2\/users\/11"}],"replies":[{"embeddable":true,"href":"https:\/\/gs-cms.com\/index.php?rest_route=%2Fwp%2Fv2%2Fcomments&post=933"}],"version-history":[{"count":0,"href":"https:\/\/gs-cms.com\/index.php?rest_route=\/wp\/v2\/pages\/933\/revisions"}],"up":[{"embeddable":true,"href":"https:\/\/gs-cms.com\/index.php?rest_route=\/wp\/v2\/pages\/915"}],"wp:attachment":[{"href":"https:\/\/gs-cms.com\/index.php?rest_route=%2Fwp%2Fv2%2Fmedia&parent=933"}],"curies":[{"name":"wp","href":"https:\/\/api.w.org\/{rel}","templated":true}]}}