
{"id":915,"date":"2014-01-14T12:07:26","date_gmt":"2014-01-14T11:07:26","guid":{"rendered":"http:\/\/gs-cms.com\/?page_id=915"},"modified":"2016-01-28T00:10:07","modified_gmt":"2016-01-27T23:10:07","slug":"planverwaltung","status":"publish","type":"page","link":"https:\/\/gs-cms.com\/?page_id=915","title":{"rendered":"Planverwaltung"},"content":{"rendered":"<p>In der Planverwaltung k\u00f6nnen Pl\u00e4ne mit Planeingang, Versionierung und dem Planversand verwaltet und \u00fcberwacht werden.<\/p>\n<p><a href=\"https:\/\/gs-cms.com\/wp-content\/uploads\/Planverwaltung.jpg\" data-rel=\"lightbox-gallery-QYg5MpEX\" data-rl_title=\"\" data-rl_caption=\"\" title=\"\"><img loading=\"lazy\" decoding=\"async\" data-attachment-id=\"925\" data-permalink=\"https:\/\/gs-cms.com\/?attachment_id=925\" data-orig-file=\"https:\/\/gs-cms.com\/wp-content\/uploads\/Planverwaltung.jpg\" data-orig-size=\"1519,841\" data-comments-opened=\"1\" data-image-meta=\"{&quot;aperture&quot;:&quot;0&quot;,&quot;credit&quot;:&quot;&quot;,&quot;camera&quot;:&quot;&quot;,&quot;caption&quot;:&quot;&quot;,&quot;created_timestamp&quot;:&quot;0&quot;,&quot;copyright&quot;:&quot;&quot;,&quot;focal_length&quot;:&quot;0&quot;,&quot;iso&quot;:&quot;0&quot;,&quot;shutter_speed&quot;:&quot;0&quot;,&quot;title&quot;:&quot;&quot;,&quot;orientation&quot;:&quot;0&quot;}\" data-image-title=\"Planverwaltung\" data-image-description=\"\" data-image-caption=\"&lt;p&gt;Planverwaltung&lt;\/p&gt;\n\" data-large-file=\"https:\/\/gs-cms.com\/wp-content\/uploads\/Planverwaltung-1024x566.jpg\" class=\"alignnone wp-image-925 size-large\" src=\"https:\/\/gs-cms.com\/wp-content\/uploads\/Planverwaltung-1024x566.jpg\" alt=\"Planverwaltung\" width=\"720\" height=\"397\" srcset=\"https:\/\/gs-cms.com\/wp-content\/uploads\/Planverwaltung-1024x566.jpg 1024w, https:\/\/gs-cms.com\/wp-content\/uploads\/Planverwaltung-300x166.jpg 300w\" sizes=\"auto, (max-width: 720px) 100vw, 720px\" \/><\/a><\/p>\n<p>Die veralteten Pl\u00e4ne k\u00f6nnen in verschiedenen Dateiformaten auf den Server hochgeladen werden.<\/p>\n<p>Zu jedem Plan k\u00f6nnen beliebig viele <a title=\"Planversionen\" href=\"https:\/\/gs-cms.com\/?page_id=998\">Planversionen<\/a> (\u00dcberarbeitungen) angelegt werden. Die Versionen werden \u00fcber den Planindex unterschieden. Wird eine aktualisierte Version eines Plans hochgeladen, so wird dieser als &#8222;aktuell&#8220; gesetzt und die vorherigen Planversionen werden als inaktiv markiert. Inaktive Pl\u00e4ne werden nicht gel\u00f6scht und k\u00f6nnen weiterhin ge\u00f6ffnet werden.<\/p>\n","protected":false},"excerpt":{"rendered":"<p>In der Planverwaltung k\u00f6nnen Pl\u00e4ne mit Planeingang, Versionierung und dem Planversand verwaltet und \u00fcberwacht werden. Die veralteten Pl\u00e4ne k\u00f6nnen in verschiedenen Dateiformaten auf den Server hochgeladen werden. Zu jedem Plan k\u00f6nnen beliebig viele Planversionen (\u00dcberarbeitungen) angelegt werden. Die Versionen werden \u00fcber den Planindex unterschieden. Wird eine aktualisierte Version eines Plans hochgeladen, so wird dieser als&hellip;<\/p>\n","protected":false},"author":11,"featured_media":0,"parent":29,"menu_order":4,"comment_status":"closed","ping_status":"closed","template":"helppage.php","meta":{"_bbp_topic_count":0,"_bbp_reply_count":0,"_bbp_total_topic_count":0,"_bbp_total_reply_count":0,"_bbp_voice_count":0,"_bbp_anonymous_reply_count":0,"_bbp_topic_count_hidden":0,"_bbp_reply_count_hidden":0,"_bbp_forum_subforum_count":0,"jetpack_post_was_ever_published":false,"footnotes":""},"class_list":["post-915","page","type-page","status-publish","hentry"],"aioseo_notices":[],"jetpack_sharing_enabled":true,"jetpack-related-posts":[{"id":937,"url":"https:\/\/gs-cms.com\/?page_id=937","url_meta":{"origin":915,"position":0},"title":"Planversand","author":"Patrick Schimmel","date":"Dienstag, 14. Januar 2014","format":false,"excerpt":"Mit dem Planversand k\u00f6nnen Versandscheine erstellt und der Versand von Pl\u00e4nen und deren R\u00fccklauf \u00fcberwacht werden. Mit dem Plus-Button wird ein neuer Versandschein hinzugef\u00fcgt und mit dem Minus-Button wieder entfernt. \u00dcber den Tabreiter Pl\u00e4ne k\u00f6nnen vorhandene Planversionen an den Planversandschein angeh\u00e4ngt werden. Mit dem Versand-Button wird ein vorhandener Versandschein bearbeitet.\u2026","rel":"","context":"In \"Pl\u00e4ne\"","block_context":{"text":"Pl\u00e4ne","link":"https:\/\/gs-cms.com\/?tag=plaene"},"img":{"alt_text":"Planversand Versandschein","src":"https:\/\/i0.wp.com\/gs-cms.com\/wp-content\/uploads\/Planversand-Versandschein.jpg?resize=350%2C200&ssl=1","width":350,"height":200,"srcset":"https:\/\/i0.wp.com\/gs-cms.com\/wp-content\/uploads\/Planversand-Versandschein.jpg?resize=350%2C200&ssl=1 1x, https:\/\/i0.wp.com\/gs-cms.com\/wp-content\/uploads\/Planversand-Versandschein.jpg?resize=525%2C300&ssl=1 1.5x, https:\/\/i0.wp.com\/gs-cms.com\/wp-content\/uploads\/Planversand-Versandschein.jpg?resize=700%2C400&ssl=1 2x"},"classes":[]},{"id":933,"url":"https:\/\/gs-cms.com\/?page_id=933","url_meta":{"origin":915,"position":1},"title":"Planverwaltung","author":"Patrick Schimmel","date":"Dienstag, 14. Januar 2014","format":false,"excerpt":"Plan hinzuf\u00fcgen Durch einen Mausklick auf den Plus-Button in der Toolbar der Planverwaltung wird ein neuer Plan aus einer Datei eingelesen. Plan bearbeiten Das Detailfenster zum Bearbeiten von Pl\u00e4nen wird durch einen Doppelklick auf eine Zeile der Tabelle im Hauptfenster der Planverwaltung ge\u00f6ffnet. Im oberen Bereich des Detailfenster wird die\u2026","rel":"","context":"In \"Pl\u00e4ne\"","block_context":{"text":"Pl\u00e4ne","link":"https:\/\/gs-cms.com\/?tag=plaene"},"img":{"alt_text":"Add","src":"https:\/\/i0.wp.com\/gs-cms.com\/wp-content\/uploads\/Add.png?resize=350%2C200&ssl=1","width":350,"height":200},"classes":[]},{"id":998,"url":"https:\/\/gs-cms.com\/?page_id=998","url_meta":{"origin":915,"position":2},"title":"Planversionen","author":"Patrick Schimmel","date":"Montag, 20. Januar 2014","format":false,"excerpt":"Planversion hinzuf\u00fcgen Mit dem Button im Detailfenster eines Plans wird eine neue Version des Plans mit einem neuen Index hochgeladen und die vorherigen Versionen auf inaktiv gesetzt. Planversion entfernen Mit dem Button im Detailfenster eines Plans wird die aktuelle Version des Plans gel\u00f6scht. Durch das L\u00f6schen werden auch die angeh\u00e4ngten\u2026","rel":"","context":"In \"Pl\u00e4ne\"","block_context":{"text":"Pl\u00e4ne","link":"https:\/\/gs-cms.com\/?tag=plaene"},"img":{"alt_text":"AddDrawingVersion","src":"https:\/\/i0.wp.com\/gs-cms.com\/wp-content\/uploads\/AddDrawingVersion.png?resize=350%2C200&ssl=1","width":350,"height":200},"classes":[]},{"id":36,"url":"https:\/\/gs-cms.com\/?page_id=36","url_meta":{"origin":915,"position":3},"title":"Planverwaltung","author":"Patrick Schimmel","date":"Dienstag, 19. November 2013","format":false,"excerpt":"W\u00fcrden Sie gerne Ihre Pl\u00e4ne zentral verwalten, so dass alle Projektbeteiligten immer Zugriff auf die aktuelle Planversion haben? \u00dcbersicht Kooperation Auftraggeber und Nachunternehmer k\u00f6nnen einen eingeschr\u00e4nkten Zugang erhalten, um z.B. Pl\u00e4ne herunterzuladen Historie Alle eingelesenen Planversionen bleiben erhalten und k\u00f6nnen eingesehen werden Planversand Dokumentation von Planeingang und Planversand Strukturierung Einheitliche,\u2026","rel":"","context":"In \"featured\"","block_context":{"text":"featured","link":"https:\/\/gs-cms.com\/?tag=featured"},"img":{"alt_text":"Meetings","src":"https:\/\/i0.wp.com\/gs-cms.com\/wp-content\/uploads\/Meetings.png?resize=350%2C200&ssl=1","width":350,"height":200},"classes":[]},{"id":939,"url":"https:\/\/gs-cms.com\/?page_id=939","url_meta":{"origin":915,"position":4},"title":"Planoptionen","author":"Patrick Schimmel","date":"Dienstag, 14. Januar 2014","format":false,"excerpt":"Bei den Planoptionen k\u00f6nnen die Auswahloptionen f\u00fcr die Planverwaltung des Projekts festgelegt werden. Zu jedem Eintrag muss ein Symbol als K\u00fcrzel eingegeben werden, welches f\u00fcr die automatische Generierung der Plannummern verwendet wird. Definiert werden k\u00f6nnen: Planer - Muss zuvor bei den Projektbeteiligten angelegt worden sein. Planungsphasen - z.B. Vorplanung, Entwurfsplanung,\u2026","rel":"","context":"In \"Optionen\"","block_context":{"text":"Optionen","link":"https:\/\/gs-cms.com\/?tag=optionen"},"img":{"alt_text":"Options","src":"https:\/\/i0.wp.com\/gs-cms.com\/wp-content\/uploads\/Options.png?resize=350%2C200&ssl=1","width":350,"height":200},"classes":[]},{"id":3005,"url":"https:\/\/gs-cms.com\/?page_id=3005","url_meta":{"origin":915,"position":5},"title":"Qualit\u00e4tsmanagement","author":"Patrick Schimmel","date":"Samstag, 17. September 2016","format":false,"excerpt":"W\u00fcrden Sie gerne Ihre Qualit\u00e4tspr\u00fcfungen einfacher gestalten und vertragssicher dokumentieren? \u00dcbersicht M\u00e4ngel Anbindung an die M\u00e4ngelverwaltung Strukturierung Einheitliche, modul\u00fcbergreifende Strukturierung der Daten in die Projektebenen \u00a0 \u00a0Pivot Schnelles Bearbeiten von Checklistenpunkten in Pivot-Ansichten Beschreibung Das\u00a0Qualit\u00e4tsmanagement-Modul des Construction Management System CMS\u00a0erm\u00f6glicht es Ihnen auf einfache Weise Checklisten anzulegen und f\u00fcr wiederkehrende\u2026","rel":"","context":"\u00c4hnlicher Beitrag","block_context":{"text":"\u00c4hnlicher Beitrag","link":""},"img":{"alt_text":"Deficiencies","src":"https:\/\/i0.wp.com\/gs-cms.com\/wp-content\/uploads\/Deficiencies.png?resize=350%2C200&ssl=1","width":350,"height":200},"classes":[]}],"_links":{"self":[{"href":"https:\/\/gs-cms.com\/index.php?rest_route=\/wp\/v2\/pages\/915","targetHints":{"allow":["GET"]}}],"collection":[{"href":"https:\/\/gs-cms.com\/index.php?rest_route=\/wp\/v2\/pages"}],"about":[{"href":"https:\/\/gs-cms.com\/index.php?rest_route=\/wp\/v2\/types\/page"}],"author":[{"embeddable":true,"href":"https:\/\/gs-cms.com\/index.php?rest_route=\/wp\/v2\/users\/11"}],"replies":[{"embeddable":true,"href":"https:\/\/gs-cms.com\/index.php?rest_route=%2Fwp%2Fv2%2Fcomments&post=915"}],"version-history":[{"count":0,"href":"https:\/\/gs-cms.com\/index.php?rest_route=\/wp\/v2\/pages\/915\/revisions"}],"up":[{"embeddable":true,"href":"https:\/\/gs-cms.com\/index.php?rest_route=\/wp\/v2\/pages\/29"}],"wp:attachment":[{"href":"https:\/\/gs-cms.com\/index.php?rest_route=%2Fwp%2Fv2%2Fmedia&parent=915"}],"curies":[{"name":"wp","href":"https:\/\/api.w.org\/{rel}","templated":true}]}}