
{"id":883,"date":"2014-01-13T14:47:48","date_gmt":"2014-01-13T13:47:48","guid":{"rendered":"http:\/\/gs-cms.com\/?page_id=883"},"modified":"2016-01-28T00:08:36","modified_gmt":"2016-01-27T23:08:36","slug":"bild-anlegen","status":"publish","type":"page","link":"https:\/\/gs-cms.com\/?page_id=883","title":{"rendered":"Bilder"},"content":{"rendered":"<h3>Bild hinzuf\u00fcgen<\/h3>\n<p><img loading=\"lazy\" decoding=\"async\" class=\"alignnone size-full wp-image-771\" src=\"https:\/\/gs-cms.com\/wp-content\/uploads\/Add.png\" alt=\"Add\" width=\"32\" height=\"32\" \/><\/p>\n<p>Mit dieser Funktion k\u00f6nnen mehrere Bilder auf einmal in die Datenbank hochgeladen werden.<\/p>\n<p><a href=\"https:\/\/gs-cms.com\/wp-content\/uploads\/Bilder-hinzufuegen.jpg\" data-rel=\"lightbox-gallery-URHFPaDl\" data-rl_title=\"\" data-rl_caption=\"\" title=\"\"><img loading=\"lazy\" decoding=\"async\" data-attachment-id=\"977\" data-permalink=\"https:\/\/gs-cms.com\/?attachment_id=977\" data-orig-file=\"https:\/\/gs-cms.com\/wp-content\/uploads\/Bilder-hinzufuegen.jpg\" data-orig-size=\"900,400\" data-comments-opened=\"1\" data-image-meta=\"{&quot;aperture&quot;:&quot;0&quot;,&quot;credit&quot;:&quot;&quot;,&quot;camera&quot;:&quot;&quot;,&quot;caption&quot;:&quot;&quot;,&quot;created_timestamp&quot;:&quot;0&quot;,&quot;copyright&quot;:&quot;&quot;,&quot;focal_length&quot;:&quot;0&quot;,&quot;iso&quot;:&quot;0&quot;,&quot;shutter_speed&quot;:&quot;0&quot;,&quot;title&quot;:&quot;&quot;,&quot;orientation&quot;:&quot;0&quot;}\" data-image-title=\"Bilder hinzuf\u00fcgen\" data-image-description=\"\" data-image-caption=\"\" data-large-file=\"https:\/\/gs-cms.com\/wp-content\/uploads\/Bilder-hinzufuegen.jpg\" class=\"alignnone size-full wp-image-977\" src=\"https:\/\/gs-cms.com\/wp-content\/uploads\/Bilder-hinzufuegen.jpg\" alt=\"Bilder hinzufuegen\" width=\"900\" height=\"400\" srcset=\"https:\/\/gs-cms.com\/wp-content\/uploads\/Bilder-hinzufuegen.jpg 900w, https:\/\/gs-cms.com\/wp-content\/uploads\/Bilder-hinzufuegen-300x133.jpg 300w\" sizes=\"auto, (max-width: 900px) 100vw, 900px\" \/><\/a><\/p>\n<p>In dem Fenster zum Hochladen der Bilder befindet sich auf der linken Seite eine Liste mit Bilddateien, die hochzuladen sind. Mit dem Plus-Button und dem Minus-Button werden neue Dateien der Liste hinzugef\u00fcgt, bzw. vorhandene Eintr\u00e4ge gel\u00f6scht.<\/p>\n<p>Auf der rechten Seite k\u00f6nnen Vorgabewerte f\u00fcr die hochzuladenden Bilder eingestellt werden. Diese Werte werden dann f\u00fcr alle Bilder \u00fcbernommen.<\/p>\n<h3>Bild bearbeiten<\/h3>\n<p>Das Detailfenster zum Bearbeiten der Bilddaten wird durch einen Doppelklick auf eine Zeile im Hauptfenster der Bildverwaltung ge\u00f6ffnet.<\/p>\n<p>\u00dcbergeordnet wird im oberen Bereich der Name des Bilds (\u00dcberschrift) eingegeben.<\/p>\n<p>Auf der rechten Seite des Fensters werden eine Vorschau des Bilds und einige Dateiinformationen angezeigt.<\/p>\n<h4>Grunddaten<\/h4>\n<p><a href=\"https:\/\/gs-cms.com\/wp-content\/uploads\/Bild-Grunddaten.jpg\" data-rel=\"lightbox-gallery-URHFPaDl\" data-rl_title=\"\" data-rl_caption=\"\" title=\"\"><img loading=\"lazy\" decoding=\"async\" src=\"https:\/\/gs-cms.com\/wp-content\/uploads\/Bild-Grunddaten.jpg\" alt=\"Bild Grunddaten\" width=\"712\" height=\"420\" \/><\/a><\/p>\n<p>Bei den Grunddaten werden grundlegende Informationen zum Bild erfasst.<\/p>\n<h4>Verantwortlich<\/h4>\n<p><a href=\"https:\/\/gs-cms.com\/wp-content\/uploads\/Bild-Verantwortlich.jpg\" data-rel=\"lightbox-gallery-URHFPaDl\" data-rl_title=\"\" data-rl_caption=\"\" title=\"\"><img loading=\"lazy\" decoding=\"async\" src=\"https:\/\/gs-cms.com\/wp-content\/uploads\/Bild-Verantwortlich.jpg\" alt=\"Bild Verantwortlich\" width=\"712\" height=\"420\" \/><\/a><\/p>\n<p>Im Tab &#8222;Verantwortlich&#8220; werden Firmen erfasst, die mit dem festgehaltenen Vorgang zu tun haben (z.B. bei fotografierten M\u00e4ngeln, usw.)<\/p>\n<h4>Bild drehen<\/h4>\n<p><img loading=\"lazy\" decoding=\"async\" src=\"https:\/\/gs-cms.com\/wp-content\/uploads\/Rotate.png\" alt=\"Rotate\" width=\"32\" height=\"32\" \/><\/p>\n<p>Mit dieser Funktion kann das eingelesene Bild um 90\u00b0 oder 180\u00b0 gedreht werden.<\/p>\n<h4>Bild herunterladen<\/h4>\n<p><img loading=\"lazy\" decoding=\"async\" src=\"https:\/\/gs-cms.com\/wp-content\/uploads\/Download.png\" alt=\"Download\" width=\"32\" height=\"32\" \/><\/p>\n<p>Hiermit wird das angezeigte Bild heruntergeladen und lokal gespeichert.<\/p>\n<h4>Bildvorschau<\/h4>\n<p><img loading=\"lazy\" decoding=\"async\" src=\"https:\/\/gs-cms.com\/wp-content\/uploads\/View.png\" alt=\"View\" width=\"32\" height=\"32\" \/><\/p>\n<p>\u00d6ffnet eine vergr\u00f6\u00dferte Vorschau des aktuellen Bilds.<\/p>\n<h3>Bild entfernen<\/h3>\n<p><img loading=\"lazy\" decoding=\"async\" src=\"https:\/\/gs-cms.com\/wp-content\/uploads\/Delete.png\" alt=\"Delete\" width=\"32\" height=\"32\" \/><\/p>\n<p>Das L\u00f6schen eines Bilds erfolgt \u00fcber den Minus-Button in der Toolbar der Bildverwaltung.<\/p>\n<p>Hiermit wird nicht nur der Datensatz, sondern auch die Bilddatein und die Zuordnung zu anderen Modulen (M\u00e4ngelverwaltung, Bautagebuch) gel\u00f6scht.<\/p>\n<h3>Bild herunterladen<\/h3>\n<p><img loading=\"lazy\" decoding=\"async\" src=\"https:\/\/gs-cms.com\/wp-content\/uploads\/Download.png\" alt=\"Download\" width=\"32\" height=\"32\" \/><\/p>\n<p>Hiermit wird das ausgew\u00e4hlte Bild heruntergeladen und lokal gespeichert.<\/p>\n","protected":false},"excerpt":{"rendered":"<p>Bild hinzuf\u00fcgen Mit dieser Funktion k\u00f6nnen mehrere Bilder auf einmal in die Datenbank hochgeladen werden. In dem Fenster zum Hochladen der Bilder befindet sich auf der linken Seite eine Liste mit Bilddateien, die hochzuladen sind. Mit dem Plus-Button und dem Minus-Button werden neue Dateien der Liste hinzugef\u00fcgt, bzw. vorhandene Eintr\u00e4ge gel\u00f6scht. Auf der rechten Seite&hellip;<\/p>\n","protected":false},"author":11,"featured_media":0,"parent":881,"menu_order":0,"comment_status":"closed","ping_status":"closed","template":"helppage.php","meta":{"_bbp_topic_count":0,"_bbp_reply_count":0,"_bbp_total_topic_count":0,"_bbp_total_reply_count":0,"_bbp_voice_count":0,"_bbp_anonymous_reply_count":0,"_bbp_topic_count_hidden":0,"_bbp_reply_count_hidden":0,"_bbp_forum_subforum_count":0,"jetpack_post_was_ever_published":false,"footnotes":""},"class_list":["post-883","page","type-page","status-publish","hentry"],"aioseo_notices":[],"jetpack_sharing_enabled":true,"jetpack-related-posts":[{"id":505,"url":"https:\/\/gs-cms.com\/?page_id=505","url_meta":{"origin":883,"position":0},"title":"Bautagebuch","author":"Patrick Schimmel","date":"Montag, 16. Dezember 2013","format":false,"excerpt":"Das Bautagebuch dient der t\u00e4glichen Dokumentation der Arbeiten auf der Baustelle. In diesem Modul besteht die M\u00f6glichkeit dem Bauherrn einen Zugang zu den Berichten mit eingeschr\u00e4nkten Rechten zu geben. Der Bauherr kann dann die eingegebenen Berichte einsehen und Berichte drucken, au\u00dfer dem Eingabefeld f\u00fcr AG-Kommentare kann er jedoch keine Daten\u2026","rel":"","context":"In \"Bautagebuch\"","block_context":{"text":"Bautagebuch","link":"https:\/\/gs-cms.com\/?tag=bautagebuch"},"img":{"alt_text":"","src":"https:\/\/i0.wp.com\/gs-cms.com\/wp-content\/uploads\/Bautagebuch-Geraete.jpg?resize=350%2C200&ssl=1","width":350,"height":200,"srcset":"https:\/\/i0.wp.com\/gs-cms.com\/wp-content\/uploads\/Bautagebuch-Geraete.jpg?resize=350%2C200&ssl=1 1x, https:\/\/i0.wp.com\/gs-cms.com\/wp-content\/uploads\/Bautagebuch-Geraete.jpg?resize=525%2C300&ssl=1 1.5x, https:\/\/i0.wp.com\/gs-cms.com\/wp-content\/uploads\/Bautagebuch-Geraete.jpg?resize=700%2C400&ssl=1 2x"},"classes":[]},{"id":2059,"url":"https:\/\/gs-cms.com\/?page_id=2059","url_meta":{"origin":883,"position":1},"title":"CMSMobile (Android)","author":"Patrick Schimmel","date":"Dienstag, 30. Dezember 2014","format":false,"excerpt":"CMSMobile ist die mobile Datenerfassung f\u00fcr das Construction Management System CMS. Systemvoraussetzungen Um CMSMobile\u00a0zu verwenden ben\u00f6tigen\u00a0Sie ein Ger\u00e4t mit Android Betriebssystem. Die erforderliche Mindestversion von Android ist 4.4.2. Des weiteren m\u00fcssen Sie den\u00a0CMS Web Service (CMS WebAPI) installieren und so konfigurieren, dass der Web\u00a0Service\u00a0Zugriff auf Ihre Datenbank erh\u00e4lt. Details zur\u2026","rel":"","context":"\u00c4hnlicher Beitrag","block_context":{"text":"\u00c4hnlicher Beitrag","link":""},"img":{"alt_text":"CMSMobile Main","src":"https:\/\/i0.wp.com\/gs-cms.com\/wp-content\/uploads\/CMSMobile-Main-182x300.png?resize=350%2C200&ssl=1","width":350,"height":200},"classes":[]},{"id":832,"url":"https:\/\/gs-cms.com\/?page_id=832","url_meta":{"origin":883,"position":2},"title":"M\u00e4ngel","author":"Patrick Schimmel","date":"Montag, 13. Januar 2014","format":false,"excerpt":"Mangel hinzuf\u00fcgen Durch einen Mausklick auf das Plus-Symbol in der Toolbar der Mangelverwaltung wird ein neuer Mangel angelegt. Mangel bearbeiten Das Detailfenster zum Bearbeiten von M\u00e4ngeln wird durch einen Doppelklick auf eine Zeile im Hauptfenster der M\u00e4ngelverwaltung ge\u00f6ffnet. Allgemein \u00a0 Hier werden die Grunddaten des Mangels eingegeben (z.B. der Mangeltyp\u2026","rel":"","context":"In \"M\u00e4ngel\"","block_context":{"text":"M\u00e4ngel","link":"https:\/\/gs-cms.com\/?tag=maengel"},"img":{"alt_text":"Add","src":"https:\/\/i0.wp.com\/gs-cms.com\/wp-content\/uploads\/Add.png?resize=350%2C200&ssl=1","width":350,"height":200},"classes":[]},{"id":33,"url":"https:\/\/gs-cms.com\/?page_id=33","url_meta":{"origin":883,"position":3},"title":"Bildverwaltung","author":"Patrick Schimmel","date":"Dienstag, 19. November 2013","format":false,"excerpt":"W\u00fcrden Sie gerne alle wichtigen Bilder eines Projekts strukturiert ablegen und einfach wiederfinden? \u00dcbersicht Galerie Erzeugen einer HTML-Bildergalerie zum Ver\u00f6ffentlichen der Photos auf Webseiten Zuordnung zu Bautagesberichten Alle erfassten Bilder k\u00f6nnen mit Bautagesberichten verkn\u00fcpft werden, auch automatisch nach Aufnahmedatum Zuordnung zu M\u00e4ngeln Alle erfassten Bilder k\u00f6nnen mit M\u00e4ngeln verkn\u00fcpft werden\u2026","rel":"","context":"In \"Bilder\"","block_context":{"text":"Bilder","link":"https:\/\/gs-cms.com\/?tag=bilder"},"img":{"alt_text":"PhotoGallery","src":"https:\/\/i0.wp.com\/gs-cms.com\/wp-content\/uploads\/PhotoGallery-e1390558834919.png?resize=350%2C200&ssl=1","width":350,"height":200},"classes":[]},{"id":31,"url":"https:\/\/gs-cms.com\/?page_id=31","url_meta":{"origin":883,"position":4},"title":"M\u00e4ngelverwaltung","author":"Patrick Schimmel","date":"Dienstag, 19. November 2013","format":false,"excerpt":"W\u00fcrden Sie gerne gefundene\u00a0M\u00e4ngel zielgerichtet nachverfolgen\u00a0und zeitnah beheben k\u00f6nnen? W\u00fcrden Sie gerne alle\u00a0am Projekt beteiligten Parteien in den Prozess der M\u00e4ngelbeseitigung mit einbeziehen? \u00dcbersicht Kooperation Der Auftraggeber kann bei entsprechender Freigabe M\u00e4ngel selbst eintragen, den Status aktualisieren und kommentieren \u00dcberblick Zusammenfassung der wichtigsten Daten aller M\u00e4ngel Bilder Bilder k\u00f6nnen mit\u2026","rel":"","context":"In \"featured\"","block_context":{"text":"featured","link":"https:\/\/gs-cms.com\/?tag=featured"},"img":{"alt_text":"Meetings","src":"https:\/\/i0.wp.com\/gs-cms.com\/wp-content\/uploads\/Meetings.png?resize=350%2C200&ssl=1","width":350,"height":200},"classes":[]},{"id":358,"url":"https:\/\/gs-cms.com\/?page_id=358","url_meta":{"origin":883,"position":5},"title":"Projektakquisition","author":"Patrick Schimmel","date":"Samstag, 14. Dezember 2013","format":false,"excerpt":"In der Projektakquisition werden die Daten von Gelegenheiten gesammelt und verwaltet, die zu einem Projekt werden k\u00f6nnen. \u00a0 Gelegenheit hinzuf\u00fcgen Durch einen Mausklick auf das Plus-Symbol in der Toolbar der Projektakquisition wird eine neue Gelegenheit angelegt. Danach wird das Detailfenster ge\u00f6ffnet und die Daten der Gelegenheit k\u00f6nnen eingegeben werden. \u00a0\u2026","rel":"","context":"In \"Akquisition\"","block_context":{"text":"Akquisition","link":"https:\/\/gs-cms.com\/?tag=akquisition"},"img":{"alt_text":"","src":"https:\/\/i0.wp.com\/gs-cms.com\/wp-content\/uploads\/Akquisition-Grunddaten.jpg?resize=350%2C200&ssl=1","width":350,"height":200,"srcset":"https:\/\/i0.wp.com\/gs-cms.com\/wp-content\/uploads\/Akquisition-Grunddaten.jpg?resize=350%2C200&ssl=1 1x, https:\/\/i0.wp.com\/gs-cms.com\/wp-content\/uploads\/Akquisition-Grunddaten.jpg?resize=525%2C300&ssl=1 1.5x, https:\/\/i0.wp.com\/gs-cms.com\/wp-content\/uploads\/Akquisition-Grunddaten.jpg?resize=700%2C400&ssl=1 2x"},"classes":[]}],"_links":{"self":[{"href":"https:\/\/gs-cms.com\/index.php?rest_route=\/wp\/v2\/pages\/883","targetHints":{"allow":["GET"]}}],"collection":[{"href":"https:\/\/gs-cms.com\/index.php?rest_route=\/wp\/v2\/pages"}],"about":[{"href":"https:\/\/gs-cms.com\/index.php?rest_route=\/wp\/v2\/types\/page"}],"author":[{"embeddable":true,"href":"https:\/\/gs-cms.com\/index.php?rest_route=\/wp\/v2\/users\/11"}],"replies":[{"embeddable":true,"href":"https:\/\/gs-cms.com\/index.php?rest_route=%2Fwp%2Fv2%2Fcomments&post=883"}],"version-history":[{"count":0,"href":"https:\/\/gs-cms.com\/index.php?rest_route=\/wp\/v2\/pages\/883\/revisions"}],"up":[{"embeddable":true,"href":"https:\/\/gs-cms.com\/index.php?rest_route=\/wp\/v2\/pages\/881"}],"wp:attachment":[{"href":"https:\/\/gs-cms.com\/index.php?rest_route=%2Fwp%2Fv2%2Fmedia&parent=883"}],"curies":[{"name":"wp","href":"https:\/\/api.w.org\/{rel}","templated":true}]}}