
{"id":840,"date":"2014-01-13T11:03:30","date_gmt":"2014-01-13T10:03:30","guid":{"rendered":"http:\/\/gs-cms.com\/?page_id=840"},"modified":"2016-01-28T00:08:09","modified_gmt":"2016-01-27T23:08:09","slug":"anlaesse-bearbeiten","status":"publish","type":"page","link":"https:\/\/gs-cms.com\/?page_id=840","title":{"rendered":"Anl\u00e4sse"},"content":{"rendered":"<p><a href=\"https:\/\/gs-cms.com\/wp-content\/uploads\/Meetings.png\" data-rel=\"lightbox-gallery-5RZPDvVh\" data-rl_title=\"\" data-rl_caption=\"\" title=\"\"><img loading=\"lazy\" decoding=\"async\" data-attachment-id=\"865\" data-permalink=\"https:\/\/gs-cms.com\/?attachment_id=865\" data-orig-file=\"https:\/\/gs-cms.com\/wp-content\/uploads\/Meetings.png\" data-orig-size=\"32,32\" data-comments-opened=\"1\" data-image-meta=\"{&quot;aperture&quot;:&quot;0&quot;,&quot;credit&quot;:&quot;&quot;,&quot;camera&quot;:&quot;&quot;,&quot;caption&quot;:&quot;&quot;,&quot;created_timestamp&quot;:&quot;0&quot;,&quot;copyright&quot;:&quot;&quot;,&quot;focal_length&quot;:&quot;0&quot;,&quot;iso&quot;:&quot;0&quot;,&quot;shutter_speed&quot;:&quot;0&quot;,&quot;title&quot;:&quot;&quot;,&quot;orientation&quot;:&quot;0&quot;}\" data-image-title=\"Meetings\" data-image-description=\"\" data-image-caption=\"\" data-large-file=\"https:\/\/gs-cms.com\/wp-content\/uploads\/Meetings.png\" class=\"alignnone size-full wp-image-865\" src=\"https:\/\/gs-cms.com\/wp-content\/uploads\/Meetings.png\" alt=\"Meetings\" width=\"32\" height=\"32\" srcset=\"https:\/\/gs-cms.com\/wp-content\/uploads\/Meetings.png 32w, https:\/\/gs-cms.com\/wp-content\/uploads\/Meetings-150x150.png 150w, https:\/\/gs-cms.com\/wp-content\/uploads\/Meetings-160x160.png 160w\" sizes=\"auto, (max-width: 32px) 100vw, 32px\" \/><\/a><\/p>\n<p>\u00dcber den Schalter in der Toolbar der M\u00e4ngelverwaltung k\u00f6nnen Anl\u00e4sse verwaltet werden.<\/p>\n<p>Anl\u00e4sse sind Begehungen, Besprechungen oder Abnahmen, an denen M\u00e4ngel festgestellt wurden.<\/p>\n<p><a href=\"https:\/\/gs-cms.com\/wp-content\/uploads\/Anlaesse.jpg\" data-rel=\"lightbox-gallery-5RZPDvVh\" data-rl_title=\"\" data-rl_caption=\"\" title=\"\"><img loading=\"lazy\" decoding=\"async\" data-attachment-id=\"847\" data-permalink=\"https:\/\/gs-cms.com\/?attachment_id=847\" data-orig-file=\"https:\/\/gs-cms.com\/wp-content\/uploads\/Anlaesse.jpg\" data-orig-size=\"350,350\" data-comments-opened=\"1\" data-image-meta=\"{&quot;aperture&quot;:&quot;0&quot;,&quot;credit&quot;:&quot;&quot;,&quot;camera&quot;:&quot;&quot;,&quot;caption&quot;:&quot;&quot;,&quot;created_timestamp&quot;:&quot;0&quot;,&quot;copyright&quot;:&quot;&quot;,&quot;focal_length&quot;:&quot;0&quot;,&quot;iso&quot;:&quot;0&quot;,&quot;shutter_speed&quot;:&quot;0&quot;,&quot;title&quot;:&quot;&quot;,&quot;orientation&quot;:&quot;0&quot;}\" data-image-title=\"Anlaesse\" data-image-description=\"\" data-image-caption=\"\" data-large-file=\"https:\/\/gs-cms.com\/wp-content\/uploads\/Anlaesse.jpg\" class=\"alignnone size-full wp-image-847\" src=\"https:\/\/gs-cms.com\/wp-content\/uploads\/Anlaesse.jpg\" alt=\"Anlaesse\" width=\"350\" height=\"350\" srcset=\"https:\/\/gs-cms.com\/wp-content\/uploads\/Anlaesse.jpg 350w, https:\/\/gs-cms.com\/wp-content\/uploads\/Anlaesse-150x150.jpg 150w, https:\/\/gs-cms.com\/wp-content\/uploads\/Anlaesse-300x300.jpg 300w, https:\/\/gs-cms.com\/wp-content\/uploads\/Anlaesse-160x160.jpg 160w\" sizes=\"auto, (max-width: 350px) 100vw, 350px\" \/><\/a><\/p>\n<p>Jedem Mangel kann ein Anlass zugeordnet werden.<\/p>\n<p><a href=\"https:\/\/gs-cms.com\/wp-content\/uploads\/Anlass.jpg\" data-rel=\"lightbox-gallery-5RZPDvVh\" data-rl_title=\"\" data-rl_caption=\"\" title=\"\"><img loading=\"lazy\" decoding=\"async\" data-attachment-id=\"848\" data-permalink=\"https:\/\/gs-cms.com\/?attachment_id=848\" data-orig-file=\"https:\/\/gs-cms.com\/wp-content\/uploads\/Anlass.jpg\" data-orig-size=\"450,450\" data-comments-opened=\"1\" data-image-meta=\"{&quot;aperture&quot;:&quot;0&quot;,&quot;credit&quot;:&quot;&quot;,&quot;camera&quot;:&quot;&quot;,&quot;caption&quot;:&quot;&quot;,&quot;created_timestamp&quot;:&quot;0&quot;,&quot;copyright&quot;:&quot;&quot;,&quot;focal_length&quot;:&quot;0&quot;,&quot;iso&quot;:&quot;0&quot;,&quot;shutter_speed&quot;:&quot;0&quot;,&quot;title&quot;:&quot;&quot;,&quot;orientation&quot;:&quot;0&quot;}\" data-image-title=\"Anlass\" data-image-description=\"\" data-image-caption=\"\" data-large-file=\"https:\/\/gs-cms.com\/wp-content\/uploads\/Anlass.jpg\" class=\"alignnone size-full wp-image-848\" src=\"https:\/\/gs-cms.com\/wp-content\/uploads\/Anlass.jpg\" alt=\"Anlass\" width=\"450\" height=\"450\" srcset=\"https:\/\/gs-cms.com\/wp-content\/uploads\/Anlass.jpg 450w, https:\/\/gs-cms.com\/wp-content\/uploads\/Anlass-150x150.jpg 150w, https:\/\/gs-cms.com\/wp-content\/uploads\/Anlass-300x300.jpg 300w, https:\/\/gs-cms.com\/wp-content\/uploads\/Anlass-160x160.jpg 160w\" sizes=\"auto, (max-width: 450px) 100vw, 450px\" \/><\/a><\/p>\n<p>Zu jedem Anlass k\u00f6nnen die Teilnehmer und ein Verteiler erfasst werden.<\/p>\n","protected":false},"excerpt":{"rendered":"<p>\u00dcber den Schalter in der Toolbar der M\u00e4ngelverwaltung k\u00f6nnen Anl\u00e4sse verwaltet werden. Anl\u00e4sse sind Begehungen, Besprechungen oder Abnahmen, an denen M\u00e4ngel festgestellt wurden. Jedem Mangel kann ein Anlass zugeordnet werden. Zu jedem Anlass k\u00f6nnen die Teilnehmer und ein Verteiler erfasst werden.<\/p>\n","protected":false},"author":11,"featured_media":0,"parent":830,"menu_order":2,"comment_status":"closed","ping_status":"closed","template":"helppage.php","meta":{"_bbp_topic_count":0,"_bbp_reply_count":0,"_bbp_total_topic_count":0,"_bbp_total_reply_count":0,"_bbp_voice_count":0,"_bbp_anonymous_reply_count":0,"_bbp_topic_count_hidden":0,"_bbp_reply_count_hidden":0,"_bbp_forum_subforum_count":0,"jetpack_post_was_ever_published":false,"footnotes":""},"class_list":["post-840","page","type-page","status-publish","hentry"],"aioseo_notices":[],"jetpack_sharing_enabled":true,"jetpack-related-posts":[{"id":832,"url":"https:\/\/gs-cms.com\/?page_id=832","url_meta":{"origin":840,"position":0},"title":"M\u00e4ngel","author":"Patrick Schimmel","date":"Montag, 13. Januar 2014","format":false,"excerpt":"Mangel hinzuf\u00fcgen Durch einen Mausklick auf das Plus-Symbol in der Toolbar der Mangelverwaltung wird ein neuer Mangel angelegt. Mangel bearbeiten Das Detailfenster zum Bearbeiten von M\u00e4ngeln wird durch einen Doppelklick auf eine Zeile im Hauptfenster der M\u00e4ngelverwaltung ge\u00f6ffnet. Allgemein \u00a0 Hier werden die Grunddaten des Mangels eingegeben (z.B. der Mangeltyp\u2026","rel":"","context":"In \"M\u00e4ngel\"","block_context":{"text":"M\u00e4ngel","link":"https:\/\/gs-cms.com\/?tag=maengel"},"img":{"alt_text":"Add","src":"https:\/\/i0.wp.com\/gs-cms.com\/wp-content\/uploads\/Add.png?resize=350%2C200&ssl=1","width":350,"height":200},"classes":[]},{"id":31,"url":"https:\/\/gs-cms.com\/?page_id=31","url_meta":{"origin":840,"position":1},"title":"M\u00e4ngelverwaltung","author":"Patrick Schimmel","date":"Dienstag, 19. November 2013","format":false,"excerpt":"W\u00fcrden Sie gerne gefundene\u00a0M\u00e4ngel zielgerichtet nachverfolgen\u00a0und zeitnah beheben k\u00f6nnen? W\u00fcrden Sie gerne alle\u00a0am Projekt beteiligten Parteien in den Prozess der M\u00e4ngelbeseitigung mit einbeziehen? \u00dcbersicht Kooperation Der Auftraggeber kann bei entsprechender Freigabe M\u00e4ngel selbst eintragen, den Status aktualisieren und kommentieren \u00dcberblick Zusammenfassung der wichtigsten Daten aller M\u00e4ngel Bilder Bilder k\u00f6nnen mit\u2026","rel":"","context":"In \"featured\"","block_context":{"text":"featured","link":"https:\/\/gs-cms.com\/?tag=featured"},"img":{"alt_text":"Meetings","src":"https:\/\/i0.wp.com\/gs-cms.com\/wp-content\/uploads\/Meetings.png?resize=350%2C200&ssl=1","width":350,"height":200},"classes":[]},{"id":1631,"url":"https:\/\/gs-cms.com\/?page_id=1631","url_meta":{"origin":840,"position":2},"title":"Berichte","author":"Patrick Schimmel","date":"Donnerstag, 9. Oktober 2014","format":false,"excerpt":"Berichte dienen der strukturierten Ausgabe Ihrer Daten. \u00dcber die Berichte k\u00f6nnen Sie Ihre Daten in \u00fcbersichtlicher Form in beliebigem Detaillierungsgrad darstellen und drucken oder in verschiedene Formate exportieren (z.B. PDF, Office-Formate (Excel, Word), Bildformate, usw.). Mit dem integrierten Berichtseditor k\u00f6nnen Sie einfach neue Berichte selbst erstellen, oder die vorhandenen Berichte\u2026","rel":"","context":"In \"Berichte\"","block_context":{"text":"Berichte","link":"https:\/\/gs-cms.com\/?tag=berichte"},"img":{"alt_text":"Berichtseditor","src":"https:\/\/i0.wp.com\/gs-cms.com\/wp-content\/uploads\/Bericht-300x90.jpg?resize=350%2C200&ssl=1","width":350,"height":200},"classes":[]},{"id":2059,"url":"https:\/\/gs-cms.com\/?page_id=2059","url_meta":{"origin":840,"position":3},"title":"CMSMobile (Android)","author":"Patrick Schimmel","date":"Dienstag, 30. Dezember 2014","format":false,"excerpt":"CMSMobile ist die mobile Datenerfassung f\u00fcr das Construction Management System CMS. Systemvoraussetzungen Um CMSMobile\u00a0zu verwenden ben\u00f6tigen\u00a0Sie ein Ger\u00e4t mit Android Betriebssystem. Die erforderliche Mindestversion von Android ist 4.4.2. Des weiteren m\u00fcssen Sie den\u00a0CMS Web Service (CMS WebAPI) installieren und so konfigurieren, dass der Web\u00a0Service\u00a0Zugriff auf Ihre Datenbank erh\u00e4lt. Details zur\u2026","rel":"","context":"\u00c4hnlicher Beitrag","block_context":{"text":"\u00c4hnlicher Beitrag","link":""},"img":{"alt_text":"CMSMobile Main","src":"https:\/\/i0.wp.com\/gs-cms.com\/wp-content\/uploads\/CMSMobile-Main-182x300.png?resize=350%2C200&ssl=1","width":350,"height":200},"classes":[]},{"id":830,"url":"https:\/\/gs-cms.com\/?page_id=830","url_meta":{"origin":840,"position":4},"title":"M\u00e4ngelverwaltung","author":"Patrick Schimmel","date":"Montag, 13. Januar 2014","format":false,"excerpt":"In der M\u00e4ngelverwaltung werden die im Projekt gefundenen M\u00e4ngel eingegeben und nachverfolgt. In diesem Modul besteht die M\u00f6glichkeit dem Auftraggeber einen Zugang mit entsprechenden Rechten zu geben, damit dieser die von Ihm gefundenen M\u00e4ngel eingeben kann. Er sieht dann nur die von Ihm eingegebenen M\u00e4ngel und kann bestimmte Eintragungen, die\u2026","rel":"","context":"In \"M\u00e4ngel\"","block_context":{"text":"M\u00e4ngel","link":"https:\/\/gs-cms.com\/?tag=maengel"},"img":{"alt_text":"M\u00e4ngelverwaltung","src":"https:\/\/i0.wp.com\/gs-cms.com\/wp-content\/uploads\/Maengel-1024x621.jpg?resize=350%2C200&ssl=1","width":350,"height":200,"srcset":"https:\/\/i0.wp.com\/gs-cms.com\/wp-content\/uploads\/Maengel-1024x621.jpg?resize=350%2C200&ssl=1 1x, https:\/\/i0.wp.com\/gs-cms.com\/wp-content\/uploads\/Maengel-1024x621.jpg?resize=525%2C300&ssl=1 1.5x, https:\/\/i0.wp.com\/gs-cms.com\/wp-content\/uploads\/Maengel-1024x621.jpg?resize=700%2C400&ssl=1 2x"},"classes":[]},{"id":868,"url":"https:\/\/gs-cms.com\/?page_id=868","url_meta":{"origin":840,"position":5},"title":"Anmerkungen","author":"Patrick Schimmel","date":"Montag, 13. Januar 2014","format":false,"excerpt":"Anmerkungen k\u00f6nnen als Erg\u00e4nzung und Erl\u00e4uterung zum jeweiligen Bild\u00a0angelegt werden. Das\u00a0Anmerkungsfenster ist ein kleines Zeichenprogramm, mit welchem Sie Linien, Rechtecke, Kreise, usw. auf ein Bild zeichnen k\u00f6nnen. Im Detailfenster der Anmerkung kann ein Kommentar und ein Name der Anmerkung angegeben werden. \u00dcber die Toolbar oben werden die Zeichenwerkzeuge gew\u00e4hlt. Bei\u2026","rel":"","context":"In \"M\u00e4ngel\"","block_context":{"text":"M\u00e4ngel","link":"https:\/\/gs-cms.com\/?tag=maengel"},"img":{"alt_text":"Annotations","src":"https:\/\/i0.wp.com\/gs-cms.com\/wp-content\/uploads\/Annotations.png?resize=350%2C200&ssl=1","width":350,"height":200},"classes":[]}],"_links":{"self":[{"href":"https:\/\/gs-cms.com\/index.php?rest_route=\/wp\/v2\/pages\/840","targetHints":{"allow":["GET"]}}],"collection":[{"href":"https:\/\/gs-cms.com\/index.php?rest_route=\/wp\/v2\/pages"}],"about":[{"href":"https:\/\/gs-cms.com\/index.php?rest_route=\/wp\/v2\/types\/page"}],"author":[{"embeddable":true,"href":"https:\/\/gs-cms.com\/index.php?rest_route=\/wp\/v2\/users\/11"}],"replies":[{"embeddable":true,"href":"https:\/\/gs-cms.com\/index.php?rest_route=%2Fwp%2Fv2%2Fcomments&post=840"}],"version-history":[{"count":0,"href":"https:\/\/gs-cms.com\/index.php?rest_route=\/wp\/v2\/pages\/840\/revisions"}],"up":[{"embeddable":true,"href":"https:\/\/gs-cms.com\/index.php?rest_route=\/wp\/v2\/pages\/830"}],"wp:attachment":[{"href":"https:\/\/gs-cms.com\/index.php?rest_route=%2Fwp%2Fv2%2Fmedia&parent=840"}],"curies":[{"name":"wp","href":"https:\/\/api.w.org\/{rel}","templated":true}]}}