
{"id":77,"date":"2013-11-19T23:44:41","date_gmt":"2013-11-19T22:44:41","guid":{"rendered":"http:\/\/gs-cms.com\/?page_id=77"},"modified":"2019-02-10T23:02:47","modified_gmt":"2019-02-10T22:02:47","slug":"optionen","status":"publish","type":"page","link":"https:\/\/gs-cms.com\/?page_id=77","title":{"rendered":"Optionen"},"content":{"rendered":"<div id=\"accordion-1\" class=\"accordion no-js\"><br \/>\n\n\t\t\t\t\t<div role=\"button\" id=\"accordion-1-t1\" class=\"accordion-title js-accordion-controller\" aria-controls=\"accordion-1-c1\" aria-expanded=\"false\" tabindex=\"0\">\n\t\t\t\tOptionen\t\t\t<\/div>\n\t\t\n\t\t<div id=\"accordion-1-c1\" class=\"accordion-content\" aria-hidden=\"true\">\n\t\t\t<\/p>\n<p><figure id=\"attachment_759\" aria-describedby=\"caption-attachment-759\" style=\"width: 300px\" class=\"wp-caption alignright\"><a href=\"https:\/\/gs-cms.com\/wp-content\/uploads\/Optionen.jpg\" data-rel=\"lightbox-gallery-PYwY4eka\" data-rl_title=\"\" data-rl_caption=\"\" title=\"\"><img loading=\"lazy\" decoding=\"async\" data-attachment-id=\"759\" data-permalink=\"https:\/\/gs-cms.com\/?attachment_id=759\" data-orig-file=\"https:\/\/gs-cms.com\/wp-content\/uploads\/Optionen.jpg\" data-orig-size=\"701,500\" data-comments-opened=\"1\" data-image-meta=\"{&quot;aperture&quot;:&quot;0&quot;,&quot;credit&quot;:&quot;&quot;,&quot;camera&quot;:&quot;&quot;,&quot;caption&quot;:&quot;&quot;,&quot;created_timestamp&quot;:&quot;0&quot;,&quot;copyright&quot;:&quot;&quot;,&quot;focal_length&quot;:&quot;0&quot;,&quot;iso&quot;:&quot;0&quot;,&quot;shutter_speed&quot;:&quot;0&quot;,&quot;title&quot;:&quot;&quot;,&quot;orientation&quot;:&quot;0&quot;}\" data-image-title=\"Optionen\" data-image-description=\"\" data-image-caption=\"&lt;p&gt;Optionen&lt;\/p&gt;\n\" data-large-file=\"https:\/\/gs-cms.com\/wp-content\/uploads\/Optionen.jpg\" class=\"size-medium wp-image-759\" src=\"https:\/\/gs-cms.com\/wp-content\/uploads\/Optionen-300x213.jpg\" alt=\"Optionen\" width=\"300\" height=\"213\" srcset=\"https:\/\/gs-cms.com\/wp-content\/uploads\/Optionen-300x213.jpg 300w, https:\/\/gs-cms.com\/wp-content\/uploads\/Optionen.jpg 701w\" sizes=\"auto, (max-width: 300px) 100vw, 300px\" \/><\/a><figcaption id=\"caption-attachment-759\" class=\"wp-caption-text\">Optionen<\/figcaption><\/figure><\/p>\n<p>Die Programmoptionen des <strong>Construction Management System\u00a0CMS<\/strong> bieten zentralen Zugriff auf alle allgemeinen Programmeinstellungen.<\/p>\n<p>Hier k\u00f6nnen Sie Vorlagen von Serienbriefen definiert, die Einstellungen der Intranet-Seite eingeben\u00a0oder den Ger\u00e4tepool f\u00fcr das Bautagebuch verwalten.<\/p>\n<p>Au\u00dferdem werden hier programmweit alle Auswahlfelder in verschiedenen Sprachen definiert. Wenn ein Anwender beim Start seine Programmoberfl\u00e4che in eine andere Sprache \u00e4ndert, so sieht er auch alle benutzerdefinierten Auswahloptionen in\u00a0der gew\u00e4hlten\u00a0Sprache. Die Anzeigereihenfolge der Eintr\u00e4ge kann hier optional definiert werden, bzw.\u00a0eine alphabetische Sortierung definiert werden.<\/p>\n<p>Der Zugriff auf die programmweiten Optionen\u00a0kann \u00fcber die Rechteverwaltung beschr\u00e4nkt werden.<br \/>\n\t\t<\/div>\n\n\t\t<br \/>\n\n\t\t\t\t\t<div role=\"button\" id=\"accordion-1-t2\" class=\"accordion-title js-accordion-controller\" aria-controls=\"accordion-1-c2\" aria-expanded=\"false\" tabindex=\"0\">\n\t\t\t\tProjektoptionen\t\t\t<\/div>\n\t\t\n\t\t<div id=\"accordion-1-c2\" class=\"accordion-content\" aria-hidden=\"true\">\n\t\t\t<\/p>\n<p><figure id=\"attachment_734\" aria-describedby=\"caption-attachment-734\" style=\"width: 300px\" class=\"wp-caption alignright\"><a href=\"https:\/\/gs-cms.com\/wp-content\/uploads\/Projektoptionen-Ebenen.jpg\" data-rel=\"lightbox-gallery-PYwY4eka\" data-rl_title=\"\" data-rl_caption=\"\" title=\"\"><img loading=\"lazy\" decoding=\"async\" data-attachment-id=\"734\" data-permalink=\"https:\/\/gs-cms.com\/?attachment_id=734\" data-orig-file=\"https:\/\/gs-cms.com\/wp-content\/uploads\/Projektoptionen-Ebenen.jpg\" data-orig-size=\"550,500\" data-comments-opened=\"1\" data-image-meta=\"{&quot;aperture&quot;:&quot;0&quot;,&quot;credit&quot;:&quot;&quot;,&quot;camera&quot;:&quot;&quot;,&quot;caption&quot;:&quot;&quot;,&quot;created_timestamp&quot;:&quot;0&quot;,&quot;copyright&quot;:&quot;&quot;,&quot;focal_length&quot;:&quot;0&quot;,&quot;iso&quot;:&quot;0&quot;,&quot;shutter_speed&quot;:&quot;0&quot;,&quot;title&quot;:&quot;&quot;,&quot;orientation&quot;:&quot;0&quot;}\" data-image-title=\"Projektoptionen\" data-image-description=\"\" data-image-caption=\"&lt;p&gt;Projektoptionen&lt;\/p&gt;\n\" data-large-file=\"https:\/\/gs-cms.com\/wp-content\/uploads\/Projektoptionen-Ebenen.jpg\" class=\"size-medium wp-image-734\" src=\"https:\/\/gs-cms.com\/wp-content\/uploads\/Projektoptionen-Ebenen-300x272.jpg\" alt=\"Projektoptionen\" width=\"300\" height=\"272\" srcset=\"https:\/\/gs-cms.com\/wp-content\/uploads\/Projektoptionen-Ebenen-300x272.jpg 300w, https:\/\/gs-cms.com\/wp-content\/uploads\/Projektoptionen-Ebenen.jpg 550w\" sizes=\"auto, (max-width: 300px) 100vw, 300px\" \/><\/a><figcaption id=\"caption-attachment-734\" class=\"wp-caption-text\">Projektoptionen<\/figcaption><\/figure><\/p>\n<p>Bei den Projektoptionen des <strong>Construction Management System\u00a0CMS<\/strong> werden grundlegende Einstellungen f\u00fcr\u00a0alle Projektmodule vorgenommen.<\/p>\n<p>In jedem Projekt k\u00f6nnen diese Einstellungen individuell definiert werden.<\/p>\n<p>Hier wird die Gliederungsstruktur Ihres Projektes\u00a0\u00fcber eine\u00a0 dreistufige Gliederung definiert. In den ersten beiden Gliederungsebenen werden Auswahlwerte vordefiniert, um eine gezielte Auswertbarkeit der Daten zu erleichtern. In der dritten Ebene kann ein freier Text eingegeben werden. Diese\u00a0Strukturierung des Projektes finden Sie in allen projektbezogenen Modulen wider. So ist sichergestellt, dass alle Daten nach den gleichen Kriterien gegliedert werden. Je nach Art des Projekts kann eine andere Gliederungsstruktur definiert werden (z. B. Geb\u00e4ude &#8211; Stockwerk &#8211; Wohnung oder Bereich &#8211; Abschnitt &#8211; Gewerk), bei der Definition sind sie vollkommen frei.<\/p>\n<p>In den Projekteinstellungen k\u00f6nnen auch die Gro\u00dfger\u00e4te des Projekts angelegt werden, um diese im Bautagebuch zu verwenden. Alle Gro\u00dfger\u00e4te k\u00f6nnen aus dem allgemeinen Fahrzeugpool (definiert\u00a0\u00fcber die Programmoptionen) in das Projekt \u00fcbernommen werden.<\/p>\n<p>Bei den Projektoptionen k\u00f6nnen Sie projektbezogene Vorlagen f\u00fcr Ihre Berichte und Formulare anlegen, indem Sie\u00a0Grafiken f\u00fcr die Bericht und den Kopf- und Fu\u00dfzeilenbereich von Serienbriefen entsprechend Ihrem\u00a0Corporate Design\u00a0definieren. Da diese Vorlagen projektbezogen sind erm\u00f6glichen sie gr\u00f6\u00dftm\u00f6gliche Flexibilit\u00e4t (z.B. bei Arbeitsgemeinschaften).<\/p>\n<p>Des Weiteren werden hier projektbezogene Vorlagen f\u00fcr Serienbriefe definiert, die\u00a0in den Modulen <a title=\"M\u00e4ngelverwaltung\" href=\"https:\/\/gs-cms.com\/?page_id=31\">M\u00e4ngelverwaltung<\/a> und <a title=\"Besprechungen\" href=\"https:\/\/gs-cms.com\/?page_id=1046\">Besprechungen<\/a>\u00a0als Anschreiben f\u00fcr die jeweiligen Berichte verwendet werden.\u00a0Sie k\u00f6nnen eine beliebige Anzahl von Briefvorlagen frei definieren oder die Vorlagen aus den \u00fcbergeordneten <a title=\"Optionen\" href=\"https:\/\/gs-cms.com\/?page_id=77\">Programmoptionen<\/a> \u00fcbernehmen.<\/p>\n<p>Der Zugriff auf die\u00a0Projektoptionen\u00a0kann \u00fcber die Rechteverwaltung beschr\u00e4nkt werden.<br \/>\n\t\t<\/div>\n\n\t\t<br \/>\n<\/div>\n","protected":false},"excerpt":{"rendered":"","protected":false},"author":11,"featured_media":0,"parent":11,"menu_order":50,"comment_status":"closed","ping_status":"closed","template":"","meta":{"_bbp_topic_count":0,"_bbp_reply_count":0,"_bbp_total_topic_count":0,"_bbp_total_reply_count":0,"_bbp_voice_count":0,"_bbp_anonymous_reply_count":0,"_bbp_topic_count_hidden":0,"_bbp_reply_count_hidden":0,"_bbp_forum_subforum_count":0,"jetpack_post_was_ever_published":false,"footnotes":""},"class_list":["post-77","page","type-page","status-publish","hentry"],"aioseo_notices":[],"jetpack_sharing_enabled":true,"jetpack-related-posts":[{"id":939,"url":"https:\/\/gs-cms.com\/?page_id=939","url_meta":{"origin":77,"position":0},"title":"Planoptionen","author":"Patrick Schimmel","date":"Dienstag, 14. Januar 2014","format":false,"excerpt":"Bei den Planoptionen k\u00f6nnen die Auswahloptionen f\u00fcr die Planverwaltung des Projekts festgelegt werden. Zu jedem Eintrag muss ein Symbol als K\u00fcrzel eingegeben werden, welches f\u00fcr die automatische Generierung der Plannummern verwendet wird. Definiert werden k\u00f6nnen: Planer - Muss zuvor bei den Projektbeteiligten angelegt worden sein. Planungsphasen - z.B. Vorplanung, Entwurfsplanung,\u2026","rel":"","context":"In \"Optionen\"","block_context":{"text":"Optionen","link":"https:\/\/gs-cms.com\/?tag=optionen"},"img":{"alt_text":"Options","src":"https:\/\/i0.wp.com\/gs-cms.com\/wp-content\/uploads\/Options.png?resize=350%2C200&ssl=1","width":350,"height":200},"classes":[]},{"id":332,"url":"https:\/\/gs-cms.com\/?page_id=332","url_meta":{"origin":77,"position":1},"title":"Optionen","author":"Patrick Schimmel","date":"Samstag, 14. Dezember 2013","format":false,"excerpt":"Im Modul Optionen werden die Programmoptionen festgelegt. Auf der linkten Seite sind die verschiedenen Module dargestellt und darunter die Optionen dieses Moduls aufgelistet. Durch Auswahl eines Punktes werden auf der rechten Seite des Fensters die Daten zu der Option angezeigt. Die eingegebenen Daten werden im jeweiligen Modul als Auswahlfeld angezeigt.\u2026","rel":"","context":"In \"Optionen\"","block_context":{"text":"Optionen","link":"https:\/\/gs-cms.com\/?tag=optionen"},"img":{"alt_text":"","src":"https:\/\/i0.wp.com\/gs-cms.com\/wp-content\/uploads\/Optionen-Grunddaten.jpg?resize=350%2C200&ssl=1","width":350,"height":200,"srcset":"https:\/\/i0.wp.com\/gs-cms.com\/wp-content\/uploads\/Optionen-Grunddaten.jpg?resize=350%2C200&ssl=1 1x, https:\/\/i0.wp.com\/gs-cms.com\/wp-content\/uploads\/Optionen-Grunddaten.jpg?resize=525%2C300&ssl=1 1.5x, https:\/\/i0.wp.com\/gs-cms.com\/wp-content\/uploads\/Optionen-Grunddaten.jpg?resize=700%2C400&ssl=1 2x"},"classes":[]},{"id":1046,"url":"https:\/\/gs-cms.com\/?page_id=1046","url_meta":{"origin":77,"position":2},"title":"Besprechungen","author":"Patrick Schimmel","date":"Montag, 20. Januar 2014","format":false,"excerpt":"Besprechung hinzuf\u00fcgen Mit diesem Button wird eine neue Besprechung hinzugef\u00fcgt. Beim der ersten Besprechung einer Reihe muss eine Gliederung in Unterpunkte (Themen) definiert werden. In einer Reihe werden wiederkehrende Besprechungen zusammengefasst. Alle Besprechungen dieser Reihe haben die gleiche Untergliederung. Alle offenen Punkte der letzten Besprechung einer Reihe werden beim Fortf\u00fchren\u2026","rel":"","context":"In \"Besprechungen\"","block_context":{"text":"Besprechungen","link":"https:\/\/gs-cms.com\/?tag=besprechungen"},"img":{"alt_text":"","src":"https:\/\/i0.wp.com\/gs-cms.com\/wp-content\/uploads\/Besprechungen-Besprechungsdetails-e1395848069575.jpg?resize=350%2C200&ssl=1","width":350,"height":200,"srcset":"https:\/\/i0.wp.com\/gs-cms.com\/wp-content\/uploads\/Besprechungen-Besprechungsdetails-e1395848069575.jpg?resize=350%2C200&ssl=1 1x, https:\/\/i0.wp.com\/gs-cms.com\/wp-content\/uploads\/Besprechungen-Besprechungsdetails-e1395848069575.jpg?resize=525%2C300&ssl=1 1.5x"},"classes":[]},{"id":2376,"url":"https:\/\/gs-cms.com\/?page_id=2376","url_meta":{"origin":77,"position":3},"title":"Mobile Datenerfassung","author":"Patrick Schimmel","date":"Freitag, 6. M\u00e4rz 2015","format":false,"excerpt":"W\u00fcrden Sie gerne die Daten f\u00fcr Bautagesberichte und gefundenen M\u00e4ngeln direkt auf der Baustelle erfassen und mit Bildern hinterlegen?","rel":"","context":"\u00c4hnlicher Beitrag","block_context":{"text":"\u00c4hnlicher Beitrag","link":""},"img":{"alt_text":"DailyReports","src":"https:\/\/i0.wp.com\/gs-cms.com\/wp-content\/uploads\/DailyReports.png?resize=350%2C200&ssl=1","width":350,"height":200},"classes":[]},{"id":11,"url":"https:\/\/gs-cms.com\/?page_id=11","url_meta":{"origin":77,"position":4},"title":"Construction Management System","author":"Patrick Schimmel","date":"Dienstag, 19. November 2013","format":false,"excerpt":"Das Construction Management System CMS ist eine umfangreiche Software zur vertragssicheren Dokumentation und Verwaltung von Bauprojekten. Es umfasst alle Phasen des Bauprojekts, von der Projektakquise \u00fcber die Bauausf\u00fchrung bis hin zur Gew\u00e4hrleistung. Einmal eingetragene Informationen werden in einer zentralen Datenbank gespeichert und k\u00f6nnen \u00fcber frei definierbare Berichte beliebig ausgewertet und\u2026","rel":"","context":"\u00c4hnlicher Beitrag","block_context":{"text":"\u00c4hnlicher Beitrag","link":""},"img":{"alt_text":"Projektzyklus","src":"https:\/\/i0.wp.com\/gs-cms.com\/wp-content\/uploads\/Projektzyklus-300x221.png?resize=350%2C200&ssl=1","width":350,"height":200},"classes":[]},{"id":1282,"url":"https:\/\/gs-cms.com\/?page_id=1282","url_meta":{"origin":77,"position":5},"title":"Berichte bearbeiten","author":"Patrick Schimmel","date":"Montag, 19. Mai 2014","format":false,"excerpt":"Berichtsdaten bearbeiten Mit einem Doppelklick auf einen Eintrag im Berichtsfenster werden grundlegende Einstellungen eines Berichts bearbeitet. Hier kann dem Bericht ein Name und eine Beschreibung vergeben werden. Beides wird im Berichtsauswahlfenster des jeweiligen Moduls angezeigt. Die Einstellung bei \"Daten\" regelt den Datentyp des Berichts, also welche Daten das Programm an\u2026","rel":"","context":"In \"Berichte\"","block_context":{"text":"Berichte","link":"https:\/\/gs-cms.com\/?tag=berichte"},"img":{"alt_text":"","src":"https:\/\/i0.wp.com\/gs-cms.com\/wp-content\/uploads\/Bericht.jpg?resize=350%2C200&ssl=1","width":350,"height":200,"srcset":"https:\/\/i0.wp.com\/gs-cms.com\/wp-content\/uploads\/Bericht.jpg?resize=350%2C200&ssl=1 1x, https:\/\/i0.wp.com\/gs-cms.com\/wp-content\/uploads\/Bericht.jpg?resize=525%2C300&ssl=1 1.5x, https:\/\/i0.wp.com\/gs-cms.com\/wp-content\/uploads\/Bericht.jpg?resize=700%2C400&ssl=1 2x"},"classes":[]}],"_links":{"self":[{"href":"https:\/\/gs-cms.com\/index.php?rest_route=\/wp\/v2\/pages\/77","targetHints":{"allow":["GET"]}}],"collection":[{"href":"https:\/\/gs-cms.com\/index.php?rest_route=\/wp\/v2\/pages"}],"about":[{"href":"https:\/\/gs-cms.com\/index.php?rest_route=\/wp\/v2\/types\/page"}],"author":[{"embeddable":true,"href":"https:\/\/gs-cms.com\/index.php?rest_route=\/wp\/v2\/users\/11"}],"replies":[{"embeddable":true,"href":"https:\/\/gs-cms.com\/index.php?rest_route=%2Fwp%2Fv2%2Fcomments&post=77"}],"version-history":[{"count":1,"href":"https:\/\/gs-cms.com\/index.php?rest_route=\/wp\/v2\/pages\/77\/revisions"}],"predecessor-version":[{"id":3495,"href":"https:\/\/gs-cms.com\/index.php?rest_route=\/wp\/v2\/pages\/77\/revisions\/3495"}],"up":[{"embeddable":true,"href":"https:\/\/gs-cms.com\/index.php?rest_route=\/wp\/v2\/pages\/11"}],"wp:attachment":[{"href":"https:\/\/gs-cms.com\/index.php?rest_route=%2Fwp%2Fv2%2Fmedia&parent=77"}],"curies":[{"name":"wp","href":"https:\/\/api.w.org\/{rel}","templated":true}]}}