
{"id":57,"date":"2013-11-19T22:35:14","date_gmt":"2013-11-19T21:35:14","guid":{"rendered":"http:\/\/gs-cms.com\/?page_id=57"},"modified":"2020-05-15T23:06:32","modified_gmt":"2020-05-15T21:06:32","slug":"cms-hilfe","status":"publish","type":"page","link":"https:\/\/gs-cms.com\/?page_id=57","title":{"rendered":"CMS-Hilfe"},"content":{"rendered":"<p>Diese Dokumentation ist die Online-Hilfe zum Construction Management System.<\/p>\n<ol>\n<li><a title=\"Erste Schritte\" href=\"https:\/\/gs-cms.com\/?page_id=208\">Erste Schritte<\/a><\/li>\n<li><a title=\"Allgemeines\" href=\"https:\/\/gs-cms.com\/?page_id=448\">Allgemeines<\/a><\/li>\n<li><a title=\"Allgemeine Module\" href=\"https:\/\/gs-cms.com\/?page_id=13\">Allgemeine Module<\/a><\/li>\n<li><a title=\"Projektbezogene Module\" href=\"https:\/\/gs-cms.com\/?page_id=29\">Projektbezogene Module<\/a><\/li>\n<li><a title=\"Admin-Module\" href=\"https:\/\/gs-cms.com\/?page_id=263\">Admin-Module<\/a><\/li>\n<li><a title=\"Pers\u00f6nliche Module\" href=\"https:\/\/gs-cms.com\/?page_id=352\">Pers\u00f6nliche Module<\/a><\/li>\n<li><a title=\"Weitere Tools\" href=\"https:\/\/gs-cms.com\/?page_id=1333\">Weitere Tools<\/a><\/li>\n<\/ol>\n","protected":false},"excerpt":{"rendered":"<p>Diese Dokumentation ist die Online-Hilfe zum Construction Management System. Erste Schritte Allgemeines Allgemeine Module Projektbezogene Module Admin-Module Pers\u00f6nliche Module Weitere Tools<\/p>\n","protected":false},"author":11,"featured_media":0,"parent":0,"menu_order":11,"comment_status":"closed","ping_status":"closed","template":"helppage.php","meta":{"_bbp_topic_count":0,"_bbp_reply_count":0,"_bbp_total_topic_count":0,"_bbp_total_reply_count":0,"_bbp_voice_count":0,"_bbp_anonymous_reply_count":0,"_bbp_topic_count_hidden":0,"_bbp_reply_count_hidden":0,"_bbp_forum_subforum_count":0,"jetpack_post_was_ever_published":false,"footnotes":""},"class_list":["post-57","page","type-page","status-publish","hentry"],"aioseo_notices":[],"jetpack_sharing_enabled":true,"jetpack-related-posts":[{"id":13,"url":"https:\/\/gs-cms.com\/?page_id=13","url_meta":{"origin":57,"position":0},"title":"Allgemeine Module","author":"Patrick Schimmel","date":"Dienstag, 19. November 2013","format":false,"excerpt":"Allgemeine Module sind Module mit Daten, die keinem konkreten Projekt zugeordnet sind. Hierzu geh\u00f6ren die folgenden Module: Adressverwaltung Projektverwaltung Projektakquisition Linkbibliothek Intranet","rel":"","context":"In \"Allgemeine Module\"","block_context":{"text":"Allgemeine Module","link":"https:\/\/gs-cms.com\/?tag=allgemeine-module"},"img":{"alt_text":"","src":"","width":0,"height":0},"classes":[]},{"id":352,"url":"https:\/\/gs-cms.com\/?page_id=352","url_meta":{"origin":57,"position":1},"title":"Pers\u00f6nliche Module","author":"Patrick Schimmel","date":"Samstag, 14. Dezember 2013","format":false,"excerpt":"Pers\u00f6nliche Module sind direkt mit dem angemeldeten Benutzer bekn\u00fcpft. Zu den pers\u00f6nlichen Modulen geh\u00f6ren: Todo-Liste Zeiterfassung","rel":"","context":"In \"Pers\u00f6nlich\"","block_context":{"text":"Pers\u00f6nlich","link":"https:\/\/gs-cms.com\/?tag=persoenlich"},"img":{"alt_text":"","src":"","width":0,"height":0},"classes":[]},{"id":29,"url":"https:\/\/gs-cms.com\/?page_id=29","url_meta":{"origin":57,"position":2},"title":"Projektbezogene Module","author":"Patrick Schimmel","date":"Dienstag, 19. November 2013","format":false,"excerpt":"Projektbezogene Module beinhalten die Daten zu einem bestimmten Projekt. Zu den projektbezogenen Modulen geh\u00f6ren: Bautagebuch M\u00e4ngelverwaltung Bildverwaltung Besprechungen Planverwaltung Terminpl\u00e4ne Projektoptionen \u00a0","rel":"","context":"In \"Projektmodule\"","block_context":{"text":"Projektmodule","link":"https:\/\/gs-cms.com\/?tag=projektmodule"},"img":{"alt_text":"","src":"","width":0,"height":0},"classes":[]},{"id":263,"url":"https:\/\/gs-cms.com\/?page_id=263","url_meta":{"origin":57,"position":3},"title":"Admin-Module","author":"Patrick Schimmel","date":"Dienstag, 10. Dezember 2013","format":false,"excerpt":"Unter diesem Men\u00fcpunkt sind die administrativen Module zusammengefasst. Diese beinhalten kritische Daten, wie Benutzerdaten, Programmoptionen und die Funktion zum entg\u00fcltigen L\u00f6schen von Datens\u00e4tzen. Der Zugriff sollte nur durch versierte Anwender erfolgen.","rel":"","context":"In \"Admin\"","block_context":{"text":"Admin","link":"https:\/\/gs-cms.com\/?tag=admin"},"img":{"alt_text":"","src":"","width":0,"height":0},"classes":[]},{"id":1848,"url":"https:\/\/gs-cms.com\/?page_id=1848","url_meta":{"origin":57,"position":4},"title":"Terminplanung","author":"Patrick Schimmel","date":"Dienstag, 11. November 2014","format":false,"excerpt":"Eine detaillierte Hilfe steht zur Zeit noch nicht zur Verf\u00fcgung.","rel":"","context":"\u00c4hnlicher Beitrag","block_context":{"text":"\u00c4hnlicher Beitrag","link":""},"img":{"alt_text":"","src":"","width":0,"height":0},"classes":[]},{"id":356,"url":"https:\/\/gs-cms.com\/?page_id=356","url_meta":{"origin":57,"position":5},"title":"Projektverwaltung","author":"Patrick Schimmel","date":"Samstag, 14. Dezember 2013","format":false,"excerpt":"Die Projektverwaltung ist eines der Hauptmodule des Programms. Hier werden die Projektdaten eingegeben und als Basis f\u00fcr die projektbezogenen Module verwendet. Diese Funktion zeigt einen grafischen \u00dcberblick \u00fcber alle Projekte\u00a0an. Die Daten des \u00dcberblicks k\u00f6nnen gefiltert, sortiert, gruppiert und die Grafik kann auf einem Drucker ausgegeben werden. Projekte Vertr\u00e4ge Leistung\u2026","rel":"","context":"In \"Projekte\"","block_context":{"text":"Projekte","link":"https:\/\/gs-cms.com\/?tag=projekte"},"img":{"alt_text":"Projektverwaltung","src":"https:\/\/i0.wp.com\/gs-cms.com\/wp-content\/uploads\/Projekte-1024x646.jpg?resize=350%2C200&ssl=1","width":350,"height":200,"srcset":"https:\/\/i0.wp.com\/gs-cms.com\/wp-content\/uploads\/Projekte-1024x646.jpg?resize=350%2C200&ssl=1 1x, https:\/\/i0.wp.com\/gs-cms.com\/wp-content\/uploads\/Projekte-1024x646.jpg?resize=525%2C300&ssl=1 1.5x, https:\/\/i0.wp.com\/gs-cms.com\/wp-content\/uploads\/Projekte-1024x646.jpg?resize=700%2C400&ssl=1 2x"},"classes":[]}],"_links":{"self":[{"href":"https:\/\/gs-cms.com\/index.php?rest_route=\/wp\/v2\/pages\/57","targetHints":{"allow":["GET"]}}],"collection":[{"href":"https:\/\/gs-cms.com\/index.php?rest_route=\/wp\/v2\/pages"}],"about":[{"href":"https:\/\/gs-cms.com\/index.php?rest_route=\/wp\/v2\/types\/page"}],"author":[{"embeddable":true,"href":"https:\/\/gs-cms.com\/index.php?rest_route=\/wp\/v2\/users\/11"}],"replies":[{"embeddable":true,"href":"https:\/\/gs-cms.com\/index.php?rest_route=%2Fwp%2Fv2%2Fcomments&post=57"}],"version-history":[{"count":1,"href":"https:\/\/gs-cms.com\/index.php?rest_route=\/wp\/v2\/pages\/57\/revisions"}],"predecessor-version":[{"id":3682,"href":"https:\/\/gs-cms.com\/index.php?rest_route=\/wp\/v2\/pages\/57\/revisions\/3682"}],"wp:attachment":[{"href":"https:\/\/gs-cms.com\/index.php?rest_route=%2Fwp%2Fv2%2Fmedia&parent=57"}],"curies":[{"name":"wp","href":"https:\/\/api.w.org\/{rel}","templated":true}]}}