
{"id":555,"date":"2013-12-17T16:03:28","date_gmt":"2013-12-17T15:03:28","guid":{"rendered":"http:\/\/gs-cms.com\/?page_id=555"},"modified":"2016-01-27T23:29:58","modified_gmt":"2016-01-27T22:29:58","slug":"projekte","status":"publish","type":"page","link":"https:\/\/gs-cms.com\/?page_id=555","title":{"rendered":"Projekte"},"content":{"rendered":"<h3>Projekt hinzuf\u00fcgen<\/h3>\n<p>Durch einen Mausklick auf das Plus-Symbol in der Toolbar der Projektverwaltung wird ein neues Projekt angelegt.<\/p>\n<p><img loading=\"lazy\" decoding=\"async\" class=\"alignnone size-full wp-image-771\" src=\"https:\/\/gs-cms.com\/wp-content\/uploads\/Add.png\" alt=\"Add\" width=\"32\" height=\"32\" \/><\/p>\n<p>Im Anschluss wird das Detailfenster ge\u00f6ffnet und die Daten des Projekts k\u00f6nnen eingegeben werden.<\/p>\n<p><a href=\"https:\/\/gs-cms.com\/wp-content\/uploads\/Projekte-Projekt-Grunddaten.jpg\" data-rel=\"lightbox-gallery-gXPICKwP\" data-rl_title=\"\" data-rl_caption=\"\" title=\"\"><img loading=\"lazy\" decoding=\"async\" data-attachment-id=\"705\" data-permalink=\"https:\/\/gs-cms.com\/?attachment_id=705\" data-orig-file=\"https:\/\/gs-cms.com\/wp-content\/uploads\/Projekte-Projekt-Grunddaten.jpg\" data-orig-size=\"750,500\" data-comments-opened=\"1\" data-image-meta=\"{&quot;aperture&quot;:&quot;0&quot;,&quot;credit&quot;:&quot;&quot;,&quot;camera&quot;:&quot;&quot;,&quot;caption&quot;:&quot;&quot;,&quot;created_timestamp&quot;:&quot;0&quot;,&quot;copyright&quot;:&quot;&quot;,&quot;focal_length&quot;:&quot;0&quot;,&quot;iso&quot;:&quot;0&quot;,&quot;shutter_speed&quot;:&quot;0&quot;,&quot;title&quot;:&quot;&quot;,&quot;orientation&quot;:&quot;0&quot;}\" data-image-title=\"Projekte Projekt Grunddaten\" data-image-description=\"\" data-image-caption=\"\" data-large-file=\"https:\/\/gs-cms.com\/wp-content\/uploads\/Projekte-Projekt-Grunddaten.jpg\" class=\"alignnone size-full wp-image-705\" src=\"https:\/\/gs-cms.com\/wp-content\/uploads\/Projekte-Projekt-Grunddaten.jpg\" alt=\"Projekte Projekt Grunddaten\" width=\"750\" height=\"500\" srcset=\"https:\/\/gs-cms.com\/wp-content\/uploads\/Projekte-Projekt-Grunddaten.jpg 750w, https:\/\/gs-cms.com\/wp-content\/uploads\/Projekte-Projekt-Grunddaten-300x200.jpg 300w\" sizes=\"auto, (max-width: 750px) 100vw, 750px\" \/><\/a><\/p>\n<h3>Projekt bearbeiten<\/h3>\n<p>Das Detailfenster zum Bearbeiten von Projekten wird durch einen Doppelklick auf eine Zeile der Tabelle im Hauptfenster der Projektverwaltung ge\u00f6ffnet. In die Eingabefelder \u00fcber den Tabreitern muss der Name\u00a0 und der aktuelle Status des Projekts eingegeben werden.<\/p>\n<p>Im unteren Bereich kann mit den Pfeiltasten durch die Datens\u00e4tze gebl\u00e4ttert werden. Hierbei werden nur die Datens\u00e4tze verwendet, die im Hauptfenster zuvor angezeigt wurden. Beim Bl\u00e4ttern werden \u00c4nderungen am aktuellen Datensatz gespeichert.<\/p>\n<h4>Grunddaten<\/h4>\n<p>Bei den Grunddaten werden die grundlegenden Daten der Gelegenheit eingegeben.<\/p>\n<p><a href=\"https:\/\/gs-cms.com\/wp-content\/uploads\/Projekte-Projekt-Grunddaten.jpg\" data-rel=\"lightbox-gallery-gXPICKwP\" data-rl_title=\"\" data-rl_caption=\"\" title=\"\"><img loading=\"lazy\" decoding=\"async\" src=\"https:\/\/gs-cms.com\/wp-content\/uploads\/Projekte-Projekt-Grunddaten.jpg\" alt=\"Projekte Projekt Grunddaten\" width=\"750\" height=\"500\" \/><\/a><\/p>\n<p>Durch die Eingabe einer Region k\u00f6nnen die Rechte auf die Datens\u00e4tze beschr\u00e4nkt werden. Jedem Benutzer kann in der Benutzerverwaltung der Zugriff auf die Datens\u00e4tze einer Region beschr\u00e4nkt werden. Wird keine Region ausgew\u00e4hlt, so hat jeder Benutzer Zugriff auf die Daten.<\/p>\n<p>Der einzugebende Auftragswert ist die vertraglich Auftragssumme ohne Nachtr\u00e4ge. Mehrungen und Minderungen aus Nachtr\u00e4gen werden automatisch berechnet und im Hauptfenster dargestellt.<\/p>\n<p>Der Vertrag kann aus einem Auswahlfenster von bereits angelegten Vertr\u00e4gen ausgew\u00e4hlt werden. Die Trennung von Vertrag und Projekt ist insbesondere bei Rahmenvertr\u00e4gen erforderlich.<\/p>\n<p>Die Beschreibung ist eine allgemeine Projektkurzbeschreibung. Diese wird bei der Volltextsuche im Hauptfenster ber\u00fccksichtigt.<\/p>\n<h4>Termine<\/h4>\n<p>Bei den Terminen werden grundlegende Vertragstermine erfasst.<\/p>\n<p><a href=\"https:\/\/gs-cms.com\/wp-content\/uploads\/Projekte-Projekt-Termine.jpg\" data-rel=\"lightbox-gallery-gXPICKwP\" data-rl_title=\"\" data-rl_caption=\"\" title=\"\"><img loading=\"lazy\" decoding=\"async\" src=\"https:\/\/gs-cms.com\/wp-content\/uploads\/Projekte-Projekt-Termine.jpg\" alt=\"Projekte Projekt Termine\" width=\"750\" height=\"500\" \/><\/a><\/p>\n<p>Das Auftragsdatum ist das Datum, wann der Auftrag erteilt wurde.<\/p>\n<p>Der vertragliche Starttermin kennzeichnet den Beginn der Bauzeit. Es k\u00f6nnen entweder der vertragliche Endtermin oder die Bauzeit in Kalendertagen erfasst werden, der andere Termin wird automatisch berechnet.<\/p>\n<p>Die Zeitverl\u00e4ngerung in Kalendertagen wird automatisch aus den Nachtr\u00e4gen berechnet.<\/p>\n<p>Der tats\u00e4chliche Starttermin und der tats\u00e4chliche Endtermin kennzeichnen den tats\u00e4chlichen Beginn und das tats\u00e4chliche Ende der Baustelle (i.A. Abnahme oder \u00dcbergabe).<\/p>\n<p>Das angezeigte Ende der Gew\u00e4hrleistung wird automatisch aus den eingegebenen Gew\u00e4hrleistungsdaten \u00fcbernommen (eigener Unterpunkt).<\/p>\n<h4>Ansprechpartner<\/h4>\n<p>Im Tabreiter Ansprechpartner k\u00f6nnen vertragliche und technische Ansprechpartner angelegt werden.<\/p>\n<p><a href=\"https:\/\/gs-cms.com\/wp-content\/uploads\/Projekte-Projekt-Ansprechpartner.jpg\" data-rel=\"lightbox-gallery-gXPICKwP\" data-rl_title=\"\" data-rl_caption=\"\" title=\"\"><img loading=\"lazy\" decoding=\"async\" src=\"https:\/\/gs-cms.com\/wp-content\/uploads\/Projekte-Projekt-Ansprechpartner.jpg\" alt=\"Projekte Projekt Ansprechpartner\" width=\"750\" height=\"500\" \/><\/a><\/p>\n<p>Durch einen Mausklick auf den Plus-Button wird die Personenauswahl ge\u00f6ffnet und es kann ein beliebiger Firmen- oder ein Personenkontakt aus der Adressverwaltung ausgew\u00e4hlt werden.<\/p>\n<p>Mit dem Minus-Button wird ein Ansprechpartner entfernt.<\/p>\n<h4>Adresse<\/h4>\n<p>Die Adresse ist die Projektadresse.<\/p>\n<p><a href=\"https:\/\/gs-cms.com\/wp-content\/uploads\/Projekte-Projekt-Adresse.jpg\" data-rel=\"lightbox-gallery-gXPICKwP\" data-rl_title=\"\" data-rl_caption=\"\" title=\"\"><img loading=\"lazy\" decoding=\"async\" src=\"https:\/\/gs-cms.com\/wp-content\/uploads\/Projekte-Projekt-Adresse.jpg\" alt=\"Projekte Projekt Adresse\" width=\"750\" height=\"500\" \/><\/a><\/p>\n<h4>Kommentare<\/h4>\n<p>Bei den Kommentaren kann ein beliebiger Text als zus\u00e4tzliche Information eingegeben werden.<\/p>\n<p><a href=\"https:\/\/gs-cms.com\/wp-content\/uploads\/Projekte-Projekt-Kommentare.jpg\" data-rel=\"lightbox-gallery-gXPICKwP\" data-rl_title=\"\" data-rl_caption=\"\" title=\"\"><img loading=\"lazy\" decoding=\"async\" src=\"https:\/\/gs-cms.com\/wp-content\/uploads\/Projekte-Projekt-Kommentare.jpg\" alt=\"Projekte Projekt Kommentare\" width=\"750\" height=\"500\" \/><\/a><\/p>\n<h4>Projektzuordnungen bearbeiten<\/h4>\n<p>\u00dcber den Button im Detailfenster des Projekts werden die Projektzuordnungen bearbeitet, welche bei projektbezogenen Modulen f\u00fcr die Firmenauswahl verwendet werden. Au\u00dferdem k\u00f6nnen so projektbezogene Personen- und Telefonlisten mit den aktuellen Daten aus der Adressverwaltung erzeugt werden. Die Projektzuordnungen k\u00f6nnen auch direkt bei der Addressverwaltung bearbeitet werden.<\/p>\n<p><a href=\"https:\/\/gs-cms.com\/wp-content\/uploads\/Projekte-Projekt-Projektzuordnungen.jpg\" data-rel=\"lightbox-gallery-gXPICKwP\" data-rl_title=\"\" data-rl_caption=\"\" title=\"\"><img loading=\"lazy\" decoding=\"async\" src=\"https:\/\/gs-cms.com\/wp-content\/uploads\/Projekte-Projekt-Projektzuordnungen.jpg\" alt=\"Projekte Projekt Projektzuordnungen\" width=\"692\" height=\"600\" \/><\/a><\/p>\n<p>In dem Fenster k\u00f6nnen die Projektbeteiligten Firmen und Personen bearbeitet werden. \u00dcber die Inaktiv-Schalter in den Tabellen k\u00f6nnen Personen oder Firmen als inaktiv geschaltet werden. Der Eintrag wird dann nicht mehr in den Berichten ausgegeben.<\/p>\n<h4>W\u00e4hrungen<\/h4>\n<p>Im Unterfenster W\u00e4hrunge k\u00f6nnen verschiedene W\u00e4hrungen des Projekts angelegt werden.<\/p>\n<p><a href=\"https:\/\/gs-cms.com\/wp-content\/uploads\/Projekte-Projekt-Waehrungen.jpg\" data-rel=\"lightbox-gallery-gXPICKwP\" data-rl_title=\"\" data-rl_caption=\"\" title=\"\"><img loading=\"lazy\" decoding=\"async\" src=\"https:\/\/gs-cms.com\/wp-content\/uploads\/Projekte-Projekt-Waehrungen.jpg\" alt=\"Projekte Projekt Waehrungen\" width=\"300\" height=\"300\" \/><\/a><\/p>\n<p>In dem Fenster k\u00f6nnen beliebige W\u00e4hrungen mit Umrechnungsfaktoren eingegeben werden. Die interne W\u00e4hrung des Programms ist Euro. Ein Umrechnungsfaktor f\u00fcr Euro muss also nicht eingegeben werden.<\/p>\n<p><a href=\"https:\/\/gs-cms.com\/wp-content\/uploads\/Projekte-Projekt-Waehrungen-eingeben.jpg\" data-rel=\"lightbox-gallery-gXPICKwP\" data-rl_title=\"\" data-rl_caption=\"\" title=\"\"><img loading=\"lazy\" decoding=\"async\" src=\"https:\/\/gs-cms.com\/wp-content\/uploads\/Projekte-Projekt-Waehrungen-eingeben.jpg\" alt=\"Projekte Projekt Waehrungen eingeben\" width=\"339\" height=\"172\" \/><\/a><\/p>\n<p>Wird eine neue W\u00e4hrung angelegt, so kann der Umrechungsfaktor in Euro oder der Kehrwert eingegeben werden. Mit einem Mausklick auf das Pfeilsymbol kann ein kleiner Rechner ge\u00f6ffnet werden, um Zwischenrechnungen durchzuf\u00fchren.<\/p>\n<p>Falls im Auswahlfeld Standard bei einer W\u00e4hrung ein H\u00e4kchen gesetzt wird, werden die Betr\u00e4ge im Detailfenster des Projekts in dieser W\u00e4hrung angezeigt. Im Hauptfenster werden alle Betr\u00e4ge weiterhin als Euro ausgegeben.<\/p>\n<h4>Nachtr\u00e4ge<\/h4>\n<p>Im Unterfenster Nachtr\u00e4ge werden die eigenen Nachtr\u00e4ge des Projekts erfasst.<\/p>\n<p><a href=\"https:\/\/gs-cms.com\/wp-content\/uploads\/Projekte-Projekt-Nachtraege.jpg\" data-rel=\"lightbox-gallery-gXPICKwP\" data-rl_title=\"\" data-rl_caption=\"\" title=\"\"><img loading=\"lazy\" decoding=\"async\" src=\"https:\/\/gs-cms.com\/wp-content\/uploads\/Projekte-Projekt-Nachtraege.jpg\" alt=\"Projekte Projekt Nachtraege\" width=\"600\" height=\"350\" \/><\/a><\/p>\n<p>Mit den Plus- und Minus-Buttons werden Nachtr\u00e4ge hinzugef\u00fcgt, bzw. wieder entfernt.<\/p>\n<p>F\u00fcr jeden Nachtrag k\u00f6nnen die Nummer, Name und eine Beschreibung des Nachtrags eingegeben werden. Au\u00dferdem k\u00f6nnen Angaben zur Nachtragssumme, einer Zeitverl\u00e4ngerung und zur \u00dcberwachung des Nachtrags gemacht werden:<\/p>\n<ul>\n<li>Entdeckt &#8211; Wann wurde der Sachverhalt erkannt<\/li>\n<li>Eingereicht &#8211; Wann wurde der Nachtrag beim Auftraggeber angemeldet<\/li>\n<li>Beauftragt &#8211; Wann wurde der Nachtrag beauftragt<\/li>\n<li>Strittig &#8211; Wurde der Nachtrag gestellt und (noch) nicht anerkannt?<\/li>\n<\/ul>\n<p><a href=\"https:\/\/gs-cms.com\/wp-content\/uploads\/Projekte-Projekt-Nachtrag.jpg\" data-rel=\"lightbox-gallery-gXPICKwP\" data-rl_title=\"\" data-rl_caption=\"\" title=\"\"><img loading=\"lazy\" decoding=\"async\" src=\"https:\/\/gs-cms.com\/wp-content\/uploads\/Projekte-Projekt-Nachtrag.jpg\" alt=\"Projekte Projekt Nachtrag\" width=\"450\" height=\"400\" \/><\/a><\/p>\n<p>Die eingegebene Nachtragssumme wird automatisch zur Auftragssumme des Projekts addiert. Minderungsnachtr\u00e4ge m\u00fcssen mit negativem Betrag eingegeben werden.<\/p>\n<h4>Gew\u00e4hrleistung<\/h4>\n<p>Im Unterfenster Gew\u00e4hrleistung k\u00f6nnen Beginn und Dauer von Gew\u00e4hrleistungsfristen eingegeben werden.<\/p>\n<p><a href=\"https:\/\/gs-cms.com\/wp-content\/uploads\/Projekte-Projekt-Gewaehrleistung.jpg\" data-rel=\"lightbox-gallery-gXPICKwP\" data-rl_title=\"\" data-rl_caption=\"\" title=\"\"><img loading=\"lazy\" decoding=\"async\" src=\"https:\/\/gs-cms.com\/wp-content\/uploads\/Projekte-Projekt-Gewaehrleistung.jpg\" alt=\"Projekte Projekt Gewaehrleistung\" width=\"450\" height=\"350\" \/><\/a><\/p>\n<p>Das Ende der Gew\u00e4hrleistung wird automatisch bereichnet. Es k\u00f6nnen mehrere Gew\u00e4hrleistungsdaten eingegeben werden, damit Teilabnahmen ebenfalls erfasst werden k\u00f6nnen.<\/p>\n<h4>Projektoptionen<\/h4>\n<p>Im Unterfenster Projektoptionen k\u00f6nnen die Einstellungen des Projekts f\u00fcr die projektbasierenden Module ge\u00e4ndert werden.<\/p>\n<p>Siehe Kapitel <a title=\"Projektoptionen\" href=\"https:\/\/gs-cms.com\/?page_id=342\">Projektoptionen<\/a>.<\/p>\n<h4>Beurteilungen<\/h4>\n<p>In diesem Unterfenster kann eine Beurteilung der am Projekt beteiligten Nachunternehmer erfolgen.<\/p>\n<p><a href=\"https:\/\/gs-cms.com\/wp-content\/uploads\/Projekte-Projekt-Beurteilungen.jpg\" data-rel=\"lightbox-gallery-gXPICKwP\" data-rl_title=\"\" data-rl_caption=\"\" title=\"\"><img loading=\"lazy\" decoding=\"async\" src=\"https:\/\/gs-cms.com\/wp-content\/uploads\/Projekte-Projekt-Beurteilungen.jpg\" alt=\"Projekte Projekt Beurteilungen\" width=\"700\" height=\"450\" \/><\/a><\/p>\n<p>In einer Liste werden alle dem Projekt zugeordneten Firmen in der Tabelle an gezeigt. Wurde ein Eintrag ausgew\u00e4hlt, kann die Firma in der unteren H\u00e4lfte des Fensters bewertet werden. Dies erfolgt durch Klicken auf eins der Gesichter.<\/p>\n<p>Der Durchschnitt aller Beurteilungen eines Unternehmens wird in der Adressverwaltung automatisch im Detailfenster angezeigt.<\/p>\n<p>Zus\u00e4tzlich zu der Bewertung kann noch ein Kommentar eingegeben werden.<\/p>\n<h3>Projekt entfernen<\/h3>\n<p><a href=\"https:\/\/gs-cms.com\/wp-content\/uploads\/Delete.png\" data-rel=\"lightbox-gallery-gXPICKwP\" data-rl_title=\"\" data-rl_caption=\"\" title=\"\"><img loading=\"lazy\" decoding=\"async\" src=\"https:\/\/gs-cms.com\/wp-content\/uploads\/Delete.png\" alt=\"Delete\" width=\"32\" height=\"32\" \/><\/a><\/p>\n<p>Durch einen Mausklick auf den Minus-Button in der Toolbar der Projektverwaltung wird das ausgew\u00e4hlte Projekt gel\u00f6scht. Der Datensatz wird jedoch, um einen ungewollten Datenverlust zu verhindern, nicht sofort gel\u00f6scht, sondern er wird nur zur L\u00f6schung markiert. Danach wird das Projekt in der Projektverwaltung und in den anderen Modulen nicht mehr angezeigt.<\/p>\n<p>Das L\u00f6schen des eigentlichen Datensatzes kann nur durch einen Administrator mit entsprechenden Rechten erfolgen.<\/p>\n<h3>Projekt hinzuf\u00fcgen<\/h3>\n<p><img loading=\"lazy\" decoding=\"async\" src=\"https:\/\/gs-cms.com\/wp-content\/uploads\/Copy.png\" alt=\"Copy\" width=\"32\" height=\"32\" \/><\/p>\n<p>Durch einen Mausklick auf den Kopieren-Button in der Toolbar der Projektverwaltung wird das ausgew\u00e4hlte Projekt mit allen Daten kopiert.<\/p>\n<h3>Weiterf\u00fchrende Themen<\/h3>\n<ul>\n<li><a title=\"Projekte\" href=\"https:\/\/gs-cms.com\/?page_id=555\">Projekte<\/a><\/li>\n<li><a title=\"Vertr\u00e4ge\" href=\"https:\/\/gs-cms.com\/?page_id=564\">Vertr\u00e4ge<\/a><\/li>\n<li><a title=\"Projektoptionen\" href=\"https:\/\/gs-cms.com\/?page_id=342\">Projektoptionen<\/a><\/li>\n<li><a title=\"Administratives L\u00f6schen\" href=\"https:\/\/gs-cms.com\/?page_id=339\">Administratives L\u00f6schen<\/a><\/li>\n<\/ul>\n","protected":false},"excerpt":{"rendered":"<p>Projekt hinzuf\u00fcgen Durch einen Mausklick auf das Plus-Symbol in der Toolbar der Projektverwaltung wird ein neues Projekt angelegt. Im Anschluss wird das Detailfenster ge\u00f6ffnet und die Daten des Projekts k\u00f6nnen eingegeben werden. Projekt bearbeiten Das Detailfenster zum Bearbeiten von Projekten wird durch einen Doppelklick auf eine Zeile der Tabelle im Hauptfenster der Projektverwaltung ge\u00f6ffnet. In&hellip;<\/p>\n","protected":false},"author":11,"featured_media":0,"parent":356,"menu_order":0,"comment_status":"closed","ping_status":"closed","template":"helppage.php","meta":{"_bbp_topic_count":0,"_bbp_reply_count":0,"_bbp_total_topic_count":0,"_bbp_total_reply_count":0,"_bbp_voice_count":0,"_bbp_anonymous_reply_count":0,"_bbp_topic_count_hidden":0,"_bbp_reply_count_hidden":0,"_bbp_forum_subforum_count":0,"footnotes":""},"class_list":["post-555","page","type-page","status-publish","hentry"],"aioseo_notices":[],"jetpack_sharing_enabled":true,"jetpack-related-posts":[{"id":358,"url":"https:\/\/gs-cms.com\/?page_id=358","url_meta":{"origin":555,"position":0},"title":"Projektakquisition","author":"Patrick Schimmel","date":"Samstag, 14. Dezember 2013","format":false,"excerpt":"In der Projektakquisition werden die Daten von Gelegenheiten gesammelt und verwaltet, die zu einem Projekt werden k\u00f6nnen. \u00a0 Gelegenheit hinzuf\u00fcgen Durch einen Mausklick auf das Plus-Symbol in der Toolbar der Projektakquisition wird eine neue Gelegenheit angelegt. Danach wird das Detailfenster ge\u00f6ffnet und die Daten der Gelegenheit k\u00f6nnen eingegeben werden. \u00a0\u2026","rel":"","context":"In \"Akquisition\"","block_context":{"text":"Akquisition","link":"https:\/\/gs-cms.com\/?tag=akquisition"},"img":{"alt_text":"","src":"https:\/\/i0.wp.com\/gs-cms.com\/wp-content\/uploads\/Akquisition-Grunddaten.jpg?resize=350%2C200&ssl=1","width":350,"height":200,"srcset":"https:\/\/i0.wp.com\/gs-cms.com\/wp-content\/uploads\/Akquisition-Grunddaten.jpg?resize=350%2C200&ssl=1 1x, https:\/\/i0.wp.com\/gs-cms.com\/wp-content\/uploads\/Akquisition-Grunddaten.jpg?resize=525%2C300&ssl=1 1.5x, https:\/\/i0.wp.com\/gs-cms.com\/wp-content\/uploads\/Akquisition-Grunddaten.jpg?resize=700%2C400&ssl=1 2x"},"classes":[]},{"id":566,"url":"https:\/\/gs-cms.com\/?page_id=566","url_meta":{"origin":555,"position":1},"title":"Leistung \u00fcberwachen","author":"Patrick Schimmel","date":"Dienstag, 17. Dezember 2013","format":false,"excerpt":"Leistungsmeldung Die Leistungsmeldung ist ein Untermodul der Projektverwaltung f\u00fcr welchen eigenen Benutzerrechte erforderlich sind. Die Leistungsmeldung wird durch einen Mausklick auf den entsprechenden Button in der Toolbar der Projektverwaltung ge\u00f6ffnet. Beim \u00d6ffnen des Moduls wird die Leistung des aktuellen Monats angezeigt. Unter der Toolbar befindet sich ein Auswahlfeld, in dem\u2026","rel":"","context":"In \"Leistungsmeldung\"","block_context":{"text":"Leistungsmeldung","link":"https:\/\/gs-cms.com\/?tag=leistungsmeldung"},"img":{"alt_text":"Performance","src":"https:\/\/i0.wp.com\/gs-cms.com\/wp-content\/uploads\/Performance.png?resize=350%2C200&ssl=1","width":350,"height":200},"classes":[]},{"id":21,"url":"https:\/\/gs-cms.com\/?page_id=21","url_meta":{"origin":555,"position":2},"title":"Projektverwaltung","author":"Patrick Schimmel","date":"Dienstag, 19. November 2013","format":false,"excerpt":"H\u00e4tten Sie gerne eine zentrale Verwaltung aller Projekte, die alle relevanten Projektdaten enth\u00e4lt und strukturiert ausgeben kann? \u00dcbersicht Vertr\u00e4ge Verwalten von Einzelvertr\u00e4gen und von Rahmenvertr\u00e4gen Leistungsmeldung Monatliche Leistungsmeldung mit \u00dcbernahme der aktuellen Projektdaten und R\u00fcckmeldungen des Leistungsstands Web-Export Export von Projektdaten als XML-Datei oder als HTML-Website und Export aller Berichte\u2026","rel":"","context":"In \"featured\"","block_context":{"text":"featured","link":"https:\/\/gs-cms.com\/?tag=featured"},"img":{"alt_text":"Contracts","src":"https:\/\/i0.wp.com\/gs-cms.com\/wp-content\/uploads\/Contracts.png?resize=350%2C200&ssl=1","width":350,"height":200},"classes":[]},{"id":564,"url":"https:\/\/gs-cms.com\/?page_id=564","url_meta":{"origin":555,"position":3},"title":"Vertr\u00e4ge","author":"Patrick Schimmel","date":"Dienstag, 17. Dezember 2013","format":false,"excerpt":"\u00dcber den entsprechenden Button in der Toolbar der Projektverwaltung werden die Vertr\u00e4ge bearbeitet. In dem Unterfenster wird ein \u00dcberblick der eingetragenen Vertr\u00e4ge angezeigt. Mit dem Plus und dem Minus-Button im Unterfenster k\u00f6nnen neue Vertr\u00e4ge hinzugef\u00fcgt, bzw. vorhandene Vertr\u00e4ge gel\u00f6scht werden. Wird ein Vertrag gel\u00f6scht, haben die ihm zugeordneten Projekte keinen\u2026","rel":"","context":"In \"Projekte\"","block_context":{"text":"Projekte","link":"https:\/\/gs-cms.com\/?tag=projekte"},"img":{"alt_text":"Contracts","src":"https:\/\/i0.wp.com\/gs-cms.com\/wp-content\/uploads\/Contracts.png?resize=350%2C200&ssl=1","width":350,"height":200},"classes":[]},{"id":138,"url":"https:\/\/gs-cms.com\/?page_id=138","url_meta":{"origin":555,"position":4},"title":"Firmen","author":"Patrick Schimmel","date":"Dienstag, 3. Dezember 2013","format":false,"excerpt":"Firmenkontakt hinzuf\u00fcgen Das Anlegen eines neuen Firmenkontakts erfolgt \u00fcber den Plus-Schalter in der Toolbar der Adressverwaltung. Im Anschluss k\u00f6nnen im Detailfenster die Angaben zu dem Firmenkontakt bearbeitet werden. Firmenkontakt bearbeiten Das Detailfenster zum Bearbeiten von Firmenkontakten wird durch einen Doppelklick auf die entsprechende Zeile im Hauptfenster der Adressverwaltung ge\u00f6ffnet. Im\u2026","rel":"","context":"In \"Adressen\"","block_context":{"text":"Adressen","link":"https:\/\/gs-cms.com\/?tag=adressen"},"img":{"alt_text":"Add","src":"https:\/\/i0.wp.com\/gs-cms.com\/wp-content\/uploads\/Add.png?resize=350%2C200&ssl=1","width":350,"height":200},"classes":[]},{"id":23,"url":"https:\/\/gs-cms.com\/?page_id=23","url_meta":{"origin":555,"position":5},"title":"Projektakquisition","author":"Patrick Schimmel","date":"Dienstag, 19. November 2013","format":false,"excerpt":"W\u00fcrden Sie gerne den \u00dcberblick \u00fcber Ihre Angebote behalten und\u00a0keine Vergabetermine mehr verpassen? \u00dcbersicht Gelegenheiten \u00fcbernehmen \u00dcbernahme bereits eingegebener Daten in die Projektverwaltung im Auftragsfall. Submissionsdaten Erfassen und Auswerten von Submissionsergebnissen. Termine \u00dcberwachen von Terminen von Abgaben, Submissionen, usw. Beschreibung In der Projektakquisition des Construction Management System CMS werden alle\u2026","rel":"","context":"In \"Acquisition\"","block_context":{"text":"Acquisition","link":"https:\/\/gs-cms.com\/?tag=acquisition"},"img":{"alt_text":"MoveOpportunityToProject","src":"https:\/\/i0.wp.com\/gs-cms.com\/wp-content\/uploads\/MoveOpportunityToProject.png?resize=350%2C200&ssl=1","width":350,"height":200},"classes":[]}],"_links":{"self":[{"href":"https:\/\/gs-cms.com\/index.php?rest_route=\/wp\/v2\/pages\/555","targetHints":{"allow":["GET"]}}],"collection":[{"href":"https:\/\/gs-cms.com\/index.php?rest_route=\/wp\/v2\/pages"}],"about":[{"href":"https:\/\/gs-cms.com\/index.php?rest_route=\/wp\/v2\/types\/page"}],"author":[{"embeddable":true,"href":"https:\/\/gs-cms.com\/index.php?rest_route=\/wp\/v2\/users\/11"}],"replies":[{"embeddable":true,"href":"https:\/\/gs-cms.com\/index.php?rest_route=%2Fwp%2Fv2%2Fcomments&post=555"}],"version-history":[{"count":0,"href":"https:\/\/gs-cms.com\/index.php?rest_route=\/wp\/v2\/pages\/555\/revisions"}],"up":[{"embeddable":true,"href":"https:\/\/gs-cms.com\/index.php?rest_route=\/wp\/v2\/pages\/356"}],"wp:attachment":[{"href":"https:\/\/gs-cms.com\/index.php?rest_route=%2Fwp%2Fv2%2Fmedia&parent=555"}],"curies":[{"name":"wp","href":"https:\/\/api.w.org\/{rel}","templated":true}]}}