
{"id":505,"date":"2013-12-16T14:31:42","date_gmt":"2013-12-16T13:31:42","guid":{"rendered":"http:\/\/gs-cms.com\/?page_id=505"},"modified":"2016-01-27T23:30:54","modified_gmt":"2016-01-27T22:30:54","slug":"bautagesberichte","status":"publish","type":"page","link":"https:\/\/gs-cms.com\/?page_id=505","title":{"rendered":"Bautagebuch"},"content":{"rendered":"<p>Das Bautagebuch dient der t\u00e4glichen Dokumentation der Arbeiten auf der Baustelle.<\/p>\n<p><a href=\"https:\/\/gs-cms.com\/wp-content\/uploads\/Bautagebuch.jpg\" data-rel=\"lightbox-gallery-esHJyL5k\" data-rl_title=\"\" data-rl_caption=\"\" title=\"\"><img loading=\"lazy\" decoding=\"async\" data-attachment-id=\"721\" data-permalink=\"https:\/\/gs-cms.com\/?attachment_id=721\" data-orig-file=\"https:\/\/gs-cms.com\/wp-content\/uploads\/Bautagebuch.jpg\" data-orig-size=\"1282,748\" data-comments-opened=\"1\" data-image-meta=\"{&quot;aperture&quot;:&quot;0&quot;,&quot;credit&quot;:&quot;&quot;,&quot;camera&quot;:&quot;&quot;,&quot;caption&quot;:&quot;&quot;,&quot;created_timestamp&quot;:&quot;0&quot;,&quot;copyright&quot;:&quot;&quot;,&quot;focal_length&quot;:&quot;0&quot;,&quot;iso&quot;:&quot;0&quot;,&quot;shutter_speed&quot;:&quot;0&quot;,&quot;title&quot;:&quot;&quot;,&quot;orientation&quot;:&quot;0&quot;}\" data-image-title=\"Bautagebuch\" data-image-description=\"\" data-image-caption=\"&lt;p&gt;Bautagebuch&lt;\/p&gt;\n\" data-medium-file=\"https:\/\/gs-cms.com\/wp-content\/uploads\/Bautagebuch-300x175.jpg\" data-large-file=\"https:\/\/gs-cms.com\/wp-content\/uploads\/Bautagebuch-1024x597.jpg\" class=\"alignnone wp-image-721 size-large\" src=\"https:\/\/gs-cms.com\/wp-content\/uploads\/Bautagebuch-1024x597.jpg\" alt=\"Bautagebuch\" width=\"720\" height=\"419\" srcset=\"https:\/\/gs-cms.com\/wp-content\/uploads\/Bautagebuch-1024x597.jpg 1024w, https:\/\/gs-cms.com\/wp-content\/uploads\/Bautagebuch-300x175.jpg 300w, https:\/\/gs-cms.com\/wp-content\/uploads\/Bautagebuch.jpg 1282w\" sizes=\"auto, (max-width: 720px) 100vw, 720px\" \/><\/a><\/p>\n<p>In diesem Modul besteht die M\u00f6glichkeit dem Bauherrn einen Zugang zu den Berichten mit eingeschr\u00e4nkten Rechten zu geben. Der Bauherr kann dann die eingegebenen Berichte einsehen und Berichte drucken, au\u00dfer dem Eingabefeld f\u00fcr AG-Kommentare kann er jedoch keine Daten \u00e4ndern.<\/p>\n<h3>Bautagesbericht hinzuf\u00fcgen<\/h3>\n<p><img loading=\"lazy\" decoding=\"async\" src=\"https:\/\/gs-cms.com\/wp-content\/uploads\/Add.png\" alt=\"Add\" width=\"32\" height=\"32\" \/><\/p>\n<p>Durch einen Mausklick auf den Plus-Button in der Toolbar des Bautagebuchs wird ein neuer Bericht f\u00fcr einen Tag angelegt.<\/p>\n<p>Es \u00f6ffnet sich ein Kalenderfenster, in welchem das Datum des Tags ausgew\u00e4hlt wird, zu welchem der Bericht angelegt werden soll. Ist zu diesem Tag bereits ein Bericht angelegt worden, so wird dieser ge\u00f6ffnet und es wird kein neuer Bautagesbericht angelegt.<\/p>\n<h3>Bautagesbericht bearbeiten<\/h3>\n<p>Mit einem Doppleklick auf eine Zeile in der Tabelle des Hauptfensters des Bautagebuchs wird ein vorhandener Bericht zur Bearbeitung ge\u00f6ffnet.<\/p>\n<p>Mit den Pfeil-Buttons im unteren Teil des Detailfensters kann durch die einzelnen Tage gebl\u00e4ttert werden. Es werden nur Tage angezeigt, die im Hauptfenster nicht herausgefiltert waren. Beim Bl\u00e4ttern werden die \u00c4nderungen am aktuellen Datensatz gespeichert.<\/p>\n<p>Das Fenster besitzt eine Toolbar mit einem Kopieren-Button. Mit dieser Funktion k\u00f6nnen die Daten von einem anderen Bericht kopiert werden. Wird ein Tag mit einem vorhandenen Bautagesbericht ausgew\u00e4hlt, so werden alle Daten in den aktuellen Bericht kopiert. Bereits vorhandene Daten bleiben erhalten.<\/p>\n<h4>Grunddaten<\/h4>\n<p>Im ersten Abschnitt des Detailfensters werden die grundlegenden Daten des Bautagebuchs eingegeben.<\/p>\n<p><a href=\"https:\/\/gs-cms.com\/wp-content\/uploads\/Bautagebuch-Grunddaten.jpg\" data-rel=\"lightbox-gallery-esHJyL5k\" data-rl_title=\"\" data-rl_caption=\"\" title=\"\"><img loading=\"lazy\" decoding=\"async\" data-attachment-id=\"716\" data-permalink=\"https:\/\/gs-cms.com\/?attachment_id=716\" data-orig-file=\"https:\/\/gs-cms.com\/wp-content\/uploads\/Bautagebuch-Grunddaten.jpg\" data-orig-size=\"700,500\" data-comments-opened=\"1\" data-image-meta=\"{&quot;aperture&quot;:&quot;0&quot;,&quot;credit&quot;:&quot;&quot;,&quot;camera&quot;:&quot;&quot;,&quot;caption&quot;:&quot;&quot;,&quot;created_timestamp&quot;:&quot;0&quot;,&quot;copyright&quot;:&quot;&quot;,&quot;focal_length&quot;:&quot;0&quot;,&quot;iso&quot;:&quot;0&quot;,&quot;shutter_speed&quot;:&quot;0&quot;,&quot;title&quot;:&quot;&quot;,&quot;orientation&quot;:&quot;0&quot;}\" data-image-title=\"Bautagebuch Grunddaten\" data-image-description=\"\" data-image-caption=\"\" data-medium-file=\"https:\/\/gs-cms.com\/wp-content\/uploads\/Bautagebuch-Grunddaten-300x214.jpg\" data-large-file=\"https:\/\/gs-cms.com\/wp-content\/uploads\/Bautagebuch-Grunddaten.jpg\" class=\"alignnone size-medium wp-image-716\" src=\"https:\/\/gs-cms.com\/wp-content\/uploads\/Bautagebuch-Grunddaten-300x214.jpg\" alt=\"Bautagebuch Grunddaten\" width=\"300\" height=\"214\" srcset=\"https:\/\/gs-cms.com\/wp-content\/uploads\/Bautagebuch-Grunddaten-300x214.jpg 300w, https:\/\/gs-cms.com\/wp-content\/uploads\/Bautagebuch-Grunddaten.jpg 700w\" sizes=\"auto, (max-width: 300px) 100vw, 300px\" \/><\/a><\/p>\n<p>&nbsp;<\/p>\n<p>Die Wetterdaten, sowie die Arbeitszeit sollten immer angegeben werden. Die Arbeitszeiten werden beim Anlegen eines neuen Berichts vom Vortag \u00fcbernommen.<\/p>\n<h5>Wetterdaten abrufen<\/h5>\n<p>Die Wetterdaten k\u00f6nnen f\u00fcr vergangene Tage aus dem Archiv von <a href=\"http:\/\/www.wunderground.com\/\">www.wunderground.com <\/a>abgerufen werden. Klicken Sie hierzu auf den Button unterhalb der Eingabefelder f\u00fcr das Wetter.<\/p>\n<p><a href=\"https:\/\/gs-cms.com\/wp-content\/uploads\/Bautagebuch-Wunderground.jpg\" data-rel=\"lightbox-gallery-esHJyL5k\" data-rl_title=\"\" data-rl_caption=\"\" title=\"\"><img loading=\"lazy\" decoding=\"async\" src=\"https:\/\/gs-cms.com\/wp-content\/uploads\/Bautagebuch-Wunderground.jpg\" alt=\"Bautagebuch Wunderground\" width=\"400\" height=\"350\" \/><\/a><\/p>\n<p>In dem Fenster kann im ersten Eingabefeld der Name einer Stadt oder ein Teil des Namens eingegeben werden. In der Liste darunter werden die gefundenen St\u00e4dte angezeigt. Einer dieser Eintr\u00e4ge muss ausgew\u00e4hlt und mit dem Gr\u00fcnen Pfeil die Auswahl best\u00e4tigt werden.<\/p>\n<p>Danach werden die Daten des Tags abgerufen und unten angezeigt. Wird das Fenster mit dem OK-Button geschlossen, so werden die Daten in den Bericht \u00fcbernommen.<\/p>\n<h4>Bauleistung<\/h4>\n<p><a href=\"https:\/\/gs-cms.com\/wp-content\/uploads\/Bautagebuch-Bauleistung.jpg\" data-rel=\"lightbox-gallery-esHJyL5k\" data-rl_title=\"\" data-rl_caption=\"\" title=\"\"><img loading=\"lazy\" decoding=\"async\" src=\"https:\/\/gs-cms.com\/wp-content\/uploads\/Bautagebuch-Bauleistung.jpg\" alt=\"Bautagebuch Bauleistung\" width=\"700\" height=\"500\" \/><\/a><\/p>\n<p>Im Tabreiter &#8222;Bauleistung&#8220; wird erfasst welche Unternehmen auf der Baustelle waren und was diese wo gearbeitet haben. Hierzu k\u00f6nnen Firmen mit dem Plus-Button der Liste hinzugef\u00fcgt werden. Die Firmen m\u00fcssen dem Projekt zuvor zugeordnet worden sein.<\/p>\n<p>Des Weiteren sind Informationen einzugeben, wo jede einzelne Firma gearbeitet hat. Die Zuordnung erfolgt \u00fcber die 3 Projektebenen, die bei den Projektoptionen angelegt wurden.<\/p>\n<p>Vorhandene Eintr\u00e4ge werden mit dem Minus-Button wieder entfernt.<\/p>\n<h4>Arbeiter<\/h4>\n<p><a href=\"https:\/\/gs-cms.com\/wp-content\/uploads\/Bautagebuch-Arbeiter.jpg\" data-rel=\"lightbox-gallery-esHJyL5k\" data-rl_title=\"\" data-rl_caption=\"\" title=\"\"><img loading=\"lazy\" decoding=\"async\" src=\"https:\/\/gs-cms.com\/wp-content\/uploads\/Bautagebuch-Arbeiter.jpg\" alt=\"Bautagebuch Arbeiter\" width=\"700\" height=\"500\" \/><\/a><\/p>\n<p>Im Tabreiter &#8222;Arbeiter&#8220; wird die Anzahl der auf der Baustelle anwesenden Personen pro Firma erfasst. Hierzu k\u00f6nnen Firmen mit dem Plus-Button der Liste hinzugef\u00fcgt werden. Die Firmen m\u00fcssen dem Projekt zuvor zugeordnet worden sein.<\/p>\n<p>Die Anzahl der Arbeiter kann nach der 1. Ebene untergliedert werden. Die Summe der anwesenden Arbeiter wird automatisch berechnet .<\/p>\n<p>Vorhandene Eintr\u00e4ge werden mit dem Minus-Button wieder entfernt.<\/p>\n<h4>Ger\u00e4te<\/h4>\n<p><a href=\"https:\/\/gs-cms.com\/wp-content\/uploads\/Bautagebuch-Geraete.jpg\" data-rel=\"lightbox-gallery-esHJyL5k\" data-rl_title=\"\" data-rl_caption=\"\" title=\"\"><img loading=\"lazy\" decoding=\"async\" src=\"https:\/\/gs-cms.com\/wp-content\/uploads\/Bautagebuch-Geraete.jpg\" alt=\"Bautagebuch  Geraete\" width=\"700\" height=\"500\" \/><\/a><\/p>\n<p>Im Tabreiter &#8222;Ger\u00e4te&#8220; werden die Gro\u00dfger\u00e4te auf der Baustelle erfasst. Hierzu k\u00f6nnen Firmen mit dem Plus-Button der Liste hinzugef\u00fcgt werden. Die Firmen m\u00fcssen dem Projekt zuvor zugeordnet worden sein. Es k\u00f6nnen nur Ger\u00e4te ausgew\u00e4hlt werden, die zuvor bei den Projektoptionen angelegt wurden.<\/p>\n<p>Es kann die Anzahl der Ger\u00e4te und die Anzahl der geleisteten Stunden eingegeben werden.<\/p>\n<p>Vorhandene Eintr\u00e4ge werden mit dem Minus-Button wieder entfernt.<\/p>\n<h4>Materiallieferungen<\/h4>\n<p><a href=\"https:\/\/gs-cms.com\/wp-content\/uploads\/Bautagebuch-Materiallieferungen.jpg\" data-rel=\"lightbox-gallery-esHJyL5k\" data-rl_title=\"\" data-rl_caption=\"\" title=\"\"><img loading=\"lazy\" decoding=\"async\" src=\"https:\/\/gs-cms.com\/wp-content\/uploads\/Bautagebuch-Materiallieferungen.jpg\" alt=\"Bautagebuch Materiallieferungen\" width=\"700\" height=\"500\" \/><\/a><\/p>\n<p>Im Tabreiter &#8222;Materiallieferungen&#8220; werden die Gro\u00dfger\u00e4te auf der Baustelle erfasst. Hierzu k\u00f6nnen Firmen mit dem Plus-Button der Liste hinzugef\u00fcgt werden. Die Firmen m\u00fcssen dem Projekt zuvor zugeordnet worden sein.<\/p>\n<p>Es kann die Art des Materials, die Menge, die Einheit und ein Kommentar zu jeder Lieferung eingegeben werden.<\/p>\n<p>Vorhandene Eintr\u00e4ge werden mit dem Minus-Button wieder entfernt.<\/p>\n<h4>Besonderes<\/h4>\n<p><a href=\"https:\/\/gs-cms.com\/wp-content\/uploads\/Bautagebuch-Besonderes.jpg\" data-rel=\"lightbox-gallery-esHJyL5k\" data-rl_title=\"\" data-rl_caption=\"\" title=\"\"><img loading=\"lazy\" decoding=\"async\" src=\"https:\/\/gs-cms.com\/wp-content\/uploads\/Bautagebuch-Besonderes.jpg\" alt=\"Bautagebuch Besonderes\" width=\"700\" height=\"500\" \/><\/a><\/p>\n<p>Im Tabreiter &#8222;Besonderes&#8220; k\u00f6nnen verschiedene Arten von Kommentaren zum aktuellen Bautagesbericht eingegeben werden.<\/p>\n<p>Die Kommentare sind \u00f6ffentlich sichtbar.<\/p>\n<p>Interne Kommentare werden nur im Programm angezeigt, jedoch nicht in die Berichte \u00fcbernommen.<\/p>\n<p>Kommentare vom AG k\u00f6nnen duch den Bauherrn eingegeben werden, sofern dieser Zugang zum System und entsprechende Berechtigungen hat.<\/p>\n<h4>Bilder<\/h4>\n<p><a href=\"https:\/\/gs-cms.com\/wp-content\/uploads\/Bautagebuch-Bilder.jpg\" data-rel=\"lightbox-gallery-esHJyL5k\" data-rl_title=\"\" data-rl_caption=\"\" title=\"\"><img loading=\"lazy\" decoding=\"async\" src=\"https:\/\/gs-cms.com\/wp-content\/uploads\/Bautagebuch-Bilder.jpg\" alt=\"Bautagebuch Bilder\" width=\"700\" height=\"500\" \/><\/a><\/p>\n<p>Im Tabreiter &#8222;Bilder&#8220; k\u00f6nnen Photos mit dem aktuellen Bautagesbericht verkn\u00fcpft werden.<\/p>\n<p>Mit dem Plus-Button kann ein neues Bild hochgeladen werden.<\/p>\n<p><a href=\"https:\/\/gs-cms.com\/wp-content\/uploads\/Bautagebuch-Bilder-Hochladen.jpg\" data-rel=\"lightbox-gallery-esHJyL5k\" data-rl_title=\"\" data-rl_caption=\"\" title=\"\"><img loading=\"lazy\" decoding=\"async\" src=\"https:\/\/gs-cms.com\/wp-content\/uploads\/Bautagebuch-Bilder-Hochladen.jpg\" alt=\"Bautagebuch Bilder Hochladen\" width=\"907\" height=\"400\" \/><\/a><\/p>\n<p>In dem Eingabefenster k\u00f6nnen mehrere Bilder zu der Liste auf der linken Seite hinzugef\u00fcgt werden. Per Drag&amp;Drop k\u00f6nnen Dateien aus dem Explorer in dieses Fenster gezogen werden. Auf der rechten Seite k\u00f6nnen vor dem Hochladen der Dateien Vorgabewerte eingestellt werden, die f\u00fcr alle Bilder in der Liste \u00fcbernommen werden.<\/p>\n<p>Mit dem &#8222;Hochladen&#8220;-Button wird der Vorgang gestartet. Alle Bilder werden in die Bildverwaltung hochgeladen und erhalten eine Verkn\u00fcpfung mit dem aktuellen Bautagesbericht.<\/p>\n<p>Vorhandene Bilder werden mit dem Minus-Button wieder entfernt. Es wird nur die Verbindung zum Bautagesbericht bel\u00f6scht. Das Bild bleibt in der Bildverwaltung erhalten.<\/p>\n<h3>Bautagesbericht entfernen<\/h3>\n<p><img loading=\"lazy\" decoding=\"async\" src=\"https:\/\/gs-cms.com\/wp-content\/uploads\/Delete.png\" alt=\"Delete\" width=\"32\" height=\"32\" \/><\/p>\n<p>Das L\u00f6schen eines Bautagesberichts erfolgt \u00fcber den Minus-Schalter in der Toolbar des Bautagebuchs.<\/p>\n<h3>\u00dcberblick anzeigen<\/h3>\n<p><img loading=\"lazy\" decoding=\"async\" class=\"alignnone size-full wp-image-1793\" src=\"https:\/\/gs-cms.com\/wp-content\/uploads\/Overview.png\" alt=\"Overview\" width=\"32\" height=\"32\" \/><\/p>\n<p>Diese Funktion zeigt einen \u00dcberblick \u00fcber alle Bautagesberichte des Projekts an.<\/p>\n<h3>Weiterf\u00fchrende Themen<\/h3>\n<ul>\n<li><a title=\"Projektoptionen\" href=\"https:\/\/gs-cms.com\/?page_id=342\">Projektoptionen<\/a><\/li>\n<\/ul>\n","protected":false},"excerpt":{"rendered":"<p>Das Bautagebuch dient der t\u00e4glichen Dokumentation der Arbeiten auf der Baustelle. In diesem Modul besteht die M\u00f6glichkeit dem Bauherrn einen Zugang zu den Berichten mit eingeschr\u00e4nkten Rechten zu geben. Der Bauherr kann dann die eingegebenen Berichte einsehen und Berichte drucken, au\u00dfer dem Eingabefeld f\u00fcr AG-Kommentare kann er jedoch keine Daten \u00e4ndern. Bautagesbericht hinzuf\u00fcgen Durch einen&hellip;<\/p>\n","protected":false},"author":11,"featured_media":0,"parent":29,"menu_order":0,"comment_status":"closed","ping_status":"closed","template":"helppage.php","meta":{"_bbp_topic_count":0,"_bbp_reply_count":0,"_bbp_total_topic_count":0,"_bbp_total_reply_count":0,"_bbp_voice_count":0,"_bbp_anonymous_reply_count":0,"_bbp_topic_count_hidden":0,"_bbp_reply_count_hidden":0,"_bbp_forum_subforum_count":0,"jetpack_post_was_ever_published":false,"footnotes":""},"class_list":["post-505","page","type-page","status-publish","hentry"],"aioseo_notices":[],"jetpack_sharing_enabled":true,"jetpack-related-posts":[{"id":342,"url":"https:\/\/gs-cms.com\/?page_id=342","url_meta":{"origin":505,"position":0},"title":"Projektoptionen","author":"Patrick Schimmel","date":"Samstag, 14. Dezember 2013","format":false,"excerpt":"Die Projektoptionen enthalten Grunddaten der Projekte, die f\u00fcr die Strukturierung und Ausgabe der Projektdaten wichtig sind. Falls die projektbezogenen Module f\u00fcr Projekte eingesetzt werden, so sollten diese Daten zuvor angelegt werden. Ebenen Die Daten der projektbezogenen Module k\u00f6nnen in 3 Ebenen untergliedert werden. Die Ebenen stellen Attribute dar, mit denen\u2026","rel":"","context":"In \"Optionen\"","block_context":{"text":"Optionen","link":"https:\/\/gs-cms.com\/?tag=optionen"},"img":{"alt_text":"","src":"https:\/\/i0.wp.com\/gs-cms.com\/wp-content\/uploads\/Projektoptionen-Logos.jpg?resize=350%2C200&ssl=1","width":350,"height":200,"srcset":"https:\/\/i0.wp.com\/gs-cms.com\/wp-content\/uploads\/Projektoptionen-Logos.jpg?resize=350%2C200&ssl=1 1x, https:\/\/i0.wp.com\/gs-cms.com\/wp-content\/uploads\/Projektoptionen-Logos.jpg?resize=525%2C300&ssl=1 1.5x"},"classes":[]},{"id":25,"url":"https:\/\/gs-cms.com\/?page_id=25","url_meta":{"origin":505,"position":1},"title":"Bautagebuch","author":"Patrick Schimmel","date":"Dienstag, 19. November 2013","format":false,"excerpt":"W\u00fcrden Sie gerne Ihre Projekte einfach und vertragssicher dokumentieren und dabei die eingegebenen Daten nach verschiedenen Gesichtspunkten auswerten k\u00f6nnen? \u00dcbersicht Kooperation Sie k\u00f6nnen Ihren Auftraggebern direkten, beschr\u00e4nkten Zugriff auf die Berichte erlauben und so Kommentare direkt erhalten. Ressourcen Erfassen von Arbeitskr\u00e4ften, verbauten Materialien und Materiallieferungen. Bilder Bilder k\u00f6nnen mit Ihrem\u2026","rel":"","context":"In \"Bautagebuch\"","block_context":{"text":"Bautagebuch","link":"https:\/\/gs-cms.com\/?tag=bautagebuch"},"img":{"alt_text":"Meetings","src":"https:\/\/i0.wp.com\/gs-cms.com\/wp-content\/uploads\/Meetings.png?resize=350%2C200&ssl=1","width":350,"height":200},"classes":[]},{"id":77,"url":"https:\/\/gs-cms.com\/?page_id=77","url_meta":{"origin":505,"position":2},"title":"Optionen","author":"Patrick Schimmel","date":"Dienstag, 19. November 2013","format":false,"excerpt":"","rel":"","context":"In \"Optionen\"","block_context":{"text":"Optionen","link":"https:\/\/gs-cms.com\/?tag=optionen"},"img":{"alt_text":"Optionen","src":"https:\/\/i0.wp.com\/gs-cms.com\/wp-content\/uploads\/Optionen-300x213.jpg?resize=350%2C200&ssl=1","width":350,"height":200},"classes":[]},{"id":1258,"url":"https:\/\/gs-cms.com\/?page_id=1258","url_meta":{"origin":505,"position":3},"title":"Erweiterte Konfiguration","author":"Patrick Schimmel","date":"Mittwoch, 14. Mai 2014","format":false,"excerpt":"Grundlegende Funktionen zum Erstellen der Datenbank und dem Benutzen des Config-Tools wurden bereits hier erl\u00e4utert. In diesem Abschnitt werden die erweiterten Funktionen kurz erkl\u00e4rt. Anlegen einer neuen Datenbankverbindung Mit dem Plus-Symbol wird eine neue Verbindung angelegt. Sie k\u00f6nnen beliebig viele Verbindungen anlegen, jeder Client-Rechner kann somit \u00fcber mehrere Verbindungen verf\u00fcgen.\u2026","rel":"","context":"In \"Admin\"","block_context":{"text":"Admin","link":"https:\/\/gs-cms.com\/?tag=admin"},"img":{"alt_text":"Config-Tool","src":"https:\/\/i0.wp.com\/gs-cms.com\/wp-content\/uploads\/Config-Tool-300x245.jpg?resize=350%2C200&ssl=1","width":350,"height":200},"classes":[]},{"id":1271,"url":"https:\/\/gs-cms.com\/?page_id=1271","url_meta":{"origin":505,"position":4},"title":"Berichte","author":"Patrick Schimmel","date":"Montag, 19. Mai 2014","format":false,"excerpt":"In jedem Modul k\u00f6nnen die Datens\u00e4tze und Auswertungen der Daten in Berichten ausgegeben werden. Klicken Sie hierzu das Druckersymbol in der Taskleiste des Moduls. Das Symbol ist nur aktiv, wenn mindestens ein Datensatz im Modul exisitert. Das folgende Berichtsfenster wird angezeigt: \u00a0 Die Berichte sind in Kategorien gruppiert, die angeben\u2026","rel":"","context":"In \"Berichte\"","block_context":{"text":"Berichte","link":"https:\/\/gs-cms.com\/?tag=berichte"},"img":{"alt_text":"","src":"https:\/\/i0.wp.com\/gs-cms.com\/wp-content\/uploads\/Berichte.jpg?resize=350%2C200&ssl=1","width":350,"height":200,"srcset":"https:\/\/i0.wp.com\/gs-cms.com\/wp-content\/uploads\/Berichte.jpg?resize=350%2C200&ssl=1 1x, https:\/\/i0.wp.com\/gs-cms.com\/wp-content\/uploads\/Berichte.jpg?resize=525%2C300&ssl=1 1.5x, https:\/\/i0.wp.com\/gs-cms.com\/wp-content\/uploads\/Berichte.jpg?resize=700%2C400&ssl=1 2x"},"classes":[]},{"id":224,"url":"https:\/\/gs-cms.com\/?page_id=224","url_meta":{"origin":505,"position":5},"title":"Erster Start","author":"Patrick Schimmel","date":"Freitag, 6. Dezember 2013","format":false,"excerpt":"Starten von CMS Nachdem die Software installiert wurde und die Servereinstellungen get\u00e4tigt und die Datenbank erstellt wurde, kann CMS zum ersten Mal gestartet werden. Je nach Auswahl in der Installationsroutine wurde eine Verkn\u00fcpfung im Startmen\u00fc und\/oder auf dem Desktop erstellt, mit welcher die Software gestartet werden kann. Beim Erstellen der\u2026","rel":"","context":"In \"Programmstart\"","block_context":{"text":"Programmstart","link":"https:\/\/gs-cms.com\/?tag=programmstart"},"img":{"alt_text":"Login","src":"https:\/\/i0.wp.com\/gs-cms.com\/wp-content\/uploads\/Login-300x192.jpg?resize=350%2C200&ssl=1","width":350,"height":200},"classes":[]}],"_links":{"self":[{"href":"https:\/\/gs-cms.com\/index.php?rest_route=\/wp\/v2\/pages\/505","targetHints":{"allow":["GET"]}}],"collection":[{"href":"https:\/\/gs-cms.com\/index.php?rest_route=\/wp\/v2\/pages"}],"about":[{"href":"https:\/\/gs-cms.com\/index.php?rest_route=\/wp\/v2\/types\/page"}],"author":[{"embeddable":true,"href":"https:\/\/gs-cms.com\/index.php?rest_route=\/wp\/v2\/users\/11"}],"replies":[{"embeddable":true,"href":"https:\/\/gs-cms.com\/index.php?rest_route=%2Fwp%2Fv2%2Fcomments&post=505"}],"version-history":[{"count":0,"href":"https:\/\/gs-cms.com\/index.php?rest_route=\/wp\/v2\/pages\/505\/revisions"}],"up":[{"embeddable":true,"href":"https:\/\/gs-cms.com\/index.php?rest_route=\/wp\/v2\/pages\/29"}],"wp:attachment":[{"href":"https:\/\/gs-cms.com\/index.php?rest_route=%2Fwp%2Fv2%2Fmedia&parent=505"}],"curies":[{"name":"wp","href":"https:\/\/api.w.org\/{rel}","templated":true}]}}