
{"id":452,"date":"2013-12-15T21:48:36","date_gmt":"2013-12-15T20:48:36","guid":{"rendered":"http:\/\/gs-cms.com\/?page_id=452"},"modified":"2016-01-27T23:28:16","modified_gmt":"2016-01-27T22:28:16","slug":"anhaenge","status":"publish","type":"page","link":"https:\/\/gs-cms.com\/?page_id=452","title":{"rendered":"Anh\u00e4nge"},"content":{"rendered":"<p>In verschienenen Abschnitten des Programms k\u00f6nnen die Datens\u00e4tze mit Anh\u00e4ngen versehen werden.<\/p>\n<p>Prinzipiell kann jede Datei als Anhang verwendet werden. Es sollte nur darauf geachtet werden, dass es sich um ein g\u00e4ngiges Dateiformat handelt und auf allen Clients ein Programm zum \u00d6ffnen dieses Formats vorhanden ist.<\/p>\n<p><a href=\"https:\/\/gs-cms.com\/wp-content\/uploads\/Anhaenge.jpg\" data-rel=\"lightbox-gallery-lVQbOtCg\" data-rl_title=\"\" data-rl_caption=\"\" title=\"\"><img loading=\"lazy\" decoding=\"async\" data-attachment-id=\"653\" data-permalink=\"https:\/\/gs-cms.com\/?attachment_id=653\" data-orig-file=\"https:\/\/gs-cms.com\/wp-content\/uploads\/Anhaenge.jpg\" data-orig-size=\"550,350\" data-comments-opened=\"1\" data-image-meta=\"{&quot;aperture&quot;:&quot;0&quot;,&quot;credit&quot;:&quot;&quot;,&quot;camera&quot;:&quot;&quot;,&quot;caption&quot;:&quot;&quot;,&quot;created_timestamp&quot;:&quot;0&quot;,&quot;copyright&quot;:&quot;&quot;,&quot;focal_length&quot;:&quot;0&quot;,&quot;iso&quot;:&quot;0&quot;,&quot;shutter_speed&quot;:&quot;0&quot;,&quot;title&quot;:&quot;&quot;,&quot;orientation&quot;:&quot;0&quot;}\" data-image-title=\"Anhaenge\" data-image-description=\"\" data-image-caption=\"\" data-large-file=\"https:\/\/gs-cms.com\/wp-content\/uploads\/Anhaenge.jpg\" class=\"alignnone size-full wp-image-653\" src=\"https:\/\/gs-cms.com\/wp-content\/uploads\/Anhaenge.jpg\" alt=\"Anhaenge\" width=\"550\" height=\"350\" srcset=\"https:\/\/gs-cms.com\/wp-content\/uploads\/Anhaenge.jpg 550w, https:\/\/gs-cms.com\/wp-content\/uploads\/Anhaenge-300x190.jpg 300w\" sizes=\"auto, (max-width: 550px) 100vw, 550px\" \/><\/a><\/p>\n<h3>Anhang hinzuf\u00fcgen<\/h3>\n<p>Mit dem Plus-Button in der Toolbar des Anhangsfensters kann ein neuer Anhang hinzugef\u00fcgt werden.<\/p>\n<p><img loading=\"lazy\" decoding=\"async\" src=\"https:\/\/gs-cms.com\/wp-content\/uploads\/Add.png\" alt=\"Add\" width=\"32\" height=\"32\" \/><\/p>\n<p>Im Dateiauswahlfenster kann jede beliebige Datei ausgew\u00e4hlt werden, die daraufhin auf den Dateiserver hochgeladen wird.<\/p>\n<p>Der Dateiname und das Speicherdatum der Datei wird automatisch ausgef\u00fcllt und zus\u00e4tzlich kann noch eine Beschreibung angegeben werden.<\/p>\n<h3>Anhang bearbeiten<\/h3>\n<p>Mit einem Doppelklick auf eine Zeile in der Tabelle k\u00f6nnen die Daten des Anhangs bearbeitet werden.<\/p>\n<p>Mit dem Bearbeiten-Button in der Toolbar des Angangsfensters kann der Anhang selbst bearbeitet werden.<\/p>\n<p><img loading=\"lazy\" decoding=\"async\" src=\"https:\/\/gs-cms.com\/wp-content\/uploads\/Edit.png\" alt=\"Edit\" width=\"32\" height=\"32\" \/><\/p>\n<p>Hierzu wird der Anhang auf den lokalen Rechner heruntergeladen und mit der Anwendung ge\u00f6ffnet, die mit der Dateiendung verkn\u00fcpft ist.<\/p>\n<p><a href=\"https:\/\/gs-cms.com\/wp-content\/uploads\/Anhaenge-Bearbeiten.jpg\" data-rel=\"lightbox-gallery-lVQbOtCg\" data-rl_title=\"\" data-rl_caption=\"\" title=\"\"><img loading=\"lazy\" decoding=\"async\" src=\"https:\/\/gs-cms.com\/wp-content\/uploads\/Anhaenge-Bearbeiten.jpg\" alt=\"Anhaenge Bearbeiten\" width=\"550\" height=\"350\" \/><\/a><\/p>\n<p>Solange sich die Datei in Bearbeitung befindet werden \u00c4nderungen von der Software \u00fcberwacht. Wird die Anwendung, in der die Datei ge\u00f6ffnet ist, geschlossen fragt die Software, ob die ge\u00e4nderte Datei hochgeladen werden soll. Falls der Anwender dies best\u00e4tigt, wird die vorhandene Datei ersetzt.<\/p>\n<p>In seltenen F\u00e4llen kann es vorkommen, dass die automatische \u00dcberwachung nicht funktioniert. Dann muss die \u00dcberwachung nach dem Schlie\u00dfen der Anwendungssoftware mit dem &#8222;Abbrechen&#8220;-Button geschlossen werden.<\/p>\n<h3>Anhang entfernen<\/h3>\n<p>Durch einen Mausklick auf den Minus-Button in der Toolbar des Attachment-Fensters wird ein vorhandener Anhang gel\u00f6scht.<\/p>\n<p><img loading=\"lazy\" decoding=\"async\" src=\"https:\/\/gs-cms.com\/wp-content\/uploads\/Delete.png\" alt=\"Delete\" width=\"32\" height=\"32\" \/><\/p>\n<p>Die Daten und die Datei werden unwiederruflich gel\u00f6scht.<\/p>\n<h3>Anhang herunterladen<\/h3>\n<p>Mit einem Mausklick auf den entsprechenden Button in der Taskleiste des Anhangsfensters kann ein Dateianhang heruntergeladen und als Datei gespeichert werden.<\/p>\n<p><img loading=\"lazy\" decoding=\"async\" src=\"https:\/\/gs-cms.com\/wp-content\/uploads\/Download.png\" alt=\"Download\" width=\"32\" height=\"32\" \/><\/p>\n<p>Der urspr\u00fcngliche Dateiname wird im Speichern-Fenster als Vorgabe angegeben, es kann jedoch auch ein beliebiger Dateiname vergeben werden.<\/p>\n<h3>Anhang ansehen<\/h3>\n<p>Mit einem Mausklick auf den Bildschirm-Button wird der ausgew\u00e4hlte Anhang heruntergeladen und mit der verkn\u00fcpften Anwendung ge\u00f6ffnet.<\/p>\n<p><img loading=\"lazy\" decoding=\"async\" src=\"https:\/\/gs-cms.com\/wp-content\/uploads\/View.png\" alt=\"View\" width=\"32\" height=\"32\" \/><\/p>\n<p><strong>\u00c4nderungen an der Datei werden nicht gespeichert! <\/strong>Falls die \u00c4nderungen gespeichert werden sollen, verwenden sie hierzu bitte die Funktion &#8222;Anhang bearbeiten&#8220;.<\/p>\n","protected":false},"excerpt":{"rendered":"<p>In verschienenen Abschnitten des Programms k\u00f6nnen die Datens\u00e4tze mit Anh\u00e4ngen versehen werden. Prinzipiell kann jede Datei als Anhang verwendet werden. Es sollte nur darauf geachtet werden, dass es sich um ein g\u00e4ngiges Dateiformat handelt und auf allen Clients ein Programm zum \u00d6ffnen dieses Formats vorhanden ist. Anhang hinzuf\u00fcgen Mit dem Plus-Button in der Toolbar des&hellip;<\/p>\n","protected":false},"author":11,"featured_media":0,"parent":448,"menu_order":1,"comment_status":"closed","ping_status":"closed","template":"helppage.php","meta":{"_bbp_topic_count":0,"_bbp_reply_count":0,"_bbp_total_topic_count":0,"_bbp_total_reply_count":0,"_bbp_voice_count":0,"_bbp_anonymous_reply_count":0,"_bbp_topic_count_hidden":0,"_bbp_reply_count_hidden":0,"_bbp_forum_subforum_count":0,"footnotes":""},"class_list":["post-452","page","type-page","status-publish","hentry"],"aioseo_notices":[],"jetpack_sharing_enabled":true,"jetpack-related-posts":[{"id":1271,"url":"https:\/\/gs-cms.com\/?page_id=1271","url_meta":{"origin":452,"position":0},"title":"Berichte","author":"Patrick Schimmel","date":"Montag, 19. Mai 2014","format":false,"excerpt":"In jedem Modul k\u00f6nnen die Datens\u00e4tze und Auswertungen der Daten in Berichten ausgegeben werden. Klicken Sie hierzu das Druckersymbol in der Taskleiste des Moduls. Das Symbol ist nur aktiv, wenn mindestens ein Datensatz im Modul exisitert. Das folgende Berichtsfenster wird angezeigt: \u00a0 Die Berichte sind in Kategorien gruppiert, die angeben\u2026","rel":"","context":"In \"Berichte\"","block_context":{"text":"Berichte","link":"https:\/\/gs-cms.com\/?tag=berichte"},"img":{"alt_text":"","src":"https:\/\/i0.wp.com\/gs-cms.com\/wp-content\/uploads\/Berichte.jpg?resize=350%2C200&ssl=1","width":350,"height":200,"srcset":"https:\/\/i0.wp.com\/gs-cms.com\/wp-content\/uploads\/Berichte.jpg?resize=350%2C200&ssl=1 1x, https:\/\/i0.wp.com\/gs-cms.com\/wp-content\/uploads\/Berichte.jpg?resize=525%2C300&ssl=1 1.5x, https:\/\/i0.wp.com\/gs-cms.com\/wp-content\/uploads\/Berichte.jpg?resize=700%2C400&ssl=1 2x"},"classes":[]},{"id":213,"url":"https:\/\/gs-cms.com\/?page_id=213","url_meta":{"origin":452,"position":1},"title":"Konfiguration","author":"Patrick Schimmel","date":"Freitag, 6. Dezember 2013","format":false,"excerpt":"Starten des Konfigurationstools Vor dem ersten Einsatz von CMS m\u00fcssen die Verbindungsdaten zu den Servern eingegeben werden. Dies geschieht \u00fcber das Tool CMS.Config.exe, welches bei der Installation von CMS in den Programmordner kopiert wurde. Sie erreichen das Tool auch \u00fcber den entsprechenden Eintrag im Windows-Startmen\u00fc. Bitte starten Sie die Datei\u2026","rel":"","context":"In \"Konfiguration\"","block_context":{"text":"Konfiguration","link":"https:\/\/gs-cms.com\/?tag=konfiguration"},"img":{"alt_text":"Config-Tool","src":"https:\/\/i0.wp.com\/gs-cms.com\/wp-content\/uploads\/Config-Tool-300x245.jpg?resize=350%2C200&ssl=1","width":350,"height":200},"classes":[]},{"id":251,"url":"https:\/\/gs-cms.com\/?page_id=251","url_meta":{"origin":452,"position":2},"title":"Allgemeine Bedienelemente","author":"Patrick Schimmel","date":"Dienstag, 10. Dezember 2013","format":false,"excerpt":"Auf der folgenden Grafik werden beispielhaft die Bedienelemente der Projektakquisition dargestellt. \u00a0 Hauptmen\u00fc Das Hauptmen\u00fc befindet sich auf der linken Seite des Hauptfensters. Hier werden hierarchisch die Module angezeigt, zu denen der angemeldete Anwender Zugriff hat. Fall der Anwender keine Zugriffsrechte auf ein Modul besitzt, so wird der Punkt im\u2026","rel":"","context":"In \"Bedienelemente\"","block_context":{"text":"Bedienelemente","link":"https:\/\/gs-cms.com\/?tag=bedienelemente"},"img":{"alt_text":"Bedienelemente","src":"https:\/\/i0.wp.com\/gs-cms.com\/wp-content\/uploads\/Bedienelemente-1024x668.png?resize=350%2C200&ssl=1","width":350,"height":200,"srcset":"https:\/\/i0.wp.com\/gs-cms.com\/wp-content\/uploads\/Bedienelemente-1024x668.png?resize=350%2C200&ssl=1 1x, https:\/\/i0.wp.com\/gs-cms.com\/wp-content\/uploads\/Bedienelemente-1024x668.png?resize=525%2C300&ssl=1 1.5x, https:\/\/i0.wp.com\/gs-cms.com\/wp-content\/uploads\/Bedienelemente-1024x668.png?resize=700%2C400&ssl=1 2x"},"classes":[]},{"id":1491,"url":"https:\/\/gs-cms.com\/?page_id=1491","url_meta":{"origin":452,"position":3},"title":"Konfiguration des Web Services","author":"Patrick Schimmel","date":"Samstag, 5. Juli 2014","format":false,"excerpt":"Vorteile: Bew\u00e4hrte Web-Technologie Ordner ist vor Benutzerzugriffen gesch\u00fctzt Verteilung der Last auf verschiedene Rechner Download von skalierten Bildern m\u00f6glich (Bildvorschau wesentlich schneller) Authentifizierung des Benutzers \u00fcber die CMS-Datenbank Nachteile: Einrichtung eines IIS-Webservers und Installation des CMS Webservice ist erforderlich Der IIS-Webserver kann nur auf einem Windows-Server installiert werden. Installation des\u00a0Internet\u2026","rel":"","context":"In \"Konfiguration\"","block_context":{"text":"Konfiguration","link":"https:\/\/gs-cms.com\/?tag=konfiguration"},"img":{"alt_text":"","src":"https:\/\/i0.wp.com\/gs-cms.com\/wp-content\/uploads\/IISManager.jpg?resize=350%2C200&ssl=1","width":350,"height":200,"srcset":"https:\/\/i0.wp.com\/gs-cms.com\/wp-content\/uploads\/IISManager.jpg?resize=350%2C200&ssl=1 1x, https:\/\/i0.wp.com\/gs-cms.com\/wp-content\/uploads\/IISManager.jpg?resize=525%2C300&ssl=1 1.5x"},"classes":[]},{"id":868,"url":"https:\/\/gs-cms.com\/?page_id=868","url_meta":{"origin":452,"position":4},"title":"Anmerkungen","author":"Patrick Schimmel","date":"Montag, 13. Januar 2014","format":false,"excerpt":"Anmerkungen k\u00f6nnen als Erg\u00e4nzung und Erl\u00e4uterung zum jeweiligen Bild\u00a0angelegt werden. Das\u00a0Anmerkungsfenster ist ein kleines Zeichenprogramm, mit welchem Sie Linien, Rechtecke, Kreise, usw. auf ein Bild zeichnen k\u00f6nnen. Im Detailfenster der Anmerkung kann ein Kommentar und ein Name der Anmerkung angegeben werden. \u00dcber die Toolbar oben werden die Zeichenwerkzeuge gew\u00e4hlt. Bei\u2026","rel":"","context":"In \"M\u00e4ngel\"","block_context":{"text":"M\u00e4ngel","link":"https:\/\/gs-cms.com\/?tag=maengel"},"img":{"alt_text":"Annotations","src":"https:\/\/i0.wp.com\/gs-cms.com\/wp-content\/uploads\/Annotations.png?resize=350%2C200&ssl=1","width":350,"height":200},"classes":[]},{"id":891,"url":"https:\/\/gs-cms.com\/?page_id=891","url_meta":{"origin":452,"position":5},"title":"Bildergalerie erzeugen","author":"Patrick Schimmel","date":"Montag, 13. Januar 2014","format":false,"excerpt":"Mit dieser Funktion wird eine kleine Webseite erzeugt, die auf einen Webserver hochgeladen oder lokal zum Betrachten der Bilder ohne das Programm verwendet werden kann. Hierf\u00fcr muss der Pfad zu einem leeren Verzeichnis angegeben werden. Hier werden dann die Bilddateien und weitere Dateien f\u00fcr die Webseite angelegt. Der Start der\u2026","rel":"","context":"In \"Bilder\"","block_context":{"text":"Bilder","link":"https:\/\/gs-cms.com\/?tag=bilder"},"img":{"alt_text":"PhotoGallery","src":"https:\/\/i0.wp.com\/gs-cms.com\/wp-content\/uploads\/PhotoGallery.png?resize=350%2C200&ssl=1","width":350,"height":200},"classes":[]}],"_links":{"self":[{"href":"https:\/\/gs-cms.com\/index.php?rest_route=\/wp\/v2\/pages\/452","targetHints":{"allow":["GET"]}}],"collection":[{"href":"https:\/\/gs-cms.com\/index.php?rest_route=\/wp\/v2\/pages"}],"about":[{"href":"https:\/\/gs-cms.com\/index.php?rest_route=\/wp\/v2\/types\/page"}],"author":[{"embeddable":true,"href":"https:\/\/gs-cms.com\/index.php?rest_route=\/wp\/v2\/users\/11"}],"replies":[{"embeddable":true,"href":"https:\/\/gs-cms.com\/index.php?rest_route=%2Fwp%2Fv2%2Fcomments&post=452"}],"version-history":[{"count":0,"href":"https:\/\/gs-cms.com\/index.php?rest_route=\/wp\/v2\/pages\/452\/revisions"}],"up":[{"embeddable":true,"href":"https:\/\/gs-cms.com\/index.php?rest_route=\/wp\/v2\/pages\/448"}],"wp:attachment":[{"href":"https:\/\/gs-cms.com\/index.php?rest_route=%2Fwp%2Fv2%2Fmedia&parent=452"}],"curies":[{"name":"wp","href":"https:\/\/api.w.org\/{rel}","templated":true}]}}