
{"id":448,"date":"2013-12-15T21:47:05","date_gmt":"2013-12-15T20:47:05","guid":{"rendered":"http:\/\/gs-cms.com\/?page_id=448"},"modified":"2016-01-27T23:26:23","modified_gmt":"2016-01-27T22:26:23","slug":"allgemeines","status":"publish","type":"page","link":"https:\/\/gs-cms.com\/?page_id=448","title":{"rendered":"Allgemeines"},"content":{"rendered":"<p>In diesem Abschnitt werden einige allgemeine Bedienelemente dargestellt, die grunds\u00e4tzlich f\u00fcr die meisten Module im CMS gelten.<\/p>\n","protected":false},"excerpt":{"rendered":"<p>In diesem Abschnitt werden einige allgemeine Bedienelemente dargestellt, die grunds\u00e4tzlich f\u00fcr die meisten Module im CMS gelten.<\/p>\n","protected":false},"author":11,"featured_media":0,"parent":57,"menu_order":1,"comment_status":"closed","ping_status":"closed","template":"helppage.php","meta":{"_bbp_topic_count":0,"_bbp_reply_count":0,"_bbp_total_topic_count":0,"_bbp_total_reply_count":0,"_bbp_voice_count":0,"_bbp_anonymous_reply_count":0,"_bbp_topic_count_hidden":0,"_bbp_reply_count_hidden":0,"_bbp_forum_subforum_count":0,"jetpack_post_was_ever_published":false,"footnotes":""},"class_list":["post-448","page","type-page","status-publish","hentry"],"aioseo_notices":[],"jetpack_sharing_enabled":true,"jetpack-related-posts":[{"id":57,"url":"https:\/\/gs-cms.com\/?page_id=57","url_meta":{"origin":448,"position":0},"title":"CMS-Hilfe","author":"Patrick Schimmel","date":"Dienstag, 19. November 2013","format":false,"excerpt":"Diese Dokumentation ist die Online-Hilfe zum Construction Management System. Erste Schritte Allgemeines Allgemeine Module Projektbezogene Module Admin-Module Pers\u00f6nliche Module Weitere Tools","rel":"","context":"\u00c4hnlicher Beitrag","block_context":{"text":"\u00c4hnlicher Beitrag","link":""},"img":{"alt_text":"","src":"","width":0,"height":0},"classes":[]},{"id":452,"url":"https:\/\/gs-cms.com\/?page_id=452","url_meta":{"origin":448,"position":1},"title":"Anh\u00e4nge","author":"Patrick Schimmel","date":"Sonntag, 15. Dezember 2013","format":false,"excerpt":"In verschienenen Abschnitten des Programms k\u00f6nnen die Datens\u00e4tze mit Anh\u00e4ngen versehen werden. Prinzipiell kann jede Datei als Anhang verwendet werden. Es sollte nur darauf geachtet werden, dass es sich um ein g\u00e4ngiges Dateiformat handelt und auf allen Clients ein Programm zum \u00d6ffnen dieses Formats vorhanden ist. Anhang hinzuf\u00fcgen Mit dem\u2026","rel":"","context":"In \"Anh\u00e4nge\"","block_context":{"text":"Anh\u00e4nge","link":"https:\/\/gs-cms.com\/?tag=anhaenge"},"img":{"alt_text":"","src":"https:\/\/i0.wp.com\/gs-cms.com\/wp-content\/uploads\/Anhaenge-Bearbeiten.jpg?resize=350%2C200&ssl=1","width":350,"height":200,"srcset":"https:\/\/i0.wp.com\/gs-cms.com\/wp-content\/uploads\/Anhaenge-Bearbeiten.jpg?resize=350%2C200&ssl=1 1x, https:\/\/i0.wp.com\/gs-cms.com\/wp-content\/uploads\/Anhaenge-Bearbeiten.jpg?resize=525%2C300&ssl=1 1.5x"},"classes":[]},{"id":1046,"url":"https:\/\/gs-cms.com\/?page_id=1046","url_meta":{"origin":448,"position":2},"title":"Besprechungen","author":"Patrick Schimmel","date":"Montag, 20. Januar 2014","format":false,"excerpt":"Besprechung hinzuf\u00fcgen Mit diesem Button wird eine neue Besprechung hinzugef\u00fcgt. Beim der ersten Besprechung einer Reihe muss eine Gliederung in Unterpunkte (Themen) definiert werden. In einer Reihe werden wiederkehrende Besprechungen zusammengefasst. Alle Besprechungen dieser Reihe haben die gleiche Untergliederung. Alle offenen Punkte der letzten Besprechung einer Reihe werden beim Fortf\u00fchren\u2026","rel":"","context":"In \"Besprechungen\"","block_context":{"text":"Besprechungen","link":"https:\/\/gs-cms.com\/?tag=besprechungen"},"img":{"alt_text":"","src":"https:\/\/i0.wp.com\/gs-cms.com\/wp-content\/uploads\/Besprechungen-Besprechungsdetails-e1395848069575.jpg?resize=350%2C200&ssl=1","width":350,"height":200,"srcset":"https:\/\/i0.wp.com\/gs-cms.com\/wp-content\/uploads\/Besprechungen-Besprechungsdetails-e1395848069575.jpg?resize=350%2C200&ssl=1 1x, https:\/\/i0.wp.com\/gs-cms.com\/wp-content\/uploads\/Besprechungen-Besprechungsdetails-e1395848069575.jpg?resize=525%2C300&ssl=1 1.5x"},"classes":[]},{"id":1271,"url":"https:\/\/gs-cms.com\/?page_id=1271","url_meta":{"origin":448,"position":3},"title":"Berichte","author":"Patrick Schimmel","date":"Montag, 19. Mai 2014","format":false,"excerpt":"In jedem Modul k\u00f6nnen die Datens\u00e4tze und Auswertungen der Daten in Berichten ausgegeben werden. Klicken Sie hierzu das Druckersymbol in der Taskleiste des Moduls. Das Symbol ist nur aktiv, wenn mindestens ein Datensatz im Modul exisitert. Das folgende Berichtsfenster wird angezeigt: \u00a0 Die Berichte sind in Kategorien gruppiert, die angeben\u2026","rel":"","context":"In \"Berichte\"","block_context":{"text":"Berichte","link":"https:\/\/gs-cms.com\/?tag=berichte"},"img":{"alt_text":"","src":"https:\/\/i0.wp.com\/gs-cms.com\/wp-content\/uploads\/Berichte.jpg?resize=350%2C200&ssl=1","width":350,"height":200,"srcset":"https:\/\/i0.wp.com\/gs-cms.com\/wp-content\/uploads\/Berichte.jpg?resize=350%2C200&ssl=1 1x, https:\/\/i0.wp.com\/gs-cms.com\/wp-content\/uploads\/Berichte.jpg?resize=525%2C300&ssl=1 1.5x, https:\/\/i0.wp.com\/gs-cms.com\/wp-content\/uploads\/Berichte.jpg?resize=700%2C400&ssl=1 2x"},"classes":[]},{"id":2443,"url":"https:\/\/gs-cms.com\/?page_id=2443","url_meta":{"origin":448,"position":4},"title":"CMS WebAPI","author":"Patrick Schimmel","date":"Samstag, 21. M\u00e4rz 2015","format":false,"excerpt":"Die CMS WebAPI ist die\u00a0Serverkomponente des Construction Management Systems. Die CMS WebAPI wird auf einem Windows IIS Webserver installiert um die folgenden Funktionen zu verwenden: Dateiablage der Anh\u00e4nge auf dem Webserver (Ohne Einsatz der WebAPI werden die Dateien auf einem FTP-Server oder einem Netzwerkpfad abgelegt). Zugangspunkt f\u00fcr die mobile Datenerfassung\u2026","rel":"","context":"\u00c4hnlicher Beitrag","block_context":{"text":"\u00c4hnlicher Beitrag","link":""},"img":{"alt_text":"","src":"","width":0,"height":0},"classes":[]},{"id":1333,"url":"https:\/\/gs-cms.com\/?page_id=1333","url_meta":{"origin":448,"position":5},"title":"Weitere Tools","author":"Patrick Schimmel","date":"Dienstag, 27. Mai 2014","format":false,"excerpt":"In diesem Abschnitt befinden sich weitere Tools, die zum Funktionsumfang von CMS geh\u00f6ren.","rel":"","context":"In \"Tools\"","block_context":{"text":"Tools","link":"https:\/\/gs-cms.com\/?tag=tools"},"img":{"alt_text":"","src":"","width":0,"height":0},"classes":[]}],"_links":{"self":[{"href":"https:\/\/gs-cms.com\/index.php?rest_route=\/wp\/v2\/pages\/448","targetHints":{"allow":["GET"]}}],"collection":[{"href":"https:\/\/gs-cms.com\/index.php?rest_route=\/wp\/v2\/pages"}],"about":[{"href":"https:\/\/gs-cms.com\/index.php?rest_route=\/wp\/v2\/types\/page"}],"author":[{"embeddable":true,"href":"https:\/\/gs-cms.com\/index.php?rest_route=\/wp\/v2\/users\/11"}],"replies":[{"embeddable":true,"href":"https:\/\/gs-cms.com\/index.php?rest_route=%2Fwp%2Fv2%2Fcomments&post=448"}],"version-history":[{"count":0,"href":"https:\/\/gs-cms.com\/index.php?rest_route=\/wp\/v2\/pages\/448\/revisions"}],"up":[{"embeddable":true,"href":"https:\/\/gs-cms.com\/index.php?rest_route=\/wp\/v2\/pages\/57"}],"wp:attachment":[{"href":"https:\/\/gs-cms.com\/index.php?rest_route=%2Fwp%2Fv2%2Fmedia&parent=448"}],"curies":[{"name":"wp","href":"https:\/\/api.w.org\/{rel}","templated":true}]}}