
{"id":363,"date":"2013-12-14T20:52:20","date_gmt":"2013-12-14T19:52:20","guid":{"rendered":"http:\/\/gs-cms.com\/?page_id=363"},"modified":"2016-01-27T23:30:25","modified_gmt":"2016-01-27T22:30:25","slug":"intranet","status":"publish","type":"page","link":"https:\/\/gs-cms.com\/?page_id=363","title":{"rendered":"Intranet"},"content":{"rendered":"<p>Das Modul Intranet dient dazu den Mitarbeitern eine einfache Zugangsm\u00f6glichkeit zur Intranetseite des Unternehmens anzubieten.<\/p>\n<p>Standardm\u00e4\u00dfig wird hier die CMS-Hilfe angezeigt.\u00a0In\u00a0den <a title=\"Optionen\" href=\"https:\/\/gs-cms.com\/?page_id=332\">Programmoptionen<\/a> kann diese Einstellung jedoch ge\u00e4ndert werden.<\/p>\n<p><a href=\"https:\/\/gs-cms.com\/wp-content\/uploads\/Intranet.jpg\" data-rel=\"lightbox-gallery-R42wGfgs\" data-rl_title=\"\" data-rl_caption=\"\" title=\"\"><img loading=\"lazy\" decoding=\"async\" data-attachment-id=\"913\" data-permalink=\"https:\/\/gs-cms.com\/?attachment_id=913\" data-orig-file=\"https:\/\/gs-cms.com\/wp-content\/uploads\/Intranet.jpg\" data-orig-size=\"1519,841\" data-comments-opened=\"1\" data-image-meta=\"{&quot;aperture&quot;:&quot;0&quot;,&quot;credit&quot;:&quot;&quot;,&quot;camera&quot;:&quot;&quot;,&quot;caption&quot;:&quot;&quot;,&quot;created_timestamp&quot;:&quot;0&quot;,&quot;copyright&quot;:&quot;&quot;,&quot;focal_length&quot;:&quot;0&quot;,&quot;iso&quot;:&quot;0&quot;,&quot;shutter_speed&quot;:&quot;0&quot;,&quot;title&quot;:&quot;&quot;,&quot;orientation&quot;:&quot;0&quot;}\" data-image-title=\"Intranet\" data-image-description=\"\" data-image-caption=\"\" data-large-file=\"https:\/\/gs-cms.com\/wp-content\/uploads\/Intranet-1024x566.jpg\" class=\"alignnone wp-image-913 size-large\" src=\"https:\/\/gs-cms.com\/wp-content\/uploads\/Intranet-1024x566.jpg\" alt=\"Intranet\" width=\"720\" height=\"397\" srcset=\"https:\/\/gs-cms.com\/wp-content\/uploads\/Intranet-1024x566.jpg 1024w, https:\/\/gs-cms.com\/wp-content\/uploads\/Intranet-300x166.jpg 300w\" sizes=\"auto, (max-width: 720px) 100vw, 720px\" \/><\/a><\/p>\n<p>&nbsp;<\/p>\n<h3>Weiterf\u00fchrende Themen<\/h3>\n<ul>\n<li><a title=\"Optionen\" href=\"https:\/\/gs-cms.com\/?page_id=332\">Optionen<\/a><\/li>\n<\/ul>\n","protected":false},"excerpt":{"rendered":"<p>Das Modul Intranet dient dazu den Mitarbeitern eine einfache Zugangsm\u00f6glichkeit zur Intranetseite des Unternehmens anzubieten. Standardm\u00e4\u00dfig wird hier die CMS-Hilfe angezeigt.\u00a0In\u00a0den Programmoptionen kann diese Einstellung jedoch ge\u00e4ndert werden. &nbsp; Weiterf\u00fchrende Themen Optionen<\/p>\n","protected":false},"author":11,"featured_media":0,"parent":13,"menu_order":4,"comment_status":"closed","ping_status":"closed","template":"helppage.php","meta":{"_bbp_topic_count":0,"_bbp_reply_count":0,"_bbp_total_topic_count":0,"_bbp_total_reply_count":0,"_bbp_voice_count":0,"_bbp_anonymous_reply_count":0,"_bbp_topic_count_hidden":0,"_bbp_reply_count_hidden":0,"_bbp_forum_subforum_count":0,"jetpack_post_was_ever_published":false,"footnotes":""},"class_list":["post-363","page","type-page","status-publish","hentry"],"aioseo_notices":[],"jetpack_sharing_enabled":true,"jetpack-related-posts":[{"id":13,"url":"https:\/\/gs-cms.com\/?page_id=13","url_meta":{"origin":363,"position":0},"title":"Allgemeine Module","author":"Patrick Schimmel","date":"Dienstag, 19. November 2013","format":false,"excerpt":"Allgemeine Module sind Module mit Daten, die keinem konkreten Projekt zugeordnet sind. Hierzu geh\u00f6ren die folgenden Module: Adressverwaltung Projektverwaltung Projektakquisition Linkbibliothek Intranet","rel":"","context":"In \"Allgemeine Module\"","block_context":{"text":"Allgemeine Module","link":"https:\/\/gs-cms.com\/?tag=allgemeine-module"},"img":{"alt_text":"","src":"","width":0,"height":0},"classes":[]},{"id":77,"url":"https:\/\/gs-cms.com\/?page_id=77","url_meta":{"origin":363,"position":1},"title":"Optionen","author":"Patrick Schimmel","date":"Dienstag, 19. November 2013","format":false,"excerpt":"","rel":"","context":"In \"Optionen\"","block_context":{"text":"Optionen","link":"https:\/\/gs-cms.com\/?tag=optionen"},"img":{"alt_text":"Optionen","src":"https:\/\/i0.wp.com\/gs-cms.com\/wp-content\/uploads\/Optionen-300x213.jpg?resize=350%2C200&ssl=1","width":350,"height":200},"classes":[]},{"id":33,"url":"https:\/\/gs-cms.com\/?page_id=33","url_meta":{"origin":363,"position":2},"title":"Bildverwaltung","author":"Patrick Schimmel","date":"Dienstag, 19. November 2013","format":false,"excerpt":"W\u00fcrden Sie gerne alle wichtigen Bilder eines Projekts strukturiert ablegen und einfach wiederfinden? \u00dcbersicht Galerie Erzeugen einer HTML-Bildergalerie zum Ver\u00f6ffentlichen der Photos auf Webseiten Zuordnung zu Bautagesberichten Alle erfassten Bilder k\u00f6nnen mit Bautagesberichten verkn\u00fcpft werden, auch automatisch nach Aufnahmedatum Zuordnung zu M\u00e4ngeln Alle erfassten Bilder k\u00f6nnen mit M\u00e4ngeln verkn\u00fcpft werden\u2026","rel":"","context":"In \"Bilder\"","block_context":{"text":"Bilder","link":"https:\/\/gs-cms.com\/?tag=bilder"},"img":{"alt_text":"PhotoGallery","src":"https:\/\/i0.wp.com\/gs-cms.com\/wp-content\/uploads\/PhotoGallery-e1390558834919.png?resize=350%2C200&ssl=1","width":350,"height":200},"classes":[]},{"id":332,"url":"https:\/\/gs-cms.com\/?page_id=332","url_meta":{"origin":363,"position":3},"title":"Optionen","author":"Patrick Schimmel","date":"Samstag, 14. Dezember 2013","format":false,"excerpt":"Im Modul Optionen werden die Programmoptionen festgelegt. Auf der linkten Seite sind die verschiedenen Module dargestellt und darunter die Optionen dieses Moduls aufgelistet. Durch Auswahl eines Punktes werden auf der rechten Seite des Fensters die Daten zu der Option angezeigt. Die eingegebenen Daten werden im jeweiligen Modul als Auswahlfeld angezeigt.\u2026","rel":"","context":"In \"Optionen\"","block_context":{"text":"Optionen","link":"https:\/\/gs-cms.com\/?tag=optionen"},"img":{"alt_text":"","src":"https:\/\/i0.wp.com\/gs-cms.com\/wp-content\/uploads\/Optionen-Grunddaten.jpg?resize=350%2C200&ssl=1","width":350,"height":200,"srcset":"https:\/\/i0.wp.com\/gs-cms.com\/wp-content\/uploads\/Optionen-Grunddaten.jpg?resize=350%2C200&ssl=1 1x, https:\/\/i0.wp.com\/gs-cms.com\/wp-content\/uploads\/Optionen-Grunddaten.jpg?resize=525%2C300&ssl=1 1.5x, https:\/\/i0.wp.com\/gs-cms.com\/wp-content\/uploads\/Optionen-Grunddaten.jpg?resize=700%2C400&ssl=1 2x"},"classes":[]},{"id":1354,"url":"https:\/\/gs-cms.com\/?page_id=1354","url_meta":{"origin":363,"position":4},"title":"Rechte","author":"Patrick Schimmel","date":"Dienstag, 3. Juni 2014","format":false,"excerpt":"Im Folgenden werden die verf\u00fcgbaren Rechte der einzelnen Module erl\u00e4utert. Allgemeine Module Modul Recht Beschreibung Akquisition Akquisitionsdaten bearbeiten Benutzer hat das Recht die Detaildaten der Akquisition zu bearbeiten. Akquisition Akquisitionstermine bearbeiten Bearbeiten der Termindaten der Akquisitionsdatens\u00e4tze. Akquisition Submissionsergebnisse bearbeiten Bearbeiten der Submissionsergebnisse von Gelegenheiten. Akquisition Akquisitionsdaten drucken Drucken von Berichten\u2026","rel":"","context":"In \"Admin\"","block_context":{"text":"Admin","link":"https:\/\/gs-cms.com\/?tag=admin"},"img":{"alt_text":"","src":"","width":0,"height":0},"classes":[]},{"id":295,"url":"https:\/\/gs-cms.com\/?page_id=295","url_meta":{"origin":363,"position":5},"title":"Rollen","author":"Patrick Schimmel","date":"Dienstag, 10. Dezember 2013","format":false,"excerpt":"Durch einen Mausklick auf den Button in der Toolbar wird ein Fenster ge\u00f6ffnet, in dem den verschiedenen Rollen Rechte zugeordnet werden k\u00f6nnen. Die zuordenbaren Rechte unterscheiden sich je nachdem, welche art der Rollen ausgew\u00e4hlt sind. Allgemeine Rollen sind die Rollen, die der Benutzer in den allgemeinen Modulen erh\u00e4lt. Projektrollen sind\u2026","rel":"","context":"In \"Admin\"","block_context":{"text":"Admin","link":"https:\/\/gs-cms.com\/?tag=admin"},"img":{"alt_text":"","src":"https:\/\/i0.wp.com\/gs-cms.com\/wp-content\/uploads\/Benutzerverwaltung-Rollen.jpg?resize=350%2C200&ssl=1","width":350,"height":200,"srcset":"https:\/\/i0.wp.com\/gs-cms.com\/wp-content\/uploads\/Benutzerverwaltung-Rollen.jpg?resize=350%2C200&ssl=1 1x, https:\/\/i0.wp.com\/gs-cms.com\/wp-content\/uploads\/Benutzerverwaltung-Rollen.jpg?resize=525%2C300&ssl=1 1.5x"},"classes":[]}],"_links":{"self":[{"href":"https:\/\/gs-cms.com\/index.php?rest_route=\/wp\/v2\/pages\/363","targetHints":{"allow":["GET"]}}],"collection":[{"href":"https:\/\/gs-cms.com\/index.php?rest_route=\/wp\/v2\/pages"}],"about":[{"href":"https:\/\/gs-cms.com\/index.php?rest_route=\/wp\/v2\/types\/page"}],"author":[{"embeddable":true,"href":"https:\/\/gs-cms.com\/index.php?rest_route=\/wp\/v2\/users\/11"}],"replies":[{"embeddable":true,"href":"https:\/\/gs-cms.com\/index.php?rest_route=%2Fwp%2Fv2%2Fcomments&post=363"}],"version-history":[{"count":0,"href":"https:\/\/gs-cms.com\/index.php?rest_route=\/wp\/v2\/pages\/363\/revisions"}],"up":[{"embeddable":true,"href":"https:\/\/gs-cms.com\/index.php?rest_route=\/wp\/v2\/pages\/13"}],"wp:attachment":[{"href":"https:\/\/gs-cms.com\/index.php?rest_route=%2Fwp%2Fv2%2Fmedia&parent=363"}],"curies":[{"name":"wp","href":"https:\/\/api.w.org\/{rel}","templated":true}]}}