
{"id":36,"date":"2013-11-19T22:05:15","date_gmt":"2013-11-19T21:05:15","guid":{"rendered":"http:\/\/gs-cms.com\/?page_id=36"},"modified":"2019-04-21T12:50:27","modified_gmt":"2019-04-21T10:50:27","slug":"planverwaltung","status":"publish","type":"page","link":"https:\/\/gs-cms.com\/?page_id=36","title":{"rendered":"Planverwaltung"},"content":{"rendered":"<blockquote><p>W\u00fcrden Sie gerne Ihre Pl\u00e4ne zentral verwalten, so dass alle Projektbeteiligten immer Zugriff auf die aktuelle Planversion haben?<\/p><\/blockquote>\n<h2>\u00dcbersicht<\/h2>\n<table style=\"width: 100%;\">\n<tbody>\n<tr>\n<td style=\"vertical-align: top;\"><img loading=\"lazy\" decoding=\"async\" data-attachment-id=\"865\" data-permalink=\"https:\/\/gs-cms.com\/?attachment_id=865\" data-orig-file=\"https:\/\/gs-cms.com\/wp-content\/uploads\/Meetings.png\" data-orig-size=\"32,32\" data-comments-opened=\"1\" data-image-meta=\"{&quot;aperture&quot;:&quot;0&quot;,&quot;credit&quot;:&quot;&quot;,&quot;camera&quot;:&quot;&quot;,&quot;caption&quot;:&quot;&quot;,&quot;created_timestamp&quot;:&quot;0&quot;,&quot;copyright&quot;:&quot;&quot;,&quot;focal_length&quot;:&quot;0&quot;,&quot;iso&quot;:&quot;0&quot;,&quot;shutter_speed&quot;:&quot;0&quot;,&quot;title&quot;:&quot;&quot;,&quot;orientation&quot;:&quot;0&quot;}\" data-image-title=\"Meetings\" data-image-description=\"\" data-image-caption=\"\" data-large-file=\"https:\/\/gs-cms.com\/wp-content\/uploads\/Meetings.png\" class=\"size-full wp-image-865 alignleft\" src=\"https:\/\/gs-cms.com\/wp-content\/uploads\/Meetings.png\" alt=\"Meetings\" width=\"32\" height=\"32\" srcset=\"https:\/\/gs-cms.com\/wp-content\/uploads\/Meetings.png 32w, https:\/\/gs-cms.com\/wp-content\/uploads\/Meetings-150x150.png 150w, https:\/\/gs-cms.com\/wp-content\/uploads\/Meetings-160x160.png 160w\" sizes=\"auto, (max-width: 32px) 100vw, 32px\" \/><\/td>\n<td style=\"width: 46%; vertical-align: top;\"><strong>Kooperation<\/strong><br \/>\nAuftraggeber und Nachunternehmer k\u00f6nnen einen eingeschr\u00e4nkten Zugang erhalten, um z.B. Pl\u00e4ne herunterzuladen<\/td>\n<td style=\"vertical-align: top;\"><img loading=\"lazy\" decoding=\"async\" data-attachment-id=\"964\" data-permalink=\"https:\/\/gs-cms.com\/?attachment_id=964\" data-orig-file=\"https:\/\/gs-cms.com\/wp-content\/uploads\/Archive-e1390558936112.png\" data-orig-size=\"32,32\" data-comments-opened=\"1\" data-image-meta=\"{&quot;aperture&quot;:&quot;0&quot;,&quot;credit&quot;:&quot;&quot;,&quot;camera&quot;:&quot;&quot;,&quot;caption&quot;:&quot;&quot;,&quot;created_timestamp&quot;:&quot;0&quot;,&quot;copyright&quot;:&quot;&quot;,&quot;focal_length&quot;:&quot;0&quot;,&quot;iso&quot;:&quot;0&quot;,&quot;shutter_speed&quot;:&quot;0&quot;,&quot;title&quot;:&quot;&quot;,&quot;orientation&quot;:&quot;0&quot;}\" data-image-title=\"Archive\" data-image-description=\"\" data-image-caption=\"\" data-large-file=\"https:\/\/gs-cms.com\/wp-content\/uploads\/Archive-e1390558936112.png\" class=\"size-full wp-image-964 alignleft\" src=\"https:\/\/gs-cms.com\/wp-content\/uploads\/Archive-e1390558936112.png\" alt=\"Archive\" width=\"32\" height=\"32\" srcset=\"https:\/\/gs-cms.com\/wp-content\/uploads\/Archive-e1390558936112.png 32w, https:\/\/gs-cms.com\/wp-content\/uploads\/Archive-e1390558936112-150x150.png 150w, https:\/\/gs-cms.com\/wp-content\/uploads\/Archive-e1390558936112-160x160.png 160w\" sizes=\"auto, (max-width: 32px) 100vw, 32px\" \/><\/td>\n<td style=\"width: 46%; vertical-align: top;\"><strong>Historie<\/strong><br \/>\nAlle eingelesenen Planversionen bleiben erhalten und k\u00f6nnen eingesehen werden<\/td>\n<\/tr>\n<tr>\n<td style=\"vertical-align: top;\"><img loading=\"lazy\" decoding=\"async\" data-attachment-id=\"1179\" data-permalink=\"https:\/\/gs-cms.com\/?attachment_id=1179\" data-orig-file=\"https:\/\/gs-cms.com\/wp-content\/uploads\/ArrowRight.png\" data-orig-size=\"32,32\" data-comments-opened=\"1\" data-image-meta=\"{&quot;aperture&quot;:&quot;0&quot;,&quot;credit&quot;:&quot;&quot;,&quot;camera&quot;:&quot;&quot;,&quot;caption&quot;:&quot;&quot;,&quot;created_timestamp&quot;:&quot;0&quot;,&quot;copyright&quot;:&quot;&quot;,&quot;focal_length&quot;:&quot;0&quot;,&quot;iso&quot;:&quot;0&quot;,&quot;shutter_speed&quot;:&quot;0&quot;,&quot;title&quot;:&quot;&quot;,&quot;orientation&quot;:&quot;0&quot;}\" data-image-title=\"ArrowRight\" data-image-description=\"\" data-image-caption=\"\" data-large-file=\"https:\/\/gs-cms.com\/wp-content\/uploads\/ArrowRight.png\" class=\"size-full wp-image-1179 alignleft\" src=\"https:\/\/gs-cms.com\/wp-content\/uploads\/ArrowRight.png\" alt=\"ArrowRight\" width=\"32\" height=\"32\" srcset=\"https:\/\/gs-cms.com\/wp-content\/uploads\/ArrowRight.png 32w, https:\/\/gs-cms.com\/wp-content\/uploads\/ArrowRight-150x150.png 150w, https:\/\/gs-cms.com\/wp-content\/uploads\/ArrowRight-160x160.png 160w\" sizes=\"auto, (max-width: 32px) 100vw, 32px\" \/><\/td>\n<td style=\"vertical-align: top;\"><strong>Planversand<\/strong><br \/>\nDokumentation von Planeingang und Planversand<\/td>\n<td style=\"vertical-align: top;\"><img loading=\"lazy\" decoding=\"async\" data-attachment-id=\"2238\" data-permalink=\"https:\/\/gs-cms.com\/?attachment_id=2238\" data-orig-file=\"https:\/\/gs-cms.com\/wp-content\/uploads\/Levels.png\" data-orig-size=\"32,32\" data-comments-opened=\"1\" data-image-meta=\"{&quot;aperture&quot;:&quot;0&quot;,&quot;credit&quot;:&quot;&quot;,&quot;camera&quot;:&quot;&quot;,&quot;caption&quot;:&quot;&quot;,&quot;created_timestamp&quot;:&quot;0&quot;,&quot;copyright&quot;:&quot;&quot;,&quot;focal_length&quot;:&quot;0&quot;,&quot;iso&quot;:&quot;0&quot;,&quot;shutter_speed&quot;:&quot;0&quot;,&quot;title&quot;:&quot;&quot;,&quot;orientation&quot;:&quot;0&quot;}\" data-image-title=\"Levels\" data-image-description=\"\" data-image-caption=\"\" data-large-file=\"https:\/\/gs-cms.com\/wp-content\/uploads\/Levels.png\" class=\"size-full wp-image-2238 alignleft\" src=\"https:\/\/gs-cms.com\/wp-content\/uploads\/Levels.png\" alt=\"Levels\" width=\"32\" height=\"32\" srcset=\"https:\/\/gs-cms.com\/wp-content\/uploads\/Levels.png 32w, https:\/\/gs-cms.com\/wp-content\/uploads\/Levels-150x150.png 150w, https:\/\/gs-cms.com\/wp-content\/uploads\/Levels-160x160.png 160w, https:\/\/gs-cms.com\/wp-content\/uploads\/Levels-320x320.png 320w\" sizes=\"auto, (max-width: 32px) 100vw, 32px\" \/><\/td>\n<td style=\"vertical-align: top;\"><strong>Strukturierung<\/strong><br \/>\nEinheitliche, modul\u00fcbergreifende Strukturierung der Daten in die Projektebenen<\/td>\n<\/tr>\n<\/tbody>\n<\/table>\n<h2>Beschreibung<\/h2>\n<p>In der Planverwaltung des <strong><a title=\"Construction Management System\" href=\"https:\/\/gs-cms.com\/?page_id=11\">Construction Management System<\/a> CMS<\/strong> k\u00f6nnen Sie\u00a0alle\u00a0Projektpl\u00e4ne verwalten und den Planeingang und Planversand \u00fcberwacht.<\/p>\n<p>Mit der CMS Planverwaltung haben\u00a0alle Projektbeteiligte Zugriff auf die aktuellen Projektpl\u00e4ne. Auftraggeber, Planer und ausf\u00fchrende Unternehmen k\u00f6nnen so gemeinsam mit einem Planverwaltungssystem arbeiten und entsprechend den Ihnen zugewiesenen Berechtigungen auf die eingestellten Planunterlagen zugreifen, um diese anzusehen, herunterzuladen oder zu versenden.<\/p>\n<p>In der Planverwaltung sind\u00a0die Pl\u00e4ne aller Planungsstadien und ihre\u00a0\u00dcberarbeitungen abgelegt.<\/p>\n<p>Der Planversand\u00a0kann mittels E-Mail an die Projektbeteiligten (z.B. Nachunternehmer, Reproanstalt, usw.) erfolgen, mit entsprechender Dokumentation\u00a0des Versandscheins.<\/p>\n<p>Mit wenigen\u00a0Mausklicks und\/oder einem Schlagwort k\u00f6nnen Sie \u00fcber den Multi-Filter treffsicher einen bestimmten Plan im System wiederfinden.<\/p>\n<p>Sie k\u00f6nnen Pl\u00e4ne unabh\u00e4ngig von dem verwendeten\u00a0CAD-Programm einlesen. Zu jedem Plan k\u00f6nnen mehrere Formate eingelesen werden (DWG, PDF, DXF, usw.). Das Einlesen von Pl\u00e4nen ist Optional. Alle Dokumentationsfunktionen lassen sich auch verwenden, wenn Sie die tats\u00e4chlichen Pl\u00e4ne nicht im System hinterlegen wollen.<\/p>\n<p>Beim Einlesen einer \u00dcberarbeitung eines Plans werden alle vorhandenen Planst\u00e4nde automatisch als inaktiv gesetzt.\u00a0So wird sichergestellt, dass immer der aktuell g\u00fcltige Plan verwendet wird. Inaktive Pl\u00e4ne\u00a0k\u00f6nnen immer noch ge\u00f6ffnet und heruntergeladen werden, jedoch wird im Hauptfenster immer zuerst der aktuelle Plan angezeigt.<\/p>\n<h2>Screenshots<\/h2>\n<div class=\"rl-gallery-container rl-loading\" id=\"rl-gallery-container-1\" data-gallery_id=\"3373\"> <div class=\"rl-gallery rl-basicmasonry-gallery rl-hover-effect-2\" id=\"rl-gallery-1\" data-gallery_no=\"1\"> <div class=\"rl-gutter-sizer\"><\/div><div class=\"rl-grid-sizer\"><\/div> <div class=\"rl-gallery-item rl-gallery-item-width-4\" > <div class=\"rl-gallery-item-content\"> <a href=\"https:\/\/gs-cms.com\/wp-content\/uploads\/Planverwaltung.jpg\" title=\"\" data-rl_title=\"\" class=\"rl-gallery-link\" data-rl_caption=\"\" data-rel=\"lightbox-gallery-1\"><img loading=\"lazy\" decoding=\"async\" src=\"https:\/\/gs-cms.com\/wp-content\/uploads\/Planverwaltung-300x166.jpg\" width=\"300\" height=\"166\" alt=\"\" \/><span class=\"rl-gallery-caption\"><span class=\"rl-gallery-item-title\">Planverwaltung<\/span><\/span><\/a> <\/div> <\/div> <div class=\"rl-gallery-item\" > <div class=\"rl-gallery-item-content\"> <a href=\"https:\/\/gs-cms.com\/wp-content\/uploads\/Planverwaltung-Optionen.jpg\" title=\"\" data-rl_title=\"\" class=\"rl-gallery-link\" data-rl_caption=\"\" data-rel=\"lightbox-gallery-1\"><img loading=\"lazy\" decoding=\"async\" src=\"https:\/\/gs-cms.com\/wp-content\/uploads\/Planverwaltung-Optionen-300x277.jpg\" width=\"300\" height=\"277\" alt=\"\" \/><span class=\"rl-gallery-caption\"><span class=\"rl-gallery-item-title\">Planverwaltung Optionen<\/span><\/span><\/a> <\/div> <\/div> <div class=\"rl-gallery-item\" > <div class=\"rl-gallery-item-content\"> <a href=\"https:\/\/gs-cms.com\/wp-content\/uploads\/Planversion-Grunddaten.jpg\" title=\"\" data-rl_title=\"\" class=\"rl-gallery-link\" data-rl_caption=\"\" data-rel=\"lightbox-gallery-1\"><img loading=\"lazy\" decoding=\"async\" src=\"https:\/\/gs-cms.com\/wp-content\/uploads\/Planversion-Grunddaten-300x300.jpg\" width=\"300\" height=\"300\" alt=\"\" \/><span class=\"rl-gallery-caption\"><span class=\"rl-gallery-item-title\">Planversion Grunddaten<\/span><\/span><\/a> <\/div> <\/div> <div class=\"rl-gallery-item\" > <div class=\"rl-gallery-item-content\"> <a href=\"https:\/\/gs-cms.com\/wp-content\/uploads\/Planversion-Details.jpg\" title=\"\" data-rl_title=\"\" class=\"rl-gallery-link\" data-rl_caption=\"\" data-rel=\"lightbox-gallery-1\"><img loading=\"lazy\" decoding=\"async\" src=\"https:\/\/gs-cms.com\/wp-content\/uploads\/Planversion-Details-300x300.jpg\" width=\"300\" height=\"300\" alt=\"\" \/><span class=\"rl-gallery-caption\"><span class=\"rl-gallery-item-title\">Planversion Details<\/span><\/span><\/a> <\/div> <\/div> <div class=\"rl-gallery-item\" > <div class=\"rl-gallery-item-content\"> <a href=\"https:\/\/gs-cms.com\/wp-content\/uploads\/Planversion-Aenderungen.jpg\" title=\"\" data-rl_title=\"\" class=\"rl-gallery-link\" data-rl_caption=\"\" data-rel=\"lightbox-gallery-1\"><img loading=\"lazy\" decoding=\"async\" src=\"https:\/\/gs-cms.com\/wp-content\/uploads\/Planversion-Aenderungen-300x300.jpg\" width=\"300\" height=\"300\" alt=\"\" \/><span class=\"rl-gallery-caption\"><span class=\"rl-gallery-item-title\">Planversion Aenderungen<\/span><\/span><\/a> <\/div> <\/div> <div class=\"rl-gallery-item\" > <div class=\"rl-gallery-item-content\"> <a href=\"https:\/\/gs-cms.com\/wp-content\/uploads\/Planversand-Versandschein.jpg\" title=\"\" data-rl_title=\"\" class=\"rl-gallery-link\" data-rl_caption=\"\" data-rel=\"lightbox-gallery-1\"><img loading=\"lazy\" decoding=\"async\" src=\"https:\/\/gs-cms.com\/wp-content\/uploads\/Planversand-Versandschein-300x225.jpg\" width=\"300\" height=\"225\" alt=\"\" \/><span class=\"rl-gallery-caption\"><span class=\"rl-gallery-item-title\">Planversand Versandschein<\/span><\/span><\/a> <\/div> <\/div> <\/div> <\/div>\n<h2>Funktionen<\/h2>\n<ul>\n<li>Direkte \u00dcbersicht \u00fcber die wichtigsten Daten auf der Startseite des Moduls<\/li>\n<li>\u00dcbersichtliche Oberfl\u00e4che mit dem leistungsf\u00e4higem Multi-Filter<\/li>\n<li>Freitextsuche zum einfachen Auffinden von Informationen<\/li>\n<li>Erfassen aller erforderlicher Daten, wie Planer, Planart, Plantyp, Planungsphase, Planungsstatus, usw.<\/li>\n<li>Strukturierung der Pl\u00e4ne\u00a0durch Zuordnung der Daten zu den drei Ebenen, die bei allen Modulen dieses Projekts Verwendung\u00a0finden<\/li>\n<li>Gleichzeitiges Bearbeiten wichtiger Daten von mehreren\u00a0Datens\u00e4tzen.<\/li>\n<li>Anh\u00e4ngen beliebiger Dateien an die Pl\u00e4ne.<\/li>\n<li>Einbindung aller Projektbeteiligten, um sicherzustellen, dass alle den aktuellen Planstand besitzen.<\/li>\n<li>Frei konfigurierbare eigene Berichte<\/li>\n<li>Schnelldruck eines Plans\u00a0aus dem Detailfenster heraus<\/li>\n<li>Jeder Anwender kann\u00a0 die Filter- und Spaltenansicht frei konfigurieren.<\/li>\n<li>Export der Daten\u00fcbersicht der Haupttabelle in Text, CSV oder Excel-Dateien<\/li>\n<li>Export aller Berichte in verschiedene Dateiformate.<\/li>\n<li>Gesetzte Filter werden beim Export und bei der Berichtsgenerierung ber\u00fccksichtigt.<\/li>\n<li>Plannummern k\u00f6nnen frei eingegeben werden oder \u00fcber eine Plannummerdefinition automatisch erstellt\u00a0werden<\/li>\n<li>Automatisches Erstellen einer Historie jedes Plans<\/li>\n<li>Verwendung der Planverwaltung m\u00f6glich ohne Dateien hochzuladen.<\/li>\n<li>\u00dcberwachung des Planversands mit Planein- und ausgang<\/li>\n<li>Archivierung aller Pl\u00e4ne auf einmal.<\/li>\n<li>Eigene Definition von individuellen Planungsphasen, Planungsstadien, Plantypen, Planarten f\u00fcr jedes Projekt<\/li>\n<li>\u00dcbernahme der Optionsdefinitionen aus der zentralen Bibliothek.<\/li>\n<li>Freie Plannummerndefinition\u00a0mit automatischer Plannummernvergabe (optional).<\/li>\n<\/ul>\n","protected":false},"excerpt":{"rendered":"<p>W\u00fcrden Sie gerne Ihre Pl\u00e4ne zentral verwalten, so dass alle Projektbeteiligten immer Zugriff auf die aktuelle Planversion haben? \u00dcbersicht Kooperation Auftraggeber und Nachunternehmer k\u00f6nnen einen eingeschr\u00e4nkten Zugang erhalten, um z.B. Pl\u00e4ne herunterzuladen Historie Alle eingelesenen Planversionen bleiben erhalten und k\u00f6nnen eingesehen werden Planversand Dokumentation von Planeingang und Planversand Strukturierung Einheitliche, modul\u00fcbergreifende Strukturierung der Daten in&hellip;<\/p>\n","protected":false},"author":11,"featured_media":0,"parent":11,"menu_order":8,"comment_status":"closed","ping_status":"closed","template":"","meta":{"_bbp_topic_count":0,"_bbp_reply_count":0,"_bbp_total_topic_count":0,"_bbp_total_reply_count":0,"_bbp_voice_count":0,"_bbp_anonymous_reply_count":0,"_bbp_topic_count_hidden":0,"_bbp_reply_count_hidden":0,"_bbp_forum_subforum_count":0,"jetpack_post_was_ever_published":false,"footnotes":""},"class_list":["post-36","page","type-page","status-publish","hentry"],"aioseo_notices":[],"jetpack_sharing_enabled":true,"jetpack-related-posts":[{"id":915,"url":"https:\/\/gs-cms.com\/?page_id=915","url_meta":{"origin":36,"position":0},"title":"Planverwaltung","author":"Patrick Schimmel","date":"Dienstag, 14. Januar 2014","format":false,"excerpt":"In der Planverwaltung k\u00f6nnen Pl\u00e4ne mit Planeingang, Versionierung und dem Planversand verwaltet und \u00fcberwacht werden. Die veralteten Pl\u00e4ne k\u00f6nnen in verschiedenen Dateiformaten auf den Server hochgeladen werden. Zu jedem Plan k\u00f6nnen beliebig viele Planversionen (\u00dcberarbeitungen) angelegt werden. Die Versionen werden \u00fcber den Planindex unterschieden. Wird eine aktualisierte Version eines Plans\u2026","rel":"","context":"In \"Besprechungen\"","block_context":{"text":"Besprechungen","link":"https:\/\/gs-cms.com\/?tag=besprechungen"},"img":{"alt_text":"Planverwaltung","src":"https:\/\/i0.wp.com\/gs-cms.com\/wp-content\/uploads\/Planverwaltung-1024x566.jpg?resize=350%2C200&ssl=1","width":350,"height":200,"srcset":"https:\/\/i0.wp.com\/gs-cms.com\/wp-content\/uploads\/Planverwaltung-1024x566.jpg?resize=350%2C200&ssl=1 1x, https:\/\/i0.wp.com\/gs-cms.com\/wp-content\/uploads\/Planverwaltung-1024x566.jpg?resize=525%2C300&ssl=1 1.5x, https:\/\/i0.wp.com\/gs-cms.com\/wp-content\/uploads\/Planverwaltung-1024x566.jpg?resize=700%2C400&ssl=1 2x"},"classes":[]},{"id":3005,"url":"https:\/\/gs-cms.com\/?page_id=3005","url_meta":{"origin":36,"position":1},"title":"Qualit\u00e4tsmanagement","author":"Patrick Schimmel","date":"Samstag, 17. September 2016","format":false,"excerpt":"W\u00fcrden Sie gerne Ihre Qualit\u00e4tspr\u00fcfungen einfacher gestalten und vertragssicher dokumentieren? \u00dcbersicht M\u00e4ngel Anbindung an die M\u00e4ngelverwaltung Strukturierung Einheitliche, modul\u00fcbergreifende Strukturierung der Daten in die Projektebenen \u00a0 \u00a0Pivot Schnelles Bearbeiten von Checklistenpunkten in Pivot-Ansichten Beschreibung Das\u00a0Qualit\u00e4tsmanagement-Modul des Construction Management System CMS\u00a0erm\u00f6glicht es Ihnen auf einfache Weise Checklisten anzulegen und f\u00fcr wiederkehrende\u2026","rel":"","context":"\u00c4hnlicher Beitrag","block_context":{"text":"\u00c4hnlicher Beitrag","link":""},"img":{"alt_text":"Deficiencies","src":"https:\/\/i0.wp.com\/gs-cms.com\/wp-content\/uploads\/Deficiencies.png?resize=350%2C200&ssl=1","width":350,"height":200},"classes":[]},{"id":937,"url":"https:\/\/gs-cms.com\/?page_id=937","url_meta":{"origin":36,"position":2},"title":"Planversand","author":"Patrick Schimmel","date":"Dienstag, 14. Januar 2014","format":false,"excerpt":"Mit dem Planversand k\u00f6nnen Versandscheine erstellt und der Versand von Pl\u00e4nen und deren R\u00fccklauf \u00fcberwacht werden. Mit dem Plus-Button wird ein neuer Versandschein hinzugef\u00fcgt und mit dem Minus-Button wieder entfernt. \u00dcber den Tabreiter Pl\u00e4ne k\u00f6nnen vorhandene Planversionen an den Planversandschein angeh\u00e4ngt werden. Mit dem Versand-Button wird ein vorhandener Versandschein bearbeitet.\u2026","rel":"","context":"In \"Pl\u00e4ne\"","block_context":{"text":"Pl\u00e4ne","link":"https:\/\/gs-cms.com\/?tag=plaene"},"img":{"alt_text":"Planversand Versandschein","src":"https:\/\/i0.wp.com\/gs-cms.com\/wp-content\/uploads\/Planversand-Versandschein.jpg?resize=350%2C200&ssl=1","width":350,"height":200,"srcset":"https:\/\/i0.wp.com\/gs-cms.com\/wp-content\/uploads\/Planversand-Versandschein.jpg?resize=350%2C200&ssl=1 1x, https:\/\/i0.wp.com\/gs-cms.com\/wp-content\/uploads\/Planversand-Versandschein.jpg?resize=525%2C300&ssl=1 1.5x, https:\/\/i0.wp.com\/gs-cms.com\/wp-content\/uploads\/Planversand-Versandschein.jpg?resize=700%2C400&ssl=1 2x"},"classes":[]},{"id":1354,"url":"https:\/\/gs-cms.com\/?page_id=1354","url_meta":{"origin":36,"position":3},"title":"Rechte","author":"Patrick Schimmel","date":"Dienstag, 3. Juni 2014","format":false,"excerpt":"Im Folgenden werden die verf\u00fcgbaren Rechte der einzelnen Module erl\u00e4utert. Allgemeine Module Modul Recht Beschreibung Akquisition Akquisitionsdaten bearbeiten Benutzer hat das Recht die Detaildaten der Akquisition zu bearbeiten. Akquisition Akquisitionstermine bearbeiten Bearbeiten der Termindaten der Akquisitionsdatens\u00e4tze. Akquisition Submissionsergebnisse bearbeiten Bearbeiten der Submissionsergebnisse von Gelegenheiten. Akquisition Akquisitionsdaten drucken Drucken von Berichten\u2026","rel":"","context":"In \"Admin\"","block_context":{"text":"Admin","link":"https:\/\/gs-cms.com\/?tag=admin"},"img":{"alt_text":"","src":"","width":0,"height":0},"classes":[]},{"id":933,"url":"https:\/\/gs-cms.com\/?page_id=933","url_meta":{"origin":36,"position":4},"title":"Planverwaltung","author":"Patrick Schimmel","date":"Dienstag, 14. Januar 2014","format":false,"excerpt":"Plan hinzuf\u00fcgen Durch einen Mausklick auf den Plus-Button in der Toolbar der Planverwaltung wird ein neuer Plan aus einer Datei eingelesen. Plan bearbeiten Das Detailfenster zum Bearbeiten von Pl\u00e4nen wird durch einen Doppelklick auf eine Zeile der Tabelle im Hauptfenster der Planverwaltung ge\u00f6ffnet. Im oberen Bereich des Detailfenster wird die\u2026","rel":"","context":"In \"Pl\u00e4ne\"","block_context":{"text":"Pl\u00e4ne","link":"https:\/\/gs-cms.com\/?tag=plaene"},"img":{"alt_text":"Add","src":"https:\/\/i0.wp.com\/gs-cms.com\/wp-content\/uploads\/Add.png?resize=350%2C200&ssl=1","width":350,"height":200},"classes":[]},{"id":2376,"url":"https:\/\/gs-cms.com\/?page_id=2376","url_meta":{"origin":36,"position":5},"title":"Mobile Datenerfassung","author":"Patrick Schimmel","date":"Freitag, 6. M\u00e4rz 2015","format":false,"excerpt":"W\u00fcrden Sie gerne die Daten f\u00fcr Bautagesberichte und gefundenen M\u00e4ngeln direkt auf der Baustelle erfassen und mit Bildern hinterlegen?","rel":"","context":"\u00c4hnlicher Beitrag","block_context":{"text":"\u00c4hnlicher Beitrag","link":""},"img":{"alt_text":"DailyReports","src":"https:\/\/i0.wp.com\/gs-cms.com\/wp-content\/uploads\/DailyReports.png?resize=350%2C200&ssl=1","width":350,"height":200},"classes":[]}],"_links":{"self":[{"href":"https:\/\/gs-cms.com\/index.php?rest_route=\/wp\/v2\/pages\/36","targetHints":{"allow":["GET"]}}],"collection":[{"href":"https:\/\/gs-cms.com\/index.php?rest_route=\/wp\/v2\/pages"}],"about":[{"href":"https:\/\/gs-cms.com\/index.php?rest_route=\/wp\/v2\/types\/page"}],"author":[{"embeddable":true,"href":"https:\/\/gs-cms.com\/index.php?rest_route=\/wp\/v2\/users\/11"}],"replies":[{"embeddable":true,"href":"https:\/\/gs-cms.com\/index.php?rest_route=%2Fwp%2Fv2%2Fcomments&post=36"}],"version-history":[{"count":6,"href":"https:\/\/gs-cms.com\/index.php?rest_route=\/wp\/v2\/pages\/36\/revisions"}],"predecessor-version":[{"id":3548,"href":"https:\/\/gs-cms.com\/index.php?rest_route=\/wp\/v2\/pages\/36\/revisions\/3548"}],"up":[{"embeddable":true,"href":"https:\/\/gs-cms.com\/index.php?rest_route=\/wp\/v2\/pages\/11"}],"wp:attachment":[{"href":"https:\/\/gs-cms.com\/index.php?rest_route=%2Fwp%2Fv2%2Fmedia&parent=36"}],"curies":[{"name":"wp","href":"https:\/\/api.w.org\/{rel}","templated":true}]}}