
{"id":3598,"date":"2019-06-10T16:33:01","date_gmt":"2019-06-10T14:33:01","guid":{"rendered":"http:\/\/gs-cms.com\/?page_id=3598"},"modified":"2019-06-10T16:33:04","modified_gmt":"2019-06-10T14:33:04","slug":"cms-testzugang","status":"publish","type":"page","link":"https:\/\/gs-cms.com\/?page_id=3598","title":{"rendered":"CMS Testzugang"},"content":{"rendered":"\n<p>Sie k\u00f6nnen eine uneingeschr\u00e4nkte Version von CMS kostenlos testen. Hierf\u00fcr gibt es prinzipiell zwei M\u00f6glichkeiten:<\/p>\n\n\n\n<h3 class=\"wp-block-heading\">30-Tage Testversion (Lokal)<\/h3>\n\n\n\n<p>Sie k\u00f6nnen das Construction Management System lokal 30 Tage lang uneingeschr\u00e4nkt testen. Alle eingegebenen Daten werden ausschlie\u00dflich bei Ihnen lokal gespeichert. Laden Sie sich hierzu die aktuelle Version der Software aus unserem <a href=\"https:\/\/gs-cms.com\/?page_id=1509\">Download-Bereich<\/a> herunter. Dort finden Sie auch eine Anleitung zur Installation.<\/p>\n\n\n\n<p>Um das Construction Management System lokal zu testen, ben\u00f6tigen Sie ein lokal installiertes Datenbankbetriebssystem (z.B. MySQL).<\/p>\n\n\n\n<p>Beim ersten Start werden Sie aufgefordert, Ihre Daten einzugeben. Sie erhalten dann automatisch eine limitierte Test-Lizenz der Software. Bitte wenden Sie sich an unserern <a href=\"https:\/\/gs-cms.com\/?page_id=1304\">Support<\/a>, falls es zu Problemen kommt.<\/p>\n\n\n\n<h3 class=\"wp-block-heading\">Testzugang zu Online-Server<\/h3>\n\n\n\n<p>Sie k\u00f6nnen das Construction Management System auch direkt testen, ohne eine lokale Datenbank. Laden Sie sich hierzu die aktuelle Version der Software aus unserem <a href=\"https:\/\/gs-cms.com\/?page_id=1509\">Download-Bereich<\/a> herunter. Dort finden Sie auch eine Anleitung zur Installation. <\/p>\n\n\n\n<p>Bitte wenden Sie sich nach der Installation an unseren <a href=\"https:\/\/gs-cms.com\/?page_id=1304\">Support<\/a>, um die Zugangsdaten zum Online-Server zu erhalten.<\/p>\n\n\n\n<p>Bitte beachten Sie, dass die Geschwindigkeit der Abfragen wesentlich langsamer ist, als bei einer installierten Version. <\/p>\n","protected":false},"excerpt":{"rendered":"<p>Sie k\u00f6nnen eine uneingeschr\u00e4nkte Version von CMS kostenlos testen. Hierf\u00fcr gibt es prinzipiell zwei M\u00f6glichkeiten: 30-Tage Testversion (Lokal) Sie k\u00f6nnen das Construction Management System lokal 30 Tage lang uneingeschr\u00e4nkt testen. Alle eingegebenen Daten werden ausschlie\u00dflich bei Ihnen lokal gespeichert. Laden Sie sich hierzu die aktuelle Version der Software aus unserem Download-Bereich herunter. Dort finden Sie&hellip;<\/p>\n","protected":false},"author":11,"featured_media":0,"parent":0,"menu_order":0,"comment_status":"closed","ping_status":"closed","template":"","meta":{"_bbp_topic_count":0,"_bbp_reply_count":0,"_bbp_total_topic_count":0,"_bbp_total_reply_count":0,"_bbp_voice_count":0,"_bbp_anonymous_reply_count":0,"_bbp_topic_count_hidden":0,"_bbp_reply_count_hidden":0,"_bbp_forum_subforum_count":0,"jetpack_post_was_ever_published":false,"footnotes":""},"class_list":["post-3598","page","type-page","status-publish","hentry"],"aioseo_notices":[],"jetpack_sharing_enabled":true,"jetpack-related-posts":[{"id":1753,"url":"https:\/\/gs-cms.com\/","url_meta":{"origin":3598,"position":0},"title":"Willkommen","author":"Patrick Schimmel","date":"Mittwoch, 22. Oktober 2014","format":false,"excerpt":"Willkommen auf der Website der Firma GS Construction Management Services. Sie finden hier Informationen und Neuigkeiten zu unserer Software und den Leistungen und Services unseres Unternehmens. Wir sind spezialisiert auf\u00a0das Projektmanagement im Baubereich.\u00a0Unter anderem bieten wir das Construction Management System\u00a0CMS, eine Software zur einfachen Verwaltung und vertragssicheren Dokumentation von Bauprojekten.\u00a0\u2026","rel":"","context":"\u00c4hnlicher Beitrag","block_context":{"text":"\u00c4hnlicher Beitrag","link":""},"img":{"alt_text":"","src":"https:\/\/i0.wp.com\/gs-cms.com\/wp-content\/uploads\/Splash-1.png?resize=350%2C200&ssl=1","width":350,"height":200},"classes":[]},{"id":11,"url":"https:\/\/gs-cms.com\/?page_id=11","url_meta":{"origin":3598,"position":1},"title":"Construction Management System","author":"Patrick Schimmel","date":"Dienstag, 19. November 2013","format":false,"excerpt":"Das Construction Management System CMS ist eine umfangreiche Software zur vertragssicheren Dokumentation und Verwaltung von Bauprojekten. Es umfasst alle Phasen des Bauprojekts, von der Projektakquise \u00fcber die Bauausf\u00fchrung bis hin zur Gew\u00e4hrleistung. Einmal eingetragene Informationen werden in einer zentralen Datenbank gespeichert und k\u00f6nnen \u00fcber frei definierbare Berichte beliebig ausgewertet und\u2026","rel":"","context":"\u00c4hnlicher Beitrag","block_context":{"text":"\u00c4hnlicher Beitrag","link":""},"img":{"alt_text":"Projektzyklus","src":"https:\/\/i0.wp.com\/gs-cms.com\/wp-content\/uploads\/Projektzyklus-300x221.png?resize=350%2C200&ssl=1","width":350,"height":200},"classes":[]},{"id":206,"url":"https:\/\/gs-cms.com\/?page_id=206","url_meta":{"origin":3598,"position":2},"title":"Installation","author":"Patrick Schimmel","date":"Freitag, 6. Dezember 2013","format":false,"excerpt":"Die Installation der einzelnen Komponenten erfordert Administratorrechte und grundlegendes Wissen der Netzwerkadministration. Ein Video-Tutorial mit einer Anleitung zur Installation und Einrichtung des Programms finden Sie hier. Mindestanforderungen Zur erfolgreichen Installation und dem Betrieb von CMS m\u00fcssen\u00a0folgende Anforderungen erf\u00fcllt sein: Das Microsoft .NET-Framework 4.0 muss auf allen Client-Rechnern installiert sein. MySQL\u2026","rel":"","context":"In \"Installation\"","block_context":{"text":"Installation","link":"https:\/\/gs-cms.com\/?tag=installation"},"img":{"alt_text":"MySQLConfig1","src":"https:\/\/i0.wp.com\/gs-cms.com\/wp-content\/uploads\/MySQLConfig1-300x227.png?resize=350%2C200&ssl=1","width":350,"height":200},"classes":[]},{"id":1491,"url":"https:\/\/gs-cms.com\/?page_id=1491","url_meta":{"origin":3598,"position":3},"title":"Konfiguration des Web Services","author":"Patrick Schimmel","date":"Samstag, 5. Juli 2014","format":false,"excerpt":"Vorteile: Bew\u00e4hrte Web-Technologie Ordner ist vor Benutzerzugriffen gesch\u00fctzt Verteilung der Last auf verschiedene Rechner Download von skalierten Bildern m\u00f6glich (Bildvorschau wesentlich schneller) Authentifizierung des Benutzers \u00fcber die CMS-Datenbank Nachteile: Einrichtung eines IIS-Webservers und Installation des CMS Webservice ist erforderlich Der IIS-Webserver kann nur auf einem Windows-Server installiert werden. Installation des\u00a0Internet\u2026","rel":"","context":"In \"Konfiguration\"","block_context":{"text":"Konfiguration","link":"https:\/\/gs-cms.com\/?tag=konfiguration"},"img":{"alt_text":"","src":"https:\/\/i0.wp.com\/gs-cms.com\/wp-content\/uploads\/IISManager.jpg?resize=350%2C200&ssl=1","width":350,"height":200,"srcset":"https:\/\/i0.wp.com\/gs-cms.com\/wp-content\/uploads\/IISManager.jpg?resize=350%2C200&ssl=1 1x, https:\/\/i0.wp.com\/gs-cms.com\/wp-content\/uploads\/IISManager.jpg?resize=525%2C300&ssl=1 1.5x"},"classes":[]},{"id":1328,"url":"https:\/\/gs-cms.com\/?page_id=1328","url_meta":{"origin":3598,"position":4},"title":"RIB Connector","author":"Patrick Schimmel","date":"Dienstag, 27. Mai 2014","format":false,"excerpt":"Mit dem RIB-Connector k\u00f6nnen Daten aus der CMS Adressverwaltung direkt in RIB iTWO verwendet werden. Hierzu m\u00fcssen Sie\u00a0im\u00a0RIB\u00a0iTWO\u00a0Adressfenster mit der rechten Maustaste auf eine Kategorie klicken\u00a0und \"Import\u2026\" w\u00e4hlen. Im folgenden Fenster muss das Construction Management System als Import-Filter verwendet werden. Nach einer Weile wird die CMS Adressverwaltung ge\u00f6ffnet und es\u2026","rel":"","context":"In \"RIB\"","block_context":{"text":"RIB","link":"https:\/\/gs-cms.com\/?tag=rib"},"img":{"alt_text":"","src":"https:\/\/i0.wp.com\/gs-cms.com\/wp-content\/uploads\/RIB-Import.png?resize=350%2C200&ssl=1","width":350,"height":200,"srcset":"https:\/\/i0.wp.com\/gs-cms.com\/wp-content\/uploads\/RIB-Import.png?resize=350%2C200&ssl=1 1x, https:\/\/i0.wp.com\/gs-cms.com\/wp-content\/uploads\/RIB-Import.png?resize=525%2C300&ssl=1 1.5x"},"classes":[]},{"id":77,"url":"https:\/\/gs-cms.com\/?page_id=77","url_meta":{"origin":3598,"position":5},"title":"Optionen","author":"Patrick Schimmel","date":"Dienstag, 19. November 2013","format":false,"excerpt":"","rel":"","context":"In \"Optionen\"","block_context":{"text":"Optionen","link":"https:\/\/gs-cms.com\/?tag=optionen"},"img":{"alt_text":"Optionen","src":"https:\/\/i0.wp.com\/gs-cms.com\/wp-content\/uploads\/Optionen-300x213.jpg?resize=350%2C200&ssl=1","width":350,"height":200},"classes":[]}],"_links":{"self":[{"href":"https:\/\/gs-cms.com\/index.php?rest_route=\/wp\/v2\/pages\/3598","targetHints":{"allow":["GET"]}}],"collection":[{"href":"https:\/\/gs-cms.com\/index.php?rest_route=\/wp\/v2\/pages"}],"about":[{"href":"https:\/\/gs-cms.com\/index.php?rest_route=\/wp\/v2\/types\/page"}],"author":[{"embeddable":true,"href":"https:\/\/gs-cms.com\/index.php?rest_route=\/wp\/v2\/users\/11"}],"replies":[{"embeddable":true,"href":"https:\/\/gs-cms.com\/index.php?rest_route=%2Fwp%2Fv2%2Fcomments&post=3598"}],"version-history":[{"count":2,"href":"https:\/\/gs-cms.com\/index.php?rest_route=\/wp\/v2\/pages\/3598\/revisions"}],"predecessor-version":[{"id":3600,"href":"https:\/\/gs-cms.com\/index.php?rest_route=\/wp\/v2\/pages\/3598\/revisions\/3600"}],"wp:attachment":[{"href":"https:\/\/gs-cms.com\/index.php?rest_route=%2Fwp%2Fv2%2Fmedia&parent=3598"}],"curies":[{"name":"wp","href":"https:\/\/api.w.org\/{rel}","templated":true}]}}