
{"id":358,"date":"2013-12-14T20:49:53","date_gmt":"2013-12-14T19:49:53","guid":{"rendered":"http:\/\/gs-cms.com\/?page_id=358"},"modified":"2016-01-27T23:29:32","modified_gmt":"2016-01-27T22:29:32","slug":"projektakquisition","status":"publish","type":"page","link":"https:\/\/gs-cms.com\/?page_id=358","title":{"rendered":"Projektakquisition"},"content":{"rendered":"<p>In der Projektakquisition werden die Daten von Gelegenheiten gesammelt und verwaltet, die zu einem Projekt werden k\u00f6nnen.<\/p>\n<p><a href=\"https:\/\/gs-cms.com\/wp-content\/uploads\/Akquisition.jpg\" data-rel=\"lightbox-gallery-8NtDWmle\" data-rl_title=\"\" data-rl_caption=\"\" title=\"\"><img loading=\"lazy\" decoding=\"async\" data-attachment-id=\"676\" data-permalink=\"https:\/\/gs-cms.com\/?attachment_id=676\" data-orig-file=\"https:\/\/gs-cms.com\/wp-content\/uploads\/Akquisition.jpg\" data-orig-size=\"1420,811\" data-comments-opened=\"1\" data-image-meta=\"{&quot;aperture&quot;:&quot;0&quot;,&quot;credit&quot;:&quot;&quot;,&quot;camera&quot;:&quot;&quot;,&quot;caption&quot;:&quot;&quot;,&quot;created_timestamp&quot;:&quot;0&quot;,&quot;copyright&quot;:&quot;&quot;,&quot;focal_length&quot;:&quot;0&quot;,&quot;iso&quot;:&quot;0&quot;,&quot;shutter_speed&quot;:&quot;0&quot;,&quot;title&quot;:&quot;&quot;,&quot;orientation&quot;:&quot;0&quot;}\" data-image-title=\"Projektakquisition\" data-image-description=\"\" data-image-caption=\"&lt;p&gt;Projektakquisition&lt;\/p&gt;\n\" data-large-file=\"https:\/\/gs-cms.com\/wp-content\/uploads\/Akquisition-1024x584.jpg\" class=\"alignnone wp-image-676 size-large\" src=\"https:\/\/gs-cms.com\/wp-content\/uploads\/Akquisition-1024x584.jpg\" alt=\"Projektakquisition\" width=\"720\" height=\"410\" srcset=\"https:\/\/gs-cms.com\/wp-content\/uploads\/Akquisition-1024x584.jpg 1024w, https:\/\/gs-cms.com\/wp-content\/uploads\/Akquisition-300x171.jpg 300w, https:\/\/gs-cms.com\/wp-content\/uploads\/Akquisition.jpg 1420w\" sizes=\"auto, (max-width: 720px) 100vw, 720px\" \/><\/a><\/p>\n<p>&nbsp;<\/p>\n<h3>Gelegenheit hinzuf\u00fcgen<\/h3>\n<p>Durch einen Mausklick auf das Plus-Symbol in der Toolbar der Projektakquisition wird eine neue Gelegenheit angelegt.<\/p>\n<p><img loading=\"lazy\" decoding=\"async\" src=\"https:\/\/gs-cms.com\/wp-content\/uploads\/Add.png\" alt=\"Add\" width=\"32\" height=\"32\" \/><\/p>\n<p>Danach wird das Detailfenster ge\u00f6ffnet und die Daten der Gelegenheit k\u00f6nnen eingegeben werden.<\/p>\n<p>&nbsp;<\/p>\n<p>&nbsp;<\/p>\n<h3>Gelegenheit bearbeiten<\/h3>\n<p>Das Detailfenster zum Bearbeiten von Gelegenheiten wird durch einen Doppelklick auf eine Zeile im Hauptfenster der Projektakquisition ge\u00f6ffnet. In die Eingabefelder \u00fcber den Tabreitern wird der Name der Gelegenheit, sowie der aktuelle Status eingegeben. Der Status und alle Eintr\u00e4ge in Auswahlfeldern k\u00f6nnen bei den Optionen frei bearbeitet werden.<\/p>\n<p>Im unteren Bereich kann mit den Pfeiltasten durch die Datens\u00e4tze gebl\u00e4ttert werden. Hierbei werden nur die Datens\u00e4tze verwendet, die im Hauptfenster angezeigt wurden. Beim Bl\u00e4ttern werden \u00c4nderungen am aktuellen Datensatz gespeichert.<\/p>\n<h4>Grunddaten<\/h4>\n<p>Bei den Grunddaten werden die grundlegenden Daten der Gelegenheit eingegeben.<\/p>\n<p><a href=\"https:\/\/gs-cms.com\/wp-content\/uploads\/Akquisition-Grunddaten.jpg\" data-rel=\"lightbox-gallery-8NtDWmle\" data-rl_title=\"\" data-rl_caption=\"\" title=\"\"><img loading=\"lazy\" decoding=\"async\" src=\"https:\/\/gs-cms.com\/wp-content\/uploads\/Akquisition-Grunddaten.jpg\" alt=\"Akquisition Grunddaten\" width=\"850\" height=\"500\" \/><\/a><\/p>\n<p>Durch die Eingabe einer Region k\u00f6nnen die Rechte auf die Datens\u00e4tze beschr\u00e4nkt werden. Jedem Benutzer kann in der Benutzerverwaltung der Zugriff auf die Datens\u00e4tze einer Region beschr\u00e4nkt werden. Wird keine Region ausgew\u00e4hlt, so hat jeder Benutzer Zugriff auf die Daten.<\/p>\n<h4>Details<\/h4>\n<p>Im Tabreiter Details werden erweiterte Daten der Gelegenheit eingegeben.<\/p>\n<p><a href=\"https:\/\/gs-cms.com\/wp-content\/uploads\/Akquisition-Details.jpg\" data-rel=\"lightbox-gallery-8NtDWmle\" data-rl_title=\"\" data-rl_caption=\"\" title=\"\"><img loading=\"lazy\" decoding=\"async\" src=\"https:\/\/gs-cms.com\/wp-content\/uploads\/Akquisition-Details.jpg\" alt=\"Akquisition Details\" width=\"850\" height=\"500\" \/><\/a><\/p>\n<p>Bei den Bauwerkstypen ist eine Mehrfachauswahl m\u00f6glich.<\/p>\n<h4>Ansprechpartner<\/h4>\n<p>Im Tabreiter Ansprechpartner k\u00f6nnen vertragliche und technische Ansprechpartner angelegt werden.<\/p>\n<p><a href=\"https:\/\/gs-cms.com\/wp-content\/uploads\/Akquisition-Ansprechpartner.jpg\" data-rel=\"lightbox-gallery-8NtDWmle\" data-rl_title=\"\" data-rl_caption=\"\" title=\"\"><img loading=\"lazy\" decoding=\"async\" src=\"https:\/\/gs-cms.com\/wp-content\/uploads\/Akquisition-Ansprechpartner.jpg\" alt=\"Akquisition Ansprechpartner\" width=\"850\" height=\"500\" \/><\/a><\/p>\n<p>Durch einen Mausklick auf den Plus-Button wird die Personenauswahl ge\u00f6ffnet und es kann ein beliebiger Firmen- oder ein Personenkontakt aus der Adressverwaltung ausgew\u00e4hlt werden.<\/p>\n<p>Mit dem Minus-Button wird ein Ansprechpartner entfernt.<\/p>\n<h4>Aktivit\u00e4ten<\/h4>\n<p>Aktivit\u00e4ten sind Vorg\u00e4nge, die zur Bearbeitung der Gelegenheit erforderlich sind.<\/p>\n<p><a href=\"https:\/\/gs-cms.com\/wp-content\/uploads\/Akquisition-Aktivitaeten.jpg\" data-rel=\"lightbox-gallery-8NtDWmle\" data-rl_title=\"\" data-rl_caption=\"\" title=\"\"><img loading=\"lazy\" decoding=\"async\" src=\"https:\/\/gs-cms.com\/wp-content\/uploads\/Akquisition-Aktivitaeten.jpg\" alt=\"Akquisition Aktivitaeten\" width=\"850\" height=\"500\" \/><\/a><\/p>\n<p>Mit dem Plus-Button wird eine neue Aktivit\u00e4t angelegt und mit dem Minus-Button eine vorhandene Aktivit\u00e4t gel\u00f6scht.<\/p>\n<p>Mit dem Button mit dem Klemmbrett-Symbol k\u00f6nnen aus den Aktivit\u00e4ten automatisch Eintr\u00e4ge in der Todo-Liste erzeugt werden. Hierbei erh\u00e4lt jede Person, die bei einem Eintrag als verantwortlich angelegt ist einen Eintrag in Ihrer pers\u00f6nlichen Todo-Liste.<\/p>\n<p><a href=\"https:\/\/gs-cms.com\/wp-content\/uploads\/Akquisition-Aktivitaet.jpg\" data-rel=\"lightbox-gallery-8NtDWmle\" data-rl_title=\"\" data-rl_caption=\"\" title=\"\"><img loading=\"lazy\" decoding=\"async\" src=\"https:\/\/gs-cms.com\/wp-content\/uploads\/Akquisition-Aktivitaet.jpg\" alt=\"Akquisition Aktivitaet\" width=\"450\" height=\"262\" \/><\/a><\/p>\n<p>Bei jeder Aktivit\u00e4t muss eine verantwortliche Person angegeben werden und ein Datum und eine Uhrzeit, welche die F\u00e4lligkeit der Aktivit\u00e4t angeben.<\/p>\n<h4>Submissionsergebnisse<\/h4>\n<p>Bei den Submissionsergebnissen k\u00f6nnen die Ergebnisse bei \u00f6ffentlichen Ausschreibungen erfasst werden.<\/p>\n<p>Beim beauftragten Unternehmen enth\u00e4lt das Auswahlfeld alle bisher eingegebenen Firmen. Die Firmen m\u00fcssen hier nicht in der Adressverwaltung angelegt worden sein.<\/p>\n<p><a href=\"https:\/\/gs-cms.com\/wp-content\/uploads\/Akquisition-Submissionsergebnisse.jpg\" data-rel=\"lightbox-gallery-8NtDWmle\" data-rl_title=\"\" data-rl_caption=\"\" title=\"\"><img loading=\"lazy\" decoding=\"async\" src=\"https:\/\/gs-cms.com\/wp-content\/uploads\/Akquisition-Submissionsergebnisse.jpg\" alt=\"Akquisition Submissionsergebnisse\" width=\"850\" height=\"500\" \/><\/a><\/p>\n<p><a href=\"https:\/\/gs-cms.com\/wp-content\/uploads\/Akquisition-Submissionsergebnis.jpg\" data-rel=\"lightbox-gallery-8NtDWmle\" data-rl_title=\"\" data-rl_caption=\"\" title=\"\"><img loading=\"lazy\" decoding=\"async\" src=\"https:\/\/gs-cms.com\/wp-content\/uploads\/Akquisition-Submissionsergebnis.jpg\" alt=\"Akquisition Submissionsergebnis\" width=\"350\" height=\"350\" \/><\/a><\/p>\n<p>Der Gesamtbetrag wird automatisch aus der Angebotssumme und dem eingegebenen prozentualen Nachlass berechnet.<\/p>\n<p>Mit dem Auswahlfeld &#8222;Eigenes Angebot&#8220; wird angegeben, ob das eingegebene Angebot vom eigenen Unternehmen stammt.\u00a0Diese Angabe wird dazu verwendet, um die Prozentangaben relativ zum eigenen Angebot zu berechnen.<\/p>\n<h3>Gelegenheit entfernen<\/h3>\n<p><img loading=\"lazy\" decoding=\"async\" src=\"https:\/\/gs-cms.com\/wp-content\/uploads\/Delete.png\" alt=\"Delete\" width=\"32\" height=\"32\" \/><\/p>\n<p>Durch einen Mausklick auf den Minus-Button in der Toolbar der Projektakquisition wird die ausgew\u00e4hlte Gelegenheit gel\u00f6scht.<\/p>\n<h3>Gelegenheit kopieren<\/h3>\n<p><img loading=\"lazy\" decoding=\"async\" src=\"https:\/\/gs-cms.com\/wp-content\/uploads\/Copy.png\" alt=\"Copy\" width=\"32\" height=\"32\" \/><\/p>\n<p>Durch einen Mausklick auf den Kopieren-Button in der Toolbar der Projektakquisition wird die ausgew\u00e4hlte Gelegenheit mit allen Daten kopiert.<\/p>\n<h3>Gelegenheit in Projekt umwandeln<\/h3>\n<p><img loading=\"lazy\" decoding=\"async\" src=\"https:\/\/gs-cms.com\/wp-content\/uploads\/MoveOpportunityToProject.png\" alt=\"MoveOpportunityToProject\" width=\"32\" height=\"32\" \/><\/p>\n<p>Durch einen Mausklick auf das Symbol in der Toolbar der Projektakquisition wird eine Gelegenheit in ein Projekt umgewandelt.<\/p>\n<p>Hierzu m\u00fcssen noch einige Grunddaten eingegeben werden. Da die Gelegenheit jetzt beauftragt ist, muss ein Vertrag angegeben werden. Au\u00dferdem kann direkt eine Kostenstelle und eine Projektnummer eingegeben werden.<\/p>\n<p>Au\u00dferdem kann in diesem Fenster die Vergabenummer \u00fcberpr\u00fcft werden.<\/p>\n<p><a href=\"https:\/\/gs-cms.com\/wp-content\/uploads\/Akquisition-in-Projekt-umwandeln.jpg\" data-rel=\"lightbox-gallery-8NtDWmle\" data-rl_title=\"\" data-rl_caption=\"\" title=\"\"><img loading=\"lazy\" decoding=\"async\" src=\"https:\/\/gs-cms.com\/wp-content\/uploads\/Akquisition-in-Projekt-umwandeln.jpg\" alt=\"Akquisition in Projekt umwandeln\" width=\"400\" height=\"300\" \/><\/a><\/p>\n<p>In der Projektverwaltung wird ein neues Projekt angelegt und alle vorhandenen Daten, sofern sie f\u00fcr Projekte relevant sind \u00fcbernommen.<\/p>\n<p>Der Datensatz in der Projektakquisition wird nicht gel\u00f6scht.<\/p>\n","protected":false},"excerpt":{"rendered":"<p>In der Projektakquisition werden die Daten von Gelegenheiten gesammelt und verwaltet, die zu einem Projekt werden k\u00f6nnen. &nbsp; Gelegenheit hinzuf\u00fcgen Durch einen Mausklick auf das Plus-Symbol in der Toolbar der Projektakquisition wird eine neue Gelegenheit angelegt. Danach wird das Detailfenster ge\u00f6ffnet und die Daten der Gelegenheit k\u00f6nnen eingegeben werden. &nbsp; &nbsp; Gelegenheit bearbeiten Das Detailfenster&hellip;<\/p>\n","protected":false},"author":11,"featured_media":0,"parent":13,"menu_order":1,"comment_status":"closed","ping_status":"closed","template":"helppage.php","meta":{"_bbp_topic_count":0,"_bbp_reply_count":0,"_bbp_total_topic_count":0,"_bbp_total_reply_count":0,"_bbp_voice_count":0,"_bbp_anonymous_reply_count":0,"_bbp_topic_count_hidden":0,"_bbp_reply_count_hidden":0,"_bbp_forum_subforum_count":0,"jetpack_post_was_ever_published":false,"footnotes":""},"class_list":["post-358","page","type-page","status-publish","hentry"],"aioseo_notices":[],"jetpack_sharing_enabled":true,"jetpack-related-posts":[{"id":23,"url":"https:\/\/gs-cms.com\/?page_id=23","url_meta":{"origin":358,"position":0},"title":"Projektakquisition","author":"Patrick Schimmel","date":"Dienstag, 19. November 2013","format":false,"excerpt":"W\u00fcrden Sie gerne den \u00dcberblick \u00fcber Ihre Angebote behalten und\u00a0keine Vergabetermine mehr verpassen? \u00dcbersicht Gelegenheiten \u00fcbernehmen \u00dcbernahme bereits eingegebener Daten in die Projektverwaltung im Auftragsfall. Submissionsdaten Erfassen und Auswerten von Submissionsergebnissen. Termine \u00dcberwachen von Terminen von Abgaben, Submissionen, usw. Beschreibung In der Projektakquisition des Construction Management System CMS werden alle\u2026","rel":"","context":"In \"Acquisition\"","block_context":{"text":"Acquisition","link":"https:\/\/gs-cms.com\/?tag=acquisition"},"img":{"alt_text":"MoveOpportunityToProject","src":"https:\/\/i0.wp.com\/gs-cms.com\/wp-content\/uploads\/MoveOpportunityToProject.png?resize=350%2C200&ssl=1","width":350,"height":200},"classes":[]},{"id":555,"url":"https:\/\/gs-cms.com\/?page_id=555","url_meta":{"origin":358,"position":1},"title":"Projekte","author":"Patrick Schimmel","date":"Dienstag, 17. Dezember 2013","format":false,"excerpt":"Projekt hinzuf\u00fcgen Durch einen Mausklick auf das Plus-Symbol in der Toolbar der Projektverwaltung wird ein neues Projekt angelegt. Im Anschluss wird das Detailfenster ge\u00f6ffnet und die Daten des Projekts k\u00f6nnen eingegeben werden. Projekt bearbeiten Das Detailfenster zum Bearbeiten von Projekten wird durch einen Doppelklick auf eine Zeile der Tabelle im\u2026","rel":"","context":"In \"Projekte\"","block_context":{"text":"Projekte","link":"https:\/\/gs-cms.com\/?tag=projekte"},"img":{"alt_text":"Add","src":"https:\/\/i0.wp.com\/gs-cms.com\/wp-content\/uploads\/Add.png?resize=350%2C200&ssl=1","width":350,"height":200},"classes":[]},{"id":138,"url":"https:\/\/gs-cms.com\/?page_id=138","url_meta":{"origin":358,"position":2},"title":"Firmen","author":"Patrick Schimmel","date":"Dienstag, 3. Dezember 2013","format":false,"excerpt":"Firmenkontakt hinzuf\u00fcgen Das Anlegen eines neuen Firmenkontakts erfolgt \u00fcber den Plus-Schalter in der Toolbar der Adressverwaltung. Im Anschluss k\u00f6nnen im Detailfenster die Angaben zu dem Firmenkontakt bearbeitet werden. Firmenkontakt bearbeiten Das Detailfenster zum Bearbeiten von Firmenkontakten wird durch einen Doppelklick auf die entsprechende Zeile im Hauptfenster der Adressverwaltung ge\u00f6ffnet. Im\u2026","rel":"","context":"In \"Adressen\"","block_context":{"text":"Adressen","link":"https:\/\/gs-cms.com\/?tag=adressen"},"img":{"alt_text":"Add","src":"https:\/\/i0.wp.com\/gs-cms.com\/wp-content\/uploads\/Add.png?resize=350%2C200&ssl=1","width":350,"height":200},"classes":[]},{"id":251,"url":"https:\/\/gs-cms.com\/?page_id=251","url_meta":{"origin":358,"position":3},"title":"Allgemeine Bedienelemente","author":"Patrick Schimmel","date":"Dienstag, 10. Dezember 2013","format":false,"excerpt":"Auf der folgenden Grafik werden beispielhaft die Bedienelemente der Projektakquisition dargestellt. \u00a0 Hauptmen\u00fc Das Hauptmen\u00fc befindet sich auf der linken Seite des Hauptfensters. Hier werden hierarchisch die Module angezeigt, zu denen der angemeldete Anwender Zugriff hat. Fall der Anwender keine Zugriffsrechte auf ein Modul besitzt, so wird der Punkt im\u2026","rel":"","context":"In \"Bedienelemente\"","block_context":{"text":"Bedienelemente","link":"https:\/\/gs-cms.com\/?tag=bedienelemente"},"img":{"alt_text":"Bedienelemente","src":"https:\/\/i0.wp.com\/gs-cms.com\/wp-content\/uploads\/Bedienelemente-1024x668.png?resize=350%2C200&ssl=1","width":350,"height":200,"srcset":"https:\/\/i0.wp.com\/gs-cms.com\/wp-content\/uploads\/Bedienelemente-1024x668.png?resize=350%2C200&ssl=1 1x, https:\/\/i0.wp.com\/gs-cms.com\/wp-content\/uploads\/Bedienelemente-1024x668.png?resize=525%2C300&ssl=1 1.5x, https:\/\/i0.wp.com\/gs-cms.com\/wp-content\/uploads\/Bedienelemente-1024x668.png?resize=700%2C400&ssl=1 2x"},"classes":[]},{"id":933,"url":"https:\/\/gs-cms.com\/?page_id=933","url_meta":{"origin":358,"position":4},"title":"Planverwaltung","author":"Patrick Schimmel","date":"Dienstag, 14. Januar 2014","format":false,"excerpt":"Plan hinzuf\u00fcgen Durch einen Mausklick auf den Plus-Button in der Toolbar der Planverwaltung wird ein neuer Plan aus einer Datei eingelesen. Plan bearbeiten Das Detailfenster zum Bearbeiten von Pl\u00e4nen wird durch einen Doppelklick auf eine Zeile der Tabelle im Hauptfenster der Planverwaltung ge\u00f6ffnet. Im oberen Bereich des Detailfenster wird die\u2026","rel":"","context":"In \"Pl\u00e4ne\"","block_context":{"text":"Pl\u00e4ne","link":"https:\/\/gs-cms.com\/?tag=plaene"},"img":{"alt_text":"Add","src":"https:\/\/i0.wp.com\/gs-cms.com\/wp-content\/uploads\/Add.png?resize=350%2C200&ssl=1","width":350,"height":200},"classes":[]},{"id":832,"url":"https:\/\/gs-cms.com\/?page_id=832","url_meta":{"origin":358,"position":5},"title":"M\u00e4ngel","author":"Patrick Schimmel","date":"Montag, 13. Januar 2014","format":false,"excerpt":"Mangel hinzuf\u00fcgen Durch einen Mausklick auf das Plus-Symbol in der Toolbar der Mangelverwaltung wird ein neuer Mangel angelegt. Mangel bearbeiten Das Detailfenster zum Bearbeiten von M\u00e4ngeln wird durch einen Doppelklick auf eine Zeile im Hauptfenster der M\u00e4ngelverwaltung ge\u00f6ffnet. Allgemein \u00a0 Hier werden die Grunddaten des Mangels eingegeben (z.B. der Mangeltyp\u2026","rel":"","context":"In \"M\u00e4ngel\"","block_context":{"text":"M\u00e4ngel","link":"https:\/\/gs-cms.com\/?tag=maengel"},"img":{"alt_text":"Add","src":"https:\/\/i0.wp.com\/gs-cms.com\/wp-content\/uploads\/Add.png?resize=350%2C200&ssl=1","width":350,"height":200},"classes":[]}],"_links":{"self":[{"href":"https:\/\/gs-cms.com\/index.php?rest_route=\/wp\/v2\/pages\/358","targetHints":{"allow":["GET"]}}],"collection":[{"href":"https:\/\/gs-cms.com\/index.php?rest_route=\/wp\/v2\/pages"}],"about":[{"href":"https:\/\/gs-cms.com\/index.php?rest_route=\/wp\/v2\/types\/page"}],"author":[{"embeddable":true,"href":"https:\/\/gs-cms.com\/index.php?rest_route=\/wp\/v2\/users\/11"}],"replies":[{"embeddable":true,"href":"https:\/\/gs-cms.com\/index.php?rest_route=%2Fwp%2Fv2%2Fcomments&post=358"}],"version-history":[{"count":0,"href":"https:\/\/gs-cms.com\/index.php?rest_route=\/wp\/v2\/pages\/358\/revisions"}],"up":[{"embeddable":true,"href":"https:\/\/gs-cms.com\/index.php?rest_route=\/wp\/v2\/pages\/13"}],"wp:attachment":[{"href":"https:\/\/gs-cms.com\/index.php?rest_route=%2Fwp%2Fv2%2Fmedia&parent=358"}],"curies":[{"name":"wp","href":"https:\/\/api.w.org\/{rel}","templated":true}]}}