
{"id":352,"date":"2013-12-14T20:45:13","date_gmt":"2013-12-14T19:45:13","guid":{"rendered":"http:\/\/gs-cms.com\/?page_id=352"},"modified":"2016-01-28T00:14:51","modified_gmt":"2016-01-27T23:14:51","slug":"persoenliche-module","status":"publish","type":"page","link":"https:\/\/gs-cms.com\/?page_id=352","title":{"rendered":"Pers\u00f6nliche Module"},"content":{"rendered":"<p>Pers\u00f6nliche Module sind direkt mit dem angemeldeten Benutzer bekn\u00fcpft.<\/p>\n<p>Zu den pers\u00f6nlichen Modulen geh\u00f6ren:<\/p>\n<ul>\n<li><a title=\"Todo-Liste\" href=\"https:\/\/gs-cms.com\/?page_id=1143\">Todo-Liste<\/a><\/li>\n<li><a title=\"Zeiterfassung\" href=\"https:\/\/gs-cms.com\/?page_id=1161\">Zeiterfassung<\/a><\/li>\n<\/ul>\n","protected":false},"excerpt":{"rendered":"<p>Pers\u00f6nliche Module sind direkt mit dem angemeldeten Benutzer bekn\u00fcpft. Zu den pers\u00f6nlichen Modulen geh\u00f6ren: Todo-Liste Zeiterfassung<\/p>\n","protected":false},"author":11,"featured_media":0,"parent":57,"menu_order":5,"comment_status":"closed","ping_status":"closed","template":"helppage.php","meta":{"_bbp_topic_count":0,"_bbp_reply_count":0,"_bbp_total_topic_count":0,"_bbp_total_reply_count":0,"_bbp_voice_count":0,"_bbp_anonymous_reply_count":0,"_bbp_topic_count_hidden":0,"_bbp_reply_count_hidden":0,"_bbp_forum_subforum_count":0,"footnotes":""},"class_list":["post-352","page","type-page","status-publish","hentry"],"aioseo_notices":[],"jetpack_sharing_enabled":true,"jetpack-related-posts":[{"id":57,"url":"https:\/\/gs-cms.com\/?page_id=57","url_meta":{"origin":352,"position":0},"title":"CMS-Hilfe","author":"Patrick Schimmel","date":"Dienstag, 19. November 2013","format":false,"excerpt":"Diese Dokumentation ist die Online-Hilfe zum Construction Management System. Erste Schritte Allgemeines Allgemeine Module Projektbezogene Module Admin-Module Pers\u00f6nliche Module Weitere Tools","rel":"","context":"\u00c4hnlicher Beitrag","block_context":{"text":"\u00c4hnlicher Beitrag","link":""},"img":{"alt_text":"","src":"","width":0,"height":0},"classes":[]},{"id":1143,"url":"https:\/\/gs-cms.com\/?page_id=1143","url_meta":{"origin":352,"position":1},"title":"Todo-Liste","author":"Patrick Schimmel","date":"Donnerstag, 30. Januar 2014","format":false,"excerpt":"Mit der Todo-Liste k\u00f6nnen pers\u00f6nliche Aufgaben \u00fcberwacht werden und Aufgaben delegiert werden. Durch die Verbindung mit anderen Modulen k\u00f6nnen Todo-Punke direkt aus Besprechungsprotokollen, M\u00e4ngeln, usw. erzeugt werden. Neue Eintr\u00e4ge werden in der Liste in Rot dargestellt. Todo-Eintrag hinzuf\u00fcgen Hiermit wird ein neuer Todo-Eintrag ohne Verbindung zu einem anderen Modul erzeugt.\u2026","rel":"","context":"In \"Todo\"","block_context":{"text":"Todo","link":"https:\/\/gs-cms.com\/?tag=todo"},"img":{"alt_text":"","src":"https:\/\/i0.wp.com\/gs-cms.com\/wp-content\/uploads\/Todo-Eintrag-Grunddaten.jpg?resize=350%2C200&ssl=1","width":350,"height":200,"srcset":"https:\/\/i0.wp.com\/gs-cms.com\/wp-content\/uploads\/Todo-Eintrag-Grunddaten.jpg?resize=350%2C200&ssl=1 1x, https:\/\/i0.wp.com\/gs-cms.com\/wp-content\/uploads\/Todo-Eintrag-Grunddaten.jpg?resize=525%2C300&ssl=1 1.5x"},"classes":[]},{"id":1161,"url":"https:\/\/gs-cms.com\/?page_id=1161","url_meta":{"origin":352,"position":2},"title":"Zeiterfassung","author":"Patrick Schimmel","date":"Freitag, 31. Januar 2014","format":false,"excerpt":"Das Modul Zeiterfassung dient dazu die pers\u00f6nliche Arbeitszeit auf die Projekte zu verteilen. So kann die Arbeitszeit aller Mitarbeiter nach Projekten ausgewertet und die Projekte entsprechend belastet werden. Das Modul besteht aus einer Monats\u00fcbersicht und einer Tages\u00fcbersicht auf der linken Seite, in der die Tagesleistung angezeigt wird. Mit den Pfeil-Buttons\u2026","rel":"","context":"In \"Zeiterfassung\"","block_context":{"text":"Zeiterfassung","link":"https:\/\/gs-cms.com\/?tag=zeiterfassung"},"img":{"alt_text":"","src":"https:\/\/i0.wp.com\/gs-cms.com\/wp-content\/uploads\/Zeitkontrolle.jpg?resize=350%2C200&ssl=1","width":350,"height":200,"srcset":"https:\/\/i0.wp.com\/gs-cms.com\/wp-content\/uploads\/Zeitkontrolle.jpg?resize=350%2C200&ssl=1 1x, https:\/\/i0.wp.com\/gs-cms.com\/wp-content\/uploads\/Zeitkontrolle.jpg?resize=525%2C300&ssl=1 1.5x"},"classes":[]},{"id":13,"url":"https:\/\/gs-cms.com\/?page_id=13","url_meta":{"origin":352,"position":3},"title":"Allgemeine Module","author":"Patrick Schimmel","date":"Dienstag, 19. November 2013","format":false,"excerpt":"Allgemeine Module sind Module mit Daten, die keinem konkreten Projekt zugeordnet sind. Hierzu geh\u00f6ren die folgenden Module: Adressverwaltung Projektverwaltung Projektakquisition Linkbibliothek Intranet","rel":"","context":"In \"Allgemeine Module\"","block_context":{"text":"Allgemeine Module","link":"https:\/\/gs-cms.com\/?tag=allgemeine-module"},"img":{"alt_text":"","src":"","width":0,"height":0},"classes":[]},{"id":29,"url":"https:\/\/gs-cms.com\/?page_id=29","url_meta":{"origin":352,"position":4},"title":"Projektbezogene Module","author":"Patrick Schimmel","date":"Dienstag, 19. November 2013","format":false,"excerpt":"Projektbezogene Module beinhalten die Daten zu einem bestimmten Projekt. Zu den projektbezogenen Modulen geh\u00f6ren: Bautagebuch M\u00e4ngelverwaltung Bildverwaltung Besprechungen Planverwaltung Terminpl\u00e4ne Projektoptionen \u00a0","rel":"","context":"In \"Projektmodule\"","block_context":{"text":"Projektmodule","link":"https:\/\/gs-cms.com\/?tag=projektmodule"},"img":{"alt_text":"","src":"","width":0,"height":0},"classes":[]},{"id":263,"url":"https:\/\/gs-cms.com\/?page_id=263","url_meta":{"origin":352,"position":5},"title":"Admin-Module","author":"Patrick Schimmel","date":"Dienstag, 10. Dezember 2013","format":false,"excerpt":"Unter diesem Men\u00fcpunkt sind die administrativen Module zusammengefasst. Diese beinhalten kritische Daten, wie Benutzerdaten, Programmoptionen und die Funktion zum entg\u00fcltigen L\u00f6schen von Datens\u00e4tzen. Der Zugriff sollte nur durch versierte Anwender erfolgen.","rel":"","context":"In \"Admin\"","block_context":{"text":"Admin","link":"https:\/\/gs-cms.com\/?tag=admin"},"img":{"alt_text":"","src":"","width":0,"height":0},"classes":[]}],"_links":{"self":[{"href":"https:\/\/gs-cms.com\/index.php?rest_route=\/wp\/v2\/pages\/352","targetHints":{"allow":["GET"]}}],"collection":[{"href":"https:\/\/gs-cms.com\/index.php?rest_route=\/wp\/v2\/pages"}],"about":[{"href":"https:\/\/gs-cms.com\/index.php?rest_route=\/wp\/v2\/types\/page"}],"author":[{"embeddable":true,"href":"https:\/\/gs-cms.com\/index.php?rest_route=\/wp\/v2\/users\/11"}],"replies":[{"embeddable":true,"href":"https:\/\/gs-cms.com\/index.php?rest_route=%2Fwp%2Fv2%2Fcomments&post=352"}],"version-history":[{"count":0,"href":"https:\/\/gs-cms.com\/index.php?rest_route=\/wp\/v2\/pages\/352\/revisions"}],"up":[{"embeddable":true,"href":"https:\/\/gs-cms.com\/index.php?rest_route=\/wp\/v2\/pages\/57"}],"wp:attachment":[{"href":"https:\/\/gs-cms.com\/index.php?rest_route=%2Fwp%2Fv2%2Fmedia&parent=352"}],"curies":[{"name":"wp","href":"https:\/\/api.w.org\/{rel}","templated":true}]}}