
{"id":342,"date":"2013-12-14T20:01:54","date_gmt":"2013-12-14T19:01:54","guid":{"rendered":"http:\/\/gs-cms.com\/?page_id=342"},"modified":"2016-01-28T00:11:38","modified_gmt":"2016-01-27T23:11:38","slug":"projektoptionen","status":"publish","type":"page","link":"https:\/\/gs-cms.com\/?page_id=342","title":{"rendered":"Projektoptionen"},"content":{"rendered":"<p>Die Projektoptionen enthalten Grunddaten der Projekte, die f\u00fcr die Strukturierung und Ausgabe der Projektdaten wichtig sind. Falls die projektbezogenen Module f\u00fcr Projekte eingesetzt werden, so sollten diese Daten zuvor angelegt werden.<\/p>\n<h3>Ebenen<\/h3>\n<p>Die Daten der projektbezogenen Module k\u00f6nnen in 3 Ebenen untergliedert werden. Die Ebenen stellen Attribute dar, mit denen unabh\u00e4ngig voneinander die Daten geordnet werden k\u00f6nnen.<\/p>\n<p><a href=\"https:\/\/gs-cms.com\/wp-content\/uploads\/Projektoptionen-Ebenen.jpg\" data-rel=\"lightbox-gallery-ENJvQ9Ef\" data-rl_title=\"\" data-rl_caption=\"\" title=\"\"><img loading=\"lazy\" decoding=\"async\" data-attachment-id=\"734\" data-permalink=\"https:\/\/gs-cms.com\/?attachment_id=734\" data-orig-file=\"https:\/\/gs-cms.com\/wp-content\/uploads\/Projektoptionen-Ebenen.jpg\" data-orig-size=\"550,500\" data-comments-opened=\"1\" data-image-meta=\"{&quot;aperture&quot;:&quot;0&quot;,&quot;credit&quot;:&quot;&quot;,&quot;camera&quot;:&quot;&quot;,&quot;caption&quot;:&quot;&quot;,&quot;created_timestamp&quot;:&quot;0&quot;,&quot;copyright&quot;:&quot;&quot;,&quot;focal_length&quot;:&quot;0&quot;,&quot;iso&quot;:&quot;0&quot;,&quot;shutter_speed&quot;:&quot;0&quot;,&quot;title&quot;:&quot;&quot;,&quot;orientation&quot;:&quot;0&quot;}\" data-image-title=\"Projektoptionen\" data-image-description=\"\" data-image-caption=\"&lt;p&gt;Projektoptionen&lt;\/p&gt;\n\" data-large-file=\"https:\/\/gs-cms.com\/wp-content\/uploads\/Projektoptionen-Ebenen.jpg\" class=\"alignnone size-full wp-image-734\" src=\"https:\/\/gs-cms.com\/wp-content\/uploads\/Projektoptionen-Ebenen.jpg\" alt=\"Projektoptionen Ebenen\" width=\"550\" height=\"500\" srcset=\"https:\/\/gs-cms.com\/wp-content\/uploads\/Projektoptionen-Ebenen.jpg 550w, https:\/\/gs-cms.com\/wp-content\/uploads\/Projektoptionen-Ebenen-300x272.jpg 300w\" sizes=\"auto, (max-width: 550px) 100vw, 550px\" \/><\/a><\/p>\n<p>Bei den ersten beiden Ebenen muss eine Vorauswahl im Fenster der Projektoptionen angelegt werden. Bei den Datens\u00e4tzen erscheinen diese Ebenen dann als Auswahlfelder. Die letzte Ebene kann bei den Datens\u00e4tzen beliebig eingegeben werden und erscheint dort als Textbox.<\/p>\n<p>Um m\u00f6glichst flexibel zu bleiben k\u00f6nnen die Ebenen beliebig benannt werden. Je nach Projektart k\u00f6nnen die Daten so unterschiedlich strukturiert werden:<\/p>\n<p>Beispiel Renovierung mehrerer Geb\u00e4ude:<\/p>\n<ul>\n<li>1. Ebene: Geb\u00e4ude (z.B. Hauptgeb\u00e4ude, Nebengeb\u00e4ude, usw.)<\/li>\n<li>2. Ebene: Stockwerk (z.B. UG, EG, 1. OG, usw.)<\/li>\n<li>3. Ebene Raum<\/li>\n<\/ul>\n<p>Beispiel Stra\u00dfenbau:<\/p>\n<ul>\n<li>1. Ebene: Kilometrierung<\/li>\n<li>2. Ebene: Bereich (z.B. Stra\u00dfe, Bankett, usw)<\/li>\n<li>3. Ebene Gewerk<\/li>\n<\/ul>\n<h3>Ger\u00e4te<\/h3>\n<p>Hier werden die Ger\u00e4te angelegt, die im Bautagebuch verwendet werden k\u00f6nnen.<\/p>\n<p><a href=\"https:\/\/gs-cms.com\/wp-content\/uploads\/Projektoptionen-Geraete.jpg\" data-rel=\"lightbox-gallery-ENJvQ9Ef\" data-rl_title=\"\" data-rl_caption=\"\" title=\"\"><img loading=\"lazy\" decoding=\"async\" data-attachment-id=\"735\" data-permalink=\"https:\/\/gs-cms.com\/?attachment_id=735\" data-orig-file=\"https:\/\/gs-cms.com\/wp-content\/uploads\/Projektoptionen-Geraete.jpg\" data-orig-size=\"550,500\" data-comments-opened=\"1\" data-image-meta=\"{&quot;aperture&quot;:&quot;0&quot;,&quot;credit&quot;:&quot;&quot;,&quot;camera&quot;:&quot;&quot;,&quot;caption&quot;:&quot;&quot;,&quot;created_timestamp&quot;:&quot;0&quot;,&quot;copyright&quot;:&quot;&quot;,&quot;focal_length&quot;:&quot;0&quot;,&quot;iso&quot;:&quot;0&quot;,&quot;shutter_speed&quot;:&quot;0&quot;,&quot;title&quot;:&quot;&quot;,&quot;orientation&quot;:&quot;0&quot;}\" data-image-title=\"Projektoptionen Geraete\" data-image-description=\"\" data-image-caption=\"\" data-large-file=\"https:\/\/gs-cms.com\/wp-content\/uploads\/Projektoptionen-Geraete.jpg\" class=\"alignnone size-full wp-image-735\" src=\"https:\/\/gs-cms.com\/wp-content\/uploads\/Projektoptionen-Geraete.jpg\" alt=\"Projektoptionen Geraete\" width=\"550\" height=\"500\" srcset=\"https:\/\/gs-cms.com\/wp-content\/uploads\/Projektoptionen-Geraete.jpg 550w, https:\/\/gs-cms.com\/wp-content\/uploads\/Projektoptionen-Geraete-300x272.jpg 300w\" sizes=\"auto, (max-width: 550px) 100vw, 550px\" \/><\/a><\/p>\n<p>Die Ger\u00e4te k\u00f6nnen beliebig angelegt werden oder mit dem Button mit dem Plus-Symbol mit B\u00fcchern aus den Stammdaten ausgew\u00e4hlt werden. Diese k\u00f6nnen von Admins bei den Programmoptionen angelegt werden.<\/p>\n<h3>Logos<\/h3>\n<p>Hier k\u00f6nnen projektbezogene Logos f\u00fcr die Berichte und das Design der Serienbriefe angelegt werden.<\/p>\n<p><a href=\"https:\/\/gs-cms.com\/wp-content\/uploads\/Projektoptionen-Logos.jpg\" data-rel=\"lightbox-gallery-ENJvQ9Ef\" data-rl_title=\"\" data-rl_caption=\"\" title=\"\"><img loading=\"lazy\" decoding=\"async\" data-attachment-id=\"736\" data-permalink=\"https:\/\/gs-cms.com\/?attachment_id=736\" data-orig-file=\"https:\/\/gs-cms.com\/wp-content\/uploads\/Projektoptionen-Logos.jpg\" data-orig-size=\"550,500\" data-comments-opened=\"1\" data-image-meta=\"{&quot;aperture&quot;:&quot;0&quot;,&quot;credit&quot;:&quot;&quot;,&quot;camera&quot;:&quot;&quot;,&quot;caption&quot;:&quot;&quot;,&quot;created_timestamp&quot;:&quot;0&quot;,&quot;copyright&quot;:&quot;&quot;,&quot;focal_length&quot;:&quot;0&quot;,&quot;iso&quot;:&quot;0&quot;,&quot;shutter_speed&quot;:&quot;0&quot;,&quot;title&quot;:&quot;&quot;,&quot;orientation&quot;:&quot;0&quot;}\" data-image-title=\"Projektoptionen Logos\" data-image-description=\"\" data-image-caption=\"\" data-large-file=\"https:\/\/gs-cms.com\/wp-content\/uploads\/Projektoptionen-Logos.jpg\" class=\"alignnone size-full wp-image-736\" src=\"https:\/\/gs-cms.com\/wp-content\/uploads\/Projektoptionen-Logos.jpg\" alt=\"Projektoptionen Logos\" width=\"550\" height=\"500\" srcset=\"https:\/\/gs-cms.com\/wp-content\/uploads\/Projektoptionen-Logos.jpg 550w, https:\/\/gs-cms.com\/wp-content\/uploads\/Projektoptionen-Logos-300x272.jpg 300w\" sizes=\"auto, (max-width: 550px) 100vw, 550px\" \/><\/a><\/p>\n<p>Die hellgelb hinterlegten Felder k\u00f6nnen mit Bildern belegt werden. Bei den Berichten ist das ein Logo und bei den Serienbriefen eine Kopfzeile, eine Fu\u00dfzeile und ein seitliches Logo.<\/p>\n<p>Durch einen einfachen Mausklick auf eine dieser Fl\u00e4chen kann eine Datei ausgew\u00e4hlt werden.<\/p>\n<h3>Briefe<\/h3>\n<p>Hier k\u00f6nnen die Serienbriefe des Projekts angelegt werden.<\/p>\n<p><a href=\"https:\/\/gs-cms.com\/wp-content\/uploads\/Projektoptionen-Briefe.jpg\" data-rel=\"lightbox-gallery-ENJvQ9Ef\" data-rl_title=\"\" data-rl_caption=\"\" title=\"\"><img loading=\"lazy\" decoding=\"async\" data-attachment-id=\"733\" data-permalink=\"https:\/\/gs-cms.com\/?attachment_id=733\" data-orig-file=\"https:\/\/gs-cms.com\/wp-content\/uploads\/Projektoptionen-Briefe.jpg\" data-orig-size=\"550,500\" data-comments-opened=\"1\" data-image-meta=\"{&quot;aperture&quot;:&quot;0&quot;,&quot;credit&quot;:&quot;&quot;,&quot;camera&quot;:&quot;&quot;,&quot;caption&quot;:&quot;&quot;,&quot;created_timestamp&quot;:&quot;0&quot;,&quot;copyright&quot;:&quot;&quot;,&quot;focal_length&quot;:&quot;0&quot;,&quot;iso&quot;:&quot;0&quot;,&quot;shutter_speed&quot;:&quot;0&quot;,&quot;title&quot;:&quot;&quot;,&quot;orientation&quot;:&quot;0&quot;}\" data-image-title=\"Projektoptionen Briefe\" data-image-description=\"\" data-image-caption=\"\" data-large-file=\"https:\/\/gs-cms.com\/wp-content\/uploads\/Projektoptionen-Briefe.jpg\" class=\"alignnone size-full wp-image-733\" src=\"https:\/\/gs-cms.com\/wp-content\/uploads\/Projektoptionen-Briefe.jpg\" alt=\"Projektoptionen Briefe\" width=\"550\" height=\"500\" srcset=\"https:\/\/gs-cms.com\/wp-content\/uploads\/Projektoptionen-Briefe.jpg 550w, https:\/\/gs-cms.com\/wp-content\/uploads\/Projektoptionen-Briefe-300x272.jpg 300w\" sizes=\"auto, (max-width: 550px) 100vw, 550px\" \/><\/a><\/p>\n<p>Alternativ k\u00f6nnen Briefe aus der Bibliothek hinzugef\u00fcgt werden. Die Briefe besitzen einen Namen, der im Frontend f\u00fcr die Auswahl verwendet wird und einen Betreff, sowie einen Textanfang und ein Textende.<\/p>\n<p>Der Textanfang wird im Bericht vor den auszudruckenden Daten eingef\u00fcgt und das Textende danach.<\/p>\n<p>Textanfang und -ende k\u00f6nnen beliebig formatiert werden. Hierzu muss der zu formatierende Textabschnitt markiert werden. Danach erscheint eine Toolbar mit Formatierungsoptionen.<\/p>\n<h3>Weiterf\u00fchrende Informationen<\/h3>\n<ul>\n<li><a title=\"Optionen\" href=\"https:\/\/gs-cms.com\/?page_id=332\">Optionen<\/a><\/li>\n<\/ul>\n","protected":false},"excerpt":{"rendered":"<p>Die Projektoptionen enthalten Grunddaten der Projekte, die f\u00fcr die Strukturierung und Ausgabe der Projektdaten wichtig sind. Falls die projektbezogenen Module f\u00fcr Projekte eingesetzt werden, so sollten diese Daten zuvor angelegt werden. Ebenen Die Daten der projektbezogenen Module k\u00f6nnen in 3 Ebenen untergliedert werden. Die Ebenen stellen Attribute dar, mit denen unabh\u00e4ngig voneinander die Daten geordnet&hellip;<\/p>\n","protected":false},"author":11,"featured_media":0,"parent":29,"menu_order":99,"comment_status":"closed","ping_status":"closed","template":"helppage.php","meta":{"_bbp_topic_count":0,"_bbp_reply_count":0,"_bbp_total_topic_count":0,"_bbp_total_reply_count":0,"_bbp_voice_count":0,"_bbp_anonymous_reply_count":0,"_bbp_topic_count_hidden":0,"_bbp_reply_count_hidden":0,"_bbp_forum_subforum_count":0,"footnotes":""},"class_list":["post-342","page","type-page","status-publish","hentry"],"aioseo_notices":[],"jetpack_sharing_enabled":true,"jetpack-related-posts":[{"id":21,"url":"https:\/\/gs-cms.com\/?page_id=21","url_meta":{"origin":342,"position":0},"title":"Projektverwaltung","author":"Patrick Schimmel","date":"Dienstag, 19. November 2013","format":false,"excerpt":"H\u00e4tten Sie gerne eine zentrale Verwaltung aller Projekte, die alle relevanten Projektdaten enth\u00e4lt und strukturiert ausgeben kann? \u00dcbersicht Vertr\u00e4ge Verwalten von Einzelvertr\u00e4gen und von Rahmenvertr\u00e4gen Leistungsmeldung Monatliche Leistungsmeldung mit \u00dcbernahme der aktuellen Projektdaten und R\u00fcckmeldungen des Leistungsstands Web-Export Export von Projektdaten als XML-Datei oder als HTML-Website und Export aller Berichte\u2026","rel":"","context":"In \"featured\"","block_context":{"text":"featured","link":"https:\/\/gs-cms.com\/?tag=featured"},"img":{"alt_text":"Contracts","src":"https:\/\/i0.wp.com\/gs-cms.com\/wp-content\/uploads\/Contracts.png?resize=350%2C200&ssl=1","width":350,"height":200},"classes":[]},{"id":295,"url":"https:\/\/gs-cms.com\/?page_id=295","url_meta":{"origin":342,"position":1},"title":"Rollen","author":"Patrick Schimmel","date":"Dienstag, 10. Dezember 2013","format":false,"excerpt":"Durch einen Mausklick auf den Button in der Toolbar wird ein Fenster ge\u00f6ffnet, in dem den verschiedenen Rollen Rechte zugeordnet werden k\u00f6nnen. Die zuordenbaren Rechte unterscheiden sich je nachdem, welche art der Rollen ausgew\u00e4hlt sind. Allgemeine Rollen sind die Rollen, die der Benutzer in den allgemeinen Modulen erh\u00e4lt. Projektrollen sind\u2026","rel":"","context":"In \"Admin\"","block_context":{"text":"Admin","link":"https:\/\/gs-cms.com\/?tag=admin"},"img":{"alt_text":"","src":"https:\/\/i0.wp.com\/gs-cms.com\/wp-content\/uploads\/Benutzerverwaltung-Rollen.jpg?resize=350%2C200&ssl=1","width":350,"height":200,"srcset":"https:\/\/i0.wp.com\/gs-cms.com\/wp-content\/uploads\/Benutzerverwaltung-Rollen.jpg?resize=350%2C200&ssl=1 1x, https:\/\/i0.wp.com\/gs-cms.com\/wp-content\/uploads\/Benutzerverwaltung-Rollen.jpg?resize=525%2C300&ssl=1 1.5x"},"classes":[]},{"id":555,"url":"https:\/\/gs-cms.com\/?page_id=555","url_meta":{"origin":342,"position":2},"title":"Projekte","author":"Patrick Schimmel","date":"Dienstag, 17. Dezember 2013","format":false,"excerpt":"Projekt hinzuf\u00fcgen Durch einen Mausklick auf das Plus-Symbol in der Toolbar der Projektverwaltung wird ein neues Projekt angelegt. Im Anschluss wird das Detailfenster ge\u00f6ffnet und die Daten des Projekts k\u00f6nnen eingegeben werden. Projekt bearbeiten Das Detailfenster zum Bearbeiten von Projekten wird durch einen Doppelklick auf eine Zeile der Tabelle im\u2026","rel":"","context":"In \"Projekte\"","block_context":{"text":"Projekte","link":"https:\/\/gs-cms.com\/?tag=projekte"},"img":{"alt_text":"Add","src":"https:\/\/i0.wp.com\/gs-cms.com\/wp-content\/uploads\/Add.png?resize=350%2C200&ssl=1","width":350,"height":200},"classes":[]},{"id":77,"url":"https:\/\/gs-cms.com\/?page_id=77","url_meta":{"origin":342,"position":3},"title":"Optionen","author":"Patrick Schimmel","date":"Dienstag, 19. November 2013","format":false,"excerpt":"","rel":"","context":"In \"Optionen\"","block_context":{"text":"Optionen","link":"https:\/\/gs-cms.com\/?tag=optionen"},"img":{"alt_text":"Optionen","src":"https:\/\/i0.wp.com\/gs-cms.com\/wp-content\/uploads\/Optionen-300x213.jpg?resize=350%2C200&ssl=1","width":350,"height":200},"classes":[]},{"id":2376,"url":"https:\/\/gs-cms.com\/?page_id=2376","url_meta":{"origin":342,"position":4},"title":"Mobile Datenerfassung","author":"Patrick Schimmel","date":"Freitag, 6. M\u00e4rz 2015","format":false,"excerpt":"W\u00fcrden Sie gerne die Daten f\u00fcr Bautagesberichte und gefundenen M\u00e4ngeln direkt auf der Baustelle erfassen und mit Bildern hinterlegen?","rel":"","context":"\u00c4hnlicher Beitrag","block_context":{"text":"\u00c4hnlicher Beitrag","link":""},"img":{"alt_text":"DailyReports","src":"https:\/\/i0.wp.com\/gs-cms.com\/wp-content\/uploads\/DailyReports.png?resize=350%2C200&ssl=1","width":350,"height":200},"classes":[]},{"id":356,"url":"https:\/\/gs-cms.com\/?page_id=356","url_meta":{"origin":342,"position":5},"title":"Projektverwaltung","author":"Patrick Schimmel","date":"Samstag, 14. Dezember 2013","format":false,"excerpt":"Die Projektverwaltung ist eines der Hauptmodule des Programms. Hier werden die Projektdaten eingegeben und als Basis f\u00fcr die projektbezogenen Module verwendet. Diese Funktion zeigt einen grafischen \u00dcberblick \u00fcber alle Projekte\u00a0an. Die Daten des \u00dcberblicks k\u00f6nnen gefiltert, sortiert, gruppiert und die Grafik kann auf einem Drucker ausgegeben werden. Projekte Vertr\u00e4ge Leistung\u2026","rel":"","context":"In \"Projekte\"","block_context":{"text":"Projekte","link":"https:\/\/gs-cms.com\/?tag=projekte"},"img":{"alt_text":"Projektverwaltung","src":"https:\/\/i0.wp.com\/gs-cms.com\/wp-content\/uploads\/Projekte-1024x646.jpg?resize=350%2C200&ssl=1","width":350,"height":200,"srcset":"https:\/\/i0.wp.com\/gs-cms.com\/wp-content\/uploads\/Projekte-1024x646.jpg?resize=350%2C200&ssl=1 1x, https:\/\/i0.wp.com\/gs-cms.com\/wp-content\/uploads\/Projekte-1024x646.jpg?resize=525%2C300&ssl=1 1.5x, https:\/\/i0.wp.com\/gs-cms.com\/wp-content\/uploads\/Projekte-1024x646.jpg?resize=700%2C400&ssl=1 2x"},"classes":[]}],"_links":{"self":[{"href":"https:\/\/gs-cms.com\/index.php?rest_route=\/wp\/v2\/pages\/342","targetHints":{"allow":["GET"]}}],"collection":[{"href":"https:\/\/gs-cms.com\/index.php?rest_route=\/wp\/v2\/pages"}],"about":[{"href":"https:\/\/gs-cms.com\/index.php?rest_route=\/wp\/v2\/types\/page"}],"author":[{"embeddable":true,"href":"https:\/\/gs-cms.com\/index.php?rest_route=\/wp\/v2\/users\/11"}],"replies":[{"embeddable":true,"href":"https:\/\/gs-cms.com\/index.php?rest_route=%2Fwp%2Fv2%2Fcomments&post=342"}],"version-history":[{"count":0,"href":"https:\/\/gs-cms.com\/index.php?rest_route=\/wp\/v2\/pages\/342\/revisions"}],"up":[{"embeddable":true,"href":"https:\/\/gs-cms.com\/index.php?rest_route=\/wp\/v2\/pages\/29"}],"wp:attachment":[{"href":"https:\/\/gs-cms.com\/index.php?rest_route=%2Fwp%2Fv2%2Fmedia&parent=342"}],"curies":[{"name":"wp","href":"https:\/\/api.w.org\/{rel}","templated":true}]}}