
{"id":332,"date":"2013-12-14T17:35:56","date_gmt":"2013-12-14T16:35:56","guid":{"rendered":"http:\/\/gs-cms.com\/?page_id=332"},"modified":"2016-01-28T00:14:36","modified_gmt":"2016-01-27T23:14:36","slug":"optionen","status":"publish","type":"page","link":"https:\/\/gs-cms.com\/?page_id=332","title":{"rendered":"Optionen"},"content":{"rendered":"<p>Im Modul Optionen werden die Programmoptionen festgelegt. Auf der linkten Seite sind die verschiedenen Module dargestellt und darunter die Optionen dieses Moduls aufgelistet. Durch Auswahl eines Punktes werden auf der rechten Seite des Fensters die Daten zu der Option angezeigt. Die eingegebenen Daten werden im jeweiligen Modul als Auswahlfeld angezeigt.<\/p>\n<p><a href=\"https:\/\/gs-cms.com\/wp-content\/uploads\/Optionen.jpg\" data-rel=\"lightbox-gallery-f7lIppUY\" data-rl_title=\"\" data-rl_caption=\"\" title=\"\"><img loading=\"lazy\" decoding=\"async\" data-attachment-id=\"759\" data-permalink=\"https:\/\/gs-cms.com\/?attachment_id=759\" data-orig-file=\"https:\/\/gs-cms.com\/wp-content\/uploads\/Optionen.jpg\" data-orig-size=\"701,500\" data-comments-opened=\"1\" data-image-meta=\"{&quot;aperture&quot;:&quot;0&quot;,&quot;credit&quot;:&quot;&quot;,&quot;camera&quot;:&quot;&quot;,&quot;caption&quot;:&quot;&quot;,&quot;created_timestamp&quot;:&quot;0&quot;,&quot;copyright&quot;:&quot;&quot;,&quot;focal_length&quot;:&quot;0&quot;,&quot;iso&quot;:&quot;0&quot;,&quot;shutter_speed&quot;:&quot;0&quot;,&quot;title&quot;:&quot;&quot;,&quot;orientation&quot;:&quot;0&quot;}\" data-image-title=\"Optionen\" data-image-description=\"\" data-image-caption=\"&lt;p&gt;Optionen&lt;\/p&gt;\n\" data-large-file=\"https:\/\/gs-cms.com\/wp-content\/uploads\/Optionen.jpg\" class=\"alignnone  wp-image-759\" src=\"https:\/\/gs-cms.com\/wp-content\/uploads\/Optionen.jpg\" alt=\"Optionen\" width=\"701\" height=\"500\" srcset=\"https:\/\/gs-cms.com\/wp-content\/uploads\/Optionen.jpg 701w, https:\/\/gs-cms.com\/wp-content\/uploads\/Optionen-300x213.jpg 300w\" sizes=\"auto, (max-width: 701px) 100vw, 701px\" \/><\/a><\/p>\n<p>Die Daten unter &#8222;Grunddaten&#8220; beziehen sich auf allgemeine Programmoptionen, die nicht einem bestimmten Modul zugeordnet werden.<\/p>\n<p>Manche Optionen werden in mehreren Modulen verwendet (z.B. L\u00e4nder). Im Men\u00fc des Optionsfenster sind diese Optionen unter mehreren Kategorien zu finden. \u00c4nderungen an den Optionen beziehen sich aber auf alle Module, wo diese Optionen Verwendung finden.<\/p>\n<h3>Hinzuf\u00fcgen einer Option<\/h3>\n<p>Durch den Plus-Button in der kleinen Toolbar \u00fcber den Daten wird ein Optionseintrag hinzugef\u00fcgt.<\/p>\n<p>Die Optionen k\u00f6nnen in mehreren Sprachen eingegeben werden. Die eingegebenen Daten werden dann bei Berichten und im Frontend in der jeweils eingestellten Sprache aufgegeben. Die Standardsprache ist Englisch. Falls eine \u00dcbersetzung nicht angegeben wird, gibt das Programm die englische \u00dcbersetzung aus.<\/p>\n<h3>L\u00f6schen einer Option<\/h3>\n<p>Durch das Klicken auf den Minus-Button wird der ausgew\u00e4hlte Eintrag gel\u00f6scht.<\/p>\n<p><a href=\"https:\/\/gs-cms.com\/wp-content\/uploads\/Optionen-loeschen.jpg\" data-rel=\"lightbox-gallery-f7lIppUY\" data-rl_title=\"\" data-rl_caption=\"\" title=\"\"><img loading=\"lazy\" decoding=\"async\" data-attachment-id=\"761\" data-permalink=\"https:\/\/gs-cms.com\/?attachment_id=761\" data-orig-file=\"https:\/\/gs-cms.com\/wp-content\/uploads\/Optionen-loeschen.jpg\" data-orig-size=\"323,292\" data-comments-opened=\"1\" data-image-meta=\"{&quot;aperture&quot;:&quot;0&quot;,&quot;credit&quot;:&quot;&quot;,&quot;camera&quot;:&quot;&quot;,&quot;caption&quot;:&quot;&quot;,&quot;created_timestamp&quot;:&quot;0&quot;,&quot;copyright&quot;:&quot;&quot;,&quot;focal_length&quot;:&quot;0&quot;,&quot;iso&quot;:&quot;0&quot;,&quot;shutter_speed&quot;:&quot;0&quot;,&quot;title&quot;:&quot;&quot;,&quot;orientation&quot;:&quot;0&quot;}\" data-image-title=\"Optionen loeschen\" data-image-description=\"\" data-image-caption=\"\" data-large-file=\"https:\/\/gs-cms.com\/wp-content\/uploads\/Optionen-loeschen.jpg\" class=\"alignnone size-full wp-image-761\" src=\"https:\/\/gs-cms.com\/wp-content\/uploads\/Optionen-loeschen.jpg\" alt=\"Optionen loeschen\" width=\"323\" height=\"292\" srcset=\"https:\/\/gs-cms.com\/wp-content\/uploads\/Optionen-loeschen.jpg 323w, https:\/\/gs-cms.com\/wp-content\/uploads\/Optionen-loeschen-300x271.jpg 300w\" sizes=\"auto, (max-width: 323px) 100vw, 323px\" \/><\/a><\/p>\n<p>F\u00fcr das L\u00f6schen stehen zwei M\u00f6glichkeiten zur Verf\u00fcgung:<\/p>\n<ul>\n<li>Zuordnung l\u00f6schen: Die Datens\u00e4tze, welche dem gel\u00f6schten Eintrag zugeordnet waren haben danach keine Zuordnung mehr (In dem Beispiel werden alle Adressen, die zuvor dem gel\u00f6schten Land zugeordnet waren keinem Land mehr zugeordnet sein).<\/li>\n<li>Eintr\u00e4ge neu zuordnen: Die Datens\u00e4tze, welche dem gel\u00f6schten Eintrag zugeordnet waren haben werden im Anschluss einem anderen Eintrag zugeordnet (In dem Beispiel werden alle Adressen, die zuvor dem gel\u00f6schten Land zugeordnet waren dem Land &#8222;Yemen&#8220; zugeordnet sein).<\/li>\n<\/ul>\n<h3>\u00a0\u00c4ndern der Reihenfolge<\/h3>\n<p>Mit den Pfeiltasten kann eine bestimmte Reihenfolge der Eintr\u00e4ge festgelegt werden. Markieren Sie hierzu einen Eintrag und Verschieben sie ihn durch Klicken auf die Pfeile nach oben oder nach unten in der Liste.<\/p>\n<p>Mit dem letzten Button in der Toolbar werden die Eintr\u00e4ge alphabetisch geordnet. Bei der Sortierung werden die Eintr\u00e4ge nach der aktuell im Frontend eingestellten Sprache sortiert.<\/p>\n<h3>Grunddaten<\/h3>\n<p><a href=\"https:\/\/gs-cms.com\/wp-content\/uploads\/Optionen-Grunddaten.jpg\" data-rel=\"lightbox-gallery-f7lIppUY\" data-rl_title=\"\" data-rl_caption=\"\" title=\"\"><img loading=\"lazy\" decoding=\"async\" data-attachment-id=\"762\" data-permalink=\"https:\/\/gs-cms.com\/?attachment_id=762\" data-orig-file=\"https:\/\/gs-cms.com\/wp-content\/uploads\/Optionen-Grunddaten.jpg\" data-orig-size=\"750,511\" data-comments-opened=\"1\" data-image-meta=\"{&quot;aperture&quot;:&quot;0&quot;,&quot;credit&quot;:&quot;&quot;,&quot;camera&quot;:&quot;&quot;,&quot;caption&quot;:&quot;&quot;,&quot;created_timestamp&quot;:&quot;0&quot;,&quot;copyright&quot;:&quot;&quot;,&quot;focal_length&quot;:&quot;0&quot;,&quot;iso&quot;:&quot;0&quot;,&quot;shutter_speed&quot;:&quot;0&quot;,&quot;title&quot;:&quot;&quot;,&quot;orientation&quot;:&quot;0&quot;}\" data-image-title=\"Optionen Grunddaten\" data-image-description=\"\" data-image-caption=\"\" data-large-file=\"https:\/\/gs-cms.com\/wp-content\/uploads\/Optionen-Grunddaten.jpg\" class=\"alignnone size-full wp-image-762\" src=\"https:\/\/gs-cms.com\/wp-content\/uploads\/Optionen-Grunddaten.jpg\" alt=\"Optionen Grunddaten\" width=\"750\" height=\"511\" srcset=\"https:\/\/gs-cms.com\/wp-content\/uploads\/Optionen-Grunddaten.jpg 750w, https:\/\/gs-cms.com\/wp-content\/uploads\/Optionen-Grunddaten-300x204.jpg 300w\" sizes=\"auto, (max-width: 750px) 100vw, 750px\" \/><\/a><\/p>\n<p>Bei den Grunddaten der Optionen werden programmweit g\u00fcltige Daten eingestellt.<\/p>\n<ul>\n<li>URL der Startseite: Dies ist die Seite, die beim \u00d6ffnen des Intranet-Moduls (Wird automatisch beim Programmstart angezeigt) angezeigt wird.<\/li>\n<li>Logo: Hier k\u00f6nnen Logos f\u00fcr die Berichte der allgemeinen Module eingelesen werden. Mit dem\u00a0 Plus-Button wird ein Logo aus einer Datei eingelesen und mit dem Minus-Button wird ein vorhandenes Logo gel\u00f6scht. Ist ein Logo ausgew\u00e4hlt, so kann es mit dem H\u00e4kchen-Button als Standard gesetzt werden. Das Standard-Logo wird immer dann verwendet, wenn kein anderes f\u00fcr den Bericht ausgew\u00e4hlt wurde.<\/li>\n<\/ul>\n","protected":false},"excerpt":{"rendered":"<p>Im Modul Optionen werden die Programmoptionen festgelegt. Auf der linkten Seite sind die verschiedenen Module dargestellt und darunter die Optionen dieses Moduls aufgelistet. Durch Auswahl eines Punktes werden auf der rechten Seite des Fensters die Daten zu der Option angezeigt. Die eingegebenen Daten werden im jeweiligen Modul als Auswahlfeld angezeigt. Die Daten unter &#8222;Grunddaten&#8220; beziehen&hellip;<\/p>\n","protected":false},"author":11,"featured_media":0,"parent":263,"menu_order":1,"comment_status":"closed","ping_status":"closed","template":"helppage.php","meta":{"_bbp_topic_count":0,"_bbp_reply_count":0,"_bbp_total_topic_count":0,"_bbp_total_reply_count":0,"_bbp_voice_count":0,"_bbp_anonymous_reply_count":0,"_bbp_topic_count_hidden":0,"_bbp_reply_count_hidden":0,"_bbp_forum_subforum_count":0,"jetpack_post_was_ever_published":false,"footnotes":""},"class_list":["post-332","page","type-page","status-publish","hentry"],"aioseo_notices":[],"jetpack_sharing_enabled":true,"jetpack-related-posts":[{"id":77,"url":"https:\/\/gs-cms.com\/?page_id=77","url_meta":{"origin":332,"position":0},"title":"Optionen","author":"Patrick Schimmel","date":"Dienstag, 19. November 2013","format":false,"excerpt":"","rel":"","context":"In \"Optionen\"","block_context":{"text":"Optionen","link":"https:\/\/gs-cms.com\/?tag=optionen"},"img":{"alt_text":"Optionen","src":"https:\/\/i0.wp.com\/gs-cms.com\/wp-content\/uploads\/Optionen-300x213.jpg?resize=350%2C200&ssl=1","width":350,"height":200},"classes":[]},{"id":1161,"url":"https:\/\/gs-cms.com\/?page_id=1161","url_meta":{"origin":332,"position":1},"title":"Zeiterfassung","author":"Patrick Schimmel","date":"Freitag, 31. Januar 2014","format":false,"excerpt":"Das Modul Zeiterfassung dient dazu die pers\u00f6nliche Arbeitszeit auf die Projekte zu verteilen. So kann die Arbeitszeit aller Mitarbeiter nach Projekten ausgewertet und die Projekte entsprechend belastet werden. Das Modul besteht aus einer Monats\u00fcbersicht und einer Tages\u00fcbersicht auf der linken Seite, in der die Tagesleistung angezeigt wird. Mit den Pfeil-Buttons\u2026","rel":"","context":"In \"Zeiterfassung\"","block_context":{"text":"Zeiterfassung","link":"https:\/\/gs-cms.com\/?tag=zeiterfassung"},"img":{"alt_text":"","src":"https:\/\/i0.wp.com\/gs-cms.com\/wp-content\/uploads\/Zeitkontrolle.jpg?resize=350%2C200&ssl=1","width":350,"height":200,"srcset":"https:\/\/i0.wp.com\/gs-cms.com\/wp-content\/uploads\/Zeitkontrolle.jpg?resize=350%2C200&ssl=1 1x, https:\/\/i0.wp.com\/gs-cms.com\/wp-content\/uploads\/Zeitkontrolle.jpg?resize=525%2C300&ssl=1 1.5x"},"classes":[]},{"id":363,"url":"https:\/\/gs-cms.com\/?page_id=363","url_meta":{"origin":332,"position":2},"title":"Intranet","author":"Patrick Schimmel","date":"Samstag, 14. Dezember 2013","format":false,"excerpt":"Das Modul Intranet dient dazu den Mitarbeitern eine einfache Zugangsm\u00f6glichkeit zur Intranetseite des Unternehmens anzubieten. Standardm\u00e4\u00dfig wird hier die CMS-Hilfe angezeigt.\u00a0In\u00a0den Programmoptionen kann diese Einstellung jedoch ge\u00e4ndert werden. \u00a0 Weiterf\u00fchrende Themen Optionen","rel":"","context":"In \"Intranet\"","block_context":{"text":"Intranet","link":"https:\/\/gs-cms.com\/?tag=intranet"},"img":{"alt_text":"Intranet","src":"https:\/\/i0.wp.com\/gs-cms.com\/wp-content\/uploads\/Intranet-1024x566.jpg?resize=350%2C200&ssl=1","width":350,"height":200,"srcset":"https:\/\/i0.wp.com\/gs-cms.com\/wp-content\/uploads\/Intranet-1024x566.jpg?resize=350%2C200&ssl=1 1x, https:\/\/i0.wp.com\/gs-cms.com\/wp-content\/uploads\/Intranet-1024x566.jpg?resize=525%2C300&ssl=1 1.5x, https:\/\/i0.wp.com\/gs-cms.com\/wp-content\/uploads\/Intranet-1024x566.jpg?resize=700%2C400&ssl=1 2x"},"classes":[]},{"id":342,"url":"https:\/\/gs-cms.com\/?page_id=342","url_meta":{"origin":332,"position":3},"title":"Projektoptionen","author":"Patrick Schimmel","date":"Samstag, 14. Dezember 2013","format":false,"excerpt":"Die Projektoptionen enthalten Grunddaten der Projekte, die f\u00fcr die Strukturierung und Ausgabe der Projektdaten wichtig sind. Falls die projektbezogenen Module f\u00fcr Projekte eingesetzt werden, so sollten diese Daten zuvor angelegt werden. Ebenen Die Daten der projektbezogenen Module k\u00f6nnen in 3 Ebenen untergliedert werden. Die Ebenen stellen Attribute dar, mit denen\u2026","rel":"","context":"In \"Optionen\"","block_context":{"text":"Optionen","link":"https:\/\/gs-cms.com\/?tag=optionen"},"img":{"alt_text":"","src":"https:\/\/i0.wp.com\/gs-cms.com\/wp-content\/uploads\/Projektoptionen-Logos.jpg?resize=350%2C200&ssl=1","width":350,"height":200,"srcset":"https:\/\/i0.wp.com\/gs-cms.com\/wp-content\/uploads\/Projektoptionen-Logos.jpg?resize=350%2C200&ssl=1 1x, https:\/\/i0.wp.com\/gs-cms.com\/wp-content\/uploads\/Projektoptionen-Logos.jpg?resize=525%2C300&ssl=1 1.5x"},"classes":[]},{"id":939,"url":"https:\/\/gs-cms.com\/?page_id=939","url_meta":{"origin":332,"position":4},"title":"Planoptionen","author":"Patrick Schimmel","date":"Dienstag, 14. Januar 2014","format":false,"excerpt":"Bei den Planoptionen k\u00f6nnen die Auswahloptionen f\u00fcr die Planverwaltung des Projekts festgelegt werden. Zu jedem Eintrag muss ein Symbol als K\u00fcrzel eingegeben werden, welches f\u00fcr die automatische Generierung der Plannummern verwendet wird. Definiert werden k\u00f6nnen: Planer - Muss zuvor bei den Projektbeteiligten angelegt worden sein. Planungsphasen - z.B. Vorplanung, Entwurfsplanung,\u2026","rel":"","context":"In \"Optionen\"","block_context":{"text":"Optionen","link":"https:\/\/gs-cms.com\/?tag=optionen"},"img":{"alt_text":"Options","src":"https:\/\/i0.wp.com\/gs-cms.com\/wp-content\/uploads\/Options.png?resize=350%2C200&ssl=1","width":350,"height":200},"classes":[]},{"id":11,"url":"https:\/\/gs-cms.com\/?page_id=11","url_meta":{"origin":332,"position":5},"title":"Construction Management System","author":"Patrick Schimmel","date":"Dienstag, 19. November 2013","format":false,"excerpt":"Das Construction Management System CMS ist eine umfangreiche Software zur vertragssicheren Dokumentation und Verwaltung von Bauprojekten. Es umfasst alle Phasen des Bauprojekts, von der Projektakquise \u00fcber die Bauausf\u00fchrung bis hin zur Gew\u00e4hrleistung. Einmal eingetragene Informationen werden in einer zentralen Datenbank gespeichert und k\u00f6nnen \u00fcber frei definierbare Berichte beliebig ausgewertet und\u2026","rel":"","context":"\u00c4hnlicher Beitrag","block_context":{"text":"\u00c4hnlicher Beitrag","link":""},"img":{"alt_text":"Projektzyklus","src":"https:\/\/i0.wp.com\/gs-cms.com\/wp-content\/uploads\/Projektzyklus-300x221.png?resize=350%2C200&ssl=1","width":350,"height":200},"classes":[]}],"_links":{"self":[{"href":"https:\/\/gs-cms.com\/index.php?rest_route=\/wp\/v2\/pages\/332","targetHints":{"allow":["GET"]}}],"collection":[{"href":"https:\/\/gs-cms.com\/index.php?rest_route=\/wp\/v2\/pages"}],"about":[{"href":"https:\/\/gs-cms.com\/index.php?rest_route=\/wp\/v2\/types\/page"}],"author":[{"embeddable":true,"href":"https:\/\/gs-cms.com\/index.php?rest_route=\/wp\/v2\/users\/11"}],"replies":[{"embeddable":true,"href":"https:\/\/gs-cms.com\/index.php?rest_route=%2Fwp%2Fv2%2Fcomments&post=332"}],"version-history":[{"count":0,"href":"https:\/\/gs-cms.com\/index.php?rest_route=\/wp\/v2\/pages\/332\/revisions"}],"up":[{"embeddable":true,"href":"https:\/\/gs-cms.com\/index.php?rest_route=\/wp\/v2\/pages\/263"}],"wp:attachment":[{"href":"https:\/\/gs-cms.com\/index.php?rest_route=%2Fwp%2Fv2%2Fmedia&parent=332"}],"curies":[{"name":"wp","href":"https:\/\/api.w.org\/{rel}","templated":true}]}}