
{"id":3005,"date":"2016-09-17T22:52:15","date_gmt":"2016-09-17T20:52:15","guid":{"rendered":"http:\/\/gs-cms.com\/?page_id=3005"},"modified":"2019-04-21T12:49:16","modified_gmt":"2019-04-21T10:49:16","slug":"qualitaetsmanagement","status":"publish","type":"page","link":"https:\/\/gs-cms.com\/?page_id=3005","title":{"rendered":"Qualit\u00e4tsmanagement"},"content":{"rendered":"<blockquote><p>W\u00fcrden Sie gerne Ihre Qualit\u00e4tspr\u00fcfungen einfacher gestalten und vertragssicher dokumentieren?<\/p><\/blockquote>\n<h2>\u00dcbersicht<\/h2>\n<table style=\"width: 100%;\">\n<tbody>\n<tr >\n<td style=\"vertical-align: top;\"><img loading=\"lazy\" decoding=\"async\" data-attachment-id=\"2236\" data-permalink=\"https:\/\/gs-cms.com\/?attachment_id=2236\" data-orig-file=\"https:\/\/gs-cms.com\/wp-content\/uploads\/Deficiencies.png\" data-orig-size=\"32,32\" data-comments-opened=\"1\" data-image-meta=\"{&quot;aperture&quot;:&quot;0&quot;,&quot;credit&quot;:&quot;&quot;,&quot;camera&quot;:&quot;&quot;,&quot;caption&quot;:&quot;&quot;,&quot;created_timestamp&quot;:&quot;0&quot;,&quot;copyright&quot;:&quot;&quot;,&quot;focal_length&quot;:&quot;0&quot;,&quot;iso&quot;:&quot;0&quot;,&quot;shutter_speed&quot;:&quot;0&quot;,&quot;title&quot;:&quot;&quot;,&quot;orientation&quot;:&quot;0&quot;}\" data-image-title=\"Deficiencies\" data-image-description=\"\" data-image-caption=\"\" data-large-file=\"https:\/\/gs-cms.com\/wp-content\/uploads\/Deficiencies.png\" class=\"wp-image-2236 size-full alignleft\" src=\"https:\/\/gs-cms.com\/wp-content\/uploads\/Deficiencies.png\" alt=\"Deficiencies\" width=\"32\" height=\"32\" srcset=\"https:\/\/gs-cms.com\/wp-content\/uploads\/Deficiencies.png 32w, https:\/\/gs-cms.com\/wp-content\/uploads\/Deficiencies-150x150.png 150w, https:\/\/gs-cms.com\/wp-content\/uploads\/Deficiencies-160x160.png 160w, https:\/\/gs-cms.com\/wp-content\/uploads\/Deficiencies-320x320.png 320w\" sizes=\"auto, (max-width: 32px) 100vw, 32px\" \/><\/td>\n<td style=\"width: 46%; vertical-align: top;\"><strong>M\u00e4ngel<\/strong><br \/>\nAnbindung an die M\u00e4ngelverwaltung<\/td>\n<td style=\"vertical-align: top;\"><img loading=\"lazy\" decoding=\"async\" data-attachment-id=\"2238\" data-permalink=\"https:\/\/gs-cms.com\/?attachment_id=2238\" data-orig-file=\"https:\/\/gs-cms.com\/wp-content\/uploads\/Levels.png\" data-orig-size=\"32,32\" data-comments-opened=\"1\" data-image-meta=\"{&quot;aperture&quot;:&quot;0&quot;,&quot;credit&quot;:&quot;&quot;,&quot;camera&quot;:&quot;&quot;,&quot;caption&quot;:&quot;&quot;,&quot;created_timestamp&quot;:&quot;0&quot;,&quot;copyright&quot;:&quot;&quot;,&quot;focal_length&quot;:&quot;0&quot;,&quot;iso&quot;:&quot;0&quot;,&quot;shutter_speed&quot;:&quot;0&quot;,&quot;title&quot;:&quot;&quot;,&quot;orientation&quot;:&quot;0&quot;}\" data-image-title=\"Levels\" data-image-description=\"\" data-image-caption=\"\" data-large-file=\"https:\/\/gs-cms.com\/wp-content\/uploads\/Levels.png\" class=\"size-full wp-image-2238 alignleft\" src=\"https:\/\/gs-cms.com\/wp-content\/uploads\/Levels.png\" alt=\"Levels\" width=\"32\" height=\"32\" srcset=\"https:\/\/gs-cms.com\/wp-content\/uploads\/Levels.png 32w, https:\/\/gs-cms.com\/wp-content\/uploads\/Levels-150x150.png 150w, https:\/\/gs-cms.com\/wp-content\/uploads\/Levels-160x160.png 160w, https:\/\/gs-cms.com\/wp-content\/uploads\/Levels-320x320.png 320w\" sizes=\"auto, (max-width: 32px) 100vw, 32px\" \/><\/td>\n<td style=\"width: 46%; vertical-align: top;\"><strong>Strukturierung<\/strong><br \/>\nEinheitliche, modul\u00fcbergreifende Strukturierung der Daten in die Projektebenen<\/td>\n<\/tr>\n<tr>\n<td style=\"vertical-align: top;\">\u00a0<img loading=\"lazy\" decoding=\"async\" data-attachment-id=\"3053\" data-permalink=\"https:\/\/gs-cms.com\/?attachment_id=3053\" data-orig-file=\"https:\/\/gs-cms.com\/wp-content\/uploads\/PivotChart_32x.png\" data-orig-size=\"32,32\" data-comments-opened=\"1\" data-image-meta=\"{&quot;aperture&quot;:&quot;0&quot;,&quot;credit&quot;:&quot;&quot;,&quot;camera&quot;:&quot;&quot;,&quot;caption&quot;:&quot;&quot;,&quot;created_timestamp&quot;:&quot;0&quot;,&quot;copyright&quot;:&quot;&quot;,&quot;focal_length&quot;:&quot;0&quot;,&quot;iso&quot;:&quot;0&quot;,&quot;shutter_speed&quot;:&quot;0&quot;,&quot;title&quot;:&quot;&quot;,&quot;orientation&quot;:&quot;0&quot;}\" data-image-title=\"pivotchart_32x\" data-image-description=\"\" data-image-caption=\"\" data-large-file=\"https:\/\/gs-cms.com\/wp-content\/uploads\/PivotChart_32x.png\" class=\"size-full wp-image-3053 alignleft\" src=\"https:\/\/gs-cms.com\/wp-content\/uploads\/PivotChart_32x.png\" alt=\"pivotchart_32x\" width=\"32\" height=\"32\" \/><\/td>\n<td style=\"vertical-align: top;\">\u00a0<strong>Pivot<\/strong><br \/>\nSchnelles Bearbeiten von Checklistenpunkten in Pivot-Ansichten<\/td>\n<td style=\"vertical-align: top;\"><\/td>\n<td style=\"vertical-align: top;\"><\/td>\n<\/tr>\n<\/tbody>\n<\/table>\n<h2>Beschreibung<\/h2>\n<p>Das\u00a0Qualit\u00e4tsmanagement-Modul des <strong><a title=\"Construction Management System\" href=\"https:\/\/gs-cms.com\/?page_id=11\">Construction Management System<\/a> CMS<\/strong>\u00a0erm\u00f6glicht es Ihnen auf einfache Weise Checklisten anzulegen und f\u00fcr wiederkehrende Qualit\u00e4tspr\u00fcfungen zu verwenden.<\/p>\n<p>Schlagen Pr\u00fcfungen fehl, so k\u00f6nnen die Punkte automatisch in die M\u00e4ngelverwaltung \u00fcbernommen\u00a0werden.<\/p>\n<p>Sie haben die M\u00f6glichkeit eigene Vorlagen von Checklistenpunkten anzulegen und diese in allen Projekten zu verwenden.<\/p>\n<p>Um mehrere Checklistenpunkte auf einmal zu bearbeiten k\u00f6nnen Sie Pivotlisten anlegen, in denen die Pr\u00fcfungen tabellarisch bearbeitet werden k\u00f6nnen.<\/p>\n<h2>Screenshots<\/h2>\n<div class=\"rl-gallery-container rl-loading\" id=\"rl-gallery-container-1\" data-gallery_id=\"3377\"> <div class=\"rl-gallery rl-basicmasonry-gallery rl-hover-effect-2\" id=\"rl-gallery-1\" data-gallery_no=\"1\"> <div class=\"rl-gutter-sizer\"><\/div><div class=\"rl-grid-sizer\"><\/div> <div class=\"rl-gallery-item rl-gallery-item-width-4\" > <div class=\"rl-gallery-item-content\"> <a href=\"https:\/\/gs-cms.com\/wp-content\/uploads\/QC.jpg\" title=\"\" data-rl_title=\"\" class=\"rl-gallery-link\" data-rl_caption=\"\" data-rel=\"lightbox-gallery-1\"><img loading=\"lazy\" decoding=\"async\" src=\"https:\/\/gs-cms.com\/wp-content\/uploads\/QC-300x176.jpg\" width=\"300\" height=\"176\" alt=\"\" \/><span class=\"rl-gallery-caption\"><span class=\"rl-gallery-item-title\">QC<\/span><\/span><\/a> <\/div> <\/div> <\/div> <\/div>\n<h2>Funktionen<\/h2>\n<ul>\n<li>Direkte \u00dcbersicht \u00fcber die wichtigsten Daten auf der Startseite des Moduls<\/li>\n<li>\u00dcbersichtliche Oberfl\u00e4che mit dem leistungsf\u00e4higem Multi-Filter<\/li>\n<li>Freitextsuche zum einfachen Auffinden von Informationen<\/li>\n<li>Erfassen aller erforderlicher Daten, wie Planer, Planart, Plantyp, Planungsphase, Planungsstatus, usw.<\/li>\n<li>Strukturierung der Pl\u00e4ne\u00a0durch Zuordnung der Daten zu den drei Ebenen, die bei allen Modulen dieses Projekts Verwendung\u00a0finden<\/li>\n<li>Gleichzeitiges Bearbeiten wichtiger Daten von mehreren\u00a0Datens\u00e4tzen.<\/li>\n<li>Anh\u00e4ngen beliebiger Dateien an die Pl\u00e4ne.<\/li>\n<li>Einbindung aller Projektbeteiligten, um sicherzustellen, dass alle den aktuellen Planstand besitzen.<\/li>\n<li>Frei konfigurierbare eigene Berichte<\/li>\n<li>Schnelldruck eines Plans\u00a0aus dem Detailfenster heraus<\/li>\n<li>Jeder Anwender kann\u00a0 die Filter- und Spaltenansicht frei konfigurieren.<\/li>\n<li>Export der Daten\u00fcbersicht der Haupttabelle in Text, CSV oder Excel-Dateien<\/li>\n<li>Export aller Berichte in verschiedene Dateiformate.<\/li>\n<li>Gesetzte Filter werden beim Export und bei der Berichtsgenerierung ber\u00fccksichtigt.<\/li>\n<li>Plannummern k\u00f6nnen frei eingegeben werden oder \u00fcber eine Plannummerdefinition automatisch erstellt\u00a0werden<\/li>\n<li>Automatisches Erstellen einer Historie jedes Plans<\/li>\n<li>Verwendung der Planverwaltung m\u00f6glich ohne Dateien hochzuladen.<\/li>\n<li>\u00dcberwachung des Planversands mit Planein- und ausgang<\/li>\n<li>Archivierung aller Pl\u00e4ne auf einmal.<\/li>\n<li>Eigene Definition von individuellen Planungsphasen, Planungsstadien, Plantypen, Planarten f\u00fcr jedes Projekt<\/li>\n<li>\u00dcbernahme der Optionsdefinitionen aus der zentralen Bibliothek.<\/li>\n<li>Freie Plannummerndefinition\u00a0mit automatischer Plannummernvergabe (optional).<\/li>\n<\/ul>\n","protected":false},"excerpt":{"rendered":"<p>W\u00fcrden Sie gerne Ihre Qualit\u00e4tspr\u00fcfungen einfacher gestalten und vertragssicher dokumentieren? \u00dcbersicht M\u00e4ngel Anbindung an die M\u00e4ngelverwaltung Strukturierung Einheitliche, modul\u00fcbergreifende Strukturierung der Daten in die Projektebenen \u00a0 \u00a0Pivot Schnelles Bearbeiten von Checklistenpunkten in Pivot-Ansichten Beschreibung Das\u00a0Qualit\u00e4tsmanagement-Modul des Construction Management System CMS\u00a0erm\u00f6glicht es Ihnen auf einfache Weise Checklisten anzulegen und f\u00fcr wiederkehrende Qualit\u00e4tspr\u00fcfungen zu verwenden. Schlagen Pr\u00fcfungen&hellip;<\/p>\n","protected":false},"author":11,"featured_media":0,"parent":11,"menu_order":8,"comment_status":"closed","ping_status":"closed","template":"","meta":{"_bbp_topic_count":0,"_bbp_reply_count":0,"_bbp_total_topic_count":0,"_bbp_total_reply_count":0,"_bbp_voice_count":0,"_bbp_anonymous_reply_count":0,"_bbp_topic_count_hidden":0,"_bbp_reply_count_hidden":0,"_bbp_forum_subforum_count":0,"jetpack_post_was_ever_published":false,"footnotes":""},"class_list":["post-3005","page","type-page","status-publish","hentry"],"aioseo_notices":[],"jetpack_sharing_enabled":true,"jetpack-related-posts":[{"id":33,"url":"https:\/\/gs-cms.com\/?page_id=33","url_meta":{"origin":3005,"position":0},"title":"Bildverwaltung","author":"Patrick Schimmel","date":"Dienstag, 19. November 2013","format":false,"excerpt":"W\u00fcrden Sie gerne alle wichtigen Bilder eines Projekts strukturiert ablegen und einfach wiederfinden? \u00dcbersicht Galerie Erzeugen einer HTML-Bildergalerie zum Ver\u00f6ffentlichen der Photos auf Webseiten Zuordnung zu Bautagesberichten Alle erfassten Bilder k\u00f6nnen mit Bautagesberichten verkn\u00fcpft werden, auch automatisch nach Aufnahmedatum Zuordnung zu M\u00e4ngeln Alle erfassten Bilder k\u00f6nnen mit M\u00e4ngeln verkn\u00fcpft werden\u2026","rel":"","context":"In \"Bilder\"","block_context":{"text":"Bilder","link":"https:\/\/gs-cms.com\/?tag=bilder"},"img":{"alt_text":"PhotoGallery","src":"https:\/\/i0.wp.com\/gs-cms.com\/wp-content\/uploads\/PhotoGallery-e1390558834919.png?resize=350%2C200&ssl=1","width":350,"height":200},"classes":[]},{"id":31,"url":"https:\/\/gs-cms.com\/?page_id=31","url_meta":{"origin":3005,"position":1},"title":"M\u00e4ngelverwaltung","author":"Patrick Schimmel","date":"Dienstag, 19. November 2013","format":false,"excerpt":"W\u00fcrden Sie gerne gefundene\u00a0M\u00e4ngel zielgerichtet nachverfolgen\u00a0und zeitnah beheben k\u00f6nnen? W\u00fcrden Sie gerne alle\u00a0am Projekt beteiligten Parteien in den Prozess der M\u00e4ngelbeseitigung mit einbeziehen? \u00dcbersicht Kooperation Der Auftraggeber kann bei entsprechender Freigabe M\u00e4ngel selbst eintragen, den Status aktualisieren und kommentieren \u00dcberblick Zusammenfassung der wichtigsten Daten aller M\u00e4ngel Bilder Bilder k\u00f6nnen mit\u2026","rel":"","context":"In \"featured\"","block_context":{"text":"featured","link":"https:\/\/gs-cms.com\/?tag=featured"},"img":{"alt_text":"Meetings","src":"https:\/\/i0.wp.com\/gs-cms.com\/wp-content\/uploads\/Meetings.png?resize=350%2C200&ssl=1","width":350,"height":200},"classes":[]},{"id":25,"url":"https:\/\/gs-cms.com\/?page_id=25","url_meta":{"origin":3005,"position":2},"title":"Bautagebuch","author":"Patrick Schimmel","date":"Dienstag, 19. November 2013","format":false,"excerpt":"W\u00fcrden Sie gerne Ihre Projekte einfach und vertragssicher dokumentieren und dabei die eingegebenen Daten nach verschiedenen Gesichtspunkten auswerten k\u00f6nnen? \u00dcbersicht Kooperation Sie k\u00f6nnen Ihren Auftraggebern direkten, beschr\u00e4nkten Zugriff auf die Berichte erlauben und so Kommentare direkt erhalten. Ressourcen Erfassen von Arbeitskr\u00e4ften, verbauten Materialien und Materiallieferungen. Bilder Bilder k\u00f6nnen mit Ihrem\u2026","rel":"","context":"In \"Bautagebuch\"","block_context":{"text":"Bautagebuch","link":"https:\/\/gs-cms.com\/?tag=bautagebuch"},"img":{"alt_text":"Meetings","src":"https:\/\/i0.wp.com\/gs-cms.com\/wp-content\/uploads\/Meetings.png?resize=350%2C200&ssl=1","width":350,"height":200},"classes":[]},{"id":36,"url":"https:\/\/gs-cms.com\/?page_id=36","url_meta":{"origin":3005,"position":3},"title":"Planverwaltung","author":"Patrick Schimmel","date":"Dienstag, 19. November 2013","format":false,"excerpt":"W\u00fcrden Sie gerne Ihre Pl\u00e4ne zentral verwalten, so dass alle Projektbeteiligten immer Zugriff auf die aktuelle Planversion haben? \u00dcbersicht Kooperation Auftraggeber und Nachunternehmer k\u00f6nnen einen eingeschr\u00e4nkten Zugang erhalten, um z.B. Pl\u00e4ne herunterzuladen Historie Alle eingelesenen Planversionen bleiben erhalten und k\u00f6nnen eingesehen werden Planversand Dokumentation von Planeingang und Planversand Strukturierung Einheitliche,\u2026","rel":"","context":"In \"featured\"","block_context":{"text":"featured","link":"https:\/\/gs-cms.com\/?tag=featured"},"img":{"alt_text":"Meetings","src":"https:\/\/i0.wp.com\/gs-cms.com\/wp-content\/uploads\/Meetings.png?resize=350%2C200&ssl=1","width":350,"height":200},"classes":[]},{"id":1207,"url":"https:\/\/gs-cms.com\/?page_id=1207","url_meta":{"origin":3005,"position":4},"title":"Besprechungen","author":"Patrick Schimmel","date":"Sonntag, 2. M\u00e4rz 2014","format":false,"excerpt":"H\u00e4tten Sie auch gerne ein Tool, mit welchem Sie Besprechungen einfach erfassen und die Abarbeitung der\u00a0Besprechungspunkte nachverfolgen k\u00f6nnen? \u00dcbersicht Fortf\u00fchren Wiederkehrende Besprechungen k\u00f6nnen fortgef\u00fchrt werden, wobei automatisch alle nicht erledigten Punkte \u00fcbernommen werden Historie Die \u00c4nderungshistorie jedes Besprechungspunkts wird einzeln automatisch erfasst Verantwortlichkeiten Eindeutigte Zuordnung der Verantwortlichkeit von Besprechungspunkten zu\u2026","rel":"","context":"In \"Besprechungen\"","block_context":{"text":"Besprechungen","link":"https:\/\/gs-cms.com\/?tag=besprechungen"},"img":{"alt_text":"ArrowRight","src":"https:\/\/i0.wp.com\/gs-cms.com\/wp-content\/uploads\/ArrowRight.png?resize=350%2C200&ssl=1","width":350,"height":200},"classes":[]},{"id":77,"url":"https:\/\/gs-cms.com\/?page_id=77","url_meta":{"origin":3005,"position":5},"title":"Optionen","author":"Patrick Schimmel","date":"Dienstag, 19. November 2013","format":false,"excerpt":"","rel":"","context":"In \"Optionen\"","block_context":{"text":"Optionen","link":"https:\/\/gs-cms.com\/?tag=optionen"},"img":{"alt_text":"Optionen","src":"https:\/\/i0.wp.com\/gs-cms.com\/wp-content\/uploads\/Optionen-300x213.jpg?resize=350%2C200&ssl=1","width":350,"height":200},"classes":[]}],"_links":{"self":[{"href":"https:\/\/gs-cms.com\/index.php?rest_route=\/wp\/v2\/pages\/3005","targetHints":{"allow":["GET"]}}],"collection":[{"href":"https:\/\/gs-cms.com\/index.php?rest_route=\/wp\/v2\/pages"}],"about":[{"href":"https:\/\/gs-cms.com\/index.php?rest_route=\/wp\/v2\/types\/page"}],"author":[{"embeddable":true,"href":"https:\/\/gs-cms.com\/index.php?rest_route=\/wp\/v2\/users\/11"}],"replies":[{"embeddable":true,"href":"https:\/\/gs-cms.com\/index.php?rest_route=%2Fwp%2Fv2%2Fcomments&post=3005"}],"version-history":[{"count":5,"href":"https:\/\/gs-cms.com\/index.php?rest_route=\/wp\/v2\/pages\/3005\/revisions"}],"predecessor-version":[{"id":3547,"href":"https:\/\/gs-cms.com\/index.php?rest_route=\/wp\/v2\/pages\/3005\/revisions\/3547"}],"up":[{"embeddable":true,"href":"https:\/\/gs-cms.com\/index.php?rest_route=\/wp\/v2\/pages\/11"}],"wp:attachment":[{"href":"https:\/\/gs-cms.com\/index.php?rest_route=%2Fwp%2Fv2%2Fmedia&parent=3005"}],"curies":[{"name":"wp","href":"https:\/\/api.w.org\/{rel}","templated":true}]}}