
{"id":29,"date":"2013-11-19T22:01:26","date_gmt":"2013-11-19T21:01:26","guid":{"rendered":"http:\/\/gs-cms.com\/?page_id=29"},"modified":"2016-01-27T23:30:41","modified_gmt":"2016-01-27T22:30:41","slug":"projektbezogene-module","status":"publish","type":"page","link":"https:\/\/gs-cms.com\/?page_id=29","title":{"rendered":"Projektbezogene Module"},"content":{"rendered":"<p>Projektbezogene Module beinhalten die Daten zu einem bestimmten Projekt.<\/p>\n<p>Zu den projektbezogenen Modulen geh\u00f6ren:<\/p>\n<ul>\n<li><a title=\"Bautagebuch\" href=\"https:\/\/gs-cms.com\/leistungen\/cms-hilfe\/projektbezogene-module\/bautagesberichte\/\">Bautagebuch<\/a><\/li>\n<li><a title=\"M\u00e4ngelverwaltung\" href=\"https:\/\/gs-cms.com\/leistungen\/cms-hilfe\/projektbezogene-module\/maengelverwaltung\/\">M\u00e4ngelverwaltung<\/a><\/li>\n<li><a title=\"Bildverwaltung\" href=\"https:\/\/gs-cms.com\/?page_id=881\">Bildverwaltung<\/a><\/li>\n<li><a title=\"Besprechungen\" href=\"https:\/\/gs-cms.com\/?page_id=1207\">Besprechungen<\/a><\/li>\n<li><a title=\"Planverwaltung\" href=\"https:\/\/gs-cms.com\/?page_id=915\">Planverwaltung<\/a><\/li>\n<li>Terminpl\u00e4ne<\/li>\n<li><a title=\"Projektoptionen\" href=\"https:\/\/gs-cms.com\/?page_id=342\">Projektoptionen<\/a><\/li>\n<\/ul>\n<p>&nbsp;<\/p>\n","protected":false},"excerpt":{"rendered":"<p>Projektbezogene Module beinhalten die Daten zu einem bestimmten Projekt. Zu den projektbezogenen Modulen geh\u00f6ren: Bautagebuch M\u00e4ngelverwaltung Bildverwaltung Besprechungen Planverwaltung Terminpl\u00e4ne Projektoptionen &nbsp;<\/p>\n","protected":false},"author":11,"featured_media":0,"parent":57,"menu_order":3,"comment_status":"closed","ping_status":"closed","template":"helppage.php","meta":{"_bbp_topic_count":0,"_bbp_reply_count":0,"_bbp_total_topic_count":0,"_bbp_total_reply_count":0,"_bbp_voice_count":0,"_bbp_anonymous_reply_count":0,"_bbp_topic_count_hidden":0,"_bbp_reply_count_hidden":0,"_bbp_forum_subforum_count":0,"jetpack_post_was_ever_published":false,"footnotes":""},"class_list":["post-29","page","type-page","status-publish","hentry"],"aioseo_notices":[],"jetpack_sharing_enabled":true,"jetpack-related-posts":[{"id":840,"url":"https:\/\/gs-cms.com\/?page_id=840","url_meta":{"origin":29,"position":0},"title":"Anl\u00e4sse","author":"Patrick Schimmel","date":"Montag, 13. Januar 2014","format":false,"excerpt":"\u00dcber den Schalter in der Toolbar der M\u00e4ngelverwaltung k\u00f6nnen Anl\u00e4sse verwaltet werden. Anl\u00e4sse sind Begehungen, Besprechungen oder Abnahmen, an denen M\u00e4ngel festgestellt wurden. Jedem Mangel kann ein Anlass zugeordnet werden. Zu jedem Anlass k\u00f6nnen die Teilnehmer und ein Verteiler erfasst werden.","rel":"","context":"In \"Anl\u00e4sse\"","block_context":{"text":"Anl\u00e4sse","link":"https:\/\/gs-cms.com\/?tag=anlaesse"},"img":{"alt_text":"Meetings","src":"https:\/\/i0.wp.com\/gs-cms.com\/wp-content\/uploads\/Meetings.png?resize=350%2C200&ssl=1","width":350,"height":200},"classes":[]},{"id":1848,"url":"https:\/\/gs-cms.com\/?page_id=1848","url_meta":{"origin":29,"position":1},"title":"Terminplanung","author":"Patrick Schimmel","date":"Dienstag, 11. November 2014","format":false,"excerpt":"Eine detaillierte Hilfe steht zur Zeit noch nicht zur Verf\u00fcgung.","rel":"","context":"\u00c4hnlicher Beitrag","block_context":{"text":"\u00c4hnlicher Beitrag","link":""},"img":{"alt_text":"","src":"","width":0,"height":0},"classes":[]},{"id":1039,"url":"https:\/\/gs-cms.com\/?page_id=1039","url_meta":{"origin":29,"position":2},"title":"Besprechungen","author":"Patrick Schimmel","date":"Montag, 20. Januar 2014","format":false,"excerpt":"In diesem Modul werden die Besprechungen eines Moduls verwaltet. Es eignet sich vor allem, um Besprechungspunkte in wiederkehrenden Besprechungen zu \u00fcberwachen. \u00a0 Dieses Modul verf\u00fcgt nicht wie die anderen \u00fcber einen Multi-Filter. Die angelegten Besprechungstypen, Besprechungen und Besprechungsthemen sind entsprechend Ihrer Hierarchie in einer Baumstruktur geordnet. Durch Auswahl eines Knotens\u2026","rel":"","context":"In \"Besprechungen\"","block_context":{"text":"Besprechungen","link":"https:\/\/gs-cms.com\/?tag=besprechungen"},"img":{"alt_text":"Besprechungen","src":"https:\/\/i0.wp.com\/gs-cms.com\/wp-content\/uploads\/Besprechungen-300x161.png?resize=350%2C200&ssl=1","width":350,"height":200},"classes":[]},{"id":830,"url":"https:\/\/gs-cms.com\/?page_id=830","url_meta":{"origin":29,"position":3},"title":"M\u00e4ngelverwaltung","author":"Patrick Schimmel","date":"Montag, 13. Januar 2014","format":false,"excerpt":"In der M\u00e4ngelverwaltung werden die im Projekt gefundenen M\u00e4ngel eingegeben und nachverfolgt. In diesem Modul besteht die M\u00f6glichkeit dem Auftraggeber einen Zugang mit entsprechenden Rechten zu geben, damit dieser die von Ihm gefundenen M\u00e4ngel eingeben kann. Er sieht dann nur die von Ihm eingegebenen M\u00e4ngel und kann bestimmte Eintragungen, die\u2026","rel":"","context":"In \"M\u00e4ngel\"","block_context":{"text":"M\u00e4ngel","link":"https:\/\/gs-cms.com\/?tag=maengel"},"img":{"alt_text":"M\u00e4ngelverwaltung","src":"https:\/\/i0.wp.com\/gs-cms.com\/wp-content\/uploads\/Maengel-1024x621.jpg?resize=350%2C200&ssl=1","width":350,"height":200,"srcset":"https:\/\/i0.wp.com\/gs-cms.com\/wp-content\/uploads\/Maengel-1024x621.jpg?resize=350%2C200&ssl=1 1x, https:\/\/i0.wp.com\/gs-cms.com\/wp-content\/uploads\/Maengel-1024x621.jpg?resize=525%2C300&ssl=1 1.5x, https:\/\/i0.wp.com\/gs-cms.com\/wp-content\/uploads\/Maengel-1024x621.jpg?resize=700%2C400&ssl=1 2x"},"classes":[]},{"id":891,"url":"https:\/\/gs-cms.com\/?page_id=891","url_meta":{"origin":29,"position":4},"title":"Bildergalerie erzeugen","author":"Patrick Schimmel","date":"Montag, 13. Januar 2014","format":false,"excerpt":"Mit dieser Funktion wird eine kleine Webseite erzeugt, die auf einen Webserver hochgeladen oder lokal zum Betrachten der Bilder ohne das Programm verwendet werden kann. Hierf\u00fcr muss der Pfad zu einem leeren Verzeichnis angegeben werden. Hier werden dann die Bilddateien und weitere Dateien f\u00fcr die Webseite angelegt. Der Start der\u2026","rel":"","context":"In \"Bilder\"","block_context":{"text":"Bilder","link":"https:\/\/gs-cms.com\/?tag=bilder"},"img":{"alt_text":"PhotoGallery","src":"https:\/\/i0.wp.com\/gs-cms.com\/wp-content\/uploads\/PhotoGallery.png?resize=350%2C200&ssl=1","width":350,"height":200},"classes":[]},{"id":915,"url":"https:\/\/gs-cms.com\/?page_id=915","url_meta":{"origin":29,"position":5},"title":"Planverwaltung","author":"Patrick Schimmel","date":"Dienstag, 14. Januar 2014","format":false,"excerpt":"In der Planverwaltung k\u00f6nnen Pl\u00e4ne mit Planeingang, Versionierung und dem Planversand verwaltet und \u00fcberwacht werden. Die veralteten Pl\u00e4ne k\u00f6nnen in verschiedenen Dateiformaten auf den Server hochgeladen werden. Zu jedem Plan k\u00f6nnen beliebig viele Planversionen (\u00dcberarbeitungen) angelegt werden. Die Versionen werden \u00fcber den Planindex unterschieden. Wird eine aktualisierte Version eines Plans\u2026","rel":"","context":"In \"Besprechungen\"","block_context":{"text":"Besprechungen","link":"https:\/\/gs-cms.com\/?tag=besprechungen"},"img":{"alt_text":"Planverwaltung","src":"https:\/\/i0.wp.com\/gs-cms.com\/wp-content\/uploads\/Planverwaltung-1024x566.jpg?resize=350%2C200&ssl=1","width":350,"height":200,"srcset":"https:\/\/i0.wp.com\/gs-cms.com\/wp-content\/uploads\/Planverwaltung-1024x566.jpg?resize=350%2C200&ssl=1 1x, https:\/\/i0.wp.com\/gs-cms.com\/wp-content\/uploads\/Planverwaltung-1024x566.jpg?resize=525%2C300&ssl=1 1.5x, https:\/\/i0.wp.com\/gs-cms.com\/wp-content\/uploads\/Planverwaltung-1024x566.jpg?resize=700%2C400&ssl=1 2x"},"classes":[]}],"_links":{"self":[{"href":"https:\/\/gs-cms.com\/index.php?rest_route=\/wp\/v2\/pages\/29","targetHints":{"allow":["GET"]}}],"collection":[{"href":"https:\/\/gs-cms.com\/index.php?rest_route=\/wp\/v2\/pages"}],"about":[{"href":"https:\/\/gs-cms.com\/index.php?rest_route=\/wp\/v2\/types\/page"}],"author":[{"embeddable":true,"href":"https:\/\/gs-cms.com\/index.php?rest_route=\/wp\/v2\/users\/11"}],"replies":[{"embeddable":true,"href":"https:\/\/gs-cms.com\/index.php?rest_route=%2Fwp%2Fv2%2Fcomments&post=29"}],"version-history":[{"count":0,"href":"https:\/\/gs-cms.com\/index.php?rest_route=\/wp\/v2\/pages\/29\/revisions"}],"up":[{"embeddable":true,"href":"https:\/\/gs-cms.com\/index.php?rest_route=\/wp\/v2\/pages\/57"}],"wp:attachment":[{"href":"https:\/\/gs-cms.com\/index.php?rest_route=%2Fwp%2Fv2%2Fmedia&parent=29"}],"curies":[{"name":"wp","href":"https:\/\/api.w.org\/{rel}","templated":true}]}}