
{"id":278,"date":"2013-12-10T14:37:08","date_gmt":"2013-12-10T13:37:08","guid":{"rendered":"http:\/\/gs-cms.com\/?page_id=278"},"modified":"2016-01-28T00:12:52","modified_gmt":"2016-01-27T23:12:52","slug":"benutzer-hinzufuegen","status":"publish","type":"page","link":"https:\/\/gs-cms.com\/?page_id=278","title":{"rendered":"Benutzer"},"content":{"rendered":"<h3>Benutzer hinzuf\u00fcgen<\/h3>\n<p>Ein Benutzer wird mit einem Mausklick auf den Plus-Button in der Toolbar neu angelegt.<\/p>\n<p><img loading=\"lazy\" decoding=\"async\" class=\"alignnone size-full wp-image-771\" src=\"https:\/\/gs-cms.com\/wp-content\/uploads\/Add.png\" alt=\"Add\" width=\"32\" height=\"32\" \/><\/p>\n<p>Daraufhin erscheint das Detail-Fenster des Benutzers. Hier m\u00fcssen alle Daten ausgef\u00fcllt und der Benutzer muss einem Kontakt aus der Adressverwaltung zugeordnet werden. Diese Zuordnung wird programmintern in einigen Modulen verwendet. Ist der Kontakt in der Adressverwaltung noch nicht vorhanden, so kann er im Modul &#8222;Adressen&#8220; direkt angelegt werden.<\/p>\n<h3>Benutzer bearbeiten<\/h3>\n<p>Durch einen Doppelklick auf den Benutzer-Eintrag in der Liste wird das Detailfenster des Benutzers ge\u00f6ffnet.<\/p>\n<p><a href=\"https:\/\/gs-cms.com\/wp-content\/uploads\/Benutzerverwaltung-Benutzer-Details.png\" data-rel=\"lightbox-gallery-AnQCDwFX\" data-rl_title=\"\" data-rl_caption=\"\" title=\"\"><img loading=\"lazy\" decoding=\"async\" src=\"https:\/\/gs-cms.com\/wp-content\/uploads\/Benutzerverwaltung-Benutzer-Details.png\" alt=\"Benutzerverwaltung Benutzer-Details\" width=\"366\" height=\"196\" \/><\/a><\/p>\n<p>Hier m\u00fcssen alle Daten ausgef\u00fcllt und der Benutzer muss einem Kontakt aus der Adressverwaltung zugeordnet werden. Diese Zuordnung wird programmintern in einigen Modulen verwendet. Ist der Kontakt in der Adressverwaltung noch nicht vorhanden, so kann er im Modul \u201cAdressen\u201d direkt angelegt werden.<\/p>\n<p>Die Zuordnung von Rollen kann direkt im Hauptfenster der Benutzerverwaltung erfolgen, indem ein Benutzer in der Tabelle ausgew\u00e4hlt wird.<\/p>\n<p><a href=\"https:\/\/gs-cms.com\/wp-content\/uploads\/Benutzerverwaltung.jpg\" data-rel=\"lightbox-gallery-AnQCDwFX\" data-rl_title=\"\" data-rl_caption=\"\" title=\"\"><img loading=\"lazy\" decoding=\"async\" data-attachment-id=\"1344\" data-permalink=\"https:\/\/gs-cms.com\/?attachment_id=1344\" data-orig-file=\"https:\/\/gs-cms.com\/wp-content\/uploads\/Benutzerverwaltung.jpg\" data-orig-size=\"1211,828\" data-comments-opened=\"1\" data-image-meta=\"{&quot;aperture&quot;:&quot;0&quot;,&quot;credit&quot;:&quot;&quot;,&quot;camera&quot;:&quot;&quot;,&quot;caption&quot;:&quot;&quot;,&quot;created_timestamp&quot;:&quot;0&quot;,&quot;copyright&quot;:&quot;&quot;,&quot;focal_length&quot;:&quot;0&quot;,&quot;iso&quot;:&quot;0&quot;,&quot;shutter_speed&quot;:&quot;0&quot;,&quot;title&quot;:&quot;&quot;,&quot;orientation&quot;:&quot;0&quot;}\" data-image-title=\"Benutzerverwaltung\" data-image-description=\"\" data-image-caption=\"&lt;p&gt;Benutzerverwaltung&lt;\/p&gt;\n\" data-large-file=\"https:\/\/gs-cms.com\/wp-content\/uploads\/Benutzerverwaltung-1024x700.jpg\" class=\"alignnone wp-image-1344 size-large\" src=\"https:\/\/gs-cms.com\/wp-content\/uploads\/Benutzerverwaltung-1024x700.jpg\" alt=\"Benutzerverwaltung\" width=\"720\" height=\"492\" srcset=\"https:\/\/gs-cms.com\/wp-content\/uploads\/Benutzerverwaltung-1024x700.jpg 1024w, https:\/\/gs-cms.com\/wp-content\/uploads\/Benutzerverwaltung-300x205.jpg 300w, https:\/\/gs-cms.com\/wp-content\/uploads\/Benutzerverwaltung.jpg 1211w\" sizes=\"auto, (max-width: 720px) 100vw, 720px\" \/><\/a><\/p>\n<h4>Grunddaten<\/h4>\n<p>Bei den Grunddaten k\u00f6nnen folgende Einstellungen vorgenommen werden:<\/p>\n<ul>\n<li>Allgemeine Rollen: Dies sind die Rollen, die der Benutzer in den allgemeinen Modulen erh\u00e4lt. Dem Benutzer k\u00f6nnen hier mehrere Rollen zugeordnet werden. Der Benutzer erh\u00e4lt so alle Rechte, die diesen Rollen zugeordnet sind. Die Rechte sind additiv.<\/li>\n<li>Projektrollen: Dies sind die Rollen, die der Benutzer in den projektbezogenen Modulen erh\u00e4lt. Dem Benutzer k\u00f6nnen hier mehrere Rollen zugeordnet werden. Der Benutzer erh\u00e4lt so alle Rechte, die diesen Rollen zugeordnet sind. Die Rechte sind additiv und beziehen sich grunds\u00e4tzlich auf alle Projekte zu denen der Benutzer zugriff hat.<\/li>\n<\/ul>\n<h4>Projekte<\/h4>\n<p>In diesem Abschnitt k\u00f6nnen dem ausgew\u00e4hlten Benutzer weitere projektzpezifische Rollen zugewiesen werden. Diese gelten erg\u00e4nzend zu den Rollen, die bei den Grunddaten eingestellt sind.<\/p>\n<p>Hierf\u00fcr muss mit dem Plus-Button ein Projekt hinzugef\u00fcgt und in der unteren H\u00e4lfte des Tabs die Rollen ausgew\u00e4hlt werden.<\/p>\n<p>Mit dem Minus-Button kann eine Projektzuordnung entfernt werden.<\/p>\n<h4>Signatur<\/h4>\n<p>Hier kann f\u00fcr den Benutzer eine Signatur angelegt werden. Diese wird automatisch beim Email-Versand an die Email angef\u00fcgt.<\/p>\n<h3>Benutzer entfernen<\/h3>\n<p>Mit einem Mausklick auf das Minus-Symbol in der Toolbar wird der aktuell ausgew\u00e4hlte Benutzer gel\u00f6scht.<\/p>\n<p><img loading=\"lazy\" decoding=\"async\" src=\"https:\/\/gs-cms.com\/wp-content\/uploads\/Delete.png\" alt=\"Delete\" width=\"32\" height=\"32\" \/><\/p>\n<p>Durch das L\u00f6schen eines Benutzers bleibt der Personenkontakt in der Adressverwaltung erhalten. Alle diesem Kontakt zugeordnete Daten bleiben ebenfalls erhalten.<\/p>\n<h3>Passwort zur\u00fccksetzen<\/h3>\n<p>Mit dem Button im Hauptmen\u00fc kann das Passwort eines Benutzers zur\u00fcckgesetzt werden.<\/p>\n<p><img loading=\"lazy\" decoding=\"async\" src=\"https:\/\/gs-cms.com\/wp-content\/uploads\/ResetPassword.png\" alt=\"ResetPassword\" width=\"32\" height=\"32\" \/><\/p>\n<p>Der Benutzer kann dann beim n\u00e4chsten Anmelden ein neues Passwort ausw\u00e4hlen.<\/p>\n<h3>Logins<\/h3>\n<p>Durch einen Klick auf den Info-Button in der Toolbar der Benutzerberwaltung werden Infos zu den Logins der Benutzer angezeigt.<\/p>\n<p><img loading=\"lazy\" decoding=\"async\" src=\"https:\/\/gs-cms.com\/wp-content\/uploads\/Info.png\" alt=\"Info\" width=\"32\" height=\"32\" \/><\/p>\n<p>Falls beim Klicken auf den Button ein Benutzer ausgew\u00e4hlt war, so werden nur die Daten dieses Benutzers angezeigt, ansonsten die aller Benutzer.<\/p>\n<p>Folgende Daten werden angezeigt:<\/p>\n<ul>\n<li>Benutzername<\/li>\n<li>Domain<\/li>\n<li>Host<\/li>\n<li>Logindatum und -zeit<\/li>\n<li>Logoutdatum und -zeit<\/li>\n<li>Programmversion<\/li>\n<li>Betriebssystem<\/li>\n<li>Version des .NET Frameworks<\/li>\n<\/ul>\n","protected":false},"excerpt":{"rendered":"<p>Benutzer hinzuf\u00fcgen Ein Benutzer wird mit einem Mausklick auf den Plus-Button in der Toolbar neu angelegt. Daraufhin erscheint das Detail-Fenster des Benutzers. Hier m\u00fcssen alle Daten ausgef\u00fcllt und der Benutzer muss einem Kontakt aus der Adressverwaltung zugeordnet werden. Diese Zuordnung wird programmintern in einigen Modulen verwendet. Ist der Kontakt in der Adressverwaltung noch nicht vorhanden,&hellip;<\/p>\n","protected":false},"author":11,"featured_media":0,"parent":276,"menu_order":0,"comment_status":"closed","ping_status":"closed","template":"helppage.php","meta":{"_bbp_topic_count":0,"_bbp_reply_count":0,"_bbp_total_topic_count":0,"_bbp_total_reply_count":0,"_bbp_voice_count":0,"_bbp_anonymous_reply_count":0,"_bbp_topic_count_hidden":0,"_bbp_reply_count_hidden":0,"_bbp_forum_subforum_count":0,"jetpack_post_was_ever_published":false,"footnotes":""},"class_list":["post-278","page","type-page","status-publish","hentry"],"aioseo_notices":[],"jetpack_sharing_enabled":true,"jetpack-related-posts":[{"id":224,"url":"https:\/\/gs-cms.com\/?page_id=224","url_meta":{"origin":278,"position":0},"title":"Erster Start","author":"Patrick Schimmel","date":"Freitag, 6. Dezember 2013","format":false,"excerpt":"Starten von CMS Nachdem die Software installiert wurde und die Servereinstellungen get\u00e4tigt und die Datenbank erstellt wurde, kann CMS zum ersten Mal gestartet werden. Je nach Auswahl in der Installationsroutine wurde eine Verkn\u00fcpfung im Startmen\u00fc und\/oder auf dem Desktop erstellt, mit welcher die Software gestartet werden kann. Beim Erstellen der\u2026","rel":"","context":"In \"Programmstart\"","block_context":{"text":"Programmstart","link":"https:\/\/gs-cms.com\/?tag=programmstart"},"img":{"alt_text":"Login","src":"https:\/\/i0.wp.com\/gs-cms.com\/wp-content\/uploads\/Login-300x192.jpg?resize=350%2C200&ssl=1","width":350,"height":200},"classes":[]},{"id":358,"url":"https:\/\/gs-cms.com\/?page_id=358","url_meta":{"origin":278,"position":1},"title":"Projektakquisition","author":"Patrick Schimmel","date":"Samstag, 14. Dezember 2013","format":false,"excerpt":"In der Projektakquisition werden die Daten von Gelegenheiten gesammelt und verwaltet, die zu einem Projekt werden k\u00f6nnen. \u00a0 Gelegenheit hinzuf\u00fcgen Durch einen Mausklick auf das Plus-Symbol in der Toolbar der Projektakquisition wird eine neue Gelegenheit angelegt. Danach wird das Detailfenster ge\u00f6ffnet und die Daten der Gelegenheit k\u00f6nnen eingegeben werden. \u00a0\u2026","rel":"","context":"In \"Akquisition\"","block_context":{"text":"Akquisition","link":"https:\/\/gs-cms.com\/?tag=akquisition"},"img":{"alt_text":"","src":"https:\/\/i0.wp.com\/gs-cms.com\/wp-content\/uploads\/Akquisition-Grunddaten.jpg?resize=350%2C200&ssl=1","width":350,"height":200,"srcset":"https:\/\/i0.wp.com\/gs-cms.com\/wp-content\/uploads\/Akquisition-Grunddaten.jpg?resize=350%2C200&ssl=1 1x, https:\/\/i0.wp.com\/gs-cms.com\/wp-content\/uploads\/Akquisition-Grunddaten.jpg?resize=525%2C300&ssl=1 1.5x, https:\/\/i0.wp.com\/gs-cms.com\/wp-content\/uploads\/Akquisition-Grunddaten.jpg?resize=700%2C400&ssl=1 2x"},"classes":[]},{"id":1354,"url":"https:\/\/gs-cms.com\/?page_id=1354","url_meta":{"origin":278,"position":2},"title":"Rechte","author":"Patrick Schimmel","date":"Dienstag, 3. Juni 2014","format":false,"excerpt":"Im Folgenden werden die verf\u00fcgbaren Rechte der einzelnen Module erl\u00e4utert. Allgemeine Module Modul Recht Beschreibung Akquisition Akquisitionsdaten bearbeiten Benutzer hat das Recht die Detaildaten der Akquisition zu bearbeiten. Akquisition Akquisitionstermine bearbeiten Bearbeiten der Termindaten der Akquisitionsdatens\u00e4tze. Akquisition Submissionsergebnisse bearbeiten Bearbeiten der Submissionsergebnisse von Gelegenheiten. Akquisition Akquisitionsdaten drucken Drucken von Berichten\u2026","rel":"","context":"In \"Admin\"","block_context":{"text":"Admin","link":"https:\/\/gs-cms.com\/?tag=admin"},"img":{"alt_text":"","src":"","width":0,"height":0},"classes":[]},{"id":1479,"url":"https:\/\/gs-cms.com\/?page_id=1479","url_meta":{"origin":278,"position":3},"title":"Konfiguration des FTP-Servers","author":"Patrick Schimmel","date":"Samstag, 5. Juli 2014","format":false,"excerpt":"Vorteile: Bew\u00e4hrte Web-Technologie Ordner ist vor Benutzerzugriffen gesch\u00fctzt Verteilung der Last auf verschiedene Rechner Nachteile: Upload\/Download relativ langsam Einrichtung eines FTP-Servers ist erforderlich Installation\u00a0von FileZilla Das dargestellte Beispiel bezieht sich auf die Konfiguration des kostenlosen FTP-Servers FileZilla unter Windows.\u00a0Die Einrichtung anderer FTP-Server erfolgt prinzipiell gleich. FileZilla kann kostenlos unter der\u2026","rel":"","context":"In \"FTP\"","block_context":{"text":"FTP","link":"https:\/\/gs-cms.com\/?tag=ftp"},"img":{"alt_text":"","src":"https:\/\/i0.wp.com\/gs-cms.com\/wp-content\/uploads\/Filezilla_Users.jpg?resize=350%2C200&ssl=1","width":350,"height":200,"srcset":"https:\/\/i0.wp.com\/gs-cms.com\/wp-content\/uploads\/Filezilla_Users.jpg?resize=350%2C200&ssl=1 1x, https:\/\/i0.wp.com\/gs-cms.com\/wp-content\/uploads\/Filezilla_Users.jpg?resize=525%2C300&ssl=1 1.5x"},"classes":[]},{"id":295,"url":"https:\/\/gs-cms.com\/?page_id=295","url_meta":{"origin":278,"position":4},"title":"Rollen","author":"Patrick Schimmel","date":"Dienstag, 10. Dezember 2013","format":false,"excerpt":"Durch einen Mausklick auf den Button in der Toolbar wird ein Fenster ge\u00f6ffnet, in dem den verschiedenen Rollen Rechte zugeordnet werden k\u00f6nnen. Die zuordenbaren Rechte unterscheiden sich je nachdem, welche art der Rollen ausgew\u00e4hlt sind. Allgemeine Rollen sind die Rollen, die der Benutzer in den allgemeinen Modulen erh\u00e4lt. Projektrollen sind\u2026","rel":"","context":"In \"Admin\"","block_context":{"text":"Admin","link":"https:\/\/gs-cms.com\/?tag=admin"},"img":{"alt_text":"","src":"https:\/\/i0.wp.com\/gs-cms.com\/wp-content\/uploads\/Benutzerverwaltung-Rollen.jpg?resize=350%2C200&ssl=1","width":350,"height":200,"srcset":"https:\/\/i0.wp.com\/gs-cms.com\/wp-content\/uploads\/Benutzerverwaltung-Rollen.jpg?resize=350%2C200&ssl=1 1x, https:\/\/i0.wp.com\/gs-cms.com\/wp-content\/uploads\/Benutzerverwaltung-Rollen.jpg?resize=525%2C300&ssl=1 1.5x"},"classes":[]},{"id":555,"url":"https:\/\/gs-cms.com\/?page_id=555","url_meta":{"origin":278,"position":5},"title":"Projekte","author":"Patrick Schimmel","date":"Dienstag, 17. Dezember 2013","format":false,"excerpt":"Projekt hinzuf\u00fcgen Durch einen Mausklick auf das Plus-Symbol in der Toolbar der Projektverwaltung wird ein neues Projekt angelegt. Im Anschluss wird das Detailfenster ge\u00f6ffnet und die Daten des Projekts k\u00f6nnen eingegeben werden. Projekt bearbeiten Das Detailfenster zum Bearbeiten von Projekten wird durch einen Doppelklick auf eine Zeile der Tabelle im\u2026","rel":"","context":"In \"Projekte\"","block_context":{"text":"Projekte","link":"https:\/\/gs-cms.com\/?tag=projekte"},"img":{"alt_text":"Add","src":"https:\/\/i0.wp.com\/gs-cms.com\/wp-content\/uploads\/Add.png?resize=350%2C200&ssl=1","width":350,"height":200},"classes":[]}],"_links":{"self":[{"href":"https:\/\/gs-cms.com\/index.php?rest_route=\/wp\/v2\/pages\/278","targetHints":{"allow":["GET"]}}],"collection":[{"href":"https:\/\/gs-cms.com\/index.php?rest_route=\/wp\/v2\/pages"}],"about":[{"href":"https:\/\/gs-cms.com\/index.php?rest_route=\/wp\/v2\/types\/page"}],"author":[{"embeddable":true,"href":"https:\/\/gs-cms.com\/index.php?rest_route=\/wp\/v2\/users\/11"}],"replies":[{"embeddable":true,"href":"https:\/\/gs-cms.com\/index.php?rest_route=%2Fwp%2Fv2%2Fcomments&post=278"}],"version-history":[{"count":0,"href":"https:\/\/gs-cms.com\/index.php?rest_route=\/wp\/v2\/pages\/278\/revisions"}],"up":[{"embeddable":true,"href":"https:\/\/gs-cms.com\/index.php?rest_route=\/wp\/v2\/pages\/276"}],"wp:attachment":[{"href":"https:\/\/gs-cms.com\/index.php?rest_route=%2Fwp%2Fv2%2Fmedia&parent=278"}],"curies":[{"name":"wp","href":"https:\/\/api.w.org\/{rel}","templated":true}]}}