
{"id":276,"date":"2013-12-10T14:33:16","date_gmt":"2013-12-10T13:33:16","guid":{"rendered":"http:\/\/gs-cms.com\/?page_id=276"},"modified":"2016-01-28T00:12:37","modified_gmt":"2016-01-27T23:12:37","slug":"benutzerverwaltung","status":"publish","type":"page","link":"https:\/\/gs-cms.com\/?page_id=276","title":{"rendered":"Benutzerverwaltung"},"content":{"rendered":"<p>In der Benutzerverwaltung werden die Benutzer des Programms und deren Rechte verwaltet.<\/p>\n<p>Die Benutzerverwaltung ist rollenbasierend, d.h. jeder Benutzer kann mehrere Rollen mit verschiedenen Rechten besitzen.<\/p>\n<p><a href=\"https:\/\/gs-cms.com\/wp-content\/uploads\/Benutzerverwaltung.jpg\" data-rel=\"lightbox-gallery-Du7jA2GW\" data-rl_title=\"\" data-rl_caption=\"\" title=\"\"><img loading=\"lazy\" decoding=\"async\" data-attachment-id=\"1344\" data-permalink=\"https:\/\/gs-cms.com\/?attachment_id=1344\" data-orig-file=\"https:\/\/gs-cms.com\/wp-content\/uploads\/Benutzerverwaltung.jpg\" data-orig-size=\"1211,828\" data-comments-opened=\"1\" data-image-meta=\"{&quot;aperture&quot;:&quot;0&quot;,&quot;credit&quot;:&quot;&quot;,&quot;camera&quot;:&quot;&quot;,&quot;caption&quot;:&quot;&quot;,&quot;created_timestamp&quot;:&quot;0&quot;,&quot;copyright&quot;:&quot;&quot;,&quot;focal_length&quot;:&quot;0&quot;,&quot;iso&quot;:&quot;0&quot;,&quot;shutter_speed&quot;:&quot;0&quot;,&quot;title&quot;:&quot;&quot;,&quot;orientation&quot;:&quot;0&quot;}\" data-image-title=\"Benutzerverwaltung\" data-image-description=\"\" data-image-caption=\"&lt;p&gt;Benutzerverwaltung&lt;\/p&gt;\n\" data-large-file=\"https:\/\/gs-cms.com\/wp-content\/uploads\/Benutzerverwaltung-1024x700.jpg\" class=\"alignnone wp-image-1344 size-large\" src=\"https:\/\/gs-cms.com\/wp-content\/uploads\/Benutzerverwaltung-1024x700.jpg\" alt=\"Benutzerverwaltung\" width=\"720\" height=\"492\" srcset=\"https:\/\/gs-cms.com\/wp-content\/uploads\/Benutzerverwaltung-1024x700.jpg 1024w, https:\/\/gs-cms.com\/wp-content\/uploads\/Benutzerverwaltung-300x205.jpg 300w, https:\/\/gs-cms.com\/wp-content\/uploads\/Benutzerverwaltung.jpg 1211w\" sizes=\"auto, (max-width: 720px) 100vw, 720px\" \/><\/a><\/p>\n","protected":false},"excerpt":{"rendered":"<p>In der Benutzerverwaltung werden die Benutzer des Programms und deren Rechte verwaltet. Die Benutzerverwaltung ist rollenbasierend, d.h. jeder Benutzer kann mehrere Rollen mit verschiedenen Rechten besitzen.<\/p>\n","protected":false},"author":11,"featured_media":0,"parent":263,"menu_order":0,"comment_status":"closed","ping_status":"closed","template":"helppage.php","meta":{"_bbp_topic_count":0,"_bbp_reply_count":0,"_bbp_total_topic_count":0,"_bbp_total_reply_count":0,"_bbp_voice_count":0,"_bbp_anonymous_reply_count":0,"_bbp_topic_count_hidden":0,"_bbp_reply_count_hidden":0,"_bbp_forum_subforum_count":0,"jetpack_post_was_ever_published":false,"footnotes":""},"class_list":["post-276","page","type-page","status-publish","hentry"],"aioseo_notices":[],"jetpack_sharing_enabled":true,"jetpack-related-posts":[{"id":278,"url":"https:\/\/gs-cms.com\/?page_id=278","url_meta":{"origin":276,"position":0},"title":"Benutzer","author":"Patrick Schimmel","date":"Dienstag, 10. Dezember 2013","format":false,"excerpt":"Benutzer hinzuf\u00fcgen Ein Benutzer wird mit einem Mausklick auf den Plus-Button in der Toolbar neu angelegt. Daraufhin erscheint das Detail-Fenster des Benutzers. Hier m\u00fcssen alle Daten ausgef\u00fcllt und der Benutzer muss einem Kontakt aus der Adressverwaltung zugeordnet werden. Diese Zuordnung wird programmintern in einigen Modulen verwendet. Ist der Kontakt in\u2026","rel":"","context":"In \"Admin\"","block_context":{"text":"Admin","link":"https:\/\/gs-cms.com\/?tag=admin"},"img":{"alt_text":"Add","src":"https:\/\/i0.wp.com\/gs-cms.com\/wp-content\/uploads\/Add.png?resize=350%2C200&ssl=1","width":350,"height":200},"classes":[]},{"id":295,"url":"https:\/\/gs-cms.com\/?page_id=295","url_meta":{"origin":276,"position":1},"title":"Rollen","author":"Patrick Schimmel","date":"Dienstag, 10. Dezember 2013","format":false,"excerpt":"Durch einen Mausklick auf den Button in der Toolbar wird ein Fenster ge\u00f6ffnet, in dem den verschiedenen Rollen Rechte zugeordnet werden k\u00f6nnen. Die zuordenbaren Rechte unterscheiden sich je nachdem, welche art der Rollen ausgew\u00e4hlt sind. Allgemeine Rollen sind die Rollen, die der Benutzer in den allgemeinen Modulen erh\u00e4lt. Projektrollen sind\u2026","rel":"","context":"In \"Admin\"","block_context":{"text":"Admin","link":"https:\/\/gs-cms.com\/?tag=admin"},"img":{"alt_text":"","src":"https:\/\/i0.wp.com\/gs-cms.com\/wp-content\/uploads\/Benutzerverwaltung-Rollen.jpg?resize=350%2C200&ssl=1","width":350,"height":200,"srcset":"https:\/\/i0.wp.com\/gs-cms.com\/wp-content\/uploads\/Benutzerverwaltung-Rollen.jpg?resize=350%2C200&ssl=1 1x, https:\/\/i0.wp.com\/gs-cms.com\/wp-content\/uploads\/Benutzerverwaltung-Rollen.jpg?resize=525%2C300&ssl=1 1.5x"},"classes":[]},{"id":224,"url":"https:\/\/gs-cms.com\/?page_id=224","url_meta":{"origin":276,"position":2},"title":"Erster Start","author":"Patrick Schimmel","date":"Freitag, 6. Dezember 2013","format":false,"excerpt":"Starten von CMS Nachdem die Software installiert wurde und die Servereinstellungen get\u00e4tigt und die Datenbank erstellt wurde, kann CMS zum ersten Mal gestartet werden. Je nach Auswahl in der Installationsroutine wurde eine Verkn\u00fcpfung im Startmen\u00fc und\/oder auf dem Desktop erstellt, mit welcher die Software gestartet werden kann. Beim Erstellen der\u2026","rel":"","context":"In \"Programmstart\"","block_context":{"text":"Programmstart","link":"https:\/\/gs-cms.com\/?tag=programmstart"},"img":{"alt_text":"Login","src":"https:\/\/i0.wp.com\/gs-cms.com\/wp-content\/uploads\/Login-300x192.jpg?resize=350%2C200&ssl=1","width":350,"height":200},"classes":[]},{"id":1213,"url":"https:\/\/gs-cms.com\/?page_id=1213","url_meta":{"origin":276,"position":3},"title":"Weitere Module","author":"Patrick Schimmel","date":"Sonntag, 2. M\u00e4rz 2014","format":false,"excerpt":"Benutzerverwaltung Die Benutzerverwaltung des Construction Management System CMS ist rollenbasierend, d.h. jeder Benutzer kann mehrere Rollen mit verschiedenen Rechten besitzen. Jede Rolle besitzt wiederum\u00a0in den einzelnen Modulen verschiedene Rechte. Somit ist die Benutzerverwaltung und die Rechteverwaltung extrem flexibel. Es k\u00f6nnen sogar unterschiedliche Rechte auf einzelne Projekte vergeben werden. Ein weiteres\u2026","rel":"","context":"In \"Benutzerverwaltung\"","block_context":{"text":"Benutzerverwaltung","link":"https:\/\/gs-cms.com\/?tag=benutzerverwaltung"},"img":{"alt_text":"Benutzerverwaltung","src":"https:\/\/i0.wp.com\/gs-cms.com\/wp-content\/uploads\/Benutzerverwaltung-300x205.jpg?resize=350%2C200&ssl=1","width":350,"height":200},"classes":[]},{"id":1354,"url":"https:\/\/gs-cms.com\/?page_id=1354","url_meta":{"origin":276,"position":4},"title":"Rechte","author":"Patrick Schimmel","date":"Dienstag, 3. Juni 2014","format":false,"excerpt":"Im Folgenden werden die verf\u00fcgbaren Rechte der einzelnen Module erl\u00e4utert. Allgemeine Module Modul Recht Beschreibung Akquisition Akquisitionsdaten bearbeiten Benutzer hat das Recht die Detaildaten der Akquisition zu bearbeiten. Akquisition Akquisitionstermine bearbeiten Bearbeiten der Termindaten der Akquisitionsdatens\u00e4tze. Akquisition Submissionsergebnisse bearbeiten Bearbeiten der Submissionsergebnisse von Gelegenheiten. Akquisition Akquisitionsdaten drucken Drucken von Berichten\u2026","rel":"","context":"In \"Admin\"","block_context":{"text":"Admin","link":"https:\/\/gs-cms.com\/?tag=admin"},"img":{"alt_text":"","src":"","width":0,"height":0},"classes":[]},{"id":11,"url":"https:\/\/gs-cms.com\/?page_id=11","url_meta":{"origin":276,"position":5},"title":"Construction Management System","author":"Patrick Schimmel","date":"Dienstag, 19. November 2013","format":false,"excerpt":"Das Construction Management System CMS ist eine umfangreiche Software zur vertragssicheren Dokumentation und Verwaltung von Bauprojekten. Es umfasst alle Phasen des Bauprojekts, von der Projektakquise \u00fcber die Bauausf\u00fchrung bis hin zur Gew\u00e4hrleistung. Einmal eingetragene Informationen werden in einer zentralen Datenbank gespeichert und k\u00f6nnen \u00fcber frei definierbare Berichte beliebig ausgewertet und\u2026","rel":"","context":"\u00c4hnlicher Beitrag","block_context":{"text":"\u00c4hnlicher Beitrag","link":""},"img":{"alt_text":"Projektzyklus","src":"https:\/\/i0.wp.com\/gs-cms.com\/wp-content\/uploads\/Projektzyklus-300x221.png?resize=350%2C200&ssl=1","width":350,"height":200},"classes":[]}],"_links":{"self":[{"href":"https:\/\/gs-cms.com\/index.php?rest_route=\/wp\/v2\/pages\/276","targetHints":{"allow":["GET"]}}],"collection":[{"href":"https:\/\/gs-cms.com\/index.php?rest_route=\/wp\/v2\/pages"}],"about":[{"href":"https:\/\/gs-cms.com\/index.php?rest_route=\/wp\/v2\/types\/page"}],"author":[{"embeddable":true,"href":"https:\/\/gs-cms.com\/index.php?rest_route=\/wp\/v2\/users\/11"}],"replies":[{"embeddable":true,"href":"https:\/\/gs-cms.com\/index.php?rest_route=%2Fwp%2Fv2%2Fcomments&post=276"}],"version-history":[{"count":0,"href":"https:\/\/gs-cms.com\/index.php?rest_route=\/wp\/v2\/pages\/276\/revisions"}],"up":[{"embeddable":true,"href":"https:\/\/gs-cms.com\/index.php?rest_route=\/wp\/v2\/pages\/263"}],"wp:attachment":[{"href":"https:\/\/gs-cms.com\/index.php?rest_route=%2Fwp%2Fv2%2Fmedia&parent=276"}],"curies":[{"name":"wp","href":"https:\/\/api.w.org\/{rel}","templated":true}]}}