
{"id":263,"date":"2013-12-10T13:38:20","date_gmt":"2013-12-10T12:38:20","guid":{"rendered":"http:\/\/gs-cms.com\/?page_id=263"},"modified":"2016-01-28T00:11:50","modified_gmt":"2016-01-27T23:11:50","slug":"admin-module","status":"publish","type":"page","link":"https:\/\/gs-cms.com\/?page_id=263","title":{"rendered":"Admin-Module"},"content":{"rendered":"<p>Unter diesem Men\u00fcpunkt sind die administrativen Module zusammengefasst. Diese beinhalten kritische Daten, wie Benutzerdaten, Programmoptionen und die Funktion zum entg\u00fcltigen L\u00f6schen von Datens\u00e4tzen. Der Zugriff sollte nur durch versierte Anwender erfolgen.<\/p>\n","protected":false},"excerpt":{"rendered":"<p>Unter diesem Men\u00fcpunkt sind die administrativen Module zusammengefasst. Diese beinhalten kritische Daten, wie Benutzerdaten, Programmoptionen und die Funktion zum entg\u00fcltigen L\u00f6schen von Datens\u00e4tzen. Der Zugriff sollte nur durch versierte Anwender erfolgen.<\/p>\n","protected":false},"author":11,"featured_media":0,"parent":57,"menu_order":4,"comment_status":"closed","ping_status":"closed","template":"helppage.php","meta":{"_bbp_topic_count":0,"_bbp_reply_count":0,"_bbp_total_topic_count":0,"_bbp_total_reply_count":0,"_bbp_voice_count":0,"_bbp_anonymous_reply_count":0,"_bbp_topic_count_hidden":0,"_bbp_reply_count_hidden":0,"_bbp_forum_subforum_count":0,"jetpack_post_was_ever_published":false,"footnotes":""},"class_list":["post-263","page","type-page","status-publish","hentry"],"aioseo_notices":[],"jetpack_sharing_enabled":true,"jetpack-related-posts":[{"id":57,"url":"https:\/\/gs-cms.com\/?page_id=57","url_meta":{"origin":263,"position":0},"title":"CMS-Hilfe","author":"Patrick Schimmel","date":"Dienstag, 19. November 2013","format":false,"excerpt":"Diese Dokumentation ist die Online-Hilfe zum Construction Management System. Erste Schritte Allgemeines Allgemeine Module Projektbezogene Module Admin-Module Pers\u00f6nliche Module Weitere Tools","rel":"","context":"\u00c4hnlicher Beitrag","block_context":{"text":"\u00c4hnlicher Beitrag","link":""},"img":{"alt_text":"","src":"","width":0,"height":0},"classes":[]},{"id":276,"url":"https:\/\/gs-cms.com\/?page_id=276","url_meta":{"origin":263,"position":1},"title":"Benutzerverwaltung","author":"Patrick Schimmel","date":"Dienstag, 10. Dezember 2013","format":false,"excerpt":"In der Benutzerverwaltung werden die Benutzer des Programms und deren Rechte verwaltet. Die Benutzerverwaltung ist rollenbasierend, d.h. jeder Benutzer kann mehrere Rollen mit verschiedenen Rechten besitzen.","rel":"","context":"In \"Admin\"","block_context":{"text":"Admin","link":"https:\/\/gs-cms.com\/?tag=admin"},"img":{"alt_text":"Benutzerverwaltung","src":"https:\/\/i0.wp.com\/gs-cms.com\/wp-content\/uploads\/Benutzerverwaltung-1024x700.jpg?resize=350%2C200&ssl=1","width":350,"height":200,"srcset":"https:\/\/i0.wp.com\/gs-cms.com\/wp-content\/uploads\/Benutzerverwaltung-1024x700.jpg?resize=350%2C200&ssl=1 1x, https:\/\/i0.wp.com\/gs-cms.com\/wp-content\/uploads\/Benutzerverwaltung-1024x700.jpg?resize=525%2C300&ssl=1 1.5x, https:\/\/i0.wp.com\/gs-cms.com\/wp-content\/uploads\/Benutzerverwaltung-1024x700.jpg?resize=700%2C400&ssl=1 2x"},"classes":[]},{"id":339,"url":"https:\/\/gs-cms.com\/?page_id=339","url_meta":{"origin":263,"position":2},"title":"Administratives L\u00f6schen","author":"Patrick Schimmel","date":"Samstag, 14. Dezember 2013","format":false,"excerpt":"Einige wichtige Datens\u00e4tze k\u00f6nnen nicht durch normale Benutzer gel\u00f6scht werden. Dies sind Firmenkontakte, Personen und Projekte. Da diese Daten viele Verkn\u00fcpfungen zu anderen Datens\u00e4tzen besitzen, sind sie essenziell und k\u00f6nnen nur durch einen Administrator gel\u00f6scht werden. Soll ein Datensatz durch einen normalen Benutzer gel\u00f6scht werden, so muss er einen Grund\u2026","rel":"","context":"In \"Admin\"","block_context":{"text":"Admin","link":"https:\/\/gs-cms.com\/?tag=admin"},"img":{"alt_text":"","src":"https:\/\/i0.wp.com\/gs-cms.com\/wp-content\/uploads\/Administratives-Loeschen.jpg?resize=350%2C200&ssl=1","width":350,"height":200,"srcset":"https:\/\/i0.wp.com\/gs-cms.com\/wp-content\/uploads\/Administratives-Loeschen.jpg?resize=350%2C200&ssl=1 1x, https:\/\/i0.wp.com\/gs-cms.com\/wp-content\/uploads\/Administratives-Loeschen.jpg?resize=525%2C300&ssl=1 1.5x, https:\/\/i0.wp.com\/gs-cms.com\/wp-content\/uploads\/Administratives-Loeschen.jpg?resize=700%2C400&ssl=1 2x"},"classes":[]},{"id":1487,"url":"https:\/\/gs-cms.com\/?page_id=1487","url_meta":{"origin":263,"position":3},"title":"Konfiguration der Verzeichnisablage","author":"Patrick Schimmel","date":"Samstag, 5. Juli 2014","format":false,"excerpt":"Vorteile: Einfache Ablage von Dateien Upload\/Download sehr schnell Keine Installation von Zusatzsoftware erforderlich Nachteile: Keine Einschr\u00e4nkung von Benutzerzugriffen auf die Dateiablage. Alle Clients m\u00fcssen st\u00e4ndig Zugriff auf einen gemeinsamen Netzwerkpfad haben. Konfiguration der Serververbindung in CMS Im CMS-Config Tool m\u00fcssen die\u00a0Verbindungsdaten\u00a0unter Dateiserver wie folgt konfiguriert werden: Der Fileserver-Typ muss auf\u2026","rel":"","context":"In \"Konfiguration\"","block_context":{"text":"Konfiguration","link":"https:\/\/gs-cms.com\/?tag=konfiguration"},"img":{"alt_text":"FileServerDirectory","src":"https:\/\/i0.wp.com\/gs-cms.com\/wp-content\/uploads\/FileServerDirectory.jpg?resize=350%2C200&ssl=1","width":350,"height":200},"classes":[]},{"id":13,"url":"https:\/\/gs-cms.com\/?page_id=13","url_meta":{"origin":263,"position":4},"title":"Allgemeine Module","author":"Patrick Schimmel","date":"Dienstag, 19. November 2013","format":false,"excerpt":"Allgemeine Module sind Module mit Daten, die keinem konkreten Projekt zugeordnet sind. Hierzu geh\u00f6ren die folgenden Module: Adressverwaltung Projektverwaltung Projektakquisition Linkbibliothek Intranet","rel":"","context":"In \"Allgemeine Module\"","block_context":{"text":"Allgemeine Module","link":"https:\/\/gs-cms.com\/?tag=allgemeine-module"},"img":{"alt_text":"","src":"","width":0,"height":0},"classes":[]},{"id":295,"url":"https:\/\/gs-cms.com\/?page_id=295","url_meta":{"origin":263,"position":5},"title":"Rollen","author":"Patrick Schimmel","date":"Dienstag, 10. Dezember 2013","format":false,"excerpt":"Durch einen Mausklick auf den Button in der Toolbar wird ein Fenster ge\u00f6ffnet, in dem den verschiedenen Rollen Rechte zugeordnet werden k\u00f6nnen. Die zuordenbaren Rechte unterscheiden sich je nachdem, welche art der Rollen ausgew\u00e4hlt sind. Allgemeine Rollen sind die Rollen, die der Benutzer in den allgemeinen Modulen erh\u00e4lt. Projektrollen sind\u2026","rel":"","context":"In \"Admin\"","block_context":{"text":"Admin","link":"https:\/\/gs-cms.com\/?tag=admin"},"img":{"alt_text":"","src":"https:\/\/i0.wp.com\/gs-cms.com\/wp-content\/uploads\/Benutzerverwaltung-Rollen.jpg?resize=350%2C200&ssl=1","width":350,"height":200,"srcset":"https:\/\/i0.wp.com\/gs-cms.com\/wp-content\/uploads\/Benutzerverwaltung-Rollen.jpg?resize=350%2C200&ssl=1 1x, https:\/\/i0.wp.com\/gs-cms.com\/wp-content\/uploads\/Benutzerverwaltung-Rollen.jpg?resize=525%2C300&ssl=1 1.5x"},"classes":[]}],"_links":{"self":[{"href":"https:\/\/gs-cms.com\/index.php?rest_route=\/wp\/v2\/pages\/263","targetHints":{"allow":["GET"]}}],"collection":[{"href":"https:\/\/gs-cms.com\/index.php?rest_route=\/wp\/v2\/pages"}],"about":[{"href":"https:\/\/gs-cms.com\/index.php?rest_route=\/wp\/v2\/types\/page"}],"author":[{"embeddable":true,"href":"https:\/\/gs-cms.com\/index.php?rest_route=\/wp\/v2\/users\/11"}],"replies":[{"embeddable":true,"href":"https:\/\/gs-cms.com\/index.php?rest_route=%2Fwp%2Fv2%2Fcomments&post=263"}],"version-history":[{"count":0,"href":"https:\/\/gs-cms.com\/index.php?rest_route=\/wp\/v2\/pages\/263\/revisions"}],"up":[{"embeddable":true,"href":"https:\/\/gs-cms.com\/index.php?rest_route=\/wp\/v2\/pages\/57"}],"wp:attachment":[{"href":"https:\/\/gs-cms.com\/index.php?rest_route=%2Fwp%2Fv2%2Fmedia&parent=263"}],"curies":[{"name":"wp","href":"https:\/\/api.w.org\/{rel}","templated":true}]}}