
{"id":2628,"date":"2015-10-09T18:49:21","date_gmt":"2015-10-09T16:49:21","guid":{"rendered":"http:\/\/gs-cms.com\/?page_id=2628"},"modified":"2015-10-09T23:27:22","modified_gmt":"2015-10-09T21:27:22","slug":"softwareentwicklung","status":"publish","type":"page","link":"https:\/\/gs-cms.com\/?page_id=2628","title":{"rendered":"Softwareentwicklung"},"content":{"rendered":"<p>Wir nutzen moderne Methoden und Ans\u00e4tze (z.B. agile Softwareentwicklung), sowie aktuelle Tools der Softwareentwicklung, um die entwickelte Software schnell und kontinuierlich an Markterfordernisse anzupassen.<\/p>\n<p>Wir sehen unsere\u00a0Software nicht als einmalig verkauftes Produkt an, sondern als Dienstleistung am Kunden. Neben der Behebung von Fehlern wird unsere\u00a0Software st\u00e4ndig weiterentwickelt und angepasst. Sei es durch die Erweiterung von Modulen, durch die Erg\u00e4nzung von Funktionen oder durch das Hinzuf\u00fcgen von neuen Berichten. Da alle Programmupdates kostenfrei zur Verf\u00fcgung gestellt werden, profitieren Sie mit der aktuellsten Programmversion immer von\u00a0den neuesten Programmfeatures.<\/p>\n<p>Durch die Verwendung von agilen Methoden der Softwareentwicklung ist es uns m\u00f6glich den Entwicklungsprozess schnell an Kundenbed\u00fcrfnisse und Marktentwicklungen anzupassen und bei Fehlern oder erforderlichen \u00c4nderungen schnell zu reagieren. Indem\u00a0sie Programmfehler oder Verbesserungsvorschl\u00e4ge direkt \u00fcber das Forum oder unser Bugtracking-System an unsere\u00a0Entwickler melden k\u00f6nnen profitieren Sie unmittelbar von Updates. So sind Sie direkt\u00a0in den Entwicklungsprozess mit eingebunden.<\/p>\n<p>Au\u00dferdem bieten wir individuelle Softwareentwicklung, benutzerdefinierte\u00a0Berichte, Unterst\u00fctzung bei der Installation und Schulungen zu unserer Software an.<\/p>\n<h3>Verwendete Techniken<\/h3>\n<h4>Microsoft .NET Framework<\/h4>\n<p><img loading=\"lazy\" decoding=\"async\" data-attachment-id=\"2594\" data-permalink=\"https:\/\/gs-cms.com\/?attachment_id=2594\" data-orig-file=\"https:\/\/gs-cms.com\/wp-content\/uploads\/dotnet.png\" data-orig-size=\"290,80\" data-comments-opened=\"1\" data-image-meta=\"{&quot;aperture&quot;:&quot;0&quot;,&quot;credit&quot;:&quot;&quot;,&quot;camera&quot;:&quot;&quot;,&quot;caption&quot;:&quot;&quot;,&quot;created_timestamp&quot;:&quot;0&quot;,&quot;copyright&quot;:&quot;&quot;,&quot;focal_length&quot;:&quot;0&quot;,&quot;iso&quot;:&quot;0&quot;,&quot;shutter_speed&quot;:&quot;0&quot;,&quot;title&quot;:&quot;&quot;,&quot;orientation&quot;:&quot;0&quot;}\" data-image-title=\"dotnet\" data-image-description=\"\" data-image-caption=\"\" data-large-file=\"https:\/\/gs-cms.com\/wp-content\/uploads\/dotnet.png\" class=\" size-medium wp-image-2594 alignright\" src=\"https:\/\/gs-cms.com\/wp-content\/uploads\/dotnet.png\" alt=\"dotnet\" width=\"290\" height=\"80\" \/>Das .NET Framework ist die\u00a0aktuelle\u00a0Entwicklungsumgebung von Microsoft.<\/p>\n<p>Die .NET-Plattform ist die Umsetzung des Common-Language-Infrastructure-Standards (CLI) und stellt mit diesem eine Basis zur Entwicklung und Ausf\u00fchrung von Programmen dar, die mit unterschiedlichen Programmiersprachen auf verschiedenen Plattformen erstellt wurden. Hauptbestandteile sind die (objektorientierte) Laufzeitumgebung Common Language Runtime (CLR), die Base Class Library (BCL) sowie diverse Hilfsprogramme.<\/p>\n<p>Entwicklern und Kunden bietet das .NET Framework eine stabile Umgebung zum Programmieren und Ausf\u00fchren von Anwendungen.\u00a0.NET-Programme werden zum Kompilierungszeitpunkt zun\u00e4chst in eine Zwischensprache (Common Intermediate Language) \u00fcbersetzt. Werden diese\u00a0Programme\u00a0auf dem Zielsystem ausgef\u00fchrt, wird der Code von der .NET-Laufzeitumgebung mit Hilfe eines Just-In-Time-Compilers in die eigentliche Maschinensprache des Zielsystems \u00fcbersetzt.\u00a0Somit wird der programmierte Code automatisch an das Zielsystem angepasst und vor der Ausf\u00fchrung optimiert.<\/p>\n<h4>ASP.NET<\/h4>\n<p><img loading=\"lazy\" decoding=\"async\" data-attachment-id=\"2593\" data-permalink=\"https:\/\/gs-cms.com\/?attachment_id=2593\" data-orig-file=\"https:\/\/gs-cms.com\/wp-content\/uploads\/aspnet.png\" data-orig-size=\"256,80\" data-comments-opened=\"1\" data-image-meta=\"{&quot;aperture&quot;:&quot;0&quot;,&quot;credit&quot;:&quot;&quot;,&quot;camera&quot;:&quot;&quot;,&quot;caption&quot;:&quot;&quot;,&quot;created_timestamp&quot;:&quot;0&quot;,&quot;copyright&quot;:&quot;&quot;,&quot;focal_length&quot;:&quot;0&quot;,&quot;iso&quot;:&quot;0&quot;,&quot;shutter_speed&quot;:&quot;0&quot;,&quot;title&quot;:&quot;&quot;,&quot;orientation&quot;:&quot;0&quot;}\" data-image-title=\"aspnet\" data-image-description=\"\" data-image-caption=\"\" data-large-file=\"https:\/\/gs-cms.com\/wp-content\/uploads\/aspnet.png\" class=\" size-full wp-image-2593 alignright\" src=\"https:\/\/gs-cms.com\/wp-content\/uploads\/aspnet.png\" alt=\"aspnet\" width=\"256\" height=\"80\" \/>ASP.NET (Active Server Pages .NET) ist ein serverseitiges Verfahren von Microsoft zum Erstellen dynamischer Webseiten, Webanwendungen und Webservices auf Basis des Microsoft-.NET-Frameworks.<\/p>\n<p>Mit Hilfe von\u00a0ASP.NET MVC (Model-View-Controller) lassen sich auf deklarativem Weg dynamische Webseiten erstellen, welche die Daten dynamisch aus Datenbanken abrufen, die die schnell erstellt\u00a0und\u00a0einfach angepasst werden k\u00f6nnen.<\/p>\n<p>Mit dem\u00a0ASP.NET Web API erzeugen\u00a0wir Webservices im Sinne einer serviceorientierten Architektur. Diese Webservices k\u00f6nnen von allen Webseiten, Apps oder Programmen \u00fcber das HTTP-Protokoll konsumiert werden.<\/p>\n<h4>WPF \/\u00a0XAML<\/h4>\n<p><a href=\"https:\/\/gs-cms.com\/wp-content\/uploads\/HTML5.png\" data-rel=\"lightbox-gallery-On3B5TJl\" data-rl_title=\"\" data-rl_caption=\"\" title=\"\"><img loading=\"lazy\" decoding=\"async\" data-attachment-id=\"2597\" data-permalink=\"https:\/\/gs-cms.com\/?attachment_id=2597\" data-orig-file=\"https:\/\/gs-cms.com\/wp-content\/uploads\/xaml.jpg\" data-orig-size=\"303,80\" data-comments-opened=\"1\" data-image-meta=\"{&quot;aperture&quot;:&quot;0&quot;,&quot;credit&quot;:&quot;&quot;,&quot;camera&quot;:&quot;&quot;,&quot;caption&quot;:&quot;&quot;,&quot;created_timestamp&quot;:&quot;0&quot;,&quot;copyright&quot;:&quot;&quot;,&quot;focal_length&quot;:&quot;0&quot;,&quot;iso&quot;:&quot;0&quot;,&quot;shutter_speed&quot;:&quot;0&quot;,&quot;title&quot;:&quot;&quot;,&quot;orientation&quot;:&quot;0&quot;}\" data-image-title=\"xaml\" data-image-description=\"\" data-image-caption=\"\" data-large-file=\"https:\/\/gs-cms.com\/wp-content\/uploads\/xaml.jpg\" class=\" size-medium wp-image-2597 alignright\" src=\"https:\/\/gs-cms.com\/wp-content\/uploads\/xaml-300x79.jpg\" alt=\"xaml\" width=\"300\" height=\"79\" srcset=\"https:\/\/gs-cms.com\/wp-content\/uploads\/xaml-300x79.jpg 300w, https:\/\/gs-cms.com\/wp-content\/uploads\/xaml.jpg 303w\" sizes=\"auto, (max-width: 300px) 100vw, 300px\" \/><\/a><\/p>\n<p>Die Windows Presentation Foundation (kurz WPF) ist ein Grafik-Framework und Teil des .NET Frameworks von Microsoft.\u00a0Bei WPF handelt es sich um eine umfangreiche Bibliothek von Klassen, die zur Gestaltung von Oberfl\u00e4chen und zur Integration von Multimedia-Komponenten und Animationen dient.<\/p>\n<p>Bei der WPF\u00a0werden die Pr\u00e4sentation und die Gesch\u00e4ftslogik getrennt, dies wird vor allem durch die XAML (basierend auf XML) unterst\u00fctzt, einer\u00a0von Microsoft entwickelten, allgemeinen Beschreibungssprache f\u00fcr die Oberfl\u00e4chengestaltung von Anwendungen. WPF ist h\u00f6chst flexibel, anpassbar und durch die Verwendung von Multithreading und DirectX schneller als andere Oberfl\u00e4chen.<\/p>\n<h4>HTML5<\/h4>\n<p><img loading=\"lazy\" decoding=\"async\" data-attachment-id=\"2595\" data-permalink=\"https:\/\/gs-cms.com\/?attachment_id=2595\" data-orig-file=\"https:\/\/gs-cms.com\/wp-content\/uploads\/HTML5.png\" data-orig-size=\"95,100\" data-comments-opened=\"1\" data-image-meta=\"{&quot;aperture&quot;:&quot;0&quot;,&quot;credit&quot;:&quot;&quot;,&quot;camera&quot;:&quot;&quot;,&quot;caption&quot;:&quot;&quot;,&quot;created_timestamp&quot;:&quot;0&quot;,&quot;copyright&quot;:&quot;&quot;,&quot;focal_length&quot;:&quot;0&quot;,&quot;iso&quot;:&quot;0&quot;,&quot;shutter_speed&quot;:&quot;0&quot;,&quot;title&quot;:&quot;&quot;,&quot;orientation&quot;:&quot;0&quot;}\" data-image-title=\"HTML5\" data-image-description=\"\" data-image-caption=\"\" data-large-file=\"https:\/\/gs-cms.com\/wp-content\/uploads\/HTML5.png\" class=\" size-medium wp-image-2595 alignright\" src=\"https:\/\/gs-cms.com\/wp-content\/uploads\/HTML5.png\" alt=\"HTML5\" width=\"95\" height=\"100\" \/>HTML5 ist die f\u00fcnfte Fassung der Hypertext Markup Language (engl. f\u00fcr Hypertext-Auszeichnungssprache), einer Computersprache zur Auszeichnung und Vernetzung von Texten und anderen Inhalten elektronischer Dokumente, vorwiegend im World Wide Web. HTML5 ist somit der Quasi-Standard im Web und unterst\u00fctzt, u.a. mithilfe von CSS3, viele Funktionen, die zuvor nur mithilfe von Plugins realisierbar waren.<\/p>\n<h4>Relationale Datenbanken<\/h4>\n<p><img loading=\"lazy\" decoding=\"async\" data-attachment-id=\"2596\" data-permalink=\"https:\/\/gs-cms.com\/?attachment_id=2596\" data-orig-file=\"https:\/\/gs-cms.com\/wp-content\/uploads\/MySQL.png\" data-orig-size=\"153,80\" data-comments-opened=\"1\" data-image-meta=\"{&quot;aperture&quot;:&quot;0&quot;,&quot;credit&quot;:&quot;&quot;,&quot;camera&quot;:&quot;&quot;,&quot;caption&quot;:&quot;&quot;,&quot;created_timestamp&quot;:&quot;0&quot;,&quot;copyright&quot;:&quot;&quot;,&quot;focal_length&quot;:&quot;0&quot;,&quot;iso&quot;:&quot;0&quot;,&quot;shutter_speed&quot;:&quot;0&quot;,&quot;title&quot;:&quot;&quot;,&quot;orientation&quot;:&quot;0&quot;}\" data-image-title=\"MySQL\" data-image-description=\"\" data-image-caption=\"\" data-large-file=\"https:\/\/gs-cms.com\/wp-content\/uploads\/MySQL.png\" class=\" size-medium wp-image-2596 alignright\" src=\"https:\/\/gs-cms.com\/wp-content\/uploads\/MySQL.png\" alt=\"MySQL\" width=\"153\" height=\"80\" \/>Eine relationale Datenbank dient zur elektronischen Datenablage und beruht auf einem tabellenbasierten relationalen Datenbankmodell. Dieses wurde existiert bereits seit 1970 und ist\u00a0ein etablierter Standard f\u00fcr Datenbanken. In relationalen Datenbanken werden die Daten und Verbindungen der Daten strukturiert gespeichert.<\/p>\n<p><a href=\"https:\/\/gs-cms.com\/wp-content\/uploads\/sqlserver.png\" data-rel=\"lightbox-gallery-On3B5TJl\" data-rl_title=\"\" data-rl_caption=\"\" title=\"\"><img loading=\"lazy\" decoding=\"async\" data-attachment-id=\"2600\" data-permalink=\"https:\/\/gs-cms.com\/?attachment_id=2600\" data-orig-file=\"https:\/\/gs-cms.com\/wp-content\/uploads\/sqlserver.png\" data-orig-size=\"107,80\" data-comments-opened=\"1\" data-image-meta=\"{&quot;aperture&quot;:&quot;0&quot;,&quot;credit&quot;:&quot;&quot;,&quot;camera&quot;:&quot;&quot;,&quot;caption&quot;:&quot;&quot;,&quot;created_timestamp&quot;:&quot;0&quot;,&quot;copyright&quot;:&quot;&quot;,&quot;focal_length&quot;:&quot;0&quot;,&quot;iso&quot;:&quot;0&quot;,&quot;shutter_speed&quot;:&quot;0&quot;,&quot;title&quot;:&quot;&quot;,&quot;orientation&quot;:&quot;0&quot;}\" data-image-title=\"sqlserver\" data-image-description=\"\" data-image-caption=\"\" data-large-file=\"https:\/\/gs-cms.com\/wp-content\/uploads\/sqlserver.png\" class=\" size-full wp-image-2600 alignright\" src=\"https:\/\/gs-cms.com\/wp-content\/uploads\/sqlserver.png\" alt=\"sqlserver\" width=\"107\" height=\"80\" \/><\/a>Das zugeh\u00f6rige Datenbankmanagementsystem wird als relationales Datenbankmanagementsystem oder RDBMS (Relational Database Management System) bezeichnet. Zum Abfragen und Manipulieren der Daten wird die Datenbanksprache SQL (Structured Query Language) eingesetzt.<\/p>\n","protected":false},"excerpt":{"rendered":"<p>Wir nutzen moderne Methoden und Ans\u00e4tze (z.B. agile Softwareentwicklung), sowie aktuelle Tools der Softwareentwicklung, um die entwickelte Software schnell und kontinuierlich an Markterfordernisse anzupassen. Wir sehen unsere\u00a0Software nicht als einmalig verkauftes Produkt an, sondern als Dienstleistung am Kunden. Neben der Behebung von Fehlern wird unsere\u00a0Software st\u00e4ndig weiterentwickelt und angepasst. Sei es durch die Erweiterung von&hellip;<\/p>\n","protected":false},"author":11,"featured_media":0,"parent":0,"menu_order":4,"comment_status":"closed","ping_status":"closed","template":"","meta":{"_bbp_topic_count":0,"_bbp_reply_count":0,"_bbp_total_topic_count":0,"_bbp_total_reply_count":0,"_bbp_voice_count":0,"_bbp_anonymous_reply_count":0,"_bbp_topic_count_hidden":0,"_bbp_reply_count_hidden":0,"_bbp_forum_subforum_count":0,"jetpack_post_was_ever_published":false,"footnotes":""},"class_list":["post-2628","page","type-page","status-publish","hentry"],"aioseo_notices":[],"jetpack_sharing_enabled":true,"jetpack-related-posts":[{"id":1590,"url":"https:\/\/gs-cms.com\/?page_id=1590","url_meta":{"origin":2628,"position":0},"title":"\u00dcber uns","author":"Patrick Schimmel","date":"Mittwoch, 10. September 2014","format":false,"excerpt":"Die GS Construction Management Services UG (haftungsbeschr\u00e4nkt) bietet seit September 2014 Dienstleistungen und Consulting im Bereich des technischen Baustellenmanagements. Unter anderem\u00a0entwickeln und vertreiben\u00a0wir das Construction Management System CMS, eine Software zur einfachen Verwaltung und rechtssicheren Dokumentation von Baustellen. Die direkte N\u00e4he zur Bauwirtschaft erm\u00f6glicht es uns die erforderlichen Prozesse praxisgerecht\u2026","rel":"","context":"\u00c4hnlicher Beitrag","block_context":{"text":"\u00c4hnlicher Beitrag","link":""},"img":{"alt_text":"","src":"","width":0,"height":0},"classes":[]},{"id":3240,"url":"https:\/\/gs-cms.com\/?page_id=3240","url_meta":{"origin":2628,"position":1},"title":"AGB","author":"Patrick Schimmel","date":"Freitag, 16. November 2018","format":false,"excerpt":"Softwarelizenzvertrag Bitte lesen Sie diesen Softwarelizenzvertrag (\"Vertrag\") sorgf\u00e4ltig durch, bevor Sie die Software erwerben und auf Ihrem Computer installieren und einsetzen. Durch Verwendung der Software erkl\u00e4ren Sie Ihr ausdr\u00fcckliches Einverst\u00e4ndnis mit den nachstehenden Lizenzbestimmungen. 1 Vertragsgegenstand Die GS CONSTRUCTION MANAGEMENT SERVICES UG (haftungsbeschr\u00e4nkt)\u00a0 (\"Lizenzgeber\") wird dem Kunden (\"Lizenznehmer\") nach Ma\u00dfgabe\u2026","rel":"","context":"\u00c4hnlicher Beitrag","block_context":{"text":"\u00c4hnlicher Beitrag","link":""},"img":{"alt_text":"","src":"","width":0,"height":0},"classes":[]},{"id":2629,"url":"https:\/\/gs-cms.com\/?page_id=2629","url_meta":{"origin":2628,"position":2},"title":"Terminplanung","author":"Patrick Schimmel","date":"Freitag, 9. Oktober 2015","format":false,"excerpt":"Eines unserer T\u00e4tigkeitsfelder umfasst den Bereich Services und Consulting im Bereich des Projektmanagements von Bauprojekten (z.B. Terminplanung, technisches Controlling). Wir erstellen Terminpl\u00e4ne als Balkenplan oder mit Netzplantechnik mit MS Project oder Oracle Primavera und unterst\u00fctzen Sie bei der \u00dcberwachung von Terminen und Kosten und dem Fortschreiben der Pl\u00e4ne. Hierf\u00fcr verwenden\u2026","rel":"","context":"\u00c4hnlicher Beitrag","block_context":{"text":"\u00c4hnlicher Beitrag","link":""},"img":{"alt_text":"","src":"https:\/\/i0.wp.com\/gs-cms.com\/wp-content\/uploads\/MS-Project-300x153.jpg?resize=350%2C200&ssl=1","width":350,"height":200},"classes":[]},{"id":1406,"url":"https:\/\/gs-cms.com\/?page_id=1406","url_meta":{"origin":2628,"position":3},"title":"Haftungsausschluss","author":"Patrick Schimmel","date":"Samstag, 14. Juni 2014","format":false,"excerpt":"Inhalt des Onlineangebots Der Autor dieser Webseite \u00fcbernimmt keinerlei Gew\u00e4hr f\u00fcr die Aktualit\u00e4t, Richtigkeit und Vollst\u00e4ndigkeit der bereitgestellten Informationen auf unserer Website. Als Diensteanbieter sind wir f\u00fcr eigene Inhalte auf diesen Seiten nach den allgemeinen Gesetzen verantwortlich. Wir als Diensteanbieter sind jedoch nicht verpflichtet, \u00fcbermittelte oder gespeicherte fremde Informationen zu\u2026","rel":"","context":"\u00c4hnlicher Beitrag","block_context":{"text":"\u00c4hnlicher Beitrag","link":""},"img":{"alt_text":"","src":"","width":0,"height":0},"classes":[]},{"id":25,"url":"https:\/\/gs-cms.com\/?page_id=25","url_meta":{"origin":2628,"position":4},"title":"Bautagebuch","author":"Patrick Schimmel","date":"Dienstag, 19. November 2013","format":false,"excerpt":"W\u00fcrden Sie gerne Ihre Projekte einfach und vertragssicher dokumentieren und dabei die eingegebenen Daten nach verschiedenen Gesichtspunkten auswerten k\u00f6nnen? \u00dcbersicht Kooperation Sie k\u00f6nnen Ihren Auftraggebern direkten, beschr\u00e4nkten Zugriff auf die Berichte erlauben und so Kommentare direkt erhalten. Ressourcen Erfassen von Arbeitskr\u00e4ften, verbauten Materialien und Materiallieferungen. Bilder Bilder k\u00f6nnen mit Ihrem\u2026","rel":"","context":"In \"Bautagebuch\"","block_context":{"text":"Bautagebuch","link":"https:\/\/gs-cms.com\/?tag=bautagebuch"},"img":{"alt_text":"Meetings","src":"https:\/\/i0.wp.com\/gs-cms.com\/wp-content\/uploads\/Meetings.png?resize=350%2C200&ssl=1","width":350,"height":200},"classes":[]},{"id":3165,"url":"https:\/\/gs-cms.com\/?page_id=3165","url_meta":{"origin":2628,"position":5},"title":"Datenschutzerkl\u00e4rung","author":"Patrick Schimmel","date":"Dienstag, 22. Mai 2018","format":false,"excerpt":"Grundlegendes Diese Datenschutzerkl\u00e4rung soll die Nutzer dieser Website \u00fcber die Art, den Umfang und den Zweck der Erhebung und Verwendung personenbezogener Daten durch den Websitebetreiber GS Construction Management Services informieren. Der Websitebetreiber nimmt Ihren Datenschutz sehr ernst und behandelt Ihre personenbezogenen Daten vertraulich und entsprechend der gesetzlichen Vorschriften. Da durch\u2026","rel":"","context":"\u00c4hnlicher Beitrag","block_context":{"text":"\u00c4hnlicher Beitrag","link":""},"img":{"alt_text":"","src":"","width":0,"height":0},"classes":[]}],"_links":{"self":[{"href":"https:\/\/gs-cms.com\/index.php?rest_route=\/wp\/v2\/pages\/2628","targetHints":{"allow":["GET"]}}],"collection":[{"href":"https:\/\/gs-cms.com\/index.php?rest_route=\/wp\/v2\/pages"}],"about":[{"href":"https:\/\/gs-cms.com\/index.php?rest_route=\/wp\/v2\/types\/page"}],"author":[{"embeddable":true,"href":"https:\/\/gs-cms.com\/index.php?rest_route=\/wp\/v2\/users\/11"}],"replies":[{"embeddable":true,"href":"https:\/\/gs-cms.com\/index.php?rest_route=%2Fwp%2Fv2%2Fcomments&post=2628"}],"version-history":[{"count":0,"href":"https:\/\/gs-cms.com\/index.php?rest_route=\/wp\/v2\/pages\/2628\/revisions"}],"wp:attachment":[{"href":"https:\/\/gs-cms.com\/index.php?rest_route=%2Fwp%2Fv2%2Fmedia&parent=2628"}],"curies":[{"name":"wp","href":"https:\/\/api.w.org\/{rel}","templated":true}]}}