
{"id":251,"date":"2013-12-10T12:06:11","date_gmt":"2013-12-10T11:06:11","guid":{"rendered":"http:\/\/gs-cms.com\/?page_id=251"},"modified":"2016-01-27T23:26:39","modified_gmt":"2016-01-27T22:26:39","slug":"allgemeine-bedienung","status":"publish","type":"page","link":"https:\/\/gs-cms.com\/?page_id=251","title":{"rendered":"Allgemeine Bedienelemente"},"content":{"rendered":"<p>Auf der folgenden Grafik werden beispielhaft die Bedienelemente der Projektakquisition dargestellt.<\/p>\n<p><a href=\"https:\/\/gs-cms.com\/wp-content\/uploads\/Bedienelemente.png\" data-rel=\"lightbox-gallery-kuvAtPyf\" data-rl_title=\"\" data-rl_caption=\"\" title=\"\"><img loading=\"lazy\" decoding=\"async\" data-attachment-id=\"654\" data-permalink=\"https:\/\/gs-cms.com\/?attachment_id=654\" data-orig-file=\"https:\/\/gs-cms.com\/wp-content\/uploads\/Bedienelemente.png\" data-orig-size=\"1241,810\" data-comments-opened=\"1\" data-image-meta=\"{&quot;aperture&quot;:&quot;0&quot;,&quot;credit&quot;:&quot;&quot;,&quot;camera&quot;:&quot;&quot;,&quot;caption&quot;:&quot;&quot;,&quot;created_timestamp&quot;:&quot;0&quot;,&quot;copyright&quot;:&quot;&quot;,&quot;focal_length&quot;:&quot;0&quot;,&quot;iso&quot;:&quot;0&quot;,&quot;shutter_speed&quot;:&quot;0&quot;,&quot;title&quot;:&quot;&quot;,&quot;orientation&quot;:&quot;0&quot;}\" data-image-title=\"Bedienelemente\" data-image-description=\"\" data-image-caption=\"\" data-large-file=\"https:\/\/gs-cms.com\/wp-content\/uploads\/Bedienelemente-1024x668.png\" class=\"alignnone size-large wp-image-654\" src=\"https:\/\/gs-cms.com\/wp-content\/uploads\/Bedienelemente-1024x668.png\" alt=\"Bedienelemente\" width=\"720\" height=\"469\" srcset=\"https:\/\/gs-cms.com\/wp-content\/uploads\/Bedienelemente-1024x668.png 1024w, https:\/\/gs-cms.com\/wp-content\/uploads\/Bedienelemente-300x195.png 300w, https:\/\/gs-cms.com\/wp-content\/uploads\/Bedienelemente.png 1241w\" sizes=\"auto, (max-width: 720px) 100vw, 720px\" \/><\/a><\/p>\n<p>&nbsp;<\/p>\n<h3>Hauptmen\u00fc<\/h3>\n<p>Das Hauptmen\u00fc befindet sich auf der linken Seite des Hauptfensters. Hier werden hierarchisch die Module angezeigt, zu denen der angemeldete Anwender Zugriff hat. Fall der Anwender keine Zugriffsrechte auf ein Modul besitzt, so wird der Punkt im Hauptmen\u00fc nicht angezeigt.<\/p>\n<p>Durch einen einfachen Klick mit der Maus wird ein Modul ge\u00f6ffnet und als neuer Tab angezeigt. Abh\u00e4ngig von der Datenverbindung, der Serverleistung und der Anzahl der Datens\u00e4tze kann das Laden der Daten einige Zeit dauern.<\/p>\n<p>Mit dem Stecknadelsymbol kann das Hauptmen\u00fc zugeklappt werden. Damit bleibt dem Hauptfenster mehr Platz, was insbesondere auf kleinen Bildschirmen von Vorteil ist.<\/p>\n<h3>Allgemeine Anzeigeelemente<\/h3>\n<p>In der Aktivit\u00e4tsanzeige am linken Rand der in der Statusleiste wird angezeigt, ob aktuell Daten hoch- oder heruntergeladen werden.<\/p>\n<p>Die aktuelle Programmversion wird rechts unten im Fenster des Hauptmen\u00fcs angezeigt. Die Version ist als Inormation wichtig, falls Fehler auftreten die an den Support gemeldet werden.<\/p>\n<p>In der Statusleiste wird auf der rechten Seite der angemeldete Benutzer und der Name der Datenbankverbindung angezeigt.<\/p>\n<h3>Aktuelles Projekt<\/h3>\n<p>Das aktuell ausgew\u00e4hle Projekt wird im Fenster des Hautmen\u00fcs \u00fcber dem Men\u00fcbaum angezeigt. Wird ein projektbezogenes Modul ge\u00f6ffnet, so bezieht sich das ge\u00f6ffnete Modul auf das aktuell ausgew\u00e4hlte Projekt.<\/p>\n<p>Mit dem &#8222;Helm&#8220;-Button kann die Projektauswahl ge\u00e4ndert werden.<\/p>\n<h3>Extras-Men\u00fc<\/h3>\n<p>Das Extras-Men\u00fc unterhalb des Hauptmen\u00fcs enth\u00e4lt nicht so h\u00e4ufig verwendete Programmteile. Es enth\u00e4lt folgende Buttons:<\/p>\n<ul>\n<li>Hilfe: Ruft die CMS Online-Hilfe im Browser auf.<\/li>\n<li>Auf Updates pr\u00fcfen: Pr\u00fcft online, ob eine neue Programmversion vorliegt. Die Installation einer neuen Version kann nur durch einen Administrator erfolgen.<\/li>\n<li>Programmeinstellungen: Hier werden allgemeine Einstellungen des Programms vorgenommen, die nicht mit der Datenbank zusammenh\u00e4ngen.<\/li>\n<li>BugTracker: Ruft den BugTracker im Browser auf. Der BugTracker ist ein Tool, mit welchem Programmfehler oder Verbesserungsvorschl\u00e4ge direkt an die Entwickler gemeldet werden k\u00f6nnen. F\u00fcr den Zugang zum BugTracker sind Zugangsdaten erforderlich.<\/li>\n<\/ul>\n<h3>Toolbar<\/h3>\n<p>Die Toolbar ist das Hauptmen\u00fc eines Moduls. Hier befinden sich die Hauptfunktionen des jeweiligen Moduls.<\/p>\n<p>Die drei letzten Buttons, die in der Tool dargenstellt sind, sind fast bei allen Modulen identisch:<\/p>\n<h4>Neu Laden<\/h4>\n<p>Die aktuell angezeigten Daten werden aus der Datenbank neu abgerufen. Dies ist insbesondere beim Multi-User-Betrieb wichtig, da Datens\u00e4tze, die ein anderer Benutzer anlegt nicht automatisch auf allen anderen Rechnern angezeigt werden. Der Vorgang entspricht dem Schlie\u00dfen und neu \u00d6ffnen des Moduls.<\/p>\n<h4>Anh\u00e4nge<\/h4>\n<p>Hier k\u00f6nnen an den aktuell ausgew\u00e4hlten Datensatz beliebige Dateien als Anhang angeh\u00e4ngt werden.<\/p>\n<h4>Berichte<\/h4>\n<p>Mit diesem Button werden die Berichte des aktuellen Moduls aufgerufen. Falls zuvor Daten in diesem Fenster gefiltert wurden, so wird die Filtereinstellung ebenfalls bei der Berichtsausgabe ber\u00fccksichtigt.<\/p>\n<h3>Filter<\/h3>\n<p>Mit den Filtereinstellungen k\u00f6nnen die Datens\u00e4tze im Hauptfenster des Moduls gefiltert werden.<\/p>\n<p>\u00dcber die Textbox &#8222;durchsuchen&#8220; erfolgt eine Freitextsuche \u00fcber die wichtigsten Attribute der Datens\u00e4tze.<\/p>\n<p>H\u00e4ufig verwendete Attribute werden als Filteroption in einer Liste angezeigt. Die Anzeige der Filteroptionen erfolgt dynamisch, d.h. die Liste der Filteroptionen enthalten nur Eintr\u00e4ge, die in der aktuell angezeigten Datensatzmenge vorhanden sind (bzw. sinnvoll sind).<\/p>\n<p>Die Filteroptionen k\u00f6nnen in beliebiger Reihenfolge ausgew\u00e4hlt werden. Eine Mehrfachauswahl ist mit den gleichen Tastenkombinationen wie im Windows-Explorer m\u00f6glich:<\/p>\n<ul>\n<li>Mit der Steuerungstaste werden Elemente Einzeln aus- und abgew\u00e4hlt<\/li>\n<li>Mit der Alttaste k\u00f6nnen mehrere Elemente ausgew\u00e4hlt werden indem das Erste und das Letzte angeklickt werden.<\/li>\n<\/ul>\n<p>Mit dem Schalter &#8222;Filter entfernen&#8220; werden die Filtereinstellungen komplett zur\u00fcckgesetzt.<\/p>\n<p>Mit dem Schalter &#8222;Filter bearbeiten&#8220; k\u00f6nnen die Filteroptionen einzeln ein- und ausgeblendet werden. Diese Einstellung wird benutzerbezogen gespeichert.<\/p>\n<p>Hinweis: Durch die Filteraktionen werden keine neuen Daten von der Datenbank abgerufen. Dies erfolgt mit dem Button &#8222;Neu Laden&#8220;. Dies betrifft insbesondere Daten, die andere Benutzer eingegeben haben.<\/p>\n<h3>Ergebnisliste<\/h3>\n<p>In der Ergebnisliste werden die gefilterten Datens\u00e4tze tabellarisch dargestellt.<\/p>\n<p>Die Spalten der Tabelle passen sich standardm\u00e4\u00dfig automatisch an die aktuell angezeigte Breite der Inhalte an. Die Breite kann aber auch mit der Maus durch Verschieben des Rands der Spalten\u00fcberschrift gesetzt werden. Durch einen Doppelklick auf die \u00dcberschrift wird die Breite wieder zur\u00fcckgesetzt.<\/p>\n<p>Durch einen einfachen Klick auf eine Tabellen\u00fcberschrift k\u00f6nnen die Eintr\u00e4ge sortiert werden. Durch einen weiteren einfachen Mausklick wird zwischen absteigender und aufsteigender Sortierreihenfolge umgeschaltet.<\/p>\n<p>Mit einem Rechtsklick auf die Tabelle wird ein Kontextmen\u00fc aufgerufen.<\/p>\n<p><img loading=\"lazy\" decoding=\"async\" data-attachment-id=\"1325\" data-permalink=\"https:\/\/gs-cms.com\/?attachment_id=1325\" data-orig-file=\"https:\/\/gs-cms.com\/wp-content\/uploads\/Kontextmenu.png\" data-orig-size=\"256,96\" data-comments-opened=\"1\" data-image-meta=\"{&quot;aperture&quot;:&quot;0&quot;,&quot;credit&quot;:&quot;&quot;,&quot;camera&quot;:&quot;&quot;,&quot;caption&quot;:&quot;&quot;,&quot;created_timestamp&quot;:&quot;0&quot;,&quot;copyright&quot;:&quot;&quot;,&quot;focal_length&quot;:&quot;0&quot;,&quot;iso&quot;:&quot;0&quot;,&quot;shutter_speed&quot;:&quot;0&quot;,&quot;title&quot;:&quot;&quot;,&quot;orientation&quot;:&quot;0&quot;}\" data-image-title=\"Kontextmenu\" data-image-description=\"\" data-image-caption=\"\" data-large-file=\"https:\/\/gs-cms.com\/wp-content\/uploads\/Kontextmenu.png\" class=\"alignnone size-full wp-image-1325\" src=\"https:\/\/gs-cms.com\/wp-content\/uploads\/Kontextmenu.png\" alt=\"Kontextmenu\" width=\"256\" height=\"96\" \/><\/p>\n<p>Hiermit k\u00f6nnen die sichtbaren Spalten in der Tabelle ausgew\u00e4hlt werden und die Spaltenbreite zur\u00fcckgesetzt werden.<\/p>\n<p>Mit der Export-Funktion kann die aktuelle Ergebnismenge in verschiedene Dateiformate exportiert werden. Der Export ber\u00fccksichtigt dabei gesetzte Filter und die sichtbaren Spalten.<\/p>\n<p>Durch einen Doppelklick auf einen Eintrag der Tabelle wird das Detailfenster des Datensatzes aufgerufen.<\/p>\n","protected":false},"excerpt":{"rendered":"<p>Auf der folgenden Grafik werden beispielhaft die Bedienelemente der Projektakquisition dargestellt. &nbsp; Hauptmen\u00fc Das Hauptmen\u00fc befindet sich auf der linken Seite des Hauptfensters. Hier werden hierarchisch die Module angezeigt, zu denen der angemeldete Anwender Zugriff hat. Fall der Anwender keine Zugriffsrechte auf ein Modul besitzt, so wird der Punkt im Hauptmen\u00fc nicht angezeigt. Durch einen&hellip;<\/p>\n","protected":false},"author":11,"featured_media":0,"parent":448,"menu_order":0,"comment_status":"closed","ping_status":"closed","template":"helppage.php","meta":{"_bbp_topic_count":0,"_bbp_reply_count":0,"_bbp_total_topic_count":0,"_bbp_total_reply_count":0,"_bbp_voice_count":0,"_bbp_anonymous_reply_count":0,"_bbp_topic_count_hidden":0,"_bbp_reply_count_hidden":0,"_bbp_forum_subforum_count":0,"jetpack_post_was_ever_published":false,"footnotes":""},"class_list":["post-251","page","type-page","status-publish","hentry"],"aioseo_notices":[],"jetpack_sharing_enabled":true,"jetpack-related-posts":[{"id":224,"url":"https:\/\/gs-cms.com\/?page_id=224","url_meta":{"origin":251,"position":0},"title":"Erster Start","author":"Patrick Schimmel","date":"Freitag, 6. Dezember 2013","format":false,"excerpt":"Starten von CMS Nachdem die Software installiert wurde und die Servereinstellungen get\u00e4tigt und die Datenbank erstellt wurde, kann CMS zum ersten Mal gestartet werden. Je nach Auswahl in der Installationsroutine wurde eine Verkn\u00fcpfung im Startmen\u00fc und\/oder auf dem Desktop erstellt, mit welcher die Software gestartet werden kann. Beim Erstellen der\u2026","rel":"","context":"In \"Programmstart\"","block_context":{"text":"Programmstart","link":"https:\/\/gs-cms.com\/?tag=programmstart"},"img":{"alt_text":"Login","src":"https:\/\/i0.wp.com\/gs-cms.com\/wp-content\/uploads\/Login-300x192.jpg?resize=350%2C200&ssl=1","width":350,"height":200},"classes":[]},{"id":278,"url":"https:\/\/gs-cms.com\/?page_id=278","url_meta":{"origin":251,"position":1},"title":"Benutzer","author":"Patrick Schimmel","date":"Dienstag, 10. Dezember 2013","format":false,"excerpt":"Benutzer hinzuf\u00fcgen Ein Benutzer wird mit einem Mausklick auf den Plus-Button in der Toolbar neu angelegt. Daraufhin erscheint das Detail-Fenster des Benutzers. Hier m\u00fcssen alle Daten ausgef\u00fcllt und der Benutzer muss einem Kontakt aus der Adressverwaltung zugeordnet werden. Diese Zuordnung wird programmintern in einigen Modulen verwendet. Ist der Kontakt in\u2026","rel":"","context":"In \"Admin\"","block_context":{"text":"Admin","link":"https:\/\/gs-cms.com\/?tag=admin"},"img":{"alt_text":"Add","src":"https:\/\/i0.wp.com\/gs-cms.com\/wp-content\/uploads\/Add.png?resize=350%2C200&ssl=1","width":350,"height":200},"classes":[]},{"id":2059,"url":"https:\/\/gs-cms.com\/?page_id=2059","url_meta":{"origin":251,"position":2},"title":"CMSMobile (Android)","author":"Patrick Schimmel","date":"Dienstag, 30. Dezember 2014","format":false,"excerpt":"CMSMobile ist die mobile Datenerfassung f\u00fcr das Construction Management System CMS. Systemvoraussetzungen Um CMSMobile\u00a0zu verwenden ben\u00f6tigen\u00a0Sie ein Ger\u00e4t mit Android Betriebssystem. Die erforderliche Mindestversion von Android ist 4.4.2. Des weiteren m\u00fcssen Sie den\u00a0CMS Web Service (CMS WebAPI) installieren und so konfigurieren, dass der Web\u00a0Service\u00a0Zugriff auf Ihre Datenbank erh\u00e4lt. Details zur\u2026","rel":"","context":"\u00c4hnlicher Beitrag","block_context":{"text":"\u00c4hnlicher Beitrag","link":""},"img":{"alt_text":"CMSMobile Main","src":"https:\/\/i0.wp.com\/gs-cms.com\/wp-content\/uploads\/CMSMobile-Main-182x300.png?resize=350%2C200&ssl=1","width":350,"height":200},"classes":[]},{"id":1143,"url":"https:\/\/gs-cms.com\/?page_id=1143","url_meta":{"origin":251,"position":3},"title":"Todo-Liste","author":"Patrick Schimmel","date":"Donnerstag, 30. Januar 2014","format":false,"excerpt":"Mit der Todo-Liste k\u00f6nnen pers\u00f6nliche Aufgaben \u00fcberwacht werden und Aufgaben delegiert werden. Durch die Verbindung mit anderen Modulen k\u00f6nnen Todo-Punke direkt aus Besprechungsprotokollen, M\u00e4ngeln, usw. erzeugt werden. Neue Eintr\u00e4ge werden in der Liste in Rot dargestellt. Todo-Eintrag hinzuf\u00fcgen Hiermit wird ein neuer Todo-Eintrag ohne Verbindung zu einem anderen Modul erzeugt.\u2026","rel":"","context":"In \"Todo\"","block_context":{"text":"Todo","link":"https:\/\/gs-cms.com\/?tag=todo"},"img":{"alt_text":"","src":"https:\/\/i0.wp.com\/gs-cms.com\/wp-content\/uploads\/Todo-Eintrag-Grunddaten.jpg?resize=350%2C200&ssl=1","width":350,"height":200,"srcset":"https:\/\/i0.wp.com\/gs-cms.com\/wp-content\/uploads\/Todo-Eintrag-Grunddaten.jpg?resize=350%2C200&ssl=1 1x, https:\/\/i0.wp.com\/gs-cms.com\/wp-content\/uploads\/Todo-Eintrag-Grunddaten.jpg?resize=525%2C300&ssl=1 1.5x"},"classes":[]},{"id":332,"url":"https:\/\/gs-cms.com\/?page_id=332","url_meta":{"origin":251,"position":4},"title":"Optionen","author":"Patrick Schimmel","date":"Samstag, 14. Dezember 2013","format":false,"excerpt":"Im Modul Optionen werden die Programmoptionen festgelegt. Auf der linkten Seite sind die verschiedenen Module dargestellt und darunter die Optionen dieses Moduls aufgelistet. Durch Auswahl eines Punktes werden auf der rechten Seite des Fensters die Daten zu der Option angezeigt. Die eingegebenen Daten werden im jeweiligen Modul als Auswahlfeld angezeigt.\u2026","rel":"","context":"In \"Optionen\"","block_context":{"text":"Optionen","link":"https:\/\/gs-cms.com\/?tag=optionen"},"img":{"alt_text":"","src":"https:\/\/i0.wp.com\/gs-cms.com\/wp-content\/uploads\/Optionen-Grunddaten.jpg?resize=350%2C200&ssl=1","width":350,"height":200,"srcset":"https:\/\/i0.wp.com\/gs-cms.com\/wp-content\/uploads\/Optionen-Grunddaten.jpg?resize=350%2C200&ssl=1 1x, https:\/\/i0.wp.com\/gs-cms.com\/wp-content\/uploads\/Optionen-Grunddaten.jpg?resize=525%2C300&ssl=1 1.5x, https:\/\/i0.wp.com\/gs-cms.com\/wp-content\/uploads\/Optionen-Grunddaten.jpg?resize=700%2C400&ssl=1 2x"},"classes":[]},{"id":227,"url":"https:\/\/gs-cms.com\/?page_id=227","url_meta":{"origin":251,"position":5},"title":"Updates","author":"Patrick Schimmel","date":"Freitag, 6. Dezember 2013","format":false,"excerpt":"Programm-Updates Das Programm pr\u00fcft beim Start automatisch, ob eine neue Programmversion verf\u00fcgbar ist. Diese kann automatisiert heruntergeladen und installiert werden. Folgen Sie hierzu einfach den Anweisungen auf dem Bildschirm. Die Funktion der automatischen Suche nach Updates kann bei den Anwendungseinstellungen (unten im Hauptmen\u00fc) deaktiviert werden. Die Installation kann nur erfolgen,\u2026","rel":"","context":"In \"Updates\"","block_context":{"text":"Updates","link":"https:\/\/gs-cms.com\/?tag=updates"},"img":{"alt_text":"","src":"","width":0,"height":0},"classes":[]}],"_links":{"self":[{"href":"https:\/\/gs-cms.com\/index.php?rest_route=\/wp\/v2\/pages\/251","targetHints":{"allow":["GET"]}}],"collection":[{"href":"https:\/\/gs-cms.com\/index.php?rest_route=\/wp\/v2\/pages"}],"about":[{"href":"https:\/\/gs-cms.com\/index.php?rest_route=\/wp\/v2\/types\/page"}],"author":[{"embeddable":true,"href":"https:\/\/gs-cms.com\/index.php?rest_route=\/wp\/v2\/users\/11"}],"replies":[{"embeddable":true,"href":"https:\/\/gs-cms.com\/index.php?rest_route=%2Fwp%2Fv2%2Fcomments&post=251"}],"version-history":[{"count":0,"href":"https:\/\/gs-cms.com\/index.php?rest_route=\/wp\/v2\/pages\/251\/revisions"}],"up":[{"embeddable":true,"href":"https:\/\/gs-cms.com\/index.php?rest_route=\/wp\/v2\/pages\/448"}],"wp:attachment":[{"href":"https:\/\/gs-cms.com\/index.php?rest_route=%2Fwp%2Fv2%2Fmedia&parent=251"}],"curies":[{"name":"wp","href":"https:\/\/api.w.org\/{rel}","templated":true}]}}