
{"id":25,"date":"2013-11-19T22:00:32","date_gmt":"2013-11-19T21:00:32","guid":{"rendered":"http:\/\/gs-cms.com\/?page_id=25"},"modified":"2019-04-21T12:57:31","modified_gmt":"2019-04-21T10:57:31","slug":"bautagebuch","status":"publish","type":"page","link":"https:\/\/gs-cms.com\/?page_id=25","title":{"rendered":"Bautagebuch"},"content":{"rendered":"<blockquote><p>W\u00fcrden Sie gerne Ihre Projekte einfach und vertragssicher dokumentieren und dabei die eingegebenen Daten nach verschiedenen Gesichtspunkten auswerten k\u00f6nnen?<\/p><\/blockquote>\n<h2>\u00dcbersicht<\/h2>\n<table style=\"width: 100%;\">\n<tbody>\n<tr>\n<td style=\"vertical-align: top;\"><img loading=\"lazy\" decoding=\"async\" data-attachment-id=\"865\" data-permalink=\"https:\/\/gs-cms.com\/?attachment_id=865\" data-orig-file=\"https:\/\/gs-cms.com\/wp-content\/uploads\/Meetings.png\" data-orig-size=\"32,32\" data-comments-opened=\"1\" data-image-meta=\"{&quot;aperture&quot;:&quot;0&quot;,&quot;credit&quot;:&quot;&quot;,&quot;camera&quot;:&quot;&quot;,&quot;caption&quot;:&quot;&quot;,&quot;created_timestamp&quot;:&quot;0&quot;,&quot;copyright&quot;:&quot;&quot;,&quot;focal_length&quot;:&quot;0&quot;,&quot;iso&quot;:&quot;0&quot;,&quot;shutter_speed&quot;:&quot;0&quot;,&quot;title&quot;:&quot;&quot;,&quot;orientation&quot;:&quot;0&quot;}\" data-image-title=\"Meetings\" data-image-description=\"\" data-image-caption=\"\" data-large-file=\"https:\/\/gs-cms.com\/wp-content\/uploads\/Meetings.png\" class=\"size-full wp-image-865 alignleft\" src=\"https:\/\/gs-cms.com\/wp-content\/uploads\/Meetings.png\" alt=\"Meetings\" width=\"32\" height=\"32\" srcset=\"https:\/\/gs-cms.com\/wp-content\/uploads\/Meetings.png 32w, https:\/\/gs-cms.com\/wp-content\/uploads\/Meetings-150x150.png 150w, https:\/\/gs-cms.com\/wp-content\/uploads\/Meetings-160x160.png 160w\" sizes=\"auto, (max-width: 32px) 100vw, 32px\" \/><\/td>\n<td style=\"width: 46%; vertical-align: top;\"><strong>Kooperation<\/strong><br \/>\nSie k\u00f6nnen Ihren Auftraggebern direkten, beschr\u00e4nkten Zugriff auf die Berichte erlauben und so Kommentare direkt erhalten.<\/td>\n<td style=\"vertical-align: top;\"><img loading=\"lazy\" decoding=\"async\" data-attachment-id=\"2220\" data-permalink=\"https:\/\/gs-cms.com\/?attachment_id=2220\" data-orig-file=\"https:\/\/gs-cms.com\/wp-content\/uploads\/MaterialResource.png\" data-orig-size=\"32,32\" data-comments-opened=\"1\" data-image-meta=\"{&quot;aperture&quot;:&quot;0&quot;,&quot;credit&quot;:&quot;&quot;,&quot;camera&quot;:&quot;&quot;,&quot;caption&quot;:&quot;&quot;,&quot;created_timestamp&quot;:&quot;0&quot;,&quot;copyright&quot;:&quot;&quot;,&quot;focal_length&quot;:&quot;0&quot;,&quot;iso&quot;:&quot;0&quot;,&quot;shutter_speed&quot;:&quot;0&quot;,&quot;title&quot;:&quot;&quot;,&quot;orientation&quot;:&quot;0&quot;}\" data-image-title=\"MaterialResource\" data-image-description=\"\" data-image-caption=\"\" data-large-file=\"https:\/\/gs-cms.com\/wp-content\/uploads\/MaterialResource.png\" class=\"size-full wp-image-2220 alignleft\" src=\"https:\/\/gs-cms.com\/wp-content\/uploads\/MaterialResource.png\" alt=\"MaterialResource\" width=\"32\" height=\"32\" srcset=\"https:\/\/gs-cms.com\/wp-content\/uploads\/MaterialResource.png 32w, https:\/\/gs-cms.com\/wp-content\/uploads\/MaterialResource-150x150.png 150w, https:\/\/gs-cms.com\/wp-content\/uploads\/MaterialResource-160x160.png 160w, https:\/\/gs-cms.com\/wp-content\/uploads\/MaterialResource-320x320.png 320w\" sizes=\"auto, (max-width: 32px) 100vw, 32px\" \/><\/td>\n<td style=\"width: 46%; vertical-align: top;\"><strong>Ressourcen<\/strong><br \/>\nErfassen von Arbeitskr\u00e4ften, verbauten Materialien und Materiallieferungen.<\/td>\n<\/tr>\n<tr>\n<td style=\"vertical-align: top;\"><img loading=\"lazy\" decoding=\"async\" data-attachment-id=\"2218\" data-permalink=\"https:\/\/gs-cms.com\/?attachment_id=2218\" data-orig-file=\"https:\/\/gs-cms.com\/wp-content\/uploads\/Photos.png\" data-orig-size=\"32,32\" data-comments-opened=\"1\" data-image-meta=\"{&quot;aperture&quot;:&quot;0&quot;,&quot;credit&quot;:&quot;&quot;,&quot;camera&quot;:&quot;&quot;,&quot;caption&quot;:&quot;&quot;,&quot;created_timestamp&quot;:&quot;0&quot;,&quot;copyright&quot;:&quot;&quot;,&quot;focal_length&quot;:&quot;0&quot;,&quot;iso&quot;:&quot;0&quot;,&quot;shutter_speed&quot;:&quot;0&quot;,&quot;title&quot;:&quot;&quot;,&quot;orientation&quot;:&quot;0&quot;}\" data-image-title=\"Photos\" data-image-description=\"\" data-image-caption=\"\" data-large-file=\"https:\/\/gs-cms.com\/wp-content\/uploads\/Photos.png\" class=\"size-full wp-image-2218 alignleft\" src=\"https:\/\/gs-cms.com\/wp-content\/uploads\/Photos.png\" alt=\"Photos\" width=\"32\" height=\"32\" srcset=\"https:\/\/gs-cms.com\/wp-content\/uploads\/Photos.png 32w, https:\/\/gs-cms.com\/wp-content\/uploads\/Photos-150x150.png 150w, https:\/\/gs-cms.com\/wp-content\/uploads\/Photos-160x160.png 160w, https:\/\/gs-cms.com\/wp-content\/uploads\/Photos-320x320.png 320w\" sizes=\"auto, (max-width: 32px) 100vw, 32px\" \/><\/td>\n<td style=\"vertical-align: top;\"><strong>Bilder<\/strong><br \/>\nBilder k\u00f6nnen mit Ihrem Bericht verkn\u00fcpft werden und erscheinen automatisch im Ausdruck.<\/td>\n<td style=\"vertical-align: top;\"><img loading=\"lazy\" decoding=\"async\" data-attachment-id=\"2238\" data-permalink=\"https:\/\/gs-cms.com\/?attachment_id=2238\" data-orig-file=\"https:\/\/gs-cms.com\/wp-content\/uploads\/Levels.png\" data-orig-size=\"32,32\" data-comments-opened=\"1\" data-image-meta=\"{&quot;aperture&quot;:&quot;0&quot;,&quot;credit&quot;:&quot;&quot;,&quot;camera&quot;:&quot;&quot;,&quot;caption&quot;:&quot;&quot;,&quot;created_timestamp&quot;:&quot;0&quot;,&quot;copyright&quot;:&quot;&quot;,&quot;focal_length&quot;:&quot;0&quot;,&quot;iso&quot;:&quot;0&quot;,&quot;shutter_speed&quot;:&quot;0&quot;,&quot;title&quot;:&quot;&quot;,&quot;orientation&quot;:&quot;0&quot;}\" data-image-title=\"Levels\" data-image-description=\"\" data-image-caption=\"\" data-large-file=\"https:\/\/gs-cms.com\/wp-content\/uploads\/Levels.png\" class=\"size-full wp-image-2238 alignleft\" src=\"https:\/\/gs-cms.com\/wp-content\/uploads\/Levels.png\" alt=\"Levels\" width=\"32\" height=\"32\" srcset=\"https:\/\/gs-cms.com\/wp-content\/uploads\/Levels.png 32w, https:\/\/gs-cms.com\/wp-content\/uploads\/Levels-150x150.png 150w, https:\/\/gs-cms.com\/wp-content\/uploads\/Levels-160x160.png 160w, https:\/\/gs-cms.com\/wp-content\/uploads\/Levels-320x320.png 320w\" sizes=\"auto, (max-width: 32px) 100vw, 32px\" \/><\/td>\n<td style=\"vertical-align: top;\"><strong>Strukturierung<\/strong><br \/>\nEinheitliche, modul\u00fcbergreifende Strukturierung der Daten in die Projektebenen.<\/td>\n<\/tr>\n<tr>\n<td style=\"vertical-align: top;\"><img loading=\"lazy\" decoding=\"async\" data-attachment-id=\"1964\" data-permalink=\"https:\/\/gs-cms.com\/?attachment_id=1964\" data-orig-file=\"https:\/\/gs-cms.com\/wp-content\/uploads\/Overview.png\" data-orig-size=\"32,32\" data-comments-opened=\"0\" data-image-meta=\"{&quot;aperture&quot;:&quot;0&quot;,&quot;credit&quot;:&quot;&quot;,&quot;camera&quot;:&quot;&quot;,&quot;caption&quot;:&quot;&quot;,&quot;created_timestamp&quot;:&quot;0&quot;,&quot;copyright&quot;:&quot;&quot;,&quot;focal_length&quot;:&quot;0&quot;,&quot;iso&quot;:&quot;0&quot;,&quot;shutter_speed&quot;:&quot;0&quot;,&quot;title&quot;:&quot;&quot;,&quot;orientation&quot;:&quot;0&quot;}\" data-image-title=\"Overview\" data-image-description=\"\" data-image-caption=\"\" data-large-file=\"https:\/\/gs-cms.com\/wp-content\/uploads\/Overview.png\" class=\"size-full wp-image-1964 alignleft\" src=\"https:\/\/gs-cms.com\/wp-content\/uploads\/Overview.png\" alt=\"Overview\" width=\"32\" height=\"32\" srcset=\"https:\/\/gs-cms.com\/wp-content\/uploads\/Overview.png 32w, https:\/\/gs-cms.com\/wp-content\/uploads\/Overview-150x150.png 150w, https:\/\/gs-cms.com\/wp-content\/uploads\/Overview-160x160.png 160w\" sizes=\"auto, (max-width: 32px) 100vw, 32px\" \/><\/td>\n<td style=\"vertical-align: top;\"><strong>\u00dcberblick<\/strong><br \/>\nZusammenfassung der wichtigsten Daten aller Bautagesberichte.<\/td>\n<td style=\"vertical-align: top;\"><\/td>\n<td style=\"vertical-align: top;\"><\/td>\n<\/tr>\n<\/tbody>\n<\/table>\n<h2>Beschreibung<\/h2>\n<p>Im\u00a0Bautagebuch des <strong><a title=\"Construction Management System\" href=\"https:\/\/gs-cms.com\/?page_id=11\">Construction Management System<\/a> CMS<\/strong> dokumentieren Sie vertragssicher\u00a0die t\u00e4glichen Vorkommnisse auf der Baustelle.<\/p>\n<p>Sie k\u00f6nnen allgemeine Daten, wie Wetter und Arbeitszeiten, den Personaleinsatz, die Bauleistung,\u00a0 den Ger\u00e4teeinsatz, den Baustoffeingang, und besondere Vorkommnisse schnell und unkompliziert erfassen.<\/p>\n<p>Durch die Eingabe von Wetterdaten sind sie bei Streitigkeiten und M\u00e4ngelanspr\u00fcchen, welche auf das Wetter zur\u00fcckzuf\u00fchren sind, abgesichert. Sie k\u00f6nnen die Wetterdaten r\u00fcckwirkend von einem Webservice abrufen, f\u00fcr beliebige Standorte weltweit.<\/p>\n<p>\u00dcber den Multi-Filter oder die Freitextsuche des Moduls\u00a0k\u00f6nnen Sie alle eingegebenen Informationen schnell wiederfinden und im Streitfall mit Auftraggeber oder Nachunternehmer gezielt auswerten.<\/p>\n<p>Sie k\u00f6nnen Ihrem Auftraggeber ein vollst\u00e4ndiges Bautagebuch, welches \u00fcbersichtlich ist und entsprechend dem Corporate Design Ihres Unternehmens gestaltet ist, vorlegen. Auf Wunsch kann dem Auftraggeber sogar ein direkter Zugang zum Bautagebuch gew\u00e4hrleistet werden. Dieser erh\u00e4lt dann nur Leseberechtigung, kann aber die Bautagesberichte kommentieren.<\/p>\n<p>Sie k\u00f6nnen jedem Bericht Bilder aus der Bildverwaltung zuordnen, um den Baufortschritt oder um Besonderheiten zu dokumentieren.<\/p>\n<p>Sie schaffen so\u00a0eine rechtssichere Dokumentation, die Ihre Haftungsrisiken reduziert.<\/p>\n<h2>Screenshots<\/h2>\n<div class=\"rl-gallery-container rl-loading\" id=\"rl-gallery-container-1\" data-gallery_id=\"3369\"> <div class=\"rl-gallery rl-basicmasonry-gallery rl-hover-effect-2\" id=\"rl-gallery-1\" data-gallery_no=\"1\"> <div class=\"rl-gutter-sizer\"><\/div><div class=\"rl-grid-sizer\"><\/div> <div class=\"rl-gallery-item rl-gallery-item-width-4\" > <div class=\"rl-gallery-item-content\"> <a href=\"https:\/\/gs-cms.com\/wp-content\/uploads\/Bautagebuch.jpg\" title=\"\" data-rl_title=\"\" class=\"rl-gallery-link\" data-rl_caption=\"\" data-rel=\"lightbox-gallery-1\"><img loading=\"lazy\" decoding=\"async\" src=\"https:\/\/gs-cms.com\/wp-content\/uploads\/Bautagebuch-300x175.jpg\" width=\"300\" height=\"175\" alt=\"\" \/><span class=\"rl-gallery-caption\"><span class=\"rl-gallery-item-title\">Bautagebuch<\/span><\/span><\/a> <\/div> <\/div> <div class=\"rl-gallery-item\" > <div class=\"rl-gallery-item-content\"> <a href=\"https:\/\/gs-cms.com\/wp-content\/uploads\/Bautagebuch-Ueberblick.jpg\" title=\"\" data-rl_title=\"\" class=\"rl-gallery-link\" data-rl_caption=\"\" data-rel=\"lightbox-gallery-1\"><img loading=\"lazy\" decoding=\"async\" src=\"https:\/\/gs-cms.com\/wp-content\/uploads\/Bautagebuch-Ueberblick-300x272.jpg\" width=\"300\" height=\"272\" alt=\"\" \/><span class=\"rl-gallery-caption\"><span class=\"rl-gallery-item-title\">Bautagebuch Ueberblick<\/span><\/span><\/a> <\/div> <\/div> <div class=\"rl-gallery-item\" > <div class=\"rl-gallery-item-content\"> <a href=\"https:\/\/gs-cms.com\/wp-content\/uploads\/Bautagebuch-Geraete.jpg\" title=\"\" data-rl_title=\"\" class=\"rl-gallery-link\" data-rl_caption=\"\" data-rel=\"lightbox-gallery-1\"><img loading=\"lazy\" decoding=\"async\" src=\"https:\/\/gs-cms.com\/wp-content\/uploads\/Bautagebuch-Geraete-300x214.jpg\" width=\"300\" height=\"214\" alt=\"\" \/><span class=\"rl-gallery-caption\"><span class=\"rl-gallery-item-title\">Bautagebuch Geraete<\/span><\/span><\/a> <\/div> <\/div> <div class=\"rl-gallery-item\" > <div class=\"rl-gallery-item-content\"> <a href=\"https:\/\/gs-cms.com\/wp-content\/uploads\/Bautagebuch-Bilder.jpg\" title=\"\" data-rl_title=\"\" class=\"rl-gallery-link\" data-rl_caption=\"\" data-rel=\"lightbox-gallery-1\"><img loading=\"lazy\" decoding=\"async\" src=\"https:\/\/gs-cms.com\/wp-content\/uploads\/Bautagebuch-Bilder-300x214.jpg\" width=\"300\" height=\"214\" alt=\"\" \/><span class=\"rl-gallery-caption\"><span class=\"rl-gallery-item-title\">Bautagebuch Bilder<\/span><\/span><\/a> <\/div> <\/div> <div class=\"rl-gallery-item\" > <div class=\"rl-gallery-item-content\"> <a href=\"https:\/\/gs-cms.com\/wp-content\/uploads\/Bautagebuch-Wunderground.jpg\" title=\"\" data-rl_title=\"\" class=\"rl-gallery-link\" data-rl_caption=\"\" data-rel=\"lightbox-gallery-1\"><img loading=\"lazy\" decoding=\"async\" src=\"https:\/\/gs-cms.com\/wp-content\/uploads\/Bautagebuch-Wunderground-300x262.jpg\" width=\"300\" height=\"262\" alt=\"\" \/><span class=\"rl-gallery-caption\"><span class=\"rl-gallery-item-title\">Bautagebuch Wunderground<\/span><\/span><\/a> <\/div> <\/div> <\/div> <\/div>\n<h2>Funktionen<\/h2>\n<ul>\n<li>Direkte \u00dcbersicht \u00fcber die wichtigsten Daten auf der Startseite des Moduls<\/li>\n<li>\u00dcbersichtliche Oberfl\u00e4che mit dem leistungsf\u00e4higem Multi-Filter<\/li>\n<li>Freitextsuche zum einfachen Auffinden von Informationen<\/li>\n<li>Erfassen aller erforderlicher Daten, wie Wetter, Arbeitszeiten, Arbeitsleistung, Material- und Ger\u00e4teeinsatz, St\u00f6rungen, usw.<\/li>\n<li>Einfaches Kopieren aller Daten aus einem anderen Bericht, um Mehrfacheingaben zu vermeiden<\/li>\n<li>R\u00fcckwirkender Abruf der wichtigsten Wetterdaten aus einem Datenarchiv f\u00fcr beliebige Standorte weltweit und \u00dcbernahme der Wetterdaten in den Bautagesbericht<\/li>\n<li>Eingabe von St\u00f6rungen am Bauablauf und von erhaltenen Anweisungen<\/li>\n<li>Anzeige der M\u00e4ngel und Besprechungen die an dem entsprechenden Tag aufgetreten sind<\/li>\n<li>Einf\u00fcgen von Bildern in die Bautagesberichte aus der Bildverwaltung oder direkt als Upload<\/li>\n<li>Strukturierung der Eingaben durch Zuordnung der Daten zu den drei Ebenen, die bei allen Modulen dieses Projekts Verwendung finden<\/li>\n<li>Gleichzeitiges Bearbeiten wichtiger Daten von mehreren\u00a0Datens\u00e4tzen.<\/li>\n<li>Anh\u00e4ngen beliebiger Dateien an die Bautagesberichte<\/li>\n<li>Einbindung von Auftraggeber, um Berichte unmittelbar zu erhalten, zu verifizieren und zu kommentieren<\/li>\n<li>Ausgabe der Arbeitsleistung, sowie Material- und Personaleinsatz von Nachunternehmern<\/li>\n<li>Frei konfigurierbare eigene Berichte<\/li>\n<li>Schnelldruck des Tagesberichts aus dem Detailfenster heraus<\/li>\n<li>Jeder Anwender kann\u00a0 die Filter- und Spaltenansicht frei konfigurieren<\/li>\n<li>Export der Daten\u00fcbersicht der Haupttabelle in Text, CSV oder Excel-Dateien<\/li>\n<li>Export aller Berichte in verschiedene Dateiformate<\/li>\n<li>Gesetzte Filter werden beim Export und bei der Berichtsgenerierung ber\u00fccksichtigt<\/li>\n<\/ul>\n","protected":false},"excerpt":{"rendered":"<p>W\u00fcrden Sie gerne Ihre Projekte einfach und vertragssicher dokumentieren und dabei die eingegebenen Daten nach verschiedenen Gesichtspunkten auswerten k\u00f6nnen? \u00dcbersicht Kooperation Sie k\u00f6nnen Ihren Auftraggebern direkten, beschr\u00e4nkten Zugriff auf die Berichte erlauben und so Kommentare direkt erhalten. Ressourcen Erfassen von Arbeitskr\u00e4ften, verbauten Materialien und Materiallieferungen. Bilder Bilder k\u00f6nnen mit Ihrem Bericht verkn\u00fcpft werden und erscheinen&hellip;<\/p>\n","protected":false},"author":11,"featured_media":0,"parent":11,"menu_order":4,"comment_status":"closed","ping_status":"closed","template":"","meta":{"_bbp_topic_count":0,"_bbp_reply_count":0,"_bbp_total_topic_count":0,"_bbp_total_reply_count":0,"_bbp_voice_count":0,"_bbp_anonymous_reply_count":0,"_bbp_topic_count_hidden":0,"_bbp_reply_count_hidden":0,"_bbp_forum_subforum_count":0,"jetpack_post_was_ever_published":false,"footnotes":""},"class_list":["post-25","page","type-page","status-publish","hentry"],"aioseo_notices":[],"jetpack_sharing_enabled":true,"jetpack-related-posts":[{"id":505,"url":"https:\/\/gs-cms.com\/?page_id=505","url_meta":{"origin":25,"position":0},"title":"Bautagebuch","author":"Patrick Schimmel","date":"Montag, 16. Dezember 2013","format":false,"excerpt":"Das Bautagebuch dient der t\u00e4glichen Dokumentation der Arbeiten auf der Baustelle. In diesem Modul besteht die M\u00f6glichkeit dem Bauherrn einen Zugang zu den Berichten mit eingeschr\u00e4nkten Rechten zu geben. Der Bauherr kann dann die eingegebenen Berichte einsehen und Berichte drucken, au\u00dfer dem Eingabefeld f\u00fcr AG-Kommentare kann er jedoch keine Daten\u2026","rel":"","context":"In \"Bautagebuch\"","block_context":{"text":"Bautagebuch","link":"https:\/\/gs-cms.com\/?tag=bautagebuch"},"img":{"alt_text":"","src":"https:\/\/i0.wp.com\/gs-cms.com\/wp-content\/uploads\/Bautagebuch-Geraete.jpg?resize=350%2C200&ssl=1","width":350,"height":200,"srcset":"https:\/\/i0.wp.com\/gs-cms.com\/wp-content\/uploads\/Bautagebuch-Geraete.jpg?resize=350%2C200&ssl=1 1x, https:\/\/i0.wp.com\/gs-cms.com\/wp-content\/uploads\/Bautagebuch-Geraete.jpg?resize=525%2C300&ssl=1 1.5x, https:\/\/i0.wp.com\/gs-cms.com\/wp-content\/uploads\/Bautagebuch-Geraete.jpg?resize=700%2C400&ssl=1 2x"},"classes":[]},{"id":881,"url":"https:\/\/gs-cms.com\/?page_id=881","url_meta":{"origin":25,"position":1},"title":"Bildverwaltung","author":"Patrick Schimmel","date":"Montag, 13. Januar 2014","format":false,"excerpt":"In der Bildverwaltung werden die Fotos des aktuellen Projekts gesammelt. Durch die Vergabe von Attributen k\u00f6nnen die eingelesenen Bilder sortiert oder gruppiert ausgegeben und sp\u00e4ter sehr einfach wiedergefunden werden. Angelegte Bilder k\u00f6nnen im Bautagebuch und in der M\u00e4ngelverwaltung verlinkt werden.","rel":"","context":"In \"Bilder\"","block_context":{"text":"Bilder","link":"https:\/\/gs-cms.com\/?tag=bilder"},"img":{"alt_text":"Bilder","src":"https:\/\/i0.wp.com\/gs-cms.com\/wp-content\/uploads\/Bilder-1024x544.jpg?resize=350%2C200&ssl=1","width":350,"height":200,"srcset":"https:\/\/i0.wp.com\/gs-cms.com\/wp-content\/uploads\/Bilder-1024x544.jpg?resize=350%2C200&ssl=1 1x, https:\/\/i0.wp.com\/gs-cms.com\/wp-content\/uploads\/Bilder-1024x544.jpg?resize=525%2C300&ssl=1 1.5x, https:\/\/i0.wp.com\/gs-cms.com\/wp-content\/uploads\/Bilder-1024x544.jpg?resize=700%2C400&ssl=1 2x"},"classes":[]},{"id":2444,"url":"https:\/\/gs-cms.com\/?page_id=2444","url_meta":{"origin":25,"position":2},"title":"CMSMobile","author":"Patrick Schimmel","date":"Samstag, 21. M\u00e4rz 2015","format":false,"excerpt":"CMSMobile ist die mobile Datenerfassung des Construction Management Systems. Hiermit k\u00f6nnen Sie die anfallenden Daten direkt auf der Baustelle erfassen und verwenden. Nat\u00fcrlich stehen in der mobilen Datenerfassung auch die\u00a0Projektdaten zur Verf\u00fcgung, die direkt im Programm eingegeben wurden. Die mobile Datenerfassung unterst\u00fctzt zur Zeit die Erfassung der Daten folgender Module:\u2026","rel":"","context":"\u00c4hnlicher Beitrag","block_context":{"text":"\u00c4hnlicher Beitrag","link":""},"img":{"alt_text":"Tablet","src":"https:\/\/i0.wp.com\/gs-cms.com\/wp-content\/uploads\/Tablet-227x300.png?resize=350%2C200&ssl=1","width":350,"height":200},"classes":[]},{"id":77,"url":"https:\/\/gs-cms.com\/?page_id=77","url_meta":{"origin":25,"position":3},"title":"Optionen","author":"Patrick Schimmel","date":"Dienstag, 19. November 2013","format":false,"excerpt":"","rel":"","context":"In \"Optionen\"","block_context":{"text":"Optionen","link":"https:\/\/gs-cms.com\/?tag=optionen"},"img":{"alt_text":"Optionen","src":"https:\/\/i0.wp.com\/gs-cms.com\/wp-content\/uploads\/Optionen-300x213.jpg?resize=350%2C200&ssl=1","width":350,"height":200},"classes":[]},{"id":33,"url":"https:\/\/gs-cms.com\/?page_id=33","url_meta":{"origin":25,"position":4},"title":"Bildverwaltung","author":"Patrick Schimmel","date":"Dienstag, 19. November 2013","format":false,"excerpt":"W\u00fcrden Sie gerne alle wichtigen Bilder eines Projekts strukturiert ablegen und einfach wiederfinden? \u00dcbersicht Galerie Erzeugen einer HTML-Bildergalerie zum Ver\u00f6ffentlichen der Photos auf Webseiten Zuordnung zu Bautagesberichten Alle erfassten Bilder k\u00f6nnen mit Bautagesberichten verkn\u00fcpft werden, auch automatisch nach Aufnahmedatum Zuordnung zu M\u00e4ngeln Alle erfassten Bilder k\u00f6nnen mit M\u00e4ngeln verkn\u00fcpft werden\u2026","rel":"","context":"In \"Bilder\"","block_context":{"text":"Bilder","link":"https:\/\/gs-cms.com\/?tag=bilder"},"img":{"alt_text":"PhotoGallery","src":"https:\/\/i0.wp.com\/gs-cms.com\/wp-content\/uploads\/PhotoGallery-e1390558834919.png?resize=350%2C200&ssl=1","width":350,"height":200},"classes":[]},{"id":1631,"url":"https:\/\/gs-cms.com\/?page_id=1631","url_meta":{"origin":25,"position":5},"title":"Berichte","author":"Patrick Schimmel","date":"Donnerstag, 9. Oktober 2014","format":false,"excerpt":"Berichte dienen der strukturierten Ausgabe Ihrer Daten. \u00dcber die Berichte k\u00f6nnen Sie Ihre Daten in \u00fcbersichtlicher Form in beliebigem Detaillierungsgrad darstellen und drucken oder in verschiedene Formate exportieren (z.B. PDF, Office-Formate (Excel, Word), Bildformate, usw.). Mit dem integrierten Berichtseditor k\u00f6nnen Sie einfach neue Berichte selbst erstellen, oder die vorhandenen Berichte\u2026","rel":"","context":"In \"Berichte\"","block_context":{"text":"Berichte","link":"https:\/\/gs-cms.com\/?tag=berichte"},"img":{"alt_text":"Berichtseditor","src":"https:\/\/i0.wp.com\/gs-cms.com\/wp-content\/uploads\/Bericht-300x90.jpg?resize=350%2C200&ssl=1","width":350,"height":200},"classes":[]}],"_links":{"self":[{"href":"https:\/\/gs-cms.com\/index.php?rest_route=\/wp\/v2\/pages\/25","targetHints":{"allow":["GET"]}}],"collection":[{"href":"https:\/\/gs-cms.com\/index.php?rest_route=\/wp\/v2\/pages"}],"about":[{"href":"https:\/\/gs-cms.com\/index.php?rest_route=\/wp\/v2\/types\/page"}],"author":[{"embeddable":true,"href":"https:\/\/gs-cms.com\/index.php?rest_route=\/wp\/v2\/users\/11"}],"replies":[{"embeddable":true,"href":"https:\/\/gs-cms.com\/index.php?rest_route=%2Fwp%2Fv2%2Fcomments&post=25"}],"version-history":[{"count":5,"href":"https:\/\/gs-cms.com\/index.php?rest_route=\/wp\/v2\/pages\/25\/revisions"}],"predecessor-version":[{"id":3553,"href":"https:\/\/gs-cms.com\/index.php?rest_route=\/wp\/v2\/pages\/25\/revisions\/3553"}],"up":[{"embeddable":true,"href":"https:\/\/gs-cms.com\/index.php?rest_route=\/wp\/v2\/pages\/11"}],"wp:attachment":[{"href":"https:\/\/gs-cms.com\/index.php?rest_route=%2Fwp%2Fv2%2Fmedia&parent=25"}],"curies":[{"name":"wp","href":"https:\/\/api.w.org\/{rel}","templated":true}]}}