
{"id":2444,"date":"2015-03-21T16:28:53","date_gmt":"2015-03-21T15:28:53","guid":{"rendered":"http:\/\/gs-cms.com\/?page_id=2444"},"modified":"2016-03-11T22:27:38","modified_gmt":"2016-03-11T21:27:38","slug":"cmsmobile","status":"publish","type":"page","link":"https:\/\/gs-cms.com\/?page_id=2444","title":{"rendered":"CMSMobile"},"content":{"rendered":"<p><img loading=\"lazy\" decoding=\"async\" data-attachment-id=\"2375\" data-permalink=\"https:\/\/gs-cms.com\/?attachment_id=2375\" data-orig-file=\"https:\/\/gs-cms.com\/wp-content\/uploads\/Tablet.png\" data-orig-size=\"387,511\" data-comments-opened=\"1\" data-image-meta=\"{&quot;aperture&quot;:&quot;0&quot;,&quot;credit&quot;:&quot;&quot;,&quot;camera&quot;:&quot;&quot;,&quot;caption&quot;:&quot;&quot;,&quot;created_timestamp&quot;:&quot;0&quot;,&quot;copyright&quot;:&quot;&quot;,&quot;focal_length&quot;:&quot;0&quot;,&quot;iso&quot;:&quot;0&quot;,&quot;shutter_speed&quot;:&quot;0&quot;,&quot;title&quot;:&quot;&quot;,&quot;orientation&quot;:&quot;0&quot;}\" data-image-title=\"Tablet\" data-image-description=\"\" data-image-caption=\"\" data-large-file=\"https:\/\/gs-cms.com\/wp-content\/uploads\/Tablet.png\" class=\"alignright size-medium wp-image-2375\" src=\"https:\/\/gs-cms.com\/wp-content\/uploads\/Tablet-227x300.png\" alt=\"Tablet\" width=\"227\" height=\"300\" srcset=\"https:\/\/gs-cms.com\/wp-content\/uploads\/Tablet-227x300.png 227w, https:\/\/gs-cms.com\/wp-content\/uploads\/Tablet.png 387w\" sizes=\"auto, (max-width: 227px) 100vw, 227px\" \/>CMSMobile ist die mobile Datenerfassung des Construction Management Systems. Hiermit k\u00f6nnen Sie die anfallenden Daten direkt auf der Baustelle erfassen und verwenden. Nat\u00fcrlich stehen in der mobilen Datenerfassung auch die\u00a0Projektdaten zur Verf\u00fcgung, die direkt im Programm eingegeben wurden.<\/p>\n<p>Die mobile Datenerfassung unterst\u00fctzt zur Zeit die Erfassung der Daten folgender Module:<\/p>\n<ul>\n<li><a title=\"Bautagebuch\" href=\"https:\/\/gs-cms.com\/?page_id=25\">Bautagebuch<\/a><\/li>\n<li><a title=\"M\u00e4ngelverwaltung\" href=\"https:\/\/gs-cms.com\/?page_id=31\">M\u00e4ngelverwaltung<\/a><\/li>\n<li><a title=\"Bildverwaltung\" href=\"https:\/\/gs-cms.com\/?page_id=33\">Bildverwaltung<\/a><\/li>\n<li><a href=\"https:\/\/gs-cms.com\/?page_id=36\">Planverwaltung<\/a> (nur lesen)<\/li>\n<li><a title=\"Optionen\" href=\"https:\/\/gs-cms.com\/?page_id=77\">Projektoptionen<\/a><\/li>\n<\/ul>\n<p>Zur Zeit steht die App nur in einer Android-Version (ab Android 5.0.0) zur Verf\u00fcgung.<\/p>\n<p>Um die App verwenden zu k\u00f6nnen m\u00fcssen Sie die CMS WebAPI f\u00fcr den Datenaustausch mit der Datenbank verwenden.<\/p>\n","protected":false},"excerpt":{"rendered":"<p>CMSMobile ist die mobile Datenerfassung des Construction Management Systems. Hiermit k\u00f6nnen Sie die anfallenden Daten direkt auf der Baustelle erfassen und verwenden. Nat\u00fcrlich stehen in der mobilen Datenerfassung auch die\u00a0Projektdaten zur Verf\u00fcgung, die direkt im Programm eingegeben wurden. Die mobile Datenerfassung unterst\u00fctzt zur Zeit die Erfassung der Daten folgender Module: Bautagebuch M\u00e4ngelverwaltung Bildverwaltung Planverwaltung (nur&hellip;<\/p>\n","protected":false},"author":11,"featured_media":0,"parent":0,"menu_order":9,"comment_status":"closed","ping_status":"closed","template":"","meta":{"_bbp_topic_count":0,"_bbp_reply_count":0,"_bbp_total_topic_count":0,"_bbp_total_reply_count":0,"_bbp_voice_count":0,"_bbp_anonymous_reply_count":0,"_bbp_topic_count_hidden":0,"_bbp_reply_count_hidden":0,"_bbp_forum_subforum_count":0,"jetpack_post_was_ever_published":false,"footnotes":""},"class_list":["post-2444","page","type-page","status-publish","hentry"],"aioseo_notices":[],"jetpack_sharing_enabled":true,"jetpack-related-posts":[{"id":2376,"url":"https:\/\/gs-cms.com\/?page_id=2376","url_meta":{"origin":2444,"position":0},"title":"Mobile Datenerfassung","author":"Patrick Schimmel","date":"Freitag, 6. M\u00e4rz 2015","format":false,"excerpt":"W\u00fcrden Sie gerne die Daten f\u00fcr Bautagesberichte und gefundenen M\u00e4ngeln direkt auf der Baustelle erfassen und mit Bildern hinterlegen?","rel":"","context":"\u00c4hnlicher Beitrag","block_context":{"text":"\u00c4hnlicher Beitrag","link":""},"img":{"alt_text":"DailyReports","src":"https:\/\/i0.wp.com\/gs-cms.com\/wp-content\/uploads\/DailyReports.png?resize=350%2C200&ssl=1","width":350,"height":200},"classes":[]},{"id":2059,"url":"https:\/\/gs-cms.com\/?page_id=2059","url_meta":{"origin":2444,"position":1},"title":"CMSMobile (Android)","author":"Patrick Schimmel","date":"Dienstag, 30. Dezember 2014","format":false,"excerpt":"CMSMobile ist die mobile Datenerfassung f\u00fcr das Construction Management System CMS. Systemvoraussetzungen Um CMSMobile\u00a0zu verwenden ben\u00f6tigen\u00a0Sie ein Ger\u00e4t mit Android Betriebssystem. Die erforderliche Mindestversion von Android ist 4.4.2. Des weiteren m\u00fcssen Sie den\u00a0CMS Web Service (CMS WebAPI) installieren und so konfigurieren, dass der Web\u00a0Service\u00a0Zugriff auf Ihre Datenbank erh\u00e4lt. Details zur\u2026","rel":"","context":"\u00c4hnlicher Beitrag","block_context":{"text":"\u00c4hnlicher Beitrag","link":""},"img":{"alt_text":"CMSMobile Main","src":"https:\/\/i0.wp.com\/gs-cms.com\/wp-content\/uploads\/CMSMobile-Main-182x300.png?resize=350%2C200&ssl=1","width":350,"height":200},"classes":[]},{"id":2443,"url":"https:\/\/gs-cms.com\/?page_id=2443","url_meta":{"origin":2444,"position":2},"title":"CMS WebAPI","author":"Patrick Schimmel","date":"Samstag, 21. M\u00e4rz 2015","format":false,"excerpt":"Die CMS WebAPI ist die\u00a0Serverkomponente des Construction Management Systems. Die CMS WebAPI wird auf einem Windows IIS Webserver installiert um die folgenden Funktionen zu verwenden: Dateiablage der Anh\u00e4nge auf dem Webserver (Ohne Einsatz der WebAPI werden die Dateien auf einem FTP-Server oder einem Netzwerkpfad abgelegt). Zugangspunkt f\u00fcr die mobile Datenerfassung\u2026","rel":"","context":"\u00c4hnlicher Beitrag","block_context":{"text":"\u00c4hnlicher Beitrag","link":""},"img":{"alt_text":"","src":"","width":0,"height":0},"classes":[]},{"id":1509,"url":"https:\/\/gs-cms.com\/?page_id=1509","url_meta":{"origin":2444,"position":3},"title":"Downloads","author":"Patrick Schimmel","date":"Samstag, 5. Juli 2014","format":false,"excerpt":"Auf dieser Seite finden Sie die Download-Links der aktuellen Version des Construction Management Systems,\u00a0optionaler Komponenten und weitere Informationen zum herunterladen. Bitte beachten Sie, dass die Setups und Programmdateien nicht digital signiert sind. Je nach Einstellung Ihres Betriebssystems und ihres Browsers kann dies beim Herunterladen oder bei der Installation der Software\u2026","rel":"","context":"\u00c4hnlicher Beitrag","block_context":{"text":"\u00c4hnlicher Beitrag","link":""},"img":{"alt_text":"","src":"https:\/\/i0.wp.com\/gs-cms.com\/wp-content\/uploads\/7_128x128.png?resize=350%2C200&ssl=1","width":350,"height":200},"classes":[]},{"id":2628,"url":"https:\/\/gs-cms.com\/?page_id=2628","url_meta":{"origin":2444,"position":4},"title":"Softwareentwicklung","author":"Patrick Schimmel","date":"Freitag, 9. Oktober 2015","format":false,"excerpt":"Wir nutzen moderne Methoden und Ans\u00e4tze (z.B. agile Softwareentwicklung), sowie aktuelle Tools der Softwareentwicklung, um die entwickelte Software schnell und kontinuierlich an Markterfordernisse anzupassen. Wir sehen unsere\u00a0Software nicht als einmalig verkauftes Produkt an, sondern als Dienstleistung am Kunden. Neben der Behebung von Fehlern wird unsere\u00a0Software st\u00e4ndig weiterentwickelt und angepasst. Sei\u2026","rel":"","context":"\u00c4hnlicher Beitrag","block_context":{"text":"\u00c4hnlicher Beitrag","link":""},"img":{"alt_text":"dotnet","src":"https:\/\/i0.wp.com\/gs-cms.com\/wp-content\/uploads\/dotnet.png?resize=350%2C200&ssl=1","width":350,"height":200},"classes":[]},{"id":1271,"url":"https:\/\/gs-cms.com\/?page_id=1271","url_meta":{"origin":2444,"position":5},"title":"Berichte","author":"Patrick Schimmel","date":"Montag, 19. Mai 2014","format":false,"excerpt":"In jedem Modul k\u00f6nnen die Datens\u00e4tze und Auswertungen der Daten in Berichten ausgegeben werden. Klicken Sie hierzu das Druckersymbol in der Taskleiste des Moduls. Das Symbol ist nur aktiv, wenn mindestens ein Datensatz im Modul exisitert. Das folgende Berichtsfenster wird angezeigt: \u00a0 Die Berichte sind in Kategorien gruppiert, die angeben\u2026","rel":"","context":"In \"Berichte\"","block_context":{"text":"Berichte","link":"https:\/\/gs-cms.com\/?tag=berichte"},"img":{"alt_text":"","src":"https:\/\/i0.wp.com\/gs-cms.com\/wp-content\/uploads\/Berichte.jpg?resize=350%2C200&ssl=1","width":350,"height":200,"srcset":"https:\/\/i0.wp.com\/gs-cms.com\/wp-content\/uploads\/Berichte.jpg?resize=350%2C200&ssl=1 1x, https:\/\/i0.wp.com\/gs-cms.com\/wp-content\/uploads\/Berichte.jpg?resize=525%2C300&ssl=1 1.5x, https:\/\/i0.wp.com\/gs-cms.com\/wp-content\/uploads\/Berichte.jpg?resize=700%2C400&ssl=1 2x"},"classes":[]}],"_links":{"self":[{"href":"https:\/\/gs-cms.com\/index.php?rest_route=\/wp\/v2\/pages\/2444","targetHints":{"allow":["GET"]}}],"collection":[{"href":"https:\/\/gs-cms.com\/index.php?rest_route=\/wp\/v2\/pages"}],"about":[{"href":"https:\/\/gs-cms.com\/index.php?rest_route=\/wp\/v2\/types\/page"}],"author":[{"embeddable":true,"href":"https:\/\/gs-cms.com\/index.php?rest_route=\/wp\/v2\/users\/11"}],"replies":[{"embeddable":true,"href":"https:\/\/gs-cms.com\/index.php?rest_route=%2Fwp%2Fv2%2Fcomments&post=2444"}],"version-history":[{"count":0,"href":"https:\/\/gs-cms.com\/index.php?rest_route=\/wp\/v2\/pages\/2444\/revisions"}],"wp:attachment":[{"href":"https:\/\/gs-cms.com\/index.php?rest_route=%2Fwp%2Fv2%2Fmedia&parent=2444"}],"curies":[{"name":"wp","href":"https:\/\/api.w.org\/{rel}","templated":true}]}}