
{"id":23,"date":"2013-11-19T21:58:43","date_gmt":"2013-11-19T20:58:43","guid":{"rendered":"http:\/\/gs-cms.com\/?page_id=23"},"modified":"2019-04-21T12:58:55","modified_gmt":"2019-04-21T10:58:55","slug":"projektakquisition","status":"publish","type":"page","link":"https:\/\/gs-cms.com\/?page_id=23","title":{"rendered":"Projektakquisition"},"content":{"rendered":"<blockquote><p>W\u00fcrden Sie gerne den \u00dcberblick \u00fcber Ihre Angebote behalten und\u00a0keine Vergabetermine mehr verpassen?<\/p><\/blockquote>\n<h2>\u00dcbersicht<\/h2>\n<table style=\"width: 100%;\">\n<tbody>\n<tr>\n<td style=\"vertical-align: top;\"><img loading=\"lazy\" decoding=\"async\" data-attachment-id=\"785\" data-permalink=\"https:\/\/gs-cms.com\/?attachment_id=785\" data-orig-file=\"https:\/\/gs-cms.com\/wp-content\/uploads\/MoveOpportunityToProject.png\" data-orig-size=\"32,32\" data-comments-opened=\"1\" data-image-meta=\"{&quot;aperture&quot;:&quot;0&quot;,&quot;credit&quot;:&quot;&quot;,&quot;camera&quot;:&quot;&quot;,&quot;caption&quot;:&quot;&quot;,&quot;created_timestamp&quot;:&quot;0&quot;,&quot;copyright&quot;:&quot;&quot;,&quot;focal_length&quot;:&quot;0&quot;,&quot;iso&quot;:&quot;0&quot;,&quot;shutter_speed&quot;:&quot;0&quot;,&quot;title&quot;:&quot;&quot;,&quot;orientation&quot;:&quot;0&quot;}\" data-image-title=\"MoveOpportunityToProject\" data-image-description=\"\" data-image-caption=\"\" data-large-file=\"https:\/\/gs-cms.com\/wp-content\/uploads\/MoveOpportunityToProject.png\" class=\"size-full wp-image-785 alignleft\" src=\"https:\/\/gs-cms.com\/wp-content\/uploads\/MoveOpportunityToProject.png\" alt=\"MoveOpportunityToProject\" width=\"32\" height=\"32\" srcset=\"https:\/\/gs-cms.com\/wp-content\/uploads\/MoveOpportunityToProject.png 32w, https:\/\/gs-cms.com\/wp-content\/uploads\/MoveOpportunityToProject-150x150.png 150w, https:\/\/gs-cms.com\/wp-content\/uploads\/MoveOpportunityToProject-160x160.png 160w\" sizes=\"auto, (max-width: 32px) 100vw, 32px\" \/><\/td>\n<td style=\"width: 46%; vertical-align: top;\"><strong>Gelegenheiten \u00fcbernehmen<\/strong><br \/>\n\u00dcbernahme bereits eingegebener Daten in die Projektverwaltung im Auftragsfall.<\/td>\n<td style=\"vertical-align: top;\"><img loading=\"lazy\" decoding=\"async\" data-attachment-id=\"2189\" data-permalink=\"https:\/\/gs-cms.com\/?attachment_id=2189\" data-orig-file=\"https:\/\/gs-cms.com\/wp-content\/uploads\/Award.png\" data-orig-size=\"32,32\" data-comments-opened=\"1\" data-image-meta=\"{&quot;aperture&quot;:&quot;0&quot;,&quot;credit&quot;:&quot;&quot;,&quot;camera&quot;:&quot;&quot;,&quot;caption&quot;:&quot;&quot;,&quot;created_timestamp&quot;:&quot;0&quot;,&quot;copyright&quot;:&quot;&quot;,&quot;focal_length&quot;:&quot;0&quot;,&quot;iso&quot;:&quot;0&quot;,&quot;shutter_speed&quot;:&quot;0&quot;,&quot;title&quot;:&quot;&quot;,&quot;orientation&quot;:&quot;0&quot;}\" data-image-title=\"Award\" data-image-description=\"\" data-image-caption=\"\" data-large-file=\"https:\/\/gs-cms.com\/wp-content\/uploads\/Award.png\" class=\"size-full wp-image-2189 alignleft\" src=\"https:\/\/gs-cms.com\/wp-content\/uploads\/Award.png\" alt=\"Award\" width=\"32\" height=\"32\" srcset=\"https:\/\/gs-cms.com\/wp-content\/uploads\/Award.png 32w, https:\/\/gs-cms.com\/wp-content\/uploads\/Award-150x150.png 150w, https:\/\/gs-cms.com\/wp-content\/uploads\/Award-160x160.png 160w\" sizes=\"auto, (max-width: 32px) 100vw, 32px\" \/><\/td>\n<td style=\"width: 46%; vertical-align: top;\"><strong>Submissionsdaten<\/strong><br \/>\nErfassen und Auswerten von Submissionsergebnissen.<\/td>\n<\/tr>\n<tr>\n<td style=\"vertical-align: top;\"><img loading=\"lazy\" decoding=\"async\" data-attachment-id=\"1294\" data-permalink=\"https:\/\/gs-cms.com\/?attachment_id=1294\" data-orig-file=\"https:\/\/gs-cms.com\/wp-content\/uploads\/Calendar.png\" data-orig-size=\"32,32\" data-comments-opened=\"1\" data-image-meta=\"{&quot;aperture&quot;:&quot;0&quot;,&quot;credit&quot;:&quot;&quot;,&quot;camera&quot;:&quot;&quot;,&quot;caption&quot;:&quot;&quot;,&quot;created_timestamp&quot;:&quot;0&quot;,&quot;copyright&quot;:&quot;&quot;,&quot;focal_length&quot;:&quot;0&quot;,&quot;iso&quot;:&quot;0&quot;,&quot;shutter_speed&quot;:&quot;0&quot;,&quot;title&quot;:&quot;&quot;,&quot;orientation&quot;:&quot;0&quot;}\" data-image-title=\"Calendar\" data-image-description=\"\" data-image-caption=\"\" data-large-file=\"https:\/\/gs-cms.com\/wp-content\/uploads\/Calendar.png\" class=\"size-full wp-image-1294 alignleft\" src=\"https:\/\/gs-cms.com\/wp-content\/uploads\/Calendar.png\" alt=\"Calendar\" width=\"32\" height=\"32\" srcset=\"https:\/\/gs-cms.com\/wp-content\/uploads\/Calendar.png 32w, https:\/\/gs-cms.com\/wp-content\/uploads\/Calendar-150x150.png 150w, https:\/\/gs-cms.com\/wp-content\/uploads\/Calendar-160x160.png 160w\" sizes=\"auto, (max-width: 32px) 100vw, 32px\" \/><\/td>\n<td style=\"vertical-align: top;\"><strong>Termine<\/strong><br \/>\n\u00dcberwachen von Terminen von Abgaben, Submissionen, usw.<\/td>\n<td style=\"vertical-align: top;\"><\/td>\n<td style=\"vertical-align: top;\"><\/td>\n<\/tr>\n<\/tbody>\n<\/table>\n<h2>Beschreibung<\/h2>\n<p>In der Projektakquisition des <strong><a title=\"Construction Management System\" href=\"https:\/\/gs-cms.com\/?page_id=11\">Construction Management System<\/a> CMS<\/strong> werden alle Angebote erfasst, die eventuell zu einem Auftrag werden k\u00f6nnen.<\/p>\n<p>Sie k\u00f6nnen alle wichtigen Daten, wie Termine, Ansprechpartner, Vertragstyp, usw. eingeben.<\/p>\n<p>Sie haben die M\u00f6glichkeit zu jeder Gelegenheit wichtige Termine, wie Besprechungen, Abgabetermine, Begehungstermine zu erfassen und Verantwortlichen zuzuordnen. Mit dem Bericht &#8222;Submissionskalender&#8220; k\u00f6nnen Sie keine wichtigen Termine verpassen.<\/p>\n<p>Es k\u00f6nnen zudem die Submissionsergebnisse erfasst und ausgewertet werden. Somit haben Sie immer einen kompletten\u00a0Vergleich \u00fcber die eingereichten Angebote von Ihnen und Ihrer Mitbewerbern.<\/p>\n<p>Wird aus der eingegebenen Gelegenheit beauftragt, so m\u00fcssen bereits erfasste Daten nicht erneut eingegeben werden. Das Projekt kann direkt in die <a title=\"Projektverwaltung\" href=\"https:\/\/gs-cms.com\/?page_id=21\">Projektverwaltung<\/a> \u00fcbernommen werden.<\/p>\n<p>Wie die anderen Module verf\u00fcgt die Projektakquisition \u00fcber den Multi-Filter zum einfachen Auffinden von Informationen.<\/p>\n<h2>Screenshots<\/h2>\n<div class=\"rl-gallery-container rl-loading\" id=\"rl-gallery-container-1\" data-gallery_id=\"3367\"> <div class=\"rl-gallery rl-basicmasonry-gallery rl-hover-effect-2\" id=\"rl-gallery-1\" data-gallery_no=\"1\"> <div class=\"rl-gutter-sizer\"><\/div><div class=\"rl-grid-sizer\"><\/div> <div class=\"rl-gallery-item rl-gallery-item-width-4\" > <div class=\"rl-gallery-item-content\"> <a href=\"https:\/\/gs-cms.com\/wp-content\/uploads\/Akquisition.jpg\" title=\"\" data-rl_title=\"\" class=\"rl-gallery-link\" data-rl_caption=\"\" data-rel=\"lightbox-gallery-1\"><img loading=\"lazy\" decoding=\"async\" src=\"https:\/\/gs-cms.com\/wp-content\/uploads\/Akquisition-300x171.jpg\" width=\"300\" height=\"171\" alt=\"\" \/><span class=\"rl-gallery-caption\"><span class=\"rl-gallery-item-title\">Projektakquisition<\/span><\/span><\/a> <\/div> <\/div> <div class=\"rl-gallery-item\" > <div class=\"rl-gallery-item-content\"> <a href=\"https:\/\/gs-cms.com\/wp-content\/uploads\/Akquisition-Grunddaten.jpg\" title=\"\" data-rl_title=\"\" class=\"rl-gallery-link\" data-rl_caption=\"\" data-rel=\"lightbox-gallery-1\"><img loading=\"lazy\" decoding=\"async\" src=\"https:\/\/gs-cms.com\/wp-content\/uploads\/Akquisition-Grunddaten-300x176.jpg\" width=\"300\" height=\"176\" alt=\"\" \/><span class=\"rl-gallery-caption\"><span class=\"rl-gallery-item-title\">Akquisition Grunddaten<\/span><\/span><\/a> <\/div> <\/div> <div class=\"rl-gallery-item\" > <div class=\"rl-gallery-item-content\"> <a href=\"https:\/\/gs-cms.com\/wp-content\/uploads\/Akquisition-Details.jpg\" title=\"\" data-rl_title=\"\" class=\"rl-gallery-link\" data-rl_caption=\"\" data-rel=\"lightbox-gallery-1\"><img loading=\"lazy\" decoding=\"async\" src=\"https:\/\/gs-cms.com\/wp-content\/uploads\/Akquisition-Details-300x176.jpg\" width=\"300\" height=\"176\" alt=\"\" \/><span class=\"rl-gallery-caption\"><span class=\"rl-gallery-item-title\">Akquisition Details<\/span><\/span><\/a> <\/div> <\/div> <div class=\"rl-gallery-item\" > <div class=\"rl-gallery-item-content\"> <a href=\"https:\/\/gs-cms.com\/wp-content\/uploads\/Akquisition-Submissionsergebnisse.jpg\" title=\"\" data-rl_title=\"\" class=\"rl-gallery-link\" data-rl_caption=\"\" data-rel=\"lightbox-gallery-1\"><img loading=\"lazy\" decoding=\"async\" src=\"https:\/\/gs-cms.com\/wp-content\/uploads\/Akquisition-Submissionsergebnisse-300x176.jpg\" width=\"300\" height=\"176\" alt=\"\" \/><span class=\"rl-gallery-caption\"><span class=\"rl-gallery-item-title\">Akquisition Submissionsergebnisse<\/span><\/span><\/a> <\/div> <\/div> <\/div> <\/div>\n<h2>Funktionen<\/h2>\n<ul>\n<li>Direkte \u00dcbersicht \u00fcber die wichtigsten Daten auf der Startseite des Moduls<\/li>\n<li>\u00dcbersichtliche Oberfl\u00e4che mit dem leistungsf\u00e4higem Multi-Filter<\/li>\n<li>Freitextsuche zum einfachen Auffinden von Informationen<\/li>\n<li>Erfassen aller wichtigen Vertragsdaten, wie Termine, Vertragsart, Ansprechpartner, Projektgrunddaten, usw.<\/li>\n<li>Anlegen von Terminen von Submissionen, Abgaben, usw. mit Zuordnung von Verantwortlichkeiten<\/li>\n<li>Erfassen der Submissionsergebnisse<\/li>\n<li>Gleichzeitiges Bearbeiten wichtiger Daten von mehreren\u00a0Datens\u00e4tzen<\/li>\n<li>Kopieren von Projekten<\/li>\n<li>Anh\u00e4ngen beliebiger Dateien an die Projekte<\/li>\n<li>\u00dcbernahme\u00a0von eingegebenen Daten in die Projektverwaltung<\/li>\n<li>Archivierung von Gelegenheiten<\/li>\n<li>Frei konfigurierbare eigene Berichte<\/li>\n<li>Schnelldruck der projektbezogenen Berichte\u00a0aus dem Detailfenster heraus<\/li>\n<li>Jeder Anwender kann\u00a0 die Filter- und Spaltenansicht frei konfigurieren<\/li>\n<li>Export der Daten\u00fcbersicht der Haupttabelle in Text, CSV oder Excel-Dateien<\/li>\n<li>Export aller Berichte in verschiedene Dateiformate.<\/li>\n<li>Gesetzte Filter werden beim Export und bei der Berichtsgenerierung ber\u00fccksichtigt<\/li>\n<\/ul>\n","protected":false},"excerpt":{"rendered":"<p>W\u00fcrden Sie gerne den \u00dcberblick \u00fcber Ihre Angebote behalten und\u00a0keine Vergabetermine mehr verpassen? \u00dcbersicht Gelegenheiten \u00fcbernehmen \u00dcbernahme bereits eingegebener Daten in die Projektverwaltung im Auftragsfall. Submissionsdaten Erfassen und Auswerten von Submissionsergebnissen. Termine \u00dcberwachen von Terminen von Abgaben, Submissionen, usw. Beschreibung In der Projektakquisition des Construction Management System CMS werden alle Angebote erfasst, die eventuell zu&hellip;<\/p>\n","protected":false},"author":11,"featured_media":0,"parent":11,"menu_order":2,"comment_status":"closed","ping_status":"closed","template":"","meta":{"_bbp_topic_count":0,"_bbp_reply_count":0,"_bbp_total_topic_count":0,"_bbp_total_reply_count":0,"_bbp_voice_count":0,"_bbp_anonymous_reply_count":0,"_bbp_topic_count_hidden":0,"_bbp_reply_count_hidden":0,"_bbp_forum_subforum_count":0,"jetpack_post_was_ever_published":false,"footnotes":""},"class_list":["post-23","page","type-page","status-publish","hentry"],"aioseo_notices":[],"jetpack_sharing_enabled":true,"jetpack-related-posts":[{"id":1832,"url":"https:\/\/gs-cms.com\/?page_id=1832","url_meta":{"origin":23,"position":0},"title":"Terminplanung","author":"Patrick Schimmel","date":"Samstag, 8. November 2014","format":false,"excerpt":"W\u00fcrden Sie gerne\u00a0Verz\u00f6gerungen und St\u00f6rungen am Bauablauf und die daraus resultierenden Auswirkungen auf andere Termine automatisch berechnen und grafisch darstellen k\u00f6nnen?","rel":"","context":"\u00c4hnlicher Beitrag","block_context":{"text":"\u00c4hnlicher Beitrag","link":""},"img":{"alt_text":"Activity","src":"https:\/\/i0.wp.com\/gs-cms.com\/wp-content\/uploads\/Activity.png?resize=350%2C200&ssl=1","width":350,"height":200},"classes":[]},{"id":1590,"url":"https:\/\/gs-cms.com\/?page_id=1590","url_meta":{"origin":23,"position":1},"title":"\u00dcber uns","author":"Patrick Schimmel","date":"Mittwoch, 10. September 2014","format":false,"excerpt":"Die GS Construction Management Services UG (haftungsbeschr\u00e4nkt) bietet seit September 2014 Dienstleistungen und Consulting im Bereich des technischen Baustellenmanagements. Unter anderem\u00a0entwickeln und vertreiben\u00a0wir das Construction Management System CMS, eine Software zur einfachen Verwaltung und rechtssicheren Dokumentation von Baustellen. Die direkte N\u00e4he zur Bauwirtschaft erm\u00f6glicht es uns die erforderlichen Prozesse praxisgerecht\u2026","rel":"","context":"\u00c4hnlicher Beitrag","block_context":{"text":"\u00c4hnlicher Beitrag","link":""},"img":{"alt_text":"","src":"","width":0,"height":0},"classes":[]},{"id":2376,"url":"https:\/\/gs-cms.com\/?page_id=2376","url_meta":{"origin":23,"position":2},"title":"Mobile Datenerfassung","author":"Patrick Schimmel","date":"Freitag, 6. M\u00e4rz 2015","format":false,"excerpt":"W\u00fcrden Sie gerne die Daten f\u00fcr Bautagesberichte und gefundenen M\u00e4ngeln direkt auf der Baustelle erfassen und mit Bildern hinterlegen?","rel":"","context":"\u00c4hnlicher Beitrag","block_context":{"text":"\u00c4hnlicher Beitrag","link":""},"img":{"alt_text":"DailyReports","src":"https:\/\/i0.wp.com\/gs-cms.com\/wp-content\/uploads\/DailyReports.png?resize=350%2C200&ssl=1","width":350,"height":200},"classes":[]},{"id":2628,"url":"https:\/\/gs-cms.com\/?page_id=2628","url_meta":{"origin":23,"position":3},"title":"Softwareentwicklung","author":"Patrick Schimmel","date":"Freitag, 9. Oktober 2015","format":false,"excerpt":"Wir nutzen moderne Methoden und Ans\u00e4tze (z.B. agile Softwareentwicklung), sowie aktuelle Tools der Softwareentwicklung, um die entwickelte Software schnell und kontinuierlich an Markterfordernisse anzupassen. Wir sehen unsere\u00a0Software nicht als einmalig verkauftes Produkt an, sondern als Dienstleistung am Kunden. Neben der Behebung von Fehlern wird unsere\u00a0Software st\u00e4ndig weiterentwickelt und angepasst. Sei\u2026","rel":"","context":"\u00c4hnlicher Beitrag","block_context":{"text":"\u00c4hnlicher Beitrag","link":""},"img":{"alt_text":"dotnet","src":"https:\/\/i0.wp.com\/gs-cms.com\/wp-content\/uploads\/dotnet.png?resize=350%2C200&ssl=1","width":350,"height":200},"classes":[]},{"id":11,"url":"https:\/\/gs-cms.com\/?page_id=11","url_meta":{"origin":23,"position":4},"title":"Construction Management System","author":"Patrick Schimmel","date":"Dienstag, 19. November 2013","format":false,"excerpt":"Das Construction Management System CMS ist eine umfangreiche Software zur vertragssicheren Dokumentation und Verwaltung von Bauprojekten. Es umfasst alle Phasen des Bauprojekts, von der Projektakquise \u00fcber die Bauausf\u00fchrung bis hin zur Gew\u00e4hrleistung. Einmal eingetragene Informationen werden in einer zentralen Datenbank gespeichert und k\u00f6nnen \u00fcber frei definierbare Berichte beliebig ausgewertet und\u2026","rel":"","context":"\u00c4hnlicher Beitrag","block_context":{"text":"\u00c4hnlicher Beitrag","link":""},"img":{"alt_text":"Projektzyklus","src":"https:\/\/i0.wp.com\/gs-cms.com\/wp-content\/uploads\/Projektzyklus-300x221.png?resize=350%2C200&ssl=1","width":350,"height":200},"classes":[]},{"id":25,"url":"https:\/\/gs-cms.com\/?page_id=25","url_meta":{"origin":23,"position":5},"title":"Bautagebuch","author":"Patrick Schimmel","date":"Dienstag, 19. November 2013","format":false,"excerpt":"W\u00fcrden Sie gerne Ihre Projekte einfach und vertragssicher dokumentieren und dabei die eingegebenen Daten nach verschiedenen Gesichtspunkten auswerten k\u00f6nnen? \u00dcbersicht Kooperation Sie k\u00f6nnen Ihren Auftraggebern direkten, beschr\u00e4nkten Zugriff auf die Berichte erlauben und so Kommentare direkt erhalten. Ressourcen Erfassen von Arbeitskr\u00e4ften, verbauten Materialien und Materiallieferungen. Bilder Bilder k\u00f6nnen mit Ihrem\u2026","rel":"","context":"In \"Bautagebuch\"","block_context":{"text":"Bautagebuch","link":"https:\/\/gs-cms.com\/?tag=bautagebuch"},"img":{"alt_text":"Meetings","src":"https:\/\/i0.wp.com\/gs-cms.com\/wp-content\/uploads\/Meetings.png?resize=350%2C200&ssl=1","width":350,"height":200},"classes":[]}],"_links":{"self":[{"href":"https:\/\/gs-cms.com\/index.php?rest_route=\/wp\/v2\/pages\/23","targetHints":{"allow":["GET"]}}],"collection":[{"href":"https:\/\/gs-cms.com\/index.php?rest_route=\/wp\/v2\/pages"}],"about":[{"href":"https:\/\/gs-cms.com\/index.php?rest_route=\/wp\/v2\/types\/page"}],"author":[{"embeddable":true,"href":"https:\/\/gs-cms.com\/index.php?rest_route=\/wp\/v2\/users\/11"}],"replies":[{"embeddable":true,"href":"https:\/\/gs-cms.com\/index.php?rest_route=%2Fwp%2Fv2%2Fcomments&post=23"}],"version-history":[{"count":4,"href":"https:\/\/gs-cms.com\/index.php?rest_route=\/wp\/v2\/pages\/23\/revisions"}],"predecessor-version":[{"id":3554,"href":"https:\/\/gs-cms.com\/index.php?rest_route=\/wp\/v2\/pages\/23\/revisions\/3554"}],"up":[{"embeddable":true,"href":"https:\/\/gs-cms.com\/index.php?rest_route=\/wp\/v2\/pages\/11"}],"wp:attachment":[{"href":"https:\/\/gs-cms.com\/index.php?rest_route=%2Fwp%2Fv2%2Fmedia&parent=23"}],"curies":[{"name":"wp","href":"https:\/\/api.w.org\/{rel}","templated":true}]}}