
{"id":227,"date":"2013-12-06T13:01:57","date_gmt":"2013-12-06T12:01:57","guid":{"rendered":"http:\/\/gs-cms.com\/?page_id=227"},"modified":"2016-01-27T23:26:02","modified_gmt":"2016-01-27T22:26:02","slug":"updates","status":"publish","type":"page","link":"https:\/\/gs-cms.com\/?page_id=227","title":{"rendered":"Updates"},"content":{"rendered":"<h3>Programm-Updates<\/h3>\n<p>Das Programm pr\u00fcft beim Start automatisch, ob eine neue Programmversion verf\u00fcgbar ist. Diese kann automatisiert heruntergeladen und installiert werden. Folgen Sie hierzu einfach den Anweisungen auf dem Bildschirm.<\/p>\n<p><strong>Die Funktion der automatischen Suche nach Updates kann bei den Anwendungseinstellungen (unten im Hauptmen\u00fc) deaktiviert werden.<\/strong><\/p>\n<p><strong>Die Installation kann nur erfolgen, wenn der Benutzer \u00fcber Administratorrechte verf\u00fcgt und die jetzige CMS-Version vollst\u00e4ndig geschlossen ist. CMS wird versuchen sich nach dem Download der aktuellen Version selbst zu schlie\u00dfen. Falls das nicht erfolgreich ist, wird dies durch die Installationsroutine erkannt. Ist dies der Fall, muss der laufende CMS-Prozess \u00fcber den Taskmanager beendet werden.<\/strong><\/p>\n<h3>\u00dcberpr\u00fcfen der Datenbankstruktur<\/h3>\n<p>Durch die Weiterentwicklung des Programms kann es vorkommen, dass die Struktur der Datenbank ge\u00e4ndert werden muss. Dies erfolgt mit dem Konfigurationstool CMS.Config.exe.<\/p>\n<p>Mit der Update-Funktion wird \u00fcberpr\u00fcft, ob die Struktur der Datenbank der ausgew\u00e4hlten Verbindung auf dem neuesten Stand ist. Ist dies nicht der Fall, wird die Struktur automatisch aktualisiert. Beim Erstellen einer neuen Datenbank wird diese automatisch mit der neuesten Struktur erstellt und muss nicht aktualisiert werden. Die Aktualisierung sollte immer durchgef\u00fchrt werden, wenn eine neue Version der Software mit einer bestehenden Datenbank verwendet wird.<\/p>\n<p><strong>Bitte beachten Sie, dass die Struktur der Datenbank mit der Software \u00fcbereinstimmen muss. Wird die Datenbankstruktur von einem Client aus aktualisiert m\u00fcssen alle anderen Clients ebenfalls aktualisiert werden. Ansonsten kann es zu Fehlermeldungen und zu Datenverlust f\u00fchren.<\/strong><\/p>\n<p>Standardm\u00e4\u00dfig wird bei jedem Start der Software nach dem Login \u00fcberpr\u00fcft, ob die Datenbankstruktur mit der Version des Programms \u00fcbereinstimmt. Falls dies nicht der Fall ist, wird das Konfigurationstool gestartet.<\/p>\n","protected":false},"excerpt":{"rendered":"<p>Programm-Updates Das Programm pr\u00fcft beim Start automatisch, ob eine neue Programmversion verf\u00fcgbar ist. Diese kann automatisiert heruntergeladen und installiert werden. Folgen Sie hierzu einfach den Anweisungen auf dem Bildschirm. Die Funktion der automatischen Suche nach Updates kann bei den Anwendungseinstellungen (unten im Hauptmen\u00fc) deaktiviert werden. Die Installation kann nur erfolgen, wenn der Benutzer \u00fcber Administratorrechte&hellip;<\/p>\n","protected":false},"author":11,"featured_media":0,"parent":208,"menu_order":3,"comment_status":"closed","ping_status":"closed","template":"helppage.php","meta":{"_bbp_topic_count":0,"_bbp_reply_count":0,"_bbp_total_topic_count":0,"_bbp_total_reply_count":0,"_bbp_voice_count":0,"_bbp_anonymous_reply_count":0,"_bbp_topic_count_hidden":0,"_bbp_reply_count_hidden":0,"_bbp_forum_subforum_count":0,"jetpack_post_was_ever_published":false,"footnotes":""},"class_list":["post-227","page","type-page","status-publish","hentry"],"aioseo_notices":[],"jetpack_sharing_enabled":true,"jetpack-related-posts":[{"id":2059,"url":"https:\/\/gs-cms.com\/?page_id=2059","url_meta":{"origin":227,"position":0},"title":"CMSMobile (Android)","author":"Patrick Schimmel","date":"Dienstag, 30. Dezember 2014","format":false,"excerpt":"CMSMobile ist die mobile Datenerfassung f\u00fcr das Construction Management System CMS. Systemvoraussetzungen Um CMSMobile\u00a0zu verwenden ben\u00f6tigen\u00a0Sie ein Ger\u00e4t mit Android Betriebssystem. Die erforderliche Mindestversion von Android ist 4.4.2. Des weiteren m\u00fcssen Sie den\u00a0CMS Web Service (CMS WebAPI) installieren und so konfigurieren, dass der Web\u00a0Service\u00a0Zugriff auf Ihre Datenbank erh\u00e4lt. Details zur\u2026","rel":"","context":"\u00c4hnlicher Beitrag","block_context":{"text":"\u00c4hnlicher Beitrag","link":""},"img":{"alt_text":"CMSMobile Main","src":"https:\/\/i0.wp.com\/gs-cms.com\/wp-content\/uploads\/CMSMobile-Main-182x300.png?resize=350%2C200&ssl=1","width":350,"height":200},"classes":[]},{"id":251,"url":"https:\/\/gs-cms.com\/?page_id=251","url_meta":{"origin":227,"position":1},"title":"Allgemeine Bedienelemente","author":"Patrick Schimmel","date":"Dienstag, 10. Dezember 2013","format":false,"excerpt":"Auf der folgenden Grafik werden beispielhaft die Bedienelemente der Projektakquisition dargestellt. \u00a0 Hauptmen\u00fc Das Hauptmen\u00fc befindet sich auf der linken Seite des Hauptfensters. Hier werden hierarchisch die Module angezeigt, zu denen der angemeldete Anwender Zugriff hat. Fall der Anwender keine Zugriffsrechte auf ein Modul besitzt, so wird der Punkt im\u2026","rel":"","context":"In \"Bedienelemente\"","block_context":{"text":"Bedienelemente","link":"https:\/\/gs-cms.com\/?tag=bedienelemente"},"img":{"alt_text":"Bedienelemente","src":"https:\/\/i0.wp.com\/gs-cms.com\/wp-content\/uploads\/Bedienelemente-1024x668.png?resize=350%2C200&ssl=1","width":350,"height":200,"srcset":"https:\/\/i0.wp.com\/gs-cms.com\/wp-content\/uploads\/Bedienelemente-1024x668.png?resize=350%2C200&ssl=1 1x, https:\/\/i0.wp.com\/gs-cms.com\/wp-content\/uploads\/Bedienelemente-1024x668.png?resize=525%2C300&ssl=1 1.5x, https:\/\/i0.wp.com\/gs-cms.com\/wp-content\/uploads\/Bedienelemente-1024x668.png?resize=700%2C400&ssl=1 2x"},"classes":[]},{"id":213,"url":"https:\/\/gs-cms.com\/?page_id=213","url_meta":{"origin":227,"position":2},"title":"Konfiguration","author":"Patrick Schimmel","date":"Freitag, 6. Dezember 2013","format":false,"excerpt":"Starten des Konfigurationstools Vor dem ersten Einsatz von CMS m\u00fcssen die Verbindungsdaten zu den Servern eingegeben werden. Dies geschieht \u00fcber das Tool CMS.Config.exe, welches bei der Installation von CMS in den Programmordner kopiert wurde. Sie erreichen das Tool auch \u00fcber den entsprechenden Eintrag im Windows-Startmen\u00fc. Bitte starten Sie die Datei\u2026","rel":"","context":"In \"Konfiguration\"","block_context":{"text":"Konfiguration","link":"https:\/\/gs-cms.com\/?tag=konfiguration"},"img":{"alt_text":"Config-Tool","src":"https:\/\/i0.wp.com\/gs-cms.com\/wp-content\/uploads\/Config-Tool-300x245.jpg?resize=350%2C200&ssl=1","width":350,"height":200},"classes":[]},{"id":332,"url":"https:\/\/gs-cms.com\/?page_id=332","url_meta":{"origin":227,"position":3},"title":"Optionen","author":"Patrick Schimmel","date":"Samstag, 14. Dezember 2013","format":false,"excerpt":"Im Modul Optionen werden die Programmoptionen festgelegt. Auf der linkten Seite sind die verschiedenen Module dargestellt und darunter die Optionen dieses Moduls aufgelistet. Durch Auswahl eines Punktes werden auf der rechten Seite des Fensters die Daten zu der Option angezeigt. Die eingegebenen Daten werden im jeweiligen Modul als Auswahlfeld angezeigt.\u2026","rel":"","context":"In \"Optionen\"","block_context":{"text":"Optionen","link":"https:\/\/gs-cms.com\/?tag=optionen"},"img":{"alt_text":"","src":"https:\/\/i0.wp.com\/gs-cms.com\/wp-content\/uploads\/Optionen-Grunddaten.jpg?resize=350%2C200&ssl=1","width":350,"height":200,"srcset":"https:\/\/i0.wp.com\/gs-cms.com\/wp-content\/uploads\/Optionen-Grunddaten.jpg?resize=350%2C200&ssl=1 1x, https:\/\/i0.wp.com\/gs-cms.com\/wp-content\/uploads\/Optionen-Grunddaten.jpg?resize=525%2C300&ssl=1 1.5x, https:\/\/i0.wp.com\/gs-cms.com\/wp-content\/uploads\/Optionen-Grunddaten.jpg?resize=700%2C400&ssl=1 2x"},"classes":[]},{"id":224,"url":"https:\/\/gs-cms.com\/?page_id=224","url_meta":{"origin":227,"position":4},"title":"Erster Start","author":"Patrick Schimmel","date":"Freitag, 6. Dezember 2013","format":false,"excerpt":"Starten von CMS Nachdem die Software installiert wurde und die Servereinstellungen get\u00e4tigt und die Datenbank erstellt wurde, kann CMS zum ersten Mal gestartet werden. Je nach Auswahl in der Installationsroutine wurde eine Verkn\u00fcpfung im Startmen\u00fc und\/oder auf dem Desktop erstellt, mit welcher die Software gestartet werden kann. Beim Erstellen der\u2026","rel":"","context":"In \"Programmstart\"","block_context":{"text":"Programmstart","link":"https:\/\/gs-cms.com\/?tag=programmstart"},"img":{"alt_text":"Login","src":"https:\/\/i0.wp.com\/gs-cms.com\/wp-content\/uploads\/Login-300x192.jpg?resize=350%2C200&ssl=1","width":350,"height":200},"classes":[]},{"id":452,"url":"https:\/\/gs-cms.com\/?page_id=452","url_meta":{"origin":227,"position":5},"title":"Anh\u00e4nge","author":"Patrick Schimmel","date":"Sonntag, 15. Dezember 2013","format":false,"excerpt":"In verschienenen Abschnitten des Programms k\u00f6nnen die Datens\u00e4tze mit Anh\u00e4ngen versehen werden. Prinzipiell kann jede Datei als Anhang verwendet werden. Es sollte nur darauf geachtet werden, dass es sich um ein g\u00e4ngiges Dateiformat handelt und auf allen Clients ein Programm zum \u00d6ffnen dieses Formats vorhanden ist. Anhang hinzuf\u00fcgen Mit dem\u2026","rel":"","context":"In \"Anh\u00e4nge\"","block_context":{"text":"Anh\u00e4nge","link":"https:\/\/gs-cms.com\/?tag=anhaenge"},"img":{"alt_text":"","src":"https:\/\/i0.wp.com\/gs-cms.com\/wp-content\/uploads\/Anhaenge-Bearbeiten.jpg?resize=350%2C200&ssl=1","width":350,"height":200,"srcset":"https:\/\/i0.wp.com\/gs-cms.com\/wp-content\/uploads\/Anhaenge-Bearbeiten.jpg?resize=350%2C200&ssl=1 1x, https:\/\/i0.wp.com\/gs-cms.com\/wp-content\/uploads\/Anhaenge-Bearbeiten.jpg?resize=525%2C300&ssl=1 1.5x"},"classes":[]}],"_links":{"self":[{"href":"https:\/\/gs-cms.com\/index.php?rest_route=\/wp\/v2\/pages\/227","targetHints":{"allow":["GET"]}}],"collection":[{"href":"https:\/\/gs-cms.com\/index.php?rest_route=\/wp\/v2\/pages"}],"about":[{"href":"https:\/\/gs-cms.com\/index.php?rest_route=\/wp\/v2\/types\/page"}],"author":[{"embeddable":true,"href":"https:\/\/gs-cms.com\/index.php?rest_route=\/wp\/v2\/users\/11"}],"replies":[{"embeddable":true,"href":"https:\/\/gs-cms.com\/index.php?rest_route=%2Fwp%2Fv2%2Fcomments&post=227"}],"version-history":[{"count":0,"href":"https:\/\/gs-cms.com\/index.php?rest_route=\/wp\/v2\/pages\/227\/revisions"}],"up":[{"embeddable":true,"href":"https:\/\/gs-cms.com\/index.php?rest_route=\/wp\/v2\/pages\/208"}],"wp:attachment":[{"href":"https:\/\/gs-cms.com\/index.php?rest_route=%2Fwp%2Fv2%2Fmedia&parent=227"}],"curies":[{"name":"wp","href":"https:\/\/api.w.org\/{rel}","templated":true}]}}