
{"id":224,"date":"2013-12-06T12:57:31","date_gmt":"2013-12-06T11:57:31","guid":{"rendered":"http:\/\/gs-cms.com\/?page_id=224"},"modified":"2016-01-27T23:25:44","modified_gmt":"2016-01-27T22:25:44","slug":"erster-start","status":"publish","type":"page","link":"https:\/\/gs-cms.com\/?page_id=224","title":{"rendered":"Erster Start"},"content":{"rendered":"<h3>Starten von CMS<\/h3>\n<p>Nachdem die Software installiert wurde und die Servereinstellungen get\u00e4tigt und die Datenbank erstellt wurde, kann CMS zum ersten Mal gestartet werden. Je nach Auswahl in der Installationsroutine wurde eine Verkn\u00fcpfung im Startmen\u00fc und\/oder auf dem Desktop erstellt, mit welcher die Software gestartet werden kann.<\/p>\n<p><a href=\"https:\/\/gs-cms.com\/wp-content\/uploads\/Login.jpg\" data-rel=\"lightbox-gallery-kHXOODMS\" data-rl_title=\"\" data-rl_caption=\"\" title=\"\"><img loading=\"lazy\" decoding=\"async\" data-attachment-id=\"648\" data-permalink=\"https:\/\/gs-cms.com\/?attachment_id=648\" data-orig-file=\"https:\/\/gs-cms.com\/wp-content\/uploads\/Login.jpg\" data-orig-size=\"350,225\" data-comments-opened=\"1\" data-image-meta=\"{&quot;aperture&quot;:&quot;0&quot;,&quot;credit&quot;:&quot;&quot;,&quot;camera&quot;:&quot;&quot;,&quot;caption&quot;:&quot;&quot;,&quot;created_timestamp&quot;:&quot;0&quot;,&quot;copyright&quot;:&quot;&quot;,&quot;focal_length&quot;:&quot;0&quot;,&quot;iso&quot;:&quot;0&quot;,&quot;shutter_speed&quot;:&quot;0&quot;,&quot;title&quot;:&quot;&quot;,&quot;orientation&quot;:&quot;0&quot;}\" data-image-title=\"Login\" data-image-description=\"\" data-image-caption=\"\" data-large-file=\"https:\/\/gs-cms.com\/wp-content\/uploads\/Login.jpg\" class=\"alignnone size-medium wp-image-648\" src=\"https:\/\/gs-cms.com\/wp-content\/uploads\/Login-300x192.jpg\" alt=\"Login\" width=\"300\" height=\"192\" srcset=\"https:\/\/gs-cms.com\/wp-content\/uploads\/Login-300x192.jpg 300w, https:\/\/gs-cms.com\/wp-content\/uploads\/Login.jpg 350w\" sizes=\"auto, (max-width: 300px) 100vw, 300px\" \/><\/a><\/p>\n<p><strong>Beim Erstellen der Datenbankstruktur wird automatisch ein User mit Administratorrechten angelegt. Verwenden Sie beim ersten Login den Benutzernamen \u201aadmin\u2018 mit dem Passwort \u201aadmin\u2018. Das Passwort sollte unbedingt schnellstm\u00f6glich ge\u00e4ndert werden.<\/strong><\/p>\n<p>Mit den Auswahlfeldern unten kann die Datenbankverbindung und die angezeigte Sprache ausgew\u00e4hlt werden. Wird keine Datenbankverbindung angezeigt, muss zuerst eine mit dem Konfigurationstool erstellt werden.<\/p>\n<h3>Lizenz aktivieren<\/h3>\n<p>Beim Starten der Software wird Ihre Lizenz mit unserem Lizensserver synchronisiert. Wurden keine Lizenzinformationen gefunden werden Sie aufgefordert eine Lizenz zu aktivieren.<\/p>\n<p><a href=\"https:\/\/gs-cms.com\/wp-content\/uploads\/Lizenz.png\" data-rel=\"lightbox-gallery-kHXOODMS\" data-rl_title=\"\" data-rl_caption=\"\" title=\"\"><img loading=\"lazy\" decoding=\"async\" data-attachment-id=\"2198\" data-permalink=\"https:\/\/gs-cms.com\/?attachment_id=2198\" data-orig-file=\"https:\/\/gs-cms.com\/wp-content\/uploads\/Lizenz.png\" data-orig-size=\"650,400\" data-comments-opened=\"1\" data-image-meta=\"{&quot;aperture&quot;:&quot;0&quot;,&quot;credit&quot;:&quot;&quot;,&quot;camera&quot;:&quot;&quot;,&quot;caption&quot;:&quot;&quot;,&quot;created_timestamp&quot;:&quot;0&quot;,&quot;copyright&quot;:&quot;&quot;,&quot;focal_length&quot;:&quot;0&quot;,&quot;iso&quot;:&quot;0&quot;,&quot;shutter_speed&quot;:&quot;0&quot;,&quot;title&quot;:&quot;&quot;,&quot;orientation&quot;:&quot;0&quot;}\" data-image-title=\"Lizenz\" data-image-description=\"\" data-image-caption=\"\" data-large-file=\"https:\/\/gs-cms.com\/wp-content\/uploads\/Lizenz.png\" class=\"alignnone wp-image-2198 size-medium\" src=\"https:\/\/gs-cms.com\/wp-content\/uploads\/Lizenz-300x185.png\" alt=\"Lizenz\" width=\"300\" height=\"185\" srcset=\"https:\/\/gs-cms.com\/wp-content\/uploads\/Lizenz-300x185.png 300w, https:\/\/gs-cms.com\/wp-content\/uploads\/Lizenz.png 650w\" sizes=\"auto, (max-width: 300px) 100vw, 300px\" \/><\/a><\/p>\n<p>&nbsp;<\/p>\n<p>Falls Sie bereits eine Lizenz erworben haben geben Sie bitte auf der rechten Seite Ihren Firmennamen und den Aktivierungscode ein, den Sie von unserem Support erhalten haben und klicken Sie auf \u201eLizenz aktivieren\u201c.<\/p>\n<p><strong>Bitte beachten Sie, dass der Firmenname exakt so geschrieben werden muss, wie er bei der Anforderung der Seriennummer angegeben wurde (genaue Gro\u00df- und Kleinschreibung und alle Leerzeichen).<\/strong><\/p>\n<p>Alternativ k\u00f6nnen Sie eine 30 Tage g\u00fcltige Testlizenz aktivieren indem Sie die Daten auf der rechten Seite des Fensters ausf\u00fcllen und auf \u201eTestlizenz anfordern\u201c klicken. Sie erhalten per Email dann einen Link mit einem Aktivierungslink. Wenn Sie auf den Link in der Email klicken wird Ihre Lizenz aktiviert und Sie k\u00f6nnen die Software nun 30 Tage uneingeschr\u00e4nkt nutzen.<\/p>\n<p><strong>Die eingegebenen Daten werden lediglich zur Aktivierung Ihrer Lizenz verwendet und nicht weitergegeben. Falls beim Anfordern einer Testlizenz falsche Angaben gemacht wurden wird diese ohne Vorwarnung gel\u00f6scht. Nach Ablauf der Testlizenz wird die Lizenz automatisch gel\u00f6scht.<\/strong><\/p>\n<h3>Einrichten von Rollen und Benutzern<\/h3>\n<p>\u00dcber den \u201aBenutzer\u2018-Men\u00fcpunkt im Hauptmen\u00fc k\u00f6nnen Benutzer und Rollen definiert werden.<\/p>\n<p>Im Hauptfenster der Benutzerverwaltung k\u00f6nnen neue Benutzer angelegt werden und bestehende Benutzer gel\u00f6scht werden. Au\u00dferdem k\u00f6nnen den Benutzern die angelegten Rollen zugewiesen werden und Projekte freigegeben werden (Tab-Reiter Projektrollen).<\/p>\n<p><a href=\"https:\/\/gs-cms.com\/wp-content\/uploads\/Benutzerverwaltung.jpg\" data-rel=\"lightbox-gallery-kHXOODMS\" data-rl_title=\"\" data-rl_caption=\"\" title=\"\"><img loading=\"lazy\" decoding=\"async\" data-attachment-id=\"1344\" data-permalink=\"https:\/\/gs-cms.com\/?attachment_id=1344\" data-orig-file=\"https:\/\/gs-cms.com\/wp-content\/uploads\/Benutzerverwaltung.jpg\" data-orig-size=\"1211,828\" data-comments-opened=\"1\" data-image-meta=\"{&quot;aperture&quot;:&quot;0&quot;,&quot;credit&quot;:&quot;&quot;,&quot;camera&quot;:&quot;&quot;,&quot;caption&quot;:&quot;&quot;,&quot;created_timestamp&quot;:&quot;0&quot;,&quot;copyright&quot;:&quot;&quot;,&quot;focal_length&quot;:&quot;0&quot;,&quot;iso&quot;:&quot;0&quot;,&quot;shutter_speed&quot;:&quot;0&quot;,&quot;title&quot;:&quot;&quot;,&quot;orientation&quot;:&quot;0&quot;}\" data-image-title=\"Benutzerverwaltung\" data-image-description=\"\" data-image-caption=\"&lt;p&gt;Benutzerverwaltung&lt;\/p&gt;\n\" data-large-file=\"https:\/\/gs-cms.com\/wp-content\/uploads\/Benutzerverwaltung-1024x700.jpg\" class=\"alignnone size-medium wp-image-1344\" src=\"https:\/\/gs-cms.com\/wp-content\/uploads\/Benutzerverwaltung-300x205.jpg\" alt=\"Benutzerverwaltung\" width=\"300\" height=\"205\" srcset=\"https:\/\/gs-cms.com\/wp-content\/uploads\/Benutzerverwaltung-300x205.jpg 300w, https:\/\/gs-cms.com\/wp-content\/uploads\/Benutzerverwaltung-1024x700.jpg 1024w, https:\/\/gs-cms.com\/wp-content\/uploads\/Benutzerverwaltung.jpg 1211w\" sizes=\"auto, (max-width: 300px) 100vw, 300px\" \/><\/a><\/p>\n<h3>Neue Benutzer anlegen<\/h3>\n<p>Mit dem Plus-Symbol wird ein neuer Benutzer angelegt.<\/p>\n<p><a href=\"https:\/\/gs-cms.com\/wp-content\/uploads\/Benutzerverwaltung-Benutzer-Details.png\" data-rel=\"lightbox-gallery-kHXOODMS\" data-rl_title=\"\" data-rl_caption=\"\" title=\"\"><img loading=\"lazy\" decoding=\"async\" class=\"alignnone size-medium wp-image-642\" src=\"https:\/\/gs-cms.com\/wp-content\/uploads\/Benutzerverwaltung-Benutzer-Details-300x160.png\" alt=\"Benutzerverwaltung Benutzer-Details\" width=\"300\" height=\"160\" \/><\/a><\/p>\n<p>Der Login-Name ist der Name, mit welchem sich der Anwender am Programm authentifiziert. Die Eingabe eines Passworts ist zu diesem Zeitpunkt nicht erforderlich. Der Anwender wird beim ersten Login-Vorgang gebeten ein Passwort einzugeben.<\/p>\n<p>Zus\u00e4tzlich kann der vollst\u00e4ndige Name und eine E-Mail-Adresse eingegeben werden. Der Anwender muss einer Person in der Adressverwaltung zugeordnet werden. Falls der anzulegende Benutzer noch nicht als Personenkontakt existiert, muss dieser zuerst in der Adressverwaltung angelegt werden.<\/p>\n<h3>Rollen definieren und zuordnen<\/h3>\n<p>Das Sicherheitskonzept von CMS ist rollenbasierend. Rechte, welche zum Ausf\u00fchren von bestimmten Programmfunktionen erforderlich sind werden frei definierbaren Rollen zugeordnet. \u00dcber den Men\u00fcpunkt \u201aRollen bearbeiten\u2018 werden die Programmrollen definiert.<\/p>\n<p><a href=\"https:\/\/gs-cms.com\/wp-content\/uploads\/Benutzerverwaltung-Rollen.jpg\" data-rel=\"lightbox-gallery-kHXOODMS\" data-rl_title=\"\" data-rl_caption=\"\" title=\"\"><img loading=\"lazy\" decoding=\"async\" data-attachment-id=\"1342\" data-permalink=\"https:\/\/gs-cms.com\/?attachment_id=1342\" data-orig-file=\"https:\/\/gs-cms.com\/wp-content\/uploads\/Benutzerverwaltung-Rollen.jpg\" data-orig-size=\"650,400\" data-comments-opened=\"1\" data-image-meta=\"{&quot;aperture&quot;:&quot;0&quot;,&quot;credit&quot;:&quot;&quot;,&quot;camera&quot;:&quot;&quot;,&quot;caption&quot;:&quot;&quot;,&quot;created_timestamp&quot;:&quot;0&quot;,&quot;copyright&quot;:&quot;&quot;,&quot;focal_length&quot;:&quot;0&quot;,&quot;iso&quot;:&quot;0&quot;,&quot;shutter_speed&quot;:&quot;0&quot;,&quot;title&quot;:&quot;&quot;,&quot;orientation&quot;:&quot;0&quot;}\" data-image-title=\"Benutzerverwaltung Rollen\" data-image-description=\"\" data-image-caption=\"\" data-large-file=\"https:\/\/gs-cms.com\/wp-content\/uploads\/Benutzerverwaltung-Rollen.jpg\" class=\"alignnone size-medium wp-image-1342\" src=\"https:\/\/gs-cms.com\/wp-content\/uploads\/Benutzerverwaltung-Rollen-300x184.jpg\" alt=\"Benutzerverwaltung Rollen\" width=\"300\" height=\"184\" srcset=\"https:\/\/gs-cms.com\/wp-content\/uploads\/Benutzerverwaltung-Rollen-300x184.jpg 300w, https:\/\/gs-cms.com\/wp-content\/uploads\/Benutzerverwaltung-Rollen.jpg 650w\" sizes=\"auto, (max-width: 300px) 100vw, 300px\" \/><\/a><\/p>\n<p>Hier k\u00f6nnen neue Rollen angelegt, Rollen gel\u00f6scht und die Rechte der Rollen ver\u00e4ndert werden.<\/p>\n<p>Im Programm k\u00f6nnen sowohl allgemeine Rollen angelegt werden, die sich auf die allgemeinen Programmfunktionen (Adressverwaltung, Projektadministration, etc.) beziehen, als auch projektbezogene Rollen, die nur f\u00fcr ein bestimmtes Projekt g\u00fcltig sind.<\/p>\n<p>Jedem User k\u00f6nnen mehrere allgemeine Rollen und mehrere Rollen zu jedem zugeordneten Projekt zugewiesen werden. Werden dem Anwender mehrere Rollen mit unterschiedlichen Rechten zugewiesen, so addieren sich die Rechte. Das hei\u00dft, falls der Anwender in einer Rolle ein bestimmtes Recht besitzt, reicht dies aus, um die entsprechende Programmfunktion auszuf\u00fchren. Die Rechte projektbezogener Rollen wirken sich nur auf das angegebene Projekt aus.<\/p>\n","protected":false},"excerpt":{"rendered":"<p>Starten von CMS Nachdem die Software installiert wurde und die Servereinstellungen get\u00e4tigt und die Datenbank erstellt wurde, kann CMS zum ersten Mal gestartet werden. Je nach Auswahl in der Installationsroutine wurde eine Verkn\u00fcpfung im Startmen\u00fc und\/oder auf dem Desktop erstellt, mit welcher die Software gestartet werden kann. Beim Erstellen der Datenbankstruktur wird automatisch ein User&hellip;<\/p>\n","protected":false},"author":11,"featured_media":0,"parent":208,"menu_order":2,"comment_status":"closed","ping_status":"closed","template":"helppage.php","meta":{"_bbp_topic_count":0,"_bbp_reply_count":0,"_bbp_total_topic_count":0,"_bbp_total_reply_count":0,"_bbp_voice_count":0,"_bbp_anonymous_reply_count":0,"_bbp_topic_count_hidden":0,"_bbp_reply_count_hidden":0,"_bbp_forum_subforum_count":0,"footnotes":""},"class_list":["post-224","page","type-page","status-publish","hentry"],"aioseo_notices":[],"jetpack_sharing_enabled":true,"jetpack-related-posts":[{"id":213,"url":"https:\/\/gs-cms.com\/?page_id=213","url_meta":{"origin":224,"position":0},"title":"Konfiguration","author":"Patrick Schimmel","date":"Freitag, 6. Dezember 2013","format":false,"excerpt":"Starten des Konfigurationstools Vor dem ersten Einsatz von CMS m\u00fcssen die Verbindungsdaten zu den Servern eingegeben werden. Dies geschieht \u00fcber das Tool CMS.Config.exe, welches bei der Installation von CMS in den Programmordner kopiert wurde. Sie erreichen das Tool auch \u00fcber den entsprechenden Eintrag im Windows-Startmen\u00fc. Bitte starten Sie die Datei\u2026","rel":"","context":"In \"Konfiguration\"","block_context":{"text":"Konfiguration","link":"https:\/\/gs-cms.com\/?tag=konfiguration"},"img":{"alt_text":"Config-Tool","src":"https:\/\/i0.wp.com\/gs-cms.com\/wp-content\/uploads\/Config-Tool-300x245.jpg?resize=350%2C200&ssl=1","width":350,"height":200},"classes":[]},{"id":1258,"url":"https:\/\/gs-cms.com\/?page_id=1258","url_meta":{"origin":224,"position":1},"title":"Erweiterte Konfiguration","author":"Patrick Schimmel","date":"Mittwoch, 14. Mai 2014","format":false,"excerpt":"Grundlegende Funktionen zum Erstellen der Datenbank und dem Benutzen des Config-Tools wurden bereits hier erl\u00e4utert. In diesem Abschnitt werden die erweiterten Funktionen kurz erkl\u00e4rt. Anlegen einer neuen Datenbankverbindung Mit dem Plus-Symbol wird eine neue Verbindung angelegt. Sie k\u00f6nnen beliebig viele Verbindungen anlegen, jeder Client-Rechner kann somit \u00fcber mehrere Verbindungen verf\u00fcgen.\u2026","rel":"","context":"In \"Admin\"","block_context":{"text":"Admin","link":"https:\/\/gs-cms.com\/?tag=admin"},"img":{"alt_text":"Config-Tool","src":"https:\/\/i0.wp.com\/gs-cms.com\/wp-content\/uploads\/Config-Tool-300x245.jpg?resize=350%2C200&ssl=1","width":350,"height":200},"classes":[]},{"id":227,"url":"https:\/\/gs-cms.com\/?page_id=227","url_meta":{"origin":224,"position":2},"title":"Updates","author":"Patrick Schimmel","date":"Freitag, 6. Dezember 2013","format":false,"excerpt":"Programm-Updates Das Programm pr\u00fcft beim Start automatisch, ob eine neue Programmversion verf\u00fcgbar ist. Diese kann automatisiert heruntergeladen und installiert werden. Folgen Sie hierzu einfach den Anweisungen auf dem Bildschirm. Die Funktion der automatischen Suche nach Updates kann bei den Anwendungseinstellungen (unten im Hauptmen\u00fc) deaktiviert werden. Die Installation kann nur erfolgen,\u2026","rel":"","context":"In \"Updates\"","block_context":{"text":"Updates","link":"https:\/\/gs-cms.com\/?tag=updates"},"img":{"alt_text":"","src":"","width":0,"height":0},"classes":[]},{"id":1491,"url":"https:\/\/gs-cms.com\/?page_id=1491","url_meta":{"origin":224,"position":3},"title":"Konfiguration des Web Services","author":"Patrick Schimmel","date":"Samstag, 5. Juli 2014","format":false,"excerpt":"Vorteile: Bew\u00e4hrte Web-Technologie Ordner ist vor Benutzerzugriffen gesch\u00fctzt Verteilung der Last auf verschiedene Rechner Download von skalierten Bildern m\u00f6glich (Bildvorschau wesentlich schneller) Authentifizierung des Benutzers \u00fcber die CMS-Datenbank Nachteile: Einrichtung eines IIS-Webservers und Installation des CMS Webservice ist erforderlich Der IIS-Webserver kann nur auf einem Windows-Server installiert werden. Installation des\u00a0Internet\u2026","rel":"","context":"In \"Konfiguration\"","block_context":{"text":"Konfiguration","link":"https:\/\/gs-cms.com\/?tag=konfiguration"},"img":{"alt_text":"","src":"https:\/\/i0.wp.com\/gs-cms.com\/wp-content\/uploads\/IISManager.jpg?resize=350%2C200&ssl=1","width":350,"height":200,"srcset":"https:\/\/i0.wp.com\/gs-cms.com\/wp-content\/uploads\/IISManager.jpg?resize=350%2C200&ssl=1 1x, https:\/\/i0.wp.com\/gs-cms.com\/wp-content\/uploads\/IISManager.jpg?resize=525%2C300&ssl=1 1.5x"},"classes":[]},{"id":278,"url":"https:\/\/gs-cms.com\/?page_id=278","url_meta":{"origin":224,"position":4},"title":"Benutzer","author":"Patrick Schimmel","date":"Dienstag, 10. Dezember 2013","format":false,"excerpt":"Benutzer hinzuf\u00fcgen Ein Benutzer wird mit einem Mausklick auf den Plus-Button in der Toolbar neu angelegt. Daraufhin erscheint das Detail-Fenster des Benutzers. Hier m\u00fcssen alle Daten ausgef\u00fcllt und der Benutzer muss einem Kontakt aus der Adressverwaltung zugeordnet werden. Diese Zuordnung wird programmintern in einigen Modulen verwendet. Ist der Kontakt in\u2026","rel":"","context":"In \"Admin\"","block_context":{"text":"Admin","link":"https:\/\/gs-cms.com\/?tag=admin"},"img":{"alt_text":"Add","src":"https:\/\/i0.wp.com\/gs-cms.com\/wp-content\/uploads\/Add.png?resize=350%2C200&ssl=1","width":350,"height":200},"classes":[]},{"id":1143,"url":"https:\/\/gs-cms.com\/?page_id=1143","url_meta":{"origin":224,"position":5},"title":"Todo-Liste","author":"Patrick Schimmel","date":"Donnerstag, 30. Januar 2014","format":false,"excerpt":"Mit der Todo-Liste k\u00f6nnen pers\u00f6nliche Aufgaben \u00fcberwacht werden und Aufgaben delegiert werden. Durch die Verbindung mit anderen Modulen k\u00f6nnen Todo-Punke direkt aus Besprechungsprotokollen, M\u00e4ngeln, usw. erzeugt werden. Neue Eintr\u00e4ge werden in der Liste in Rot dargestellt. Todo-Eintrag hinzuf\u00fcgen Hiermit wird ein neuer Todo-Eintrag ohne Verbindung zu einem anderen Modul erzeugt.\u2026","rel":"","context":"In \"Todo\"","block_context":{"text":"Todo","link":"https:\/\/gs-cms.com\/?tag=todo"},"img":{"alt_text":"","src":"https:\/\/i0.wp.com\/gs-cms.com\/wp-content\/uploads\/Todo-Eintrag-Grunddaten.jpg?resize=350%2C200&ssl=1","width":350,"height":200,"srcset":"https:\/\/i0.wp.com\/gs-cms.com\/wp-content\/uploads\/Todo-Eintrag-Grunddaten.jpg?resize=350%2C200&ssl=1 1x, https:\/\/i0.wp.com\/gs-cms.com\/wp-content\/uploads\/Todo-Eintrag-Grunddaten.jpg?resize=525%2C300&ssl=1 1.5x"},"classes":[]}],"_links":{"self":[{"href":"https:\/\/gs-cms.com\/index.php?rest_route=\/wp\/v2\/pages\/224","targetHints":{"allow":["GET"]}}],"collection":[{"href":"https:\/\/gs-cms.com\/index.php?rest_route=\/wp\/v2\/pages"}],"about":[{"href":"https:\/\/gs-cms.com\/index.php?rest_route=\/wp\/v2\/types\/page"}],"author":[{"embeddable":true,"href":"https:\/\/gs-cms.com\/index.php?rest_route=\/wp\/v2\/users\/11"}],"replies":[{"embeddable":true,"href":"https:\/\/gs-cms.com\/index.php?rest_route=%2Fwp%2Fv2%2Fcomments&post=224"}],"version-history":[{"count":0,"href":"https:\/\/gs-cms.com\/index.php?rest_route=\/wp\/v2\/pages\/224\/revisions"}],"up":[{"embeddable":true,"href":"https:\/\/gs-cms.com\/index.php?rest_route=\/wp\/v2\/pages\/208"}],"wp:attachment":[{"href":"https:\/\/gs-cms.com\/index.php?rest_route=%2Fwp%2Fv2%2Fmedia&parent=224"}],"curies":[{"name":"wp","href":"https:\/\/api.w.org\/{rel}","templated":true}]}}