
{"id":206,"date":"2013-12-06T12:04:58","date_gmt":"2013-12-06T11:04:58","guid":{"rendered":"http:\/\/gs-cms.com\/?page_id=206"},"modified":"2020-05-15T23:14:14","modified_gmt":"2020-05-15T21:14:14","slug":"installation","status":"publish","type":"page","link":"https:\/\/gs-cms.com\/?page_id=206","title":{"rendered":"Installation"},"content":{"rendered":"<p>Die Installation der einzelnen Komponenten erfordert Administratorrechte und grundlegendes Wissen der Netzwerkadministration.<\/p>\n<p>Ein Video-Tutorial mit einer Anleitung zur Installation und Einrichtung des Programms finden Sie <a href=\"https:\/\/gs-cms.com\/?p=2770\">hier<\/a>.<\/p>\n<h3>Mindestanforderungen<\/h3>\n<p>Zur erfolgreichen Installation und dem Betrieb von CMS m\u00fcssen&nbsp;folgende Anforderungen erf\u00fcllt sein:<\/p>\n<ul>\n<li>Das Microsoft .NET-Framework 4.0 muss auf allen Client-Rechnern installiert sein.<\/li>\n<li>MySQL Datenbankbetriebssystem (Version 5.0 oder gr\u00f6\u00dfer) f\u00fcr die Datenablage. MySQL kann lokal oder auf einem Server installiert werden.<\/li>\n<li>Zus\u00e4tzliche Anforderungen f\u00fcr die Dateiablage:\n<ul>\n<li>Dateien werden in Verzeichnis abgelegt: keine weiteren Anforderungen.<\/li>\n<li>Dateien werden auf einem FTP-Server gespeichert: FTP-Server.<\/li>\n<li>Dateien werden mit einem Webservice gespeichert: IIS-Server.<\/li>\n<\/ul>\n<\/li>\n<li>Zus\u00e4tzliche Anforderungen f\u00fcr den Email-Versand:\n<ul>\n<li>SMTP-Server<\/li>\n<\/ul>\n<\/li>\n<\/ul>\n<p>Die Mindestanforderungen an die Hardware und Software, die das .NET Framework fordert sind auch gleichzeitig die Mindestanforderungen f\u00fcr das CMS. Als Betriebssystem ist f\u00fcr alle Client-Rechner mindestens Windows XP SP3 erforderlich.<\/p>\n<p>Mindestanforderungen an die Hardware:<\/p>\n<ul>\n<li>1 MHz Prozessor<\/li>\n<li>512 MB RAM<\/li>\n<li>50 MB Festplattenspeicher<\/li>\n<li>Grafikkarte mit DirectX-Unterst\u00fctzung<\/li>\n<li>Netzwerkkarte oder WLAN<\/li>\n<\/ul>\n<p><strong>Mit diesen Mindestanforderungen ist nicht automatisch ein fl\u00fcssiges Arbeiten m\u00f6glich. Eine aktuelle Hardware mit einer guten Netzwerkverbindung wird empfohlen.<\/strong><\/p>\n<h3>Installation von CMS<\/h3>\n<p>Bitte laden Sie sich die aktuelle Setup-Routine von aus den <a title=\"Downloads\" href=\"https:\/\/gs-cms.com\/?page_id=1509\">Downloads<\/a>&nbsp;herunter und starten Sie diese mit Administratorrechten. Der Installationsassistent f\u00fchrt sie durch die Installation der einzelnen Komponenten.<\/p>\n<p>Die Software muss auf allen Client-Rechnern installiert sein, die auf die CMS-Datenbank zugreifen wollen.<\/p>\n<p>Nach der Installation der Software m\u00fcssen die Informationen zu den Serververbindung eingegeben werden.<\/p>\n<h3>Installation des Datenbank-Servers<\/h3>\n<p>CMS verwendet eine MySQL-Datenbank zur Verwaltung der Daten. Hiermit ist ein effizientes, simultanes Arbeiten von mehreren Usern gew\u00e4hrleistet, bei einer hohen Performanz.<\/p>\n<p>Der MySQL-Server ist ein Open Source Datenbankbetriebssystem, welches von Oracle weiterentwickelt wird. Der MySQL-Server ist f\u00fcr viele verschiedene Betriebssysteme verf\u00fcgbar. Das Betriebssystem und die Plattform auf welchem der MySQL-Server installiert wird ist unerheblich. Bitte beachten Sie vor der Installation die MySQL Lizenzbedinungen.<\/p>\n<p>Bitte laden Sie sich&nbsp;die Installationsdatei einer aktuellen MySQL-Version (z.B. MySQL Community Server Version \u2265 5.0) von der MySQL-Website herunter:<\/p>\n<p><a href=\"http:\/\/www.mysql.de\/downloads\/\">http:\/\/www.mysql.de\/downloads\/<\/a><\/p>\n<p>Folgen Sie den Anweisungen des Installationsprogramms, um den MySQL-Server zu installieren. Nachdem MySQL installiert ist, m\u00fcssen die Servereinstellungen konfiguriert werden. Je nachdem welche Version von MySQL Sie verwenden sieht die Installationsroutine etwas anders aus.<\/p>\n<p><a href=\"https:\/\/gs-cms.com\/wp-content\/uploads\/MySQLConfig1.png\" data-rel=\"lightbox-gallery-vRnWQ7mY\" data-rl_title=\"\" data-rl_caption=\"\" title=\"\"><img loading=\"lazy\" decoding=\"async\" data-attachment-id=\"2006\" data-permalink=\"https:\/\/gs-cms.com\/?attachment_id=2006\" data-orig-file=\"https:\/\/gs-cms.com\/wp-content\/uploads\/MySQLConfig1.png\" data-orig-size=\"504,382\" data-comments-opened=\"0\" data-image-meta=\"{&quot;aperture&quot;:&quot;0&quot;,&quot;credit&quot;:&quot;&quot;,&quot;camera&quot;:&quot;&quot;,&quot;caption&quot;:&quot;&quot;,&quot;created_timestamp&quot;:&quot;0&quot;,&quot;copyright&quot;:&quot;&quot;,&quot;focal_length&quot;:&quot;0&quot;,&quot;iso&quot;:&quot;0&quot;,&quot;shutter_speed&quot;:&quot;0&quot;,&quot;title&quot;:&quot;&quot;,&quot;orientation&quot;:&quot;0&quot;}\" data-image-title=\"MySQLConfig1\" data-image-description=\"\" data-image-caption=\"\" data-large-file=\"https:\/\/gs-cms.com\/wp-content\/uploads\/MySQLConfig1.png\" class=\"alignnone wp-image-2006 size-medium\" src=\"https:\/\/gs-cms.com\/wp-content\/uploads\/MySQLConfig1-300x227.png\" alt=\"MySQLConfig1\" width=\"300\" height=\"227\" srcset=\"https:\/\/gs-cms.com\/wp-content\/uploads\/MySQLConfig1-300x227.png 300w, https:\/\/gs-cms.com\/wp-content\/uploads\/MySQLConfig1.png 504w\" sizes=\"auto, (max-width: 300px) 100vw, 300px\" \/><\/a><\/p>\n<p>&nbsp;<\/p>\n<p>Bitte w\u00e4hlen Sie hier \u201eDetailed Configuration\u201c<\/p>\n<p><img loading=\"lazy\" decoding=\"async\" data-attachment-id=\"2007\" data-permalink=\"https:\/\/gs-cms.com\/?attachment_id=2007\" data-orig-file=\"https:\/\/gs-cms.com\/wp-content\/uploads\/MySQLConfig2.png\" data-orig-size=\"504,382\" data-comments-opened=\"0\" data-image-meta=\"{&quot;aperture&quot;:&quot;0&quot;,&quot;credit&quot;:&quot;&quot;,&quot;camera&quot;:&quot;&quot;,&quot;caption&quot;:&quot;&quot;,&quot;created_timestamp&quot;:&quot;0&quot;,&quot;copyright&quot;:&quot;&quot;,&quot;focal_length&quot;:&quot;0&quot;,&quot;iso&quot;:&quot;0&quot;,&quot;shutter_speed&quot;:&quot;0&quot;,&quot;title&quot;:&quot;&quot;,&quot;orientation&quot;:&quot;0&quot;}\" data-image-title=\"MySQLConfig2\" data-image-description=\"\" data-image-caption=\"\" data-large-file=\"https:\/\/gs-cms.com\/wp-content\/uploads\/MySQLConfig2.png\" class=\"alignnone wp-image-2007 size-medium\" src=\"https:\/\/gs-cms.com\/wp-content\/uploads\/MySQLConfig2-300x227.png\" alt=\"MySQLConfig2\" width=\"300\" height=\"227\" srcset=\"https:\/\/gs-cms.com\/wp-content\/uploads\/MySQLConfig2-300x227.png 300w, https:\/\/gs-cms.com\/wp-content\/uploads\/MySQLConfig2.png 504w\" sizes=\"auto, (max-width: 300px) 100vw, 300px\" \/><\/p>\n<p>Wenn Sie MySQL auf einem Server installieren und mit einer Vielzahl von Anwendern auf die Datenbank zugreifen w\u00e4hlen Sie hier \u201eDedicated MySQL Server Machine\u201c<\/p>\n<p>Falls Sie MySQL auf einem lokalen Rechner installieren und mit nur wenigen Anwendern zugreifen sollten Sie \u201eDeveloper Machine\u201c w\u00e4hlen.<\/p>\n<p><img loading=\"lazy\" decoding=\"async\" data-attachment-id=\"2008\" data-permalink=\"https:\/\/gs-cms.com\/?attachment_id=2008\" data-orig-file=\"https:\/\/gs-cms.com\/wp-content\/uploads\/MySQLConfig3.png\" data-orig-size=\"504,382\" data-comments-opened=\"0\" data-image-meta=\"{&quot;aperture&quot;:&quot;0&quot;,&quot;credit&quot;:&quot;&quot;,&quot;camera&quot;:&quot;&quot;,&quot;caption&quot;:&quot;&quot;,&quot;created_timestamp&quot;:&quot;0&quot;,&quot;copyright&quot;:&quot;&quot;,&quot;focal_length&quot;:&quot;0&quot;,&quot;iso&quot;:&quot;0&quot;,&quot;shutter_speed&quot;:&quot;0&quot;,&quot;title&quot;:&quot;&quot;,&quot;orientation&quot;:&quot;0&quot;}\" data-image-title=\"MySQLConfig3\" data-image-description=\"\" data-image-caption=\"\" data-large-file=\"https:\/\/gs-cms.com\/wp-content\/uploads\/MySQLConfig3.png\" class=\"alignnone wp-image-2008 size-medium\" src=\"https:\/\/gs-cms.com\/wp-content\/uploads\/MySQLConfig3-300x227.png\" alt=\"MySQLConfig3\" width=\"300\" height=\"227\" srcset=\"https:\/\/gs-cms.com\/wp-content\/uploads\/MySQLConfig3-300x227.png 300w, https:\/\/gs-cms.com\/wp-content\/uploads\/MySQLConfig3.png 504w\" sizes=\"auto, (max-width: 300px) 100vw, 300px\" \/><\/p>\n<p>W\u00e4hlen Sie hier \u201eMultifunctional Database\u201c.<\/p>\n<p><img loading=\"lazy\" decoding=\"async\" data-attachment-id=\"2009\" data-permalink=\"https:\/\/gs-cms.com\/?attachment_id=2009\" data-orig-file=\"https:\/\/gs-cms.com\/wp-content\/uploads\/MySQLConfig4.png\" data-orig-size=\"504,382\" data-comments-opened=\"0\" data-image-meta=\"{&quot;aperture&quot;:&quot;0&quot;,&quot;credit&quot;:&quot;&quot;,&quot;camera&quot;:&quot;&quot;,&quot;caption&quot;:&quot;&quot;,&quot;created_timestamp&quot;:&quot;0&quot;,&quot;copyright&quot;:&quot;&quot;,&quot;focal_length&quot;:&quot;0&quot;,&quot;iso&quot;:&quot;0&quot;,&quot;shutter_speed&quot;:&quot;0&quot;,&quot;title&quot;:&quot;&quot;,&quot;orientation&quot;:&quot;0&quot;}\" data-image-title=\"MySQLConfig4\" data-image-description=\"\" data-image-caption=\"\" data-large-file=\"https:\/\/gs-cms.com\/wp-content\/uploads\/MySQLConfig4.png\" class=\"alignnone wp-image-2009 size-medium\" src=\"https:\/\/gs-cms.com\/wp-content\/uploads\/MySQLConfig4-300x227.png\" alt=\"MySQLConfig4\" width=\"300\" height=\"227\" srcset=\"https:\/\/gs-cms.com\/wp-content\/uploads\/MySQLConfig4-300x227.png 300w, https:\/\/gs-cms.com\/wp-content\/uploads\/MySQLConfig4.png 504w\" sizes=\"auto, (max-width: 300px) 100vw, 300px\" \/><\/p>\n<p>Hier k\u00f6nnen Sie den Installationspfad ausw\u00e4hlen oder die Standardeinstellungen belassen.<\/p>\n<p><img loading=\"lazy\" decoding=\"async\" data-attachment-id=\"2010\" data-permalink=\"https:\/\/gs-cms.com\/?attachment_id=2010\" data-orig-file=\"https:\/\/gs-cms.com\/wp-content\/uploads\/MySQLConfig5.png\" data-orig-size=\"504,382\" data-comments-opened=\"0\" data-image-meta=\"{&quot;aperture&quot;:&quot;0&quot;,&quot;credit&quot;:&quot;&quot;,&quot;camera&quot;:&quot;&quot;,&quot;caption&quot;:&quot;&quot;,&quot;created_timestamp&quot;:&quot;0&quot;,&quot;copyright&quot;:&quot;&quot;,&quot;focal_length&quot;:&quot;0&quot;,&quot;iso&quot;:&quot;0&quot;,&quot;shutter_speed&quot;:&quot;0&quot;,&quot;title&quot;:&quot;&quot;,&quot;orientation&quot;:&quot;0&quot;}\" data-image-title=\"MySQLConfig5\" data-image-description=\"\" data-image-caption=\"\" data-large-file=\"https:\/\/gs-cms.com\/wp-content\/uploads\/MySQLConfig5.png\" class=\"alignnone wp-image-2010 size-medium\" src=\"https:\/\/gs-cms.com\/wp-content\/uploads\/MySQLConfig5-300x227.png\" alt=\"MySQLConfig5\" width=\"300\" height=\"227\" srcset=\"https:\/\/gs-cms.com\/wp-content\/uploads\/MySQLConfig5-300x227.png 300w, https:\/\/gs-cms.com\/wp-content\/uploads\/MySQLConfig5.png 504w\" sizes=\"auto, (max-width: 300px) 100vw, 300px\" \/><\/p>\n<p>Belassen Sie hier die Standardeinstellung.<\/p>\n<p><img loading=\"lazy\" decoding=\"async\" data-attachment-id=\"2011\" data-permalink=\"https:\/\/gs-cms.com\/?attachment_id=2011\" data-orig-file=\"https:\/\/gs-cms.com\/wp-content\/uploads\/MySQLConfig6.png\" data-orig-size=\"504,382\" data-comments-opened=\"0\" data-image-meta=\"{&quot;aperture&quot;:&quot;0&quot;,&quot;credit&quot;:&quot;&quot;,&quot;camera&quot;:&quot;&quot;,&quot;caption&quot;:&quot;&quot;,&quot;created_timestamp&quot;:&quot;0&quot;,&quot;copyright&quot;:&quot;&quot;,&quot;focal_length&quot;:&quot;0&quot;,&quot;iso&quot;:&quot;0&quot;,&quot;shutter_speed&quot;:&quot;0&quot;,&quot;title&quot;:&quot;&quot;,&quot;orientation&quot;:&quot;0&quot;}\" data-image-title=\"MySQLConfig6\" data-image-description=\"\" data-image-caption=\"\" data-large-file=\"https:\/\/gs-cms.com\/wp-content\/uploads\/MySQLConfig6.png\" class=\"alignnone wp-image-2011 size-medium\" src=\"https:\/\/gs-cms.com\/wp-content\/uploads\/MySQLConfig6-300x227.png\" alt=\"MySQLConfig6\" width=\"300\" height=\"227\" srcset=\"https:\/\/gs-cms.com\/wp-content\/uploads\/MySQLConfig6-300x227.png 300w, https:\/\/gs-cms.com\/wp-content\/uploads\/MySQLConfig6.png 504w\" sizes=\"auto, (max-width: 300px) 100vw, 300px\" \/><\/p>\n<p>Bitte w\u00e4hlen Sie hier die Optionen \u201eEnable TCP\/IP Networking\u201c und \u201eEnable Strict Mode\u201c. Falls auch andere Rechner auf die Datenbank zugreifen sollen oder Sie MySQL auf einem Server installieren, m\u00fcssen Sie die Option \u201eAdd firewall exception for this port\u201c ausw\u00e4hlen. Die Portnummer sollte auf dem Standard belassen werden.<\/p>\n<p><img loading=\"lazy\" decoding=\"async\" data-attachment-id=\"2012\" data-permalink=\"https:\/\/gs-cms.com\/?attachment_id=2012\" data-orig-file=\"https:\/\/gs-cms.com\/wp-content\/uploads\/MySQLConfig7.png\" data-orig-size=\"504,382\" data-comments-opened=\"0\" data-image-meta=\"{&quot;aperture&quot;:&quot;0&quot;,&quot;credit&quot;:&quot;&quot;,&quot;camera&quot;:&quot;&quot;,&quot;caption&quot;:&quot;&quot;,&quot;created_timestamp&quot;:&quot;0&quot;,&quot;copyright&quot;:&quot;&quot;,&quot;focal_length&quot;:&quot;0&quot;,&quot;iso&quot;:&quot;0&quot;,&quot;shutter_speed&quot;:&quot;0&quot;,&quot;title&quot;:&quot;&quot;,&quot;orientation&quot;:&quot;0&quot;}\" data-image-title=\"MySQLConfig7\" data-image-description=\"\" data-image-caption=\"\" data-large-file=\"https:\/\/gs-cms.com\/wp-content\/uploads\/MySQLConfig7.png\" class=\"alignnone wp-image-2012 size-medium\" src=\"https:\/\/gs-cms.com\/wp-content\/uploads\/MySQLConfig7-300x227.png\" alt=\"MySQLConfig7\" width=\"300\" height=\"227\" srcset=\"https:\/\/gs-cms.com\/wp-content\/uploads\/MySQLConfig7-300x227.png 300w, https:\/\/gs-cms.com\/wp-content\/uploads\/MySQLConfig7.png 504w\" sizes=\"auto, (max-width: 300px) 100vw, 300px\" \/><\/p>\n<p>Bitte w\u00e4hlen Sie hier \u201eBest Support for Multilingualism\u201c, bzw. UTF8 als Standardzeichensatz.<\/p>\n<p><img loading=\"lazy\" decoding=\"async\" data-attachment-id=\"2013\" data-permalink=\"https:\/\/gs-cms.com\/?attachment_id=2013\" data-orig-file=\"https:\/\/gs-cms.com\/wp-content\/uploads\/MySQLConfig8.png\" data-orig-size=\"504,382\" data-comments-opened=\"0\" data-image-meta=\"{&quot;aperture&quot;:&quot;0&quot;,&quot;credit&quot;:&quot;&quot;,&quot;camera&quot;:&quot;&quot;,&quot;caption&quot;:&quot;&quot;,&quot;created_timestamp&quot;:&quot;0&quot;,&quot;copyright&quot;:&quot;&quot;,&quot;focal_length&quot;:&quot;0&quot;,&quot;iso&quot;:&quot;0&quot;,&quot;shutter_speed&quot;:&quot;0&quot;,&quot;title&quot;:&quot;&quot;,&quot;orientation&quot;:&quot;0&quot;}\" data-image-title=\"MySQLConfig8\" data-image-description=\"\" data-image-caption=\"\" data-large-file=\"https:\/\/gs-cms.com\/wp-content\/uploads\/MySQLConfig8.png\" class=\"alignnone wp-image-2013 size-medium\" src=\"https:\/\/gs-cms.com\/wp-content\/uploads\/MySQLConfig8-300x227.png\" alt=\"MySQLConfig8\" width=\"300\" height=\"227\" srcset=\"https:\/\/gs-cms.com\/wp-content\/uploads\/MySQLConfig8-300x227.png 300w, https:\/\/gs-cms.com\/wp-content\/uploads\/MySQLConfig8.png 504w\" sizes=\"auto, (max-width: 300px) 100vw, 300px\" \/><\/p>\n<p>Belassen Sie hier die Standards.<\/p>\n<p>&nbsp;<\/p>\n<p><a href=\"https:\/\/gs-cms.com\/wp-content\/uploads\/MySQLConfig9.png\" data-rel=\"lightbox-gallery-vRnWQ7mY\" data-rl_title=\"\" data-rl_caption=\"\" title=\"\"><img loading=\"lazy\" decoding=\"async\" data-attachment-id=\"2014\" data-permalink=\"https:\/\/gs-cms.com\/?attachment_id=2014\" data-orig-file=\"https:\/\/gs-cms.com\/wp-content\/uploads\/MySQLConfig9.png\" data-orig-size=\"504,382\" data-comments-opened=\"0\" data-image-meta=\"{&quot;aperture&quot;:&quot;0&quot;,&quot;credit&quot;:&quot;&quot;,&quot;camera&quot;:&quot;&quot;,&quot;caption&quot;:&quot;&quot;,&quot;created_timestamp&quot;:&quot;0&quot;,&quot;copyright&quot;:&quot;&quot;,&quot;focal_length&quot;:&quot;0&quot;,&quot;iso&quot;:&quot;0&quot;,&quot;shutter_speed&quot;:&quot;0&quot;,&quot;title&quot;:&quot;&quot;,&quot;orientation&quot;:&quot;0&quot;}\" data-image-title=\"MySQLConfig9\" data-image-description=\"\" data-image-caption=\"\" data-large-file=\"https:\/\/gs-cms.com\/wp-content\/uploads\/MySQLConfig9.png\" class=\"alignnone wp-image-2014 size-medium\" src=\"https:\/\/gs-cms.com\/wp-content\/uploads\/MySQLConfig9-300x227.png\" alt=\"MySQLConfig9\" width=\"300\" height=\"227\" srcset=\"https:\/\/gs-cms.com\/wp-content\/uploads\/MySQLConfig9-300x227.png 300w, https:\/\/gs-cms.com\/wp-content\/uploads\/MySQLConfig9.png 504w\" sizes=\"auto, (max-width: 300px) 100vw, 300px\" \/><\/a><\/p>\n<p>Bitte vergeben Sie hier ein Passwort f\u00fcr den Datenbankadministrator. Der Benutzername wird von MySQL automatisch auf \u201eroot\u201c festgelegt. Bitte merken Sie sich diese Daten, da sie sp\u00e4ter zum Erstellen von Datenbankverbindungen gebraucht werden.<\/p>\n<p><strong>Bitte achten Sie darauf, dass die Standardeinstellung f\u00fcr den Zeichensatz von MySQL auf \u201eUTF-8\u201c steht. Ansonsten wird die Anmeldung am Programm fehlschlagen, obwohl die Datenbank fehlerfrei erzeugt wurde und sie die richtigen Anmeldedaten eingegeben haben.<\/strong><\/p>\n","protected":false},"excerpt":{"rendered":"<p>Die Installation der einzelnen Komponenten erfordert Administratorrechte und grundlegendes Wissen der Netzwerkadministration. Ein Video-Tutorial mit einer Anleitung zur Installation und Einrichtung des Programms finden Sie hier. Mindestanforderungen Zur erfolgreichen Installation und dem Betrieb von CMS m\u00fcssen&nbsp;folgende Anforderungen erf\u00fcllt sein: Das Microsoft .NET-Framework 4.0 muss auf allen Client-Rechnern installiert sein. MySQL Datenbankbetriebssystem (Version 5.0 oder gr\u00f6\u00dfer)&hellip;<\/p>\n","protected":false},"author":11,"featured_media":0,"parent":208,"menu_order":0,"comment_status":"open","ping_status":"closed","template":"helppage.php","meta":{"_bbp_topic_count":0,"_bbp_reply_count":0,"_bbp_total_topic_count":0,"_bbp_total_reply_count":0,"_bbp_voice_count":0,"_bbp_anonymous_reply_count":0,"_bbp_topic_count_hidden":0,"_bbp_reply_count_hidden":0,"_bbp_forum_subforum_count":0,"footnotes":""},"class_list":["post-206","page","type-page","status-publish","hentry"],"aioseo_notices":[],"jetpack_sharing_enabled":true,"jetpack-related-posts":[{"id":213,"url":"https:\/\/gs-cms.com\/?page_id=213","url_meta":{"origin":206,"position":0},"title":"Konfiguration","author":"Patrick Schimmel","date":"Freitag, 6. Dezember 2013","format":false,"excerpt":"Starten des Konfigurationstools Vor dem ersten Einsatz von CMS m\u00fcssen die Verbindungsdaten zu den Servern eingegeben werden. Dies geschieht \u00fcber das Tool CMS.Config.exe, welches bei der Installation von CMS in den Programmordner kopiert wurde. Sie erreichen das Tool auch \u00fcber den entsprechenden Eintrag im Windows-Startmen\u00fc. Bitte starten Sie die Datei\u2026","rel":"","context":"In \"Konfiguration\"","block_context":{"text":"Konfiguration","link":"https:\/\/gs-cms.com\/?tag=konfiguration"},"img":{"alt_text":"Config-Tool","src":"https:\/\/i0.wp.com\/gs-cms.com\/wp-content\/uploads\/Config-Tool-300x245.jpg?resize=350%2C200&ssl=1","width":350,"height":200},"classes":[]},{"id":1479,"url":"https:\/\/gs-cms.com\/?page_id=1479","url_meta":{"origin":206,"position":1},"title":"Konfiguration des FTP-Servers","author":"Patrick Schimmel","date":"Samstag, 5. Juli 2014","format":false,"excerpt":"Vorteile: Bew\u00e4hrte Web-Technologie Ordner ist vor Benutzerzugriffen gesch\u00fctzt Verteilung der Last auf verschiedene Rechner Nachteile: Upload\/Download relativ langsam Einrichtung eines FTP-Servers ist erforderlich Installation\u00a0von FileZilla Das dargestellte Beispiel bezieht sich auf die Konfiguration des kostenlosen FTP-Servers FileZilla unter Windows.\u00a0Die Einrichtung anderer FTP-Server erfolgt prinzipiell gleich. FileZilla kann kostenlos unter der\u2026","rel":"","context":"In \"FTP\"","block_context":{"text":"FTP","link":"https:\/\/gs-cms.com\/?tag=ftp"},"img":{"alt_text":"","src":"https:\/\/i0.wp.com\/gs-cms.com\/wp-content\/uploads\/Filezilla_Users.jpg?resize=350%2C200&ssl=1","width":350,"height":200,"srcset":"https:\/\/i0.wp.com\/gs-cms.com\/wp-content\/uploads\/Filezilla_Users.jpg?resize=350%2C200&ssl=1 1x, https:\/\/i0.wp.com\/gs-cms.com\/wp-content\/uploads\/Filezilla_Users.jpg?resize=525%2C300&ssl=1 1.5x"},"classes":[]},{"id":2443,"url":"https:\/\/gs-cms.com\/?page_id=2443","url_meta":{"origin":206,"position":2},"title":"CMS WebAPI","author":"Patrick Schimmel","date":"Samstag, 21. M\u00e4rz 2015","format":false,"excerpt":"Die CMS WebAPI ist die\u00a0Serverkomponente des Construction Management Systems. Die CMS WebAPI wird auf einem Windows IIS Webserver installiert um die folgenden Funktionen zu verwenden: Dateiablage der Anh\u00e4nge auf dem Webserver (Ohne Einsatz der WebAPI werden die Dateien auf einem FTP-Server oder einem Netzwerkpfad abgelegt). Zugangspunkt f\u00fcr die mobile Datenerfassung\u2026","rel":"","context":"\u00c4hnlicher Beitrag","block_context":{"text":"\u00c4hnlicher Beitrag","link":""},"img":{"alt_text":"","src":"","width":0,"height":0},"classes":[]},{"id":1491,"url":"https:\/\/gs-cms.com\/?page_id=1491","url_meta":{"origin":206,"position":3},"title":"Konfiguration des Web Services","author":"Patrick Schimmel","date":"Samstag, 5. Juli 2014","format":false,"excerpt":"Vorteile: Bew\u00e4hrte Web-Technologie Ordner ist vor Benutzerzugriffen gesch\u00fctzt Verteilung der Last auf verschiedene Rechner Download von skalierten Bildern m\u00f6glich (Bildvorschau wesentlich schneller) Authentifizierung des Benutzers \u00fcber die CMS-Datenbank Nachteile: Einrichtung eines IIS-Webservers und Installation des CMS Webservice ist erforderlich Der IIS-Webserver kann nur auf einem Windows-Server installiert werden. Installation des\u00a0Internet\u2026","rel":"","context":"In \"Konfiguration\"","block_context":{"text":"Konfiguration","link":"https:\/\/gs-cms.com\/?tag=konfiguration"},"img":{"alt_text":"","src":"https:\/\/i0.wp.com\/gs-cms.com\/wp-content\/uploads\/IISManager.jpg?resize=350%2C200&ssl=1","width":350,"height":200,"srcset":"https:\/\/i0.wp.com\/gs-cms.com\/wp-content\/uploads\/IISManager.jpg?resize=350%2C200&ssl=1 1x, https:\/\/i0.wp.com\/gs-cms.com\/wp-content\/uploads\/IISManager.jpg?resize=525%2C300&ssl=1 1.5x"},"classes":[]},{"id":3598,"url":"https:\/\/gs-cms.com\/?page_id=3598","url_meta":{"origin":206,"position":4},"title":"CMS Testzugang","author":"Patrick Schimmel","date":"Montag, 10. Juni 2019","format":false,"excerpt":"Sie k\u00f6nnen eine uneingeschr\u00e4nkte Version von CMS kostenlos testen. Hierf\u00fcr gibt es prinzipiell zwei M\u00f6glichkeiten: 30-Tage Testversion (Lokal) Sie k\u00f6nnen das Construction Management System lokal 30 Tage lang uneingeschr\u00e4nkt testen. Alle eingegebenen Daten werden ausschlie\u00dflich bei Ihnen lokal gespeichert. Laden Sie sich hierzu die aktuelle Version der Software aus unserem\u2026","rel":"","context":"\u00c4hnlicher Beitrag","block_context":{"text":"\u00c4hnlicher Beitrag","link":""},"img":{"alt_text":"","src":"","width":0,"height":0},"classes":[]},{"id":2059,"url":"https:\/\/gs-cms.com\/?page_id=2059","url_meta":{"origin":206,"position":5},"title":"CMSMobile (Android)","author":"Patrick Schimmel","date":"Dienstag, 30. Dezember 2014","format":false,"excerpt":"CMSMobile ist die mobile Datenerfassung f\u00fcr das Construction Management System CMS. Systemvoraussetzungen Um CMSMobile\u00a0zu verwenden ben\u00f6tigen\u00a0Sie ein Ger\u00e4t mit Android Betriebssystem. Die erforderliche Mindestversion von Android ist 4.4.2. Des weiteren m\u00fcssen Sie den\u00a0CMS Web Service (CMS WebAPI) installieren und so konfigurieren, dass der Web\u00a0Service\u00a0Zugriff auf Ihre Datenbank erh\u00e4lt. Details zur\u2026","rel":"","context":"\u00c4hnlicher Beitrag","block_context":{"text":"\u00c4hnlicher Beitrag","link":""},"img":{"alt_text":"CMSMobile Main","src":"https:\/\/i0.wp.com\/gs-cms.com\/wp-content\/uploads\/CMSMobile-Main-182x300.png?resize=350%2C200&ssl=1","width":350,"height":200},"classes":[]}],"_links":{"self":[{"href":"https:\/\/gs-cms.com\/index.php?rest_route=\/wp\/v2\/pages\/206","targetHints":{"allow":["GET"]}}],"collection":[{"href":"https:\/\/gs-cms.com\/index.php?rest_route=\/wp\/v2\/pages"}],"about":[{"href":"https:\/\/gs-cms.com\/index.php?rest_route=\/wp\/v2\/types\/page"}],"author":[{"embeddable":true,"href":"https:\/\/gs-cms.com\/index.php?rest_route=\/wp\/v2\/users\/11"}],"replies":[{"embeddable":true,"href":"https:\/\/gs-cms.com\/index.php?rest_route=%2Fwp%2Fv2%2Fcomments&post=206"}],"version-history":[{"count":1,"href":"https:\/\/gs-cms.com\/index.php?rest_route=\/wp\/v2\/pages\/206\/revisions"}],"predecessor-version":[{"id":3683,"href":"https:\/\/gs-cms.com\/index.php?rest_route=\/wp\/v2\/pages\/206\/revisions\/3683"}],"up":[{"embeddable":true,"href":"https:\/\/gs-cms.com\/index.php?rest_route=\/wp\/v2\/pages\/208"}],"wp:attachment":[{"href":"https:\/\/gs-cms.com\/index.php?rest_route=%2Fwp%2Fv2%2Fmedia&parent=206"}],"curies":[{"name":"wp","href":"https:\/\/api.w.org\/{rel}","templated":true}]}}