
{"id":2059,"date":"2014-12-30T20:04:22","date_gmt":"2014-12-30T19:04:22","guid":{"rendered":"http:\/\/gs-cms.com\/?page_id=2059"},"modified":"2016-01-28T00:16:21","modified_gmt":"2016-01-27T23:16:21","slug":"erste-schritte-mit-cmsmobile-android","status":"publish","type":"page","link":"https:\/\/gs-cms.com\/?page_id=2059","title":{"rendered":"CMSMobile (Android)"},"content":{"rendered":"<p>CMSMobile ist die mobile Datenerfassung f\u00fcr das Construction Management System CMS.<\/p>\n<h3>Systemvoraussetzungen<\/h3>\n<p>Um CMSMobile\u00a0zu verwenden ben\u00f6tigen\u00a0Sie ein Ger\u00e4t mit Android Betriebssystem. Die erforderliche Mindestversion von Android ist 4.4.2.<\/p>\n<p>Des weiteren m\u00fcssen Sie den\u00a0CMS Web Service (CMS WebAPI) installieren und so konfigurieren, dass der Web\u00a0Service\u00a0Zugriff auf Ihre Datenbank erh\u00e4lt. Details zur Installation und Konfiguration der WebAPI finden Sie <a title=\"Konfiguration des Web Services\" href=\"https:\/\/gs-cms.com\/?page_id=1491\">hier<\/a>.<\/p>\n<h3>Installation der App<\/h3>\n<p>Die App wird am einfachsten installiert, indem Sie mit Ihrem mobilen Endger\u00e4t mit dem Webbrowser die <a title=\"Downloads\" href=\"https:\/\/gs-cms.com\/?page_id=1509\">Download-Seite<\/a> \u00f6ffnen und die Android-App herunterladen (Dateiendung .apk).\u00a0Nachdem die App heruntergeladen und installiert wurde, befindet Sie sich bei den anderen Apps und kann \u00fcber das CMSMobile Icon gestartet werden. Die Installation vor Updates erfolgt analog. Bitte beachten Sie, dass die Version der App und der Web Service\u00a0aufeinander abgestimmt sein m\u00fcssen.<\/p>\n<p>CMSMobile startet mit dem Hauptmen\u00fc. Bevor Sie damit arbeiten k\u00f6nnen, m\u00fcssen Sie die App konfigurieren.\u00a0Tippen Sie hierzu auf das Zahnrad-Symbol. Die folgenden Daten m\u00fcssen eingegeben werden:<\/p>\n<ul>\n<li>Web Service URI: Geben Sie hier den Servernamen oder die IP-Adresse des Servers ein, auf dem der CMS Web\u00a0Service installiert wurde, gefolgt von \/api.<\/li>\n<li>Web Service Port:\u00a0Geben Sie hier den Port ein, \u00fcber den der Server erreichbar ist, auf welchem\u00a0der CMS Web\u00a0Service installiert wurde.<\/li>\n<li>Mobile ID: Diese Nummer\u00a0dient der Verifizierung des Anwenders.\u00a0Geben Sie hier bitte die ID ein, die sie im CMS bei den Benutzerdetails generiert haben. Eine Mobile ID muss\u00a0f\u00fcr jeden Anwender generiert werden, der die App nutzen will.<\/li>\n<\/ul>\n<p><a href=\"https:\/\/gs-cms.com\/wp-content\/uploads\/CMSMobile-Main.png\" data-rel=\"lightbox-gallery-OXNwQVQp\" data-rl_title=\"\" data-rl_caption=\"\" title=\"\"><img loading=\"lazy\" decoding=\"async\" data-attachment-id=\"2369\" data-permalink=\"https:\/\/gs-cms.com\/?attachment_id=2369\" data-orig-file=\"https:\/\/gs-cms.com\/wp-content\/uploads\/CMSMobile-Main.png\" data-orig-size=\"485,800\" data-comments-opened=\"1\" data-image-meta=\"{&quot;aperture&quot;:&quot;0&quot;,&quot;credit&quot;:&quot;&quot;,&quot;camera&quot;:&quot;&quot;,&quot;caption&quot;:&quot;&quot;,&quot;created_timestamp&quot;:&quot;0&quot;,&quot;copyright&quot;:&quot;&quot;,&quot;focal_length&quot;:&quot;0&quot;,&quot;iso&quot;:&quot;0&quot;,&quot;shutter_speed&quot;:&quot;0&quot;,&quot;title&quot;:&quot;&quot;,&quot;orientation&quot;:&quot;0&quot;}\" data-image-title=\"CMSMobile Main\" data-image-description=\"\" data-image-caption=\"\" data-large-file=\"https:\/\/gs-cms.com\/wp-content\/uploads\/CMSMobile-Main.png\" class=\" size-medium wp-image-2369 alignnone\" src=\"https:\/\/gs-cms.com\/wp-content\/uploads\/CMSMobile-Main-182x300.png\" alt=\"CMSMobile Main\" width=\"182\" height=\"300\" srcset=\"https:\/\/gs-cms.com\/wp-content\/uploads\/CMSMobile-Main-182x300.png 182w, https:\/\/gs-cms.com\/wp-content\/uploads\/CMSMobile-Main.png 485w\" sizes=\"auto, (max-width: 182px) 100vw, 182px\" \/><\/a>\u00a0<a href=\"https:\/\/gs-cms.com\/wp-content\/uploads\/CMSMobile-Settings.png\" data-rel=\"lightbox-gallery-OXNwQVQp\" data-rl_title=\"\" data-rl_caption=\"\" title=\"\"><img loading=\"lazy\" decoding=\"async\" data-attachment-id=\"2371\" data-permalink=\"https:\/\/gs-cms.com\/?attachment_id=2371\" data-orig-file=\"https:\/\/gs-cms.com\/wp-content\/uploads\/CMSMobile-Settings.png\" data-orig-size=\"485,800\" data-comments-opened=\"1\" data-image-meta=\"{&quot;aperture&quot;:&quot;0&quot;,&quot;credit&quot;:&quot;&quot;,&quot;camera&quot;:&quot;&quot;,&quot;caption&quot;:&quot;&quot;,&quot;created_timestamp&quot;:&quot;0&quot;,&quot;copyright&quot;:&quot;&quot;,&quot;focal_length&quot;:&quot;0&quot;,&quot;iso&quot;:&quot;0&quot;,&quot;shutter_speed&quot;:&quot;0&quot;,&quot;title&quot;:&quot;&quot;,&quot;orientation&quot;:&quot;0&quot;}\" data-image-title=\"CMSMobile Settings\" data-image-description=\"\" data-image-caption=\"\" data-large-file=\"https:\/\/gs-cms.com\/wp-content\/uploads\/CMSMobile-Settings.png\" class=\" size-medium wp-image-2371 alignnone\" src=\"https:\/\/gs-cms.com\/wp-content\/uploads\/CMSMobile-Settings-182x300.png\" alt=\"CMSMobile Settings\" width=\"182\" height=\"300\" srcset=\"https:\/\/gs-cms.com\/wp-content\/uploads\/CMSMobile-Settings-182x300.png 182w, https:\/\/gs-cms.com\/wp-content\/uploads\/CMSMobile-Settings.png 485w\" sizes=\"auto, (max-width: 182px) 100vw, 182px\" \/><\/a>\u00a0<img loading=\"lazy\" decoding=\"async\" data-attachment-id=\"2065\" data-permalink=\"https:\/\/gs-cms.com\/?attachment_id=2065\" data-orig-file=\"https:\/\/gs-cms.com\/wp-content\/uploads\/Benutzerverwaltung-Benutzer-Details.png\" data-orig-size=\"450,250\" data-comments-opened=\"1\" data-image-meta=\"{&quot;aperture&quot;:&quot;0&quot;,&quot;credit&quot;:&quot;&quot;,&quot;camera&quot;:&quot;&quot;,&quot;caption&quot;:&quot;&quot;,&quot;created_timestamp&quot;:&quot;0&quot;,&quot;copyright&quot;:&quot;&quot;,&quot;focal_length&quot;:&quot;0&quot;,&quot;iso&quot;:&quot;0&quot;,&quot;shutter_speed&quot;:&quot;0&quot;,&quot;title&quot;:&quot;&quot;,&quot;orientation&quot;:&quot;0&quot;}\" data-image-title=\"Benutzerverwaltung-Benutzer-Details\" data-image-description=\"\" data-image-caption=\"\" data-large-file=\"https:\/\/gs-cms.com\/wp-content\/uploads\/Benutzerverwaltung-Benutzer-Details.png\" class=\"alignnone size-medium wp-image-2065\" src=\"https:\/\/gs-cms.com\/wp-content\/uploads\/Benutzerverwaltung-Benutzer-Details-300x167.png\" alt=\"Benutzerverwaltung-Benutzer-Details\" width=\"300\" height=\"167\" srcset=\"https:\/\/gs-cms.com\/wp-content\/uploads\/Benutzerverwaltung-Benutzer-Details-300x167.png 300w, https:\/\/gs-cms.com\/wp-content\/uploads\/Benutzerverwaltung-Benutzer-Details.png 450w\" sizes=\"auto, (max-width: 300px) 100vw, 300px\" \/><\/p>\n<p>Wurde alles richtig konfiguriert, k\u00f6nnen Sie mit &#8222;Download&#8220; ein Projekt ausw\u00e4hlen und die Daten herunterladen. Bitte beachten Sie, dass Sie hier nur Zugriff auf Projekte haben, die f\u00fcr Sie auch in der Hauptanwendung freigegeben sind. Ist die Projektliste leer, haben Sie entweder keine Rechte auf Projekte, oder die App oder der Web Service wurde nicht richtig konfiguriert.<\/p>\n<p><a href=\"https:\/\/gs-cms.com\/wp-content\/uploads\/CMSMobile-Download.png\" data-rel=\"lightbox-gallery-OXNwQVQp\" data-rl_title=\"\" data-rl_caption=\"\" title=\"\"><img loading=\"lazy\" decoding=\"async\" data-attachment-id=\"2368\" data-permalink=\"https:\/\/gs-cms.com\/?attachment_id=2368\" data-orig-file=\"https:\/\/gs-cms.com\/wp-content\/uploads\/CMSMobile-Download.png\" data-orig-size=\"485,800\" data-comments-opened=\"1\" data-image-meta=\"{&quot;aperture&quot;:&quot;0&quot;,&quot;credit&quot;:&quot;&quot;,&quot;camera&quot;:&quot;&quot;,&quot;caption&quot;:&quot;&quot;,&quot;created_timestamp&quot;:&quot;0&quot;,&quot;copyright&quot;:&quot;&quot;,&quot;focal_length&quot;:&quot;0&quot;,&quot;iso&quot;:&quot;0&quot;,&quot;shutter_speed&quot;:&quot;0&quot;,&quot;title&quot;:&quot;&quot;,&quot;orientation&quot;:&quot;0&quot;}\" data-image-title=\"CMSMobile Download\" data-image-description=\"\" data-image-caption=\"\" data-large-file=\"https:\/\/gs-cms.com\/wp-content\/uploads\/CMSMobile-Download.png\" class=\"alignnone size-medium wp-image-2368\" src=\"https:\/\/gs-cms.com\/wp-content\/uploads\/CMSMobile-Download-182x300.png\" alt=\"CMSMobile Download\" width=\"182\" height=\"300\" srcset=\"https:\/\/gs-cms.com\/wp-content\/uploads\/CMSMobile-Download-182x300.png 182w, https:\/\/gs-cms.com\/wp-content\/uploads\/CMSMobile-Download.png 485w\" sizes=\"auto, (max-width: 182px) 100vw, 182px\" \/><\/a><\/p>\n<p>\u00dcber das Eingabefeld kann ein Projekt nach dem Namen gesucht werden. Wurde das Projekt erfolgreich ausgew\u00e4hlt,\u00a0sind in der App die anderen Schalter aktiviert und Sie k\u00f6nnen Daten eingeben.<\/p>\n<h3>Bautagesberichte<\/h3>\n<p>Die Bautagesberichte werden tabellarisch angezeigt. Durch die Auswahl eines Berichts und dem Button &#8222;Bearbeiten&#8220; werden die Details eines Berichts angezeigt und k\u00f6nnen bearbeitet werden.\u00a0Durch Tippen auf ein Feld der Ebenen werden die verf\u00fcgbaren Optionen zur Auswahl angezeigt.<\/p>\n<p><a href=\"https:\/\/gs-cms.com\/wp-content\/uploads\/CMSMobile-DailyReports.png\" data-rel=\"lightbox-gallery-OXNwQVQp\" data-rl_title=\"\" data-rl_caption=\"\" title=\"\"><img loading=\"lazy\" decoding=\"async\" data-attachment-id=\"2365\" data-permalink=\"https:\/\/gs-cms.com\/?attachment_id=2365\" data-orig-file=\"https:\/\/gs-cms.com\/wp-content\/uploads\/CMSMobile-DailyReports.png\" data-orig-size=\"485,800\" data-comments-opened=\"1\" data-image-meta=\"{&quot;aperture&quot;:&quot;0&quot;,&quot;credit&quot;:&quot;&quot;,&quot;camera&quot;:&quot;&quot;,&quot;caption&quot;:&quot;&quot;,&quot;created_timestamp&quot;:&quot;0&quot;,&quot;copyright&quot;:&quot;&quot;,&quot;focal_length&quot;:&quot;0&quot;,&quot;iso&quot;:&quot;0&quot;,&quot;shutter_speed&quot;:&quot;0&quot;,&quot;title&quot;:&quot;&quot;,&quot;orientation&quot;:&quot;0&quot;}\" data-image-title=\"CMSMobile DailyReports\" data-image-description=\"\" data-image-caption=\"\" data-large-file=\"https:\/\/gs-cms.com\/wp-content\/uploads\/CMSMobile-DailyReports.png\" class=\" size-medium wp-image-2365 alignnone\" src=\"https:\/\/gs-cms.com\/wp-content\/uploads\/CMSMobile-DailyReports-182x300.png\" alt=\"CMSMobile DailyReports\" width=\"182\" height=\"300\" srcset=\"https:\/\/gs-cms.com\/wp-content\/uploads\/CMSMobile-DailyReports-182x300.png 182w, https:\/\/gs-cms.com\/wp-content\/uploads\/CMSMobile-DailyReports.png 485w\" sizes=\"auto, (max-width: 182px) 100vw, 182px\" \/><\/a>\u00a0<a href=\"https:\/\/gs-cms.com\/wp-content\/uploads\/CMSMobile-DailyReport.png\" data-rel=\"lightbox-gallery-OXNwQVQp\" data-rl_title=\"\" data-rl_caption=\"\" title=\"\"><img loading=\"lazy\" decoding=\"async\" data-attachment-id=\"2364\" data-permalink=\"https:\/\/gs-cms.com\/?attachment_id=2364\" data-orig-file=\"https:\/\/gs-cms.com\/wp-content\/uploads\/CMSMobile-DailyReport.png\" data-orig-size=\"485,800\" data-comments-opened=\"1\" data-image-meta=\"{&quot;aperture&quot;:&quot;0&quot;,&quot;credit&quot;:&quot;&quot;,&quot;camera&quot;:&quot;&quot;,&quot;caption&quot;:&quot;&quot;,&quot;created_timestamp&quot;:&quot;0&quot;,&quot;copyright&quot;:&quot;&quot;,&quot;focal_length&quot;:&quot;0&quot;,&quot;iso&quot;:&quot;0&quot;,&quot;shutter_speed&quot;:&quot;0&quot;,&quot;title&quot;:&quot;&quot;,&quot;orientation&quot;:&quot;0&quot;}\" data-image-title=\"CMSMobile DailyReport\" data-image-description=\"\" data-image-caption=\"\" data-large-file=\"https:\/\/gs-cms.com\/wp-content\/uploads\/CMSMobile-DailyReport.png\" class=\"alignnone size-medium wp-image-2364\" src=\"https:\/\/gs-cms.com\/wp-content\/uploads\/CMSMobile-DailyReport-182x300.png\" alt=\"CMSMobile DailyReport\" width=\"182\" height=\"300\" srcset=\"https:\/\/gs-cms.com\/wp-content\/uploads\/CMSMobile-DailyReport-182x300.png 182w, https:\/\/gs-cms.com\/wp-content\/uploads\/CMSMobile-DailyReport.png 485w\" sizes=\"auto, (max-width: 182px) 100vw, 182px\" \/><\/a><\/p>\n<p>&nbsp;<\/p>\n<p>Im Detailfenster k\u00f6nnen Bilder aus der Bildverwaltung mit dem Bericht verkn\u00fcpft werden.<\/p>\n<p>&nbsp;<\/p>\n<h3>M\u00e4ngel<\/h3>\n<p>Die M\u00e4ngel\u00a0werden tabellarisch angezeigt. Durch die Auswahl eines Mangels\u00a0und dem Button &#8222;Bearbeiten&#8220; werden die Details eines Mangels\u00a0angezeigt und k\u00f6nnen bearbeitet werden.\u00a0Durch Tippen auf ein Feld der Ebenen werden die verf\u00fcgbaren Optionen zur Auswahl angezeigt.<\/p>\n<p><a href=\"https:\/\/gs-cms.com\/wp-content\/uploads\/CMSMobile-Deficiencies.png\" data-rel=\"lightbox-gallery-OXNwQVQp\" data-rl_title=\"\" data-rl_caption=\"\" title=\"\"><img loading=\"lazy\" decoding=\"async\" data-attachment-id=\"2366\" data-permalink=\"https:\/\/gs-cms.com\/?attachment_id=2366\" data-orig-file=\"https:\/\/gs-cms.com\/wp-content\/uploads\/CMSMobile-Deficiencies.png\" data-orig-size=\"485,800\" data-comments-opened=\"1\" data-image-meta=\"{&quot;aperture&quot;:&quot;0&quot;,&quot;credit&quot;:&quot;&quot;,&quot;camera&quot;:&quot;&quot;,&quot;caption&quot;:&quot;&quot;,&quot;created_timestamp&quot;:&quot;0&quot;,&quot;copyright&quot;:&quot;&quot;,&quot;focal_length&quot;:&quot;0&quot;,&quot;iso&quot;:&quot;0&quot;,&quot;shutter_speed&quot;:&quot;0&quot;,&quot;title&quot;:&quot;&quot;,&quot;orientation&quot;:&quot;0&quot;}\" data-image-title=\"CMSMobile Deficiencies\" data-image-description=\"\" data-image-caption=\"\" data-large-file=\"https:\/\/gs-cms.com\/wp-content\/uploads\/CMSMobile-Deficiencies.png\" class=\"alignnone size-medium wp-image-2366\" src=\"https:\/\/gs-cms.com\/wp-content\/uploads\/CMSMobile-Deficiencies-182x300.png\" alt=\"CMSMobile Deficiencies\" width=\"182\" height=\"300\" srcset=\"https:\/\/gs-cms.com\/wp-content\/uploads\/CMSMobile-Deficiencies-182x300.png 182w, https:\/\/gs-cms.com\/wp-content\/uploads\/CMSMobile-Deficiencies.png 485w\" sizes=\"auto, (max-width: 182px) 100vw, 182px\" \/><\/a>\u00a0<a href=\"https:\/\/gs-cms.com\/wp-content\/uploads\/CMSMobile-Deficiency.png\" data-rel=\"lightbox-gallery-OXNwQVQp\" data-rl_title=\"\" data-rl_caption=\"\" title=\"\"><img loading=\"lazy\" decoding=\"async\" data-attachment-id=\"2367\" data-permalink=\"https:\/\/gs-cms.com\/?attachment_id=2367\" data-orig-file=\"https:\/\/gs-cms.com\/wp-content\/uploads\/CMSMobile-Deficiency.png\" data-orig-size=\"485,800\" data-comments-opened=\"1\" data-image-meta=\"{&quot;aperture&quot;:&quot;0&quot;,&quot;credit&quot;:&quot;&quot;,&quot;camera&quot;:&quot;&quot;,&quot;caption&quot;:&quot;&quot;,&quot;created_timestamp&quot;:&quot;0&quot;,&quot;copyright&quot;:&quot;&quot;,&quot;focal_length&quot;:&quot;0&quot;,&quot;iso&quot;:&quot;0&quot;,&quot;shutter_speed&quot;:&quot;0&quot;,&quot;title&quot;:&quot;&quot;,&quot;orientation&quot;:&quot;0&quot;}\" data-image-title=\"CMSMobile Deficiency\" data-image-description=\"\" data-image-caption=\"\" data-large-file=\"https:\/\/gs-cms.com\/wp-content\/uploads\/CMSMobile-Deficiency.png\" class=\"alignnone size-medium wp-image-2367\" src=\"https:\/\/gs-cms.com\/wp-content\/uploads\/CMSMobile-Deficiency-182x300.png\" alt=\"CMSMobile Deficiency\" width=\"182\" height=\"300\" srcset=\"https:\/\/gs-cms.com\/wp-content\/uploads\/CMSMobile-Deficiency-182x300.png 182w, https:\/\/gs-cms.com\/wp-content\/uploads\/CMSMobile-Deficiency.png 485w\" sizes=\"auto, (max-width: 182px) 100vw, 182px\" \/><\/a><\/p>\n<p>&nbsp;<\/p>\n<p>Im Detailfenster k\u00f6nnen Bilder aus der Bildverwaltung mit dem\u00a0Mangel verkn\u00fcpft werden.<\/p>\n<h3>Bilder<\/h3>\n<p>Die Bilder werden tabellarisch angezeigt. Durch das Tippen auf &#8222;Hinzuf\u00fcgen&#8220; k\u00f6nnen Bilder aufgenommen oder aus der Bibliothek dem Projekt hinzugef\u00fcgt werden.<\/p>\n<p><a href=\"https:\/\/gs-cms.com\/wp-content\/uploads\/CMSMobile-Photos.png\" data-rel=\"lightbox-gallery-OXNwQVQp\" data-rl_title=\"\" data-rl_caption=\"\" title=\"\"><img loading=\"lazy\" decoding=\"async\" data-attachment-id=\"2370\" data-permalink=\"https:\/\/gs-cms.com\/?attachment_id=2370\" data-orig-file=\"https:\/\/gs-cms.com\/wp-content\/uploads\/CMSMobile-Photos.png\" data-orig-size=\"485,800\" data-comments-opened=\"1\" data-image-meta=\"{&quot;aperture&quot;:&quot;0&quot;,&quot;credit&quot;:&quot;&quot;,&quot;camera&quot;:&quot;&quot;,&quot;caption&quot;:&quot;&quot;,&quot;created_timestamp&quot;:&quot;0&quot;,&quot;copyright&quot;:&quot;&quot;,&quot;focal_length&quot;:&quot;0&quot;,&quot;iso&quot;:&quot;0&quot;,&quot;shutter_speed&quot;:&quot;0&quot;,&quot;title&quot;:&quot;&quot;,&quot;orientation&quot;:&quot;0&quot;}\" data-image-title=\"CMSMobile Photos\" data-image-description=\"\" data-image-caption=\"\" data-large-file=\"https:\/\/gs-cms.com\/wp-content\/uploads\/CMSMobile-Photos.png\" class=\"alignnone size-medium wp-image-2370\" src=\"https:\/\/gs-cms.com\/wp-content\/uploads\/CMSMobile-Photos-182x300.png\" alt=\"CMSMobile Photos\" width=\"182\" height=\"300\" srcset=\"https:\/\/gs-cms.com\/wp-content\/uploads\/CMSMobile-Photos-182x300.png 182w, https:\/\/gs-cms.com\/wp-content\/uploads\/CMSMobile-Photos.png 485w\" sizes=\"auto, (max-width: 182px) 100vw, 182px\" \/><\/a><\/p>\n<p>In der App k\u00f6nnen nur Bilder den M\u00e4ngeln oder Bautagesberichten zugeordnet werden, die bereits in der Bildverwaltung enthalten sind oder hinzugef\u00fcgt wurden.<\/p>\n<p>&nbsp;<\/p>\n<p>&nbsp;<\/p>\n<p>&nbsp;<\/p>\n","protected":false},"excerpt":{"rendered":"<p>CMSMobile ist die mobile Datenerfassung f\u00fcr das Construction Management System CMS. Systemvoraussetzungen Um CMSMobile\u00a0zu verwenden ben\u00f6tigen\u00a0Sie ein Ger\u00e4t mit Android Betriebssystem. Die erforderliche Mindestversion von Android ist 4.4.2. Des weiteren m\u00fcssen Sie den\u00a0CMS Web Service (CMS WebAPI) installieren und so konfigurieren, dass der Web\u00a0Service\u00a0Zugriff auf Ihre Datenbank erh\u00e4lt. Details zur Installation und Konfiguration der WebAPI&hellip;<\/p>\n","protected":false},"author":11,"featured_media":0,"parent":57,"menu_order":99,"comment_status":"closed","ping_status":"closed","template":"helppage.php","meta":{"_bbp_topic_count":0,"_bbp_reply_count":0,"_bbp_total_topic_count":0,"_bbp_total_reply_count":0,"_bbp_voice_count":0,"_bbp_anonymous_reply_count":0,"_bbp_topic_count_hidden":0,"_bbp_reply_count_hidden":0,"_bbp_forum_subforum_count":0,"jetpack_post_was_ever_published":false,"footnotes":""},"class_list":["post-2059","page","type-page","status-publish","hentry"],"aioseo_notices":[],"jetpack_sharing_enabled":true,"jetpack-related-posts":[{"id":1509,"url":"https:\/\/gs-cms.com\/?page_id=1509","url_meta":{"origin":2059,"position":0},"title":"Downloads","author":"Patrick Schimmel","date":"Samstag, 5. Juli 2014","format":false,"excerpt":"Auf dieser Seite finden Sie die Download-Links der aktuellen Version des Construction Management Systems,\u00a0optionaler Komponenten und weitere Informationen zum herunterladen. Bitte beachten Sie, dass die Setups und Programmdateien nicht digital signiert sind. Je nach Einstellung Ihres Betriebssystems und ihres Browsers kann dies beim Herunterladen oder bei der Installation der Software\u2026","rel":"","context":"\u00c4hnlicher Beitrag","block_context":{"text":"\u00c4hnlicher Beitrag","link":""},"img":{"alt_text":"","src":"https:\/\/i0.wp.com\/gs-cms.com\/wp-content\/uploads\/7_128x128.png?resize=350%2C200&ssl=1","width":350,"height":200},"classes":[]},{"id":2444,"url":"https:\/\/gs-cms.com\/?page_id=2444","url_meta":{"origin":2059,"position":1},"title":"CMSMobile","author":"Patrick Schimmel","date":"Samstag, 21. M\u00e4rz 2015","format":false,"excerpt":"CMSMobile ist die mobile Datenerfassung des Construction Management Systems. Hiermit k\u00f6nnen Sie die anfallenden Daten direkt auf der Baustelle erfassen und verwenden. Nat\u00fcrlich stehen in der mobilen Datenerfassung auch die\u00a0Projektdaten zur Verf\u00fcgung, die direkt im Programm eingegeben wurden. Die mobile Datenerfassung unterst\u00fctzt zur Zeit die Erfassung der Daten folgender Module:\u2026","rel":"","context":"\u00c4hnlicher Beitrag","block_context":{"text":"\u00c4hnlicher Beitrag","link":""},"img":{"alt_text":"Tablet","src":"https:\/\/i0.wp.com\/gs-cms.com\/wp-content\/uploads\/Tablet-227x300.png?resize=350%2C200&ssl=1","width":350,"height":200},"classes":[]},{"id":2443,"url":"https:\/\/gs-cms.com\/?page_id=2443","url_meta":{"origin":2059,"position":2},"title":"CMS WebAPI","author":"Patrick Schimmel","date":"Samstag, 21. M\u00e4rz 2015","format":false,"excerpt":"Die CMS WebAPI ist die\u00a0Serverkomponente des Construction Management Systems. Die CMS WebAPI wird auf einem Windows IIS Webserver installiert um die folgenden Funktionen zu verwenden: Dateiablage der Anh\u00e4nge auf dem Webserver (Ohne Einsatz der WebAPI werden die Dateien auf einem FTP-Server oder einem Netzwerkpfad abgelegt). Zugangspunkt f\u00fcr die mobile Datenerfassung\u2026","rel":"","context":"\u00c4hnlicher Beitrag","block_context":{"text":"\u00c4hnlicher Beitrag","link":""},"img":{"alt_text":"","src":"","width":0,"height":0},"classes":[]},{"id":1491,"url":"https:\/\/gs-cms.com\/?page_id=1491","url_meta":{"origin":2059,"position":3},"title":"Konfiguration des Web Services","author":"Patrick Schimmel","date":"Samstag, 5. Juli 2014","format":false,"excerpt":"Vorteile: Bew\u00e4hrte Web-Technologie Ordner ist vor Benutzerzugriffen gesch\u00fctzt Verteilung der Last auf verschiedene Rechner Download von skalierten Bildern m\u00f6glich (Bildvorschau wesentlich schneller) Authentifizierung des Benutzers \u00fcber die CMS-Datenbank Nachteile: Einrichtung eines IIS-Webservers und Installation des CMS Webservice ist erforderlich Der IIS-Webserver kann nur auf einem Windows-Server installiert werden. Installation des\u00a0Internet\u2026","rel":"","context":"In \"Konfiguration\"","block_context":{"text":"Konfiguration","link":"https:\/\/gs-cms.com\/?tag=konfiguration"},"img":{"alt_text":"","src":"https:\/\/i0.wp.com\/gs-cms.com\/wp-content\/uploads\/IISManager.jpg?resize=350%2C200&ssl=1","width":350,"height":200,"srcset":"https:\/\/i0.wp.com\/gs-cms.com\/wp-content\/uploads\/IISManager.jpg?resize=350%2C200&ssl=1 1x, https:\/\/i0.wp.com\/gs-cms.com\/wp-content\/uploads\/IISManager.jpg?resize=525%2C300&ssl=1 1.5x"},"classes":[]},{"id":2376,"url":"https:\/\/gs-cms.com\/?page_id=2376","url_meta":{"origin":2059,"position":4},"title":"Mobile Datenerfassung","author":"Patrick Schimmel","date":"Freitag, 6. M\u00e4rz 2015","format":false,"excerpt":"W\u00fcrden Sie gerne die Daten f\u00fcr Bautagesberichte und gefundenen M\u00e4ngeln direkt auf der Baustelle erfassen und mit Bildern hinterlegen?","rel":"","context":"\u00c4hnlicher Beitrag","block_context":{"text":"\u00c4hnlicher Beitrag","link":""},"img":{"alt_text":"DailyReports","src":"https:\/\/i0.wp.com\/gs-cms.com\/wp-content\/uploads\/DailyReports.png?resize=350%2C200&ssl=1","width":350,"height":200},"classes":[]},{"id":206,"url":"https:\/\/gs-cms.com\/?page_id=206","url_meta":{"origin":2059,"position":5},"title":"Installation","author":"Patrick Schimmel","date":"Freitag, 6. Dezember 2013","format":false,"excerpt":"Die Installation der einzelnen Komponenten erfordert Administratorrechte und grundlegendes Wissen der Netzwerkadministration. Ein Video-Tutorial mit einer Anleitung zur Installation und Einrichtung des Programms finden Sie hier. Mindestanforderungen Zur erfolgreichen Installation und dem Betrieb von CMS m\u00fcssen\u00a0folgende Anforderungen erf\u00fcllt sein: Das Microsoft .NET-Framework 4.0 muss auf allen Client-Rechnern installiert sein. MySQL\u2026","rel":"","context":"In \"Installation\"","block_context":{"text":"Installation","link":"https:\/\/gs-cms.com\/?tag=installation"},"img":{"alt_text":"MySQLConfig1","src":"https:\/\/i0.wp.com\/gs-cms.com\/wp-content\/uploads\/MySQLConfig1-300x227.png?resize=350%2C200&ssl=1","width":350,"height":200},"classes":[]}],"_links":{"self":[{"href":"https:\/\/gs-cms.com\/index.php?rest_route=\/wp\/v2\/pages\/2059","targetHints":{"allow":["GET"]}}],"collection":[{"href":"https:\/\/gs-cms.com\/index.php?rest_route=\/wp\/v2\/pages"}],"about":[{"href":"https:\/\/gs-cms.com\/index.php?rest_route=\/wp\/v2\/types\/page"}],"author":[{"embeddable":true,"href":"https:\/\/gs-cms.com\/index.php?rest_route=\/wp\/v2\/users\/11"}],"replies":[{"embeddable":true,"href":"https:\/\/gs-cms.com\/index.php?rest_route=%2Fwp%2Fv2%2Fcomments&post=2059"}],"version-history":[{"count":0,"href":"https:\/\/gs-cms.com\/index.php?rest_route=\/wp\/v2\/pages\/2059\/revisions"}],"up":[{"embeddable":true,"href":"https:\/\/gs-cms.com\/index.php?rest_route=\/wp\/v2\/pages\/57"}],"wp:attachment":[{"href":"https:\/\/gs-cms.com\/index.php?rest_route=%2Fwp%2Fv2%2Fmedia&parent=2059"}],"curies":[{"name":"wp","href":"https:\/\/api.w.org\/{rel}","templated":true}]}}