
{"id":1848,"date":"2014-11-11T23:02:01","date_gmt":"2014-11-11T22:02:01","guid":{"rendered":"http:\/\/gs-cms.com\/?page_id=1848"},"modified":"2020-05-15T23:16:31","modified_gmt":"2020-05-15T21:16:31","slug":"terminplanung","status":"publish","type":"page","link":"https:\/\/gs-cms.com\/?page_id=1848","title":{"rendered":"Terminplanung"},"content":{"rendered":"<p>Eine detaillierte Hilfe steht zur Zeit noch nicht zur Verf\u00fcgung.<\/p>\n","protected":false},"excerpt":{"rendered":"<p>Eine detaillierte Hilfe steht zur Zeit noch nicht zur Verf\u00fcgung.<\/p>\n","protected":false},"author":11,"featured_media":0,"parent":29,"menu_order":4,"comment_status":"closed","ping_status":"open","template":"helppage.php","meta":{"_bbp_topic_count":0,"_bbp_reply_count":0,"_bbp_total_topic_count":0,"_bbp_total_reply_count":0,"_bbp_voice_count":0,"_bbp_anonymous_reply_count":0,"_bbp_topic_count_hidden":0,"_bbp_reply_count_hidden":0,"_bbp_forum_subforum_count":0,"footnotes":""},"class_list":["post-1848","page","type-page","status-publish","hentry"],"aioseo_notices":[],"jetpack_sharing_enabled":true,"jetpack-related-posts":[{"id":2444,"url":"https:\/\/gs-cms.com\/?page_id=2444","url_meta":{"origin":1848,"position":0},"title":"CMSMobile","author":"Patrick Schimmel","date":"Samstag, 21. M\u00e4rz 2015","format":false,"excerpt":"CMSMobile ist die mobile Datenerfassung des Construction Management Systems. Hiermit k\u00f6nnen Sie die anfallenden Daten direkt auf der Baustelle erfassen und verwenden. Nat\u00fcrlich stehen in der mobilen Datenerfassung auch die\u00a0Projektdaten zur Verf\u00fcgung, die direkt im Programm eingegeben wurden. Die mobile Datenerfassung unterst\u00fctzt zur Zeit die Erfassung der Daten folgender Module:\u2026","rel":"","context":"\u00c4hnlicher Beitrag","block_context":{"text":"\u00c4hnlicher Beitrag","link":""},"img":{"alt_text":"Tablet","src":"https:\/\/i0.wp.com\/gs-cms.com\/wp-content\/uploads\/Tablet-227x300.png?resize=350%2C200&ssl=1","width":350,"height":200},"classes":[]},{"id":2629,"url":"https:\/\/gs-cms.com\/?page_id=2629","url_meta":{"origin":1848,"position":1},"title":"Terminplanung","author":"Patrick Schimmel","date":"Freitag, 9. Oktober 2015","format":false,"excerpt":"Eines unserer T\u00e4tigkeitsfelder umfasst den Bereich Services und Consulting im Bereich des Projektmanagements von Bauprojekten (z.B. Terminplanung, technisches Controlling). Wir erstellen Terminpl\u00e4ne als Balkenplan oder mit Netzplantechnik mit MS Project oder Oracle Primavera und unterst\u00fctzen Sie bei der \u00dcberwachung von Terminen und Kosten und dem Fortschreiben der Pl\u00e4ne. Hierf\u00fcr verwenden\u2026","rel":"","context":"\u00c4hnlicher Beitrag","block_context":{"text":"\u00c4hnlicher Beitrag","link":""},"img":{"alt_text":"","src":"https:\/\/i0.wp.com\/gs-cms.com\/wp-content\/uploads\/MS-Project-300x153.jpg?resize=350%2C200&ssl=1","width":350,"height":200},"classes":[]},{"id":2628,"url":"https:\/\/gs-cms.com\/?page_id=2628","url_meta":{"origin":1848,"position":2},"title":"Softwareentwicklung","author":"Patrick Schimmel","date":"Freitag, 9. Oktober 2015","format":false,"excerpt":"Wir nutzen moderne Methoden und Ans\u00e4tze (z.B. agile Softwareentwicklung), sowie aktuelle Tools der Softwareentwicklung, um die entwickelte Software schnell und kontinuierlich an Markterfordernisse anzupassen. Wir sehen unsere\u00a0Software nicht als einmalig verkauftes Produkt an, sondern als Dienstleistung am Kunden. Neben der Behebung von Fehlern wird unsere\u00a0Software st\u00e4ndig weiterentwickelt und angepasst. Sei\u2026","rel":"","context":"\u00c4hnlicher Beitrag","block_context":{"text":"\u00c4hnlicher Beitrag","link":""},"img":{"alt_text":"dotnet","src":"https:\/\/i0.wp.com\/gs-cms.com\/wp-content\/uploads\/dotnet.png?resize=350%2C200&ssl=1","width":350,"height":200},"classes":[]},{"id":3240,"url":"https:\/\/gs-cms.com\/?page_id=3240","url_meta":{"origin":1848,"position":3},"title":"AGB","author":"Patrick Schimmel","date":"Freitag, 16. November 2018","format":false,"excerpt":"Softwarelizenzvertrag Bitte lesen Sie diesen Softwarelizenzvertrag (\"Vertrag\") sorgf\u00e4ltig durch, bevor Sie die Software erwerben und auf Ihrem Computer installieren und einsetzen. Durch Verwendung der Software erkl\u00e4ren Sie Ihr ausdr\u00fcckliches Einverst\u00e4ndnis mit den nachstehenden Lizenzbestimmungen. 1 Vertragsgegenstand Die GS CONSTRUCTION MANAGEMENT SERVICES UG (haftungsbeschr\u00e4nkt)\u00a0 (\"Lizenzgeber\") wird dem Kunden (\"Lizenznehmer\") nach Ma\u00dfgabe\u2026","rel":"","context":"\u00c4hnlicher Beitrag","block_context":{"text":"\u00c4hnlicher Beitrag","link":""},"img":{"alt_text":"","src":"","width":0,"height":0},"classes":[]},{"id":363,"url":"https:\/\/gs-cms.com\/?page_id=363","url_meta":{"origin":1848,"position":4},"title":"Intranet","author":"Patrick Schimmel","date":"Samstag, 14. Dezember 2013","format":false,"excerpt":"Das Modul Intranet dient dazu den Mitarbeitern eine einfache Zugangsm\u00f6glichkeit zur Intranetseite des Unternehmens anzubieten. Standardm\u00e4\u00dfig wird hier die CMS-Hilfe angezeigt.\u00a0In\u00a0den Programmoptionen kann diese Einstellung jedoch ge\u00e4ndert werden. \u00a0 Weiterf\u00fchrende Themen Optionen","rel":"","context":"In \"Intranet\"","block_context":{"text":"Intranet","link":"https:\/\/gs-cms.com\/?tag=intranet"},"img":{"alt_text":"Intranet","src":"https:\/\/i0.wp.com\/gs-cms.com\/wp-content\/uploads\/Intranet-1024x566.jpg?resize=350%2C200&ssl=1","width":350,"height":200,"srcset":"https:\/\/i0.wp.com\/gs-cms.com\/wp-content\/uploads\/Intranet-1024x566.jpg?resize=350%2C200&ssl=1 1x, https:\/\/i0.wp.com\/gs-cms.com\/wp-content\/uploads\/Intranet-1024x566.jpg?resize=525%2C300&ssl=1 1.5x, https:\/\/i0.wp.com\/gs-cms.com\/wp-content\/uploads\/Intranet-1024x566.jpg?resize=700%2C400&ssl=1 2x"},"classes":[]},{"id":1271,"url":"https:\/\/gs-cms.com\/?page_id=1271","url_meta":{"origin":1848,"position":5},"title":"Berichte","author":"Patrick Schimmel","date":"Montag, 19. Mai 2014","format":false,"excerpt":"In jedem Modul k\u00f6nnen die Datens\u00e4tze und Auswertungen der Daten in Berichten ausgegeben werden. Klicken Sie hierzu das Druckersymbol in der Taskleiste des Moduls. Das Symbol ist nur aktiv, wenn mindestens ein Datensatz im Modul exisitert. Das folgende Berichtsfenster wird angezeigt: \u00a0 Die Berichte sind in Kategorien gruppiert, die angeben\u2026","rel":"","context":"In \"Berichte\"","block_context":{"text":"Berichte","link":"https:\/\/gs-cms.com\/?tag=berichte"},"img":{"alt_text":"","src":"https:\/\/i0.wp.com\/gs-cms.com\/wp-content\/uploads\/Berichte.jpg?resize=350%2C200&ssl=1","width":350,"height":200,"srcset":"https:\/\/i0.wp.com\/gs-cms.com\/wp-content\/uploads\/Berichte.jpg?resize=350%2C200&ssl=1 1x, https:\/\/i0.wp.com\/gs-cms.com\/wp-content\/uploads\/Berichte.jpg?resize=525%2C300&ssl=1 1.5x, https:\/\/i0.wp.com\/gs-cms.com\/wp-content\/uploads\/Berichte.jpg?resize=700%2C400&ssl=1 2x"},"classes":[]}],"_links":{"self":[{"href":"https:\/\/gs-cms.com\/index.php?rest_route=\/wp\/v2\/pages\/1848","targetHints":{"allow":["GET"]}}],"collection":[{"href":"https:\/\/gs-cms.com\/index.php?rest_route=\/wp\/v2\/pages"}],"about":[{"href":"https:\/\/gs-cms.com\/index.php?rest_route=\/wp\/v2\/types\/page"}],"author":[{"embeddable":true,"href":"https:\/\/gs-cms.com\/index.php?rest_route=\/wp\/v2\/users\/11"}],"replies":[{"embeddable":true,"href":"https:\/\/gs-cms.com\/index.php?rest_route=%2Fwp%2Fv2%2Fcomments&post=1848"}],"version-history":[{"count":1,"href":"https:\/\/gs-cms.com\/index.php?rest_route=\/wp\/v2\/pages\/1848\/revisions"}],"predecessor-version":[{"id":3684,"href":"https:\/\/gs-cms.com\/index.php?rest_route=\/wp\/v2\/pages\/1848\/revisions\/3684"}],"up":[{"embeddable":true,"href":"https:\/\/gs-cms.com\/index.php?rest_route=\/wp\/v2\/pages\/29"}],"wp:attachment":[{"href":"https:\/\/gs-cms.com\/index.php?rest_route=%2Fwp%2Fv2%2Fmedia&parent=1848"}],"curies":[{"name":"wp","href":"https:\/\/api.w.org\/{rel}","templated":true}]}}