
{"id":1832,"date":"2014-11-08T22:36:52","date_gmt":"2014-11-08T21:36:52","guid":{"rendered":"http:\/\/gs-cms.com\/?page_id=1832"},"modified":"2019-02-10T23:03:27","modified_gmt":"2019-02-10T22:03:27","slug":"terminplanung","status":"publish","type":"page","link":"https:\/\/gs-cms.com\/?page_id=1832","title":{"rendered":"Terminplanung"},"content":{"rendered":"<blockquote><p>W\u00fcrden Sie gerne\u00a0Verz\u00f6gerungen und St\u00f6rungen am Bauablauf und die daraus resultierenden Auswirkungen auf andere Termine automatisch berechnen und grafisch darstellen k\u00f6nnen?<\/p><\/blockquote>\n<div id=\"accordion-1\" class=\"accordion no-js\"><br \/>\n\n\t\t\t\t\t<div role=\"button\" id=\"accordion-1-t1\" class=\"accordion-title js-accordion-controller\" aria-controls=\"accordion-1-c1\" aria-expanded=\"false\" tabindex=\"0\">\n\t\t\t\t\u00dcbersicht\t\t\t<\/div>\n\t\t\n\t\t<div id=\"accordion-1-c1\" class=\"accordion-content\" aria-hidden=\"true\">\n\t\t\t<\/p>\n<table style=\"width: 100%;\">\n<tbody>\n<tr>\n<td style=\"width: 50px; vertical-align: top;\"><img loading=\"lazy\" decoding=\"async\" data-attachment-id=\"2260\" data-permalink=\"https:\/\/gs-cms.com\/?attachment_id=2260\" data-orig-file=\"https:\/\/gs-cms.com\/wp-content\/uploads\/Activity.png\" data-orig-size=\"32,32\" data-comments-opened=\"1\" data-image-meta=\"{&quot;aperture&quot;:&quot;0&quot;,&quot;credit&quot;:&quot;&quot;,&quot;camera&quot;:&quot;&quot;,&quot;caption&quot;:&quot;&quot;,&quot;created_timestamp&quot;:&quot;0&quot;,&quot;copyright&quot;:&quot;&quot;,&quot;focal_length&quot;:&quot;0&quot;,&quot;iso&quot;:&quot;0&quot;,&quot;shutter_speed&quot;:&quot;0&quot;,&quot;title&quot;:&quot;&quot;,&quot;orientation&quot;:&quot;0&quot;}\" data-image-title=\"Activity\" data-image-description=\"\" data-image-caption=\"\" data-large-file=\"https:\/\/gs-cms.com\/wp-content\/uploads\/Activity.png\" class=\"alignnone size-full wp-image-2260\" src=\"https:\/\/gs-cms.com\/wp-content\/uploads\/Activity.png\" alt=\"Activity\" width=\"32\" height=\"32\" srcset=\"https:\/\/gs-cms.com\/wp-content\/uploads\/Activity.png 32w, https:\/\/gs-cms.com\/wp-content\/uploads\/Activity-150x150.png 150w, https:\/\/gs-cms.com\/wp-content\/uploads\/Activity-160x160.png 160w, https:\/\/gs-cms.com\/wp-content\/uploads\/Activity-320x320.png 320w\" sizes=\"auto, (max-width: 32px) 100vw, 32px\" \/><\/td>\n<td style=\"width: 46%; vertical-align: top;\"><strong>PERT<\/strong><br \/>\nAnzeigen der Terminpl\u00e4ne als PERT-Diagramm<\/td>\n<td style=\"width: 50px; vertical-align: top;\"><img loading=\"lazy\" decoding=\"async\" data-attachment-id=\"2292\" data-permalink=\"https:\/\/gs-cms.com\/?attachment_id=2292\" data-orig-file=\"https:\/\/gs-cms.com\/wp-content\/uploads\/ShowFloatLarge.png\" data-orig-size=\"32,32\" data-comments-opened=\"1\" data-image-meta=\"{&quot;aperture&quot;:&quot;0&quot;,&quot;credit&quot;:&quot;&quot;,&quot;camera&quot;:&quot;&quot;,&quot;caption&quot;:&quot;&quot;,&quot;created_timestamp&quot;:&quot;0&quot;,&quot;copyright&quot;:&quot;&quot;,&quot;focal_length&quot;:&quot;0&quot;,&quot;iso&quot;:&quot;0&quot;,&quot;shutter_speed&quot;:&quot;0&quot;,&quot;title&quot;:&quot;&quot;,&quot;orientation&quot;:&quot;0&quot;}\" data-image-title=\"ShowFloatLarge\" data-image-description=\"\" data-image-caption=\"\" data-large-file=\"https:\/\/gs-cms.com\/wp-content\/uploads\/ShowFloatLarge.png\" class=\"alignnone size-full wp-image-2292\" src=\"https:\/\/gs-cms.com\/wp-content\/uploads\/ShowFloatLarge.png\" alt=\"ShowFloatLarge\" width=\"32\" height=\"32\" srcset=\"https:\/\/gs-cms.com\/wp-content\/uploads\/ShowFloatLarge.png 32w, https:\/\/gs-cms.com\/wp-content\/uploads\/ShowFloatLarge-150x150.png 150w, https:\/\/gs-cms.com\/wp-content\/uploads\/ShowFloatLarge-160x160.png 160w, https:\/\/gs-cms.com\/wp-content\/uploads\/ShowFloatLarge-320x320.png 320w\" sizes=\"auto, (max-width: 32px) 100vw, 32px\" \/><\/td>\n<td style=\"width: 46%; vertical-align: top;\"><strong>Gantt<\/strong><br \/>\nAnzeigen der Terminpl\u00e4ne als Gantt-Diagramm<\/td>\n<\/tr>\n<tr>\n<td style=\"vertical-align: top;\"><img loading=\"lazy\" decoding=\"async\" data-attachment-id=\"2293\" data-permalink=\"https:\/\/gs-cms.com\/?attachment_id=2293\" data-orig-file=\"https:\/\/gs-cms.com\/wp-content\/uploads\/FragnetLarge.png\" data-orig-size=\"32,32\" data-comments-opened=\"1\" data-image-meta=\"{&quot;aperture&quot;:&quot;0&quot;,&quot;credit&quot;:&quot;&quot;,&quot;camera&quot;:&quot;&quot;,&quot;caption&quot;:&quot;&quot;,&quot;created_timestamp&quot;:&quot;0&quot;,&quot;copyright&quot;:&quot;&quot;,&quot;focal_length&quot;:&quot;0&quot;,&quot;iso&quot;:&quot;0&quot;,&quot;shutter_speed&quot;:&quot;0&quot;,&quot;title&quot;:&quot;&quot;,&quot;orientation&quot;:&quot;0&quot;}\" data-image-title=\"FragnetLarge\" data-image-description=\"\" data-image-caption=\"\" data-large-file=\"https:\/\/gs-cms.com\/wp-content\/uploads\/FragnetLarge.png\" class=\"alignnone size-full wp-image-2293\" src=\"https:\/\/gs-cms.com\/wp-content\/uploads\/FragnetLarge.png\" alt=\"FragnetLarge\" width=\"32\" height=\"32\" srcset=\"https:\/\/gs-cms.com\/wp-content\/uploads\/FragnetLarge.png 32w, https:\/\/gs-cms.com\/wp-content\/uploads\/FragnetLarge-150x150.png 150w, https:\/\/gs-cms.com\/wp-content\/uploads\/FragnetLarge-160x160.png 160w, https:\/\/gs-cms.com\/wp-content\/uploads\/FragnetLarge-320x320.png 320w\" sizes=\"auto, (max-width: 32px) 100vw, 32px\" \/><\/td>\n<td style=\"vertical-align: top;\"><strong>Fragnets<\/strong><br \/>\nHinzuf\u00fcgen von Fragnets zum Darstellen von \u00c4nderungen<\/td>\n<td style=\"vertical-align: top;\"><img loading=\"lazy\" decoding=\"async\" data-attachment-id=\"2294\" data-permalink=\"https:\/\/gs-cms.com\/?attachment_id=2294\" data-orig-file=\"https:\/\/gs-cms.com\/wp-content\/uploads\/DistortionLarge.png\" data-orig-size=\"32,32\" data-comments-opened=\"1\" data-image-meta=\"{&quot;aperture&quot;:&quot;0&quot;,&quot;credit&quot;:&quot;&quot;,&quot;camera&quot;:&quot;&quot;,&quot;caption&quot;:&quot;&quot;,&quot;created_timestamp&quot;:&quot;0&quot;,&quot;copyright&quot;:&quot;&quot;,&quot;focal_length&quot;:&quot;0&quot;,&quot;iso&quot;:&quot;0&quot;,&quot;shutter_speed&quot;:&quot;0&quot;,&quot;title&quot;:&quot;&quot;,&quot;orientation&quot;:&quot;0&quot;}\" data-image-title=\"DistortionLarge\" data-image-description=\"\" data-image-caption=\"\" data-large-file=\"https:\/\/gs-cms.com\/wp-content\/uploads\/DistortionLarge.png\" class=\"alignnone size-full wp-image-2294\" src=\"https:\/\/gs-cms.com\/wp-content\/uploads\/DistortionLarge.png\" alt=\"DistortionLarge\" width=\"32\" height=\"32\" srcset=\"https:\/\/gs-cms.com\/wp-content\/uploads\/DistortionLarge.png 32w, https:\/\/gs-cms.com\/wp-content\/uploads\/DistortionLarge-150x150.png 150w, https:\/\/gs-cms.com\/wp-content\/uploads\/DistortionLarge-160x160.png 160w, https:\/\/gs-cms.com\/wp-content\/uploads\/DistortionLarge-320x320.png 320w\" sizes=\"auto, (max-width: 32px) 100vw, 32px\" \/><\/td>\n<td style=\"vertical-align: top;\"><strong>St\u00f6rungen<\/strong><br \/>\nAngabe von St\u00f6rungen zum Darstellen eines gest\u00f6rten Bauablaufs.<\/td>\n<\/tr>\n<tr>\n<td style=\"vertical-align: top;\"><img loading=\"lazy\" decoding=\"async\" data-attachment-id=\"2295\" data-permalink=\"https:\/\/gs-cms.com\/?attachment_id=2295\" data-orig-file=\"https:\/\/gs-cms.com\/wp-content\/uploads\/ShowBaselineLarge.png\" data-orig-size=\"32,32\" data-comments-opened=\"1\" data-image-meta=\"{&quot;aperture&quot;:&quot;0&quot;,&quot;credit&quot;:&quot;&quot;,&quot;camera&quot;:&quot;&quot;,&quot;caption&quot;:&quot;&quot;,&quot;created_timestamp&quot;:&quot;0&quot;,&quot;copyright&quot;:&quot;&quot;,&quot;focal_length&quot;:&quot;0&quot;,&quot;iso&quot;:&quot;0&quot;,&quot;shutter_speed&quot;:&quot;0&quot;,&quot;title&quot;:&quot;&quot;,&quot;orientation&quot;:&quot;0&quot;}\" data-image-title=\"ShowBaselineLarge\" data-image-description=\"\" data-image-caption=\"\" data-large-file=\"https:\/\/gs-cms.com\/wp-content\/uploads\/ShowBaselineLarge.png\" class=\"alignnone size-full wp-image-2295\" src=\"https:\/\/gs-cms.com\/wp-content\/uploads\/ShowBaselineLarge.png\" alt=\"ShowBaselineLarge\" width=\"32\" height=\"32\" srcset=\"https:\/\/gs-cms.com\/wp-content\/uploads\/ShowBaselineLarge.png 32w, https:\/\/gs-cms.com\/wp-content\/uploads\/ShowBaselineLarge-150x150.png 150w, https:\/\/gs-cms.com\/wp-content\/uploads\/ShowBaselineLarge-160x160.png 160w, https:\/\/gs-cms.com\/wp-content\/uploads\/ShowBaselineLarge-320x320.png 320w\" sizes=\"auto, (max-width: 32px) 100vw, 32px\" \/><\/td>\n<td style=\"vertical-align: top;\"><strong>Basispl\u00e4ne<\/strong><br \/>\nHinzuf\u00fcgen von Basispl\u00e4nen zum Vergleichen verschiedener Planversionen<\/td>\n<td style=\"vertical-align: top;\"><img loading=\"lazy\" decoding=\"async\" data-attachment-id=\"2133\" data-permalink=\"https:\/\/gs-cms.com\/?attachment_id=2133\" data-orig-file=\"https:\/\/gs-cms.com\/wp-content\/uploads\/Reports.png\" data-orig-size=\"32,32\" data-comments-opened=\"1\" data-image-meta=\"{&quot;aperture&quot;:&quot;0&quot;,&quot;credit&quot;:&quot;&quot;,&quot;camera&quot;:&quot;&quot;,&quot;caption&quot;:&quot;&quot;,&quot;created_timestamp&quot;:&quot;0&quot;,&quot;copyright&quot;:&quot;&quot;,&quot;focal_length&quot;:&quot;0&quot;,&quot;iso&quot;:&quot;0&quot;,&quot;shutter_speed&quot;:&quot;0&quot;,&quot;title&quot;:&quot;&quot;,&quot;orientation&quot;:&quot;0&quot;}\" data-image-title=\"Reports\" data-image-description=\"\" data-image-caption=\"\" data-large-file=\"https:\/\/gs-cms.com\/wp-content\/uploads\/Reports.png\" class=\"alignnone size-full wp-image-2133\" src=\"https:\/\/gs-cms.com\/wp-content\/uploads\/Reports.png\" alt=\"Reports\" width=\"32\" height=\"32\" srcset=\"https:\/\/gs-cms.com\/wp-content\/uploads\/Reports.png 32w, https:\/\/gs-cms.com\/wp-content\/uploads\/Reports-150x150.png 150w, https:\/\/gs-cms.com\/wp-content\/uploads\/Reports-160x160.png 160w\" sizes=\"auto, (max-width: 32px) 100vw, 32px\" \/><\/td>\n<td style=\"vertical-align: top;\"><strong>Berichte<\/strong><br \/>\nAusgabe der Daten des Terminplans in Berichte.<\/td>\n<\/tr>\n<\/tbody>\n<\/table>\n<p>\t\t<\/div>\n\n\t\t<br \/>\n\n\t\t\t\t\t<div role=\"button\" id=\"accordion-1-t2\" class=\"accordion-title js-accordion-controller\" aria-controls=\"accordion-1-c2\" aria-expanded=\"false\" tabindex=\"0\">\n\t\t\t\tBeschreibung\t\t\t<\/div>\n\t\t\n\t\t<div id=\"accordion-1-c2\" class=\"accordion-content\" aria-hidden=\"true\">\n\t\t\t<br \/>\nDas Modul Terminplanung des <strong><a title=\"Construction Management System\" href=\"https:\/\/gs-cms.com\/?page_id=11\">Construction Management System<\/a> CMS<\/strong>\u00a0dient der\u00a0einfachen Terminplanung und Termin\u00fcberwachung mit Netzplantechnik.<\/p>\n<p>Das Modul\u00a0soll Projektmanager und Terminplaner bei der Planung und Kontrolle von Bauprojekten unterst\u00fctzen, indem es Funktionen bietet, wie grundlegende Projektdaten (mehrere Kalender, Projektstrukturplan, Projektressourcen), das Erstellen von neuen Vorg\u00e4ngen und Meilensteinen und das Definieren von Abh\u00e4ngigkeiten zwischen diesen. Durch die Definition der geplanten Dauer jedes Vorgangs, der Abh\u00e4ngigkeiten von Vorg\u00e4ngen und optionalen Randbedingungen berechnet die Netzplanlogik automatisch fr\u00fcheste und sp\u00e4teste Termine f\u00fcr jeden Vorgang, also die Termine wann ein Vorgang fr\u00fchestens beginnen kann und sp\u00e4testens enden muss, ohne den Projektendtermin zu gef\u00e4hrden.<\/p>\n<p>Das Modul unterst\u00fctzt mehrere Management-Tools zum \u00dcberwachen und Planen der Termine, wie die Anzeige des kritischen Pfads des Projekts, freier Puffer und Gesamtpuffer jedes Vorgangs, Anlegen von Meilensteinen, Zuordnen von Ressourcen zu Vorg\u00e4ngen und Anzeigen der Ressourcenauslastung, Anlegen von Basispl\u00e4nen (f\u00fcr Soll-Ist-Vergleiche), die Definition von Fragnets und von St\u00f6rungen.<\/p>\n<p>Mit fortschreitender\u00a0Projektdauer\u00a0k\u00f6nnen entweder der\u00a0prozentuale Fortschritt oder die Restdauer von Vorg\u00e4ngen definiert werden. Diese\u00a0werden durch den Berechnungsalgorithmus f\u00fcr die darauffolgenden Vorg\u00e4nge ber\u00fccksichtigt.<br \/>\n\t\t<\/div>\n\n\t\t<br \/>\n\n\t\t\t\t\t<div role=\"button\" id=\"accordion-1-t3\" class=\"accordion-title js-accordion-controller\" aria-controls=\"accordion-1-c3\" aria-expanded=\"false\" tabindex=\"0\">\n\t\t\t\tScreenshots\t\t\t<\/div>\n\t\t\n\t\t<div id=\"accordion-1-c3\" class=\"accordion-content\" aria-hidden=\"true\">\n\t\t\t<\/p>\n<table style=\"width: 100%;\">\n<tbody>\n<tr>\n<td><img loading=\"lazy\" decoding=\"async\" data-attachment-id=\"1856\" data-permalink=\"https:\/\/gs-cms.com\/?attachment_id=1856\" data-orig-file=\"https:\/\/gs-cms.com\/wp-content\/uploads\/NAS-PERT.jpg\" data-orig-size=\"874,747\" data-comments-opened=\"0\" data-image-meta=\"{&quot;aperture&quot;:&quot;0&quot;,&quot;credit&quot;:&quot;&quot;,&quot;camera&quot;:&quot;&quot;,&quot;caption&quot;:&quot;&quot;,&quot;created_timestamp&quot;:&quot;0&quot;,&quot;copyright&quot;:&quot;&quot;,&quot;focal_length&quot;:&quot;0&quot;,&quot;iso&quot;:&quot;0&quot;,&quot;shutter_speed&quot;:&quot;0&quot;,&quot;title&quot;:&quot;&quot;,&quot;orientation&quot;:&quot;0&quot;}\" data-image-title=\"Terminplanung\" data-image-description=\"\" data-image-caption=\"&lt;p&gt;Terminplanung&lt;\/p&gt;\n\" data-large-file=\"https:\/\/gs-cms.com\/wp-content\/uploads\/NAS-PERT.jpg\" class=\"size-medium wp-image-1856\" src=\"https:\/\/gs-cms.com\/wp-content\/uploads\/NAS-PERT-300x256.jpg\" alt=\"Terminplanung\" width=\"300\" height=\"256\" srcset=\"https:\/\/gs-cms.com\/wp-content\/uploads\/NAS-PERT-300x256.jpg 300w, https:\/\/gs-cms.com\/wp-content\/uploads\/NAS-PERT.jpg 874w\" sizes=\"auto, (max-width: 300px) 100vw, 300px\" \/><\/td>\n<td><\/td>\n<\/tr>\n<tr>\n<td>Terminplanung PERT-Diagramm<\/td>\n<td><\/td>\n<\/tr>\n<\/tbody>\n<\/table>\n<p>\t\t<\/div>\n\n\t\t<br \/>\n\n\t\t\t\t\t<div role=\"button\" id=\"accordion-1-t4\" class=\"accordion-title js-accordion-controller\" aria-controls=\"accordion-1-c4\" aria-expanded=\"false\" tabindex=\"0\">\n\t\t\t\tFunktionen\t\t\t<\/div>\n\t\t\n\t\t<div id=\"accordion-1-c4\" class=\"accordion-content\" aria-hidden=\"true\">\n\t\t\t<\/p>\n<ul>\n<li>Ansicht des Terminplans als PERT- oder als Gantt-Diagramm<\/li>\n<li>Hinzuf\u00fcgen von Vorg\u00e4ngen, Meilensteinen, fixen Vorg\u00e4ngen und fixen Meilensteinen<\/li>\n<li>Hinzuf\u00fcgen von Abh\u00e4ngigkeiten zwischen Vorg\u00e4ngen mit Anfang-Anfang, Ende-Anfang oder Ende-Ende-Beziehung und der Angabe eines Abstandswerts<\/li>\n<li>Anlegen mehrer Kalender mit unterschiedlichen Wochenarbeitstagen\u00a0und Feiertagen<\/li>\n<li>Definition eines Projektstrukturplans mit \u00dcbersicht \u00fcber die Termine pro Ebene<\/li>\n<li>Anlegen von Arbeits-, Material und Kalenderressourcen und einer maximalen Ressourcenauslastung<\/li>\n<li>Anlegen von bis zu 3 benutzerdefinierten Attributen<\/li>\n<li>Ein- und Ausblenden von Abh\u00e4ngigkeiten und Puffer im Gantt-Diagramm<\/li>\n<li>Anzeigen von Ressourcen als Balkendiagramm im Gantt-Diagramm<\/li>\n<li>Definition mehrerer Layouts mit verchiedenen Farben der Elemente des Gantt-Diagramms, Textposition im Gantt-Diagramm, sichtbare Basispl\u00e4ne, Vorlagen der Darstellung im PERT-Diagramm<\/li>\n<li>Anlagen, importieren und exportieren von Basispl\u00e4nen<\/li>\n<li>Anlegen von Fragnets und ein- und ausblenden von Fragnets<\/li>\n<li>Anlegen von St\u00f6rungen zum Erfassen eines gest\u00f6rten Bauablaufs (Verz\u00f6gerung, Unterbrechung, Hemmung, Erweiterung, Verringerung von Vorg\u00e4ngen)<\/li>\n<li>Textliche Auswertungen durch Vergleich von zwei Pl\u00e4nen (Vergleich mit Basisplan, Vergleich mit St\u00f6rungen, Vergleich mit Fragnet)<\/li>\n<li>Tabellarisches Bearbeiten der Netzplanlogik<\/li>\n<li>Vorg\u00e4nge Teilen und Verbinden<\/li>\n<li>Import und Export in verschiedene Formate:\u00a0NAS (Network Analysis System), XER (Oracle Primavera), XML (MS Project), SDEF<\/li>\n<li>Ausgabe der Daten in Berichte<\/li>\n<li>Soforthilfe<\/li>\n<\/ul>\n<p>\t\t<\/div>\n\n\t\t<br \/>\n<\/div>\n","protected":false},"excerpt":{"rendered":"<p>W\u00fcrden Sie gerne\u00a0Verz\u00f6gerungen und St\u00f6rungen am Bauablauf und die daraus resultierenden Auswirkungen auf andere Termine automatisch berechnen und grafisch darstellen k\u00f6nnen?<\/p>\n","protected":false},"author":11,"featured_media":0,"parent":11,"menu_order":9,"comment_status":"closed","ping_status":"open","template":"","meta":{"_bbp_topic_count":0,"_bbp_reply_count":0,"_bbp_total_topic_count":0,"_bbp_total_reply_count":0,"_bbp_voice_count":0,"_bbp_anonymous_reply_count":0,"_bbp_topic_count_hidden":0,"_bbp_reply_count_hidden":0,"_bbp_forum_subforum_count":0,"footnotes":""},"class_list":["post-1832","page","type-page","status-publish","hentry"],"aioseo_notices":[],"jetpack_sharing_enabled":true,"jetpack-related-posts":[{"id":2629,"url":"https:\/\/gs-cms.com\/?page_id=2629","url_meta":{"origin":1832,"position":0},"title":"Terminplanung","author":"Patrick Schimmel","date":"Freitag, 9. Oktober 2015","format":false,"excerpt":"Eines unserer T\u00e4tigkeitsfelder umfasst den Bereich Services und Consulting im Bereich des Projektmanagements von Bauprojekten (z.B. Terminplanung, technisches Controlling). Wir erstellen Terminpl\u00e4ne als Balkenplan oder mit Netzplantechnik mit MS Project oder Oracle Primavera und unterst\u00fctzen Sie bei der \u00dcberwachung von Terminen und Kosten und dem Fortschreiben der Pl\u00e4ne. Hierf\u00fcr verwenden\u2026","rel":"","context":"\u00c4hnlicher Beitrag","block_context":{"text":"\u00c4hnlicher Beitrag","link":""},"img":{"alt_text":"","src":"https:\/\/i0.wp.com\/gs-cms.com\/wp-content\/uploads\/MS-Project-300x153.jpg?resize=350%2C200&ssl=1","width":350,"height":200},"classes":[]},{"id":1354,"url":"https:\/\/gs-cms.com\/?page_id=1354","url_meta":{"origin":1832,"position":1},"title":"Rechte","author":"Patrick Schimmel","date":"Dienstag, 3. Juni 2014","format":false,"excerpt":"Im Folgenden werden die verf\u00fcgbaren Rechte der einzelnen Module erl\u00e4utert. Allgemeine Module Modul Recht Beschreibung Akquisition Akquisitionsdaten bearbeiten Benutzer hat das Recht die Detaildaten der Akquisition zu bearbeiten. Akquisition Akquisitionstermine bearbeiten Bearbeiten der Termindaten der Akquisitionsdatens\u00e4tze. Akquisition Submissionsergebnisse bearbeiten Bearbeiten der Submissionsergebnisse von Gelegenheiten. Akquisition Akquisitionsdaten drucken Drucken von Berichten\u2026","rel":"","context":"In \"Admin\"","block_context":{"text":"Admin","link":"https:\/\/gs-cms.com\/?tag=admin"},"img":{"alt_text":"","src":"","width":0,"height":0},"classes":[]},{"id":29,"url":"https:\/\/gs-cms.com\/?page_id=29","url_meta":{"origin":1832,"position":2},"title":"Projektbezogene Module","author":"Patrick Schimmel","date":"Dienstag, 19. November 2013","format":false,"excerpt":"Projektbezogene Module beinhalten die Daten zu einem bestimmten Projekt. Zu den projektbezogenen Modulen geh\u00f6ren: Bautagebuch M\u00e4ngelverwaltung Bildverwaltung Besprechungen Planverwaltung Terminpl\u00e4ne Projektoptionen \u00a0","rel":"","context":"In \"Projektmodule\"","block_context":{"text":"Projektmodule","link":"https:\/\/gs-cms.com\/?tag=projektmodule"},"img":{"alt_text":"","src":"","width":0,"height":0},"classes":[]},{"id":1631,"url":"https:\/\/gs-cms.com\/?page_id=1631","url_meta":{"origin":1832,"position":3},"title":"Berichte","author":"Patrick Schimmel","date":"Donnerstag, 9. Oktober 2014","format":false,"excerpt":"Berichte dienen der strukturierten Ausgabe Ihrer Daten. \u00dcber die Berichte k\u00f6nnen Sie Ihre Daten in \u00fcbersichtlicher Form in beliebigem Detaillierungsgrad darstellen und drucken oder in verschiedene Formate exportieren (z.B. PDF, Office-Formate (Excel, Word), Bildformate, usw.). Mit dem integrierten Berichtseditor k\u00f6nnen Sie einfach neue Berichte selbst erstellen, oder die vorhandenen Berichte\u2026","rel":"","context":"In \"Berichte\"","block_context":{"text":"Berichte","link":"https:\/\/gs-cms.com\/?tag=berichte"},"img":{"alt_text":"Berichtseditor","src":"https:\/\/i0.wp.com\/gs-cms.com\/wp-content\/uploads\/Bericht-300x90.jpg?resize=350%2C200&ssl=1","width":350,"height":200},"classes":[]},{"id":2376,"url":"https:\/\/gs-cms.com\/?page_id=2376","url_meta":{"origin":1832,"position":4},"title":"Mobile Datenerfassung","author":"Patrick Schimmel","date":"Freitag, 6. M\u00e4rz 2015","format":false,"excerpt":"W\u00fcrden Sie gerne die Daten f\u00fcr Bautagesberichte und gefundenen M\u00e4ngeln direkt auf der Baustelle erfassen und mit Bildern hinterlegen?","rel":"","context":"\u00c4hnlicher Beitrag","block_context":{"text":"\u00c4hnlicher Beitrag","link":""},"img":{"alt_text":"DailyReports","src":"https:\/\/i0.wp.com\/gs-cms.com\/wp-content\/uploads\/DailyReports.png?resize=350%2C200&ssl=1","width":350,"height":200},"classes":[]},{"id":77,"url":"https:\/\/gs-cms.com\/?page_id=77","url_meta":{"origin":1832,"position":5},"title":"Optionen","author":"Patrick Schimmel","date":"Dienstag, 19. November 2013","format":false,"excerpt":"","rel":"","context":"In \"Optionen\"","block_context":{"text":"Optionen","link":"https:\/\/gs-cms.com\/?tag=optionen"},"img":{"alt_text":"Optionen","src":"https:\/\/i0.wp.com\/gs-cms.com\/wp-content\/uploads\/Optionen-300x213.jpg?resize=350%2C200&ssl=1","width":350,"height":200},"classes":[]}],"_links":{"self":[{"href":"https:\/\/gs-cms.com\/index.php?rest_route=\/wp\/v2\/pages\/1832","targetHints":{"allow":["GET"]}}],"collection":[{"href":"https:\/\/gs-cms.com\/index.php?rest_route=\/wp\/v2\/pages"}],"about":[{"href":"https:\/\/gs-cms.com\/index.php?rest_route=\/wp\/v2\/types\/page"}],"author":[{"embeddable":true,"href":"https:\/\/gs-cms.com\/index.php?rest_route=\/wp\/v2\/users\/11"}],"replies":[{"embeddable":true,"href":"https:\/\/gs-cms.com\/index.php?rest_route=%2Fwp%2Fv2%2Fcomments&post=1832"}],"version-history":[{"count":1,"href":"https:\/\/gs-cms.com\/index.php?rest_route=\/wp\/v2\/pages\/1832\/revisions"}],"predecessor-version":[{"id":3496,"href":"https:\/\/gs-cms.com\/index.php?rest_route=\/wp\/v2\/pages\/1832\/revisions\/3496"}],"up":[{"embeddable":true,"href":"https:\/\/gs-cms.com\/index.php?rest_route=\/wp\/v2\/pages\/11"}],"wp:attachment":[{"href":"https:\/\/gs-cms.com\/index.php?rest_route=%2Fwp%2Fv2%2Fmedia&parent=1832"}],"curies":[{"name":"wp","href":"https:\/\/api.w.org\/{rel}","templated":true}]}}