
{"id":1753,"date":"2014-10-22T21:23:47","date_gmt":"2014-10-22T19:23:47","guid":{"rendered":"http:\/\/gs-cms.com\/?page_id=1753"},"modified":"2020-05-13T22:27:52","modified_gmt":"2020-05-13T20:27:52","slug":"module","status":"publish","type":"page","link":"https:\/\/gs-cms.com\/","title":{"rendered":"Willkommen"},"content":{"rendered":"\n<div class=\"wp-block-image\"><figure class=\"alignright size-medium\"><a href=\"https:\/\/gs-cms.com\/?page_id=11\"><img loading=\"lazy\" decoding=\"async\" width=\"300\" height=\"145\" data-attachment-id=\"3677\" data-permalink=\"https:\/\/gs-cms.com\/?attachment_id=3677\" data-orig-file=\"https:\/\/gs-cms.com\/wp-content\/uploads\/Splash-1.png\" data-orig-size=\"417,201\" data-comments-opened=\"1\" data-image-meta=\"{&quot;aperture&quot;:&quot;0&quot;,&quot;credit&quot;:&quot;&quot;,&quot;camera&quot;:&quot;&quot;,&quot;caption&quot;:&quot;&quot;,&quot;created_timestamp&quot;:&quot;0&quot;,&quot;copyright&quot;:&quot;&quot;,&quot;focal_length&quot;:&quot;0&quot;,&quot;iso&quot;:&quot;0&quot;,&quot;shutter_speed&quot;:&quot;0&quot;,&quot;title&quot;:&quot;&quot;,&quot;orientation&quot;:&quot;0&quot;}\" data-image-title=\"Splash\" data-image-description=\"\" data-image-caption=\"\" data-large-file=\"https:\/\/gs-cms.com\/wp-content\/uploads\/Splash-1.png\" src=\"https:\/\/gs-cms.com\/wp-content\/uploads\/Splash-1-300x145.png\" alt=\"\" class=\"wp-image-3677\" srcset=\"https:\/\/gs-cms.com\/wp-content\/uploads\/Splash-1-300x145.png 300w, https:\/\/gs-cms.com\/wp-content\/uploads\/Splash-1.png 417w\" sizes=\"auto, (max-width: 300px) 100vw, 300px\" \/><\/a><\/figure><\/div>\n\n\n<p><strong>Willkommen auf der Website der Firma GS Construction Management Services.<\/strong><\/p>\n<p>Sie finden hier Informationen und Neuigkeiten zu unserer Software und den Leistungen und Services unseres Unternehmens.<\/p>\n<p>Wir sind spezialisiert auf&nbsp;das Projektmanagement im Baubereich.&nbsp;Unter anderem bieten wir das <strong><a href=\"https:\/\/gs-cms.com\/?page_id=11\">Construction Management System<\/a>&nbsp;CMS<\/strong>, eine Software zur einfachen Verwaltung und vertragssicheren Dokumentation von Bauprojekten.&nbsp;<\/p>\n<p>Im Download-Bereich haben&nbsp;Sie die M\u00f6glichkeit die aktuelle Version des Construction Management Systems herunterzuladen und 30 Tage kostenlos zu testen.<\/p>\n<p>Bei&nbsp;Fragen oder Problemen k\u00f6nnen Sie uns gerne \u00fcber das&nbsp;<a href=\"https:\/\/gs-cms.com\/?page_id=1304\">Kontakt<\/a>-Formular eine Nachricht zukommen lassen.<\/p>\n\n\n<div class=\"wp-block-image\"><figure class=\"aligncenter size-full\"><img loading=\"lazy\" decoding=\"async\" width=\"532\" height=\"529\" data-attachment-id=\"3021\" data-permalink=\"https:\/\/gs-cms.com\/?attachment_id=3021\" data-orig-file=\"https:\/\/gs-cms.com\/wp-content\/uploads\/Projektmodule.png\" data-orig-size=\"532,529\" data-comments-opened=\"1\" data-image-meta=\"{&quot;aperture&quot;:&quot;0&quot;,&quot;credit&quot;:&quot;&quot;,&quot;camera&quot;:&quot;&quot;,&quot;caption&quot;:&quot;&quot;,&quot;created_timestamp&quot;:&quot;0&quot;,&quot;copyright&quot;:&quot;&quot;,&quot;focal_length&quot;:&quot;0&quot;,&quot;iso&quot;:&quot;0&quot;,&quot;shutter_speed&quot;:&quot;0&quot;,&quot;title&quot;:&quot;&quot;,&quot;orientation&quot;:&quot;0&quot;}\" data-image-title=\"projektmodule\" data-image-description=\"\" data-image-caption=\"\" data-large-file=\"https:\/\/gs-cms.com\/wp-content\/uploads\/Projektmodule.png\" src=\"https:\/\/gs-cms.com\/wp-content\/uploads\/Projektmodule.png\" alt=\"\" class=\"wp-image-3021\" srcset=\"https:\/\/gs-cms.com\/wp-content\/uploads\/Projektmodule.png 532w, https:\/\/gs-cms.com\/wp-content\/uploads\/Projektmodule-150x150.png 150w, https:\/\/gs-cms.com\/wp-content\/uploads\/Projektmodule-300x298.png 300w\" sizes=\"auto, (max-width: 532px) 100vw, 532px\" \/><\/figure><\/div>\n","protected":false},"excerpt":{"rendered":"<p>Willkommen auf der Website der Firma GS Construction Management Services. Sie finden hier Informationen und Neuigkeiten zu unserer Software und den Leistungen und Services unseres Unternehmens. Wir sind spezialisiert auf&nbsp;das Projektmanagement im Baubereich.&nbsp;Unter anderem bieten wir das Construction Management System&nbsp;CMS, eine Software zur einfachen Verwaltung und vertragssicheren Dokumentation von Bauprojekten.&nbsp; Im Download-Bereich haben&nbsp;Sie die M\u00f6glichkeit&hellip;<\/p>\n","protected":false},"author":11,"featured_media":0,"parent":0,"menu_order":0,"comment_status":"closed","ping_status":"open","template":"","meta":{"_bbp_topic_count":0,"_bbp_reply_count":0,"_bbp_total_topic_count":0,"_bbp_total_reply_count":0,"_bbp_voice_count":0,"_bbp_anonymous_reply_count":0,"_bbp_topic_count_hidden":0,"_bbp_reply_count_hidden":0,"_bbp_forum_subforum_count":0,"footnotes":""},"class_list":["post-1753","page","type-page","status-publish","hentry"],"aioseo_notices":[],"jetpack_sharing_enabled":true,"jetpack-related-posts":[{"id":3241,"url":"https:\/\/gs-cms.com\/?page_id=3241","url_meta":{"origin":1753,"position":0},"title":"Widerrufsbelehrung","author":"Patrick Schimmel","date":"Freitag, 16. November 2018","format":false,"excerpt":"Widerrufsrecht Sie haben das Recht, binnen vierzehn Tagen ohne Angabe von Gr\u00fcnden diesen Vertrag zu widerrufen. Die Widerrufsfrist betr\u00e4gt vierzehn Tage ab dem Tag an welchem die Lizenz aktiviert wurde. Um Ihr Widerrufsrecht auszu\u00fcben, m\u00fcssen Sie uns (GS Construction Management Services UG, Oberer Ro\u00dfr\u00fcck 52, 67661 Kaiserslautern, Telefon:\u00a0+49 (6306) 991551,\u00a0E-Mail:\u00a0info@gs-cms.com)\u2026","rel":"","context":"\u00c4hnlicher Beitrag","block_context":{"text":"\u00c4hnlicher Beitrag","link":""},"img":{"alt_text":"","src":"","width":0,"height":0},"classes":[]},{"id":1509,"url":"https:\/\/gs-cms.com\/?page_id=1509","url_meta":{"origin":1753,"position":1},"title":"Downloads","author":"Patrick Schimmel","date":"Samstag, 5. Juli 2014","format":false,"excerpt":"Auf dieser Seite finden Sie die Download-Links der aktuellen Version des Construction Management Systems,\u00a0optionaler Komponenten und weitere Informationen zum herunterladen. Bitte beachten Sie, dass die Setups und Programmdateien nicht digital signiert sind. Je nach Einstellung Ihres Betriebssystems und ihres Browsers kann dies beim Herunterladen oder bei der Installation der Software\u2026","rel":"","context":"\u00c4hnlicher Beitrag","block_context":{"text":"\u00c4hnlicher Beitrag","link":""},"img":{"alt_text":"","src":"https:\/\/i0.wp.com\/gs-cms.com\/wp-content\/uploads\/7_128x128.png?resize=350%2C200&ssl=1","width":350,"height":200},"classes":[]},{"id":1590,"url":"https:\/\/gs-cms.com\/?page_id=1590","url_meta":{"origin":1753,"position":2},"title":"\u00dcber uns","author":"Patrick Schimmel","date":"Mittwoch, 10. September 2014","format":false,"excerpt":"Die GS Construction Management Services UG (haftungsbeschr\u00e4nkt) bietet seit September 2014 Dienstleistungen und Consulting im Bereich des technischen Baustellenmanagements. Unter anderem\u00a0entwickeln und vertreiben\u00a0wir das Construction Management System CMS, eine Software zur einfachen Verwaltung und rechtssicheren Dokumentation von Baustellen. Die direkte N\u00e4he zur Bauwirtschaft erm\u00f6glicht es uns die erforderlichen Prozesse praxisgerecht\u2026","rel":"","context":"\u00c4hnlicher Beitrag","block_context":{"text":"\u00c4hnlicher Beitrag","link":""},"img":{"alt_text":"","src":"","width":0,"height":0},"classes":[]},{"id":3598,"url":"https:\/\/gs-cms.com\/?page_id=3598","url_meta":{"origin":1753,"position":3},"title":"CMS Testzugang","author":"Patrick Schimmel","date":"Montag, 10. Juni 2019","format":false,"excerpt":"Sie k\u00f6nnen eine uneingeschr\u00e4nkte Version von CMS kostenlos testen. Hierf\u00fcr gibt es prinzipiell zwei M\u00f6glichkeiten: 30-Tage Testversion (Lokal) Sie k\u00f6nnen das Construction Management System lokal 30 Tage lang uneingeschr\u00e4nkt testen. Alle eingegebenen Daten werden ausschlie\u00dflich bei Ihnen lokal gespeichert. Laden Sie sich hierzu die aktuelle Version der Software aus unserem\u2026","rel":"","context":"\u00c4hnlicher Beitrag","block_context":{"text":"\u00c4hnlicher Beitrag","link":""},"img":{"alt_text":"","src":"","width":0,"height":0},"classes":[]},{"id":3240,"url":"https:\/\/gs-cms.com\/?page_id=3240","url_meta":{"origin":1753,"position":4},"title":"AGB","author":"Patrick Schimmel","date":"Freitag, 16. November 2018","format":false,"excerpt":"Softwarelizenzvertrag Bitte lesen Sie diesen Softwarelizenzvertrag (\"Vertrag\") sorgf\u00e4ltig durch, bevor Sie die Software erwerben und auf Ihrem Computer installieren und einsetzen. Durch Verwendung der Software erkl\u00e4ren Sie Ihr ausdr\u00fcckliches Einverst\u00e4ndnis mit den nachstehenden Lizenzbestimmungen. 1 Vertragsgegenstand Die GS CONSTRUCTION MANAGEMENT SERVICES UG (haftungsbeschr\u00e4nkt)\u00a0 (\"Lizenzgeber\") wird dem Kunden (\"Lizenznehmer\") nach Ma\u00dfgabe\u2026","rel":"","context":"\u00c4hnlicher Beitrag","block_context":{"text":"\u00c4hnlicher Beitrag","link":""},"img":{"alt_text":"","src":"","width":0,"height":0},"classes":[]},{"id":11,"url":"https:\/\/gs-cms.com\/?page_id=11","url_meta":{"origin":1753,"position":5},"title":"Construction Management System","author":"Patrick Schimmel","date":"Dienstag, 19. November 2013","format":false,"excerpt":"Das Construction Management System CMS ist eine umfangreiche Software zur vertragssicheren Dokumentation und Verwaltung von Bauprojekten. Es umfasst alle Phasen des Bauprojekts, von der Projektakquise \u00fcber die Bauausf\u00fchrung bis hin zur Gew\u00e4hrleistung. Einmal eingetragene Informationen werden in einer zentralen Datenbank gespeichert und k\u00f6nnen \u00fcber frei definierbare Berichte beliebig ausgewertet und\u2026","rel":"","context":"\u00c4hnlicher Beitrag","block_context":{"text":"\u00c4hnlicher Beitrag","link":""},"img":{"alt_text":"Projektzyklus","src":"https:\/\/i0.wp.com\/gs-cms.com\/wp-content\/uploads\/Projektzyklus-300x221.png?resize=350%2C200&ssl=1","width":350,"height":200},"classes":[]}],"_links":{"self":[{"href":"https:\/\/gs-cms.com\/index.php?rest_route=\/wp\/v2\/pages\/1753","targetHints":{"allow":["GET"]}}],"collection":[{"href":"https:\/\/gs-cms.com\/index.php?rest_route=\/wp\/v2\/pages"}],"about":[{"href":"https:\/\/gs-cms.com\/index.php?rest_route=\/wp\/v2\/types\/page"}],"author":[{"embeddable":true,"href":"https:\/\/gs-cms.com\/index.php?rest_route=\/wp\/v2\/users\/11"}],"replies":[{"embeddable":true,"href":"https:\/\/gs-cms.com\/index.php?rest_route=%2Fwp%2Fv2%2Fcomments&post=1753"}],"version-history":[{"count":5,"href":"https:\/\/gs-cms.com\/index.php?rest_route=\/wp\/v2\/pages\/1753\/revisions"}],"predecessor-version":[{"id":3679,"href":"https:\/\/gs-cms.com\/index.php?rest_route=\/wp\/v2\/pages\/1753\/revisions\/3679"}],"wp:attachment":[{"href":"https:\/\/gs-cms.com\/index.php?rest_route=%2Fwp%2Fv2%2Fmedia&parent=1753"}],"curies":[{"name":"wp","href":"https:\/\/api.w.org\/{rel}","templated":true}]}}