
{"id":1631,"date":"2014-10-09T13:21:32","date_gmt":"2014-10-09T11:21:32","guid":{"rendered":"http:\/\/gs-cms.com\/?page_id=1631"},"modified":"2019-02-10T23:02:21","modified_gmt":"2019-02-10T22:02:21","slug":"berichte","status":"publish","type":"page","link":"https:\/\/gs-cms.com\/?page_id=1631","title":{"rendered":"Berichte"},"content":{"rendered":"<figure id=\"attachment_1291\" aria-describedby=\"caption-attachment-1291\" style=\"width: 300px\" class=\"wp-caption alignright\"><a href=\"https:\/\/gs-cms.com\/wp-content\/uploads\/Bericht.jpg\" data-rel=\"lightbox-gallery-jhbHRcVI\" data-rl_title=\"\" data-rl_caption=\"\" title=\"\"><img loading=\"lazy\" decoding=\"async\" data-attachment-id=\"1291\" data-permalink=\"https:\/\/gs-cms.com\/?attachment_id=1291\" data-orig-file=\"https:\/\/gs-cms.com\/wp-content\/uploads\/Bericht.jpg\" data-orig-size=\"935,281\" data-comments-opened=\"1\" data-image-meta=\"{&quot;aperture&quot;:&quot;0&quot;,&quot;credit&quot;:&quot;&quot;,&quot;camera&quot;:&quot;&quot;,&quot;caption&quot;:&quot;&quot;,&quot;created_timestamp&quot;:&quot;0&quot;,&quot;copyright&quot;:&quot;&quot;,&quot;focal_length&quot;:&quot;0&quot;,&quot;iso&quot;:&quot;0&quot;,&quot;shutter_speed&quot;:&quot;0&quot;,&quot;title&quot;:&quot;&quot;,&quot;orientation&quot;:&quot;0&quot;}\" data-image-title=\"Berichtseditor\" data-image-description=\"\" data-image-caption=\"&lt;p&gt;Berichtseditor&lt;\/p&gt;\n\" data-large-file=\"https:\/\/gs-cms.com\/wp-content\/uploads\/Bericht.jpg\" class=\"size-medium wp-image-1291\" src=\"https:\/\/gs-cms.com\/wp-content\/uploads\/Bericht-300x90.jpg\" alt=\"Berichtseditor\" width=\"300\" height=\"90\" srcset=\"https:\/\/gs-cms.com\/wp-content\/uploads\/Bericht-300x90.jpg 300w, https:\/\/gs-cms.com\/wp-content\/uploads\/Bericht.jpg 935w\" sizes=\"auto, (max-width: 300px) 100vw, 300px\" \/><\/a><figcaption id=\"caption-attachment-1291\" class=\"wp-caption-text\">Berichtseditor<\/figcaption><\/figure>\n<p>Berichte dienen der strukturierten Ausgabe Ihrer Daten. \u00dcber die Berichte k\u00f6nnen Sie Ihre Daten in \u00fcbersichtlicher Form in beliebigem Detaillierungsgrad darstellen und drucken oder in verschiedene Formate exportieren (z.B. PDF, Office-Formate (Excel, Word), Bildformate, usw.).<\/p>\n<p>Mit dem integrierten Berichtseditor k\u00f6nnen Sie einfach neue Berichte selbst erstellen, oder die vorhandenen Berichte als Vorlage verwenden und diese nach Ihren W\u00fcnschen ver\u00e4ndern.<\/p>\n<p>Sie k\u00f6nnen alle Berichte mit Ihrem Logo (bei Serienbriefen auch mit\u00a0 Kopf- und Fu\u00dfzeile) an Ihr Corporate Design anpassen. Auf Projektebene k\u00f6nnen f\u00fcr die Berichte eigene Logos angelegt werden, z.B. bei Arge-Projekten.<\/p>\n<p>Alle Berichte k\u00f6nnen \u00fcber die Programmoberfl\u00e4che in verschiedene Sprachen \u00fcbersetzt werden. So haben Sie immer ein einheitliches Layout Ihrer Druckausgaben, unabh\u00e4ngig von der Ausgabesprache.<\/p>\n<p>Im <strong><a title=\"Construction Management System\" href=\"https:\/\/gs-cms.com\/?page_id=11\">Construction Management System<\/a> CMS<\/strong> sind bereits mehrere Berichte\u00a0enthalten, die st\u00e4ndig weiterentwickelt und erweitert werden. Die folgenden Berichte sind zur Zeit enthalten (Stand 11\/2018):<\/p>\n<div id=\"accordion-1\" class=\"accordion no-js\"><br \/>\n\n\t\t\t\t\t<div role=\"button\" id=\"accordion-1-t1\" class=\"accordion-title js-accordion-controller\" aria-controls=\"accordion-1-c1\" aria-expanded=\"false\" tabindex=\"0\">\n\t\t\t\tAdressverwaltung\t\t\t<\/div>\n\t\t\n\t\t<div id=\"accordion-1-c1\" class=\"accordion-content\" aria-hidden=\"true\">\n\t\t\t<\/p>\n<ul>\n<li>NU-Auftragsliste<\/li>\n<li>Geburtstagsliste<\/li>\n<li>Mitarbeiterliste<\/li>\n<li>NU-Projekt\u00fcbersicht<\/li>\n<li>Stammdaten<\/li>\n<li>Stammdaten ohne Ansprechpartner<\/li>\n<li>Telefonliste<\/li>\n<li>Baustellenausweise<\/li>\n<li>Firmenbewertungen<\/li>\n<li>Firmennachweise<\/li>\n<li>Firmen\u00fcbersicht<\/li>\n<\/ul>\n<p>\t\t<\/div>\n\n\t\t<br \/>\n\n\t\t\t\t\t<div role=\"button\" id=\"accordion-1-t2\" class=\"accordion-title js-accordion-controller\" aria-controls=\"accordion-1-c2\" aria-expanded=\"false\" tabindex=\"0\">\n\t\t\t\tProjektverwaltung\t\t\t<\/div>\n\t\t\n\t\t<div id=\"accordion-1-c2\" class=\"accordion-content\" aria-hidden=\"true\">\n\t\t\t<\/p>\n<ul>\n<li>Projekt\u00fcbersicht<\/li>\n<li>Projekt-Stammdatenblatt<\/li>\n<li>Vergabe\u00fcbersicht<\/li>\n<li>Projektbeteiligte<\/li>\n<li>Projektbeteiligtenliste<\/li>\n<li>Projektbeteiligtenliste nach Kategorie<\/li>\n<li>Gew\u00e4hrleistung<\/li>\n<li>Kostenstellenliste<\/li>\n<li>Kostenstellenliste detailliert<\/li>\n<li>Leistungsmeldung<\/li>\n<li>Neue Auftr\u00e4ge<\/li>\n<li>Projektliste<\/li>\n<li>Projektliste tabellarisch<\/li>\n<li>Projektdetails (Stammdaten)<\/li>\n<li>Vertr\u00e4ge<\/li>\n<li>Vertr\u00e4ge + Projekte<\/li>\n<\/ul>\n<p>\t\t<\/div>\n\n\t\t<br \/>\n\n\t\t\t\t\t<div role=\"button\" id=\"accordion-1-t3\" class=\"accordion-title js-accordion-controller\" aria-controls=\"accordion-1-c3\" aria-expanded=\"false\" tabindex=\"0\">\n\t\t\t\tProjektakquisition\t\t\t<\/div>\n\t\t\n\t\t<div id=\"accordion-1-c3\" class=\"accordion-content\" aria-hidden=\"true\">\n\t\t\t<\/p>\n<ul>\n<li>Projekt-Info<\/li>\n<li>Projekt-Info (einzeln)<\/li>\n<li>Projekt-Info (\u00dcbersicht)<\/li>\n<li>Submissionsergebnis<\/li>\n<li>Akquisitionsdetails<\/li>\n<li>Akquisitionsliste<\/li>\n<li>Submissionskalender<\/li>\n<li>Submissionskalender nach Personen<\/li>\n<li>Vergabe\u00fcbersicht<\/li>\n<\/ul>\n<p>\t\t<\/div>\n\n\t\t<br \/>\n\n\t\t\t\t\t<div role=\"button\" id=\"accordion-1-t4\" class=\"accordion-title js-accordion-controller\" aria-controls=\"accordion-1-c4\" aria-expanded=\"false\" tabindex=\"0\">\n\t\t\t\tBautagebuch\t\t\t<\/div>\n\t\t\n\t\t<div id=\"accordion-1-c4\" class=\"accordion-content\" aria-hidden=\"true\">\n\t\t\t<\/p>\n<ul>\n<li>Bautagesbericht gruppiert nach Ebene<\/li>\n<li>Bautagesbericht gruppiert nach Firma<\/li>\n<li>Nachunternehmerauswertung<\/li>\n<\/ul>\n<p>\t\t<\/div>\n\n\t\t<br \/>\n\n\t\t\t\t\t<div role=\"button\" id=\"accordion-1-t5\" class=\"accordion-title js-accordion-controller\" aria-controls=\"accordion-1-c5\" aria-expanded=\"false\" tabindex=\"0\">\n\t\t\t\tM\u00e4ngelverwaltung\t\t\t<\/div>\n\t\t\n\t\t<div id=\"accordion-1-c5\" class=\"accordion-content\" aria-hidden=\"true\">\n\t\t\t<\/p>\n<ul>\n<li>Einfache M\u00e4ngelliste<\/li>\n<li>Mangel-Details<\/li>\n<li>Mangel-Historie<\/li>\n<li>M\u00e4ngel-Checkliste<\/li>\n<li>M\u00e4ngel-Anschreiben<\/li>\n<\/ul>\n<p>\t\t<\/div>\n\n\t\t<br \/>\n\n\t\t\t\t\t<div role=\"button\" id=\"accordion-1-t6\" class=\"accordion-title js-accordion-controller\" aria-controls=\"accordion-1-c6\" aria-expanded=\"false\" tabindex=\"0\">\n\t\t\t\tBildverwaltung\t\t\t<\/div>\n\t\t\n\t\t<div id=\"accordion-1-c6\" class=\"accordion-content\" aria-hidden=\"true\">\n\t\t\t<\/p>\n<ul>\n<li>Bilddetails<\/li>\n<li>Bilderbericht<\/li>\n<li>Bilder-\u00dcbersicht<\/li>\n<\/ul>\n<p>\t\t<\/div>\n\n\t\t<br \/>\n\n\t\t\t\t\t<div role=\"button\" id=\"accordion-1-t7\" class=\"accordion-title js-accordion-controller\" aria-controls=\"accordion-1-c7\" aria-expanded=\"false\" tabindex=\"0\">\n\t\t\t\tPlanverwaltung\t\t\t<\/div>\n\t\t\n\t\t<div id=\"accordion-1-c7\" class=\"accordion-content\" aria-hidden=\"true\">\n\t\t\t<\/p>\n<ul>\n<li>Plandetails<\/li>\n<li>Planliste<\/li>\n<li>Versand-Historie<\/li>\n<li>Versandschein<\/li>\n<li>Versandscheinliste<\/li>\n<\/ul>\n<p>\t\t<\/div>\n\n\t\t<br \/>\n\n\t\t\t\t\t<div role=\"button\" id=\"accordion-1-t8\" class=\"accordion-title js-accordion-controller\" aria-controls=\"accordion-1-c8\" aria-expanded=\"false\" tabindex=\"0\">\n\t\t\t\tBesprechungen\t\t\t<\/div>\n\t\t\n\t\t<div id=\"accordion-1-c8\" class=\"accordion-content\" aria-hidden=\"true\">\n\t\t\t<\/p>\n<ul>\n<li>Agenda<\/li>\n<li>Besprechungsmitschrift<\/li>\n<li>Todo-Liste<\/li>\n<\/ul>\n<p>\t\t<\/div>\n\n\t\t<br \/>\n\n\t\t\t\t\t<div role=\"button\" id=\"accordion-1-t9\" class=\"accordion-title js-accordion-controller\" aria-controls=\"accordion-1-c9\" aria-expanded=\"false\" tabindex=\"0\">\n\t\t\t\tZeiterfassung\t\t\t<\/div>\n\t\t\n\t\t<div id=\"accordion-1-c9\" class=\"accordion-content\" aria-hidden=\"true\">\n\t\t\t<\/p>\n<ul>\n<li>Monatsbericht<\/li>\n<li>Auswertung nach Person und Projekt<\/li>\n<li>Auswertung nach Projekt<\/li>\n<li>Auswertung nach Person<\/li>\n<\/ul>\n<p>\t\t<\/div>\n\n\t\t<br \/>\n\n\t\t\t\t\t<div role=\"button\" id=\"accordion-1-t10\" class=\"accordion-title js-accordion-controller\" aria-controls=\"accordion-1-c10\" aria-expanded=\"false\" tabindex=\"0\">\n\t\t\t\tTodo-Liste\t\t\t<\/div>\n\t\t\n\t\t<div id=\"accordion-1-c10\" class=\"accordion-content\" aria-hidden=\"true\">\n\t\t\t<\/p>\n<ul>\n<li>Todo-Liste<\/li>\n<\/ul>\n<p>\t\t<\/div>\n\n\t\t<br \/>\n\n\t\t\t\t\t<div role=\"button\" id=\"accordion-1-t11\" class=\"accordion-title js-accordion-controller\" aria-controls=\"accordion-1-c11\" aria-expanded=\"false\" tabindex=\"0\">\n\t\t\t\tBenutzerverwaltung\t\t\t<\/div>\n\t\t\n\t\t<div id=\"accordion-1-c11\" class=\"accordion-content\" aria-hidden=\"true\">\n\t\t\t<\/p>\n<ul>\n<li>Benutzer<\/li>\n<li>Rollen<\/li>\n<\/ul>\n<p>\t\t<\/div>\n\n\t\t<br \/>\n<\/div>\n","protected":false},"excerpt":{"rendered":"<p>Berichte dienen der strukturierten Ausgabe Ihrer Daten. \u00dcber die Berichte k\u00f6nnen Sie Ihre Daten in \u00fcbersichtlicher Form in beliebigem Detaillierungsgrad darstellen und drucken oder in verschiedene Formate exportieren (z.B. PDF, Office-Formate (Excel, Word), Bildformate, usw.). Mit dem integrierten Berichtseditor k\u00f6nnen Sie einfach neue Berichte selbst erstellen, oder die vorhandenen Berichte als Vorlage verwenden und diese&hellip;<\/p>\n","protected":false},"author":11,"featured_media":0,"parent":11,"menu_order":80,"comment_status":"closed","ping_status":"closed","template":"","meta":{"_bbp_topic_count":0,"_bbp_reply_count":0,"_bbp_total_topic_count":0,"_bbp_total_reply_count":0,"_bbp_voice_count":0,"_bbp_anonymous_reply_count":0,"_bbp_topic_count_hidden":0,"_bbp_reply_count_hidden":0,"_bbp_forum_subforum_count":0,"jetpack_post_was_ever_published":false,"footnotes":""},"class_list":["post-1631","page","type-page","status-publish","hentry"],"aioseo_notices":[],"jetpack_sharing_enabled":true,"jetpack-related-posts":[{"id":11,"url":"https:\/\/gs-cms.com\/?page_id=11","url_meta":{"origin":1631,"position":0},"title":"Construction Management System","author":"Patrick Schimmel","date":"Dienstag, 19. November 2013","format":false,"excerpt":"Das Construction Management System CMS ist eine umfangreiche Software zur vertragssicheren Dokumentation und Verwaltung von Bauprojekten. Es umfasst alle Phasen des Bauprojekts, von der Projektakquise \u00fcber die Bauausf\u00fchrung bis hin zur Gew\u00e4hrleistung. Einmal eingetragene Informationen werden in einer zentralen Datenbank gespeichert und k\u00f6nnen \u00fcber frei definierbare Berichte beliebig ausgewertet und\u2026","rel":"","context":"\u00c4hnlicher Beitrag","block_context":{"text":"\u00c4hnlicher Beitrag","link":""},"img":{"alt_text":"Projektzyklus","src":"https:\/\/i0.wp.com\/gs-cms.com\/wp-content\/uploads\/Projektzyklus-300x221.png?resize=350%2C200&ssl=1","width":350,"height":200},"classes":[]},{"id":1271,"url":"https:\/\/gs-cms.com\/?page_id=1271","url_meta":{"origin":1631,"position":1},"title":"Berichte","author":"Patrick Schimmel","date":"Montag, 19. Mai 2014","format":false,"excerpt":"In jedem Modul k\u00f6nnen die Datens\u00e4tze und Auswertungen der Daten in Berichten ausgegeben werden. Klicken Sie hierzu das Druckersymbol in der Taskleiste des Moduls. Das Symbol ist nur aktiv, wenn mindestens ein Datensatz im Modul exisitert. Das folgende Berichtsfenster wird angezeigt: \u00a0 Die Berichte sind in Kategorien gruppiert, die angeben\u2026","rel":"","context":"In \"Berichte\"","block_context":{"text":"Berichte","link":"https:\/\/gs-cms.com\/?tag=berichte"},"img":{"alt_text":"","src":"https:\/\/i0.wp.com\/gs-cms.com\/wp-content\/uploads\/Berichte.jpg?resize=350%2C200&ssl=1","width":350,"height":200,"srcset":"https:\/\/i0.wp.com\/gs-cms.com\/wp-content\/uploads\/Berichte.jpg?resize=350%2C200&ssl=1 1x, https:\/\/i0.wp.com\/gs-cms.com\/wp-content\/uploads\/Berichte.jpg?resize=525%2C300&ssl=1 1.5x, https:\/\/i0.wp.com\/gs-cms.com\/wp-content\/uploads\/Berichte.jpg?resize=700%2C400&ssl=1 2x"},"classes":[]},{"id":1282,"url":"https:\/\/gs-cms.com\/?page_id=1282","url_meta":{"origin":1631,"position":2},"title":"Berichte bearbeiten","author":"Patrick Schimmel","date":"Montag, 19. Mai 2014","format":false,"excerpt":"Berichtsdaten bearbeiten Mit einem Doppelklick auf einen Eintrag im Berichtsfenster werden grundlegende Einstellungen eines Berichts bearbeitet. Hier kann dem Bericht ein Name und eine Beschreibung vergeben werden. Beides wird im Berichtsauswahlfenster des jeweiligen Moduls angezeigt. Die Einstellung bei \"Daten\" regelt den Datentyp des Berichts, also welche Daten das Programm an\u2026","rel":"","context":"In \"Berichte\"","block_context":{"text":"Berichte","link":"https:\/\/gs-cms.com\/?tag=berichte"},"img":{"alt_text":"","src":"https:\/\/i0.wp.com\/gs-cms.com\/wp-content\/uploads\/Bericht.jpg?resize=350%2C200&ssl=1","width":350,"height":200,"srcset":"https:\/\/i0.wp.com\/gs-cms.com\/wp-content\/uploads\/Bericht.jpg?resize=350%2C200&ssl=1 1x, https:\/\/i0.wp.com\/gs-cms.com\/wp-content\/uploads\/Bericht.jpg?resize=525%2C300&ssl=1 1.5x, https:\/\/i0.wp.com\/gs-cms.com\/wp-content\/uploads\/Bericht.jpg?resize=700%2C400&ssl=1 2x"},"classes":[]},{"id":36,"url":"https:\/\/gs-cms.com\/?page_id=36","url_meta":{"origin":1631,"position":3},"title":"Planverwaltung","author":"Patrick Schimmel","date":"Dienstag, 19. November 2013","format":false,"excerpt":"W\u00fcrden Sie gerne Ihre Pl\u00e4ne zentral verwalten, so dass alle Projektbeteiligten immer Zugriff auf die aktuelle Planversion haben? \u00dcbersicht Kooperation Auftraggeber und Nachunternehmer k\u00f6nnen einen eingeschr\u00e4nkten Zugang erhalten, um z.B. Pl\u00e4ne herunterzuladen Historie Alle eingelesenen Planversionen bleiben erhalten und k\u00f6nnen eingesehen werden Planversand Dokumentation von Planeingang und Planversand Strukturierung Einheitliche,\u2026","rel":"","context":"In \"featured\"","block_context":{"text":"featured","link":"https:\/\/gs-cms.com\/?tag=featured"},"img":{"alt_text":"Meetings","src":"https:\/\/i0.wp.com\/gs-cms.com\/wp-content\/uploads\/Meetings.png?resize=350%2C200&ssl=1","width":350,"height":200},"classes":[]},{"id":15,"url":"https:\/\/gs-cms.com\/?page_id=15","url_meta":{"origin":1631,"position":4},"title":"Adressverwaltung","author":"Patrick Schimmel","date":"Dienstag, 19. November 2013","format":false,"excerpt":"W\u00fcrden Sie gerne Ihre Firmen- und Personenkontakte\u00a0zentral und projektbezogen verwalten, einfach suchen und filtern k\u00f6nnen, sowie immer \u00fcber aktuelle Daten verf\u00fcgen? \u00dcbersicht Zentrale Adressverwaltung Durch die zentrale Verwaltung aller Adressen sind Aktualisierungen unmittelbar in allen Modulen verf\u00fcgbar Zertifikate Erfassen von Firmennachweisen und Mitarbeiterzertifikaten Firmen zusammenf\u00fchren Zusammenf\u00fchren von Firmen bei Mehrfacheingabe\u2026","rel":"","context":"In \"Adressen\"","block_context":{"text":"Adressen","link":"https:\/\/gs-cms.com\/?tag=adressen"},"img":{"alt_text":"Addresses","src":"https:\/\/i0.wp.com\/gs-cms.com\/wp-content\/uploads\/Addresses.png?resize=350%2C200&ssl=1","width":350,"height":200},"classes":[]},{"id":21,"url":"https:\/\/gs-cms.com\/?page_id=21","url_meta":{"origin":1631,"position":5},"title":"Projektverwaltung","author":"Patrick Schimmel","date":"Dienstag, 19. November 2013","format":false,"excerpt":"H\u00e4tten Sie gerne eine zentrale Verwaltung aller Projekte, die alle relevanten Projektdaten enth\u00e4lt und strukturiert ausgeben kann? \u00dcbersicht Vertr\u00e4ge Verwalten von Einzelvertr\u00e4gen und von Rahmenvertr\u00e4gen Leistungsmeldung Monatliche Leistungsmeldung mit \u00dcbernahme der aktuellen Projektdaten und R\u00fcckmeldungen des Leistungsstands Web-Export Export von Projektdaten als XML-Datei oder als HTML-Website und Export aller Berichte\u2026","rel":"","context":"In \"featured\"","block_context":{"text":"featured","link":"https:\/\/gs-cms.com\/?tag=featured"},"img":{"alt_text":"Contracts","src":"https:\/\/i0.wp.com\/gs-cms.com\/wp-content\/uploads\/Contracts.png?resize=350%2C200&ssl=1","width":350,"height":200},"classes":[]}],"_links":{"self":[{"href":"https:\/\/gs-cms.com\/index.php?rest_route=\/wp\/v2\/pages\/1631","targetHints":{"allow":["GET"]}}],"collection":[{"href":"https:\/\/gs-cms.com\/index.php?rest_route=\/wp\/v2\/pages"}],"about":[{"href":"https:\/\/gs-cms.com\/index.php?rest_route=\/wp\/v2\/types\/page"}],"author":[{"embeddable":true,"href":"https:\/\/gs-cms.com\/index.php?rest_route=\/wp\/v2\/users\/11"}],"replies":[{"embeddable":true,"href":"https:\/\/gs-cms.com\/index.php?rest_route=%2Fwp%2Fv2%2Fcomments&post=1631"}],"version-history":[{"count":2,"href":"https:\/\/gs-cms.com\/index.php?rest_route=\/wp\/v2\/pages\/1631\/revisions"}],"predecessor-version":[{"id":3218,"href":"https:\/\/gs-cms.com\/index.php?rest_route=\/wp\/v2\/pages\/1631\/revisions\/3218"}],"up":[{"embeddable":true,"href":"https:\/\/gs-cms.com\/index.php?rest_route=\/wp\/v2\/pages\/11"}],"wp:attachment":[{"href":"https:\/\/gs-cms.com\/index.php?rest_route=%2Fwp%2Fv2%2Fmedia&parent=1631"}],"curies":[{"name":"wp","href":"https:\/\/api.w.org\/{rel}","templated":true}]}}