
{"id":1623,"date":"2014-10-09T09:11:46","date_gmt":"2014-10-09T07:11:46","guid":{"rendered":"http:\/\/gs-cms.com\/?page_id=1623"},"modified":"2015-10-09T23:28:07","modified_gmt":"2015-10-09T21:28:07","slug":"services","status":"publish","type":"page","link":"https:\/\/gs-cms.com\/?page_id=1623","title":{"rendered":"Services"},"content":{"rendered":"<p>Unser T\u00e4tigkeitsbereich umfasst die Entwicklung und den Vertrieb des Construction Management Systems, einer umfangreichen Software zur vertragssicheren Dokumentation und Verwaltung von Bauprojekten.<\/p>\n<p>In diesem Zusammenhang bieten wir auch kundenspezifische Leistungen, wie den Import von Adressen oder das Erstellen von benutzerdefinierten Berichten.<\/p>\n<p>Des Weiteren entwickeln wir Individualsoftware, Web-Apps und\u00a0Websites f\u00fcr den Baubereich mit modernen Programmiersprachen und Entwickungs-Tools, wie dem .NET-Framework.<\/p>\n","protected":false},"excerpt":{"rendered":"<p>Unser T\u00e4tigkeitsbereich umfasst die Entwicklung und den Vertrieb des Construction Management Systems, einer umfangreichen Software zur vertragssicheren Dokumentation und Verwaltung von Bauprojekten. In diesem Zusammenhang bieten wir auch kundenspezifische Leistungen, wie den Import von Adressen oder das Erstellen von benutzerdefinierten Berichten. Des Weiteren entwickeln wir Individualsoftware, Web-Apps und\u00a0Websites f\u00fcr den Baubereich mit modernen Programmiersprachen und&hellip;<\/p>\n","protected":false},"author":11,"featured_media":0,"parent":0,"menu_order":6,"comment_status":"closed","ping_status":"closed","template":"","meta":{"_bbp_topic_count":0,"_bbp_reply_count":0,"_bbp_total_topic_count":0,"_bbp_total_reply_count":0,"_bbp_voice_count":0,"_bbp_anonymous_reply_count":0,"_bbp_topic_count_hidden":0,"_bbp_reply_count_hidden":0,"_bbp_forum_subforum_count":0,"jetpack_post_was_ever_published":false,"footnotes":""},"class_list":["post-1623","page","type-page","status-publish","hentry"],"aioseo_notices":[],"jetpack_sharing_enabled":true,"jetpack-related-posts":[{"id":2629,"url":"https:\/\/gs-cms.com\/?page_id=2629","url_meta":{"origin":1623,"position":0},"title":"Terminplanung","author":"Patrick Schimmel","date":"Freitag, 9. Oktober 2015","format":false,"excerpt":"Eines unserer T\u00e4tigkeitsfelder umfasst den Bereich Services und Consulting im Bereich des Projektmanagements von Bauprojekten (z.B. Terminplanung, technisches Controlling). Wir erstellen Terminpl\u00e4ne als Balkenplan oder mit Netzplantechnik mit MS Project oder Oracle Primavera und unterst\u00fctzen Sie bei der \u00dcberwachung von Terminen und Kosten und dem Fortschreiben der Pl\u00e4ne. Hierf\u00fcr verwenden\u2026","rel":"","context":"\u00c4hnlicher Beitrag","block_context":{"text":"\u00c4hnlicher Beitrag","link":""},"img":{"alt_text":"","src":"https:\/\/i0.wp.com\/gs-cms.com\/wp-content\/uploads\/MS-Project-300x153.jpg?resize=350%2C200&ssl=1","width":350,"height":200},"classes":[]},{"id":15,"url":"https:\/\/gs-cms.com\/?page_id=15","url_meta":{"origin":1623,"position":1},"title":"Adressverwaltung","author":"Patrick Schimmel","date":"Dienstag, 19. November 2013","format":false,"excerpt":"W\u00fcrden Sie gerne Ihre Firmen- und Personenkontakte\u00a0zentral und projektbezogen verwalten, einfach suchen und filtern k\u00f6nnen, sowie immer \u00fcber aktuelle Daten verf\u00fcgen? \u00dcbersicht Zentrale Adressverwaltung Durch die zentrale Verwaltung aller Adressen sind Aktualisierungen unmittelbar in allen Modulen verf\u00fcgbar Zertifikate Erfassen von Firmennachweisen und Mitarbeiterzertifikaten Firmen zusammenf\u00fchren Zusammenf\u00fchren von Firmen bei Mehrfacheingabe\u2026","rel":"","context":"In \"Adressen\"","block_context":{"text":"Adressen","link":"https:\/\/gs-cms.com\/?tag=adressen"},"img":{"alt_text":"Addresses","src":"https:\/\/i0.wp.com\/gs-cms.com\/wp-content\/uploads\/Addresses.png?resize=350%2C200&ssl=1","width":350,"height":200},"classes":[]},{"id":1406,"url":"https:\/\/gs-cms.com\/?page_id=1406","url_meta":{"origin":1623,"position":2},"title":"Haftungsausschluss","author":"Patrick Schimmel","date":"Samstag, 14. Juni 2014","format":false,"excerpt":"Inhalt des Onlineangebots Der Autor dieser Webseite \u00fcbernimmt keinerlei Gew\u00e4hr f\u00fcr die Aktualit\u00e4t, Richtigkeit und Vollst\u00e4ndigkeit der bereitgestellten Informationen auf unserer Website. Als Diensteanbieter sind wir f\u00fcr eigene Inhalte auf diesen Seiten nach den allgemeinen Gesetzen verantwortlich. Wir als Diensteanbieter sind jedoch nicht verpflichtet, \u00fcbermittelte oder gespeicherte fremde Informationen zu\u2026","rel":"","context":"\u00c4hnlicher Beitrag","block_context":{"text":"\u00c4hnlicher Beitrag","link":""},"img":{"alt_text":"","src":"","width":0,"height":0},"classes":[]},{"id":25,"url":"https:\/\/gs-cms.com\/?page_id=25","url_meta":{"origin":1623,"position":3},"title":"Bautagebuch","author":"Patrick Schimmel","date":"Dienstag, 19. November 2013","format":false,"excerpt":"W\u00fcrden Sie gerne Ihre Projekte einfach und vertragssicher dokumentieren und dabei die eingegebenen Daten nach verschiedenen Gesichtspunkten auswerten k\u00f6nnen? \u00dcbersicht Kooperation Sie k\u00f6nnen Ihren Auftraggebern direkten, beschr\u00e4nkten Zugriff auf die Berichte erlauben und so Kommentare direkt erhalten. Ressourcen Erfassen von Arbeitskr\u00e4ften, verbauten Materialien und Materiallieferungen. Bilder Bilder k\u00f6nnen mit Ihrem\u2026","rel":"","context":"In \"Bautagebuch\"","block_context":{"text":"Bautagebuch","link":"https:\/\/gs-cms.com\/?tag=bautagebuch"},"img":{"alt_text":"Meetings","src":"https:\/\/i0.wp.com\/gs-cms.com\/wp-content\/uploads\/Meetings.png?resize=350%2C200&ssl=1","width":350,"height":200},"classes":[]},{"id":23,"url":"https:\/\/gs-cms.com\/?page_id=23","url_meta":{"origin":1623,"position":4},"title":"Projektakquisition","author":"Patrick Schimmel","date":"Dienstag, 19. November 2013","format":false,"excerpt":"W\u00fcrden Sie gerne den \u00dcberblick \u00fcber Ihre Angebote behalten und\u00a0keine Vergabetermine mehr verpassen? \u00dcbersicht Gelegenheiten \u00fcbernehmen \u00dcbernahme bereits eingegebener Daten in die Projektverwaltung im Auftragsfall. Submissionsdaten Erfassen und Auswerten von Submissionsergebnissen. Termine \u00dcberwachen von Terminen von Abgaben, Submissionen, usw. Beschreibung In der Projektakquisition des Construction Management System CMS werden alle\u2026","rel":"","context":"In \"Acquisition\"","block_context":{"text":"Acquisition","link":"https:\/\/gs-cms.com\/?tag=acquisition"},"img":{"alt_text":"MoveOpportunityToProject","src":"https:\/\/i0.wp.com\/gs-cms.com\/wp-content\/uploads\/MoveOpportunityToProject.png?resize=350%2C200&ssl=1","width":350,"height":200},"classes":[]},{"id":3165,"url":"https:\/\/gs-cms.com\/?page_id=3165","url_meta":{"origin":1623,"position":5},"title":"Datenschutzerkl\u00e4rung","author":"Patrick Schimmel","date":"Dienstag, 22. Mai 2018","format":false,"excerpt":"Grundlegendes Diese Datenschutzerkl\u00e4rung soll die Nutzer dieser Website \u00fcber die Art, den Umfang und den Zweck der Erhebung und Verwendung personenbezogener Daten durch den Websitebetreiber GS Construction Management Services informieren. Der Websitebetreiber nimmt Ihren Datenschutz sehr ernst und behandelt Ihre personenbezogenen Daten vertraulich und entsprechend der gesetzlichen Vorschriften. Da durch\u2026","rel":"","context":"\u00c4hnlicher Beitrag","block_context":{"text":"\u00c4hnlicher Beitrag","link":""},"img":{"alt_text":"","src":"","width":0,"height":0},"classes":[]}],"_links":{"self":[{"href":"https:\/\/gs-cms.com\/index.php?rest_route=\/wp\/v2\/pages\/1623","targetHints":{"allow":["GET"]}}],"collection":[{"href":"https:\/\/gs-cms.com\/index.php?rest_route=\/wp\/v2\/pages"}],"about":[{"href":"https:\/\/gs-cms.com\/index.php?rest_route=\/wp\/v2\/types\/page"}],"author":[{"embeddable":true,"href":"https:\/\/gs-cms.com\/index.php?rest_route=\/wp\/v2\/users\/11"}],"replies":[{"embeddable":true,"href":"https:\/\/gs-cms.com\/index.php?rest_route=%2Fwp%2Fv2%2Fcomments&post=1623"}],"version-history":[{"count":0,"href":"https:\/\/gs-cms.com\/index.php?rest_route=\/wp\/v2\/pages\/1623\/revisions"}],"wp:attachment":[{"href":"https:\/\/gs-cms.com\/index.php?rest_route=%2Fwp%2Fv2%2Fmedia&parent=1623"}],"curies":[{"name":"wp","href":"https:\/\/api.w.org\/{rel}","templated":true}]}}