
{"id":1592,"date":"2014-09-10T11:03:13","date_gmt":"2014-09-10T09:03:13","guid":{"rendered":"http:\/\/gs-cms.com\/?page_id=1592"},"modified":"2015-10-09T23:19:21","modified_gmt":"2015-10-09T21:19:21","slug":"stellenangebote","status":"publish","type":"page","link":"https:\/\/gs-cms.com\/?page_id=1592","title":{"rendered":"Stellenangebote"},"content":{"rendered":"<p>Zur Zeit sind keine neuen Stellen zu besetzen.<\/p>\n","protected":false},"excerpt":{"rendered":"<p>Zur Zeit sind keine neuen Stellen zu besetzen.<\/p>\n","protected":false},"author":11,"featured_media":0,"parent":0,"menu_order":3,"comment_status":"closed","ping_status":"closed","template":"","meta":{"_bbp_topic_count":0,"_bbp_reply_count":0,"_bbp_total_topic_count":0,"_bbp_total_reply_count":0,"_bbp_voice_count":0,"_bbp_anonymous_reply_count":0,"_bbp_topic_count_hidden":0,"_bbp_reply_count_hidden":0,"_bbp_forum_subforum_count":0,"jetpack_post_was_ever_published":false,"footnotes":""},"class_list":["post-1592","page","type-page","status-publish","hentry"],"aioseo_notices":[],"jetpack_sharing_enabled":true,"jetpack-related-posts":[{"id":213,"url":"https:\/\/gs-cms.com\/?page_id=213","url_meta":{"origin":1592,"position":0},"title":"Konfiguration","author":"Patrick Schimmel","date":"Freitag, 6. Dezember 2013","format":false,"excerpt":"Starten des Konfigurationstools Vor dem ersten Einsatz von CMS m\u00fcssen die Verbindungsdaten zu den Servern eingegeben werden. Dies geschieht \u00fcber das Tool CMS.Config.exe, welches bei der Installation von CMS in den Programmordner kopiert wurde. Sie erreichen das Tool auch \u00fcber den entsprechenden Eintrag im Windows-Startmen\u00fc. Bitte starten Sie die Datei\u2026","rel":"","context":"In \"Konfiguration\"","block_context":{"text":"Konfiguration","link":"https:\/\/gs-cms.com\/?tag=konfiguration"},"img":{"alt_text":"Config-Tool","src":"https:\/\/i0.wp.com\/gs-cms.com\/wp-content\/uploads\/Config-Tool-300x245.jpg?resize=350%2C200&ssl=1","width":350,"height":200},"classes":[]},{"id":3240,"url":"https:\/\/gs-cms.com\/?page_id=3240","url_meta":{"origin":1592,"position":1},"title":"AGB","author":"Patrick Schimmel","date":"Freitag, 16. November 2018","format":false,"excerpt":"Softwarelizenzvertrag Bitte lesen Sie diesen Softwarelizenzvertrag (\"Vertrag\") sorgf\u00e4ltig durch, bevor Sie die Software erwerben und auf Ihrem Computer installieren und einsetzen. Durch Verwendung der Software erkl\u00e4ren Sie Ihr ausdr\u00fcckliches Einverst\u00e4ndnis mit den nachstehenden Lizenzbestimmungen. 1 Vertragsgegenstand Die GS CONSTRUCTION MANAGEMENT SERVICES UG (haftungsbeschr\u00e4nkt)\u00a0 (\"Lizenzgeber\") wird dem Kunden (\"Lizenznehmer\") nach Ma\u00dfgabe\u2026","rel":"","context":"\u00c4hnlicher Beitrag","block_context":{"text":"\u00c4hnlicher Beitrag","link":""},"img":{"alt_text":"","src":"","width":0,"height":0},"classes":[]},{"id":1271,"url":"https:\/\/gs-cms.com\/?page_id=1271","url_meta":{"origin":1592,"position":2},"title":"Berichte","author":"Patrick Schimmel","date":"Montag, 19. Mai 2014","format":false,"excerpt":"In jedem Modul k\u00f6nnen die Datens\u00e4tze und Auswertungen der Daten in Berichten ausgegeben werden. Klicken Sie hierzu das Druckersymbol in der Taskleiste des Moduls. Das Symbol ist nur aktiv, wenn mindestens ein Datensatz im Modul exisitert. Das folgende Berichtsfenster wird angezeigt: \u00a0 Die Berichte sind in Kategorien gruppiert, die angeben\u2026","rel":"","context":"In \"Berichte\"","block_context":{"text":"Berichte","link":"https:\/\/gs-cms.com\/?tag=berichte"},"img":{"alt_text":"","src":"https:\/\/i0.wp.com\/gs-cms.com\/wp-content\/uploads\/Berichte.jpg?resize=350%2C200&ssl=1","width":350,"height":200,"srcset":"https:\/\/i0.wp.com\/gs-cms.com\/wp-content\/uploads\/Berichte.jpg?resize=350%2C200&ssl=1 1x, https:\/\/i0.wp.com\/gs-cms.com\/wp-content\/uploads\/Berichte.jpg?resize=525%2C300&ssl=1 1.5x, https:\/\/i0.wp.com\/gs-cms.com\/wp-content\/uploads\/Berichte.jpg?resize=700%2C400&ssl=1 2x"},"classes":[]},{"id":2444,"url":"https:\/\/gs-cms.com\/?page_id=2444","url_meta":{"origin":1592,"position":3},"title":"CMSMobile","author":"Patrick Schimmel","date":"Samstag, 21. M\u00e4rz 2015","format":false,"excerpt":"CMSMobile ist die mobile Datenerfassung des Construction Management Systems. Hiermit k\u00f6nnen Sie die anfallenden Daten direkt auf der Baustelle erfassen und verwenden. Nat\u00fcrlich stehen in der mobilen Datenerfassung auch die\u00a0Projektdaten zur Verf\u00fcgung, die direkt im Programm eingegeben wurden. Die mobile Datenerfassung unterst\u00fctzt zur Zeit die Erfassung der Daten folgender Module:\u2026","rel":"","context":"\u00c4hnlicher Beitrag","block_context":{"text":"\u00c4hnlicher Beitrag","link":""},"img":{"alt_text":"Tablet","src":"https:\/\/i0.wp.com\/gs-cms.com\/wp-content\/uploads\/Tablet-227x300.png?resize=350%2C200&ssl=1","width":350,"height":200},"classes":[]},{"id":1406,"url":"https:\/\/gs-cms.com\/?page_id=1406","url_meta":{"origin":1592,"position":4},"title":"Haftungsausschluss","author":"Patrick Schimmel","date":"Samstag, 14. Juni 2014","format":false,"excerpt":"Inhalt des Onlineangebots Der Autor dieser Webseite \u00fcbernimmt keinerlei Gew\u00e4hr f\u00fcr die Aktualit\u00e4t, Richtigkeit und Vollst\u00e4ndigkeit der bereitgestellten Informationen auf unserer Website. Als Diensteanbieter sind wir f\u00fcr eigene Inhalte auf diesen Seiten nach den allgemeinen Gesetzen verantwortlich. Wir als Diensteanbieter sind jedoch nicht verpflichtet, \u00fcbermittelte oder gespeicherte fremde Informationen zu\u2026","rel":"","context":"\u00c4hnlicher Beitrag","block_context":{"text":"\u00c4hnlicher Beitrag","link":""},"img":{"alt_text":"","src":"","width":0,"height":0},"classes":[]},{"id":1258,"url":"https:\/\/gs-cms.com\/?page_id=1258","url_meta":{"origin":1592,"position":5},"title":"Erweiterte Konfiguration","author":"Patrick Schimmel","date":"Mittwoch, 14. Mai 2014","format":false,"excerpt":"Grundlegende Funktionen zum Erstellen der Datenbank und dem Benutzen des Config-Tools wurden bereits hier erl\u00e4utert. In diesem Abschnitt werden die erweiterten Funktionen kurz erkl\u00e4rt. Anlegen einer neuen Datenbankverbindung Mit dem Plus-Symbol wird eine neue Verbindung angelegt. Sie k\u00f6nnen beliebig viele Verbindungen anlegen, jeder Client-Rechner kann somit \u00fcber mehrere Verbindungen verf\u00fcgen.\u2026","rel":"","context":"In \"Admin\"","block_context":{"text":"Admin","link":"https:\/\/gs-cms.com\/?tag=admin"},"img":{"alt_text":"Config-Tool","src":"https:\/\/i0.wp.com\/gs-cms.com\/wp-content\/uploads\/Config-Tool-300x245.jpg?resize=350%2C200&ssl=1","width":350,"height":200},"classes":[]}],"_links":{"self":[{"href":"https:\/\/gs-cms.com\/index.php?rest_route=\/wp\/v2\/pages\/1592","targetHints":{"allow":["GET"]}}],"collection":[{"href":"https:\/\/gs-cms.com\/index.php?rest_route=\/wp\/v2\/pages"}],"about":[{"href":"https:\/\/gs-cms.com\/index.php?rest_route=\/wp\/v2\/types\/page"}],"author":[{"embeddable":true,"href":"https:\/\/gs-cms.com\/index.php?rest_route=\/wp\/v2\/users\/11"}],"replies":[{"embeddable":true,"href":"https:\/\/gs-cms.com\/index.php?rest_route=%2Fwp%2Fv2%2Fcomments&post=1592"}],"version-history":[{"count":0,"href":"https:\/\/gs-cms.com\/index.php?rest_route=\/wp\/v2\/pages\/1592\/revisions"}],"wp:attachment":[{"href":"https:\/\/gs-cms.com\/index.php?rest_route=%2Fwp%2Fv2%2Fmedia&parent=1592"}],"curies":[{"name":"wp","href":"https:\/\/api.w.org\/{rel}","templated":true}]}}