
{"id":1590,"date":"2014-09-10T11:01:35","date_gmt":"2014-09-10T09:01:35","guid":{"rendered":"http:\/\/gs-cms.com\/?page_id=1590"},"modified":"2016-03-30T13:30:00","modified_gmt":"2016-03-30T11:30:00","slug":"ueber_uns","status":"publish","type":"page","link":"https:\/\/gs-cms.com\/?page_id=1590","title":{"rendered":"\u00dcber uns"},"content":{"rendered":"<p>Die GS Construction Management Services UG (haftungsbeschr\u00e4nkt) bietet seit September 2014 Dienstleistungen und Consulting im Bereich des technischen Baustellenmanagements.<\/p>\n<p>Unter anderem\u00a0entwickeln und vertreiben\u00a0wir das <strong>Construction Management System CMS<\/strong>, eine Software zur einfachen Verwaltung und rechtssicheren Dokumentation von Baustellen.<\/p>\n<p>Die direkte N\u00e4he zur Bauwirtschaft erm\u00f6glicht es uns die erforderlichen Prozesse praxisgerecht abzubilden und unsere Software st\u00e4ndig weiterzuentwickeln und zu verbessern.<\/p>\n<p>Mit langj\u00e4hriger Branchenerfahrung, fundiertem Fachwissen und starker Methodenkompetenz erzielen wir gemeinsam mit Ihnen \u00fcberdurchschnittliche Projektergebnisse.<\/p>\n<p>Unsere Entwickler realisieren Anregungen und W\u00fcnsche unserer Anwender, nutzen neueste\u00a0Technologien und Methoden der agilen Softwareentwicklung \u00a0um\u00a0st\u00e4ndig marktorientiert die Funktionen des\u00a0Programms zu erweitern.<\/p>\n<p>Die Philosophie unseres Unternehmens orientiert sich an den Werten, die wir auch f\u00fcr uns als wichtig und erstrebenswert erachten. Wir sind gegen\u00fcber unseren Kunden fair und\u00a0zuverl\u00e4ssig sein, mit einer transparenten, flexiblen Arbeitsweise. So\u00a0f\u00fchren wir unsere Projekte gemeinsam mit unseren Kunden erfolgreich zum Ziel.<\/p>\n<h3><\/h3>\n","protected":false},"excerpt":{"rendered":"<p>Die GS Construction Management Services UG (haftungsbeschr\u00e4nkt) bietet seit September 2014 Dienstleistungen und Consulting im Bereich des technischen Baustellenmanagements. Unter anderem\u00a0entwickeln und vertreiben\u00a0wir das Construction Management System CMS, eine Software zur einfachen Verwaltung und rechtssicheren Dokumentation von Baustellen. Die direkte N\u00e4he zur Bauwirtschaft erm\u00f6glicht es uns die erforderlichen Prozesse praxisgerecht abzubilden und unsere Software st\u00e4ndig&hellip;<\/p>\n","protected":false},"author":11,"featured_media":0,"parent":0,"menu_order":1,"comment_status":"closed","ping_status":"closed","template":"","meta":{"_bbp_topic_count":0,"_bbp_reply_count":0,"_bbp_total_topic_count":0,"_bbp_total_reply_count":0,"_bbp_voice_count":0,"_bbp_anonymous_reply_count":0,"_bbp_topic_count_hidden":0,"_bbp_reply_count_hidden":0,"_bbp_forum_subforum_count":0,"jetpack_post_was_ever_published":false,"footnotes":""},"class_list":["post-1590","page","type-page","status-publish","hentry"],"aioseo_notices":[],"jetpack_sharing_enabled":true,"jetpack-related-posts":[{"id":1753,"url":"https:\/\/gs-cms.com\/","url_meta":{"origin":1590,"position":0},"title":"Willkommen","author":"Patrick Schimmel","date":"Mittwoch, 22. Oktober 2014","format":false,"excerpt":"Willkommen auf der Website der Firma GS Construction Management Services. Sie finden hier Informationen und Neuigkeiten zu unserer Software und den Leistungen und Services unseres Unternehmens. Wir sind spezialisiert auf\u00a0das Projektmanagement im Baubereich.\u00a0Unter anderem bieten wir das Construction Management System\u00a0CMS, eine Software zur einfachen Verwaltung und vertragssicheren Dokumentation von Bauprojekten.\u00a0\u2026","rel":"","context":"\u00c4hnlicher Beitrag","block_context":{"text":"\u00c4hnlicher Beitrag","link":""},"img":{"alt_text":"","src":"https:\/\/i0.wp.com\/gs-cms.com\/wp-content\/uploads\/Splash-1.png?resize=350%2C200&ssl=1","width":350,"height":200},"classes":[]},{"id":2628,"url":"https:\/\/gs-cms.com\/?page_id=2628","url_meta":{"origin":1590,"position":1},"title":"Softwareentwicklung","author":"Patrick Schimmel","date":"Freitag, 9. Oktober 2015","format":false,"excerpt":"Wir nutzen moderne Methoden und Ans\u00e4tze (z.B. agile Softwareentwicklung), sowie aktuelle Tools der Softwareentwicklung, um die entwickelte Software schnell und kontinuierlich an Markterfordernisse anzupassen. Wir sehen unsere\u00a0Software nicht als einmalig verkauftes Produkt an, sondern als Dienstleistung am Kunden. Neben der Behebung von Fehlern wird unsere\u00a0Software st\u00e4ndig weiterentwickelt und angepasst. Sei\u2026","rel":"","context":"\u00c4hnlicher Beitrag","block_context":{"text":"\u00c4hnlicher Beitrag","link":""},"img":{"alt_text":"dotnet","src":"https:\/\/i0.wp.com\/gs-cms.com\/wp-content\/uploads\/dotnet.png?resize=350%2C200&ssl=1","width":350,"height":200},"classes":[]},{"id":1509,"url":"https:\/\/gs-cms.com\/?page_id=1509","url_meta":{"origin":1590,"position":2},"title":"Downloads","author":"Patrick Schimmel","date":"Samstag, 5. Juli 2014","format":false,"excerpt":"Auf dieser Seite finden Sie die Download-Links der aktuellen Version des Construction Management Systems,\u00a0optionaler Komponenten und weitere Informationen zum herunterladen. Bitte beachten Sie, dass die Setups und Programmdateien nicht digital signiert sind. Je nach Einstellung Ihres Betriebssystems und ihres Browsers kann dies beim Herunterladen oder bei der Installation der Software\u2026","rel":"","context":"\u00c4hnlicher Beitrag","block_context":{"text":"\u00c4hnlicher Beitrag","link":""},"img":{"alt_text":"","src":"https:\/\/i0.wp.com\/gs-cms.com\/wp-content\/uploads\/7_128x128.png?resize=350%2C200&ssl=1","width":350,"height":200},"classes":[]},{"id":1623,"url":"https:\/\/gs-cms.com\/?page_id=1623","url_meta":{"origin":1590,"position":3},"title":"Services","author":"Patrick Schimmel","date":"Donnerstag, 9. Oktober 2014","format":false,"excerpt":"Unser T\u00e4tigkeitsbereich umfasst die Entwicklung und den Vertrieb des Construction Management Systems, einer umfangreichen Software zur vertragssicheren Dokumentation und Verwaltung von Bauprojekten. In diesem Zusammenhang bieten wir auch kundenspezifische Leistungen, wie den Import von Adressen oder das Erstellen von benutzerdefinierten Berichten. Des Weiteren entwickeln wir Individualsoftware, Web-Apps und\u00a0Websites f\u00fcr den\u2026","rel":"","context":"\u00c4hnlicher Beitrag","block_context":{"text":"\u00c4hnlicher Beitrag","link":""},"img":{"alt_text":"","src":"","width":0,"height":0},"classes":[]},{"id":3241,"url":"https:\/\/gs-cms.com\/?page_id=3241","url_meta":{"origin":1590,"position":4},"title":"Widerrufsbelehrung","author":"Patrick Schimmel","date":"Freitag, 16. November 2018","format":false,"excerpt":"Widerrufsrecht Sie haben das Recht, binnen vierzehn Tagen ohne Angabe von Gr\u00fcnden diesen Vertrag zu widerrufen. Die Widerrufsfrist betr\u00e4gt vierzehn Tage ab dem Tag an welchem die Lizenz aktiviert wurde. Um Ihr Widerrufsrecht auszu\u00fcben, m\u00fcssen Sie uns (GS Construction Management Services UG, Oberer Ro\u00dfr\u00fcck 52, 67661 Kaiserslautern, Telefon:\u00a0+49 (6306) 991551,\u00a0E-Mail:\u00a0info@gs-cms.com)\u2026","rel":"","context":"\u00c4hnlicher Beitrag","block_context":{"text":"\u00c4hnlicher Beitrag","link":""},"img":{"alt_text":"","src":"","width":0,"height":0},"classes":[]},{"id":3240,"url":"https:\/\/gs-cms.com\/?page_id=3240","url_meta":{"origin":1590,"position":5},"title":"AGB","author":"Patrick Schimmel","date":"Freitag, 16. November 2018","format":false,"excerpt":"Softwarelizenzvertrag Bitte lesen Sie diesen Softwarelizenzvertrag (\"Vertrag\") sorgf\u00e4ltig durch, bevor Sie die Software erwerben und auf Ihrem Computer installieren und einsetzen. Durch Verwendung der Software erkl\u00e4ren Sie Ihr ausdr\u00fcckliches Einverst\u00e4ndnis mit den nachstehenden Lizenzbestimmungen. 1 Vertragsgegenstand Die GS CONSTRUCTION MANAGEMENT SERVICES UG (haftungsbeschr\u00e4nkt)\u00a0 (\"Lizenzgeber\") wird dem Kunden (\"Lizenznehmer\") nach Ma\u00dfgabe\u2026","rel":"","context":"\u00c4hnlicher Beitrag","block_context":{"text":"\u00c4hnlicher Beitrag","link":""},"img":{"alt_text":"","src":"","width":0,"height":0},"classes":[]}],"_links":{"self":[{"href":"https:\/\/gs-cms.com\/index.php?rest_route=\/wp\/v2\/pages\/1590","targetHints":{"allow":["GET"]}}],"collection":[{"href":"https:\/\/gs-cms.com\/index.php?rest_route=\/wp\/v2\/pages"}],"about":[{"href":"https:\/\/gs-cms.com\/index.php?rest_route=\/wp\/v2\/types\/page"}],"author":[{"embeddable":true,"href":"https:\/\/gs-cms.com\/index.php?rest_route=\/wp\/v2\/users\/11"}],"replies":[{"embeddable":true,"href":"https:\/\/gs-cms.com\/index.php?rest_route=%2Fwp%2Fv2%2Fcomments&post=1590"}],"version-history":[{"count":0,"href":"https:\/\/gs-cms.com\/index.php?rest_route=\/wp\/v2\/pages\/1590\/revisions"}],"wp:attachment":[{"href":"https:\/\/gs-cms.com\/index.php?rest_route=%2Fwp%2Fv2%2Fmedia&parent=1590"}],"curies":[{"name":"wp","href":"https:\/\/api.w.org\/{rel}","templated":true}]}}