
{"id":157,"date":"2013-12-03T15:26:06","date_gmt":"2013-12-03T14:26:06","guid":{"rendered":"http:\/\/gs-cms.com\/?page_id=157"},"modified":"2016-01-27T23:29:26","modified_gmt":"2016-01-27T22:29:26","slug":"mitarbeiter-bearbeiten","status":"publish","type":"page","link":"https:\/\/gs-cms.com\/?page_id=157","title":{"rendered":"Mitarbeiter"},"content":{"rendered":"<h3>Mitarbeiter bearbeiten<\/h3>\n<h4><strong>Grunddaten<\/strong><\/h4>\n<p>Im ersten Kartenreiter werden die Grunddaten der Person eingegeben, wie die Anrede, Telefon- und Faxnummern, Web-Adressen, Geburtsdatum und die Abteilung.<\/p>\n<p><a href=\"https:\/\/gs-cms.com\/wp-content\/uploads\/Adressverwaltung-Person-Grunddaten.png\" data-rel=\"lightbox-gallery-tSRHgPqH\" data-rl_title=\"\" data-rl_caption=\"\" title=\"\"><img loading=\"lazy\" decoding=\"async\" class=\"alignnone size-medium wp-image-614\" src=\"https:\/\/gs-cms.com\/wp-content\/uploads\/Adressverwaltung-Person-Grunddaten-300x250.png\" alt=\"Adressverwaltung Person Grunddaten\" width=\"300\" height=\"250\" \/><\/a><\/p>\n<p>Die eingegebenen Daten werden programmweit als Kontaktdaten der Person verwendet, auch in den Berichten. So wird sicher gestellt, dass \u00fcberall immer die aktuellen Daten verwendet werden.<\/p>\n<p>Das Feld Position entspricht der Position des Mitarbeiters im Unternehmen (z.B. GF).<\/p>\n<p>Mit dem Schalter &#8222;Inaktiv&#8220; kann der Kontakt als inaktiv gesetzt werden. Dann wird er in den Standardberichten und Auswahlfenstern nicht mehr angezeigt.<\/p>\n<p>Mit einem Rechtsklick auf das Photo kann ein neues Photo gesetzt werden oder ein vorhandenes Photo gel\u00f6scht werden.<\/p>\n<h4>Erweiterte Daten<\/h4>\n<p><a href=\"https:\/\/gs-cms.com\/wp-content\/uploads\/Adressverwaltung-Person-Erweiterte-Daten.png\" data-rel=\"lightbox-gallery-tSRHgPqH\" data-rl_title=\"\" data-rl_caption=\"\" title=\"\"><img loading=\"lazy\" decoding=\"async\" data-attachment-id=\"613\" data-permalink=\"https:\/\/gs-cms.com\/?attachment_id=613\" data-orig-file=\"https:\/\/gs-cms.com\/wp-content\/uploads\/Adressverwaltung-Person-Erweiterte-Daten.png\" data-orig-size=\"600,500\" data-comments-opened=\"1\" data-image-meta=\"{&quot;aperture&quot;:&quot;0&quot;,&quot;credit&quot;:&quot;&quot;,&quot;camera&quot;:&quot;&quot;,&quot;caption&quot;:&quot;&quot;,&quot;created_timestamp&quot;:&quot;0&quot;,&quot;copyright&quot;:&quot;&quot;,&quot;focal_length&quot;:&quot;0&quot;,&quot;iso&quot;:&quot;0&quot;,&quot;shutter_speed&quot;:&quot;0&quot;,&quot;title&quot;:&quot;&quot;,&quot;orientation&quot;:&quot;0&quot;}\" data-image-title=\"Adressverwaltung Person Erweiterte Daten\" data-image-description=\"\" data-image-caption=\"\" data-large-file=\"https:\/\/gs-cms.com\/wp-content\/uploads\/Adressverwaltung-Person-Erweiterte-Daten.png\" class=\"alignnone size-medium wp-image-613\" src=\"https:\/\/gs-cms.com\/wp-content\/uploads\/Adressverwaltung-Person-Erweiterte-Daten-300x250.png\" alt=\"Adressverwaltung Person Erweiterte Daten\" width=\"300\" height=\"250\" srcset=\"https:\/\/gs-cms.com\/wp-content\/uploads\/Adressverwaltung-Person-Erweiterte-Daten-300x250.png 300w, https:\/\/gs-cms.com\/wp-content\/uploads\/Adressverwaltung-Person-Erweiterte-Daten.png 600w\" sizes=\"auto, (max-width: 300px) 100vw, 300px\" \/><\/a><\/p>\n<p>Auf der zweiten Registerkarte \u201cErweiterte Daten\u201d k\u00f6nnen weitere Details zu dem Personenkontakt eingegeben werden:<\/p>\n<ul>\n<li>Ausweisnummer: Nummer des Personalausweises<\/li>\n<li>G\u00fcltig bis: G\u00fcltigkeit des Personalausweises<\/li>\n<li>Land: Staatsangeh\u00f6rigkeit<\/li>\n<li>Kein EU-Land: Diese Angabe ist insofern wichtig, da bei Personen aus nicht-EU-L\u00e4ndern Nachweise der Aufenthalts- und Arbeitserlaubnis erforderlich sind.<\/li>\n<li>Krankenkasse: Name der Krankenkasse wo die Person versichert ist.<\/li>\n<li>Versicherungsnummer: Nummer, unter der die Person bei der Krankenkasse registriert ist.<\/li>\n<\/ul>\n<h4>Projektzuordnungen bearbeiten<\/h4>\n<p>\u00dcber den Button &#8222;Projektzuordnungen bearbeiten&#8220; im Detailfenster der Person werden die Projektzuordnungen bearbeitet, welche bei projektbezogenen Modulen f\u00fcr die Personenauswahl verwendet werden. Au\u00dferdem k\u00f6nnen so projektbezogene Personen- und Telefonlisten mit den aktuellen Daten aus der Adressverwaltung erzeugt werden. Die Projektzuordnungen k\u00f6nnen auch direkt bei den Projektoptionen bearbeitet werden.<\/p>\n<p><a href=\"https:\/\/gs-cms.com\/wp-content\/uploads\/Adressverwaltung-Person-Projektzuordnung.png\" data-rel=\"lightbox-gallery-tSRHgPqH\" data-rl_title=\"\" data-rl_caption=\"\" title=\"\"><img loading=\"lazy\" decoding=\"async\" data-attachment-id=\"617\" data-permalink=\"https:\/\/gs-cms.com\/?attachment_id=617\" data-orig-file=\"https:\/\/gs-cms.com\/wp-content\/uploads\/Adressverwaltung-Person-Projektzuordnung.png\" data-orig-size=\"500,350\" data-comments-opened=\"1\" data-image-meta=\"{&quot;aperture&quot;:&quot;0&quot;,&quot;credit&quot;:&quot;&quot;,&quot;camera&quot;:&quot;&quot;,&quot;caption&quot;:&quot;&quot;,&quot;created_timestamp&quot;:&quot;0&quot;,&quot;copyright&quot;:&quot;&quot;,&quot;focal_length&quot;:&quot;0&quot;,&quot;iso&quot;:&quot;0&quot;,&quot;shutter_speed&quot;:&quot;0&quot;,&quot;title&quot;:&quot;&quot;,&quot;orientation&quot;:&quot;0&quot;}\" data-image-title=\"Adressverwaltung Person Projektzuordnung\" data-image-description=\"\" data-image-caption=\"\" data-large-file=\"https:\/\/gs-cms.com\/wp-content\/uploads\/Adressverwaltung-Person-Projektzuordnung.png\" class=\"alignnone size-medium wp-image-617\" src=\"https:\/\/gs-cms.com\/wp-content\/uploads\/Adressverwaltung-Person-Projektzuordnung-300x210.png\" alt=\"Adressverwaltung Person Projektzuordnung\" width=\"300\" height=\"210\" srcset=\"https:\/\/gs-cms.com\/wp-content\/uploads\/Adressverwaltung-Person-Projektzuordnung-300x210.png 300w, https:\/\/gs-cms.com\/wp-content\/uploads\/Adressverwaltung-Person-Projektzuordnung.png 500w\" sizes=\"auto, (max-width: 300px) 100vw, 300px\" \/><\/a><\/p>\n<p>In dem Fenster der Projektzuordnung kann mit dem Plus-Button eine Zuordnung hinzugef\u00fcgt und mit dem Minus-Button eine vorhandene Zuordnung gel\u00f6scht werden.<\/p>\n<p>Bei jeder Zuordnung kann die Funktion des Mitarbeiters im Projekt (z.B. Polier) angegeben werden. Au\u00dferdem kann angegeben werden, ob der Kontakt noch im Projekt t\u00e4tig ist (Schalter &#8222;Inaktiv&#8220;). Ist der Schalter gesetzt, so wird der Kontakt nicht mehr bei Berichten ber\u00fccksichtigt und bleibt trotzdem dem Projekt zugeordnet.<\/p>\n<h4>Zertifikate<\/h4>\n<p>Im Unterfenster &#8222;Zertifikate&#8220; k\u00f6nnen f\u00fcr die Personen Zertifikate von Schulungen und Trainings angelegt werden.<\/p>\n<p><a href=\"https:\/\/gs-cms.com\/wp-content\/uploads\/Adressverwaltung-Person-Zertifikate.png\" data-rel=\"lightbox-gallery-tSRHgPqH\" data-rl_title=\"\" data-rl_caption=\"\" title=\"\"><img loading=\"lazy\" decoding=\"async\" data-attachment-id=\"620\" data-permalink=\"https:\/\/gs-cms.com\/?attachment_id=620\" data-orig-file=\"https:\/\/gs-cms.com\/wp-content\/uploads\/Adressverwaltung-Person-Zertifikate.png\" data-orig-size=\"550,400\" data-comments-opened=\"1\" data-image-meta=\"{&quot;aperture&quot;:&quot;0&quot;,&quot;credit&quot;:&quot;&quot;,&quot;camera&quot;:&quot;&quot;,&quot;caption&quot;:&quot;&quot;,&quot;created_timestamp&quot;:&quot;0&quot;,&quot;copyright&quot;:&quot;&quot;,&quot;focal_length&quot;:&quot;0&quot;,&quot;iso&quot;:&quot;0&quot;,&quot;shutter_speed&quot;:&quot;0&quot;,&quot;title&quot;:&quot;&quot;,&quot;orientation&quot;:&quot;0&quot;}\" data-image-title=\"Adressverwaltung Person Zertifikate\" data-image-description=\"\" data-image-caption=\"\" data-large-file=\"https:\/\/gs-cms.com\/wp-content\/uploads\/Adressverwaltung-Person-Zertifikate.png\" class=\"alignnone size-medium wp-image-620\" src=\"https:\/\/gs-cms.com\/wp-content\/uploads\/Adressverwaltung-Person-Zertifikate-300x218.png\" alt=\"Adressverwaltung Person Zertifikate\" width=\"300\" height=\"218\" srcset=\"https:\/\/gs-cms.com\/wp-content\/uploads\/Adressverwaltung-Person-Zertifikate-300x218.png 300w, https:\/\/gs-cms.com\/wp-content\/uploads\/Adressverwaltung-Person-Zertifikate.png 550w\" sizes=\"auto, (max-width: 300px) 100vw, 300px\" \/><\/a><\/p>\n<p>Mit einem Doppelklick auf eine Zeile der Tabelle k\u00f6nnen die Details des Zertifikats ge\u00e4ndert werden.<\/p>\n<p><a href=\"https:\/\/gs-cms.com\/wp-content\/uploads\/Adressverwaltung-Person-Zertifikat.png\" data-rel=\"lightbox-gallery-tSRHgPqH\" data-rl_title=\"\" data-rl_caption=\"\" title=\"\"><img loading=\"lazy\" decoding=\"async\" data-attachment-id=\"619\" data-permalink=\"https:\/\/gs-cms.com\/?attachment_id=619\" data-orig-file=\"https:\/\/gs-cms.com\/wp-content\/uploads\/Adressverwaltung-Person-Zertifikat.png\" data-orig-size=\"450,500\" data-comments-opened=\"1\" data-image-meta=\"{&quot;aperture&quot;:&quot;0&quot;,&quot;credit&quot;:&quot;&quot;,&quot;camera&quot;:&quot;&quot;,&quot;caption&quot;:&quot;&quot;,&quot;created_timestamp&quot;:&quot;0&quot;,&quot;copyright&quot;:&quot;&quot;,&quot;focal_length&quot;:&quot;0&quot;,&quot;iso&quot;:&quot;0&quot;,&quot;shutter_speed&quot;:&quot;0&quot;,&quot;title&quot;:&quot;&quot;,&quot;orientation&quot;:&quot;0&quot;}\" data-image-title=\"Adressverwaltung Person Zertifikat\" data-image-description=\"\" data-image-caption=\"\" data-large-file=\"https:\/\/gs-cms.com\/wp-content\/uploads\/Adressverwaltung-Person-Zertifikat.png\" class=\"alignnone size-medium wp-image-619\" src=\"https:\/\/gs-cms.com\/wp-content\/uploads\/Adressverwaltung-Person-Zertifikat-270x300.png\" alt=\"Adressverwaltung Person Zertifikat\" width=\"270\" height=\"300\" srcset=\"https:\/\/gs-cms.com\/wp-content\/uploads\/Adressverwaltung-Person-Zertifikat-270x300.png 270w, https:\/\/gs-cms.com\/wp-content\/uploads\/Adressverwaltung-Person-Zertifikat.png 450w\" sizes=\"auto, (max-width: 270px) 100vw, 270px\" \/><\/a><\/p>\n<p>\u00dcber die Anh\u00e4nge unten im Detailfenster k\u00f6nnen mehrere Dateien mit diesem Datensatz verkn\u00fcpft werden. So k\u00f6nnen z.B. Zertifikate in gescannter Form gesammelt werden.<\/p>\n<h4>Mitarbeiterdaten<\/h4>\n<p>\u00dcber die Mitarbeiterdaten k\u00f6nnen Daten von Mitarbeitern des eigenen Unternehmens angelegt werden.<\/p>\n<p><a href=\"https:\/\/gs-cms.com\/wp-content\/uploads\/Adressverwaltung-Person-Mitarbeiterdaten.png\" data-rel=\"lightbox-gallery-tSRHgPqH\" data-rl_title=\"\" data-rl_caption=\"\" title=\"\"><img loading=\"lazy\" decoding=\"async\" data-attachment-id=\"615\" data-permalink=\"https:\/\/gs-cms.com\/?attachment_id=615\" data-orig-file=\"https:\/\/gs-cms.com\/wp-content\/uploads\/Adressverwaltung-Person-Mitarbeiterdaten.png\" data-orig-size=\"376,206\" data-comments-opened=\"1\" data-image-meta=\"{&quot;aperture&quot;:&quot;0&quot;,&quot;credit&quot;:&quot;&quot;,&quot;camera&quot;:&quot;&quot;,&quot;caption&quot;:&quot;&quot;,&quot;created_timestamp&quot;:&quot;0&quot;,&quot;copyright&quot;:&quot;&quot;,&quot;focal_length&quot;:&quot;0&quot;,&quot;iso&quot;:&quot;0&quot;,&quot;shutter_speed&quot;:&quot;0&quot;,&quot;title&quot;:&quot;&quot;,&quot;orientation&quot;:&quot;0&quot;}\" data-image-title=\"Adressverwaltung Person Mitarbeiterdaten\" data-image-description=\"\" data-image-caption=\"\" data-large-file=\"https:\/\/gs-cms.com\/wp-content\/uploads\/Adressverwaltung-Person-Mitarbeiterdaten.png\" class=\"alignnone size-medium wp-image-615\" src=\"https:\/\/gs-cms.com\/wp-content\/uploads\/Adressverwaltung-Person-Mitarbeiterdaten-300x164.png\" alt=\"Adressverwaltung Person Mitarbeiterdaten\" width=\"300\" height=\"164\" srcset=\"https:\/\/gs-cms.com\/wp-content\/uploads\/Adressverwaltung-Person-Mitarbeiterdaten-300x164.png 300w, https:\/\/gs-cms.com\/wp-content\/uploads\/Adressverwaltung-Person-Mitarbeiterdaten.png 376w\" sizes=\"auto, (max-width: 300px) 100vw, 300px\" \/><\/a><\/p>\n<ul>\n<li>Personalnummer: Interne Nummer des Mitarbeiters.<\/li>\n<li>Stammkostenstelle: Die Stammkostenstelle wird in der Zeiterfassung verwendet, um die Zeit zu verbuchen, die nicht anderen Projekten zugeordnet ist.<\/li>\n<li>Startwert \u00dcberstunden: Wird in der Zeiterfassung verwendet. Der Startwert entspricht den \u00dcberstunden aus einem anderen Erfassungssystem, die bis zum Umstieg auf die cms-Zeiterfassung angefallen sind. Der Startwert wird zu den Gesamt\u00fcberstunden des Mitarbeiters hinzuaddiert.<\/li>\n<\/ul>\n<h4>Privatdaten<\/h4>\n<p>Bei den Privatdaten wird die private Adresse des Mitarbeiters erfasst.<\/p>\n<p><a href=\"https:\/\/gs-cms.com\/wp-content\/uploads\/Adressverwaltung-Person-Private-Daten.png\" data-rel=\"lightbox-gallery-tSRHgPqH\" data-rl_title=\"\" data-rl_caption=\"\" title=\"\"><img loading=\"lazy\" decoding=\"async\" data-attachment-id=\"616\" data-permalink=\"https:\/\/gs-cms.com\/?attachment_id=616\" data-orig-file=\"https:\/\/gs-cms.com\/wp-content\/uploads\/Adressverwaltung-Person-Private-Daten.png\" data-orig-size=\"419,276\" data-comments-opened=\"1\" data-image-meta=\"{&quot;aperture&quot;:&quot;0&quot;,&quot;credit&quot;:&quot;&quot;,&quot;camera&quot;:&quot;&quot;,&quot;caption&quot;:&quot;&quot;,&quot;created_timestamp&quot;:&quot;0&quot;,&quot;copyright&quot;:&quot;&quot;,&quot;focal_length&quot;:&quot;0&quot;,&quot;iso&quot;:&quot;0&quot;,&quot;shutter_speed&quot;:&quot;0&quot;,&quot;title&quot;:&quot;&quot;,&quot;orientation&quot;:&quot;0&quot;}\" data-image-title=\"Adressverwaltung Person Private Daten\" data-image-description=\"\" data-image-caption=\"\" data-large-file=\"https:\/\/gs-cms.com\/wp-content\/uploads\/Adressverwaltung-Person-Private-Daten.png\" class=\"alignnone size-medium wp-image-616\" src=\"https:\/\/gs-cms.com\/wp-content\/uploads\/Adressverwaltung-Person-Private-Daten-300x197.png\" alt=\"Adressverwaltung Person Private Daten\" width=\"300\" height=\"197\" srcset=\"https:\/\/gs-cms.com\/wp-content\/uploads\/Adressverwaltung-Person-Private-Daten-300x197.png 300w, https:\/\/gs-cms.com\/wp-content\/uploads\/Adressverwaltung-Person-Private-Daten.png 419w\" sizes=\"auto, (max-width: 300px) 100vw, 300px\" \/><\/a><\/p>\n<h4>Mitarbeiter verschieben<\/h4>\n<p>\u00dcber den Punkt &#8222;Mitarbeiter verschieben&#8220; kann der Mitarbeiter in ein anderes Unternehmen verschoben werden. Dies erfolgt zum Beispiel, wenn der Mitarbeiter falsch erfasst wurde, oder falls ein Mitarbeiter das Unternehmen wechselt.<\/p>\n<p><a href=\"https:\/\/gs-cms.com\/wp-content\/uploads\/Adressverwaltung-Person-verschieben.png\" data-rel=\"lightbox-gallery-tSRHgPqH\" data-rl_title=\"\" data-rl_caption=\"\" title=\"\"><img loading=\"lazy\" decoding=\"async\" data-attachment-id=\"618\" data-permalink=\"https:\/\/gs-cms.com\/?attachment_id=618\" data-orig-file=\"https:\/\/gs-cms.com\/wp-content\/uploads\/Adressverwaltung-Person-verschieben.png\" data-orig-size=\"419,276\" data-comments-opened=\"1\" data-image-meta=\"{&quot;aperture&quot;:&quot;0&quot;,&quot;credit&quot;:&quot;&quot;,&quot;camera&quot;:&quot;&quot;,&quot;caption&quot;:&quot;&quot;,&quot;created_timestamp&quot;:&quot;0&quot;,&quot;copyright&quot;:&quot;&quot;,&quot;focal_length&quot;:&quot;0&quot;,&quot;iso&quot;:&quot;0&quot;,&quot;shutter_speed&quot;:&quot;0&quot;,&quot;title&quot;:&quot;&quot;,&quot;orientation&quot;:&quot;0&quot;}\" data-image-title=\"Adressverwaltung Person verschieben\" data-image-description=\"\" data-image-caption=\"\" data-large-file=\"https:\/\/gs-cms.com\/wp-content\/uploads\/Adressverwaltung-Person-verschieben.png\" class=\"alignnone size-medium wp-image-618\" src=\"https:\/\/gs-cms.com\/wp-content\/uploads\/Adressverwaltung-Person-verschieben-300x197.png\" alt=\"Adressverwaltung Person verschieben\" width=\"300\" height=\"197\" srcset=\"https:\/\/gs-cms.com\/wp-content\/uploads\/Adressverwaltung-Person-verschieben-300x197.png 300w, https:\/\/gs-cms.com\/wp-content\/uploads\/Adressverwaltung-Person-verschieben.png 419w\" sizes=\"auto, (max-width: 300px) 100vw, 300px\" \/><\/a><\/p>\n<p>Hierf\u00fcr gibt es verschiedene Verschiebungsstrategien:<\/p>\n<ul>\n<li>Mitarbeiter in andere Firma verschieben: Der vorhandene Datensatz wird der neuen Firma zugeordnet. Vorhandene Zuordnungen bleiben vorhanden &#8211; <strong>Wird haupts\u00e4chlich verwendet, wenn der Mitarbeiter in der falschen Firma angelegt wurde<\/strong>.<\/li>\n<li>Mitarbeiter kopieren: Es wird ein neuer Mitarbeiter-Datensatz in der gleichen Firma erzeugt und alle Daten kopiert.\u00a0Der urspr\u00fcngliche Eintrag wird auf Inaktiv gesetzt aber nicht gel\u00f6scht &#8211; <strong>Wird haupts\u00e4chlich verwendet, wenn der Mitarbeiter in eine andere Unternehmenseinheit wechselt<\/strong>.<\/li>\n<li>Mitarbeiter neu anlegen: Es wird ein neuer Mitarbeiter-Datensatz in einer anderen Firma erzeugt und alle Daten kopiert. Der urspr\u00fcngliche Eintrag wird auf Inaktiv gesetzt aber nicht gel\u00f6scht &#8211; <strong>Wird haupts\u00e4chlich verwendet, wenn der Mitarbeiter in ein anderes Unternehmen wechselt<\/strong>.<\/li>\n<\/ul>\n<h4>vCard exportieren<\/h4>\n<p>Exportiert den aktuellen Kontakt im vCard-Format. Diese Format kann von den meisten Adressverwaltungen eingelesen werden (z.B. Microsoft Outlook).<\/p>\n<h3>Mitarbeiter finden<\/h3>\n<p>Mit dem Schalter &#8222;Mitarbeiter finden&#8220; in der Toolbar der Adressverwaltung kann ein Mitarbeiter unabh\u00e4ngig von der zugeordneten Firma gesucht werden.<\/p>\n<p><img loading=\"lazy\" decoding=\"async\" src=\"https:\/\/gs-cms.com\/wp-content\/uploads\/FindEmployee.png\" alt=\"FindEmployee\" width=\"32\" height=\"32\" \/><\/p>\n<p>Hierzu kann in dem Fenster in dem Textfeld ein Teil des Vor- oder Nachnamens eingegeben werden und die Suchergebnisse werden in der Liste angezeigt.<\/p>\n<p><a href=\"https:\/\/gs-cms.com\/wp-content\/uploads\/Adressverwaltung-Firma-Mitarbeiter-finden.png\" data-rel=\"lightbox-gallery-tSRHgPqH\" data-rl_title=\"\" data-rl_caption=\"\" title=\"\"><img loading=\"lazy\" decoding=\"async\" src=\"https:\/\/gs-cms.com\/wp-content\/uploads\/Adressverwaltung-Firma-Mitarbeiter-finden.png\" alt=\"Adressverwaltung Firma Mitarbeiter finden\" width=\"600\" height=\"390\" \/><\/a><\/p>\n<p>Wird ein Kontakt ausgew\u00e4hlt und das Fenster mit dem OK-Button geschlossen, so wird der ausgew\u00e4hlte Kontakt im Anschluss auch im Hauptfenster der Adressverwaltung ausgew\u00e4hlt.<\/p>\n","protected":false},"excerpt":{"rendered":"<p>Mitarbeiter bearbeiten Grunddaten Im ersten Kartenreiter werden die Grunddaten der Person eingegeben, wie die Anrede, Telefon- und Faxnummern, Web-Adressen, Geburtsdatum und die Abteilung. Die eingegebenen Daten werden programmweit als Kontaktdaten der Person verwendet, auch in den Berichten. So wird sicher gestellt, dass \u00fcberall immer die aktuellen Daten verwendet werden. Das Feld Position entspricht der Position&hellip;<\/p>\n","protected":false},"author":11,"featured_media":0,"parent":168,"menu_order":3,"comment_status":"closed","ping_status":"closed","template":"helppage.php","meta":{"_bbp_topic_count":0,"_bbp_reply_count":0,"_bbp_total_topic_count":0,"_bbp_total_reply_count":0,"_bbp_voice_count":0,"_bbp_anonymous_reply_count":0,"_bbp_topic_count_hidden":0,"_bbp_reply_count_hidden":0,"_bbp_forum_subforum_count":0,"jetpack_post_was_ever_published":false,"footnotes":""},"class_list":["post-157","page","type-page","status-publish","hentry"],"aioseo_notices":[],"jetpack_sharing_enabled":true,"jetpack-related-posts":[{"id":138,"url":"https:\/\/gs-cms.com\/?page_id=138","url_meta":{"origin":157,"position":0},"title":"Firmen","author":"Patrick Schimmel","date":"Dienstag, 3. Dezember 2013","format":false,"excerpt":"Firmenkontakt hinzuf\u00fcgen Das Anlegen eines neuen Firmenkontakts erfolgt \u00fcber den Plus-Schalter in der Toolbar der Adressverwaltung. Im Anschluss k\u00f6nnen im Detailfenster die Angaben zu dem Firmenkontakt bearbeitet werden. Firmenkontakt bearbeiten Das Detailfenster zum Bearbeiten von Firmenkontakten wird durch einen Doppelklick auf die entsprechende Zeile im Hauptfenster der Adressverwaltung ge\u00f6ffnet. Im\u2026","rel":"","context":"In \"Adressen\"","block_context":{"text":"Adressen","link":"https:\/\/gs-cms.com\/?tag=adressen"},"img":{"alt_text":"Add","src":"https:\/\/i0.wp.com\/gs-cms.com\/wp-content\/uploads\/Add.png?resize=350%2C200&ssl=1","width":350,"height":200},"classes":[]},{"id":332,"url":"https:\/\/gs-cms.com\/?page_id=332","url_meta":{"origin":157,"position":1},"title":"Optionen","author":"Patrick Schimmel","date":"Samstag, 14. Dezember 2013","format":false,"excerpt":"Im Modul Optionen werden die Programmoptionen festgelegt. Auf der linkten Seite sind die verschiedenen Module dargestellt und darunter die Optionen dieses Moduls aufgelistet. Durch Auswahl eines Punktes werden auf der rechten Seite des Fensters die Daten zu der Option angezeigt. Die eingegebenen Daten werden im jeweiligen Modul als Auswahlfeld angezeigt.\u2026","rel":"","context":"In \"Optionen\"","block_context":{"text":"Optionen","link":"https:\/\/gs-cms.com\/?tag=optionen"},"img":{"alt_text":"","src":"https:\/\/i0.wp.com\/gs-cms.com\/wp-content\/uploads\/Optionen-Grunddaten.jpg?resize=350%2C200&ssl=1","width":350,"height":200,"srcset":"https:\/\/i0.wp.com\/gs-cms.com\/wp-content\/uploads\/Optionen-Grunddaten.jpg?resize=350%2C200&ssl=1 1x, https:\/\/i0.wp.com\/gs-cms.com\/wp-content\/uploads\/Optionen-Grunddaten.jpg?resize=525%2C300&ssl=1 1.5x, https:\/\/i0.wp.com\/gs-cms.com\/wp-content\/uploads\/Optionen-Grunddaten.jpg?resize=700%2C400&ssl=1 2x"},"classes":[]},{"id":278,"url":"https:\/\/gs-cms.com\/?page_id=278","url_meta":{"origin":157,"position":2},"title":"Benutzer","author":"Patrick Schimmel","date":"Dienstag, 10. Dezember 2013","format":false,"excerpt":"Benutzer hinzuf\u00fcgen Ein Benutzer wird mit einem Mausklick auf den Plus-Button in der Toolbar neu angelegt. Daraufhin erscheint das Detail-Fenster des Benutzers. Hier m\u00fcssen alle Daten ausgef\u00fcllt und der Benutzer muss einem Kontakt aus der Adressverwaltung zugeordnet werden. Diese Zuordnung wird programmintern in einigen Modulen verwendet. Ist der Kontakt in\u2026","rel":"","context":"In \"Admin\"","block_context":{"text":"Admin","link":"https:\/\/gs-cms.com\/?tag=admin"},"img":{"alt_text":"Add","src":"https:\/\/i0.wp.com\/gs-cms.com\/wp-content\/uploads\/Add.png?resize=350%2C200&ssl=1","width":350,"height":200},"classes":[]},{"id":555,"url":"https:\/\/gs-cms.com\/?page_id=555","url_meta":{"origin":157,"position":3},"title":"Projekte","author":"Patrick Schimmel","date":"Dienstag, 17. Dezember 2013","format":false,"excerpt":"Projekt hinzuf\u00fcgen Durch einen Mausklick auf das Plus-Symbol in der Toolbar der Projektverwaltung wird ein neues Projekt angelegt. Im Anschluss wird das Detailfenster ge\u00f6ffnet und die Daten des Projekts k\u00f6nnen eingegeben werden. Projekt bearbeiten Das Detailfenster zum Bearbeiten von Projekten wird durch einen Doppelklick auf eine Zeile der Tabelle im\u2026","rel":"","context":"In \"Projekte\"","block_context":{"text":"Projekte","link":"https:\/\/gs-cms.com\/?tag=projekte"},"img":{"alt_text":"Add","src":"https:\/\/i0.wp.com\/gs-cms.com\/wp-content\/uploads\/Add.png?resize=350%2C200&ssl=1","width":350,"height":200},"classes":[]},{"id":358,"url":"https:\/\/gs-cms.com\/?page_id=358","url_meta":{"origin":157,"position":4},"title":"Projektakquisition","author":"Patrick Schimmel","date":"Samstag, 14. Dezember 2013","format":false,"excerpt":"In der Projektakquisition werden die Daten von Gelegenheiten gesammelt und verwaltet, die zu einem Projekt werden k\u00f6nnen. \u00a0 Gelegenheit hinzuf\u00fcgen Durch einen Mausklick auf das Plus-Symbol in der Toolbar der Projektakquisition wird eine neue Gelegenheit angelegt. Danach wird das Detailfenster ge\u00f6ffnet und die Daten der Gelegenheit k\u00f6nnen eingegeben werden. \u00a0\u2026","rel":"","context":"In \"Akquisition\"","block_context":{"text":"Akquisition","link":"https:\/\/gs-cms.com\/?tag=akquisition"},"img":{"alt_text":"","src":"https:\/\/i0.wp.com\/gs-cms.com\/wp-content\/uploads\/Akquisition-Grunddaten.jpg?resize=350%2C200&ssl=1","width":350,"height":200,"srcset":"https:\/\/i0.wp.com\/gs-cms.com\/wp-content\/uploads\/Akquisition-Grunddaten.jpg?resize=350%2C200&ssl=1 1x, https:\/\/i0.wp.com\/gs-cms.com\/wp-content\/uploads\/Akquisition-Grunddaten.jpg?resize=525%2C300&ssl=1 1.5x, https:\/\/i0.wp.com\/gs-cms.com\/wp-content\/uploads\/Akquisition-Grunddaten.jpg?resize=700%2C400&ssl=1 2x"},"classes":[]},{"id":1143,"url":"https:\/\/gs-cms.com\/?page_id=1143","url_meta":{"origin":157,"position":5},"title":"Todo-Liste","author":"Patrick Schimmel","date":"Donnerstag, 30. Januar 2014","format":false,"excerpt":"Mit der Todo-Liste k\u00f6nnen pers\u00f6nliche Aufgaben \u00fcberwacht werden und Aufgaben delegiert werden. Durch die Verbindung mit anderen Modulen k\u00f6nnen Todo-Punke direkt aus Besprechungsprotokollen, M\u00e4ngeln, usw. erzeugt werden. Neue Eintr\u00e4ge werden in der Liste in Rot dargestellt. Todo-Eintrag hinzuf\u00fcgen Hiermit wird ein neuer Todo-Eintrag ohne Verbindung zu einem anderen Modul erzeugt.\u2026","rel":"","context":"In \"Todo\"","block_context":{"text":"Todo","link":"https:\/\/gs-cms.com\/?tag=todo"},"img":{"alt_text":"","src":"https:\/\/i0.wp.com\/gs-cms.com\/wp-content\/uploads\/Todo-Eintrag-Grunddaten.jpg?resize=350%2C200&ssl=1","width":350,"height":200,"srcset":"https:\/\/i0.wp.com\/gs-cms.com\/wp-content\/uploads\/Todo-Eintrag-Grunddaten.jpg?resize=350%2C200&ssl=1 1x, https:\/\/i0.wp.com\/gs-cms.com\/wp-content\/uploads\/Todo-Eintrag-Grunddaten.jpg?resize=525%2C300&ssl=1 1.5x"},"classes":[]}],"_links":{"self":[{"href":"https:\/\/gs-cms.com\/index.php?rest_route=\/wp\/v2\/pages\/157","targetHints":{"allow":["GET"]}}],"collection":[{"href":"https:\/\/gs-cms.com\/index.php?rest_route=\/wp\/v2\/pages"}],"about":[{"href":"https:\/\/gs-cms.com\/index.php?rest_route=\/wp\/v2\/types\/page"}],"author":[{"embeddable":true,"href":"https:\/\/gs-cms.com\/index.php?rest_route=\/wp\/v2\/users\/11"}],"replies":[{"embeddable":true,"href":"https:\/\/gs-cms.com\/index.php?rest_route=%2Fwp%2Fv2%2Fcomments&post=157"}],"version-history":[{"count":0,"href":"https:\/\/gs-cms.com\/index.php?rest_route=\/wp\/v2\/pages\/157\/revisions"}],"up":[{"embeddable":true,"href":"https:\/\/gs-cms.com\/index.php?rest_route=\/wp\/v2\/pages\/168"}],"wp:attachment":[{"href":"https:\/\/gs-cms.com\/index.php?rest_route=%2Fwp%2Fv2%2Fmedia&parent=157"}],"curies":[{"name":"wp","href":"https:\/\/api.w.org\/{rel}","templated":true}]}}