
{"id":15,"date":"2013-11-19T21:55:33","date_gmt":"2013-11-19T20:55:33","guid":{"rendered":"http:\/\/gs-cms.com\/?page_id=15"},"modified":"2019-04-21T12:40:01","modified_gmt":"2019-04-21T10:40:01","slug":"15-2","status":"publish","type":"page","link":"https:\/\/gs-cms.com\/?page_id=15","title":{"rendered":"Adressverwaltung"},"content":{"rendered":"<blockquote><p>W\u00fcrden Sie gerne Ihre Firmen- und Personenkontakte\u00a0zentral und projektbezogen verwalten, einfach suchen und filtern k\u00f6nnen, sowie immer \u00fcber aktuelle Daten verf\u00fcgen?<\/p><\/blockquote>\n<h2>\u00dcbersicht<\/h2>\n<table style=\"width: 100%;\">\n<tbody>\n<tr>\n<td style=\"vertical-align: top;\"><img loading=\"lazy\" decoding=\"async\" data-attachment-id=\"2140\" data-permalink=\"https:\/\/gs-cms.com\/?attachment_id=2140\" data-orig-file=\"https:\/\/gs-cms.com\/wp-content\/uploads\/Addresses.png\" data-orig-size=\"32,32\" data-comments-opened=\"1\" data-image-meta=\"{&quot;aperture&quot;:&quot;0&quot;,&quot;credit&quot;:&quot;&quot;,&quot;camera&quot;:&quot;&quot;,&quot;caption&quot;:&quot;&quot;,&quot;created_timestamp&quot;:&quot;0&quot;,&quot;copyright&quot;:&quot;&quot;,&quot;focal_length&quot;:&quot;0&quot;,&quot;iso&quot;:&quot;0&quot;,&quot;shutter_speed&quot;:&quot;0&quot;,&quot;title&quot;:&quot;&quot;,&quot;orientation&quot;:&quot;0&quot;}\" data-image-title=\"Addresses\" data-image-description=\"\" data-image-caption=\"\" data-large-file=\"https:\/\/gs-cms.com\/wp-content\/uploads\/Addresses.png\" class=\"alignleft wp-image-2140 size-full\" src=\"https:\/\/gs-cms.com\/wp-content\/uploads\/Addresses.png\" alt=\"Addresses\" width=\"32\" height=\"32\" srcset=\"https:\/\/gs-cms.com\/wp-content\/uploads\/Addresses.png 32w, https:\/\/gs-cms.com\/wp-content\/uploads\/Addresses-150x150.png 150w, https:\/\/gs-cms.com\/wp-content\/uploads\/Addresses-160x160.png 160w\" sizes=\"auto, (max-width: 32px) 100vw, 32px\" \/><\/td>\n<td style=\"width: 46%; vertical-align: top;\"><strong>Zentrale Adressverwaltung<\/strong><br \/>\nDurch die zentrale Verwaltung aller Adressen sind Aktualisierungen unmittelbar in allen Modulen verf\u00fcgbar<\/td>\n<td style=\"vertical-align: top;\"><img loading=\"lazy\" decoding=\"async\" data-attachment-id=\"775\" data-permalink=\"https:\/\/gs-cms.com\/?attachment_id=775\" data-orig-file=\"https:\/\/gs-cms.com\/wp-content\/uploads\/Certificate.png\" data-orig-size=\"32,32\" data-comments-opened=\"1\" data-image-meta=\"{&quot;aperture&quot;:&quot;0&quot;,&quot;credit&quot;:&quot;&quot;,&quot;camera&quot;:&quot;&quot;,&quot;caption&quot;:&quot;&quot;,&quot;created_timestamp&quot;:&quot;0&quot;,&quot;copyright&quot;:&quot;&quot;,&quot;focal_length&quot;:&quot;0&quot;,&quot;iso&quot;:&quot;0&quot;,&quot;shutter_speed&quot;:&quot;0&quot;,&quot;title&quot;:&quot;&quot;,&quot;orientation&quot;:&quot;0&quot;}\" data-image-title=\"Certificate\" data-image-description=\"\" data-image-caption=\"\" data-large-file=\"https:\/\/gs-cms.com\/wp-content\/uploads\/Certificate.png\" class=\"size-full wp-image-775 alignleft\" src=\"https:\/\/gs-cms.com\/wp-content\/uploads\/Certificate.png\" alt=\"Certificate\" width=\"32\" height=\"32\" srcset=\"https:\/\/gs-cms.com\/wp-content\/uploads\/Certificate.png 32w, https:\/\/gs-cms.com\/wp-content\/uploads\/Certificate-150x150.png 150w, https:\/\/gs-cms.com\/wp-content\/uploads\/Certificate-160x160.png 160w\" sizes=\"auto, (max-width: 32px) 100vw, 32px\" \/><\/td>\n<td style=\"width: 46%; vertical-align: top;\"><strong>Zertifikate<\/strong><br \/>\nErfassen von Firmennachweisen und Mitarbeiterzertifikaten<\/td>\n<\/tr>\n<tr>\n<td style=\"vertical-align: top;\"><img loading=\"lazy\" decoding=\"async\" data-attachment-id=\"2152\" data-permalink=\"https:\/\/gs-cms.com\/?attachment_id=2152\" data-orig-file=\"https:\/\/gs-cms.com\/wp-content\/uploads\/MergeCompanies.png\" data-orig-size=\"32,32\" data-comments-opened=\"1\" data-image-meta=\"{&quot;aperture&quot;:&quot;0&quot;,&quot;credit&quot;:&quot;&quot;,&quot;camera&quot;:&quot;&quot;,&quot;caption&quot;:&quot;&quot;,&quot;created_timestamp&quot;:&quot;0&quot;,&quot;copyright&quot;:&quot;&quot;,&quot;focal_length&quot;:&quot;0&quot;,&quot;iso&quot;:&quot;0&quot;,&quot;shutter_speed&quot;:&quot;0&quot;,&quot;title&quot;:&quot;&quot;,&quot;orientation&quot;:&quot;0&quot;}\" data-image-title=\"MergeCompanies\" data-image-description=\"\" data-image-caption=\"\" data-large-file=\"https:\/\/gs-cms.com\/wp-content\/uploads\/MergeCompanies.png\" class=\"size-full wp-image-2152 alignleft\" src=\"https:\/\/gs-cms.com\/wp-content\/uploads\/MergeCompanies.png\" alt=\"MergeCompanies\" width=\"32\" height=\"32\" srcset=\"https:\/\/gs-cms.com\/wp-content\/uploads\/MergeCompanies.png 32w, https:\/\/gs-cms.com\/wp-content\/uploads\/MergeCompanies-150x150.png 150w, https:\/\/gs-cms.com\/wp-content\/uploads\/MergeCompanies-160x160.png 160w\" sizes=\"auto, (max-width: 32px) 100vw, 32px\" \/><\/td>\n<td style=\"vertical-align: top; width: 46%;\"><strong>Firmen zusammenf\u00fchren<\/strong><br \/>\nZusammenf\u00fchren von Firmen bei Mehrfacheingabe<\/td>\n<td style=\"vertical-align: top;\"><img loading=\"lazy\" decoding=\"async\" data-attachment-id=\"778\" data-permalink=\"https:\/\/gs-cms.com\/?attachment_id=778\" data-orig-file=\"https:\/\/gs-cms.com\/wp-content\/uploads\/FindEmployee.png\" data-orig-size=\"32,32\" data-comments-opened=\"1\" data-image-meta=\"{&quot;aperture&quot;:&quot;0&quot;,&quot;credit&quot;:&quot;&quot;,&quot;camera&quot;:&quot;&quot;,&quot;caption&quot;:&quot;&quot;,&quot;created_timestamp&quot;:&quot;0&quot;,&quot;copyright&quot;:&quot;&quot;,&quot;focal_length&quot;:&quot;0&quot;,&quot;iso&quot;:&quot;0&quot;,&quot;shutter_speed&quot;:&quot;0&quot;,&quot;title&quot;:&quot;&quot;,&quot;orientation&quot;:&quot;0&quot;}\" data-image-title=\"FindEmployee\" data-image-description=\"\" data-image-caption=\"\" data-large-file=\"https:\/\/gs-cms.com\/wp-content\/uploads\/FindEmployee.png\" class=\"size-full wp-image-778 alignleft\" src=\"https:\/\/gs-cms.com\/wp-content\/uploads\/FindEmployee.png\" alt=\"FindEmployee\" width=\"32\" height=\"32\" srcset=\"https:\/\/gs-cms.com\/wp-content\/uploads\/FindEmployee.png 32w, https:\/\/gs-cms.com\/wp-content\/uploads\/FindEmployee-150x150.png 150w, https:\/\/gs-cms.com\/wp-content\/uploads\/FindEmployee-160x160.png 160w\" sizes=\"auto, (max-width: 32px) 100vw, 32px\" \/><\/td>\n<td style=\"vertical-align: top; width: 46%;\"><strong>Mitarbeitersuche<\/strong><br \/>\nSuche nach Mitarbeitern \u00fcber alle Firmen<\/td>\n<\/tr>\n<tr>\n<td style=\"vertical-align: top;\"><img loading=\"lazy\" decoding=\"async\" data-attachment-id=\"2154\" data-permalink=\"https:\/\/gs-cms.com\/?attachment_id=2154\" data-orig-file=\"https:\/\/gs-cms.com\/wp-content\/uploads\/CompanyEvaluation.png\" data-orig-size=\"32,32\" data-comments-opened=\"1\" data-image-meta=\"{&quot;aperture&quot;:&quot;0&quot;,&quot;credit&quot;:&quot;&quot;,&quot;camera&quot;:&quot;&quot;,&quot;caption&quot;:&quot;&quot;,&quot;created_timestamp&quot;:&quot;0&quot;,&quot;copyright&quot;:&quot;&quot;,&quot;focal_length&quot;:&quot;0&quot;,&quot;iso&quot;:&quot;0&quot;,&quot;shutter_speed&quot;:&quot;0&quot;,&quot;title&quot;:&quot;&quot;,&quot;orientation&quot;:&quot;0&quot;}\" data-image-title=\"CompanyEvaluation\" data-image-description=\"\" data-image-caption=\"\" data-large-file=\"https:\/\/gs-cms.com\/wp-content\/uploads\/CompanyEvaluation.png\" class=\"size-full wp-image-2154 alignleft\" src=\"https:\/\/gs-cms.com\/wp-content\/uploads\/CompanyEvaluation.png\" alt=\"CompanyEvaluation\" width=\"32\" height=\"32\" srcset=\"https:\/\/gs-cms.com\/wp-content\/uploads\/CompanyEvaluation.png 32w, https:\/\/gs-cms.com\/wp-content\/uploads\/CompanyEvaluation-150x150.png 150w, https:\/\/gs-cms.com\/wp-content\/uploads\/CompanyEvaluation-160x160.png 160w\" sizes=\"auto, (max-width: 32px) 100vw, 32px\" \/><\/td>\n<td style=\"vertical-align: top; width: 46%;\"><strong>NU-Bewertungen<\/strong><br \/>\nProjektbeurteilungen von Nachunternehmern und Anzeige des Bewertungsprofils in der Adressverwaltung<\/td>\n<td style=\"vertical-align: top;\"><img loading=\"lazy\" decoding=\"async\" data-attachment-id=\"2160\" data-permalink=\"https:\/\/gs-cms.com\/?attachment_id=2160\" data-orig-file=\"https:\/\/gs-cms.com\/wp-content\/uploads\/ProjectAssignments.png\" data-orig-size=\"32,32\" data-comments-opened=\"1\" data-image-meta=\"{&quot;aperture&quot;:&quot;0&quot;,&quot;credit&quot;:&quot;&quot;,&quot;camera&quot;:&quot;&quot;,&quot;caption&quot;:&quot;&quot;,&quot;created_timestamp&quot;:&quot;0&quot;,&quot;copyright&quot;:&quot;&quot;,&quot;focal_length&quot;:&quot;0&quot;,&quot;iso&quot;:&quot;0&quot;,&quot;shutter_speed&quot;:&quot;0&quot;,&quot;title&quot;:&quot;&quot;,&quot;orientation&quot;:&quot;0&quot;}\" data-image-title=\"ProjectAssignments\" data-image-description=\"\" data-image-caption=\"\" data-large-file=\"https:\/\/gs-cms.com\/wp-content\/uploads\/ProjectAssignments.png\" class=\"size-full wp-image-2160 alignleft\" src=\"https:\/\/gs-cms.com\/wp-content\/uploads\/ProjectAssignments.png\" alt=\"ProjectAssignments\" width=\"32\" height=\"32\" srcset=\"https:\/\/gs-cms.com\/wp-content\/uploads\/ProjectAssignments.png 32w, https:\/\/gs-cms.com\/wp-content\/uploads\/ProjectAssignments-150x150.png 150w, https:\/\/gs-cms.com\/wp-content\/uploads\/ProjectAssignments-160x160.png 160w\" sizes=\"auto, (max-width: 32px) 100vw, 32px\" \/><\/td>\n<td style=\"vertical-align: top; width: 46%;\"><strong>Projektzuordnungen<\/strong><br \/>\nZuordnen von Firmen und Personen zu Projekten mit Angabe der Projektfunktion<\/td>\n<\/tr>\n<\/tbody>\n<\/table>\n<h2>Beschreibung<\/h2>\n<p>Die CMS Adressverwaltung ist die Zentrale f\u00fcr die Verwaltung Ihrer\u00a0Firmen- und Mitarbeiterkontakten.<br \/>\nHier werden alle Firmen und Mitarbeiter mit allen relevanten Daten erfasst. Auf die in der Adressverwaltung erfassten Informationen greifen alle anderen Module zur\u00fcck, so dass Ihnen in allen Programmteilen immer die aktuelle Adresse des Nachunternehmers, die aktuelle Telefonnummer des Ansprechpartners, usw. zur Verf\u00fcgung stehen.<\/p>\n<p>In der Adressverwaltung, wie in allen anderen Modulen k\u00f6nnen die Benutzerrechte individuell eingestellt werden, so dass nur befugte Personen Zugriff auf gesch\u00fctzte Daten, wie Privatadressen oder die Projektzuordnung haben.<\/p>\n<p>Nat\u00fcrlich verf\u00fcgt die Adressverwaltung \u00fcber den Multi-Filter, \u00fcber den Sie gesuchte Personen einfach \u00fcber die Angabe von wenigen Attributen oder \u00fcber die Freitextsuche wiederfinden. Wie in den anderen Modulen kann die Tabelle mit dem Suchergebnis in verschiedene Formate exportiert werden (z.B. Excel, CSV).<\/p>\n<p>Au\u00dferdem k\u00f6nnen Sie auch nach Personennamen suchen, falls Ihnen aktuell der Name des Firmenkontakts entfallen ist.<\/p>\n<p>In der Adressverwaltung k\u00f6nnen die an den Projekten beteiligten Firmen und Personen direkt den Projekten zugewiesen werden. So erhalten Sie in den Projektmodulen immer aktuelle Listen der Projektbeteiligten zur Auswahl.<\/p>\n<h2>Screenshots<\/h2>\n<div class=\"rl-gallery-container rl-loading\" id=\"rl-gallery-container-1\" data-gallery_id=\"3365\"> <div class=\"rl-gallery rl-basicmasonry-gallery rl-hover-effect-2\" id=\"rl-gallery-1\" data-gallery_no=\"1\"> <div class=\"rl-gutter-sizer\"><\/div><div class=\"rl-grid-sizer\"><\/div> <div class=\"rl-gallery-item rl-gallery-item-width-4\" > <div class=\"rl-gallery-item-content\"> <a href=\"https:\/\/gs-cms.com\/wp-content\/uploads\/Adressverwaltung-Person-Grunddaten-e1424086661817.png\" title=\"\" data-rl_title=\"\" class=\"rl-gallery-link\" data-rl_caption=\"\" data-rel=\"lightbox-gallery-1\"><img loading=\"lazy\" decoding=\"async\" src=\"https:\/\/gs-cms.com\/wp-content\/uploads\/Adressverwaltung-Person-Grunddaten-e1424086661817-300x250.png\" width=\"300\" height=\"250\" alt=\"\" \/><span class=\"rl-gallery-caption\"><span class=\"rl-gallery-item-title\">Adressverwaltung Person Grunddaten<\/span><\/span><\/a> <\/div> <\/div> <div class=\"rl-gallery-item\" > <div class=\"rl-gallery-item-content\"> <a href=\"https:\/\/gs-cms.com\/wp-content\/uploads\/Adressverwaltung.png\" title=\"\" data-rl_title=\"\" class=\"rl-gallery-link\" data-rl_caption=\"\" data-rel=\"lightbox-gallery-1\"><img loading=\"lazy\" decoding=\"async\" src=\"https:\/\/gs-cms.com\/wp-content\/uploads\/Adressverwaltung-300x182.png\" width=\"300\" height=\"182\" alt=\"\" \/><span class=\"rl-gallery-caption\"><span class=\"rl-gallery-item-title\">Adressverwaltung<\/span><\/span><\/a> <\/div> <\/div> <div class=\"rl-gallery-item\" > <div class=\"rl-gallery-item-content\"> <a href=\"https:\/\/gs-cms.com\/wp-content\/uploads\/Adressverwaltung-Person-Zertifikat.png\" title=\"\" data-rl_title=\"\" class=\"rl-gallery-link\" data-rl_caption=\"\" data-rel=\"lightbox-gallery-1\"><img loading=\"lazy\" decoding=\"async\" src=\"https:\/\/gs-cms.com\/wp-content\/uploads\/Adressverwaltung-Person-Zertifikat-270x300.png\" width=\"270\" height=\"300\" alt=\"\" \/><span class=\"rl-gallery-caption\"><span class=\"rl-gallery-item-title\">Adressverwaltung Person Zertifikat<\/span><\/span><\/a> <\/div> <\/div> <\/div> <\/div>\n<h2>Funktionen<\/h2>\n<ul>\n<li>Direkte \u00dcbersicht \u00fcber die wichtigsten Daten auf der Startseite des Moduls<\/li>\n<li>\u00dcbersichtliche Oberfl\u00e4che mit dem leistungsf\u00e4higem Multi-Filter<\/li>\n<li>Freitextsuche zum einfachen Auffinden von Informationen<\/li>\n<li>Suche nach Personen, unabh\u00e4ngig von Firmenkontakt<\/li>\n<li>Gleichzeitiges Bearbeiten wichtiger Daten von mehreren\u00a0Datens\u00e4tzen<\/li>\n<li>Anh\u00e4ngen beliebiger Dateien an Firmen-\u00a0oder Personenkontakte<\/li>\n<li>Erfassen der Firmenhierarchie<\/li>\n<li>Hinterlegen von Firmennachweisen und Zertifikate<\/li>\n<li>Zusammenf\u00fchren von Firmenkontakten bei Mehrfachanlage<\/li>\n<li>Zuordnung von\u00a0Firmen und Personen zu den Projekten, mit Funktion, Auftragssumme, Vertragsstatus, usw.<\/li>\n<li>Zuordnung von Personen zu Abteilungen<\/li>\n<li>Grafische Darstellung\u00a0von Firmenbewertungen aus den Projekten<\/li>\n<li>Angabe von Arbeitsbereichen von Firmen<\/li>\n<li>Markieren von Firmen als &#8222;gesperrt&#8220; oder als &#8222;bevorzugte Firma&#8220;.<\/li>\n<li>Einlesen von Zertifikaten von Personen (z.B. Schulungen)<\/li>\n<li>Angabe von internen Personendaten<\/li>\n<li>Angabe von privaten Personendaten<\/li>\n<li>Assistent\u00a0zum Verschieben von Personen in andere Firmen<\/li>\n<li>Export der Kontaktdaten als vCard<\/li>\n<li>Frei konfigurierbare eigene Berichte<\/li>\n<li>Schnelldruck von firmenbezogenen Berichten aus dem Detailfenster heraus<\/li>\n<li>Jeder Anwender kann\u00a0 die Filter- und Spaltenansicht frei konfigurieren<\/li>\n<li>Export der Daten\u00fcbersicht der Haupttabelle in Text, CSV oder Excel-Dateien<\/li>\n<li>Export aller Berichte in verschiedene Dateiformate<\/li>\n<li>Gesetzte Filter werden beim Export und bei der Berichtsgenerierung ber\u00fccksichtigt<\/li>\n<\/ul>\n","protected":false},"excerpt":{"rendered":"<p>W\u00fcrden Sie gerne Ihre Firmen- und Personenkontakte\u00a0zentral und projektbezogen verwalten, einfach suchen und filtern k\u00f6nnen, sowie immer \u00fcber aktuelle Daten verf\u00fcgen? \u00dcbersicht Zentrale Adressverwaltung Durch die zentrale Verwaltung aller Adressen sind Aktualisierungen unmittelbar in allen Modulen verf\u00fcgbar Zertifikate Erfassen von Firmennachweisen und Mitarbeiterzertifikaten Firmen zusammenf\u00fchren Zusammenf\u00fchren von Firmen bei Mehrfacheingabe Mitarbeitersuche Suche nach Mitarbeitern \u00fcber&hellip;<\/p>\n","protected":false},"author":11,"featured_media":0,"parent":11,"menu_order":0,"comment_status":"closed","ping_status":"closed","template":"","meta":{"_bbp_topic_count":0,"_bbp_reply_count":0,"_bbp_total_topic_count":0,"_bbp_total_reply_count":0,"_bbp_voice_count":0,"_bbp_anonymous_reply_count":0,"_bbp_topic_count_hidden":0,"_bbp_reply_count_hidden":0,"_bbp_forum_subforum_count":0,"footnotes":""},"class_list":["post-15","page","type-page","status-publish","hentry"],"aioseo_notices":[],"jetpack_sharing_enabled":true,"jetpack-related-posts":[{"id":168,"url":"https:\/\/gs-cms.com\/?page_id=168","url_meta":{"origin":15,"position":0},"title":"Adressverwaltung","author":"Patrick Schimmel","date":"Mittwoch, 4. Dezember 2013","format":false,"excerpt":"In der Adressverwaltung werden die Firmenkontakte und die Mitarbeiter der Firmen mit allen Details eingegeben. Firmenkontakt anlegen Firmenkontakt bearbeiten Firmenkontakt l\u00f6schen Mitarbeiter bearbeiten Firmenhierarchie ansehen Firmenzertifikate bearbeiten Mitarbeiter finden","rel":"","context":"In \"Adressen\"","block_context":{"text":"Adressen","link":"https:\/\/gs-cms.com\/?tag=adressen"},"img":{"alt_text":"Adressverwaltung","src":"https:\/\/i0.wp.com\/gs-cms.com\/wp-content\/uploads\/Adressverwaltung-1024x622.png?resize=350%2C200&ssl=1","width":350,"height":200,"srcset":"https:\/\/i0.wp.com\/gs-cms.com\/wp-content\/uploads\/Adressverwaltung-1024x622.png?resize=350%2C200&ssl=1 1x, https:\/\/i0.wp.com\/gs-cms.com\/wp-content\/uploads\/Adressverwaltung-1024x622.png?resize=525%2C300&ssl=1 1.5x, https:\/\/i0.wp.com\/gs-cms.com\/wp-content\/uploads\/Adressverwaltung-1024x622.png?resize=700%2C400&ssl=1 2x"},"classes":[]},{"id":138,"url":"https:\/\/gs-cms.com\/?page_id=138","url_meta":{"origin":15,"position":1},"title":"Firmen","author":"Patrick Schimmel","date":"Dienstag, 3. Dezember 2013","format":false,"excerpt":"Firmenkontakt hinzuf\u00fcgen Das Anlegen eines neuen Firmenkontakts erfolgt \u00fcber den Plus-Schalter in der Toolbar der Adressverwaltung. Im Anschluss k\u00f6nnen im Detailfenster die Angaben zu dem Firmenkontakt bearbeitet werden. Firmenkontakt bearbeiten Das Detailfenster zum Bearbeiten von Firmenkontakten wird durch einen Doppelklick auf die entsprechende Zeile im Hauptfenster der Adressverwaltung ge\u00f6ffnet. Im\u2026","rel":"","context":"In \"Adressen\"","block_context":{"text":"Adressen","link":"https:\/\/gs-cms.com\/?tag=adressen"},"img":{"alt_text":"Add","src":"https:\/\/i0.wp.com\/gs-cms.com\/wp-content\/uploads\/Add.png?resize=350%2C200&ssl=1","width":350,"height":200},"classes":[]},{"id":157,"url":"https:\/\/gs-cms.com\/?page_id=157","url_meta":{"origin":15,"position":2},"title":"Mitarbeiter","author":"Patrick Schimmel","date":"Dienstag, 3. Dezember 2013","format":false,"excerpt":"Mitarbeiter bearbeiten Grunddaten Im ersten Kartenreiter werden die Grunddaten der Person eingegeben, wie die Anrede, Telefon- und Faxnummern, Web-Adressen, Geburtsdatum und die Abteilung. Die eingegebenen Daten werden programmweit als Kontaktdaten der Person verwendet, auch in den Berichten. So wird sicher gestellt, dass \u00fcberall immer die aktuellen Daten verwendet werden. Das\u2026","rel":"","context":"In \"Adressen\"","block_context":{"text":"Adressen","link":"https:\/\/gs-cms.com\/?tag=adressen"},"img":{"alt_text":"Adressverwaltung Person Grunddaten","src":"https:\/\/i0.wp.com\/gs-cms.com\/wp-content\/uploads\/Adressverwaltung-Person-Grunddaten-300x250.png?resize=350%2C200&ssl=1","width":350,"height":200},"classes":[]},{"id":278,"url":"https:\/\/gs-cms.com\/?page_id=278","url_meta":{"origin":15,"position":3},"title":"Benutzer","author":"Patrick Schimmel","date":"Dienstag, 10. Dezember 2013","format":false,"excerpt":"Benutzer hinzuf\u00fcgen Ein Benutzer wird mit einem Mausklick auf den Plus-Button in der Toolbar neu angelegt. Daraufhin erscheint das Detail-Fenster des Benutzers. Hier m\u00fcssen alle Daten ausgef\u00fcllt und der Benutzer muss einem Kontakt aus der Adressverwaltung zugeordnet werden. Diese Zuordnung wird programmintern in einigen Modulen verwendet. Ist der Kontakt in\u2026","rel":"","context":"In \"Admin\"","block_context":{"text":"Admin","link":"https:\/\/gs-cms.com\/?tag=admin"},"img":{"alt_text":"Add","src":"https:\/\/i0.wp.com\/gs-cms.com\/wp-content\/uploads\/Add.png?resize=350%2C200&ssl=1","width":350,"height":200},"classes":[]},{"id":1328,"url":"https:\/\/gs-cms.com\/?page_id=1328","url_meta":{"origin":15,"position":4},"title":"RIB Connector","author":"Patrick Schimmel","date":"Dienstag, 27. Mai 2014","format":false,"excerpt":"Mit dem RIB-Connector k\u00f6nnen Daten aus der CMS Adressverwaltung direkt in RIB iTWO verwendet werden. Hierzu m\u00fcssen Sie\u00a0im\u00a0RIB\u00a0iTWO\u00a0Adressfenster mit der rechten Maustaste auf eine Kategorie klicken\u00a0und \"Import\u2026\" w\u00e4hlen. Im folgenden Fenster muss das Construction Management System als Import-Filter verwendet werden. Nach einer Weile wird die CMS Adressverwaltung ge\u00f6ffnet und es\u2026","rel":"","context":"In \"RIB\"","block_context":{"text":"RIB","link":"https:\/\/gs-cms.com\/?tag=rib"},"img":{"alt_text":"","src":"https:\/\/i0.wp.com\/gs-cms.com\/wp-content\/uploads\/RIB-Import.png?resize=350%2C200&ssl=1","width":350,"height":200,"srcset":"https:\/\/i0.wp.com\/gs-cms.com\/wp-content\/uploads\/RIB-Import.png?resize=350%2C200&ssl=1 1x, https:\/\/i0.wp.com\/gs-cms.com\/wp-content\/uploads\/RIB-Import.png?resize=525%2C300&ssl=1 1.5x"},"classes":[]},{"id":11,"url":"https:\/\/gs-cms.com\/?page_id=11","url_meta":{"origin":15,"position":5},"title":"Construction Management System","author":"Patrick Schimmel","date":"Dienstag, 19. November 2013","format":false,"excerpt":"Das Construction Management System CMS ist eine umfangreiche Software zur vertragssicheren Dokumentation und Verwaltung von Bauprojekten. Es umfasst alle Phasen des Bauprojekts, von der Projektakquise \u00fcber die Bauausf\u00fchrung bis hin zur Gew\u00e4hrleistung. Einmal eingetragene Informationen werden in einer zentralen Datenbank gespeichert und k\u00f6nnen \u00fcber frei definierbare Berichte beliebig ausgewertet und\u2026","rel":"","context":"\u00c4hnlicher Beitrag","block_context":{"text":"\u00c4hnlicher Beitrag","link":""},"img":{"alt_text":"Projektzyklus","src":"https:\/\/i0.wp.com\/gs-cms.com\/wp-content\/uploads\/Projektzyklus-300x221.png?resize=350%2C200&ssl=1","width":350,"height":200},"classes":[]}],"_links":{"self":[{"href":"https:\/\/gs-cms.com\/index.php?rest_route=\/wp\/v2\/pages\/15","targetHints":{"allow":["GET"]}}],"collection":[{"href":"https:\/\/gs-cms.com\/index.php?rest_route=\/wp\/v2\/pages"}],"about":[{"href":"https:\/\/gs-cms.com\/index.php?rest_route=\/wp\/v2\/types\/page"}],"author":[{"embeddable":true,"href":"https:\/\/gs-cms.com\/index.php?rest_route=\/wp\/v2\/users\/11"}],"replies":[{"embeddable":true,"href":"https:\/\/gs-cms.com\/index.php?rest_route=%2Fwp%2Fv2%2Fcomments&post=15"}],"version-history":[{"count":6,"href":"https:\/\/gs-cms.com\/index.php?rest_route=\/wp\/v2\/pages\/15\/revisions"}],"predecessor-version":[{"id":3543,"href":"https:\/\/gs-cms.com\/index.php?rest_route=\/wp\/v2\/pages\/15\/revisions\/3543"}],"up":[{"embeddable":true,"href":"https:\/\/gs-cms.com\/index.php?rest_route=\/wp\/v2\/pages\/11"}],"wp:attachment":[{"href":"https:\/\/gs-cms.com\/index.php?rest_route=%2Fwp%2Fv2%2Fmedia&parent=15"}],"curies":[{"name":"wp","href":"https:\/\/api.w.org\/{rel}","templated":true}]}}