
{"id":1491,"date":"2014-07-05T20:05:40","date_gmt":"2014-07-05T18:05:40","guid":{"rendered":"http:\/\/gs-cms.com\/?page_id=1491"},"modified":"2016-01-28T00:14:18","modified_gmt":"2016-01-27T23:14:18","slug":"konfiguration-eines-web-services-als-dateiablage","status":"publish","type":"page","link":"https:\/\/gs-cms.com\/?page_id=1491","title":{"rendered":"Konfiguration des Web Services"},"content":{"rendered":"<p>Vorteile:<\/p>\n<ul>\n<li>Bew\u00e4hrte Web-Technologie<\/li>\n<li>Ordner ist vor Benutzerzugriffen gesch\u00fctzt<\/li>\n<li>Verteilung der Last auf verschiedene Rechner<\/li>\n<li>Download von skalierten Bildern m\u00f6glich (Bildvorschau wesentlich schneller)<\/li>\n<li>Authentifizierung des Benutzers \u00fcber die CMS-Datenbank<\/li>\n<\/ul>\n<p>Nachteile:<\/p>\n<ul>\n<li>Einrichtung eines IIS-Webservers und Installation des CMS Webservice ist erforderlich<\/li>\n<li>Der IIS-Webserver kann nur auf einem Windows-Server installiert werden.<\/li>\n<\/ul>\n<h3>Installation des\u00a0Internet Information Services (IIS)<\/h3>\n<p>Installieren Sie \u00fcber die Windows Features in der Systemsteuerung den IIS-Server.<\/p>\n<p><a href=\"https:\/\/gs-cms.com\/wp-content\/uploads\/InstallIIS.jpg\" data-rel=\"lightbox-gallery-qgRBy71d\" data-rl_title=\"\" data-rl_caption=\"\" title=\"\"><img loading=\"lazy\" decoding=\"async\" data-attachment-id=\"1506\" data-permalink=\"https:\/\/gs-cms.com\/?attachment_id=1506\" data-orig-file=\"https:\/\/gs-cms.com\/wp-content\/uploads\/InstallIIS.jpg\" data-orig-size=\"401,600\" data-comments-opened=\"1\" data-image-meta=\"{&quot;aperture&quot;:&quot;0&quot;,&quot;credit&quot;:&quot;&quot;,&quot;camera&quot;:&quot;&quot;,&quot;caption&quot;:&quot;&quot;,&quot;created_timestamp&quot;:&quot;0&quot;,&quot;copyright&quot;:&quot;&quot;,&quot;focal_length&quot;:&quot;0&quot;,&quot;iso&quot;:&quot;0&quot;,&quot;shutter_speed&quot;:&quot;0&quot;,&quot;title&quot;:&quot;&quot;,&quot;orientation&quot;:&quot;0&quot;}\" data-image-title=\"InstallIIS\" data-image-description=\"\" data-image-caption=\"\" data-large-file=\"https:\/\/gs-cms.com\/wp-content\/uploads\/InstallIIS.jpg\" class=\"alignnone wp-image-1506 size-medium\" src=\"https:\/\/gs-cms.com\/wp-content\/uploads\/InstallIIS-200x300.jpg\" alt=\"InstallIIS\" width=\"200\" height=\"300\" srcset=\"https:\/\/gs-cms.com\/wp-content\/uploads\/InstallIIS-200x300.jpg 200w, https:\/\/gs-cms.com\/wp-content\/uploads\/InstallIIS.jpg 401w\" sizes=\"auto, (max-width: 200px) 100vw, 200px\" \/><\/a><\/p>\n<h4>Einrichten einer neuen Website in IIS<\/h4>\n<p>\u00d6ffnen Sie den IIS-Manager.<\/p>\n<p><a href=\"https:\/\/gs-cms.com\/wp-content\/uploads\/IISManager.jpg\" data-rel=\"lightbox-gallery-qgRBy71d\" data-rl_title=\"\" data-rl_caption=\"\" title=\"\"><img loading=\"lazy\" decoding=\"async\" data-attachment-id=\"1505\" data-permalink=\"https:\/\/gs-cms.com\/?attachment_id=1505\" data-orig-file=\"https:\/\/gs-cms.com\/wp-content\/uploads\/IISManager.jpg\" data-orig-size=\"650,403\" data-comments-opened=\"1\" data-image-meta=\"{&quot;aperture&quot;:&quot;0&quot;,&quot;credit&quot;:&quot;&quot;,&quot;camera&quot;:&quot;&quot;,&quot;caption&quot;:&quot;&quot;,&quot;created_timestamp&quot;:&quot;0&quot;,&quot;copyright&quot;:&quot;&quot;,&quot;focal_length&quot;:&quot;0&quot;,&quot;iso&quot;:&quot;0&quot;,&quot;shutter_speed&quot;:&quot;0&quot;,&quot;title&quot;:&quot;&quot;,&quot;orientation&quot;:&quot;0&quot;}\" data-image-title=\"IISManager\" data-image-description=\"\" data-image-caption=\"\" data-large-file=\"https:\/\/gs-cms.com\/wp-content\/uploads\/IISManager.jpg\" class=\"alignnone size-full wp-image-1505\" src=\"https:\/\/gs-cms.com\/wp-content\/uploads\/IISManager.jpg\" alt=\"IISManager\" width=\"650\" height=\"403\" srcset=\"https:\/\/gs-cms.com\/wp-content\/uploads\/IISManager.jpg 650w, https:\/\/gs-cms.com\/wp-content\/uploads\/IISManager-300x186.jpg 300w\" sizes=\"auto, (max-width: 650px) 100vw, 650px\" \/><\/a><\/p>\n<p>F\u00fcgen Sie eine neue Website hinzu, indem Sie mit der rechten Maustaste auf Sites klicken und danach &#8222;Add Web Site&#8230;&#8220; w\u00e4hlen.<\/p>\n<p><a href=\"https:\/\/gs-cms.com\/wp-content\/uploads\/IIS.png\" data-rel=\"lightbox-gallery-qgRBy71d\" data-rl_title=\"\" data-rl_caption=\"\" title=\"\"><img loading=\"lazy\" decoding=\"async\" data-attachment-id=\"1501\" data-permalink=\"https:\/\/gs-cms.com\/?attachment_id=1501\" data-orig-file=\"https:\/\/gs-cms.com\/wp-content\/uploads\/IIS.png\" data-orig-size=\"412,252\" data-comments-opened=\"1\" data-image-meta=\"{&quot;aperture&quot;:&quot;0&quot;,&quot;credit&quot;:&quot;&quot;,&quot;camera&quot;:&quot;&quot;,&quot;caption&quot;:&quot;&quot;,&quot;created_timestamp&quot;:&quot;0&quot;,&quot;copyright&quot;:&quot;&quot;,&quot;focal_length&quot;:&quot;0&quot;,&quot;iso&quot;:&quot;0&quot;,&quot;shutter_speed&quot;:&quot;0&quot;,&quot;title&quot;:&quot;&quot;,&quot;orientation&quot;:&quot;0&quot;}\" data-image-title=\"IIS\" data-image-description=\"\" data-image-caption=\"\" data-large-file=\"https:\/\/gs-cms.com\/wp-content\/uploads\/IIS.png\" class=\"alignnone size-full wp-image-1501\" src=\"https:\/\/gs-cms.com\/wp-content\/uploads\/IIS.png\" alt=\"IIS\" width=\"412\" height=\"252\" srcset=\"https:\/\/gs-cms.com\/wp-content\/uploads\/IIS.png 412w, https:\/\/gs-cms.com\/wp-content\/uploads\/IIS-300x183.png 300w\" sizes=\"auto, (max-width: 412px) 100vw, 412px\" \/><\/a><\/p>\n<p>In dem Konfiguratonsfenster kann ein Port der Website gew\u00e4hlt werden. Dies ist wichtig, wenn mehrere Websites oder Web Services auf dem gleichen Server installiert werden. Der HTTP-Standardport 80 wird normalerweise schon von der Standardwebseite vom IIS verwendet und sollte nicht genutzt werden.<\/p>\n<p><strong>Bitte beachten Sie, dass Sie eventuell eine Regel in der Windows-Firewall einrichten m\u00fcssen, damit der eingestellte Port und die Webseite von au\u00dferhalb erreichbar ist.<\/strong><\/p>\n<p><a href=\"https:\/\/gs-cms.com\/wp-content\/uploads\/IIS_AddWebsite.png\" data-rel=\"lightbox-gallery-qgRBy71d\" data-rl_title=\"\" data-rl_caption=\"\" title=\"\"><img loading=\"lazy\" decoding=\"async\" data-attachment-id=\"1500\" data-permalink=\"https:\/\/gs-cms.com\/?attachment_id=1500\" data-orig-file=\"https:\/\/gs-cms.com\/wp-content\/uploads\/IIS_AddWebsite.png\" data-orig-size=\"507,518\" data-comments-opened=\"1\" data-image-meta=\"{&quot;aperture&quot;:&quot;0&quot;,&quot;credit&quot;:&quot;&quot;,&quot;camera&quot;:&quot;&quot;,&quot;caption&quot;:&quot;&quot;,&quot;created_timestamp&quot;:&quot;0&quot;,&quot;copyright&quot;:&quot;&quot;,&quot;focal_length&quot;:&quot;0&quot;,&quot;iso&quot;:&quot;0&quot;,&quot;shutter_speed&quot;:&quot;0&quot;,&quot;title&quot;:&quot;&quot;,&quot;orientation&quot;:&quot;0&quot;}\" data-image-title=\"IIS_AddWebsite\" data-image-description=\"\" data-image-caption=\"\" data-large-file=\"https:\/\/gs-cms.com\/wp-content\/uploads\/IIS_AddWebsite.png\" class=\"alignnone wp-image-1500 size-medium\" src=\"https:\/\/gs-cms.com\/wp-content\/uploads\/IIS_AddWebsite-293x300.png\" alt=\"IIS_AddWebsite\" width=\"293\" height=\"300\" srcset=\"https:\/\/gs-cms.com\/wp-content\/uploads\/IIS_AddWebsite-293x300.png 293w, https:\/\/gs-cms.com\/wp-content\/uploads\/IIS_AddWebsite.png 507w\" sizes=\"auto, (max-width: 293px) 100vw, 293px\" \/><\/a><\/p>\n<p>Wichtig ist, dass bei &#8222;Application Pool&#8220; die Einstellung &#8222;ASP.NET v4.0&#8220;, bzw. &#8222;.NET v4.5&#8220; ausgew\u00e4hlt wurde.<\/p>\n<p>W\u00e4hlen Sie bei &#8222;Physical Path&#8220; ein Verzeichnis auf dem Server aus, in\u00a0welches der Webservice installiert werden soll.<\/p>\n<h3>Einstellungen im\u00a0Anwendungspool<\/h3>\n<p>Die aktuelle Version von CMS muss als 32-bit-Anwendung ausgef\u00fchrt werden. Hierzu muss der Anwendungspool (Application Pool) entsprechend konfiguriert werden.<\/p>\n<p><a href=\"https:\/\/gs-cms.com\/wp-content\/uploads\/Anwendungspool.jpg\" data-rel=\"lightbox-gallery-qgRBy71d\" data-rl_title=\"\" data-rl_caption=\"\" title=\"\"><img loading=\"lazy\" decoding=\"async\" data-attachment-id=\"1573\" data-permalink=\"https:\/\/gs-cms.com\/?attachment_id=1573\" data-orig-file=\"https:\/\/gs-cms.com\/wp-content\/uploads\/Anwendungspool.jpg\" data-orig-size=\"879,312\" data-comments-opened=\"0\" data-image-meta=\"{&quot;aperture&quot;:&quot;0&quot;,&quot;credit&quot;:&quot;&quot;,&quot;camera&quot;:&quot;&quot;,&quot;caption&quot;:&quot;&quot;,&quot;created_timestamp&quot;:&quot;0&quot;,&quot;copyright&quot;:&quot;&quot;,&quot;focal_length&quot;:&quot;0&quot;,&quot;iso&quot;:&quot;0&quot;,&quot;shutter_speed&quot;:&quot;0&quot;,&quot;title&quot;:&quot;&quot;,&quot;orientation&quot;:&quot;0&quot;}\" data-image-title=\"Anwendungspool\" data-image-description=\"\" data-image-caption=\"\" data-large-file=\"https:\/\/gs-cms.com\/wp-content\/uploads\/Anwendungspool.jpg\" class=\"alignnone size-medium wp-image-1573\" src=\"https:\/\/gs-cms.com\/wp-content\/uploads\/Anwendungspool-300x106.jpg\" alt=\"Anwendungspool\" width=\"300\" height=\"106\" srcset=\"https:\/\/gs-cms.com\/wp-content\/uploads\/Anwendungspool-300x106.jpg 300w, https:\/\/gs-cms.com\/wp-content\/uploads\/Anwendungspool.jpg 879w\" sizes=\"auto, (max-width: 300px) 100vw, 300px\" \/><\/a><\/p>\n<p>Klicken Sie mit der rechten Maustaste auf den entsprechenden Anwendungspool im IIS Manager und w\u00e4hlen Sie den Eintrag &#8222;Erweiterte Einstellungen&#8220;.<\/p>\n<p><a href=\"https:\/\/gs-cms.com\/wp-content\/uploads\/Anwendungspool_erweitert.jpg\" data-rel=\"lightbox-gallery-qgRBy71d\" data-rl_title=\"\" data-rl_caption=\"\" title=\"\"><img loading=\"lazy\" decoding=\"async\" data-attachment-id=\"1574\" data-permalink=\"https:\/\/gs-cms.com\/?attachment_id=1574\" data-orig-file=\"https:\/\/gs-cms.com\/wp-content\/uploads\/Anwendungspool_erweitert.jpg\" data-orig-size=\"451,394\" data-comments-opened=\"0\" data-image-meta=\"{&quot;aperture&quot;:&quot;0&quot;,&quot;credit&quot;:&quot;&quot;,&quot;camera&quot;:&quot;&quot;,&quot;caption&quot;:&quot;&quot;,&quot;created_timestamp&quot;:&quot;0&quot;,&quot;copyright&quot;:&quot;&quot;,&quot;focal_length&quot;:&quot;0&quot;,&quot;iso&quot;:&quot;0&quot;,&quot;shutter_speed&quot;:&quot;0&quot;,&quot;title&quot;:&quot;&quot;,&quot;orientation&quot;:&quot;0&quot;}\" data-image-title=\"Anwendungspool_erweitert\" data-image-description=\"\" data-image-caption=\"\" data-large-file=\"https:\/\/gs-cms.com\/wp-content\/uploads\/Anwendungspool_erweitert.jpg\" class=\"alignnone size-medium wp-image-1574\" src=\"https:\/\/gs-cms.com\/wp-content\/uploads\/Anwendungspool_erweitert-300x262.jpg\" alt=\"Anwendungspool_erweitert\" width=\"300\" height=\"262\" srcset=\"https:\/\/gs-cms.com\/wp-content\/uploads\/Anwendungspool_erweitert-300x262.jpg 300w, https:\/\/gs-cms.com\/wp-content\/uploads\/Anwendungspool_erweitert.jpg 451w\" sizes=\"auto, (max-width: 300px) 100vw, 300px\" \/><\/a><\/p>\n<p><strong>Stellen Sie hier die Einstellung &#8222;32-bit-Anwendungen aktivieren&#8220; auf &#8222;True&#8220;.<\/strong><\/p>\n<h3>Installation des CMS Webservices<\/h3>\n<p>Laden Sie sich von der <a title=\"Downloads\" href=\"https:\/\/gs-cms.com\/?page_id=1509\">Download-Seite<\/a>\u00a0den Webservice\u00a0&#8222;CMS Web API&#8220;\u00a0herunter. Das Installationspaket besteht aus einer ZIP-Datei, welche\u00a0komplett in den\u00a0im IIS-Manager\u00a0eingestellten Ordner auf dem Server entpackt werden muss.<\/p>\n<p>\u00d6ffnen Sie nach dem Entpacken die Datei web.config im Hauptverzeichnis\u00a0mit einem Texteditor und bearbeiten Sie die Eintragungen im Abschnitt appSettings entsprechend dem folgenden Beispiel:<\/p>\n<pre style=\"color: black;\"><span style=\"color: blue;\">&lt;<\/span><span style=\"color: #ff0000;\">appSettings<\/span><span style=\"color: blue;\">&gt;\r\n\u00a0\u00a0\u00a0\u00a0&lt;<span style=\"color: #ff0000;\">add\u00a0<\/span><span style=\"color: #993300;\">key<\/span>=\"FilePath\"\u00a0<span style=\"color: #993300;\">value<\/span>=\"Files\"\u00a0\/&gt;\r\n\u00a0\u00a0\u00a0\u00a0&lt;<span style=\"color: #ff0000;\">add\u00a0<\/span><span style=\"color: #993300;\">key<\/span>=\"ConnectionName\"\u00a0<span style=\"color: #993300;\">value<\/span>=\"Lokal\"\u00a0\/&gt;\r\n\u00a0\u00a0\u00a0\u00a0&lt;<span style=\"color: #ff0000;\">add\u00a0<\/span><span style=\"color: #993300;\">key<\/span>=\"ConnectionServer\"\u00a0<span style=\"color: #993300;\">value<\/span>=\"localhost\"\u00a0\/&gt;\r\n\u00a0\u00a0\u00a0\u00a0&lt;<span style=\"color: #ff0000;\">add\u00a0<\/span><span style=\"color: #993300;\">key<\/span>=\"ConnectionUser\"\u00a0<span style=\"color: #993300;\">value<\/span>=\"dbroot\"\u00a0\/&gt;\r\n\u00a0\u00a0\u00a0\u00a0&lt;<span style=\"color: #ff0000;\">add\u00a0<\/span><span style=\"color: #993300;\">key<\/span>=\"ConnectionPassword\"\u00a0<span style=\"color: #993300;\">value<\/span>=\"xyz\"\u00a0\/&gt;\r\n\u00a0\u00a0\u00a0\u00a0&lt;<span style=\"color: #ff0000;\">add\u00a0<\/span><span style=\"color: #993300;\">key<\/span>=\"ConnectionPort\"\u00a0<span style=\"color: #993300;\">value<\/span>=\"3306\"\u00a0\/&gt;\r\n\u00a0\u00a0\u00a0\u00a0&lt;<span style=\"color: #ff0000;\">add\u00a0<\/span><span style=\"color: #993300;\">key<\/span>=\"ConnectionDatabase\"\u00a0<span style=\"color: #993300;\">value<\/span>=\"cms\"\u00a0\/&gt;\r\n<\/span><span style=\"color: blue;\">&lt;\/<\/span><span style=\"color: #ff0000;\">appSettings<\/span><span style=\"color: blue;\">&gt;<\/span><\/pre>\n<ul>\n<li>FilePath: Geben Sie hier den Namen des Verzeichnisses ein, in welchem die Dateien abgelegt werden sollen.<\/li>\n<\/ul>\n<p><strong>Der Pfad f\u00fcr die Dateiablage muss\u00a0unterhalb des Pfades liegen, in dem der Web Service installiert wurde (z.B.\u00a0C:\\inetpub\\wwwroot) und muss als relativer Pfad angegeben werden.<\/strong><\/p>\n<p>Die folgenden Einstellungen sind zus\u00e4tzlich erforderlich, wenn Sie den WebService f\u00fcr den Datenbankzugriff mit\u00a0der App CMSMobile konfigurieren wollen:<\/p>\n<ul>\n<li>ConnectionName: Name der Verbindung.<\/li>\n<li>ConnectionServer: IP-Adresse oder Servername des Servers auf welchem die Datenbank installiert wurde.<\/li>\n<li>ConnectionUser: Name des Datenbankbenutzers.<\/li>\n<li>ConnectionPassword: Passwort des Datenbankbenutzers (wird nicht im Klartext eingetragen, sondern als verschl\u00fcsselter Text)<\/li>\n<li>ConnectionPort: Port f\u00fcr die Datenbankverbindung.<\/li>\n<li>ConnectionDatabase: Name der Datenbank.<\/li>\n<\/ul>\n<p>Bitte \u00e4ndern Sie nur\u00a0die angegebenen Punkte. Einstellungen an anderen Punkten in der Datei web.config f\u00fchrt dazu, dass der Web Service nicht richtig funktioniert.<\/p>\n<p>Um die Einstellungen korrekt zu setzen k\u00f6nnen Sie das Konfig-Tool CMS.Config.exe verwenden. Hier k\u00f6nnen\u00a0Sie bei den\u00a0Einstellungen des Webservices die Daten in eine web.config-Datei schreiben lassen.<\/p>\n<p>Um die Einstellungen von Hand vorzunehmen k\u00f6nnen Sie die Daten (auch den verschl\u00fcsselten Passworttext)\u00a0aus\u00a0der Datei CMS.Settings.XML \u00fcbernehmen. Diese befindet sich im Programmverzeichnis.<\/p>\n<h3>\u00dcberpr\u00fcfen der Einstellungen<\/h3>\n<p>\u00d6ffnen Sie einen Internetbrowser und geben Sie den Servernamen und Port (getrennt durch Doppelpunkt) des soeben konfigurierten Webservices in die Adressleiste ein.<\/p>\n<p>Wenn der IIS und der Webservice korrekt konfiguriert wurde, so wird die folgende Webseite angezeigt:<\/p>\n<p><a href=\"https:\/\/gs-cms.com\/wp-content\/uploads\/WebServiceFrontPage.jpg\" data-rel=\"lightbox-gallery-qgRBy71d\" data-rl_title=\"\" data-rl_caption=\"\" title=\"\"><img loading=\"lazy\" decoding=\"async\" data-attachment-id=\"1504\" data-permalink=\"https:\/\/gs-cms.com\/?attachment_id=1504\" data-orig-file=\"https:\/\/gs-cms.com\/wp-content\/uploads\/WebServiceFrontPage.jpg\" data-orig-size=\"878,481\" data-comments-opened=\"1\" data-image-meta=\"{&quot;aperture&quot;:&quot;0&quot;,&quot;credit&quot;:&quot;&quot;,&quot;camera&quot;:&quot;&quot;,&quot;caption&quot;:&quot;&quot;,&quot;created_timestamp&quot;:&quot;0&quot;,&quot;copyright&quot;:&quot;&quot;,&quot;focal_length&quot;:&quot;0&quot;,&quot;iso&quot;:&quot;0&quot;,&quot;shutter_speed&quot;:&quot;0&quot;,&quot;title&quot;:&quot;&quot;,&quot;orientation&quot;:&quot;0&quot;}\" data-image-title=\"WebServiceFrontPage\" data-image-description=\"\" data-image-caption=\"\" data-large-file=\"https:\/\/gs-cms.com\/wp-content\/uploads\/WebServiceFrontPage.jpg\" class=\"alignnone size-full wp-image-1504\" src=\"https:\/\/gs-cms.com\/wp-content\/uploads\/WebServiceFrontPage.jpg\" alt=\"WebServiceFrontPage\" width=\"878\" height=\"481\" srcset=\"https:\/\/gs-cms.com\/wp-content\/uploads\/WebServiceFrontPage.jpg 878w, https:\/\/gs-cms.com\/wp-content\/uploads\/WebServiceFrontPage-300x164.jpg 300w\" sizes=\"auto, (max-width: 878px) 100vw, 878px\" \/><\/a><\/p>\n<h3>Konfiguration der Serververbindung in CMS<\/h3>\n<p>Im CMS-Config Tool m\u00fcssen die\u00a0Verbindungsdaten\u00a0unter Dateiserver wie folgt konfiguriert werden:<\/p>\n<p><a href=\"https:\/\/gs-cms.com\/wp-content\/uploads\/FileServerWebService.jpg\" data-rel=\"lightbox-gallery-qgRBy71d\" data-rl_title=\"\" data-rl_caption=\"\" title=\"\"><img loading=\"lazy\" decoding=\"async\" data-attachment-id=\"1482\" data-permalink=\"https:\/\/gs-cms.com\/?attachment_id=1482\" data-orig-file=\"https:\/\/gs-cms.com\/wp-content\/uploads\/FileServerWebService.jpg\" data-orig-size=\"450,300\" data-comments-opened=\"1\" data-image-meta=\"{&quot;aperture&quot;:&quot;0&quot;,&quot;credit&quot;:&quot;&quot;,&quot;camera&quot;:&quot;&quot;,&quot;caption&quot;:&quot;&quot;,&quot;created_timestamp&quot;:&quot;0&quot;,&quot;copyright&quot;:&quot;&quot;,&quot;focal_length&quot;:&quot;0&quot;,&quot;iso&quot;:&quot;0&quot;,&quot;shutter_speed&quot;:&quot;0&quot;,&quot;title&quot;:&quot;&quot;,&quot;orientation&quot;:&quot;0&quot;}\" data-image-title=\"FileServerWebService\" data-image-description=\"\" data-image-caption=\"\" data-large-file=\"https:\/\/gs-cms.com\/wp-content\/uploads\/FileServerWebService.jpg\" class=\"alignnone size-full wp-image-1482\" src=\"https:\/\/gs-cms.com\/wp-content\/uploads\/FileServerWebService.jpg\" alt=\"FileServerWebService\" width=\"450\" height=\"300\" srcset=\"https:\/\/gs-cms.com\/wp-content\/uploads\/FileServerWebService.jpg 450w, https:\/\/gs-cms.com\/wp-content\/uploads\/FileServerWebService-300x200.jpg 300w\" sizes=\"auto, (max-width: 450px) 100vw, 450px\" \/><\/a><\/p>\n<ul>\n<li>Fileserver-Typ muss auf &#8222;CMS\u00a0Web Service&#8220; stehen<\/li>\n<li>Bei Server muss die IP-Adresse oder der Netzwerkname des Servers eingegeben werden, auf welchem der Webservice\u00a0installiert wurde.<\/li>\n<li>Bei Port muss der Port eingestellt werden, \u00fcber den der Webservice\u00a0erreichbar ist (Standard-Port ist 8080).<\/li>\n<li>Bei Benutzer und Password werden die User-Daten eingegeben, die zuvor beim FTP-Server konfiguriert wurden.<\/li>\n<\/ul>\n","protected":false},"excerpt":{"rendered":"<p>Vorteile: Bew\u00e4hrte Web-Technologie Ordner ist vor Benutzerzugriffen gesch\u00fctzt Verteilung der Last auf verschiedene Rechner Download von skalierten Bildern m\u00f6glich (Bildvorschau wesentlich schneller) Authentifizierung des Benutzers \u00fcber die CMS-Datenbank Nachteile: Einrichtung eines IIS-Webservers und Installation des CMS Webservice ist erforderlich Der IIS-Webserver kann nur auf einem Windows-Server installiert werden. Installation des\u00a0Internet Information Services (IIS) Installieren Sie&hellip;<\/p>\n","protected":false},"author":11,"featured_media":0,"parent":1258,"menu_order":0,"comment_status":"closed","ping_status":"closed","template":"helppage.php","meta":{"_bbp_topic_count":0,"_bbp_reply_count":0,"_bbp_total_topic_count":0,"_bbp_total_reply_count":0,"_bbp_voice_count":0,"_bbp_anonymous_reply_count":0,"_bbp_topic_count_hidden":0,"_bbp_reply_count_hidden":0,"_bbp_forum_subforum_count":0,"footnotes":""},"class_list":["post-1491","page","type-page","status-publish","hentry"],"aioseo_notices":[],"jetpack_sharing_enabled":true,"jetpack-related-posts":[{"id":213,"url":"https:\/\/gs-cms.com\/?page_id=213","url_meta":{"origin":1491,"position":0},"title":"Konfiguration","author":"Patrick Schimmel","date":"Freitag, 6. Dezember 2013","format":false,"excerpt":"Starten des Konfigurationstools Vor dem ersten Einsatz von CMS m\u00fcssen die Verbindungsdaten zu den Servern eingegeben werden. Dies geschieht \u00fcber das Tool CMS.Config.exe, welches bei der Installation von CMS in den Programmordner kopiert wurde. Sie erreichen das Tool auch \u00fcber den entsprechenden Eintrag im Windows-Startmen\u00fc. Bitte starten Sie die Datei\u2026","rel":"","context":"In \"Konfiguration\"","block_context":{"text":"Konfiguration","link":"https:\/\/gs-cms.com\/?tag=konfiguration"},"img":{"alt_text":"Config-Tool","src":"https:\/\/i0.wp.com\/gs-cms.com\/wp-content\/uploads\/Config-Tool-300x245.jpg?resize=350%2C200&ssl=1","width":350,"height":200},"classes":[]},{"id":2443,"url":"https:\/\/gs-cms.com\/?page_id=2443","url_meta":{"origin":1491,"position":1},"title":"CMS WebAPI","author":"Patrick Schimmel","date":"Samstag, 21. M\u00e4rz 2015","format":false,"excerpt":"Die CMS WebAPI ist die\u00a0Serverkomponente des Construction Management Systems. Die CMS WebAPI wird auf einem Windows IIS Webserver installiert um die folgenden Funktionen zu verwenden: Dateiablage der Anh\u00e4nge auf dem Webserver (Ohne Einsatz der WebAPI werden die Dateien auf einem FTP-Server oder einem Netzwerkpfad abgelegt). Zugangspunkt f\u00fcr die mobile Datenerfassung\u2026","rel":"","context":"\u00c4hnlicher Beitrag","block_context":{"text":"\u00c4hnlicher Beitrag","link":""},"img":{"alt_text":"","src":"","width":0,"height":0},"classes":[]},{"id":206,"url":"https:\/\/gs-cms.com\/?page_id=206","url_meta":{"origin":1491,"position":2},"title":"Installation","author":"Patrick Schimmel","date":"Freitag, 6. Dezember 2013","format":false,"excerpt":"Die Installation der einzelnen Komponenten erfordert Administratorrechte und grundlegendes Wissen der Netzwerkadministration. Ein Video-Tutorial mit einer Anleitung zur Installation und Einrichtung des Programms finden Sie hier. Mindestanforderungen Zur erfolgreichen Installation und dem Betrieb von CMS m\u00fcssen\u00a0folgende Anforderungen erf\u00fcllt sein: Das Microsoft .NET-Framework 4.0 muss auf allen Client-Rechnern installiert sein. MySQL\u2026","rel":"","context":"In \"Installation\"","block_context":{"text":"Installation","link":"https:\/\/gs-cms.com\/?tag=installation"},"img":{"alt_text":"MySQLConfig1","src":"https:\/\/i0.wp.com\/gs-cms.com\/wp-content\/uploads\/MySQLConfig1-300x227.png?resize=350%2C200&ssl=1","width":350,"height":200},"classes":[]},{"id":1479,"url":"https:\/\/gs-cms.com\/?page_id=1479","url_meta":{"origin":1491,"position":3},"title":"Konfiguration des FTP-Servers","author":"Patrick Schimmel","date":"Samstag, 5. Juli 2014","format":false,"excerpt":"Vorteile: Bew\u00e4hrte Web-Technologie Ordner ist vor Benutzerzugriffen gesch\u00fctzt Verteilung der Last auf verschiedene Rechner Nachteile: Upload\/Download relativ langsam Einrichtung eines FTP-Servers ist erforderlich Installation\u00a0von FileZilla Das dargestellte Beispiel bezieht sich auf die Konfiguration des kostenlosen FTP-Servers FileZilla unter Windows.\u00a0Die Einrichtung anderer FTP-Server erfolgt prinzipiell gleich. FileZilla kann kostenlos unter der\u2026","rel":"","context":"In \"FTP\"","block_context":{"text":"FTP","link":"https:\/\/gs-cms.com\/?tag=ftp"},"img":{"alt_text":"","src":"https:\/\/i0.wp.com\/gs-cms.com\/wp-content\/uploads\/Filezilla_Users.jpg?resize=350%2C200&ssl=1","width":350,"height":200,"srcset":"https:\/\/i0.wp.com\/gs-cms.com\/wp-content\/uploads\/Filezilla_Users.jpg?resize=350%2C200&ssl=1 1x, https:\/\/i0.wp.com\/gs-cms.com\/wp-content\/uploads\/Filezilla_Users.jpg?resize=525%2C300&ssl=1 1.5x"},"classes":[]},{"id":1509,"url":"https:\/\/gs-cms.com\/?page_id=1509","url_meta":{"origin":1491,"position":4},"title":"Downloads","author":"Patrick Schimmel","date":"Samstag, 5. Juli 2014","format":false,"excerpt":"Auf dieser Seite finden Sie die Download-Links der aktuellen Version des Construction Management Systems,\u00a0optionaler Komponenten und weitere Informationen zum herunterladen. Bitte beachten Sie, dass die Setups und Programmdateien nicht digital signiert sind. Je nach Einstellung Ihres Betriebssystems und ihres Browsers kann dies beim Herunterladen oder bei der Installation der Software\u2026","rel":"","context":"\u00c4hnlicher Beitrag","block_context":{"text":"\u00c4hnlicher Beitrag","link":""},"img":{"alt_text":"","src":"https:\/\/i0.wp.com\/gs-cms.com\/wp-content\/uploads\/7_128x128.png?resize=350%2C200&ssl=1","width":350,"height":200},"classes":[]},{"id":1487,"url":"https:\/\/gs-cms.com\/?page_id=1487","url_meta":{"origin":1491,"position":5},"title":"Konfiguration der Verzeichnisablage","author":"Patrick Schimmel","date":"Samstag, 5. Juli 2014","format":false,"excerpt":"Vorteile: Einfache Ablage von Dateien Upload\/Download sehr schnell Keine Installation von Zusatzsoftware erforderlich Nachteile: Keine Einschr\u00e4nkung von Benutzerzugriffen auf die Dateiablage. Alle Clients m\u00fcssen st\u00e4ndig Zugriff auf einen gemeinsamen Netzwerkpfad haben. Konfiguration der Serververbindung in CMS Im CMS-Config Tool m\u00fcssen die\u00a0Verbindungsdaten\u00a0unter Dateiserver wie folgt konfiguriert werden: Der Fileserver-Typ muss auf\u2026","rel":"","context":"In \"Konfiguration\"","block_context":{"text":"Konfiguration","link":"https:\/\/gs-cms.com\/?tag=konfiguration"},"img":{"alt_text":"FileServerDirectory","src":"https:\/\/i0.wp.com\/gs-cms.com\/wp-content\/uploads\/FileServerDirectory.jpg?resize=350%2C200&ssl=1","width":350,"height":200},"classes":[]}],"_links":{"self":[{"href":"https:\/\/gs-cms.com\/index.php?rest_route=\/wp\/v2\/pages\/1491","targetHints":{"allow":["GET"]}}],"collection":[{"href":"https:\/\/gs-cms.com\/index.php?rest_route=\/wp\/v2\/pages"}],"about":[{"href":"https:\/\/gs-cms.com\/index.php?rest_route=\/wp\/v2\/types\/page"}],"author":[{"embeddable":true,"href":"https:\/\/gs-cms.com\/index.php?rest_route=\/wp\/v2\/users\/11"}],"replies":[{"embeddable":true,"href":"https:\/\/gs-cms.com\/index.php?rest_route=%2Fwp%2Fv2%2Fcomments&post=1491"}],"version-history":[{"count":0,"href":"https:\/\/gs-cms.com\/index.php?rest_route=\/wp\/v2\/pages\/1491\/revisions"}],"up":[{"embeddable":true,"href":"https:\/\/gs-cms.com\/index.php?rest_route=\/wp\/v2\/pages\/1258"}],"wp:attachment":[{"href":"https:\/\/gs-cms.com\/index.php?rest_route=%2Fwp%2Fv2%2Fmedia&parent=1491"}],"curies":[{"name":"wp","href":"https:\/\/api.w.org\/{rel}","templated":true}]}}