
{"id":1487,"date":"2014-07-05T19:56:21","date_gmt":"2014-07-05T17:56:21","guid":{"rendered":"http:\/\/gs-cms.com\/?page_id=1487"},"modified":"2016-01-28T00:13:51","modified_gmt":"2016-01-27T23:13:51","slug":"konfiguration-eines-verzeichisses-als-dateiablage","status":"publish","type":"page","link":"https:\/\/gs-cms.com\/?page_id=1487","title":{"rendered":"Konfiguration der Verzeichnisablage"},"content":{"rendered":"<p>Vorteile:<\/p>\n<ul>\n<li>Einfache Ablage von Dateien<\/li>\n<li>Upload\/Download sehr schnell<\/li>\n<li>Keine Installation von Zusatzsoftware erforderlich<\/li>\n<\/ul>\n<p>Nachteile:<\/p>\n<ul>\n<li>Keine Einschr\u00e4nkung von Benutzerzugriffen auf die Dateiablage.<\/li>\n<li>Alle Clients m\u00fcssen st\u00e4ndig Zugriff auf einen gemeinsamen Netzwerkpfad haben.<\/li>\n<\/ul>\n<h3>Konfiguration der Serververbindung in CMS<\/h3>\n<p>Im CMS-Config Tool m\u00fcssen die\u00a0Verbindungsdaten\u00a0unter Dateiserver wie folgt konfiguriert werden:<\/p>\n<p><a href=\"https:\/\/gs-cms.com\/wp-content\/uploads\/FileServerDirectory.jpg\" data-rel=\"lightbox-gallery-AJE6gAb2\" data-rl_title=\"\" data-rl_caption=\"\" title=\"\"><img loading=\"lazy\" decoding=\"async\" data-attachment-id=\"1480\" data-permalink=\"https:\/\/gs-cms.com\/?attachment_id=1480\" data-orig-file=\"https:\/\/gs-cms.com\/wp-content\/uploads\/FileServerDirectory.jpg\" data-orig-size=\"450,300\" data-comments-opened=\"1\" data-image-meta=\"{&quot;aperture&quot;:&quot;0&quot;,&quot;credit&quot;:&quot;&quot;,&quot;camera&quot;:&quot;&quot;,&quot;caption&quot;:&quot;&quot;,&quot;created_timestamp&quot;:&quot;0&quot;,&quot;copyright&quot;:&quot;&quot;,&quot;focal_length&quot;:&quot;0&quot;,&quot;iso&quot;:&quot;0&quot;,&quot;shutter_speed&quot;:&quot;0&quot;,&quot;title&quot;:&quot;&quot;,&quot;orientation&quot;:&quot;0&quot;}\" data-image-title=\"FileServerDirectory\" data-image-description=\"\" data-image-caption=\"\" data-large-file=\"https:\/\/gs-cms.com\/wp-content\/uploads\/FileServerDirectory.jpg\" class=\"alignnone size-full wp-image-1480\" src=\"https:\/\/gs-cms.com\/wp-content\/uploads\/FileServerDirectory.jpg\" alt=\"FileServerDirectory\" width=\"450\" height=\"300\" srcset=\"https:\/\/gs-cms.com\/wp-content\/uploads\/FileServerDirectory.jpg 450w, https:\/\/gs-cms.com\/wp-content\/uploads\/FileServerDirectory-300x200.jpg 300w\" sizes=\"auto, (max-width: 450px) 100vw, 450px\" \/><\/a><\/p>\n<ul>\n<li>Der Fileserver-Typ muss auf &#8222;Verzeichnis&#8220; stehen<\/li>\n<li>Bei Verzeichnis muss das gemeinsame Verzeichnis eingegeben werden. \u00dcber den Schalter mit den drei Punkten kann auch ein Verzeichnis mit\u00a0einem Auswahldialog gew\u00e4hlt werden.<\/li>\n<\/ul>\n","protected":false},"excerpt":{"rendered":"<p>Vorteile: Einfache Ablage von Dateien Upload\/Download sehr schnell Keine Installation von Zusatzsoftware erforderlich Nachteile: Keine Einschr\u00e4nkung von Benutzerzugriffen auf die Dateiablage. Alle Clients m\u00fcssen st\u00e4ndig Zugriff auf einen gemeinsamen Netzwerkpfad haben. Konfiguration der Serververbindung in CMS Im CMS-Config Tool m\u00fcssen die\u00a0Verbindungsdaten\u00a0unter Dateiserver wie folgt konfiguriert werden: Der Fileserver-Typ muss auf &#8222;Verzeichnis&#8220; stehen Bei Verzeichnis muss&hellip;<\/p>\n","protected":false},"author":11,"featured_media":0,"parent":1258,"menu_order":0,"comment_status":"closed","ping_status":"closed","template":"helppage.php","meta":{"_bbp_topic_count":0,"_bbp_reply_count":0,"_bbp_total_topic_count":0,"_bbp_total_reply_count":0,"_bbp_voice_count":0,"_bbp_anonymous_reply_count":0,"_bbp_topic_count_hidden":0,"_bbp_reply_count_hidden":0,"_bbp_forum_subforum_count":0,"jetpack_post_was_ever_published":false,"footnotes":""},"class_list":["post-1487","page","type-page","status-publish","hentry"],"aioseo_notices":[],"jetpack_sharing_enabled":true,"jetpack-related-posts":[{"id":1479,"url":"https:\/\/gs-cms.com\/?page_id=1479","url_meta":{"origin":1487,"position":0},"title":"Konfiguration des FTP-Servers","author":"Patrick Schimmel","date":"Samstag, 5. Juli 2014","format":false,"excerpt":"Vorteile: Bew\u00e4hrte Web-Technologie Ordner ist vor Benutzerzugriffen gesch\u00fctzt Verteilung der Last auf verschiedene Rechner Nachteile: Upload\/Download relativ langsam Einrichtung eines FTP-Servers ist erforderlich Installation\u00a0von FileZilla Das dargestellte Beispiel bezieht sich auf die Konfiguration des kostenlosen FTP-Servers FileZilla unter Windows.\u00a0Die Einrichtung anderer FTP-Server erfolgt prinzipiell gleich. FileZilla kann kostenlos unter der\u2026","rel":"","context":"In \"FTP\"","block_context":{"text":"FTP","link":"https:\/\/gs-cms.com\/?tag=ftp"},"img":{"alt_text":"","src":"https:\/\/i0.wp.com\/gs-cms.com\/wp-content\/uploads\/Filezilla_Users.jpg?resize=350%2C200&ssl=1","width":350,"height":200,"srcset":"https:\/\/i0.wp.com\/gs-cms.com\/wp-content\/uploads\/Filezilla_Users.jpg?resize=350%2C200&ssl=1 1x, https:\/\/i0.wp.com\/gs-cms.com\/wp-content\/uploads\/Filezilla_Users.jpg?resize=525%2C300&ssl=1 1.5x"},"classes":[]},{"id":213,"url":"https:\/\/gs-cms.com\/?page_id=213","url_meta":{"origin":1487,"position":1},"title":"Konfiguration","author":"Patrick Schimmel","date":"Freitag, 6. Dezember 2013","format":false,"excerpt":"Starten des Konfigurationstools Vor dem ersten Einsatz von CMS m\u00fcssen die Verbindungsdaten zu den Servern eingegeben werden. Dies geschieht \u00fcber das Tool CMS.Config.exe, welches bei der Installation von CMS in den Programmordner kopiert wurde. Sie erreichen das Tool auch \u00fcber den entsprechenden Eintrag im Windows-Startmen\u00fc. Bitte starten Sie die Datei\u2026","rel":"","context":"In \"Konfiguration\"","block_context":{"text":"Konfiguration","link":"https:\/\/gs-cms.com\/?tag=konfiguration"},"img":{"alt_text":"Config-Tool","src":"https:\/\/i0.wp.com\/gs-cms.com\/wp-content\/uploads\/Config-Tool-300x245.jpg?resize=350%2C200&ssl=1","width":350,"height":200},"classes":[]},{"id":1491,"url":"https:\/\/gs-cms.com\/?page_id=1491","url_meta":{"origin":1487,"position":2},"title":"Konfiguration des Web Services","author":"Patrick Schimmel","date":"Samstag, 5. Juli 2014","format":false,"excerpt":"Vorteile: Bew\u00e4hrte Web-Technologie Ordner ist vor Benutzerzugriffen gesch\u00fctzt Verteilung der Last auf verschiedene Rechner Download von skalierten Bildern m\u00f6glich (Bildvorschau wesentlich schneller) Authentifizierung des Benutzers \u00fcber die CMS-Datenbank Nachteile: Einrichtung eines IIS-Webservers und Installation des CMS Webservice ist erforderlich Der IIS-Webserver kann nur auf einem Windows-Server installiert werden. Installation des\u00a0Internet\u2026","rel":"","context":"In \"Konfiguration\"","block_context":{"text":"Konfiguration","link":"https:\/\/gs-cms.com\/?tag=konfiguration"},"img":{"alt_text":"","src":"https:\/\/i0.wp.com\/gs-cms.com\/wp-content\/uploads\/IISManager.jpg?resize=350%2C200&ssl=1","width":350,"height":200,"srcset":"https:\/\/i0.wp.com\/gs-cms.com\/wp-content\/uploads\/IISManager.jpg?resize=350%2C200&ssl=1 1x, https:\/\/i0.wp.com\/gs-cms.com\/wp-content\/uploads\/IISManager.jpg?resize=525%2C300&ssl=1 1.5x"},"classes":[]},{"id":891,"url":"https:\/\/gs-cms.com\/?page_id=891","url_meta":{"origin":1487,"position":3},"title":"Bildergalerie erzeugen","author":"Patrick Schimmel","date":"Montag, 13. Januar 2014","format":false,"excerpt":"Mit dieser Funktion wird eine kleine Webseite erzeugt, die auf einen Webserver hochgeladen oder lokal zum Betrachten der Bilder ohne das Programm verwendet werden kann. Hierf\u00fcr muss der Pfad zu einem leeren Verzeichnis angegeben werden. Hier werden dann die Bilddateien und weitere Dateien f\u00fcr die Webseite angelegt. Der Start der\u2026","rel":"","context":"In \"Bilder\"","block_context":{"text":"Bilder","link":"https:\/\/gs-cms.com\/?tag=bilder"},"img":{"alt_text":"PhotoGallery","src":"https:\/\/i0.wp.com\/gs-cms.com\/wp-content\/uploads\/PhotoGallery.png?resize=350%2C200&ssl=1","width":350,"height":200},"classes":[]},{"id":206,"url":"https:\/\/gs-cms.com\/?page_id=206","url_meta":{"origin":1487,"position":4},"title":"Installation","author":"Patrick Schimmel","date":"Freitag, 6. Dezember 2013","format":false,"excerpt":"Die Installation der einzelnen Komponenten erfordert Administratorrechte und grundlegendes Wissen der Netzwerkadministration. Ein Video-Tutorial mit einer Anleitung zur Installation und Einrichtung des Programms finden Sie hier. Mindestanforderungen Zur erfolgreichen Installation und dem Betrieb von CMS m\u00fcssen\u00a0folgende Anforderungen erf\u00fcllt sein: Das Microsoft .NET-Framework 4.0 muss auf allen Client-Rechnern installiert sein. MySQL\u2026","rel":"","context":"In \"Installation\"","block_context":{"text":"Installation","link":"https:\/\/gs-cms.com\/?tag=installation"},"img":{"alt_text":"MySQLConfig1","src":"https:\/\/i0.wp.com\/gs-cms.com\/wp-content\/uploads\/MySQLConfig1-300x227.png?resize=350%2C200&ssl=1","width":350,"height":200},"classes":[]},{"id":1258,"url":"https:\/\/gs-cms.com\/?page_id=1258","url_meta":{"origin":1487,"position":5},"title":"Erweiterte Konfiguration","author":"Patrick Schimmel","date":"Mittwoch, 14. Mai 2014","format":false,"excerpt":"Grundlegende Funktionen zum Erstellen der Datenbank und dem Benutzen des Config-Tools wurden bereits hier erl\u00e4utert. In diesem Abschnitt werden die erweiterten Funktionen kurz erkl\u00e4rt. Anlegen einer neuen Datenbankverbindung Mit dem Plus-Symbol wird eine neue Verbindung angelegt. Sie k\u00f6nnen beliebig viele Verbindungen anlegen, jeder Client-Rechner kann somit \u00fcber mehrere Verbindungen verf\u00fcgen.\u2026","rel":"","context":"In \"Admin\"","block_context":{"text":"Admin","link":"https:\/\/gs-cms.com\/?tag=admin"},"img":{"alt_text":"Config-Tool","src":"https:\/\/i0.wp.com\/gs-cms.com\/wp-content\/uploads\/Config-Tool-300x245.jpg?resize=350%2C200&ssl=1","width":350,"height":200},"classes":[]}],"_links":{"self":[{"href":"https:\/\/gs-cms.com\/index.php?rest_route=\/wp\/v2\/pages\/1487","targetHints":{"allow":["GET"]}}],"collection":[{"href":"https:\/\/gs-cms.com\/index.php?rest_route=\/wp\/v2\/pages"}],"about":[{"href":"https:\/\/gs-cms.com\/index.php?rest_route=\/wp\/v2\/types\/page"}],"author":[{"embeddable":true,"href":"https:\/\/gs-cms.com\/index.php?rest_route=\/wp\/v2\/users\/11"}],"replies":[{"embeddable":true,"href":"https:\/\/gs-cms.com\/index.php?rest_route=%2Fwp%2Fv2%2Fcomments&post=1487"}],"version-history":[{"count":0,"href":"https:\/\/gs-cms.com\/index.php?rest_route=\/wp\/v2\/pages\/1487\/revisions"}],"up":[{"embeddable":true,"href":"https:\/\/gs-cms.com\/index.php?rest_route=\/wp\/v2\/pages\/1258"}],"wp:attachment":[{"href":"https:\/\/gs-cms.com\/index.php?rest_route=%2Fwp%2Fv2%2Fmedia&parent=1487"}],"curies":[{"name":"wp","href":"https:\/\/api.w.org\/{rel}","templated":true}]}}