
{"id":1479,"date":"2014-07-05T19:48:06","date_gmt":"2014-07-05T17:48:06","guid":{"rendered":"http:\/\/gs-cms.com\/?page_id=1479"},"modified":"2016-01-28T00:14:02","modified_gmt":"2016-01-27T23:14:02","slug":"konfiguration-des-ftp-servers","status":"publish","type":"page","link":"https:\/\/gs-cms.com\/?page_id=1479","title":{"rendered":"Konfiguration des FTP-Servers"},"content":{"rendered":"<p>Vorteile:<\/p>\n<ul>\n<li>Bew\u00e4hrte Web-Technologie<\/li>\n<li>Ordner ist vor Benutzerzugriffen gesch\u00fctzt<\/li>\n<li>Verteilung der Last auf verschiedene Rechner<\/li>\n<\/ul>\n<p>Nachteile:<\/p>\n<ul>\n<li>Upload\/Download relativ langsam<\/li>\n<li>Einrichtung eines FTP-Servers ist erforderlich<\/li>\n<\/ul>\n<h3>Installation\u00a0von FileZilla<\/h3>\n<p>Das dargestellte Beispiel bezieht sich auf die Konfiguration des kostenlosen FTP-Servers FileZilla unter Windows.\u00a0Die Einrichtung anderer FTP-Server erfolgt prinzipiell gleich.<\/p>\n<p>FileZilla kann kostenlos unter der folgenden Webadresse heruntergeladen werden:<\/p>\n<p><a title=\"FileZilla\" href=\"https:\/\/filezilla-project.org\/\" target=\"_blank\">https:\/\/filezilla-project.org\/<\/a><\/p>\n<p>Folgen Sie f\u00fcr die Installation des Programms der Anleitung des Herstellers.<\/p>\n<h4>Benutzer und Verzeichnisse einstellen<\/h4>\n<p><a href=\"https:\/\/gs-cms.com\/wp-content\/uploads\/Filezilla.jpg\" data-rel=\"lightbox-gallery-ApR14JqV\" data-rl_title=\"\" data-rl_caption=\"\" title=\"\"><img loading=\"lazy\" decoding=\"async\" data-attachment-id=\"1483\" data-permalink=\"https:\/\/gs-cms.com\/?attachment_id=1483\" data-orig-file=\"https:\/\/gs-cms.com\/wp-content\/uploads\/Filezilla.jpg\" data-orig-size=\"750,488\" data-comments-opened=\"1\" data-image-meta=\"{&quot;aperture&quot;:&quot;0&quot;,&quot;credit&quot;:&quot;&quot;,&quot;camera&quot;:&quot;&quot;,&quot;caption&quot;:&quot;&quot;,&quot;created_timestamp&quot;:&quot;0&quot;,&quot;copyright&quot;:&quot;&quot;,&quot;focal_length&quot;:&quot;0&quot;,&quot;iso&quot;:&quot;0&quot;,&quot;shutter_speed&quot;:&quot;0&quot;,&quot;title&quot;:&quot;&quot;,&quot;orientation&quot;:&quot;0&quot;}\" data-image-title=\"Filezilla\" data-image-description=\"\" data-image-caption=\"\" data-large-file=\"https:\/\/gs-cms.com\/wp-content\/uploads\/Filezilla.jpg\" class=\"alignnone size-full wp-image-1483\" src=\"https:\/\/gs-cms.com\/wp-content\/uploads\/Filezilla.jpg\" alt=\"Filezilla\" width=\"750\" height=\"488\" srcset=\"https:\/\/gs-cms.com\/wp-content\/uploads\/Filezilla.jpg 750w, https:\/\/gs-cms.com\/wp-content\/uploads\/Filezilla-300x195.jpg 300w\" sizes=\"auto, (max-width: 750px) 100vw, 750px\" \/><\/a><\/p>\n<p>\u00dcber das Hauptfenster von FileZilla k\u00f6nnen die Benutzer bearbeitet werden, die Zugriff auf den FTP-Server haben. F\u00fcr die Verwendung mit CMS muss nur ein neuer Benutzer angelegt werden. verwenden Sie hierzu den Men\u00fcpunkt &#8222;Edit&#8220; &gt; &#8222;Users&#8220;.<\/p>\n<p><a href=\"https:\/\/gs-cms.com\/wp-content\/uploads\/Filezilla_Users.jpg\" data-rel=\"lightbox-gallery-ApR14JqV\" data-rl_title=\"\" data-rl_caption=\"\" title=\"\"><img loading=\"lazy\" decoding=\"async\" data-attachment-id=\"1485\" data-permalink=\"https:\/\/gs-cms.com\/?attachment_id=1485\" data-orig-file=\"https:\/\/gs-cms.com\/wp-content\/uploads\/Filezilla_Users.jpg\" data-orig-size=\"651,435\" data-comments-opened=\"1\" data-image-meta=\"{&quot;aperture&quot;:&quot;0&quot;,&quot;credit&quot;:&quot;&quot;,&quot;camera&quot;:&quot;&quot;,&quot;caption&quot;:&quot;&quot;,&quot;created_timestamp&quot;:&quot;0&quot;,&quot;copyright&quot;:&quot;&quot;,&quot;focal_length&quot;:&quot;0&quot;,&quot;iso&quot;:&quot;0&quot;,&quot;shutter_speed&quot;:&quot;0&quot;,&quot;title&quot;:&quot;&quot;,&quot;orientation&quot;:&quot;0&quot;}\" data-image-title=\"Filezilla_Users\" data-image-description=\"\" data-image-caption=\"\" data-large-file=\"https:\/\/gs-cms.com\/wp-content\/uploads\/Filezilla_Users.jpg\" class=\"alignnone size-full wp-image-1485\" src=\"https:\/\/gs-cms.com\/wp-content\/uploads\/Filezilla_Users.jpg\" alt=\"Filezilla_Users\" width=\"651\" height=\"435\" srcset=\"https:\/\/gs-cms.com\/wp-content\/uploads\/Filezilla_Users.jpg 651w, https:\/\/gs-cms.com\/wp-content\/uploads\/Filezilla_Users-300x200.jpg 300w\" sizes=\"auto, (max-width: 651px) 100vw, 651px\" \/><\/a><\/p>\n<p>Legen Sie im rechten Bereich des Fensters einen neuen User mit &#8222;Add&#8220; an und setzen Sie bei den Account Settings ein H\u00e4kchen bei &#8222;Enable account&#8220; und bei &#8222;Password&#8220;. Geben Sie danach in das Textfeld ein Passwort ein, mit dem sich der Benutzer sp\u00e4ter am FTP-Server authentifiziert.<\/p>\n<p>W\u00e4hlen Sie in der Baumstruktur auf der linken Seite den Eintrag &#8222;Shared folders&#8220;.<\/p>\n<p><a href=\"https:\/\/gs-cms.com\/wp-content\/uploads\/Filezilla_Folder.jpg\" data-rel=\"lightbox-gallery-ApR14JqV\" data-rl_title=\"\" data-rl_caption=\"\" title=\"\"><img loading=\"lazy\" decoding=\"async\" data-attachment-id=\"1484\" data-permalink=\"https:\/\/gs-cms.com\/?attachment_id=1484\" data-orig-file=\"https:\/\/gs-cms.com\/wp-content\/uploads\/Filezilla_Folder.jpg\" data-orig-size=\"651,435\" data-comments-opened=\"1\" data-image-meta=\"{&quot;aperture&quot;:&quot;0&quot;,&quot;credit&quot;:&quot;&quot;,&quot;camera&quot;:&quot;&quot;,&quot;caption&quot;:&quot;&quot;,&quot;created_timestamp&quot;:&quot;0&quot;,&quot;copyright&quot;:&quot;&quot;,&quot;focal_length&quot;:&quot;0&quot;,&quot;iso&quot;:&quot;0&quot;,&quot;shutter_speed&quot;:&quot;0&quot;,&quot;title&quot;:&quot;&quot;,&quot;orientation&quot;:&quot;0&quot;}\" data-image-title=\"Filezilla_Folder\" data-image-description=\"\" data-image-caption=\"\" data-large-file=\"https:\/\/gs-cms.com\/wp-content\/uploads\/Filezilla_Folder.jpg\" class=\"alignnone size-full wp-image-1484\" src=\"https:\/\/gs-cms.com\/wp-content\/uploads\/Filezilla_Folder.jpg\" alt=\"Filezilla_Folder\" width=\"651\" height=\"435\" srcset=\"https:\/\/gs-cms.com\/wp-content\/uploads\/Filezilla_Folder.jpg 651w, https:\/\/gs-cms.com\/wp-content\/uploads\/Filezilla_Folder-300x200.jpg 300w\" sizes=\"auto, (max-width: 651px) 100vw, 651px\" \/><\/a><\/p>\n<p>Im mittleren Bereich muss danach ein Verzeichnis mit &#8222;Add&#8220; hinzugef\u00fcgt werden, in welches CMS alle Dateien ablegen soll.<\/p>\n<p>Wurde das Verzeichnis hinzugef\u00fcgt, so m\u00fcssen noch die Verzeichnisrechte des Users eingestellt werden. Setzen\u00a0Sie hierzu bei &#8222;Files&#8220; und bei &#8222;Directories&#8220; bei allen Eintr\u00e4gen ein H\u00e4kchen.<\/p>\n<h3>Konfiguration der Serververbindung in CMS<\/h3>\n<p>Im CMS-Config Tool m\u00fcssen die\u00a0Verbindungsdaten\u00a0unter Dateiserver wie folgt konfiguriert werden:<\/p>\n<p><a href=\"https:\/\/gs-cms.com\/wp-content\/uploads\/FileServerFTP.jpg\" data-rel=\"lightbox-gallery-ApR14JqV\" data-rl_title=\"\" data-rl_caption=\"\" title=\"\"><img loading=\"lazy\" decoding=\"async\" data-attachment-id=\"1481\" data-permalink=\"https:\/\/gs-cms.com\/?attachment_id=1481\" data-orig-file=\"https:\/\/gs-cms.com\/wp-content\/uploads\/FileServerFTP.jpg\" data-orig-size=\"450,300\" data-comments-opened=\"1\" data-image-meta=\"{&quot;aperture&quot;:&quot;0&quot;,&quot;credit&quot;:&quot;&quot;,&quot;camera&quot;:&quot;&quot;,&quot;caption&quot;:&quot;&quot;,&quot;created_timestamp&quot;:&quot;0&quot;,&quot;copyright&quot;:&quot;&quot;,&quot;focal_length&quot;:&quot;0&quot;,&quot;iso&quot;:&quot;0&quot;,&quot;shutter_speed&quot;:&quot;0&quot;,&quot;title&quot;:&quot;&quot;,&quot;orientation&quot;:&quot;0&quot;}\" data-image-title=\"FileServerFTP\" data-image-description=\"\" data-image-caption=\"\" data-large-file=\"https:\/\/gs-cms.com\/wp-content\/uploads\/FileServerFTP.jpg\" class=\"alignnone size-full wp-image-1481\" src=\"https:\/\/gs-cms.com\/wp-content\/uploads\/FileServerFTP.jpg\" alt=\"FileServerFTP\" width=\"450\" height=\"300\" srcset=\"https:\/\/gs-cms.com\/wp-content\/uploads\/FileServerFTP.jpg 450w, https:\/\/gs-cms.com\/wp-content\/uploads\/FileServerFTP-300x200.jpg 300w\" sizes=\"auto, (max-width: 450px) 100vw, 450px\" \/><\/a><\/p>\n<ul>\n<li>Fileserver-Typ muss auf &#8222;FTP Server&#8220; stehen<\/li>\n<li>Bei Server muss die IP-Adresse oder der Netzwerkname des Servers eingegeben werden, auf welchem der FTP-Server\u00a0installiert wurde.<\/li>\n<li>Bei Port muss der Port eingestellt werden, \u00fcber den der FTP-Server erreichbar ist (Standard-Port ist 21).<\/li>\n<li>Bei Benutzer und Password werden die User-Daten eingegeben, die zuvor beim FTP-Server konfiguriert wurden.<\/li>\n<\/ul>\n","protected":false},"excerpt":{"rendered":"<p>Vorteile: Bew\u00e4hrte Web-Technologie Ordner ist vor Benutzerzugriffen gesch\u00fctzt Verteilung der Last auf verschiedene Rechner Nachteile: Upload\/Download relativ langsam Einrichtung eines FTP-Servers ist erforderlich Installation\u00a0von FileZilla Das dargestellte Beispiel bezieht sich auf die Konfiguration des kostenlosen FTP-Servers FileZilla unter Windows.\u00a0Die Einrichtung anderer FTP-Server erfolgt prinzipiell gleich. FileZilla kann kostenlos unter der folgenden Webadresse heruntergeladen werden: https:\/\/filezilla-project.org\/&hellip;<\/p>\n","protected":false},"author":11,"featured_media":0,"parent":1258,"menu_order":0,"comment_status":"closed","ping_status":"closed","template":"helppage.php","meta":{"_bbp_topic_count":0,"_bbp_reply_count":0,"_bbp_total_topic_count":0,"_bbp_total_reply_count":0,"_bbp_voice_count":0,"_bbp_anonymous_reply_count":0,"_bbp_topic_count_hidden":0,"_bbp_reply_count_hidden":0,"_bbp_forum_subforum_count":0,"footnotes":""},"class_list":["post-1479","page","type-page","status-publish","hentry"],"aioseo_notices":[],"jetpack_sharing_enabled":true,"jetpack-related-posts":[{"id":213,"url":"https:\/\/gs-cms.com\/?page_id=213","url_meta":{"origin":1479,"position":0},"title":"Konfiguration","author":"Patrick Schimmel","date":"Freitag, 6. Dezember 2013","format":false,"excerpt":"Starten des Konfigurationstools Vor dem ersten Einsatz von CMS m\u00fcssen die Verbindungsdaten zu den Servern eingegeben werden. Dies geschieht \u00fcber das Tool CMS.Config.exe, welches bei der Installation von CMS in den Programmordner kopiert wurde. Sie erreichen das Tool auch \u00fcber den entsprechenden Eintrag im Windows-Startmen\u00fc. Bitte starten Sie die Datei\u2026","rel":"","context":"In \"Konfiguration\"","block_context":{"text":"Konfiguration","link":"https:\/\/gs-cms.com\/?tag=konfiguration"},"img":{"alt_text":"Config-Tool","src":"https:\/\/i0.wp.com\/gs-cms.com\/wp-content\/uploads\/Config-Tool-300x245.jpg?resize=350%2C200&ssl=1","width":350,"height":200},"classes":[]},{"id":1491,"url":"https:\/\/gs-cms.com\/?page_id=1491","url_meta":{"origin":1479,"position":1},"title":"Konfiguration des Web Services","author":"Patrick Schimmel","date":"Samstag, 5. Juli 2014","format":false,"excerpt":"Vorteile: Bew\u00e4hrte Web-Technologie Ordner ist vor Benutzerzugriffen gesch\u00fctzt Verteilung der Last auf verschiedene Rechner Download von skalierten Bildern m\u00f6glich (Bildvorschau wesentlich schneller) Authentifizierung des Benutzers \u00fcber die CMS-Datenbank Nachteile: Einrichtung eines IIS-Webservers und Installation des CMS Webservice ist erforderlich Der IIS-Webserver kann nur auf einem Windows-Server installiert werden. Installation des\u00a0Internet\u2026","rel":"","context":"In \"Konfiguration\"","block_context":{"text":"Konfiguration","link":"https:\/\/gs-cms.com\/?tag=konfiguration"},"img":{"alt_text":"","src":"https:\/\/i0.wp.com\/gs-cms.com\/wp-content\/uploads\/IISManager.jpg?resize=350%2C200&ssl=1","width":350,"height":200,"srcset":"https:\/\/i0.wp.com\/gs-cms.com\/wp-content\/uploads\/IISManager.jpg?resize=350%2C200&ssl=1 1x, https:\/\/i0.wp.com\/gs-cms.com\/wp-content\/uploads\/IISManager.jpg?resize=525%2C300&ssl=1 1.5x"},"classes":[]},{"id":1487,"url":"https:\/\/gs-cms.com\/?page_id=1487","url_meta":{"origin":1479,"position":2},"title":"Konfiguration der Verzeichnisablage","author":"Patrick Schimmel","date":"Samstag, 5. Juli 2014","format":false,"excerpt":"Vorteile: Einfache Ablage von Dateien Upload\/Download sehr schnell Keine Installation von Zusatzsoftware erforderlich Nachteile: Keine Einschr\u00e4nkung von Benutzerzugriffen auf die Dateiablage. Alle Clients m\u00fcssen st\u00e4ndig Zugriff auf einen gemeinsamen Netzwerkpfad haben. Konfiguration der Serververbindung in CMS Im CMS-Config Tool m\u00fcssen die\u00a0Verbindungsdaten\u00a0unter Dateiserver wie folgt konfiguriert werden: Der Fileserver-Typ muss auf\u2026","rel":"","context":"In \"Konfiguration\"","block_context":{"text":"Konfiguration","link":"https:\/\/gs-cms.com\/?tag=konfiguration"},"img":{"alt_text":"FileServerDirectory","src":"https:\/\/i0.wp.com\/gs-cms.com\/wp-content\/uploads\/FileServerDirectory.jpg?resize=350%2C200&ssl=1","width":350,"height":200},"classes":[]},{"id":206,"url":"https:\/\/gs-cms.com\/?page_id=206","url_meta":{"origin":1479,"position":3},"title":"Installation","author":"Patrick Schimmel","date":"Freitag, 6. Dezember 2013","format":false,"excerpt":"Die Installation der einzelnen Komponenten erfordert Administratorrechte und grundlegendes Wissen der Netzwerkadministration. Ein Video-Tutorial mit einer Anleitung zur Installation und Einrichtung des Programms finden Sie hier. Mindestanforderungen Zur erfolgreichen Installation und dem Betrieb von CMS m\u00fcssen\u00a0folgende Anforderungen erf\u00fcllt sein: Das Microsoft .NET-Framework 4.0 muss auf allen Client-Rechnern installiert sein. MySQL\u2026","rel":"","context":"In \"Installation\"","block_context":{"text":"Installation","link":"https:\/\/gs-cms.com\/?tag=installation"},"img":{"alt_text":"MySQLConfig1","src":"https:\/\/i0.wp.com\/gs-cms.com\/wp-content\/uploads\/MySQLConfig1-300x227.png?resize=350%2C200&ssl=1","width":350,"height":200},"classes":[]},{"id":2443,"url":"https:\/\/gs-cms.com\/?page_id=2443","url_meta":{"origin":1479,"position":4},"title":"CMS WebAPI","author":"Patrick Schimmel","date":"Samstag, 21. M\u00e4rz 2015","format":false,"excerpt":"Die CMS WebAPI ist die\u00a0Serverkomponente des Construction Management Systems. Die CMS WebAPI wird auf einem Windows IIS Webserver installiert um die folgenden Funktionen zu verwenden: Dateiablage der Anh\u00e4nge auf dem Webserver (Ohne Einsatz der WebAPI werden die Dateien auf einem FTP-Server oder einem Netzwerkpfad abgelegt). Zugangspunkt f\u00fcr die mobile Datenerfassung\u2026","rel":"","context":"\u00c4hnlicher Beitrag","block_context":{"text":"\u00c4hnlicher Beitrag","link":""},"img":{"alt_text":"","src":"","width":0,"height":0},"classes":[]},{"id":208,"url":"https:\/\/gs-cms.com\/?page_id=208","url_meta":{"origin":1479,"position":5},"title":"Erste Schritte","author":"Patrick Schimmel","date":"Freitag, 6. Dezember 2013","format":false,"excerpt":"Dieser Abschnitt hilft Ihnen bei der Installation der Software und beim Einrichten der notwendigen Datenverbindungen. Installation Konfiguration Erster Start Updates","rel":"","context":"In \"CMS\"","block_context":{"text":"CMS","link":"https:\/\/gs-cms.com\/?tag=cms"},"img":{"alt_text":"","src":"","width":0,"height":0},"classes":[]}],"_links":{"self":[{"href":"https:\/\/gs-cms.com\/index.php?rest_route=\/wp\/v2\/pages\/1479","targetHints":{"allow":["GET"]}}],"collection":[{"href":"https:\/\/gs-cms.com\/index.php?rest_route=\/wp\/v2\/pages"}],"about":[{"href":"https:\/\/gs-cms.com\/index.php?rest_route=\/wp\/v2\/types\/page"}],"author":[{"embeddable":true,"href":"https:\/\/gs-cms.com\/index.php?rest_route=\/wp\/v2\/users\/11"}],"replies":[{"embeddable":true,"href":"https:\/\/gs-cms.com\/index.php?rest_route=%2Fwp%2Fv2%2Fcomments&post=1479"}],"version-history":[{"count":0,"href":"https:\/\/gs-cms.com\/index.php?rest_route=\/wp\/v2\/pages\/1479\/revisions"}],"up":[{"embeddable":true,"href":"https:\/\/gs-cms.com\/index.php?rest_route=\/wp\/v2\/pages\/1258"}],"wp:attachment":[{"href":"https:\/\/gs-cms.com\/index.php?rest_route=%2Fwp%2Fv2%2Fmedia&parent=1479"}],"curies":[{"name":"wp","href":"https:\/\/api.w.org\/{rel}","templated":true}]}}