
{"id":1473,"date":"2014-07-05T00:24:42","date_gmt":"2014-07-04T22:24:42","guid":{"rendered":"http:\/\/gs-cms.com\/?page_id=1473"},"modified":"2018-05-16T09:35:00","modified_gmt":"2018-05-16T07:35:00","slug":"faq","status":"publish","type":"page","link":"https:\/\/gs-cms.com\/?page_id=1473","title":{"rendered":"FAQ"},"content":{"rendered":"<p>Dies ist eine Auflistung h\u00e4ufig gestellter Fragen. Sollten Sie weitere Fragen haben k\u00f6nnen Sie sich gerne \u00fcber das Kontaktformular an unseren Support wenden.<\/p>\n<ul class=\"lcp_catlist\" id=\"lcp_instance_0\"><li><a href=\"https:\/\/gs-cms.com\/?p=3743\">Auf eine neue Version aktualisieren<\/a><\/li><li><a href=\"https:\/\/gs-cms.com\/?p=3734\">Nach der Installation schl\u00e4gt die Verbindung zum MySQL-Server fehl<\/a><\/li><li><a href=\"https:\/\/gs-cms.com\/?p=3591\">Beim Abrufen des Wetters im Bautagebuch kommt eine Meldung, dass der Tag oder der Ort nicht gefunden wurde<\/a><\/li><li><a href=\"https:\/\/gs-cms.com\/?p=3389\">Welche MySQL-Versionen werden als Datenbankserver unterst\u00fctzt?<\/a><\/li><li><a href=\"https:\/\/gs-cms.com\/?p=2969\">Kann ich Backups von selbst erstellten Berichten anlegen?<\/a><\/li><li><a href=\"https:\/\/gs-cms.com\/?p=2954\">Wie kann man ein automatisiertes Backup der Daten einrichten?<\/a><\/li><li><a href=\"https:\/\/gs-cms.com\/?p=2390\">Probleme beim Download oder bei der Installation beheben<\/a><\/li><li><a href=\"https:\/\/gs-cms.com\/?p=2355\">Wie kann ich die Software installieren?<\/a><\/li><li><a href=\"https:\/\/gs-cms.com\/?p=1999\">Ich habe die Software erfolgreich installiert. Wie kann ich mich einloggen?<\/a><\/li><li><a href=\"https:\/\/gs-cms.com\/?p=1470\">Wie kann man mehrere Elemente auf einmal ausw\u00e4hlen?<\/a><\/li><\/ul>\n","protected":false},"excerpt":{"rendered":"<p>Dies ist eine Auflistung h\u00e4ufig gestellter Fragen. Sollten Sie weitere Fragen haben k\u00f6nnen Sie sich gerne \u00fcber das Kontaktformular an unseren Support wenden.<\/p>\n","protected":false},"author":11,"featured_media":0,"parent":0,"menu_order":12,"comment_status":"closed","ping_status":"closed","template":"","meta":{"_bbp_topic_count":0,"_bbp_reply_count":0,"_bbp_total_topic_count":0,"_bbp_total_reply_count":0,"_bbp_voice_count":0,"_bbp_anonymous_reply_count":0,"_bbp_topic_count_hidden":0,"_bbp_reply_count_hidden":0,"_bbp_forum_subforum_count":0,"jetpack_post_was_ever_published":false,"footnotes":""},"class_list":["post-1473","page","type-page","status-publish","hentry"],"aioseo_notices":[],"jetpack_sharing_enabled":true,"jetpack-related-posts":[{"id":1753,"url":"https:\/\/gs-cms.com\/","url_meta":{"origin":1473,"position":0},"title":"Willkommen","author":"Patrick Schimmel","date":"Mittwoch, 22. Oktober 2014","format":false,"excerpt":"Willkommen auf der Website der Firma GS Construction Management Services. Sie finden hier Informationen und Neuigkeiten zu unserer Software und den Leistungen und Services unseres Unternehmens. Wir sind spezialisiert auf\u00a0das Projektmanagement im Baubereich.\u00a0Unter anderem bieten wir das Construction Management System\u00a0CMS, eine Software zur einfachen Verwaltung und vertragssicheren Dokumentation von Bauprojekten.\u00a0\u2026","rel":"","context":"\u00c4hnlicher Beitrag","block_context":{"text":"\u00c4hnlicher Beitrag","link":""},"img":{"alt_text":"","src":"https:\/\/i0.wp.com\/gs-cms.com\/wp-content\/uploads\/Splash-1.png?resize=350%2C200&ssl=1","width":350,"height":200},"classes":[]},{"id":3165,"url":"https:\/\/gs-cms.com\/?page_id=3165","url_meta":{"origin":1473,"position":1},"title":"Datenschutzerkl\u00e4rung","author":"Patrick Schimmel","date":"Dienstag, 22. Mai 2018","format":false,"excerpt":"Grundlegendes Diese Datenschutzerkl\u00e4rung soll die Nutzer dieser Website \u00fcber die Art, den Umfang und den Zweck der Erhebung und Verwendung personenbezogener Daten durch den Websitebetreiber GS Construction Management Services informieren. Der Websitebetreiber nimmt Ihren Datenschutz sehr ernst und behandelt Ihre personenbezogenen Daten vertraulich und entsprechend der gesetzlichen Vorschriften. Da durch\u2026","rel":"","context":"\u00c4hnlicher Beitrag","block_context":{"text":"\u00c4hnlicher Beitrag","link":""},"img":{"alt_text":"","src":"","width":0,"height":0},"classes":[]},{"id":3238,"url":"https:\/\/gs-cms.com\/?page_id=3238","url_meta":{"origin":1473,"position":2},"title":"Datenschutzbelehrung","author":"Patrick Schimmel","date":"Freitag, 16. November 2018","format":false,"excerpt":"Grundlegendes Diese Datenschutzerkl\u00e4rung soll die Nutzer dieser Website \u00fcber die Art, den Umfang und den Zweck der Erhebung und Verwendung personenbezogener Daten durch den Websitebetreiber GS Construction Management Services informieren. Der Websitebetreiber nimmt Ihren Datenschutz sehr ernst und behandelt Ihre personenbezogenen Daten vertraulich und entsprechend der gesetzlichen Vorschriften. Da durch\u2026","rel":"","context":"\u00c4hnlicher Beitrag","block_context":{"text":"\u00c4hnlicher Beitrag","link":""},"img":{"alt_text":"","src":"","width":0,"height":0},"classes":[]},{"id":3598,"url":"https:\/\/gs-cms.com\/?page_id=3598","url_meta":{"origin":1473,"position":3},"title":"CMS Testzugang","author":"Patrick Schimmel","date":"Montag, 10. Juni 2019","format":false,"excerpt":"Sie k\u00f6nnen eine uneingeschr\u00e4nkte Version von CMS kostenlos testen. Hierf\u00fcr gibt es prinzipiell zwei M\u00f6glichkeiten: 30-Tage Testversion (Lokal) Sie k\u00f6nnen das Construction Management System lokal 30 Tage lang uneingeschr\u00e4nkt testen. Alle eingegebenen Daten werden ausschlie\u00dflich bei Ihnen lokal gespeichert. Laden Sie sich hierzu die aktuelle Version der Software aus unserem\u2026","rel":"","context":"\u00c4hnlicher Beitrag","block_context":{"text":"\u00c4hnlicher Beitrag","link":""},"img":{"alt_text":"","src":"","width":0,"height":0},"classes":[]},{"id":206,"url":"https:\/\/gs-cms.com\/?page_id=206","url_meta":{"origin":1473,"position":4},"title":"Installation","author":"Patrick Schimmel","date":"Freitag, 6. Dezember 2013","format":false,"excerpt":"Die Installation der einzelnen Komponenten erfordert Administratorrechte und grundlegendes Wissen der Netzwerkadministration. Ein Video-Tutorial mit einer Anleitung zur Installation und Einrichtung des Programms finden Sie hier. Mindestanforderungen Zur erfolgreichen Installation und dem Betrieb von CMS m\u00fcssen\u00a0folgende Anforderungen erf\u00fcllt sein: Das Microsoft .NET-Framework 4.0 muss auf allen Client-Rechnern installiert sein. MySQL\u2026","rel":"","context":"In \"Installation\"","block_context":{"text":"Installation","link":"https:\/\/gs-cms.com\/?tag=installation"},"img":{"alt_text":"MySQLConfig1","src":"https:\/\/i0.wp.com\/gs-cms.com\/wp-content\/uploads\/MySQLConfig1-300x227.png?resize=350%2C200&ssl=1","width":350,"height":200},"classes":[]},{"id":2059,"url":"https:\/\/gs-cms.com\/?page_id=2059","url_meta":{"origin":1473,"position":5},"title":"CMSMobile (Android)","author":"Patrick Schimmel","date":"Dienstag, 30. Dezember 2014","format":false,"excerpt":"CMSMobile ist die mobile Datenerfassung f\u00fcr das Construction Management System CMS. Systemvoraussetzungen Um CMSMobile\u00a0zu verwenden ben\u00f6tigen\u00a0Sie ein Ger\u00e4t mit Android Betriebssystem. Die erforderliche Mindestversion von Android ist 4.4.2. Des weiteren m\u00fcssen Sie den\u00a0CMS Web Service (CMS WebAPI) installieren und so konfigurieren, dass der Web\u00a0Service\u00a0Zugriff auf Ihre Datenbank erh\u00e4lt. Details zur\u2026","rel":"","context":"\u00c4hnlicher Beitrag","block_context":{"text":"\u00c4hnlicher Beitrag","link":""},"img":{"alt_text":"CMSMobile Main","src":"https:\/\/i0.wp.com\/gs-cms.com\/wp-content\/uploads\/CMSMobile-Main-182x300.png?resize=350%2C200&ssl=1","width":350,"height":200},"classes":[]}],"_links":{"self":[{"href":"https:\/\/gs-cms.com\/index.php?rest_route=\/wp\/v2\/pages\/1473","targetHints":{"allow":["GET"]}}],"collection":[{"href":"https:\/\/gs-cms.com\/index.php?rest_route=\/wp\/v2\/pages"}],"about":[{"href":"https:\/\/gs-cms.com\/index.php?rest_route=\/wp\/v2\/types\/page"}],"author":[{"embeddable":true,"href":"https:\/\/gs-cms.com\/index.php?rest_route=\/wp\/v2\/users\/11"}],"replies":[{"embeddable":true,"href":"https:\/\/gs-cms.com\/index.php?rest_route=%2Fwp%2Fv2%2Fcomments&post=1473"}],"version-history":[{"count":0,"href":"https:\/\/gs-cms.com\/index.php?rest_route=\/wp\/v2\/pages\/1473\/revisions"}],"wp:attachment":[{"href":"https:\/\/gs-cms.com\/index.php?rest_route=%2Fwp%2Fv2%2Fmedia&parent=1473"}],"curies":[{"name":"wp","href":"https:\/\/api.w.org\/{rel}","templated":true}]}}