
{"id":1404,"date":"2014-06-14T17:16:46","date_gmt":"2014-06-14T15:16:46","guid":{"rendered":"http:\/\/gs-cms.com\/?page_id=1404"},"modified":"2015-10-09T23:33:46","modified_gmt":"2015-10-09T21:33:46","slug":"impressum","status":"publish","type":"page","link":"https:\/\/gs-cms.com\/?page_id=1404","title":{"rendered":"Impressum"},"content":{"rendered":"<p>GS Construction Management Services UG (haftungsbeschr\u00e4nkt)<br \/>\nOberer Ro\u00dfr\u00fcck 52<br \/>\n67661 Kaiserslautern<\/p>\n<h4>Gesch\u00e4ftsf\u00fchrung<\/h4>\n<p>Dipl.-Ing. Uwe Greiner<\/p>\n<h4>Kontakt<\/h4>\n<p>Telefon:\u00a0<span id=\"eeb-948410-888728\"><\/span><script type=\"text\/javascript\">(function() {var ml=\"%2B39160(5)4\",mi=\"012;401786376:017445995\",o=\"\";for(var j=0,l=mi.length;j<l;j++) {o+=ml.charAt(mi.charCodeAt(j)-48);}document.getElementById(\"eeb-948410-888728\").innerHTML = decodeURIComponent(o);}());<\/script><noscript>*protected email*<\/noscript><br \/>\nTelefax: <span id=\"eeb-386769-56393\"><\/span><script type=\"text\/javascript\">(function() {var ml=\"53)20%4B19(6\",mi=\"53769534:;14;2534998003\",o=\"\";for(var j=0,l=mi.length;j<l;j++) {o+=ml.charAt(mi.charCodeAt(j)-48);}document.getElementById(\"eeb-386769-56393\").innerHTML = decodeURIComponent(o);}());<\/script><noscript>*protected email*<\/noscript><br \/>\nE-Mail: <a href=\"mailto:info@gs-cms.com\">info@gs-cms.com<\/a><\/p>\n<h4>Registereintrag<\/h4>\n<p>Sitz der Gesellschaft: Kaiserslautern<br \/>\nRegistergericht: Amtsgericht Kaiserslautern<br \/>\n<span id=\"eeb-795893-192928\"><\/span><script type=\"text\/javascript\">(function() {var ml=\"4inue1270%BAmRstrHg3\",mi=\"=4B1>?4@23<<4@9C;968A=:968C5750\",o=\"\";for(var j=0,l=mi.length;j<l;j++) {o+=ml.charAt(mi.charCodeAt(j)-48);}document.getElementById(\"eeb-795893-192928\").innerHTML = decodeURIComponent(o);}());<\/script><noscript>*protected email*<\/noscript><br \/>\n<span id=\"eeb-985436-950498\"><\/span><script type=\"text\/javascript\">(function() {var ml=\"%7dE-S5IN3D02rt69AU\",mi=\"B5>4728=09A0<;:3<@6@11?66\",o=\"\";for(var j=0,l=mi.length;j<l;j++) {o+=ml.charAt(mi.charCodeAt(j)-48);}document.getElementById(\"eeb-985436-950498\").innerHTML = decodeURIComponent(o);}());<\/script><noscript>*protected email*<\/noscript><br \/>\n<span id=\"eeb-96622-35657\"><\/span><script type=\"text\/javascript\">(function() {var ml=\"AFme69S0u3t125r%n4\",mi=\"6:383>@8223>?90?<7;5?<14=A?<177<7=\",o=\"\";for(var j=0,l=mi.length;j<l;j++) {o+=ml.charAt(mi.charCodeAt(j)-48);}document.getElementById(\"eeb-96622-35657\").innerHTML = decodeURIComponent(o);}());<\/script><noscript>*protected email*<\/noscript><\/p>\n","protected":false},"excerpt":{"rendered":"<p>GS Construction Management Services UG (haftungsbeschr\u00e4nkt) Oberer Ro\u00dfr\u00fcck 52 67661 Kaiserslautern Gesch\u00e4ftsf\u00fchrung Dipl.-Ing. Uwe Greiner Kontakt Telefon:\u00a0 Telefax: E-Mail: info@gs-cms.com Registereintrag Sitz der Gesellschaft: Kaiserslautern Registergericht: Amtsgericht Kaiserslautern<\/p>\n","protected":false},"author":11,"featured_media":0,"parent":0,"menu_order":999,"comment_status":"closed","ping_status":"closed","template":"","meta":{"_bbp_topic_count":0,"_bbp_reply_count":0,"_bbp_total_topic_count":0,"_bbp_total_reply_count":0,"_bbp_voice_count":0,"_bbp_anonymous_reply_count":0,"_bbp_topic_count_hidden":0,"_bbp_reply_count_hidden":0,"_bbp_forum_subforum_count":0,"jetpack_post_was_ever_published":false,"footnotes":""},"class_list":["post-1404","page","type-page","status-publish","hentry"],"aioseo_notices":[],"jetpack_sharing_enabled":true,"jetpack-related-posts":[{"id":3239,"url":"https:\/\/gs-cms.com\/?page_id=3239","url_meta":{"origin":1404,"position":0},"title":"Impressum","author":"Patrick Schimmel","date":"Freitag, 16. November 2018","format":false,"excerpt":"GS Construction Management Services UG (haftungsbeschr\u00e4nkt) Oberer Ro\u00dfr\u00fcck 52 67661 Kaiserslautern Gesch\u00e4ftsf\u00fchrung Dipl.-Ing. Uwe Greiner Kontakt Telefon:\u00a0 Telefax: E-Mail: info@gs-cms.com Registereintrag Sitz der Gesellschaft: Kaiserslautern Registergericht: Amtsgericht Kaiserslautern [gzd_complaints]","rel":"","context":"\u00c4hnlicher Beitrag","block_context":{"text":"\u00c4hnlicher Beitrag","link":""},"img":{"alt_text":"","src":"","width":0,"height":0},"classes":[]},{"id":1304,"url":"https:\/\/gs-cms.com\/?page_id=1304","url_meta":{"origin":1404,"position":1},"title":"Kontakt","author":"Patrick Schimmel","date":"Mittwoch, 21. Mai 2014","format":false,"excerpt":"GS Construction Management Services UG (haftungsbeschr\u00e4nkt) Oberer Ro\u00dfr\u00fcck 52 67661 Kaiserslautern Telefon:\u00a0 Telefax: E-Mail: info@gs-cms.com Bitte verwenden Sie das folgende\u00a0Formular, um\u00a0uns eine Nachricht zu senden:","rel":"","context":"\u00c4hnlicher Beitrag","block_context":{"text":"\u00c4hnlicher Beitrag","link":""},"img":{"alt_text":"","src":"","width":0,"height":0},"classes":[]},{"id":3241,"url":"https:\/\/gs-cms.com\/?page_id=3241","url_meta":{"origin":1404,"position":2},"title":"Widerrufsbelehrung","author":"Patrick Schimmel","date":"Freitag, 16. November 2018","format":false,"excerpt":"Widerrufsrecht Sie haben das Recht, binnen vierzehn Tagen ohne Angabe von Gr\u00fcnden diesen Vertrag zu widerrufen. Die Widerrufsfrist betr\u00e4gt vierzehn Tage ab dem Tag an welchem die Lizenz aktiviert wurde. Um Ihr Widerrufsrecht auszu\u00fcben, m\u00fcssen Sie uns (GS Construction Management Services UG, Oberer Ro\u00dfr\u00fcck 52, 67661 Kaiserslautern, Telefon:\u00a0+49 (6306) 991551,\u00a0E-Mail:\u00a0info@gs-cms.com)\u2026","rel":"","context":"\u00c4hnlicher Beitrag","block_context":{"text":"\u00c4hnlicher Beitrag","link":""},"img":{"alt_text":"","src":"","width":0,"height":0},"classes":[]},{"id":3235,"url":"https:\/\/gs-cms.com\/?page_id=3235","url_meta":{"origin":1404,"position":3},"title":"Warenkorb","author":"Patrick Schimmel","date":"Freitag, 16. November 2018","format":false,"excerpt":"[woocommerce_cart]","rel":"","context":"\u00c4hnlicher Beitrag","block_context":{"text":"\u00c4hnlicher Beitrag","link":""},"img":{"alt_text":"","src":"","width":0,"height":0},"classes":[]},{"id":3236,"url":"https:\/\/gs-cms.com\/?page_id=3236","url_meta":{"origin":1404,"position":4},"title":"Kasse","author":"Patrick Schimmel","date":"Freitag, 16. November 2018","format":false,"excerpt":"[woocommerce_checkout]","rel":"","context":"\u00c4hnlicher Beitrag","block_context":{"text":"\u00c4hnlicher Beitrag","link":""},"img":{"alt_text":"","src":"","width":0,"height":0},"classes":[]},{"id":3242,"url":"https:\/\/gs-cms.com\/?page_id=3242","url_meta":{"origin":1404,"position":5},"title":"Versandarten","author":"Patrick Schimmel","date":"Freitag, 16. November 2018","format":false,"excerpt":"","rel":"","context":"\u00c4hnlicher Beitrag","block_context":{"text":"\u00c4hnlicher Beitrag","link":""},"img":{"alt_text":"","src":"","width":0,"height":0},"classes":[]}],"_links":{"self":[{"href":"https:\/\/gs-cms.com\/index.php?rest_route=\/wp\/v2\/pages\/1404","targetHints":{"allow":["GET"]}}],"collection":[{"href":"https:\/\/gs-cms.com\/index.php?rest_route=\/wp\/v2\/pages"}],"about":[{"href":"https:\/\/gs-cms.com\/index.php?rest_route=\/wp\/v2\/types\/page"}],"author":[{"embeddable":true,"href":"https:\/\/gs-cms.com\/index.php?rest_route=\/wp\/v2\/users\/11"}],"replies":[{"embeddable":true,"href":"https:\/\/gs-cms.com\/index.php?rest_route=%2Fwp%2Fv2%2Fcomments&post=1404"}],"version-history":[{"count":0,"href":"https:\/\/gs-cms.com\/index.php?rest_route=\/wp\/v2\/pages\/1404\/revisions"}],"wp:attachment":[{"href":"https:\/\/gs-cms.com\/index.php?rest_route=%2Fwp%2Fv2%2Fmedia&parent=1404"}],"curies":[{"name":"wp","href":"https:\/\/api.w.org\/{rel}","templated":true}]}}