
{"id":1399,"date":"2014-06-14T17:03:07","date_gmt":"2014-06-14T15:03:07","guid":{"rendered":"http:\/\/gs-cms.com\/?page_id=1399"},"modified":"2015-10-09T23:32:30","modified_gmt":"2015-10-09T21:32:30","slug":"foren","status":"publish","type":"page","link":"https:\/\/gs-cms.com\/?page_id=1399","title":{"rendered":"Foren"},"content":{"rendered":"<p><span style=\"color: #222222;\">\n<div id=\"bbpress-forums\" class=\"bbpress-wrapper\">\n\n\t\n\t<div class=\"bbp-search-form\">\n\t\t<form role=\"search\" method=\"get\" id=\"bbp-search-form\">\n\t\t\t<div>\n\t\t\t\t<label class=\"screen-reader-text hidden\" for=\"bbp_search\">Suchen nach:<\/label>\n\t\t\t\t<input type=\"hidden\" name=\"action\" value=\"bbp-search-request\" \/>\n\t\t\t\t<input type=\"text\" value=\"\" name=\"bbp_search\" id=\"bbp_search\" \/>\n\t\t\t\t<input class=\"button\" type=\"submit\" id=\"bbp_search_submit\" value=\"Suche\" \/>\n\t\t\t<\/div>\n\t\t<\/form>\n\t<\/div>\n\n\n\t<div class=\"bbp-breadcrumb\"><p><a href=\"https:\/\/gs-cms.com\" class=\"bbp-breadcrumb-home\">Willkommen<\/a> <span class=\"bbp-breadcrumb-sep\">&rsaquo;<\/span> <span class=\"bbp-breadcrumb-current\">Foren<\/span><\/p><\/div>\n\t\n\t\n\t\n\t\t\n<ul id=\"forums-list-0\" class=\"bbp-forums\">\n\n\t<li class=\"bbp-header\">\n\n\t\t<ul class=\"forum-titles\">\n\t\t\t<li class=\"bbp-forum-info\">Forum<\/li>\n\t\t\t<li class=\"bbp-forum-topic-count\">Themen<\/li>\n\t\t\t<li class=\"bbp-forum-reply-count\">Beitr\u00e4ge<\/li>\n\t\t\t<li class=\"bbp-forum-freshness\">Last Post<\/li>\n\t\t<\/ul>\n\n\t<\/li><!-- .bbp-header -->\n\n\t<li class=\"bbp-body\">\n\n\t\t\n\t\t\t\n<ul id=\"bbp-forum-42\" class=\"loop-item-0 bbp-forum-status-open bbp-forum-visibility-publish odd  post-42 forum type-forum status-publish hentry\">\n\t<li class=\"bbp-forum-info\">\n\n\t\t\n\t\t\n\t\t<a class=\"bbp-forum-title\" href=\"https:\/\/gs-cms.com\/?forum=cms-forum\">Aktuelle Probleme \/ Bugs<\/a>\n\n\t\t\n\t\t\n\t\t<div class=\"bbp-forum-content\"><\/div>\n\n\t\t\n\t\t\n\t\t\n\t\t\n\t\t\n\t<\/li>\n\n\t<li class=\"bbp-forum-topic-count\">0<\/li>\n\n\t<li class=\"bbp-forum-reply-count\">0<\/li>\n\n\t<li class=\"bbp-forum-freshness\">\n\n\t\t\n\t\tKeine Themen\n\t\t\n\t\t<p class=\"bbp-topic-meta\">\n\n\t\t\t\n\t\t\t<span class=\"bbp-topic-freshness-author\"><\/span>\n\n\t\t\t\n\t\t<\/p>\n\t<\/li>\n<\/ul><!-- #bbp-forum-42 -->\n\n\t\t\n\t\t\t\n<ul id=\"bbp-forum-105\" class=\"loop-item-1 bbp-forum-status-open bbp-forum-visibility-publish even  post-105 forum type-forum status-publish hentry\">\n\t<li class=\"bbp-forum-info\">\n\n\t\t\n\t\t\n\t\t<a class=\"bbp-forum-title\" href=\"https:\/\/gs-cms.com\/?forum=berichte\">Berichte<\/a>\n\n\t\t\n\t\t\n\t\t<div class=\"bbp-forum-content\"><\/div>\n\n\t\t\n\t\t\n\t\t\n\t\t\n\t\t\n\t<\/li>\n\n\t<li class=\"bbp-forum-topic-count\">1<\/li>\n\n\t<li class=\"bbp-forum-reply-count\">1<\/li>\n\n\t<li class=\"bbp-forum-freshness\">\n\n\t\t\n\t\t<a href=\"https:\/\/gs-cms.com\/?topic=neue-berichte\" title=\"Neue Berichte\">vor 11 years, 10 months<\/a>\n\t\t\n\t\t<p class=\"bbp-topic-meta\">\n\n\t\t\t\n\t\t\t<span class=\"bbp-topic-freshness-author\"><a href=\"https:\/\/gs-cms.com\/?bbp_user=11\" title=\"Patrick Schimmel&#039;s Profil anzeigen\" class=\"bbp-author-link\"><span  class=\"bbp-author-avatar\"><img alt='Avatar-Foto' src='https:\/\/gs-cms.com\/wp-content\/uploads\/Patrick-Schimmel_avatar_1410893900-14x14.jpg' srcset='https:\/\/gs-cms.com\/wp-content\/uploads\/Patrick-Schimmel_avatar_1410893900-28x28.jpg 2x' class='avatar avatar-14 photo' height='14' width='14' \/><\/span><span  class=\"bbp-author-name\">Patrick Schimmel<\/span><\/a><\/span>\n\n\t\t\t\n\t\t<\/p>\n\t<\/li>\n<\/ul><!-- #bbp-forum-105 -->\n\n\t\t\n\t\t\t\n<ul id=\"bbp-forum-107\" class=\"loop-item-2 bbp-forum-status-open bbp-forum-visibility-publish odd  post-107 forum type-forum status-publish hentry\">\n\t<li class=\"bbp-forum-info\">\n\n\t\t\n\t\t\n\t\t<a class=\"bbp-forum-title\" href=\"https:\/\/gs-cms.com\/?forum=installation-kompatibilitaet\">Installation \/ Kompatibilit\u00e4t<\/a>\n\n\t\t\n\t\t\n\t\t<div class=\"bbp-forum-content\"><\/div>\n\n\t\t\n\t\t\n\t\t\n\t\t\n\t\t\n\t<\/li>\n\n\t<li class=\"bbp-forum-topic-count\">0<\/li>\n\n\t<li class=\"bbp-forum-reply-count\">0<\/li>\n\n\t<li class=\"bbp-forum-freshness\">\n\n\t\t\n\t\tKeine Themen\n\t\t\n\t\t<p class=\"bbp-topic-meta\">\n\n\t\t\t\n\t\t\t<span class=\"bbp-topic-freshness-author\"><\/span>\n\n\t\t\t\n\t\t<\/p>\n\t<\/li>\n<\/ul><!-- #bbp-forum-107 -->\n\n\t\t\n\t\t\t\n<ul id=\"bbp-forum-103\" class=\"loop-item-3 bbp-forum-status-open bbp-forum-visibility-publish even  post-103 forum type-forum status-publish hentry\">\n\t<li class=\"bbp-forum-info\">\n\n\t\t\n\t\t\n\t\t<a class=\"bbp-forum-title\" href=\"https:\/\/gs-cms.com\/?forum=neue-features-vorschlaege\">Neue Features \/ Vorschl\u00e4ge<\/a>\n\n\t\t\n\t\t\n\t\t<div class=\"bbp-forum-content\"><\/div>\n\n\t\t\n\t\t\n\t\t\n\t\t\n\t\t\n\t<\/li>\n\n\t<li class=\"bbp-forum-topic-count\">0<\/li>\n\n\t<li class=\"bbp-forum-reply-count\">0<\/li>\n\n\t<li class=\"bbp-forum-freshness\">\n\n\t\t\n\t\tKeine Themen\n\t\t\n\t\t<p class=\"bbp-topic-meta\">\n\n\t\t\t\n\t\t\t<span class=\"bbp-topic-freshness-author\"><\/span>\n\n\t\t\t\n\t\t<\/p>\n\t<\/li>\n<\/ul><!-- #bbp-forum-103 -->\n\n\t\t\n\t<\/li><!-- .bbp-body -->\n\n\t<li class=\"bbp-footer\">\n\n\t\t<div class=\"tr\">\n\t\t\t<p class=\"td colspan4\">&nbsp;<\/p>\n\t\t<\/div><!-- .tr -->\n\n\t<\/li><!-- .bbp-footer -->\n\n<\/ul><!-- .forums-directory -->\n\n\n\t\n\t\n<\/div>\n<\/span><\/p>\n","protected":false},"excerpt":{"rendered":"","protected":false},"author":11,"featured_media":0,"parent":0,"menu_order":13,"comment_status":"closed","ping_status":"closed","template":"","meta":{"_bbp_topic_count":0,"_bbp_reply_count":0,"_bbp_total_topic_count":0,"_bbp_total_reply_count":0,"_bbp_voice_count":0,"_bbp_anonymous_reply_count":0,"_bbp_topic_count_hidden":0,"_bbp_reply_count_hidden":0,"_bbp_forum_subforum_count":0,"footnotes":""},"class_list":["post-1399","page","type-page","status-publish","hentry"],"aioseo_notices":[],"jetpack_sharing_enabled":true,"jetpack-related-posts":[{"id":998,"url":"https:\/\/gs-cms.com\/?page_id=998","url_meta":{"origin":1399,"position":0},"title":"Planversionen","author":"Patrick Schimmel","date":"Montag, 20. Januar 2014","format":false,"excerpt":"Planversion hinzuf\u00fcgen Mit dem Button im Detailfenster eines Plans wird eine neue Version des Plans mit einem neuen Index hochgeladen und die vorherigen Versionen auf inaktiv gesetzt. Planversion entfernen Mit dem Button im Detailfenster eines Plans wird die aktuelle Version des Plans gel\u00f6scht. Durch das L\u00f6schen werden auch die angeh\u00e4ngten\u2026","rel":"","context":"In \"Pl\u00e4ne\"","block_context":{"text":"Pl\u00e4ne","link":"https:\/\/gs-cms.com\/?tag=plaene"},"img":{"alt_text":"AddDrawingVersion","src":"https:\/\/i0.wp.com\/gs-cms.com\/wp-content\/uploads\/AddDrawingVersion.png?resize=350%2C200&ssl=1","width":350,"height":200},"classes":[]},{"id":2628,"url":"https:\/\/gs-cms.com\/?page_id=2628","url_meta":{"origin":1399,"position":1},"title":"Softwareentwicklung","author":"Patrick Schimmel","date":"Freitag, 9. Oktober 2015","format":false,"excerpt":"Wir nutzen moderne Methoden und Ans\u00e4tze (z.B. agile Softwareentwicklung), sowie aktuelle Tools der Softwareentwicklung, um die entwickelte Software schnell und kontinuierlich an Markterfordernisse anzupassen. Wir sehen unsere\u00a0Software nicht als einmalig verkauftes Produkt an, sondern als Dienstleistung am Kunden. Neben der Behebung von Fehlern wird unsere\u00a0Software st\u00e4ndig weiterentwickelt und angepasst. Sei\u2026","rel":"","context":"\u00c4hnlicher Beitrag","block_context":{"text":"\u00c4hnlicher Beitrag","link":""},"img":{"alt_text":"dotnet","src":"https:\/\/i0.wp.com\/gs-cms.com\/wp-content\/uploads\/dotnet.png?resize=350%2C200&ssl=1","width":350,"height":200},"classes":[]}],"_links":{"self":[{"href":"https:\/\/gs-cms.com\/index.php?rest_route=\/wp\/v2\/pages\/1399","targetHints":{"allow":["GET"]}}],"collection":[{"href":"https:\/\/gs-cms.com\/index.php?rest_route=\/wp\/v2\/pages"}],"about":[{"href":"https:\/\/gs-cms.com\/index.php?rest_route=\/wp\/v2\/types\/page"}],"author":[{"embeddable":true,"href":"https:\/\/gs-cms.com\/index.php?rest_route=\/wp\/v2\/users\/11"}],"replies":[{"embeddable":true,"href":"https:\/\/gs-cms.com\/index.php?rest_route=%2Fwp%2Fv2%2Fcomments&post=1399"}],"version-history":[{"count":0,"href":"https:\/\/gs-cms.com\/index.php?rest_route=\/wp\/v2\/pages\/1399\/revisions"}],"wp:attachment":[{"href":"https:\/\/gs-cms.com\/index.php?rest_route=%2Fwp%2Fv2%2Fmedia&parent=1399"}],"curies":[{"name":"wp","href":"https:\/\/api.w.org\/{rel}","templated":true}]}}