
{"id":138,"date":"2013-12-03T12:30:16","date_gmt":"2013-12-03T11:30:16","guid":{"rendered":"http:\/\/gs-cms.com\/?page_id=138"},"modified":"2016-01-27T23:28:59","modified_gmt":"2016-01-27T22:28:59","slug":"firmen","status":"publish","type":"page","link":"https:\/\/gs-cms.com\/?page_id=138","title":{"rendered":"Firmen"},"content":{"rendered":"<h3>Firmenkontakt hinzuf\u00fcgen<\/h3>\n<p>Das Anlegen eines neuen Firmenkontakts erfolgt \u00fcber den Plus-Schalter in der Toolbar der Adressverwaltung.<\/p>\n<p><img loading=\"lazy\" decoding=\"async\" class=\"alignnone size-full wp-image-771\" src=\"https:\/\/gs-cms.com\/wp-content\/uploads\/Add.png\" alt=\"Add\" width=\"32\" height=\"32\" \/><\/p>\n<p>Im Anschluss k\u00f6nnen im Detailfenster die Angaben zu dem Firmenkontakt bearbeitet werden.<\/p>\n<p><a href=\"https:\/\/gs-cms.com\/wp-content\/uploads\/Adressverwaltung-Firma-Grunddaten.png\" data-rel=\"lightbox-gallery-hwfJfg01\" data-rl_title=\"\" data-rl_caption=\"\" title=\"\"><img loading=\"lazy\" decoding=\"async\" data-attachment-id=\"605\" data-permalink=\"https:\/\/gs-cms.com\/?attachment_id=605\" data-orig-file=\"https:\/\/gs-cms.com\/wp-content\/uploads\/Adressverwaltung-Firma-Grunddaten.png\" data-orig-size=\"550,500\" data-comments-opened=\"1\" data-image-meta=\"{&quot;aperture&quot;:&quot;0&quot;,&quot;credit&quot;:&quot;&quot;,&quot;camera&quot;:&quot;&quot;,&quot;caption&quot;:&quot;&quot;,&quot;created_timestamp&quot;:&quot;0&quot;,&quot;copyright&quot;:&quot;&quot;,&quot;focal_length&quot;:&quot;0&quot;,&quot;iso&quot;:&quot;0&quot;,&quot;shutter_speed&quot;:&quot;0&quot;,&quot;title&quot;:&quot;&quot;,&quot;orientation&quot;:&quot;0&quot;}\" data-image-title=\"Adressverwaltung Firma Grunddaten\" data-image-description=\"\" data-image-caption=\"\" data-large-file=\"https:\/\/gs-cms.com\/wp-content\/uploads\/Adressverwaltung-Firma-Grunddaten.png\" class=\"alignnone size-medium wp-image-605\" src=\"https:\/\/gs-cms.com\/wp-content\/uploads\/Adressverwaltung-Firma-Grunddaten-300x272.png\" alt=\"Adressverwaltung Firma Grunddaten\" width=\"300\" height=\"272\" srcset=\"https:\/\/gs-cms.com\/wp-content\/uploads\/Adressverwaltung-Firma-Grunddaten-300x272.png 300w, https:\/\/gs-cms.com\/wp-content\/uploads\/Adressverwaltung-Firma-Grunddaten.png 550w\" sizes=\"auto, (max-width: 300px) 100vw, 300px\" \/><\/a><\/p>\n<h3>Firmenkontakt bearbeiten<\/h3>\n<p>Das Detailfenster zum Bearbeiten von Firmenkontakten wird durch einen Doppelklick auf die entsprechende Zeile im Hauptfenster der Adressverwaltung ge\u00f6ffnet. Im ersten Eingabefeld wird der Name der Firma eingegeben, wie er in den Auswahlfenstern im Programm angezeigt werden soll.<\/p>\n<p>Falls bei den Projektdaten eine Bewertung der Firma abgegeben wurde, wird die durchschnittliche Bewertung seitlich neben dem Eingabe f\u00fcr den Namen angezeigt.<\/p>\n<h4><strong>Grunddaten<\/strong><\/h4>\n<p>Im ersten Kartenreiter werden die Grunddaten des Kontakts eingegeben, wie die postalische Adresse, Telefon- und Faxnummern, Web-Adressen und die Firmenkategorie. Die Firmenkategorie kann als Filter im Hauptfenster der Adressverwaltung verwendet werden.<\/p>\n<p><a href=\"https:\/\/gs-cms.com\/wp-content\/uploads\/Adressverwaltung-Firma-Grunddaten.png\" data-rel=\"lightbox-gallery-hwfJfg01\" data-rl_title=\"\" data-rl_caption=\"\" title=\"\"><img loading=\"lazy\" decoding=\"async\" src=\"https:\/\/gs-cms.com\/wp-content\/uploads\/Adressverwaltung-Firma-Grunddaten-300x272.png\" alt=\"Adressverwaltung Firma Grunddaten\" width=\"300\" height=\"272\" \/><\/a><\/p>\n<h4><strong>Details<\/strong><\/h4>\n<p>Auf der zweiten Registerkarte &#8222;Details&#8220; k\u00f6nnen weitere Details zu dem Firmenkontakt eingegeben werden.<\/p>\n<p><a href=\"https:\/\/gs-cms.com\/wp-content\/uploads\/Adressverwaltung-Firma-Details.png\" data-rel=\"lightbox-gallery-hwfJfg01\" data-rl_title=\"\" data-rl_caption=\"\" title=\"\"><img loading=\"lazy\" decoding=\"async\" src=\"https:\/\/gs-cms.com\/wp-content\/uploads\/Adressverwaltung-Firma-Details-300x272.png\" alt=\"Adressverwaltung Firma Details\" width=\"300\" height=\"272\" \/><\/a><\/p>\n<p>Falls eine Firmenbewertung in einem Projekt durchgef\u00fchrt wurde, wird die durchschnittliche Beurteilung neben dem Namen angezeigt.<\/p>\n<p>Gesellschaft: Hier kann ein \u00fcbergeordneter Kontakt in der Firmenhierarchie gew\u00e4hlt werden.<\/p>\n<p>Berufsgenossenschaft: Eingabe der Berufsgenossenschaft, welcher die Firma angeh\u00f6rt<\/p>\n<p>BG-Nummer: Nummer, unter der die Firma bei der Berufsgenossenschaft registriert ist.<\/p>\n<p>Arbgeitsbereiche: Hier k\u00f6nnen ein oder mehrere T\u00e4tigkeitsfelder eingegeben werden. Diese werden bei der Volltextsuche auf der Hauptseite der Adressverwaltung verwendet. So k\u00f6nnen einfach Firmen gefunden werden, die bestimmte Arbeiten ausf\u00fchren.<\/p>\n<p>Bevorzugte Firma: Zeigt an, dass die Firma zum Kreis der bevorzugten Unternehmen geh\u00f6rt. Der Eintrag wird im Hauptfenster der Adressverwaltung gr\u00fcn hinterlegt angezeigt.<\/p>\n<p>Gesperrte Firma: Die Firma ist gesperrt. Der Eintrag wird im Hauptfenster der Adressverwaltung rot hinterlegt angezeigt.<\/p>\n<h4><strong>Mitarbeiter<\/strong><\/h4>\n<p>In der Registerkarte Mitarbeiter werden die Mitarbeiter des Unternehmens und einige Mitarbeiterdaten tabellarisch aufgelistet. Durch einen Doppelklick auf einen Eintrag wird das Detailfenster des Mitarbeiters ge\u00f6ffnet. Hier k\u00f6nnen auch neue Mitarbeiter angelegt und vorhandene Mitarbeiter gel\u00f6scht werden.<\/p>\n<p><a href=\"https:\/\/gs-cms.com\/wp-content\/uploads\/Adressverwaltung-Firma-Mitarbeiter.png\" data-rel=\"lightbox-gallery-hwfJfg01\" data-rl_title=\"\" data-rl_caption=\"\" title=\"\"><img loading=\"lazy\" decoding=\"async\" src=\"https:\/\/gs-cms.com\/wp-content\/uploads\/Adressverwaltung-Firma-Mitarbeiter-300x272.png\" alt=\"Adressverwaltung Firma Mitarbeiter\" width=\"300\" height=\"272\" \/><\/a><\/p>\n<p>Durch das Auswahlfeld &#8222;Auf inaktiv gesetzte Mitarbeiter anzeigen&#8220; werden Mitarbeiter, wie aus dem Unternehmen ausgeschieden sind und darum im Detailfenster der Mitarbeiter als Inaktiv gesetzt wurden ebenfalls angezeigt. Standardm\u00e4\u00dfig ist dieses Auswahlfeld nicht gesetzt.<\/p>\n<h4>Projektzuordnungen bearbeiten<\/h4>\n<p>\u00dcber den Button im Detailfenster des Unternehmens werden die Projektzuordnungen bearbeitet, welche bei projektbezogenen Modulen f\u00fcr die Firmenauswahl verwendet werden. Au\u00dferdem k\u00f6nnen so projektbezogene Personen- und Telefonlisten mit den aktuellen Daten aus der Adressverwaltung erzeugt werden. Die Projektzuordnungen k\u00f6nnen auch direkt bei den Projektoptionen bearbeitet werden.<\/p>\n<p><a href=\"https:\/\/gs-cms.com\/wp-content\/uploads\/Adressverwaltung-Firma-Projektzuordnung.png\" data-rel=\"lightbox-gallery-hwfJfg01\" data-rl_title=\"\" data-rl_caption=\"\" title=\"\"><img loading=\"lazy\" decoding=\"async\" src=\"https:\/\/gs-cms.com\/wp-content\/uploads\/Adressverwaltung-Firma-Projektzuordnung-300x180.png\" alt=\"Adressverwaltung Firma Projektzuordnung\" width=\"300\" height=\"180\" \/><\/a><\/p>\n<p>In dem Fenster der Projektzuordnung kann mit dem Plus-Button eine Zuordnung hinzugef\u00fcgt und mit dem Minus-Button eine vorhandene Zuordnung gel\u00f6scht werden.<\/p>\n<p>Bei jeder Zuordnung kann die Funktion des Unternehmens im Projekt, der Auftragswert und der aktuelle Vertragsstagsstatus und ein Datum angegeben werden. Diese Angaben sind insbesondere bei Projektzuordnungen von Nachunternehmern wichtig.<\/p>\n<h4>Abteilungen<\/h4>\n<p>\u00dcber den Button im Detailfenster des Unternehmens k\u00f6nnen Abteilungen angelegt werden. Diese k\u00f6nnen dazu verwedet werden, um die Personen der Firma den entsprechenden Abteilungen zuzuordnen.<\/p>\n<p><a href=\"https:\/\/gs-cms.com\/wp-content\/uploads\/Adressverwaltung-Firma-Abteilungen.png\" data-rel=\"lightbox-gallery-hwfJfg01\" data-rl_title=\"\" data-rl_caption=\"\" title=\"\"><img loading=\"lazy\" decoding=\"async\" src=\"https:\/\/gs-cms.com\/wp-content\/uploads\/Adressverwaltung-Firma-Abteilungen.png\" alt=\"Adressverwaltung Firma Abteilungen\" width=\"300\" height=\"300\" \/><\/a><\/p>\n<h3>Firmenkontakt entfernen<\/h3>\n<p><img loading=\"lazy\" decoding=\"async\" src=\"https:\/\/gs-cms.com\/wp-content\/uploads\/Delete.png\" alt=\"Delete\" width=\"32\" height=\"32\" \/><\/p>\n<p>Das L\u00f6schen eines Firmenkontakts erfolgt \u00fcber den Minus-Schalter in der Toolbar der Adressverwaltung.<\/p>\n<p>Der Datensatz wird jedoch, um einen ungewollten Datenverlust zu verhindern, nicht sofort gel\u00f6scht, sondern er wird nur zur L\u00f6schung markiert. Danach wird die Adresse in der Adressverwaltung nicht mehr angezeigt.<\/p>\n<p>Das L\u00f6schen des eigentlichen Datensatzes kann nur durch einen Administrator mit entsprechenden Rechten erfolgen.<\/p>\n<h3>Firmenzertifikate<\/h3>\n<p>Nachweise von Firmen k\u00f6nnen mit dem Schalter &#8222;Zertifikate&#8220; in der Toolbar auf der Hauptseite der Adressverwaltung bearbeitet werden.<\/p>\n<p><img loading=\"lazy\" decoding=\"async\" src=\"https:\/\/gs-cms.com\/wp-content\/uploads\/Certificate.png\" alt=\"Certificate\" width=\"32\" height=\"32\" \/><\/p>\n<p>In dem Fenster werden alle erforderlichen Nachweise angezeigt. Mit dem Plus-Schalter k\u00f6nnen weitere Nachweise (Zertifikate) der Liste hinzugef\u00fcgt werden und mit dem Minus-Schalter werden vorhandene Eintr\u00e4ge gel\u00f6scht. Falls ein Zertifikattyp nicht vorhanden ist, kann die Auswahl bei den Optionen bearbeitet werden (Es werden i.a. Admin-Rechte ben\u00f6tigt).<\/p>\n<p><a href=\"https:\/\/gs-cms.com\/wp-content\/uploads\/Adressverwaltung-Firma-Zertifikate.png\" data-rel=\"lightbox-gallery-hwfJfg01\" data-rl_title=\"\" data-rl_caption=\"\" title=\"\"><img loading=\"lazy\" decoding=\"async\" src=\"https:\/\/gs-cms.com\/wp-content\/uploads\/Adressverwaltung-Firma-Zertifikate-300x266.png\" alt=\"Adressverwaltung Firma Zertifikate\" width=\"300\" height=\"266\" \/><\/a><\/p>\n<p>Auf den ersten Blick ist zu sehen, welche der Eintr\u00e4ge g\u00fcltig, ung\u00fcltig oder fehlend sind.<\/p>\n<p>Durch einen Doppelklick auf einen Eintrag kann dieser bearbeitet werden.<\/p>\n<p><a href=\"https:\/\/gs-cms.com\/wp-content\/uploads\/Adressverwaltung-Firma-Zertifikat.png\" data-rel=\"lightbox-gallery-hwfJfg01\" data-rl_title=\"\" data-rl_caption=\"\" title=\"\"><img loading=\"lazy\" decoding=\"async\" src=\"https:\/\/gs-cms.com\/wp-content\/uploads\/Adressverwaltung-Firma-Zertifikat-270x300.png\" alt=\"Adressverwaltung Firma Zertifikat\" width=\"270\" height=\"300\" \/><\/a><\/p>\n<p>Wenn hier das H\u00e4kchen im Auswahlfeld &#8222;Unbegrenzt&#8220; gesetzt ist oder ein gesetztes G\u00fcltigkeitsdatum noch nicht abgelaufen ist, so wird das Zertifikat als &#8222;g\u00fcltig&#8220; angezeigt. Falls das Datum abgelaufen ist, wird das Zertifikat als ung\u00fcltig angezeigt. Falls keine Angaben gemacht wurden, wird das Zertifikat als &#8222;fehlend&#8220; angezeigt.<\/p>\n<p>Bei den Anh\u00e4ngen k\u00f6nnen beliebige Dateien angeh\u00e4ngt werden.<\/p>\n<h3><strong>Weiterf\u00fchrende Themen<\/strong><\/h3>\n<ul>\n<li><a title=\"Mitarbeiter\" href=\"https:\/\/gs-cms.com\/?page_id=157\">Mitarbeiter bearbeiten<\/a><\/li>\n<li><a title=\"Administratives L\u00f6schen\" href=\"https:\/\/gs-cms.com\/?page_id=339\">Administratives L\u00f6schen<\/a><\/li>\n<\/ul>\n","protected":false},"excerpt":{"rendered":"<p>Firmenkontakt hinzuf\u00fcgen Das Anlegen eines neuen Firmenkontakts erfolgt \u00fcber den Plus-Schalter in der Toolbar der Adressverwaltung. Im Anschluss k\u00f6nnen im Detailfenster die Angaben zu dem Firmenkontakt bearbeitet werden. Firmenkontakt bearbeiten Das Detailfenster zum Bearbeiten von Firmenkontakten wird durch einen Doppelklick auf die entsprechende Zeile im Hauptfenster der Adressverwaltung ge\u00f6ffnet. Im ersten Eingabefeld wird der Name&hellip;<\/p>\n","protected":false},"author":11,"featured_media":0,"parent":168,"menu_order":0,"comment_status":"closed","ping_status":"closed","template":"helppage.php","meta":{"_bbp_topic_count":0,"_bbp_reply_count":0,"_bbp_total_topic_count":0,"_bbp_total_reply_count":0,"_bbp_voice_count":0,"_bbp_anonymous_reply_count":0,"_bbp_topic_count_hidden":0,"_bbp_reply_count_hidden":0,"_bbp_forum_subforum_count":0,"jetpack_post_was_ever_published":false,"footnotes":""},"class_list":["post-138","page","type-page","status-publish","hentry"],"aioseo_notices":[],"jetpack_sharing_enabled":true,"jetpack-related-posts":[{"id":157,"url":"https:\/\/gs-cms.com\/?page_id=157","url_meta":{"origin":138,"position":0},"title":"Mitarbeiter","author":"Patrick Schimmel","date":"Dienstag, 3. Dezember 2013","format":false,"excerpt":"Mitarbeiter bearbeiten Grunddaten Im ersten Kartenreiter werden die Grunddaten der Person eingegeben, wie die Anrede, Telefon- und Faxnummern, Web-Adressen, Geburtsdatum und die Abteilung. Die eingegebenen Daten werden programmweit als Kontaktdaten der Person verwendet, auch in den Berichten. So wird sicher gestellt, dass \u00fcberall immer die aktuellen Daten verwendet werden. Das\u2026","rel":"","context":"In \"Adressen\"","block_context":{"text":"Adressen","link":"https:\/\/gs-cms.com\/?tag=adressen"},"img":{"alt_text":"Adressverwaltung Person Grunddaten","src":"https:\/\/i0.wp.com\/gs-cms.com\/wp-content\/uploads\/Adressverwaltung-Person-Grunddaten-300x250.png?resize=350%2C200&ssl=1","width":350,"height":200},"classes":[]},{"id":555,"url":"https:\/\/gs-cms.com\/?page_id=555","url_meta":{"origin":138,"position":1},"title":"Projekte","author":"Patrick Schimmel","date":"Dienstag, 17. Dezember 2013","format":false,"excerpt":"Projekt hinzuf\u00fcgen Durch einen Mausklick auf das Plus-Symbol in der Toolbar der Projektverwaltung wird ein neues Projekt angelegt. Im Anschluss wird das Detailfenster ge\u00f6ffnet und die Daten des Projekts k\u00f6nnen eingegeben werden. Projekt bearbeiten Das Detailfenster zum Bearbeiten von Projekten wird durch einen Doppelklick auf eine Zeile der Tabelle im\u2026","rel":"","context":"In \"Projekte\"","block_context":{"text":"Projekte","link":"https:\/\/gs-cms.com\/?tag=projekte"},"img":{"alt_text":"Add","src":"https:\/\/i0.wp.com\/gs-cms.com\/wp-content\/uploads\/Add.png?resize=350%2C200&ssl=1","width":350,"height":200},"classes":[]},{"id":278,"url":"https:\/\/gs-cms.com\/?page_id=278","url_meta":{"origin":138,"position":2},"title":"Benutzer","author":"Patrick Schimmel","date":"Dienstag, 10. Dezember 2013","format":false,"excerpt":"Benutzer hinzuf\u00fcgen Ein Benutzer wird mit einem Mausklick auf den Plus-Button in der Toolbar neu angelegt. Daraufhin erscheint das Detail-Fenster des Benutzers. Hier m\u00fcssen alle Daten ausgef\u00fcllt und der Benutzer muss einem Kontakt aus der Adressverwaltung zugeordnet werden. Diese Zuordnung wird programmintern in einigen Modulen verwendet. Ist der Kontakt in\u2026","rel":"","context":"In \"Admin\"","block_context":{"text":"Admin","link":"https:\/\/gs-cms.com\/?tag=admin"},"img":{"alt_text":"Add","src":"https:\/\/i0.wp.com\/gs-cms.com\/wp-content\/uploads\/Add.png?resize=350%2C200&ssl=1","width":350,"height":200},"classes":[]},{"id":358,"url":"https:\/\/gs-cms.com\/?page_id=358","url_meta":{"origin":138,"position":3},"title":"Projektakquisition","author":"Patrick Schimmel","date":"Samstag, 14. Dezember 2013","format":false,"excerpt":"In der Projektakquisition werden die Daten von Gelegenheiten gesammelt und verwaltet, die zu einem Projekt werden k\u00f6nnen. \u00a0 Gelegenheit hinzuf\u00fcgen Durch einen Mausklick auf das Plus-Symbol in der Toolbar der Projektakquisition wird eine neue Gelegenheit angelegt. Danach wird das Detailfenster ge\u00f6ffnet und die Daten der Gelegenheit k\u00f6nnen eingegeben werden. \u00a0\u2026","rel":"","context":"In \"Akquisition\"","block_context":{"text":"Akquisition","link":"https:\/\/gs-cms.com\/?tag=akquisition"},"img":{"alt_text":"","src":"https:\/\/i0.wp.com\/gs-cms.com\/wp-content\/uploads\/Akquisition-Grunddaten.jpg?resize=350%2C200&ssl=1","width":350,"height":200,"srcset":"https:\/\/i0.wp.com\/gs-cms.com\/wp-content\/uploads\/Akquisition-Grunddaten.jpg?resize=350%2C200&ssl=1 1x, https:\/\/i0.wp.com\/gs-cms.com\/wp-content\/uploads\/Akquisition-Grunddaten.jpg?resize=525%2C300&ssl=1 1.5x, https:\/\/i0.wp.com\/gs-cms.com\/wp-content\/uploads\/Akquisition-Grunddaten.jpg?resize=700%2C400&ssl=1 2x"},"classes":[]},{"id":15,"url":"https:\/\/gs-cms.com\/?page_id=15","url_meta":{"origin":138,"position":4},"title":"Adressverwaltung","author":"Patrick Schimmel","date":"Dienstag, 19. November 2013","format":false,"excerpt":"W\u00fcrden Sie gerne Ihre Firmen- und Personenkontakte\u00a0zentral und projektbezogen verwalten, einfach suchen und filtern k\u00f6nnen, sowie immer \u00fcber aktuelle Daten verf\u00fcgen? \u00dcbersicht Zentrale Adressverwaltung Durch die zentrale Verwaltung aller Adressen sind Aktualisierungen unmittelbar in allen Modulen verf\u00fcgbar Zertifikate Erfassen von Firmennachweisen und Mitarbeiterzertifikaten Firmen zusammenf\u00fchren Zusammenf\u00fchren von Firmen bei Mehrfacheingabe\u2026","rel":"","context":"In \"Adressen\"","block_context":{"text":"Adressen","link":"https:\/\/gs-cms.com\/?tag=adressen"},"img":{"alt_text":"Addresses","src":"https:\/\/i0.wp.com\/gs-cms.com\/wp-content\/uploads\/Addresses.png?resize=350%2C200&ssl=1","width":350,"height":200},"classes":[]},{"id":933,"url":"https:\/\/gs-cms.com\/?page_id=933","url_meta":{"origin":138,"position":5},"title":"Planverwaltung","author":"Patrick Schimmel","date":"Dienstag, 14. Januar 2014","format":false,"excerpt":"Plan hinzuf\u00fcgen Durch einen Mausklick auf den Plus-Button in der Toolbar der Planverwaltung wird ein neuer Plan aus einer Datei eingelesen. Plan bearbeiten Das Detailfenster zum Bearbeiten von Pl\u00e4nen wird durch einen Doppelklick auf eine Zeile der Tabelle im Hauptfenster der Planverwaltung ge\u00f6ffnet. Im oberen Bereich des Detailfenster wird die\u2026","rel":"","context":"In \"Pl\u00e4ne\"","block_context":{"text":"Pl\u00e4ne","link":"https:\/\/gs-cms.com\/?tag=plaene"},"img":{"alt_text":"Add","src":"https:\/\/i0.wp.com\/gs-cms.com\/wp-content\/uploads\/Add.png?resize=350%2C200&ssl=1","width":350,"height":200},"classes":[]}],"_links":{"self":[{"href":"https:\/\/gs-cms.com\/index.php?rest_route=\/wp\/v2\/pages\/138","targetHints":{"allow":["GET"]}}],"collection":[{"href":"https:\/\/gs-cms.com\/index.php?rest_route=\/wp\/v2\/pages"}],"about":[{"href":"https:\/\/gs-cms.com\/index.php?rest_route=\/wp\/v2\/types\/page"}],"author":[{"embeddable":true,"href":"https:\/\/gs-cms.com\/index.php?rest_route=\/wp\/v2\/users\/11"}],"replies":[{"embeddable":true,"href":"https:\/\/gs-cms.com\/index.php?rest_route=%2Fwp%2Fv2%2Fcomments&post=138"}],"version-history":[{"count":0,"href":"https:\/\/gs-cms.com\/index.php?rest_route=\/wp\/v2\/pages\/138\/revisions"}],"up":[{"embeddable":true,"href":"https:\/\/gs-cms.com\/index.php?rest_route=\/wp\/v2\/pages\/168"}],"wp:attachment":[{"href":"https:\/\/gs-cms.com\/index.php?rest_route=%2Fwp%2Fv2%2Fmedia&parent=138"}],"curies":[{"name":"wp","href":"https:\/\/api.w.org\/{rel}","templated":true}]}}