
{"id":1354,"date":"2014-06-03T11:21:45","date_gmt":"2014-06-03T09:21:45","guid":{"rendered":"http:\/\/gs-cms.com\/?page_id=1354"},"modified":"2016-01-28T00:13:03","modified_gmt":"2016-01-27T23:13:03","slug":"rechte","status":"publish","type":"page","link":"https:\/\/gs-cms.com\/?page_id=1354","title":{"rendered":"Rechte"},"content":{"rendered":"<p>Im Folgenden werden die verf\u00fcgbaren Rechte der einzelnen Module erl\u00e4utert.<\/p>\n<h3>Allgemeine Module<\/h3>\n<table>\n<tbody>\n<tr>\n<th>Modul<\/th>\n<th>Recht<\/th>\n<th>Beschreibung<\/th>\n<\/tr>\n<tr>\n<td>Akquisition<\/td>\n<td>Akquisitionsdaten bearbeiten<\/td>\n<td>Benutzer hat das Recht die Detaildaten der Akquisition zu bearbeiten.<\/td>\n<\/tr>\n<tr>\n<td>Akquisition<\/td>\n<td>Akquisitionstermine bearbeiten<\/td>\n<td>Bearbeiten der Termindaten der Akquisitionsdatens\u00e4tze.<\/td>\n<\/tr>\n<tr>\n<td>Akquisition<\/td>\n<td>Submissionsergebnisse bearbeiten<\/td>\n<td>Bearbeiten der Submissionsergebnisse von Gelegenheiten.<\/td>\n<\/tr>\n<tr>\n<td>Akquisition<\/td>\n<td>Akquisitionsdaten drucken<\/td>\n<td>Drucken von Berichten der Akquisition.<\/td>\n<\/tr>\n<tr>\n<td>Akquisition<\/td>\n<td>Akquisitionsdaten ansehen<\/td>\n<td>Ansehen der Acquisitionsdaten. Ist dieses Recht gesetzt und das Recht &#8222;Akquisitionsdaten bearbeiten&#8220; nicht, so hat der Benutzer nur Leserechte.<\/td>\n<\/tr>\n<tr>\n<td>Akquisition<\/td>\n<td>Alle Gelegenheiten anzeigen<\/td>\n<td>Benutzer hat Zugriff auf alle Gelegenheiten, unabh\u00e4ngig welcher Region er zugeordnet ist.<\/td>\n<\/tr>\n<tr>\n<td>Adressen<\/td>\n<td>Adressen bearbeiten<\/td>\n<td>Benutzer hat das Recht neue Adressen anzulegen und Adressen zu bearbeiten.<\/td>\n<\/tr>\n<tr>\n<td>Adressen<\/td>\n<td>Firmmennachweise bearbeiten<\/td>\n<td>Benutzer hat das Recht die Firmennachweise (Zertifikate) zu bearbeiten.<\/td>\n<\/tr>\n<tr>\n<td>Adressen<\/td>\n<td>Firmenhierarchie bearbeiten<\/td>\n<td>Benutzer hat das Recht die Firmenhierarchie aufzurufen.<\/td>\n<\/tr>\n<tr>\n<td>Adressen<\/td>\n<td>Abteilungen bearbeiten<\/td>\n<td>Benutzer hat das Recht die Abteilungen einer Firma zu bearbeiten.<\/td>\n<\/tr>\n<tr>\n<td>Adressen<\/td>\n<td>Mitarbeiternachweise bearbeiten<\/td>\n<td>Benutzer hat das Recht die Nachweise (Zertifikate) von Personen zu bearbeiten.<\/td>\n<\/tr>\n<tr>\n<td>Adressen<\/td>\n<td>Mitarbeiterdaten bearbeiten<\/td>\n<td>Benutzer hat das Recht die firmeninternen Mitarbeiterdaten zu bearbeiten.<\/td>\n<\/tr>\n<tr>\n<td>Adressen<\/td>\n<td>Private Mitarbeiterdaten bearbeiten<\/td>\n<td>Benutzer hat das Recht die privaten Mitarbeiterdaten (Zertifikate) zu bearbeiten.<\/td>\n<\/tr>\n<tr>\n<td>Adressen<\/td>\n<td>Zuordnungen von Adressen bearbeiten<\/td>\n<td>Benutzer hat das Recht die Zuordnung von Adressen zu Projekten zu bearbeiten.<\/td>\n<\/tr>\n<tr>\n<td>Adressen<\/td>\n<td>Adressen drucken<\/td>\n<td>Benutzer hat das Recht die Berichte der Adressverwaltung auszudrucken.<\/td>\n<\/tr>\n<tr>\n<td>Adressen<\/td>\n<td>Adressen ansehen<\/td>\n<td>Benutzer hat das Recht die Adressdaten anzusehen. Ist dieses Recht gesetzt und das Recht &#8222;Adressen bearbeiten&#8220; nicht, so hat der Benutzer nur Leserechte.<\/td>\n<\/tr>\n<tr>\n<td>Admin<\/td>\n<td>Administrative Daten bearbeiten<\/td>\n<td>Benutzer hat das Recht die administrativen Daten zu bearbeiten.<\/td>\n<\/tr>\n<tr>\n<td>Admin<\/td>\n<td>Administrative Daten ansehen<\/td>\n<td>Benutzer hat das Recht die administrativen Daten zu sehen.<\/td>\n<\/tr>\n<tr>\n<td>Konfiguration<\/td>\n<td>Konfiguration bearbeiten<\/td>\n<td>Benutzer hat das Recht die Datenbankkonfiguration aufzurufen. Um \u00c4nderungen vornehmen zu k\u00f6nnen, muss der Anwender ebenfalls \u00fcber Admin-Rechte verf\u00fcgen.<\/td>\n<\/tr>\n<tr>\n<td>Intranet<\/td>\n<td>Intranet anzeigen<\/td>\n<td>Die Intranetseite wird angezeigt (beim Start automatisch und als Schalter im Hauptmen\u00fc).<\/td>\n<\/tr>\n<tr>\n<td>Links<\/td>\n<td>Links bearbeiten<\/td>\n<td>Benutzer hat das Recht die Links zu bearbeiten.<\/td>\n<\/tr>\n<tr>\n<td>Links<\/td>\n<td>Links drucken<\/td>\n<td>Benutzer hat das Recht die Berichte der Linkbibliothek aufzurufen.<\/td>\n<\/tr>\n<tr>\n<td>Links<\/td>\n<td>Links ansehen<\/td>\n<td>Benutzer hat das Recht die Links zu \u00f6ffnen. Ist dieses Recht gesetzt und das Recht &#8222;Links bearbeiten&#8220; nicht, so hat der Benutzer nur Leserechte.<\/td>\n<\/tr>\n<tr>\n<td>Optionen<\/td>\n<td>Optionen bearbeiten<\/td>\n<td>Benutzer hat das Recht die Programmoptionen zu bearbeiten.<\/td>\n<\/tr>\n<tr>\n<td>Projekte<\/td>\n<td>Projekte bearbeiten<\/td>\n<td>Benutzer hat das Recht die Projekte zu bearbeiten.<\/td>\n<\/tr>\n<tr>\n<td>Projekte<\/td>\n<td>Alle Projekte bearbeiten<\/td>\n<td>Benutzer hat das Recht alle Projekte zu bearbeiten, unabh\u00e4ngig von der eingestellten Region.<\/td>\n<\/tr>\n<tr>\n<td>Projekte<\/td>\n<td>Zuordnung von Projekten bearbeiten<\/td>\n<td>Benutzer hat das Recht die Projektbeteiligten Firmen und Personen zu bearbeiten.<\/td>\n<\/tr>\n<tr>\n<td>Projekte<\/td>\n<td>Projekte drucken<\/td>\n<td>Benutzer hat das Recht die Berichte der Projektverwaltung auszugeben.<\/td>\n<\/tr>\n<tr>\n<td>Projekte<\/td>\n<td>Projekte anzeigen<\/td>\n<td>Benutzer hat das Recht die Projekte zu sehen. Ist dieses Recht gesetzt und das Recht &#8222;Projekte bearbeiten&#8220; nicht, so hat der Benutzer nur Leserechte.<\/td>\n<\/tr>\n<tr>\n<td>Projekte<\/td>\n<td>Alle Projekte anzeigen<\/td>\n<td>Benutzer hat das Recht die Projekte aller Regionen zu sehen. Ist dieses Recht nicht gesetzt sieht der Benutzer nur die Projekte der seiner Rolle zugeordneten Region. Hat der Benutzer keine zugeordnete Region sieht er nur die Projekte, die Ihm explizit zugeordnet wurden.<\/td>\n<\/tr>\n<tr>\n<td>Berichte<\/td>\n<td>Berichte bearbeiten<\/td>\n<td>Benutzer hat das Recht die den Berichtseditor aufzurufen, um bestehende Berichte zu bearbeiten und neue Berichte anzulegen. Das Recht gilt f\u00fcr alle Module.<\/td>\n<\/tr>\n<tr>\n<td>Zeit<\/td>\n<td>Zeiterfassung bearbeiten<\/td>\n<td>Benutzer hat das Recht \u00c4nderungen in der Zeiterfassung vorzunehmen.<\/td>\n<\/tr>\n<tr>\n<td>Zeit<\/td>\n<td>Zeiterfassung drucken<\/td>\n<td>Benutzer hat das Recht \u00c4nderungen die Berichte der Zeiterfassung zu drucken.<\/td>\n<\/tr>\n<tr>\n<td>Zeit<\/td>\n<td>Zeiterfassung aller Projekte sehen<\/td>\n<td>Benutzer hat das Recht die Daten der Zeiterfassung \u00fcbergeordnet auszuwerten.<\/td>\n<\/tr>\n<tr>\n<td>Todo-Liste<\/td>\n<td>Todo-Listeneintr\u00e4ge bearbeiten<\/td>\n<td>Benutzer hat das Recht die Eintr\u00e4ge der Todo-liste zu bearbeiten und neue anzulegen.<\/td>\n<\/tr>\n<tr>\n<td>Todo-Liste<\/td>\n<td>Todo-Listeneintr\u00e4ge drucken<\/td>\n<td>Benutzer hat das Recht die Berichte der Todo-liste aufzurufen.<\/td>\n<\/tr>\n<tr>\n<td>Benutzer<\/td>\n<td>Benutzer bearbeiten<\/td>\n<td>Benutzer hat das Recht Benutzer zu bearbeiten und neu anzulegen.<\/td>\n<\/tr>\n<tr>\n<td>Benutzer<\/td>\n<td>Rollen bearbeiten<\/td>\n<td>Benutzer hat das Recht die Rollen zu bearbeiten und Rechte zu vergeben.<\/td>\n<\/tr>\n<tr>\n<td>Benutzer<\/td>\n<td>Benutzer drucken<\/td>\n<td>Benutzer hat das Recht die Berichte der Benutzerverwaltung zu drucken.<\/td>\n<\/tr>\n<tr>\n<td>Benutzer<\/td>\n<td>Benutzer anzeigen<\/td>\n<td>Benutzer hat das Recht die Benutzerdaten zu sehen. Ist dieses Recht gesetzt und das Recht &#8222;Benutzer bearbeiten&#8220; nicht, so hat der Benutzer nur Leserechte.<\/td>\n<\/tr>\n<\/tbody>\n<\/table>\n<h3>Projektbezogene Module<\/h3>\n<table>\n<tbody>\n<tr>\n<th>Modul<\/th>\n<th>Recht<\/th>\n<th>Beschreibung<\/th>\n<\/tr>\n<tr>\n<td>Bautagesberichte<\/td>\n<td>Bautagesberichte als Kunde bearbeiten<\/td>\n<td>Benutzer hat das Recht die Datenfelder des Bauherrn zu bearbeiten. Das Recht &#8222;Bautagesberichte bearbeiten&#8220; sollte f\u00fcr Kunden nicht ausgew\u00e4hlt sein.<\/td>\n<\/tr>\n<tr>\n<td>Bautagesberichte<\/td>\n<td>Bautagesberichte bearbeiten<\/td>\n<td>Benutzer hat das Recht die Bautagesberichte anzulegen und zu bearbeiten.<\/td>\n<\/tr>\n<tr>\n<td>Bautagesberichte<\/td>\n<td>Bautagesberichte drucken<\/td>\n<td>Benutzer hat das Recht die Berichte der Bautagesberichte zu drucken.<\/td>\n<\/tr>\n<tr>\n<td>Bautagesberichte<\/td>\n<td>Bautagesberichte ansehen<\/td>\n<td>Benutzer hat das Recht die Bautagesberichte anzusehen. Sind die Rechte &#8222;Bautagesberichte bearbeiten&#8220; und &#8222;Bautagesberichte als Kunde bearbeiten&#8220; nicht gesetzt, so bestehen nur Leserechte.<\/td>\n<\/tr>\n<tr>\n<td>M\u00e4ngel<\/td>\n<td>M\u00e4ngel als Kunde bearbeiten<\/td>\n<td>Benutzer hat das Recht die Datenfelder des Bauherrn zu bearbeiten. Das Recht &#8222;M\u00e4ngel bearbeiten&#8220; sollte f\u00fcr Kunden nicht ausgew\u00e4hlt sein.<\/td>\n<\/tr>\n<tr>\n<td>M\u00e4ngel<\/td>\n<td>M\u00e4ngel bearbeiten<\/td>\n<td>Benutzer hat das Recht M\u00e4ngel anzulegen und zu bearbeiten.<\/td>\n<\/tr>\n<tr>\n<td>M\u00e4ngel<\/td>\n<td>M\u00e4ngel drucken<\/td>\n<td>Benutzer hat das Recht die Berichte der M\u00e4ngelverwaltung zu drucken.<\/td>\n<\/tr>\n<tr>\n<td>M\u00e4ngel<\/td>\n<td>M\u00e4ngel anzeigen<\/td>\n<td>Benutzer hat das Recht M\u00e4ngel anzusehen. Sind die Rechte &#8222;M\u00e4ngel bearbeiten&#8220; und &#8222;M\u00e4ngel als Kunde bearbeiten&#8220; nicht gesetzt, so bestehen nur Leserechte.<\/td>\n<\/tr>\n<tr>\n<td>Pl\u00e4ne<\/td>\n<td>Pl\u00e4ne archivieren<\/td>\n<td>Benutzer hat das Recht die Pl\u00e4ne zu archivieren. Hierbei werden alle Pl\u00e4ne auf einmal in einen Ordner heruntergeladen.<\/td>\n<\/tr>\n<tr>\n<td>Pl\u00e4ne<\/td>\n<td>Pl\u00e4ne herunterladen<\/td>\n<td>Benutzer hat das Recht die Pl\u00e4ne herunterzuladen.<\/td>\n<\/tr>\n<tr>\n<td>Pl\u00e4ne<\/td>\n<td>Pl\u00e4ne bearbeiten<\/td>\n<td>Benutzer hat das Recht Pl\u00e4ne anzulegen und zu bearbeiten.<\/td>\n<\/tr>\n<tr>\n<td>Pl\u00e4ne<\/td>\n<td>Pl\u00e4ne drucken<\/td>\n<td>Benutzer hat das Recht die Berichte der Planverwaltung zu drucken.<\/td>\n<\/tr>\n<tr>\n<td>Pl\u00e4ne<\/td>\n<td>Pl\u00e4ne verschicken<\/td>\n<td>Benutzer hat das Recht den Planversand zu verwenden.<\/td>\n<\/tr>\n<tr>\n<td>Pl\u00e4ne<\/td>\n<td>Planoptionen bearbeiten<\/td>\n<td>Benutzer hat das Recht die Optionen der Planverwaltung zu bearbeiten.<\/td>\n<\/tr>\n<tr>\n<td>Pl\u00e4ne<\/td>\n<td>Pl\u00e4ne ansehen<\/td>\n<td>Benutzer hat das Recht die Pl\u00e4ne anzusehen. Ist das Recht &#8222;Pl\u00e4ne bearbeiten&#8220; nicht gesetzt, so bestehen nur Leserechte.<\/td>\n<\/tr>\n<tr>\n<td>Besprechungen<\/td>\n<td>Besprechungen bearbeiten<\/td>\n<td>Benutzer hat das Recht Besprechungen zu bearbeiten.<\/td>\n<\/tr>\n<tr>\n<td>Besprechungen<\/td>\n<td>Besprechungspunkte bearbeiten<\/td>\n<td>Benutzer hat das Recht einzelne Besprechungspunkte zu bearbeiten.<\/td>\n<\/tr>\n<tr>\n<td>Besprechungen<\/td>\n<td>Besprechungen drucken<\/td>\n<td>Benutzer hat das Recht die Berichte der Besprechungen zu drucken.<\/td>\n<\/tr>\n<tr>\n<td>Besprechungen<\/td>\n<td>Besprechungen anzeigen<\/td>\n<td>Benutzer hat das Recht Besprechungen anzuzeigen. Ist das Recht &#8222;Besprechungen bearbeiten&#8220; nicht gesetzt, so bestehen nur Leserechte.<\/td>\n<\/tr>\n<tr>\n<td>Bilder<\/td>\n<td>Bilder herunterladen<\/td>\n<td>Benutzer hat das Recht die Bilder herunterzuladen.<\/td>\n<\/tr>\n<tr>\n<td>Bilder<\/td>\n<td>Bilder bearbeiten<\/td>\n<td>Benutzer hat das Recht Bilder anzulegen und zu bearbeiten.<\/td>\n<\/tr>\n<tr>\n<td>Bilder<\/td>\n<td>Bilder drucken<\/td>\n<td>Benutzer hat das Recht die Berichte der Bildverwaltung zu drucken.<\/td>\n<\/tr>\n<tr>\n<td>Bilder<\/td>\n<td>Bilder ansehen<\/td>\n<td>Benutzer hat das Recht die Bilder anzusehen. Ist das Recht &#8222;Bilder bearbeiten&#8220; nicht gesetzt, so bestehen nur Leserechte.<\/td>\n<\/tr>\n<tr>\n<td>Projektdaten<\/td>\n<td>Projektdaten bearbeiten<\/td>\n<td>Benutzer hat das Recht die Projektdaten zu bearbeiten, unabh\u00e4ngig von Rechten in der Rechteverwaltung.<\/td>\n<\/tr>\n<tr>\n<td>Projektoptionen<\/td>\n<td>Projektoptionen bearbeiten<\/td>\n<td>Benutzer hat das Recht die Projektoptionen zu bearbeiten (z.B. Ebenen, Gro\u00dfger\u00e4te, Projektlogos, Serienbriefe).<\/td>\n<\/tr>\n<tr>\n<td>Terminpl\u00e4ne<\/td>\n<td>Terminpl\u00e4ne bearbeiten<\/td>\n<td>Benutzer hat das Recht die Terminpl\u00e4ne des Projekts anzulegen und zu bearbeiten.<\/td>\n<\/tr>\n<\/tbody>\n<\/table>\n","protected":false},"excerpt":{"rendered":"<p>Im Folgenden werden die verf\u00fcgbaren Rechte der einzelnen Module erl\u00e4utert. Allgemeine Module Modul Recht Beschreibung Akquisition Akquisitionsdaten bearbeiten Benutzer hat das Recht die Detaildaten der Akquisition zu bearbeiten. Akquisition Akquisitionstermine bearbeiten Bearbeiten der Termindaten der Akquisitionsdatens\u00e4tze. Akquisition Submissionsergebnisse bearbeiten Bearbeiten der Submissionsergebnisse von Gelegenheiten. Akquisition Akquisitionsdaten drucken Drucken von Berichten der Akquisition. Akquisition Akquisitionsdaten ansehen&hellip;<\/p>\n","protected":false},"author":11,"featured_media":0,"parent":276,"menu_order":2,"comment_status":"closed","ping_status":"closed","template":"helppage.php","meta":{"_bbp_topic_count":0,"_bbp_reply_count":0,"_bbp_total_topic_count":0,"_bbp_total_reply_count":0,"_bbp_voice_count":0,"_bbp_anonymous_reply_count":0,"_bbp_topic_count_hidden":0,"_bbp_reply_count_hidden":0,"_bbp_forum_subforum_count":0,"footnotes":""},"class_list":["post-1354","page","type-page","status-publish","hentry"],"aioseo_notices":[],"jetpack_sharing_enabled":true,"jetpack-related-posts":[{"id":358,"url":"https:\/\/gs-cms.com\/?page_id=358","url_meta":{"origin":1354,"position":0},"title":"Projektakquisition","author":"Patrick Schimmel","date":"Samstag, 14. Dezember 2013","format":false,"excerpt":"In der Projektakquisition werden die Daten von Gelegenheiten gesammelt und verwaltet, die zu einem Projekt werden k\u00f6nnen. \u00a0 Gelegenheit hinzuf\u00fcgen Durch einen Mausklick auf das Plus-Symbol in der Toolbar der Projektakquisition wird eine neue Gelegenheit angelegt. Danach wird das Detailfenster ge\u00f6ffnet und die Daten der Gelegenheit k\u00f6nnen eingegeben werden. \u00a0\u2026","rel":"","context":"In \"Akquisition\"","block_context":{"text":"Akquisition","link":"https:\/\/gs-cms.com\/?tag=akquisition"},"img":{"alt_text":"","src":"https:\/\/i0.wp.com\/gs-cms.com\/wp-content\/uploads\/Akquisition-Grunddaten.jpg?resize=350%2C200&ssl=1","width":350,"height":200,"srcset":"https:\/\/i0.wp.com\/gs-cms.com\/wp-content\/uploads\/Akquisition-Grunddaten.jpg?resize=350%2C200&ssl=1 1x, https:\/\/i0.wp.com\/gs-cms.com\/wp-content\/uploads\/Akquisition-Grunddaten.jpg?resize=525%2C300&ssl=1 1.5x, https:\/\/i0.wp.com\/gs-cms.com\/wp-content\/uploads\/Akquisition-Grunddaten.jpg?resize=700%2C400&ssl=1 2x"},"classes":[]},{"id":278,"url":"https:\/\/gs-cms.com\/?page_id=278","url_meta":{"origin":1354,"position":1},"title":"Benutzer","author":"Patrick Schimmel","date":"Dienstag, 10. Dezember 2013","format":false,"excerpt":"Benutzer hinzuf\u00fcgen Ein Benutzer wird mit einem Mausklick auf den Plus-Button in der Toolbar neu angelegt. Daraufhin erscheint das Detail-Fenster des Benutzers. Hier m\u00fcssen alle Daten ausgef\u00fcllt und der Benutzer muss einem Kontakt aus der Adressverwaltung zugeordnet werden. Diese Zuordnung wird programmintern in einigen Modulen verwendet. Ist der Kontakt in\u2026","rel":"","context":"In \"Admin\"","block_context":{"text":"Admin","link":"https:\/\/gs-cms.com\/?tag=admin"},"img":{"alt_text":"Add","src":"https:\/\/i0.wp.com\/gs-cms.com\/wp-content\/uploads\/Add.png?resize=350%2C200&ssl=1","width":350,"height":200},"classes":[]},{"id":224,"url":"https:\/\/gs-cms.com\/?page_id=224","url_meta":{"origin":1354,"position":2},"title":"Erster Start","author":"Patrick Schimmel","date":"Freitag, 6. Dezember 2013","format":false,"excerpt":"Starten von CMS Nachdem die Software installiert wurde und die Servereinstellungen get\u00e4tigt und die Datenbank erstellt wurde, kann CMS zum ersten Mal gestartet werden. Je nach Auswahl in der Installationsroutine wurde eine Verkn\u00fcpfung im Startmen\u00fc und\/oder auf dem Desktop erstellt, mit welcher die Software gestartet werden kann. Beim Erstellen der\u2026","rel":"","context":"In \"Programmstart\"","block_context":{"text":"Programmstart","link":"https:\/\/gs-cms.com\/?tag=programmstart"},"img":{"alt_text":"Login","src":"https:\/\/i0.wp.com\/gs-cms.com\/wp-content\/uploads\/Login-300x192.jpg?resize=350%2C200&ssl=1","width":350,"height":200},"classes":[]},{"id":168,"url":"https:\/\/gs-cms.com\/?page_id=168","url_meta":{"origin":1354,"position":3},"title":"Adressverwaltung","author":"Patrick Schimmel","date":"Mittwoch, 4. Dezember 2013","format":false,"excerpt":"In der Adressverwaltung werden die Firmenkontakte und die Mitarbeiter der Firmen mit allen Details eingegeben. Firmenkontakt anlegen Firmenkontakt bearbeiten Firmenkontakt l\u00f6schen Mitarbeiter bearbeiten Firmenhierarchie ansehen Firmenzertifikate bearbeiten Mitarbeiter finden","rel":"","context":"In \"Adressen\"","block_context":{"text":"Adressen","link":"https:\/\/gs-cms.com\/?tag=adressen"},"img":{"alt_text":"Adressverwaltung","src":"https:\/\/i0.wp.com\/gs-cms.com\/wp-content\/uploads\/Adressverwaltung-1024x622.png?resize=350%2C200&ssl=1","width":350,"height":200,"srcset":"https:\/\/i0.wp.com\/gs-cms.com\/wp-content\/uploads\/Adressverwaltung-1024x622.png?resize=350%2C200&ssl=1 1x, https:\/\/i0.wp.com\/gs-cms.com\/wp-content\/uploads\/Adressverwaltung-1024x622.png?resize=525%2C300&ssl=1 1.5x, https:\/\/i0.wp.com\/gs-cms.com\/wp-content\/uploads\/Adressverwaltung-1024x622.png?resize=700%2C400&ssl=1 2x"},"classes":[]},{"id":295,"url":"https:\/\/gs-cms.com\/?page_id=295","url_meta":{"origin":1354,"position":4},"title":"Rollen","author":"Patrick Schimmel","date":"Dienstag, 10. Dezember 2013","format":false,"excerpt":"Durch einen Mausklick auf den Button in der Toolbar wird ein Fenster ge\u00f6ffnet, in dem den verschiedenen Rollen Rechte zugeordnet werden k\u00f6nnen. Die zuordenbaren Rechte unterscheiden sich je nachdem, welche art der Rollen ausgew\u00e4hlt sind. Allgemeine Rollen sind die Rollen, die der Benutzer in den allgemeinen Modulen erh\u00e4lt. Projektrollen sind\u2026","rel":"","context":"In \"Admin\"","block_context":{"text":"Admin","link":"https:\/\/gs-cms.com\/?tag=admin"},"img":{"alt_text":"","src":"https:\/\/i0.wp.com\/gs-cms.com\/wp-content\/uploads\/Benutzerverwaltung-Rollen.jpg?resize=350%2C200&ssl=1","width":350,"height":200,"srcset":"https:\/\/i0.wp.com\/gs-cms.com\/wp-content\/uploads\/Benutzerverwaltung-Rollen.jpg?resize=350%2C200&ssl=1 1x, https:\/\/i0.wp.com\/gs-cms.com\/wp-content\/uploads\/Benutzerverwaltung-Rollen.jpg?resize=525%2C300&ssl=1 1.5x"},"classes":[]},{"id":276,"url":"https:\/\/gs-cms.com\/?page_id=276","url_meta":{"origin":1354,"position":5},"title":"Benutzerverwaltung","author":"Patrick Schimmel","date":"Dienstag, 10. Dezember 2013","format":false,"excerpt":"In der Benutzerverwaltung werden die Benutzer des Programms und deren Rechte verwaltet. Die Benutzerverwaltung ist rollenbasierend, d.h. jeder Benutzer kann mehrere Rollen mit verschiedenen Rechten besitzen.","rel":"","context":"In \"Admin\"","block_context":{"text":"Admin","link":"https:\/\/gs-cms.com\/?tag=admin"},"img":{"alt_text":"Benutzerverwaltung","src":"https:\/\/i0.wp.com\/gs-cms.com\/wp-content\/uploads\/Benutzerverwaltung-1024x700.jpg?resize=350%2C200&ssl=1","width":350,"height":200,"srcset":"https:\/\/i0.wp.com\/gs-cms.com\/wp-content\/uploads\/Benutzerverwaltung-1024x700.jpg?resize=350%2C200&ssl=1 1x, https:\/\/i0.wp.com\/gs-cms.com\/wp-content\/uploads\/Benutzerverwaltung-1024x700.jpg?resize=525%2C300&ssl=1 1.5x, https:\/\/i0.wp.com\/gs-cms.com\/wp-content\/uploads\/Benutzerverwaltung-1024x700.jpg?resize=700%2C400&ssl=1 2x"},"classes":[]}],"_links":{"self":[{"href":"https:\/\/gs-cms.com\/index.php?rest_route=\/wp\/v2\/pages\/1354","targetHints":{"allow":["GET"]}}],"collection":[{"href":"https:\/\/gs-cms.com\/index.php?rest_route=\/wp\/v2\/pages"}],"about":[{"href":"https:\/\/gs-cms.com\/index.php?rest_route=\/wp\/v2\/types\/page"}],"author":[{"embeddable":true,"href":"https:\/\/gs-cms.com\/index.php?rest_route=\/wp\/v2\/users\/11"}],"replies":[{"embeddable":true,"href":"https:\/\/gs-cms.com\/index.php?rest_route=%2Fwp%2Fv2%2Fcomments&post=1354"}],"version-history":[{"count":0,"href":"https:\/\/gs-cms.com\/index.php?rest_route=\/wp\/v2\/pages\/1354\/revisions"}],"up":[{"embeddable":true,"href":"https:\/\/gs-cms.com\/index.php?rest_route=\/wp\/v2\/pages\/276"}],"wp:attachment":[{"href":"https:\/\/gs-cms.com\/index.php?rest_route=%2Fwp%2Fv2%2Fmedia&parent=1354"}],"curies":[{"name":"wp","href":"https:\/\/api.w.org\/{rel}","templated":true}]}}