
{"id":1333,"date":"2014-05-27T21:40:13","date_gmt":"2014-05-27T19:40:13","guid":{"rendered":"http:\/\/gs-cms.com\/?page_id=1333"},"modified":"2016-01-28T00:15:53","modified_gmt":"2016-01-27T23:15:53","slug":"weitere-tools","status":"publish","type":"page","link":"https:\/\/gs-cms.com\/?page_id=1333","title":{"rendered":"Weitere Tools"},"content":{"rendered":"<p>In diesem Abschnitt befinden sich weitere Tools, die zum Funktionsumfang von CMS geh\u00f6ren.<\/p>\n","protected":false},"excerpt":{"rendered":"<p>In diesem Abschnitt befinden sich weitere Tools, die zum Funktionsumfang von CMS geh\u00f6ren.<\/p>\n","protected":false},"author":11,"featured_media":0,"parent":57,"menu_order":6,"comment_status":"closed","ping_status":"closed","template":"helppage.php","meta":{"_bbp_topic_count":0,"_bbp_reply_count":0,"_bbp_total_topic_count":0,"_bbp_total_reply_count":0,"_bbp_voice_count":0,"_bbp_anonymous_reply_count":0,"_bbp_topic_count_hidden":0,"_bbp_reply_count_hidden":0,"_bbp_forum_subforum_count":0,"jetpack_post_was_ever_published":false,"footnotes":""},"class_list":["post-1333","page","type-page","status-publish","hentry"],"aioseo_notices":[],"jetpack_sharing_enabled":true,"jetpack-related-posts":[{"id":57,"url":"https:\/\/gs-cms.com\/?page_id=57","url_meta":{"origin":1333,"position":0},"title":"CMS-Hilfe","author":"Patrick Schimmel","date":"Dienstag, 19. November 2013","format":false,"excerpt":"Diese Dokumentation ist die Online-Hilfe zum Construction Management System. Erste Schritte Allgemeines Allgemeine Module Projektbezogene Module Admin-Module Pers\u00f6nliche Module Weitere Tools","rel":"","context":"\u00c4hnlicher Beitrag","block_context":{"text":"\u00c4hnlicher Beitrag","link":""},"img":{"alt_text":"","src":"","width":0,"height":0},"classes":[]},{"id":1328,"url":"https:\/\/gs-cms.com\/?page_id=1328","url_meta":{"origin":1333,"position":1},"title":"RIB Connector","author":"Patrick Schimmel","date":"Dienstag, 27. Mai 2014","format":false,"excerpt":"Mit dem RIB-Connector k\u00f6nnen Daten aus der CMS Adressverwaltung direkt in RIB iTWO verwendet werden. Hierzu m\u00fcssen Sie\u00a0im\u00a0RIB\u00a0iTWO\u00a0Adressfenster mit der rechten Maustaste auf eine Kategorie klicken\u00a0und \"Import\u2026\" w\u00e4hlen. Im folgenden Fenster muss das Construction Management System als Import-Filter verwendet werden. Nach einer Weile wird die CMS Adressverwaltung ge\u00f6ffnet und es\u2026","rel":"","context":"In \"RIB\"","block_context":{"text":"RIB","link":"https:\/\/gs-cms.com\/?tag=rib"},"img":{"alt_text":"","src":"https:\/\/i0.wp.com\/gs-cms.com\/wp-content\/uploads\/RIB-Import.png?resize=350%2C200&ssl=1","width":350,"height":200,"srcset":"https:\/\/i0.wp.com\/gs-cms.com\/wp-content\/uploads\/RIB-Import.png?resize=350%2C200&ssl=1 1x, https:\/\/i0.wp.com\/gs-cms.com\/wp-content\/uploads\/RIB-Import.png?resize=525%2C300&ssl=1 1.5x"},"classes":[]},{"id":1258,"url":"https:\/\/gs-cms.com\/?page_id=1258","url_meta":{"origin":1333,"position":2},"title":"Erweiterte Konfiguration","author":"Patrick Schimmel","date":"Mittwoch, 14. Mai 2014","format":false,"excerpt":"Grundlegende Funktionen zum Erstellen der Datenbank und dem Benutzen des Config-Tools wurden bereits hier erl\u00e4utert. In diesem Abschnitt werden die erweiterten Funktionen kurz erkl\u00e4rt. Anlegen einer neuen Datenbankverbindung Mit dem Plus-Symbol wird eine neue Verbindung angelegt. Sie k\u00f6nnen beliebig viele Verbindungen anlegen, jeder Client-Rechner kann somit \u00fcber mehrere Verbindungen verf\u00fcgen.\u2026","rel":"","context":"In \"Admin\"","block_context":{"text":"Admin","link":"https:\/\/gs-cms.com\/?tag=admin"},"img":{"alt_text":"Config-Tool","src":"https:\/\/i0.wp.com\/gs-cms.com\/wp-content\/uploads\/Config-Tool-300x245.jpg?resize=350%2C200&ssl=1","width":350,"height":200},"classes":[]},{"id":1623,"url":"https:\/\/gs-cms.com\/?page_id=1623","url_meta":{"origin":1333,"position":3},"title":"Services","author":"Patrick Schimmel","date":"Donnerstag, 9. Oktober 2014","format":false,"excerpt":"Unser T\u00e4tigkeitsbereich umfasst die Entwicklung und den Vertrieb des Construction Management Systems, einer umfangreichen Software zur vertragssicheren Dokumentation und Verwaltung von Bauprojekten. In diesem Zusammenhang bieten wir auch kundenspezifische Leistungen, wie den Import von Adressen oder das Erstellen von benutzerdefinierten Berichten. Des Weiteren entwickeln wir Individualsoftware, Web-Apps und\u00a0Websites f\u00fcr den\u2026","rel":"","context":"\u00c4hnlicher Beitrag","block_context":{"text":"\u00c4hnlicher Beitrag","link":""},"img":{"alt_text":"","src":"","width":0,"height":0},"classes":[]},{"id":1509,"url":"https:\/\/gs-cms.com\/?page_id=1509","url_meta":{"origin":1333,"position":4},"title":"Downloads","author":"Patrick Schimmel","date":"Samstag, 5. Juli 2014","format":false,"excerpt":"Auf dieser Seite finden Sie die Download-Links der aktuellen Version des Construction Management Systems,\u00a0optionaler Komponenten und weitere Informationen zum herunterladen. Bitte beachten Sie, dass die Setups und Programmdateien nicht digital signiert sind. Je nach Einstellung Ihres Betriebssystems und ihres Browsers kann dies beim Herunterladen oder bei der Installation der Software\u2026","rel":"","context":"\u00c4hnlicher Beitrag","block_context":{"text":"\u00c4hnlicher Beitrag","link":""},"img":{"alt_text":"","src":"https:\/\/i0.wp.com\/gs-cms.com\/wp-content\/uploads\/7_128x128.png?resize=350%2C200&ssl=1","width":350,"height":200},"classes":[]},{"id":1282,"url":"https:\/\/gs-cms.com\/?page_id=1282","url_meta":{"origin":1333,"position":5},"title":"Berichte bearbeiten","author":"Patrick Schimmel","date":"Montag, 19. Mai 2014","format":false,"excerpt":"Berichtsdaten bearbeiten Mit einem Doppelklick auf einen Eintrag im Berichtsfenster werden grundlegende Einstellungen eines Berichts bearbeitet. Hier kann dem Bericht ein Name und eine Beschreibung vergeben werden. Beides wird im Berichtsauswahlfenster des jeweiligen Moduls angezeigt. Die Einstellung bei \"Daten\" regelt den Datentyp des Berichts, also welche Daten das Programm an\u2026","rel":"","context":"In \"Berichte\"","block_context":{"text":"Berichte","link":"https:\/\/gs-cms.com\/?tag=berichte"},"img":{"alt_text":"","src":"https:\/\/i0.wp.com\/gs-cms.com\/wp-content\/uploads\/Bericht.jpg?resize=350%2C200&ssl=1","width":350,"height":200,"srcset":"https:\/\/i0.wp.com\/gs-cms.com\/wp-content\/uploads\/Bericht.jpg?resize=350%2C200&ssl=1 1x, https:\/\/i0.wp.com\/gs-cms.com\/wp-content\/uploads\/Bericht.jpg?resize=525%2C300&ssl=1 1.5x, https:\/\/i0.wp.com\/gs-cms.com\/wp-content\/uploads\/Bericht.jpg?resize=700%2C400&ssl=1 2x"},"classes":[]}],"_links":{"self":[{"href":"https:\/\/gs-cms.com\/index.php?rest_route=\/wp\/v2\/pages\/1333","targetHints":{"allow":["GET"]}}],"collection":[{"href":"https:\/\/gs-cms.com\/index.php?rest_route=\/wp\/v2\/pages"}],"about":[{"href":"https:\/\/gs-cms.com\/index.php?rest_route=\/wp\/v2\/types\/page"}],"author":[{"embeddable":true,"href":"https:\/\/gs-cms.com\/index.php?rest_route=\/wp\/v2\/users\/11"}],"replies":[{"embeddable":true,"href":"https:\/\/gs-cms.com\/index.php?rest_route=%2Fwp%2Fv2%2Fcomments&post=1333"}],"version-history":[{"count":0,"href":"https:\/\/gs-cms.com\/index.php?rest_route=\/wp\/v2\/pages\/1333\/revisions"}],"up":[{"embeddable":true,"href":"https:\/\/gs-cms.com\/index.php?rest_route=\/wp\/v2\/pages\/57"}],"wp:attachment":[{"href":"https:\/\/gs-cms.com\/index.php?rest_route=%2Fwp%2Fv2%2Fmedia&parent=1333"}],"curies":[{"name":"wp","href":"https:\/\/api.w.org\/{rel}","templated":true}]}}